{"id":25864666,"date":"2026-03-02T15:03:29","date_gmt":"2026-03-02T14:03:29","guid":{"rendered":"https:\/\/ack3.eu\/productos\/gestion-de-evacuacion-de-emergencia\/"},"modified":"2026-03-04T08:48:37","modified_gmt":"2026-03-04T07:48:37","slug":"gestion-de-evacuacion-de-emergencia","status":"publish","type":"page","link":"https:\/\/ack3.eu\/es\/productos\/gestion-de-evacuacion-de-emergencia\/","title":{"rendered":"Gesti\u00f3n de evacuaci\u00f3n de emergencia"},"content":{"rendered":"<p>[et_pb_section fb_built=\u00bb1&#8243; _builder_version=\u00bb4.24.0&#8243; _module_preset=\u00bbdefault\u00bb background_color=\u00bb#000000&#8243; background_pattern_repeat_origin=\u00bbcenter\u00bb custom_padding=\u00bb13px||13px||true|false\u00bb saved_tabs=\u00bball\u00bb locked=\u00bboff\u00bb global_colors_info=\u00bb{}\u00bb][et_pb_row _builder_version=\u00bb4.24.0&#8243; _module_preset=\u00bb32edda46-f9f8-4bcc-acb6-81abff8182ae\u00bb custom_margin=\u00bb||0px||false|false\u00bb custom_padding=\u00bb4px||4px||true|false\u00bb global_colors_info=\u00bb{}\u00bb][et_pb_column type=\u00bb4_4&#8243; _builder_version=\u00bb4.20.4&#8243; _module_preset=\u00bbdefault\u00bb global_colors_info=\u00bb{}\u00bb][dipi_breadcrumbs bc_home_text=\u00bbHome\u00bb bc_home_url=\u00bb\/\u00bb bc_items_alignment=\u00bbdipi-bc-left\u00bb bc_item_padding=\u00bb|10px||10px|false|true\u00bb bc_active_item_padding=\u00bb|20px||10px|true|false\u00bb _builder_version=\u00bb4.24.0&#8243; _module_preset=\u00bbdefault\u00bb active_text_color=\u00bb#BADFF7&#8243; global_colors_info=\u00bb{}\u00bb][\/dipi_breadcrumbs][\/et_pb_column][\/et_pb_row][\/et_pb_section][et_pb_section fb_built=\u00bb1&#8243; _builder_version=\u00bb4.24.0&#8243; _module_preset=\u00bbdefault\u00bb locked=\u00bboff\u00bb global_colors_info=\u00bb{}\u00bb][et_pb_row _builder_version=\u00bb4.24.0&#8243; _module_preset=\u00bbdefault\u00bb locked=\u00bboff\u00bb global_colors_info=\u00bb{}\u00bb][et_pb_column type=\u00bb4_4&#8243; _builder_version=\u00bb4.24.0&#8243; _module_preset=\u00bbdefault\u00bb global_colors_info=\u00bb{}\u00bb][et_pb_text _builder_version=\u00bb4.27.6&#8243; _module_preset=\u00bb13ddcc34-f131-47ca-8026-edc37a2f8af8&#8243; global_colors_info=\u00bb{}\u00bb]<\/p>\n<h1 style=\"text-align: center;\">Gesti\u00f3n de evacuaci\u00f3n de emergencia<\/h1>\n<h4 style=\"text-align: center;\">Planificaci\u00f3n estructurada de evacuaci\u00f3n y movilidad coordinada bajo condiciones de crisis<\/h4>\n<p data-start=\"526\" data-end=\"732\" style=\"text-align: center;\">Cuando las situaciones de crisis interrumpen las rutas normales de transporte, ACK3 ofrece planificaci\u00f3n y ejecuci\u00f3n controlada de evacuaciones. Coordinamos la movilidad terrestre, la reubicaci\u00f3n transfronteriza y las soluciones de viaje posterior para garantizar un movimiento seguro y estructurado del personal corporativo, ejecutivos y familias que operan en entornos vol\u00e1tiles. <\/p>\n<p>[\/et_pb_text][\/et_pb_column][\/et_pb_row][et_pb_row column_structure=\u00bb1_2,1_2&#8243; module_class=\u00bbagf-vertical-align\u00bb _builder_version=\u00bb4.24.0&#8243; _module_preset=\u00bbdefault\u00bb custom_padding=\u00bb||||false|false\u00bb global_colors_info=\u00bb{}\u00bb][et_pb_column type=\u00bb1_2&#8243; _builder_version=\u00bb4.24.0&#8243; _module_preset=\u00bbdefault\u00bb global_colors_info=\u00bb{}\u00bb][et_pb_text _builder_version=\u00bb4.27.6&#8243; _module_preset=\u00bbdefault\u00bb background_color=\u00bb#F6FAFD\u00bb custom_padding=\u00bb30px|30px|30px|30px|true|true\u00bb border_radii=\u00bbon|3px|3px|3px|3px\u00bb box_shadow_style=\u00bbpreset4&#8243; box_shadow_horizontal=\u00bb7px\u00bb box_shadow_vertical=\u00bb7px\u00bb box_shadow_color=\u00bb#BADFF7&#8243; global_colors_info=\u00bb{}\u00bb]<\/p>\n<h2>\u00bfQu\u00e9 es la gesti\u00f3n de evacuaci\u00f3n de emergencia?<\/h2>\n<p data-start=\"0\" data-end=\"450\">La gesti\u00f3n de evacuaci\u00f3n de emergencia de ACK3 es un servicio estructurado que planifica, coordina y ejecuta la reubicaci\u00f3n segura de personas o personal corporativo durante situaciones de crisis. Integra la evaluaci\u00f3n de riesgos en tiempo real, el an\u00e1lisis de rutas, la movilidad terrestre transfronteriza, la monitorizaci\u00f3n del espacio a\u00e9reo y la coordinaci\u00f3n de aviaci\u00f3n para garantizar un movimiento controlado cuando las rutas de transporte normales se ven interrumpidas. El servicio combina la planificaci\u00f3n estrat\u00e9gica con la ejecuci\u00f3n operativa, proporcionando continuidad, seguridad y soporte para la toma de decisiones en condiciones sensibles al tiempo y vol\u00e1tiles.  <\/p>\n<p>[\/et_pb_text][\/et_pb_column][et_pb_column type=\u00bb1_2&#8243; _builder_version=\u00bb4.24.0&#8243; _module_preset=\u00bbdefault\u00bb global_colors_info=\u00bb{}\u00bb][et_pb_image src=\u00bbhttps:\/\/ack3.eu\/wp-content\/uploads\/2026\/03\/Emergency-Evacuation-Management.jpg\u00bb title_text=\u00bbGestion-Evacuacion-Emergencia\u00bb _builder_version=\u00bb4.27.6&#8243; _module_preset=\u00bbdefault\u00bb global_colors_info=\u00bb{}\u00bb][\/et_pb_image][\/et_pb_column][\/et_pb_row][et_pb_row column_structure=\u00bb1_2,1_2&#8243; _builder_version=\u00bb4.24.0&#8243; _module_preset=\u00bbdefault\u00bb global_colors_info=\u00bb{}\u00bb][et_pb_column type=\u00bb1_2&#8243; _builder_version=\u00bb4.24.0&#8243; _module_preset=\u00bbdefault\u00bb global_colors_info=\u00bb{}\u00bb][et_pb_image src=\u00bbhttps:\/\/ack3.eu\/wp-content\/uploads\/2025\/10\/ACK3-SOC-Madrid.jpg\u00bb title_text=\u00bbACK3-SOC-Madrid\u00bb _builder_version=\u00bb4.27.6&#8243; _module_preset=\u00bbdefault\u00bb global_colors_info=\u00bb{}\u00bb][\/et_pb_image][et_pb_text _builder_version=\u00bb4.27.6&#8243; _module_preset=\u00bbdefault\u00bb custom_margin=\u00bb-27px|||||\u00bb global_colors_info=\u00bb{}\u00bb]<\/p>\n<pre>Monitoreo 24\/7 del SOC de ACK3<\/pre>\n<p>[\/et_pb_text][\/et_pb_column][et_pb_column type=\u00bb1_2&#8243; _builder_version=\u00bb4.24.0&#8243; _module_preset=\u00bbdefault\u00bb global_colors_info=\u00bb{}\u00bb][et_pb_divider show_divider=\u00bboff\u00bb _builder_version=\u00bb4.27.6&#8243; _module_preset=\u00bbdefault\u00bb global_colors_info=\u00bb{}\u00bb][\/et_pb_divider][et_pb_text _builder_version=\u00bb4.27.6&#8243; _module_preset=\u00bbdefault\u00bb global_colors_info=\u00bb{}\u00bb]<\/p>\n<h3 data-start=\"700\" data-end=\"730\">Qu\u00e9 cubre este servicio<\/h3>\n<p data-start=\"732\" data-end=\"840\">La gesti\u00f3n de evacuaci\u00f3n de emergencia respalda la reubicaci\u00f3n estructurada bajo condiciones de r\u00e1pida evoluci\u00f3n, incluyendo:<\/p>\n<ul>\n<li data-start=\"844\" data-end=\"871\">Reubicaci\u00f3n por crisis<\/li>\n<li data-start=\"874\" data-end=\"903\">Escenarios de interrupci\u00f3n del espacio a\u00e9reo<\/li>\n<li data-start=\"906\" data-end=\"934\">Traslado terrestre transfronterizo<\/li>\n<li data-start=\"937\" data-end=\"978\">Coordinaci\u00f3n de aviaci\u00f3n y soporte de vuelos ch\u00e1rter<\/li>\n<li data-start=\"981\" data-end=\"1012\">Evacuaci\u00f3n de ejecutivos y familias<\/li>\n<li data-start=\"1015\" data-end=\"1058\">Extracci\u00f3n y reubicaci\u00f3n de personal corporativo<\/li>\n<\/ul>\n<p data-start=\"1060\" data-end=\"1208\">Este servicio integra planificaci\u00f3n, coordinaci\u00f3n y ejecuci\u00f3n para garantizar la continuidad cuando las opciones de viaje convencionales se vuelven poco fiables o no est\u00e1n disponibles.<\/p>\n<p>[\/et_pb_text][\/et_pb_column][\/et_pb_row][et_pb_row column_structure=\u00bb1_2,1_2&#8243; _builder_version=\u00bb4.27.6&#8243; _module_preset=\u00bbdefault\u00bb global_colors_info=\u00bb{}\u00bb][et_pb_column type=\u00bb1_2&#8243; _builder_version=\u00bb4.27.6&#8243; _module_preset=\u00bbdefault\u00bb global_colors_info=\u00bb{}\u00bb][et_pb_text _builder_version=\u00bb4.27.6&#8243; _module_preset=\u00bbdefault\u00bb global_colors_info=\u00bb{}\u00bb]<\/p>\n<h3 data-start=\"3017\" data-end=\"3047\">Servicios complementarios opcionales<\/h3>\n<p data-start=\"3049\" data-end=\"3108\">Para garantizar la continuidad total, los servicios adicionales pueden incluir:<\/p>\n<ul>\n<li data-start=\"3112\" data-end=\"3138\"><strong>Coordinaci\u00f3n de jets privados<\/strong><\/li>\n<li data-start=\"3141\" data-end=\"3180\"><strong>Rutas alternativas de vuelos comerciales<\/strong><\/li>\n<li data-start=\"3183\" data-end=\"3216\"><strong>Gesti\u00f3n de alojamiento seguro<\/strong><\/li>\n<li data-start=\"3219\" data-end=\"3247\"><strong>Asistencia con visas y fronteras<\/strong><\/li>\n<li data-start=\"3250\" data-end=\"3271\"><strong>Monitoreo 24\/7 del SOC<\/strong><\/li>\n<li data-start=\"3274\" data-end=\"3317\"><strong>Actualizaciones estrat\u00e9gicas para la direcci\u00f3n corporativa<\/strong><\/li>\n<\/ul>\n<p data-start=\"3319\" data-end=\"3393\">Estos servicios mejoran el control y la flexibilidad durante evacuaciones complejas.<\/p>\n<p>[\/et_pb_text][\/et_pb_column][et_pb_column type=\u00bb1_2&#8243; _builder_version=\u00bb4.27.6&#8243; _module_preset=\u00bbdefault\u00bb global_colors_info=\u00bb{}\u00bb][et_pb_image src=\u00bbhttps:\/\/ack3.eu\/wp-content\/uploads\/2026\/03\/Emergency-Evacuation-Management-VIP.jpg\u00bb title_text=\u00bbGesti\u00f3n-evacuaci\u00f3n-emergencia-VIP\u00bb _builder_version=\u00bb4.27.6&#8243; _module_preset=\u00bbdefault\u00bb global_colors_info=\u00bb{}\u00bb][\/et_pb_image][\/et_pb_column][\/et_pb_row][et_pb_row _builder_version=\u00bb4.27.6&#8243; _module_preset=\u00bbdefault\u00bb custom_padding=\u00bb||0px|||\u00bb global_colors_info=\u00bb{}\u00bb][et_pb_column type=\u00bb4_4&#8243; _builder_version=\u00bb4.27.6&#8243; _module_preset=\u00bbdefault\u00bb global_colors_info=\u00bb{}\u00bb][et_pb_text _builder_version=\u00bb4.27.6&#8243; _module_preset=\u00bbdefault\u00bb global_colors_info=\u00bb{}\u00bb]<\/p>\n<h2 style=\"text-align: left;\"><strong>C\u00f3mo funciona<\/strong><\/h2>\n<p>[\/et_pb_text][\/et_pb_column][\/et_pb_row][et_pb_row column_structure=\u00bb1_3,1_3,1_3&#8243; _builder_version=\u00bb4.27.6&#8243; _module_preset=\u00bbdefault\u00bb global_colors_info=\u00bb{}\u00bb][et_pb_column type=\u00bb1_3&#8243; _builder_version=\u00bb4.27.6&#8243; _module_preset=\u00bbdefault\u00bb global_colors_info=\u00bb{}\u00bb][et_pb_text _builder_version=\u00bb4.27.6&#8243; _module_preset=\u00bbdefault\u00bb global_colors_info=\u00bb{}\u00bb]<\/p>\n<h4 data-start=\"1235\" data-end=\"1282\">Paso 1. Evaluaci\u00f3n de riesgos y dise\u00f1o de evacuaci\u00f3n <\/h4>\n<p data-start=\"1284\" data-end=\"1332\">Cada operaci\u00f3n comienza con una planificaci\u00f3n estructurada:<\/p>\n<ul>\n<li data-start=\"1336\" data-end=\"1368\">An\u00e1lisis situacional en tiempo real<\/li>\n<li data-start=\"1371\" data-end=\"1412\">Evaluaci\u00f3n de viabilidad de rutas y fronteras<\/li>\n<li data-start=\"1415\" data-end=\"1461\">Revisi\u00f3n del espacio a\u00e9reo (incluyendo monitoreo de NOTAM)<\/li>\n<li data-start=\"1464\" data-end=\"1513\">Desarrollo del plan operativo con contingencias<\/li>\n<\/ul>\n<p>Se establece un plan de evacuaci\u00f3n definido antes del despliegue.<\/p>\n<p>[\/et_pb_text][\/et_pb_column][et_pb_column type=\u00bb1_3&#8243; _builder_version=\u00bb4.27.6&#8243; _module_preset=\u00bbdefault\u00bb global_colors_info=\u00bb{}\u00bb][et_pb_text _builder_version=\u00bb4.27.6&#8243; _module_preset=\u00bbdefault\u00bb global_colors_info=\u00bb{}\u00bb]<\/p>\n<h4 data-start=\"1235\" data-end=\"1282\">Paso 2. Despliegue de movilidad <\/h4>\n<p data-start=\"1614\" data-end=\"1665\">Una vez activado, se coordina la movilidad controlada:<\/p>\n<ul>\n<li data-start=\"1669\" data-end=\"1698\">Activaci\u00f3n del transporte terrestre<\/li>\n<li data-start=\"1701\" data-end=\"1728\">Coordinaci\u00f3n transfronteriza<\/li>\n<li data-start=\"1731\" data-end=\"1773\">Movimiento seguro hacia los puntos de salida designados<\/li>\n<li data-start=\"1776\" data-end=\"1816\">Monitoreo y comunicaci\u00f3n en tiempo real<\/li>\n<\/ul>\n<p data-start=\"1818\" data-end=\"1872\">Todos los movimientos se gestionan bajo supervisi\u00f3n operativa.<\/p>\n<p>[\/et_pb_text][\/et_pb_column][et_pb_column type=\u00bb1_3&#8243; _builder_version=\u00bb4.27.6&#8243; _module_preset=\u00bbdefault\u00bb global_colors_info=\u00bb{}\u00bb][et_pb_text _builder_version=\u00bb4.27.6&#8243; _module_preset=\u00bbdefault\u00bb global_colors_info=\u00bb{}\u00bb]<\/p>\n<h4 data-start=\"1235\" data-end=\"1282\">Paso 3. Continuidad del viaje <\/h4>\n<p data-start=\"1910\" data-end=\"1963\">La evacuaci\u00f3n no termina en la frontera. Coordinamos: <\/p>\n<ul>\n<li data-start=\"1967\" data-end=\"2005\">Traslado aeroportuario a centros operativos<\/li>\n<li data-start=\"2008\" data-end=\"2051\">Alternativas de vuelos ch\u00e1rter o comerciales<\/li>\n<li data-start=\"2054\" data-end=\"2091\">Alojamiento seguro cuando sea necesario<\/li>\n<li data-start=\"2094\" data-end=\"2136\">Actualizaciones de asesor\u00eda continuas para la sede corporativa<\/li>\n<\/ul>\n<p data-start=\"2138\" data-end=\"2195\">El objetivo es la llegada segura y la continuidad operativa.<\/p>\n<p>[\/et_pb_text][\/et_pb_column][\/et_pb_row][et_pb_row column_structure=\u00bb1_2,1_2&#8243; _builder_version=\u00bb4.27.6&#8243; _module_preset=\u00bbdefault\u00bb global_colors_info=\u00bb{}\u00bb][et_pb_column type=\u00bb1_2&#8243; _builder_version=\u00bb4.27.6&#8243; _module_preset=\u00bbdefault\u00bb global_colors_info=\u00bb{}\u00bb][et_pb_image src=\u00bbhttps:\/\/ack3.eu\/wp-content\/uploads\/2026\/03\/Strategic-Risk-Decision-Advisory.jpg\u00bb title_text=\u00bbRiesgo-Estrategico-&#038;-Asesoria-Toma-Decisiones\u00bb _builder_version=\u00bb4.27.6&#8243; _module_preset=\u00bbdefault\u00bb global_colors_info=\u00bb{}\u00bb][\/et_pb_image][\/et_pb_column][et_pb_column type=\u00bb1_2&#8243; _builder_version=\u00bb4.27.6&#8243; _module_preset=\u00bbdefault\u00bb global_colors_info=\u00bb{}\u00bb][et_pb_divider show_divider=\u00bboff\u00bb _builder_version=\u00bb4.27.6&#8243; _module_preset=\u00bbdefault\u00bb global_colors_info=\u00bb{}\u00bb][\/et_pb_divider][et_pb_text _builder_version=\u00bb4.27.6&#8243; _module_preset=\u00bbdefault\u00bb global_colors_info=\u00bb{}\u00bb]<\/p>\n<h3 data-start=\"3400\" data-end=\"3414\">\u00bfPor qu\u00e9 ACK3?<\/h3>\n<p data-start=\"3416\" data-end=\"3493\">ACK3 opera como una capa de coordinaci\u00f3n y control, no como proveedor de transporte.<\/p>\n<ul>\n<li data-start=\"3497\" data-end=\"3542\">Metodolog\u00eda estructurada de planificaci\u00f3n operativa<\/li>\n<li data-start=\"3545\" data-end=\"3581\">Integraci\u00f3n de inteligencia en tiempo real<\/li>\n<li data-start=\"3584\" data-end=\"3620\">Experiencia en viabilidad transfronteriza<\/li>\n<li data-start=\"3623\" data-end=\"3663\">Redes de proveedores regionales establecidas<\/li>\n<li data-start=\"3666\" data-end=\"3731\">Escalable desde la reubicaci\u00f3n individual hasta los movimientos de equipos corporativos<\/li>\n<li data-start=\"3734\" data-end=\"3787\">Coordinaci\u00f3n a nivel consultivo bajo condiciones de crisis<\/li>\n<\/ul>\n<p data-start=\"3789\" data-end=\"3857\">Combinamos estrategia y ejecuci\u00f3n en entornos sensibles al tiempo.<\/p>\n<p>[\/et_pb_text][\/et_pb_column][\/et_pb_row][et_pb_row _builder_version=\u00bb4.27.6&#8243; _module_preset=\u00bbdefault\u00bb background_color=\u00bb#EBEFF3&#8243; custom_padding=\u00bb||0px|||\u00bb global_colors_info=\u00bb{}\u00bb][et_pb_column type=\u00bb4_4&#8243; _builder_version=\u00bb4.27.6&#8243; _module_preset=\u00bbdefault\u00bb global_colors_info=\u00bb{}\u00bb][et_pb_text _builder_version=\u00bb4.27.6&#8243; _module_preset=\u00bbdefault\u00bb global_colors_info=\u00bb{}\u00bb]<\/p>\n<h2 style=\"text-align: center;\">Segmentos del servicio<\/h2>\n<p>[\/et_pb_text][\/et_pb_column][\/et_pb_row][et_pb_row column_structure=\u00bb1_2,1_2&#8243; _builder_version=\u00bb4.27.6&#8243; _module_preset=\u00bbdefault\u00bb background_color=\u00bb#EBEFF3&#8243; global_colors_info=\u00bb{}\u00bb][et_pb_column type=\u00bb1_2&#8243; _builder_version=\u00bb4.27.6&#8243; _module_preset=\u00bbdefault\u00bb global_colors_info=\u00bb{}\u00bb][et_pb_icon font_icon=\u00bb&#xf0b1;||fa||900&#8243; align=\u00bbleft\u00bb _builder_version=\u00bb4.27.6&#8243; _module_preset=\u00bbdefault\u00bb global_colors_info=\u00bb{}\u00bb][\/et_pb_icon][et_pb_text _builder_version=\u00bb4.27.6&#8243; _module_preset=\u00bbdefault\u00bb global_colors_info=\u00bb{}\u00bb]<\/p>\n<h4 data-start=\"2226\" data-end=\"2250\">A. Movilidad corporativa<\/h4>\n<p data-start=\"2252\" data-end=\"2265\">Dise\u00f1ado para:<\/p>\n<ul>\n<li data-start=\"2269\" data-end=\"2280\"><strong>Ingenieros.<\/strong><\/li>\n<li data-start=\"2283\" data-end=\"2300\"><strong>Personal t\u00e9cnico.<\/strong><\/li>\n<li data-start=\"2303\" data-end=\"2321\"><strong>Gerentes de proyecto.<\/strong><\/li>\n<li data-start=\"2324\" data-end=\"2345\"><strong>Personal corporativo.<\/strong><\/li>\n<\/ul>\n<p data-start=\"2347\" data-end=\"2356\">Incluye:<\/p>\n<ul>\n<li data-start=\"2360\" data-end=\"2392\"><strong>Veh\u00edculos profesionales est\u00e1ndar.<\/strong><\/li>\n<li data-start=\"2395\" data-end=\"2420\"><strong>Reubicaci\u00f3n transfronteriza.<\/strong><\/li>\n<li data-start=\"2423\" data-end=\"2461\"><strong>Traslado al aeropuerto hacia centros operativos.<\/strong><\/li>\n<li data-start=\"2464\" data-end=\"2488\"><strong>Discreci\u00f3n operativa.<\/strong><\/li>\n<li data-start=\"2491\" data-end=\"2525\"><strong>Soporte de coordinaci\u00f3n centralizado.<\/strong><\/li>\n<\/ul>\n<p data-start=\"2527\" data-end=\"2587\">Enfocado en la eficiencia, la confiabilidad y la ejecuci\u00f3n estructurada.<\/p>\n<p>[\/et_pb_text][\/et_pb_column][et_pb_column type=\u00bb1_2&#8243; _builder_version=\u00bb4.27.6&#8243; _module_preset=\u00bbdefault\u00bb global_colors_info=\u00bb{}\u00bb][et_pb_icon font_icon=\u00bb&#xf3a5;||fa||900&#8243; align=\u00bbleft\u00bb _builder_version=\u00bb4.27.6&#8243; _module_preset=\u00bbdefault\u00bb global_colors_info=\u00bb{}\u00bb][\/et_pb_icon][et_pb_text _builder_version=\u00bb4.27.6&#8243; _module_preset=\u00bbdefault\u00bb global_colors_info=\u00bb{}\u00bb]<\/p>\n<h4 data-start=\"2594\" data-end=\"2624\">B. Movilidad Ejecutiva \/ VIP<\/h4>\n<p data-start=\"2626\" data-end=\"2639\">Dise\u00f1ado para:<\/p>\n<ul>\n<li data-start=\"2643\" data-end=\"2662\"><strong>Altos ejecutivos.<\/strong><\/li>\n<li data-start=\"2665\" data-end=\"2681\"><strong>Oficinas familiares.<\/strong><\/li>\n<li data-start=\"2684\" data-end=\"2705\"><strong>Perfiles diplom\u00e1ticos.<\/strong><\/li>\n<li data-start=\"2708\" data-end=\"2736\"><strong>Personas de alto poder adquisitivo.<\/strong><\/li>\n<\/ul>\n<p data-start=\"2738\" data-end=\"2747\">Incluye:<\/p>\n<ul>\n<li data-start=\"2751\" data-end=\"2802\"><strong>Veh\u00edculos ejecutivos premium (SUV \/ gama alta).<\/strong><\/li>\n<li data-start=\"2805\" data-end=\"2847\"><strong>Manejo discreto y gesti\u00f3n de privacidad.<\/strong><\/li>\n<li data-start=\"2850\" data-end=\"2893\"><strong>Ruteo flexible bajo condiciones din\u00e1micas.<\/strong><\/li>\n<li data-start=\"2896\" data-end=\"2922\"><strong>Confidencialidad mejorada.<\/strong><\/li>\n<li data-start=\"2925\" data-end=\"2955\"><strong>Coordinaci\u00f3n opcional de escolta.<\/strong><\/li>\n<\/ul>\n<p data-start=\"2957\" data-end=\"3010\">Enfocado en la discreci\u00f3n, la comodidad y el traslado seguro.<\/p>\n<p>[\/et_pb_text][\/et_pb_column][\/et_pb_row][et_pb_row _builder_version=\u00bb4.27.6&#8243; _module_preset=\u00bbdefault\u00bb global_colors_info=\u00bb{}\u00bb][et_pb_column type=\u00bb4_4&#8243; _builder_version=\u00bb4.27.6&#8243; _module_preset=\u00bbdefault\u00bb global_colors_info=\u00bb{}\u00bb][et_pb_divider _builder_version=\u00bb4.27.2&#8243; _module_preset=\u00bbdefault\u00bb global_colors_info=\u00bb{}\u00bb][\/et_pb_divider][\/et_pb_column][\/et_pb_row][et_pb_row _builder_version=\u00bb4.24.0&#8243; _module_preset=\u00bbdefault\u00bb saved_tabs=\u00bball\u00bb locked=\u00bboff\u00bb global_colors_info=\u00bb{}\u00bb][et_pb_column type=\u00bb4_4&#8243; _builder_version=\u00bb4.24.0&#8243; _module_preset=\u00bbdefault\u00bb global_colors_info=\u00bb{}\u00bb][et_pb_text _builder_version=\u00bb4.24.0&#8243; _module_preset=\u00bbe9776427-b859-4288-b0a2-c7103567bb8c\u00bb global_colors_info=\u00bb{}\u00bb]<\/p>\n<p style=\"text-align: center;\">Cont\u00e1ctanos<\/p>\n<p>[\/et_pb_text][et_pb_text _builder_version=\u00bb4.24.0&#8243; _dynamic_attributes=\u00bbcontent\u00bb _module_preset=\u00bb13ddcc34-f131-47ca-8026-edc37a2f8af8&#8243; header_2_text_align=\u00bbcenter\u00bb custom_margin=\u00bb||5px||false|false\u00bb global_colors_info=\u00bb{}\u00bb]@ET-DC@eyJkeW5hbWljIjp0cnVlLCJjb250ZW50IjoicG9zdF90aXRsZSIsInNldHRpbmdzIjp7ImJlZm9yZSI6IjxoMj4gXHUwMGJmRXN0XHUwMGUxcyBpbnRlcmVzYWRvIGVuIGxvcyBzZXJ2aWNpb3MgIiwiYWZ0ZXIiOiIgZGUgQUNLMz88L2gyPiIsImVuYWJsZV9odG1sIjoib2ZmIn19@[\/et_pb_text][et_pb_text _builder_version=\u00bb4.24.0&#8243; _module_preset=\u00bb13ddcc34-f131-47ca-8026-edc37a2f8af8&#8243; global_colors_info=\u00bb{}\u00bb]<\/p>\n<p style=\"text-align: center;\">Con ACK3 como tu socio de EMEREVAC, puedes confiar en nuestra experiencia y capacidades para transportar de manera r\u00e1pida y segura a individuos y activos lejos de zonas de crisis, garantizando su seguridad y protecci\u00f3n. Ponte en contacto con nosotros completando el siguiente formulario:<\/p>\n<p>[\/et_pb_text][dipi_gravity_forms_styler gf_form_id=\u00bb1&#8243; form_title=\u00bbhide\u00bb _builder_version=\u00bb4.24.2&#8243; _module_preset=\u00bbdefault\u00bb form_title_font_size=\u00bb0px\u00bb field_label_font=\u00bbTrade Gothic LT Bold Extended||||||||\u00bb field_label_font_size=\u00bb15px\u00bb required_field_indicator_font_size=\u00bb15px\u00bb field_description_font_size=\u00bb16px\u00bb checkbox_radio_label_font_size=\u00bb17px\u00bb custom_all=\u00bbon\u00bb all_text_size=\u00bb17px\u00bb all_bg_color=\u00bb#000000&#8243; all_font=\u00bb|600|||||||\u00bb all_use_icon=\u00bboff\u00bb max_width=\u00bb78%\u00bb max_width_tablet=\u00bb100%\u00bb max_width_phone=\u00bb\u00bb max_width_last_edited=\u00bbon|desktop\u00bb module_alignment=\u00bbcenter\u00bb global_colors_info=\u00bb{}\u00bb all_bg_color__hover_enabled=\u00bbon|hover\u00bb all_bg_color__hover=\u00bb#535353&#8243; all_bg_enable_color__hover=\u00bbon\u00bb][\/dipi_gravity_forms_styler][\/et_pb_column][\/et_pb_row][\/et_pb_section]<\/p>\n","protected":false},"excerpt":{"rendered":"<p>Gesti\u00f3n de evacuaciones de emergencia con planificaci\u00f3n estructurada, movilidad terrestre y coordinaci\u00f3n de aviaci\u00f3n bajo escenarios de crisis y disruptivos.<\/p>\n","protected":false},"author":2,"featured_media":25864622,"parent":25843888,"menu_order":0,"comment_status":"closed","ping_status":"closed","template":"","meta":{"_et_pb_use_builder":"on","_et_pb_old_content":"","_et_gb_content_width":"","footnotes":""},"dipi_cpt_category":[],"class_list":["post-25864666","page","type-page","status-publish","has-post-thumbnail","hentry"],"_links":{"self":[{"href":"https:\/\/ack3.eu\/es\/wp-json\/wp\/v2\/pages\/25864666","targetHints":{"allow":["GET"]}}],"collection":[{"href":"https:\/\/ack3.eu\/es\/wp-json\/wp\/v2\/pages"}],"about":[{"href":"https:\/\/ack3.eu\/es\/wp-json\/wp\/v2\/types\/page"}],"author":[{"embeddable":true,"href":"https:\/\/ack3.eu\/es\/wp-json\/wp\/v2\/users\/2"}],"replies":[{"embeddable":true,"href":"https:\/\/ack3.eu\/es\/wp-json\/wp\/v2\/comments?post=25864666"}],"version-history":[{"count":0,"href":"https:\/\/ack3.eu\/es\/wp-json\/wp\/v2\/pages\/25864666\/revisions"}],"up":[{"embeddable":true,"href":"https:\/\/ack3.eu\/es\/wp-json\/wp\/v2\/pages\/25843888"}],"wp:featuredmedia":[{"embeddable":true,"href":"https:\/\/ack3.eu\/es\/wp-json\/wp\/v2\/media\/25864622"}],"wp:attachment":[{"href":"https:\/\/ack3.eu\/es\/wp-json\/wp\/v2\/media?parent=25864666"}],"wp:term":[{"taxonomy":"dipi_cpt_category","embeddable":true,"href":"https:\/\/ack3.eu\/es\/wp-json\/wp\/v2\/dipi_cpt_category?post=25864666"}],"curies":[{"name":"wp","href":"https:\/\/api.w.org\/{rel}","templated":true}]}}