{"id":25864011,"date":"2026-02-04T09:15:04","date_gmt":"2026-02-04T08:15:04","guid":{"rendered":"https:\/\/ack3.eu\/?page_id=25864011"},"modified":"2026-02-09T07:04:00","modified_gmt":"2026-02-09T06:04:00","slug":"trustphone","status":"publish","type":"page","link":"https:\/\/ack3.eu\/es\/productos\/soluciones-y-equipamiento\/trustphone\/","title":{"rendered":"TrustPhone\u2122"},"content":{"rendered":"<p>[et_pb_section fb_built=\u00bb1&#8243; _builder_version=\u00bb4.24.0&#8243; _module_preset=\u00bbdefault\u00bb background_color=\u00bb#000000&#8243; background_pattern_repeat_origin=\u00bbcenter\u00bb custom_padding=\u00bb13px||13px||true|false\u00bb saved_tabs=\u00bball\u00bb locked=\u00bboff\u00bb global_colors_info=\u00bb{}\u00bb][et_pb_row module_class=\u00bbagf-vertical-align\u00bb _builder_version=\u00bb4.24.0&#8243; _module_preset=\u00bb32edda46-f9f8-4bcc-acb6-81abff8182ae\u00bb custom_padding=\u00bb15px||||false|false\u00bb global_colors_info=\u00bb{}\u00bb][et_pb_column type=\u00bb4_4&#8243; _builder_version=\u00bb4.20.4&#8243; _module_preset=\u00bbdefault\u00bb global_colors_info=\u00bb{}\u00bb][dipi_breadcrumbs bc_home_text=\u00bbHome\u00bb bc_home_url=\u00bb\/\u00bb bc_items_alignment=\u00bbdipi-bc-left\u00bb bc_item_padding=\u00bb|10px||10px|false|true\u00bb bc_active_item_padding=\u00bb|20px||10px|true|false\u00bb _builder_version=\u00bb4.24.0&#8243; _module_preset=\u00bbdefault\u00bb active_text_color=\u00bb#BADFF7&#8243; global_colors_info=\u00bb{}\u00bb][\/dipi_breadcrumbs][\/et_pb_column][\/et_pb_row][\/et_pb_section][et_pb_section fb_built=\u00bb1&#8243; _builder_version=\u00bb4.24.0&#8243; _module_preset=\u00bbdefault\u00bb locked=\u00bboff\u00bb global_colors_info=\u00bb{}\u00bb][et_pb_row _builder_version=\u00bb4.24.0&#8243; _module_preset=\u00bbdefault\u00bb locked=\u00bboff\u00bb global_colors_info=\u00bb{}\u00bb][et_pb_column type=\u00bb4_4&#8243; _builder_version=\u00bb4.24.0&#8243; _module_preset=\u00bbdefault\u00bb global_colors_info=\u00bb{}\u00bb][et_pb_text _builder_version=\u00bb4.27.5&#8243; _module_preset=\u00bb13ddcc34-f131-47ca-8026-edc37a2f8af8&#8243; custom_padding=\u00bb1px|||||\u00bb hover_enabled=\u00bb0&#8243; global_colors_info=\u00bb{}\u00bb sticky_enabled=\u00bb0&#8243;]<\/p>\n<h1 style=\"text-align: center;\">TrustPhone\u2122<\/h1>\n<h6 style=\"text-align: center;\">Comunicaciones telef\u00f3nicas seguras<\/h6>\n<div>\n<h6 style=\"text-align: center;\">El <strong>ACK3 TrustPhone\u2122<\/strong> es la soluci\u00f3n definitiva para comunicaciones m\u00f3viles seguras en Europa. Dise\u00f1ado para satisfacer las necesidades de empresas, gobiernos e individuos, el TrustPhone ofrece una protecci\u00f3n inigualable, simplicidad en su uso y conectividad sin interrupciones.<\/h6>\n<\/div>\n<p>[\/et_pb_text][\/et_pb_column][\/et_pb_row][et_pb_row column_structure=\u00bb1_2,1_2&#8243; module_class=\u00bbagf-vertical-align\u00bb _builder_version=\u00bb4.24.0&#8243; _module_preset=\u00bbdefault\u00bb custom_padding=\u00bb15px||||false|false\u00bb global_colors_info=\u00bb{}\u00bb][et_pb_column type=\u00bb1_2&#8243; _builder_version=\u00bb4.24.0&#8243; _module_preset=\u00bbdefault\u00bb global_colors_info=\u00bb{}\u00bb][et_pb_image src=\u00bbhttps:\/\/ack3.eu\/wp-content\/uploads\/2025\/01\/ACK3-TrustPhone.jpg\u00bb alt=\u00bbkit de supervivencia\u00bb title_text=\u00bbACK3-TrustPhone\u00bb _builder_version=\u00bb4.27.5&#8243; _module_preset=\u00bbdefault\u00bb global_colors_info=\u00bb{}\u00bb][\/et_pb_image][\/et_pb_column][et_pb_column type=\u00bb1_2&#8243; _builder_version=\u00bb4.24.0&#8243; _module_preset=\u00bbdefault\u00bb global_colors_info=\u00bb{}\u00bb][et_pb_text _builder_version=\u00bb4.27.5&#8243; _module_preset=\u00bbdefault\u00bb custom_padding=\u00bb31px|||||\u00bb global_colors_info=\u00bb{}\u00bb]<\/p>\n<blockquote>\n<h2>\u00bfQu\u00e9 es el <!--ScriptorStartFragment-->TrustPhone?<\/h2>\n<p style=\"text-align: justify;\"><strong>Un TrustPhone es un dispositivo de comunicaciones seguras dise\u00f1ado para proteger el hardware, el software y las aplicaciones con est\u00e1ndares equivalentes a los que se utilizan para asegurar sistemas extremadamente cr\u00edticos, como el arsenal nuclear de Estados Unidos, plataformas militares avanzadas, programas aeroespaciales de la NASA y estructuras del Departamento de Defensa. Su sistema operativo endurecido ofrece una defensa completa contra interceptaci\u00f3n, intrusi\u00f3n, ataques y cualquier intento de explotaci\u00f3n de datos. Est\u00e1 creado para gobiernos, grandes corporaciones, fuerzas de seguridad, equipos operativos y usuarios que requieren el m\u00e1ximo nivel de protecci\u00f3n digital en cualquier entorno.<\/strong><\/p>\n<\/blockquote>\n<p>[\/et_pb_text][\/et_pb_column][\/et_pb_row][et_pb_row _builder_version=\u00bb4.27.4&#8243; _module_preset=\u00bbdefault\u00bb min_height=\u00bb167.8px\u00bb custom_margin=\u00bb19px|auto||auto||\u00bb custom_padding=\u00bb2px||0px|||\u00bb global_colors_info=\u00bb{}\u00bb][et_pb_column type=\u00bb4_4&#8243; _builder_version=\u00bb4.27.4&#8243; _module_preset=\u00bbdefault\u00bb global_colors_info=\u00bb{}\u00bb][et_pb_text _builder_version=\u00bb4.27.5&#8243; _module_preset=\u00bbdefault\u00bb global_colors_info=\u00bb{}\u00bb]<\/p>\n<h3 style=\"text-align: center;\"><strong>Comunicaciones seguras, confiadas por los sistemas m\u00e1s cr\u00edticos del mundo<\/strong><\/h3>\n<p style=\"text-align: center;\">El TrustPhone funciona con <strong>Integrity 178B<\/strong>, el mismo sistema operativo que protege el arsenal nuclear de EE.\u202fUU., las misiones aeroespaciales de la NASA y sistemas militares cr\u00edticos. Este sistema operativo ha permanecido inviolado durante m\u00e1s de 20 a\u00f1os, garantizando una fiabilidad sin precedentes. Combinando hardware personalizado y cifrado avanzado, el TrustPhone ofrece seguridad de nivel gubernamental, convirti\u00e9ndolo en el dispositivo m\u00e1s confiable para comunicaciones seguras en industrias de todo el mundo.<\/p>\n<p><!--ScriptorEndFragment--><\/p>\n<p>[\/et_pb_text][\/et_pb_column][\/et_pb_row][et_pb_row _builder_version=\u00bb4.27.4&#8243; _module_preset=\u00bbdefault\u00bb min_height=\u00bb21.1px\u00bb custom_margin=\u00bb46px|auto||auto||\u00bb custom_padding=\u00bb2px||0px|||\u00bb global_colors_info=\u00bb{}\u00bb][et_pb_column type=\u00bb4_4&#8243; _builder_version=\u00bb4.27.4&#8243; _module_preset=\u00bbdefault\u00bb global_colors_info=\u00bb{}\u00bb][et_pb_text _builder_version=\u00bb4.27.5&#8243; _module_preset=\u00bbdefault\u00bb min_height=\u00bb39px\u00bb custom_margin=\u00bb||-1px|||\u00bb global_colors_info=\u00bb{}\u00bb]<\/p>\n<h3>Beneficios<\/h3>\n<p>[\/et_pb_text][et_pb_divider _builder_version=\u00bb4.24.0&#8243; _module_preset=\u00bbdefault\u00bb max_width=\u00bb9%\u00bb max_width_tablet=\u00bb15%\u00bb max_width_phone=\u00bb15%\u00bb max_width_last_edited=\u00bbon|phone\u00bb custom_margin=\u00bb||10px||false|false\u00bb global_colors_info=\u00bb{}\u00bb][\/et_pb_divider][\/et_pb_column][\/et_pb_row][et_pb_row column_structure=\u00bb1_2,1_2&#8243; use_custom_gutter=\u00bbon\u00bb gutter_width=\u00bb2&#8243; _builder_version=\u00bb4.24.2&#8243; _module_preset=\u00bbdefault\u00bb background_color=\u00bb#F6FAFD\u00bb min_height=\u00bb325.4px\u00bb custom_padding=\u00bb0px|30px|0px|30px|true|true\u00bb global_colors_info=\u00bb{}\u00bb][et_pb_column type=\u00bb1_2&#8243; _builder_version=\u00bb4.24.2&#8243; _module_preset=\u00bbdefault\u00bb global_colors_info=\u00bb{}\u00bb][et_pb_blurb title=\u00bbSeguridad sin igual en tres niveles\u00bb icon_placement=\u00bbleft\u00bb image_icon_width=\u00bb29px\u00bb content_max_width=\u00bb1100px\u00bb _builder_version=\u00bb4.27.5&#8243; _module_preset=\u00bbdefault\u00bb header_font_size=\u00bb17px\u00bb custom_margin=\u00bb||10px||false|false\u00bb global_colors_info=\u00bb{}\u00bb]<\/p>\n<p style=\"text-align: justify;\" data-start=\"1084\" data-end=\"1404\"><!--ScriptorStartFragment--><\/p>\n<div class=\"scriptor-paragraph\">\n<p>El TrustPhone protege comunicaciones, software y hardware con cifrado extremo a extremo, sistema operativo ultraseguro y componentes dise\u00f1ados para bloquear spyware y malware.<\/p>\n<p><!--ScriptorEndFragment--><\/div>\n<p>[\/et_pb_blurb][et_pb_blurb title=\u00bbCertificaciones de alto nivel\u00bb icon_placement=\u00bbleft\u00bb image_icon_width=\u00bb29px\u00bb content_max_width=\u00bb1100px\u00bb _builder_version=\u00bb4.27.5&#8243; _module_preset=\u00bbdefault\u00bb header_font_size=\u00bb17px\u00bb custom_margin=\u00bb||10px||false|false\u00bb global_colors_info=\u00bb{}\u00bb]<\/p>\n<p style=\"text-align: justify;\" data-start=\"1084\" data-end=\"1404\"><!--ScriptorStartFragment--><\/p>\n<div class=\"scriptor-paragraph\">\n<p>Es el \u00fanico m\u00f3vil en Europa certificado en nivel \u201calto\u201d por el CNI y cuenta con la certificaci\u00f3n EAL 6+, superior a la de iOS y Android, garantizando seguridad de nivel gubernamental.<\/p>\n<\/div>\n<p>[\/et_pb_blurb][\/et_pb_column][et_pb_column type=\u00bb1_2&#8243; _builder_version=\u00bb4.24.2&#8243; _module_preset=\u00bbdefault\u00bb global_colors_info=\u00bb{}\u00bb][et_pb_blurb title=\u00bbPrivacidad total\u00bb icon_placement=\u00bbleft\u00bb image_icon_width=\u00bb29px\u00bb content_max_width=\u00bb1100px\u00bb _builder_version=\u00bb4.27.5&#8243; _module_preset=\u00bbdefault\u00bb header_font_size=\u00bb17px\u00bb custom_margin=\u00bb||10px||false|false\u00bb global_colors_info=\u00bb{}\u00bb]<\/p>\n<p style=\"text-align: justify;\" data-start=\"1703\" data-end=\"1973\">No almacena datos en la nube ni permite acceso a terceros. Ninguna informaci\u00f3n puede ser recuperada, incluso bajo requerimientos legales.<\/p>\n<p style=\"text-align: justify;\" data-start=\"1703\" data-end=\"1973\"><!--ScriptorEndFragment--><\/p>\n<p>[\/et_pb_blurb][et_pb_blurb title=\u00bbConectividad global \u00bb icon_placement=\u00bbleft\u00bb image_icon_width=\u00bb29px\u00bb content_max_width=\u00bb1100px\u00bb _builder_version=\u00bb4.27.5&#8243; _module_preset=\u00bbdefault\u00bb header_font_size=\u00bb17px\u00bb custom_margin=\u00bb||10px||false|false\u00bb global_colors_info=\u00bb{}\u00bb]<\/p>\n<p style=\"text-align: justify;\" data-start=\"1703\" data-end=\"1973\">Incluye una SIM multinetwork que asegura comunicaci\u00f3n estable en diferentes pa\u00edses sin depender de un \u00fanico operador.<\/p>\n<p style=\"text-align: justify;\" data-start=\"1703\" data-end=\"1973\"><!--ScriptorEndFragment--><!--ScriptorEndFragment--><\/p>\n<p>[\/et_pb_blurb][\/et_pb_column][\/et_pb_row][et_pb_row column_structure=\u00bb1_3,1_3,1_3&#8243; _builder_version=\u00bb4.24.2&#8243; _module_preset=\u00bbdefault\u00bb custom_margin=\u00bb|auto|-25px|auto||\u00bb custom_padding=\u00bb5px||2px|||\u00bb global_colors_info=\u00bb{}\u00bb][et_pb_column type=\u00bb1_3&#8243; _builder_version=\u00bb4.24.2&#8243; _module_preset=\u00bbdefault\u00bb global_colors_info=\u00bb{}\u00bb][et_pb_text _builder_version=\u00bb4.27.5&#8243; _module_preset=\u00bbdefault\u00bb custom_margin=\u00bb||10px||false|false\u00bb global_colors_info=\u00bb{}\u00bb]<\/p>\n<h3 data-start=\"3320\" data-end=\"3350\">Casos de uso habituales<!--ScriptorStartFragment--><\/h3>\n<ul>\n<li>\n<p><strong>Protecci\u00f3n corporativa<\/strong>: El TrustPhone protege la informaci\u00f3n empresarial cr\u00edtica frente a espionaje y ciberamenazas, asegurando comunicaciones y negociaciones sensibles sin riesgo de filtraci\u00f3n.<\/p>\n<\/li>\n<li>\n<p><strong>Gobierno y defensa:<\/strong> Ofrece comunicaciones seguras para operaciones y decisiones estrat\u00e9gicas, protegiendo la identidad de agentes y evitando cualquier exposici\u00f3n de informaci\u00f3n cr\u00edtica.<\/p>\n<\/li>\n<li>\n<p><strong>Seguridad personal:<\/strong> Mantiene privadas las conversaciones del usuario y protege a la familia frente a rastreos, hackeos o vigilancia no deseada.<!--ScriptorEndFragment--><\/p>\n<\/li>\n<\/ul>\n<p>[\/et_pb_text][\/et_pb_column][et_pb_column type=\u00bb1_3&#8243; _builder_version=\u00bb4.24.2&#8243; _module_preset=\u00bbdefault\u00bb global_colors_info=\u00bb{}\u00bb][et_pb_text _builder_version=\u00bb4.27.5&#8243; _module_preset=\u00bbdefault\u00bb custom_margin=\u00bb||10px||false|false\u00bb global_colors_info=\u00bb{}\u00bb]<\/p>\n<h3><strong style=\"color: #333333; font-size: 26px;\">Certificaciones y est\u00e1ndares de seguridad<\/strong><\/h3>\n<div>\n<ul>\n<li><strong>Certificado por el Centro Nacional de Inteligencia (CNI): <\/strong>La \u00fanica soluci\u00f3n m\u00f3vil en Europa certificada en nivel <strong>\u201calto\u201d<\/strong> para seguridad del dispositivo, VoIP y mensajer\u00eda instant\u00e1nea.<\/li>\n<li><strong>Pruebas de penetraci\u00f3n: <\/strong>Validado por l\u00edderes globales en pruebas de vulnerabilidad, demostrando su resistencia frente a spyware avanzado, incluido Pegasus.<\/li>\n<li><strong>Certificaci\u00f3n EAL 6+: <\/strong>La calificaci\u00f3n de garant\u00eda operativa m\u00e1s alta en sistemas operativos a nivel mundial, superando a iOS y Android (EAL 4).<\/li>\n<\/ul>\n<\/div>\n<p>[\/et_pb_text][\/et_pb_column][et_pb_column type=\u00bb1_3&#8243; _builder_version=\u00bb4.24.2&#8243; _module_preset=\u00bbdefault\u00bb global_colors_info=\u00bb{}\u00bb][et_pb_text _builder_version=\u00bb4.27.5&#8243; _module_preset=\u00bbdefault\u00bb custom_margin=\u00bb||10px||false|false\u00bb global_colors_info=\u00bb{}\u00bb]<\/p>\n<h3><strong style=\"font-size: 26px;\">Formaci\u00f3n y soporte<\/strong><\/h3>\n<div>\n<p>ACK3 garantiza que tu TrustPhone sea f\u00e1cil de desplegar y utilizar a trav\u00e9s de:\u00a0<\/p>\n<ul>\n<li><strong>Formaciones completas<\/strong>\n<ul>\n<li>C\u00f3mo enviar y recibir mensajes de texto<\/li>\n<li>C\u00f3mo cambiar la contrase\u00f1a del tel\u00e9fono<\/li>\n<li>C\u00f3mo realizar y recibir llamadas<\/li>\n<li>C\u00f3mo crear contactos<\/li>\n<li>C\u00f3mo cambiar la contrase\u00f1a de f\u00e1brica<\/li>\n<\/ul>\n<\/li>\n<li><strong>Soporte dedicado 24\/7: <\/strong>Nuestro equipo est\u00e1 disponible en todo momento para ayudarte con tus necesidades t\u00e9cnicas.<\/li>\n<\/ul>\n<\/div>\n<p>[\/et_pb_text][\/et_pb_column][\/et_pb_row][et_pb_row column_structure=\u00bb1_2,1_2&#8243; _builder_version=\u00bb4.27.5&#8243; _module_preset=\u00bbdefault\u00bb global_colors_info=\u00bb{}\u00bb][et_pb_column type=\u00bb1_2&#8243; _builder_version=\u00bb4.27.5&#8243; _module_preset=\u00bbdefault\u00bb global_colors_info=\u00bb{}\u00bb][et_pb_text _builder_version=\u00bb4.27.5&#8243; _module_preset=\u00bbdefault\u00bb min_height=\u00bb269px\u00bb custom_margin=\u00bb||-4px|||\u00bb custom_padding=\u00bb21px|||||\u00bb global_colors_info=\u00bb{}\u00bb]<\/p>\n<h3>C\u00f3mo funciona<\/h3>\n<p>\u00a0El TrustPhone integra tres capas de seguridad para proteger todas tus comunicaciones. Utiliza cifrado <em>chip\u2011to\u2011chip<\/em> para asegurar llamadas, mensajes y datos, evitando cualquier posibilidad de interceptaci\u00f3n. Su sistema operativo Integrity 178B, reconocido por la industria aeroespacial y de defensa por su resistencia comprobada, elimina vulnerabilidades y fortalece cada proceso del dispositivo. Adem\u00e1s, su hardware personalizado bloquea spyware, malware y cualquier intento de intrusi\u00f3n, garantizando una conectividad totalmente segura y estable en cualquier parte del mundo.<\/p>\n<p>[\/et_pb_text][\/et_pb_column][et_pb_column type=\u00bb1_2&#8243; _builder_version=\u00bb4.27.5&#8243; _module_preset=\u00bbdefault\u00bb global_colors_info=\u00bb{}\u00bb][et_pb_text _builder_version=\u00bb4.27.5&#8243; _module_preset=\u00bbdefault\u00bb min_height=\u00bb234px\u00bb custom_margin=\u00bb22px|||||\u00bb custom_padding=\u00bb0px|||||\u00bb global_colors_info=\u00bb{}\u00bb]<\/p>\n<h3 style=\"text-align: left;\"><b>Caracter\u00edsticas<\/b><\/h3>\n<ul>\n<li style=\"text-align: justify;\"><strong>Llamadas y mensajer\u00eda global (pr\u00f3ximamente):<\/strong> Comun\u00edcate de forma segura con dispositivos que no sean TrustPhone mediante servidores cifrados.<\/li>\n<li style=\"text-align: justify;\"><strong>Sistema de alertas:<\/strong> Recibe notificaciones SMS en tu tel\u00e9fono regular cuando tu TrustPhone est\u00e9 apagado.<\/li>\n<\/ul>\n<p>[\/et_pb_text][\/et_pb_column][\/et_pb_row][et_pb_row _builder_version=\u00bb4.27.0&#8243; _module_preset=\u00bbdefault\u00bb custom_padding=\u00bb0px|||||\u00bb global_colors_info=\u00bb{}\u00bb][et_pb_column type=\u00bb4_4&#8243; _builder_version=\u00bb4.27.0&#8243; _module_preset=\u00bbdefault\u00bb global_colors_info=\u00bb{}\u00bb][et_pb_divider _builder_version=\u00bb4.27.0&#8243; _module_preset=\u00bbdefault\u00bb global_colors_info=\u00bb{}\u00bb][\/et_pb_divider][\/et_pb_column][\/et_pb_row][et_pb_row _builder_version=\u00bb4.24.0&#8243; _module_preset=\u00bbdefault\u00bb global_module=\u00bb25841311&#8243; saved_tabs=\u00bball\u00bb locked=\u00bboff\u00bb global_colors_info=\u00bb{}\u00bb][et_pb_column type=\u00bb4_4&#8243; _builder_version=\u00bb4.24.0&#8243; _module_preset=\u00bbdefault\u00bb global_colors_info=\u00bb{}\u00bb][et_pb_text _builder_version=\u00bb4.24.0&#8243; _module_preset=\u00bbe9776427-b859-4288-b0a2-c7103567bb8c\u00bb global_colors_info=\u00bb{}\u00bb]<\/p>\n<p style=\"text-align: center;\">Cont\u00e1ctanos<\/p>\n<p>[\/et_pb_text][et_pb_text _builder_version=\u00bb4.24.2&#8243; _dynamic_attributes=\u00bbcontent\u00bb _module_preset=\u00bb13ddcc34-f131-47ca-8026-edc37a2f8af8&#8243; header_2_text_align=\u00bbcenter\u00bb custom_margin=\u00bb||5px||false|false\u00bb global_colors_info=\u00bb{}\u00bb]@ET-DC@eyJkeW5hbWljIjp0cnVlLCJjb250ZW50IjoicG9zdF90aXRsZSIsInNldHRpbmdzIjp7ImJlZm9yZSI6IjxoMj4gXHUwMGJmRXN0XHUwMGUxcyBpbnRlcmVzYWRvIGVuIGxvcyBzZXJ2aWNpb3MgZGUgIiwiYWZ0ZXIiOiJkZSBBQ0szPzwvaDI+In19@[\/et_pb_text][et_pb_text _builder_version=\u00bb4.24.0&#8243; _module_preset=\u00bb13ddcc34-f131-47ca-8026-edc37a2f8af8&#8243; global_colors_info=\u00bb{}\u00bb]<\/p>\n<p style=\"text-align: center;\">Ponte en contacto con nosotros completando el siguiente formulario:<\/p>\n<p>[\/et_pb_text][dipi_gravity_forms_styler gf_form_id=\u00bb1&#8243; form_title=\u00bbhide\u00bb _builder_version=\u00bb4.24.0&#8243; _module_preset=\u00bbdefault\u00bb form_title_font_size=\u00bb0px\u00bb field_label_font=\u00bbTrade Gothic LT Bold Extended||||||||\u00bb field_label_font_size=\u00bb15px\u00bb required_field_indicator_font_size=\u00bb15px\u00bb field_description_font_size=\u00bb16px\u00bb checkbox_radio_label_font_size=\u00bb17px\u00bb custom_all=\u00bbon\u00bb all_text_size=\u00bb17px\u00bb all_bg_color=\u00bb#000000&#8243; all_font=\u00bb|600|||||||\u00bb all_use_icon=\u00bboff\u00bb max_width=\u00bb78%\u00bb max_width_tablet=\u00bb100%\u00bb max_width_phone=\u00bb\u00bb max_width_last_edited=\u00bbon|desktop\u00bb module_alignment=\u00bbcenter\u00bb global_colors_info=\u00bb{}\u00bb all_bg_color__hover_enabled=\u00bbon|hover\u00bb all_bg_color__hover=\u00bb#535353&#8243; all_bg_enable_color__hover=\u00bbon\u00bb][\/dipi_gravity_forms_styler][\/et_pb_column][\/et_pb_row][\/et_pb_section]<\/p>\n","protected":false},"excerpt":{"rendered":"<p>Comunicaciones telef\u00f3nicas seguras con TrustPhone: sistema operativo inhabilitable y privacidad en la que conf\u00edan gobiernos e industrias.<\/p>\n","protected":false},"author":2,"featured_media":25846211,"parent":25843931,"menu_order":0,"comment_status":"closed","ping_status":"closed","template":"","meta":{"_et_pb_use_builder":"on","_et_pb_old_content":"","_et_gb_content_width":"","footnotes":""},"dipi_cpt_category":[],"class_list":["post-25864011","page","type-page","status-publish","has-post-thumbnail","hentry"],"_links":{"self":[{"href":"https:\/\/ack3.eu\/es\/wp-json\/wp\/v2\/pages\/25864011","targetHints":{"allow":["GET"]}}],"collection":[{"href":"https:\/\/ack3.eu\/es\/wp-json\/wp\/v2\/pages"}],"about":[{"href":"https:\/\/ack3.eu\/es\/wp-json\/wp\/v2\/types\/page"}],"author":[{"embeddable":true,"href":"https:\/\/ack3.eu\/es\/wp-json\/wp\/v2\/users\/2"}],"replies":[{"embeddable":true,"href":"https:\/\/ack3.eu\/es\/wp-json\/wp\/v2\/comments?post=25864011"}],"version-history":[{"count":0,"href":"https:\/\/ack3.eu\/es\/wp-json\/wp\/v2\/pages\/25864011\/revisions"}],"up":[{"embeddable":true,"href":"https:\/\/ack3.eu\/es\/wp-json\/wp\/v2\/pages\/25843931"}],"wp:featuredmedia":[{"embeddable":true,"href":"https:\/\/ack3.eu\/es\/wp-json\/wp\/v2\/media\/25846211"}],"wp:attachment":[{"href":"https:\/\/ack3.eu\/es\/wp-json\/wp\/v2\/media?parent=25864011"}],"wp:term":[{"taxonomy":"dipi_cpt_category","embeddable":true,"href":"https:\/\/ack3.eu\/es\/wp-json\/wp\/v2\/dipi_cpt_category?post=25864011"}],"curies":[{"name":"wp","href":"https:\/\/api.w.org\/{rel}","templated":true}]}}