{"id":25863721,"date":"2026-01-29T08:25:01","date_gmt":"2026-01-29T07:25:01","guid":{"rendered":"https:\/\/ack3.eu\/?page_id=25863721"},"modified":"2026-02-09T06:54:14","modified_gmt":"2026-02-09T05:54:14","slug":"infraestructura","status":"publish","type":"page","link":"https:\/\/ack3.eu\/es\/productos\/soluciones-y-equipamiento\/infraestructura\/","title":{"rendered":"Infraestructura y campamentos"},"content":{"rendered":"<p>[et_pb_section fb_built=\u00bb1&#8243; _builder_version=\u00bb4.24.0&#8243; _module_preset=\u00bbdefault\u00bb background_color=\u00bb#000000&#8243; background_pattern_repeat_origin=\u00bbcenter\u00bb custom_padding=\u00bb13px||13px||true|false\u00bb saved_tabs=\u00bball\u00bb locked=\u00bboff\u00bb global_colors_info=\u00bb{}\u00bb][et_pb_row _builder_version=\u00bb4.24.0&#8243; _module_preset=\u00bb32edda46-f9f8-4bcc-acb6-81abff8182ae\u00bb custom_margin=\u00bb||0px||false|false\u00bb custom_padding=\u00bb4px||4px||true|false\u00bb global_colors_info=\u00bb{}\u00bb][et_pb_column type=\u00bb4_4&#8243; _builder_version=\u00bb4.20.4&#8243; _module_preset=\u00bbdefault\u00bb global_colors_info=\u00bb{}\u00bb][dipi_breadcrumbs bc_home_text=\u00bbHome\u00bb bc_home_url=\u00bb\/\u00bb bc_items_alignment=\u00bbdipi-bc-left\u00bb bc_item_padding=\u00bb|10px||10px|false|true\u00bb bc_active_item_padding=\u00bb|20px||10px|true|false\u00bb _builder_version=\u00bb4.24.0&#8243; _module_preset=\u00bbdefault\u00bb active_text_color=\u00bb#BADFF7&#8243; global_colors_info=\u00bb{}\u00bb][\/dipi_breadcrumbs][\/et_pb_column][\/et_pb_row][\/et_pb_section][et_pb_section fb_built=\u00bb1&#8243; _builder_version=\u00bb4.24.0&#8243; _module_preset=\u00bbdefault\u00bb locked=\u00bboff\u00bb global_colors_info=\u00bb{}\u00bb][et_pb_row _builder_version=\u00bb4.24.0&#8243; _module_preset=\u00bbdefault\u00bb locked=\u00bboff\u00bb global_colors_info=\u00bb{}\u00bb][et_pb_column type=\u00bb4_4&#8243; _builder_version=\u00bb4.24.0&#8243; _module_preset=\u00bbdefault\u00bb global_colors_info=\u00bb{}\u00bb][et_pb_text _builder_version=\u00bb4.27.5&#8243; _module_preset=\u00bb13ddcc34-f131-47ca-8026-edc37a2f8af8&#8243; custom_padding=\u00bb1px|||||\u00bb hover_enabled=\u00bb0&#8243; global_colors_info=\u00bb{}\u00bb sticky_enabled=\u00bb0&#8243;]<\/p>\n<h1 style=\"text-align: center;\"><strong>Infraestructuras y campamentos<\/strong><\/h1>\n<h6 style=\"text-align: center;\"><span style=\"font-size: 22px;\">Construcci\u00f3n modular r\u00e1pida, eficiente y dise\u00f1ada para misiones cr\u00edticas<\/span><\/h6>\n<div>\n<p style=\"text-align: center;\"><strong>Las infraestructuras y campamentos de ACK3<\/strong> ofrece soluciones integrales de dise\u00f1o, fabricaci\u00f3n, construcci\u00f3n y mantenimiento de <strong>edificios modulares<\/strong> adaptados a las necesidades de sectores como aeron\u00e1utica, defensa, salud, log\u00edstica, distribuci\u00f3n, desarrollo social y proyectos especiales. Con un enfoque en velocidad, eficiencia energ\u00e9tica y mantenimiento reducido, estas infraestructuras permiten desplegar capacidades operativas en tiempo r\u00e9cord sin comprometer calidad ni durabilidad.<\/p>\n<\/div>\n<p>[\/et_pb_text][\/et_pb_column][\/et_pb_row][et_pb_row column_structure=\u00bb1_2,1_2&#8243; module_class=\u00bbagf-vertical-align\u00bb _builder_version=\u00bb4.24.0&#8243; _module_preset=\u00bbdefault\u00bb custom_padding=\u00bb15px||||false|false\u00bb global_colors_info=\u00bb{}\u00bb][et_pb_column type=\u00bb1_2&#8243; _builder_version=\u00bb4.24.0&#8243; _module_preset=\u00bbdefault\u00bb global_colors_info=\u00bb{}\u00bb][et_pb_image src=\u00bbhttps:\/\/ack3.eu\/wp-content\/uploads\/2026\/01\/Infraestructuras.jpg\u00bb alt=\u00bbinfraestructuras\u00bb title_text=\u00bbInfraestructuras\u00bb _builder_version=\u00bb4.27.5&#8243; _module_preset=\u00bbdefault\u00bb global_colors_info=\u00bb{}\u00bb][\/et_pb_image][\/et_pb_column][et_pb_column type=\u00bb1_2&#8243; _builder_version=\u00bb4.24.0&#8243; _module_preset=\u00bbdefault\u00bb global_colors_info=\u00bb{}\u00bb][et_pb_text _builder_version=\u00bb4.27.5&#8243; _module_preset=\u00bbdefault\u00bb custom_padding=\u00bb31px|||||\u00bb global_colors_info=\u00bb{}\u00bb]<\/p>\n<blockquote>\n<h2>\u00bfQu\u00e9 son las infraestructuras y campamentos?<\/h2>\n<div>\n<p style=\"text-align: justify;\"><strong><\/strong><\/p>\n<div style=\"text-align: justify;\"><strong>Estas soluciones modulares est\u00e1n dise\u00f1adas para entornos que requieren instalaciones r\u00e1pidas, robustas y plenamente operativas. Se desarrollan para responder a necesidades urgentes, como la creaci\u00f3n de hangares de construcci\u00f3n acelerada, talleres t\u00e9cnicos, almacenes log\u00edsticos o campamentos completos. Cada estructura se fabrica con criterios de escalabilidad y personalizaci\u00f3n, permitiendo ajustar dimensiones, materiales y equipamiento. Adem\u00e1s, est\u00e1n preparadas para funcionar en condiciones extremas, soportar climatolog\u00eda adversa y adaptarse a demandas operativas espec\u00edficas sin comprometer seguridad ni durabilidad.<\/strong><\/div>\n<p style=\"text-align: justify;\">\u00a0<\/p>\n<\/div>\n<\/blockquote>\n<p>[\/et_pb_text][\/et_pb_column][\/et_pb_row][et_pb_row _builder_version=\u00bb4.27.5&#8243; _module_preset=\u00bbdefault\u00bb global_colors_info=\u00bb{}\u00bb][et_pb_column type=\u00bb4_4&#8243; _builder_version=\u00bb4.27.5&#8243; _module_preset=\u00bbdefault\u00bb global_colors_info=\u00bb{}\u00bb][et_pb_text _builder_version=\u00bb4.27.5&#8243; _module_preset=\u00bbdefault\u00bb global_colors_info=\u00bb{}\u00bb]<\/p>\n<p style=\"text-align: center;\">\u00a0<strong style=\"font-family: 'Trade Gothic LT Bold Extended', Helvetica, Arial, Lucida, sans-serif; font-size: 30px; text-align: center;\">Capacidades operativas ampliadas en tiempos r\u00e9cord<\/strong><\/p>\n<p style=\"text-align: center;\">\n<div style=\"text-align: center;\">Las infraestructuras permiten a <strong>organizaciones p\u00fablicas y privadas ampliar su capacidad operativa con rapidez<\/strong>, incluso en escenarios de alta exigencia o limitada infraestructura previa. Gracias a procesos industriales optimizados y a un dise\u00f1o orientado a la funcionalidad, estas soluciones ofrecen espacios totalmente equipados para mando, mantenimiento, alojamiento o soporte log\u00edstico. Su versatilidad<strong> facilita el despliegue en misiones temporales, operaciones remotas o ampliaciones urgentes<\/strong>, garantizando siempre seguridad estructural, eficiencia y continuidad operativa.<\/div>\n<p>[\/et_pb_text][\/et_pb_column][\/et_pb_row][et_pb_row _builder_version=\u00bb4.24.2&#8243; _module_preset=\u00bbdefault\u00bb min_height=\u00bb51.8px\u00bb custom_padding=\u00bb2px||0px|||\u00bb global_colors_info=\u00bb{}\u00bb][et_pb_column type=\u00bb4_4&#8243; _builder_version=\u00bb4.24.2&#8243; _module_preset=\u00bbdefault\u00bb global_colors_info=\u00bb{}\u00bb][et_pb_text _builder_version=\u00bb4.27.5&#8243; _module_preset=\u00bbdefault\u00bb custom_margin=\u00bb||10px||false|false\u00bb global_colors_info=\u00bb{}\u00bb]<\/p>\n<h3>Beneficios principales<\/h3>\n<p>[\/et_pb_text][et_pb_divider _builder_version=\u00bb4.24.0&#8243; _module_preset=\u00bbdefault\u00bb max_width=\u00bb9%\u00bb max_width_tablet=\u00bb15%\u00bb max_width_phone=\u00bb15%\u00bb max_width_last_edited=\u00bbon|phone\u00bb min_height=\u00bb5.8px\u00bb custom_margin=\u00bb||10px||false|false\u00bb global_colors_info=\u00bb{}\u00bb][\/et_pb_divider][\/et_pb_column][\/et_pb_row][et_pb_row column_structure=\u00bb1_2,1_2&#8243; use_custom_gutter=\u00bbon\u00bb gutter_width=\u00bb2&#8243; _builder_version=\u00bb4.24.2&#8243; _module_preset=\u00bbdefault\u00bb background_color=\u00bb#F6FAFD\u00bb custom_padding=\u00bb0px|30px|0px|30px|true|true\u00bb global_colors_info=\u00bb{}\u00bb][et_pb_column type=\u00bb1_2&#8243; _builder_version=\u00bb4.24.0&#8243; _module_preset=\u00bbdefault\u00bb global_colors_info=\u00bb{}\u00bb][et_pb_blurb title=\u00bbAutonom\u00eda prolongada\u00bb use_icon=\u00bbon\u00bb font_icon=\u00bb&#x24;||divi||400&#8243; icon_color=\u00bb#000000&#8243; icon_placement=\u00bbleft\u00bb image_icon_width=\u00bb29px\u00bb content_max_width=\u00bb1100px\u00bb _builder_version=\u00bb4.27.5&#8243; _module_preset=\u00bbdefault\u00bb header_font_size=\u00bb17px\u00bb custom_margin=\u00bb||10px||false|false\u00bb global_colors_info=\u00bb{}\u00bb]<\/p>\n<p style=\"text-align: justify;\"><span style=\"text-align: justify;\">Las aeronaves ofrecen una autonom\u00eda de hasta <\/span><strong style=\"text-align: justify;\">25 horas de vuelo<\/strong><span style=\"text-align: justify;\">, lo que permite cubrir misiones de vigilancia continua, patrullaje fronterizo o despliegues en zonas remotas sin necesidad de aterrizajes frecuentes. Esta capacidad reduce interrupciones y maximiza el tiempo operativo.<\/span><\/p>\n<p>[\/et_pb_blurb][et_pb_blurb title=\u00bbCapacidades anfibias y vers\u00e1tiles\u00bb use_icon=\u00bbon\u00bb font_icon=\u00bb&#x24;||divi||400&#8243; icon_color=\u00bb#000000&#8243; icon_placement=\u00bbleft\u00bb image_icon_width=\u00bb29px\u00bb content_max_width=\u00bb1100px\u00bb _builder_version=\u00bb4.27.5&#8243; _module_preset=\u00bbdefault\u00bb header_font_size=\u00bb17px\u00bb custom_margin=\u00bb||10px||false|false\u00bb global_colors_info=\u00bb{}\u00bb]<\/p>\n<p>Gracias a su dise\u00f1o, pueden <strong>despegar y aterrizar en m\u00faltiples superficies<\/strong>, incluyendo terrenos irregulares o entornos acu\u00e1ticos. Esta versatilidad aumenta las opciones de despliegue y facilita las operaciones en zonas donde no existen infraestructuras preparadas.<\/p>\n<p>[\/et_pb_blurb][\/et_pb_column][et_pb_column type=\u00bb1_2&#8243; _builder_version=\u00bb4.27.5&#8243; _module_preset=\u00bbdefault\u00bb global_colors_info=\u00bb{}\u00bb][et_pb_blurb title=\u00bbConfiguraci\u00f3n personalizable\u00bb use_icon=\u00bbon\u00bb font_icon=\u00bb&#x24;||divi||400&#8243; icon_color=\u00bb#000000&#8243; icon_placement=\u00bbleft\u00bb image_icon_width=\u00bb29px\u00bb content_max_width=\u00bb1100px\u00bb _builder_version=\u00bb4.27.5&#8243; _module_preset=\u00bbdefault\u00bb header_font_size=\u00bb17px\u00bb custom_margin=\u00bb||10px||false|false\u00bb global_colors_info=\u00bb{}\u00bb]<\/p>\n<p style=\"text-align: justify;\">Cada aeronave puede ajustarse a las necesidades espec\u00edficas de la misi\u00f3n, ya sea <strong>agr\u00edcola, log\u00edstica, t\u00e1ctica o de emergencia<\/strong>. La modularidad del sistema permite integrar herramientas, software y cargas \u00fatiles espec\u00edficas para maximizar la eficacia en cada escenario.<\/p>\n<p>[\/et_pb_blurb][et_pb_blurb title=\u00bbAlta capacidad de carga\u00bb use_icon=\u00bbon\u00bb font_icon=\u00bb&#x24;||divi||400&#8243; icon_color=\u00bb#000000&#8243; icon_placement=\u00bbleft\u00bb image_icon_width=\u00bb29px\u00bb content_max_width=\u00bb1100px\u00bb _builder_version=\u00bb4.27.5&#8243; _module_preset=\u00bbdefault\u00bb header_font_size=\u00bb17px\u00bb custom_margin=\u00bb||10px||false|false\u00bb global_colors_info=\u00bb{}\u00bb]<\/p>\n<p style=\"text-align: justify;\">Su estructura est\u00e1 dise\u00f1ada para transportar <strong>sensores avanzados, c\u00e1maras especializadas, equipamiento t\u00e9cnico o cargas ligeras<\/strong>, adapt\u00e1ndose a distintos tipos de misi\u00f3n. Esto permite recopilar m\u00e1s informaci\u00f3n por vuelo y ampliar las posibilidades funcionales del sistema.<\/p>\n<p>[\/et_pb_blurb][\/et_pb_column][\/et_pb_row][et_pb_row column_structure=\u00bb1_3,1_3,1_3&#8243; _builder_version=\u00bb4.27.4&#8243; _module_preset=\u00bbdefault\u00bb custom_margin=\u00bb19px|auto||auto||\u00bb custom_padding=\u00bb2px||50px|||\u00bb global_colors_info=\u00bb{}\u00bb][et_pb_column type=\u00bb1_3&#8243; _builder_version=\u00bb4.27.4&#8243; _module_preset=\u00bbdefault\u00bb global_colors_info=\u00bb{}\u00bb][et_pb_text _builder_version=\u00bb4.27.5&#8243; _module_preset=\u00bbdefault\u00bb global_colors_info=\u00bb{}\u00bb]<\/p>\n<h3>Infraestructuras disponibles<\/h3>\n<div>\n<p style=\"text-align: justify;\">ACK3 ofrece una gama completa de infraestructuras modulares adaptadas a operaciones cr\u00edticas y despliegues r\u00e1pidos. Entre ellas se incluyen <strong>hangares de construcci\u00f3n r\u00e1pida<\/strong> para aeronaves y mantenimiento t\u00e9cnico, <strong>talleres y centros de operaciones<\/strong> para unidades t\u00e1cticas o industriales, <strong>almacenes modulares<\/strong> pensados para log\u00edstica y distribuci\u00f3n, as\u00ed como <strong>instalaciones de emergencia<\/strong> destinadas a respuesta inmediata o apoyo humanitario. Tambi\u00e9n desarrollamos <strong>campamentos operativos<\/strong> para misiones temporales o remotas y <strong>proyectos especiales<\/strong> totalmente a medida seg\u00fan las necesidades del cliente, garantizando rapidez, funcionalidad y alta resistencia en cada soluci\u00f3n.<\/p>\n<\/div>\n<div><\/div>\n<p>[\/et_pb_text][\/et_pb_column][et_pb_column type=\u00bb1_3&#8243; _builder_version=\u00bb4.27.4&#8243; _module_preset=\u00bbdefault\u00bb global_colors_info=\u00bb{}\u00bb][et_pb_text _builder_version=\u00bb4.27.5&#8243; _module_preset=\u00bbdefault\u00bb global_colors_info=\u00bb{}\u00bb]<\/p>\n<h3>C\u00f3mo trabajamos<\/h3>\n<div>\n<p style=\"text-align: justify;\"><span style=\"font-size: 17px;\">Partimos de un <\/span><strong style=\"font-size: 17px;\">an\u00e1lisis detallado de las necesidades<\/strong><span style=\"font-size: 17px;\"> del cliente, evaluando capacidad, entorno de despliegue, tiempos de operaci\u00f3n, clima y requisitos funcionales. Con esta informaci\u00f3n<\/span><strong style=\"font-size: 17px;\"> dise\u00f1amos una soluci\u00f3n modular<\/strong><span style=\"font-size: 17px;\"> y totalmente personalizada, fabricada con materiales certificados y preparada para un transporte seguro y una instalaci\u00f3n r\u00e1pida. Finalmente, nuestro equipo <\/span><strong style=\"font-size: 17px;\">entrega la infraestructura<\/strong><span style=\"font-size: 17px;\"> completamente operativa y ofrece soporte continuo, mantenimiento preventivo y asistencia especializada cuando sea necesario, garantizando siempre fiabilidad, eficiencia y continuidad operativa en cada proyecto.<\/span><span style=\"font-size: 17px;\"><\/span><\/p>\n<p>&nbsp;<\/p>\n<\/div>\n<p>[\/et_pb_text][\/et_pb_column][et_pb_column type=\u00bb1_3&#8243; _builder_version=\u00bb4.27.4&#8243; _module_preset=\u00bbdefault\u00bb global_colors_info=\u00bb{}\u00bb][et_pb_text _builder_version=\u00bb4.27.5&#8243; _module_preset=\u00bbdefault\u00bb global_colors_info=\u00bb{}\u00bb]<\/p>\n<h3>Garant\u00eda de calidad\u00a0<\/h3>\n<p style=\"text-align: justify;\">\u00a0Se fundamenta en el uso de <strong>materiales certificados y resistentes a condiciones extremas<\/strong>, asegurando un rendimiento fiable incluso en entornos exigentes. Sus <strong>dise\u00f1os modulares, escalables y reconfigurables<\/strong> permiten adaptar cada soluci\u00f3n a las necesidades operativas del cliente. Adem\u00e1s, nuestros equipos se destacan por <strong>proyectos instalados en tiempos r\u00e9cord sin sacrificar calidad<\/strong>, manteniendo siempre los m\u00e1s altos est\u00e1ndares t\u00e9cnicos. Todo ello se complementa con un <strong>soporte t\u00e9cnico y mantenimiento integral<\/strong>, que garantiza continuidad, seguridad y eficiencia en cada implementaci\u00f3n.<\/p>\n<p>&nbsp;<\/p>\n<p>&nbsp;<\/p>\n<p>[\/et_pb_text][\/et_pb_column][\/et_pb_row][et_pb_row _builder_version=\u00bb4.27.0&#8243; _module_preset=\u00bbdefault\u00bb custom_padding=\u00bb0px|||||\u00bb global_colors_info=\u00bb{}\u00bb][et_pb_column type=\u00bb4_4&#8243; _builder_version=\u00bb4.27.0&#8243; _module_preset=\u00bbdefault\u00bb global_colors_info=\u00bb{}\u00bb][et_pb_divider _builder_version=\u00bb4.27.0&#8243; _module_preset=\u00bbdefault\u00bb global_colors_info=\u00bb{}\u00bb][\/et_pb_divider][\/et_pb_column][\/et_pb_row][et_pb_row _builder_version=\u00bb4.24.0&#8243; _module_preset=\u00bbdefault\u00bb global_module=\u00bb25841311&#8243; saved_tabs=\u00bball\u00bb locked=\u00bboff\u00bb global_colors_info=\u00bb{}\u00bb][et_pb_column type=\u00bb4_4&#8243; _builder_version=\u00bb4.24.0&#8243; _module_preset=\u00bbdefault\u00bb global_colors_info=\u00bb{}\u00bb][et_pb_text _builder_version=\u00bb4.24.0&#8243; _module_preset=\u00bbe9776427-b859-4288-b0a2-c7103567bb8c\u00bb global_colors_info=\u00bb{}\u00bb]<\/p>\n<p style=\"text-align: center;\">Cont\u00e1ctanos<\/p>\n<p>[\/et_pb_text][et_pb_text _builder_version=\u00bb4.24.2&#8243; _dynamic_attributes=\u00bbcontent\u00bb _module_preset=\u00bb13ddcc34-f131-47ca-8026-edc37a2f8af8&#8243; header_2_text_align=\u00bbcenter\u00bb custom_margin=\u00bb||5px||false|false\u00bb global_colors_info=\u00bb{}\u00bb]@ET-DC@eyJkeW5hbWljIjp0cnVlLCJjb250ZW50IjoicG9zdF90aXRsZSIsInNldHRpbmdzIjp7ImJlZm9yZSI6IjxoMj4gXHUwMGJmRXN0XHUwMGUxcyBpbnRlcmVzYWRvIGVuIGxvcyBzZXJ2aWNpb3MgZGUgIiwiYWZ0ZXIiOiJkZSBBQ0szPzwvaDI+In19@[\/et_pb_text][et_pb_text _builder_version=\u00bb4.24.0&#8243; _module_preset=\u00bb13ddcc34-f131-47ca-8026-edc37a2f8af8&#8243; global_colors_info=\u00bb{}\u00bb]<\/p>\n<p style=\"text-align: center;\">Ponte en contacto con nosotros completando el siguiente formulario:<\/p>\n<p>[\/et_pb_text][dipi_gravity_forms_styler gf_form_id=\u00bb1&#8243; form_title=\u00bbhide\u00bb _builder_version=\u00bb4.24.0&#8243; _module_preset=\u00bbdefault\u00bb form_title_font_size=\u00bb0px\u00bb field_label_font=\u00bbTrade Gothic LT Bold Extended||||||||\u00bb field_label_font_size=\u00bb15px\u00bb required_field_indicator_font_size=\u00bb15px\u00bb field_description_font_size=\u00bb16px\u00bb checkbox_radio_label_font_size=\u00bb17px\u00bb custom_all=\u00bbon\u00bb all_text_size=\u00bb17px\u00bb all_bg_color=\u00bb#000000&#8243; all_font=\u00bb|600|||||||\u00bb all_use_icon=\u00bboff\u00bb max_width=\u00bb78%\u00bb max_width_tablet=\u00bb100%\u00bb max_width_phone=\u00bb\u00bb max_width_last_edited=\u00bbon|desktop\u00bb module_alignment=\u00bbcenter\u00bb global_colors_info=\u00bb{}\u00bb all_bg_color__hover_enabled=\u00bbon|hover\u00bb all_bg_color__hover=\u00bb#535353&#8243; all_bg_enable_color__hover=\u00bbon\u00bb][\/dipi_gravity_forms_styler][\/et_pb_column][\/et_pb_row][\/et_pb_section]<\/p>\n","protected":false},"excerpt":{"rendered":"<p>Infraestructuras modulares r\u00e1pidas y resistentes: hangares, talleres, almacenes, campamentos e instalaciones de emergencia adaptadas a cualquier operaci\u00f3n.<\/p>\n","protected":false},"author":2,"featured_media":25863724,"parent":25843931,"menu_order":0,"comment_status":"closed","ping_status":"closed","template":"","meta":{"_et_pb_use_builder":"on","_et_pb_old_content":"","_et_gb_content_width":"","footnotes":""},"dipi_cpt_category":[1240,1239],"class_list":["post-25863721","page","type-page","status-publish","has-post-thumbnail","hentry","dipi_cpt_category-campamentos","dipi_cpt_category-infraestructuras"],"_links":{"self":[{"href":"https:\/\/ack3.eu\/es\/wp-json\/wp\/v2\/pages\/25863721","targetHints":{"allow":["GET"]}}],"collection":[{"href":"https:\/\/ack3.eu\/es\/wp-json\/wp\/v2\/pages"}],"about":[{"href":"https:\/\/ack3.eu\/es\/wp-json\/wp\/v2\/types\/page"}],"author":[{"embeddable":true,"href":"https:\/\/ack3.eu\/es\/wp-json\/wp\/v2\/users\/2"}],"replies":[{"embeddable":true,"href":"https:\/\/ack3.eu\/es\/wp-json\/wp\/v2\/comments?post=25863721"}],"version-history":[{"count":0,"href":"https:\/\/ack3.eu\/es\/wp-json\/wp\/v2\/pages\/25863721\/revisions"}],"up":[{"embeddable":true,"href":"https:\/\/ack3.eu\/es\/wp-json\/wp\/v2\/pages\/25843931"}],"wp:featuredmedia":[{"embeddable":true,"href":"https:\/\/ack3.eu\/es\/wp-json\/wp\/v2\/media\/25863724"}],"wp:attachment":[{"href":"https:\/\/ack3.eu\/es\/wp-json\/wp\/v2\/media?parent=25863721"}],"wp:term":[{"taxonomy":"dipi_cpt_category","embeddable":true,"href":"https:\/\/ack3.eu\/es\/wp-json\/wp\/v2\/dipi_cpt_category?post=25863721"}],"curies":[{"name":"wp","href":"https:\/\/api.w.org\/{rel}","templated":true}]}}