{"id":25863675,"date":"2026-01-29T07:20:29","date_gmt":"2026-01-29T06:20:29","guid":{"rendered":"https:\/\/ack3.eu\/?page_id=25863675"},"modified":"2026-02-09T06:57:51","modified_gmt":"2026-02-09T05:57:51","slug":"vision-nocturna","status":"publish","type":"page","link":"https:\/\/ack3.eu\/es\/productos\/soluciones-y-equipamiento\/vision-nocturna\/","title":{"rendered":"\u00d3ptica de visi\u00f3n nocturna"},"content":{"rendered":"<p>[et_pb_section fb_built=\u00bb1&#8243; _builder_version=\u00bb4.24.0&#8243; _module_preset=\u00bbdefault\u00bb background_color=\u00bb#000000&#8243; background_pattern_repeat_origin=\u00bbcenter\u00bb custom_padding=\u00bb13px||13px||true|false\u00bb saved_tabs=\u00bball\u00bb locked=\u00bboff\u00bb global_colors_info=\u00bb{}\u00bb][et_pb_row _builder_version=\u00bb4.24.0&#8243; _module_preset=\u00bb32edda46-f9f8-4bcc-acb6-81abff8182ae\u00bb custom_margin=\u00bb||0px||false|false\u00bb custom_padding=\u00bb4px||4px||true|false\u00bb global_colors_info=\u00bb{}\u00bb][et_pb_column type=\u00bb4_4&#8243; _builder_version=\u00bb4.20.4&#8243; _module_preset=\u00bbdefault\u00bb global_colors_info=\u00bb{}\u00bb][dipi_breadcrumbs bc_home_text=\u00bbHome\u00bb bc_home_url=\u00bb\/\u00bb bc_items_alignment=\u00bbdipi-bc-left\u00bb bc_item_padding=\u00bb|10px||10px|false|true\u00bb bc_active_item_padding=\u00bb|20px||10px|true|false\u00bb _builder_version=\u00bb4.24.0&#8243; _module_preset=\u00bbdefault\u00bb active_text_color=\u00bb#BADFF7&#8243; global_colors_info=\u00bb{}\u00bb][\/dipi_breadcrumbs][\/et_pb_column][\/et_pb_row][\/et_pb_section][et_pb_section fb_built=\u00bb1&#8243; _builder_version=\u00bb4.24.0&#8243; _module_preset=\u00bbdefault\u00bb locked=\u00bboff\u00bb global_colors_info=\u00bb{}\u00bb][et_pb_row _builder_version=\u00bb4.24.0&#8243; _module_preset=\u00bbdefault\u00bb locked=\u00bboff\u00bb global_colors_info=\u00bb{}\u00bb][et_pb_column type=\u00bb4_4&#8243; _builder_version=\u00bb4.24.0&#8243; _module_preset=\u00bbdefault\u00bb global_colors_info=\u00bb{}\u00bb][et_pb_text _builder_version=\u00bb4.27.5&#8243; _module_preset=\u00bb13ddcc34-f131-47ca-8026-edc37a2f8af8&#8243; custom_padding=\u00bb1px|||||\u00bb hover_enabled=\u00bb0&#8243; global_colors_info=\u00bb{}\u00bb sticky_enabled=\u00bb0&#8243;]<\/p>\n<h1 style=\"text-align: center;\"><strong>\u00d3ptica: Visi\u00f3n nocturna <\/strong><\/h1>\n<h6 style=\"text-align: center;\"><span style=\"font-size: 22px;\">Claridad t\u00e1ctica y precisi\u00f3n total con baja iluminaci\u00f3n<\/span><\/h6>\n<div>\n<p style=\"text-align: center;\">Las <strong>\u00f3pticas de visi\u00f3n nocturna de ACK3<\/strong> ofrece gafas, mon\u00f3culos y binoculares de alta definici\u00f3n dise\u00f1ados para proporcionar visi\u00f3n precisa en la oscuridad. Equipados con <strong>detecci\u00f3n avanzada de movimiento<\/strong>, <strong>intensificaci\u00f3n de luz baja<\/strong> y <strong>tecnolog\u00eda t\u00e9rmica<\/strong>, estos dispositivos permiten identificar personas, objetos y amenazas incluso en condiciones de visibilidad m\u00ednima, siendo ideales para vigilancia, operaciones t\u00e1cticas, patrullaje y exploraci\u00f3n nocturna.<\/p>\n<\/div>\n<p>[\/et_pb_text][\/et_pb_column][\/et_pb_row][et_pb_row column_structure=\u00bb1_2,1_2&#8243; module_class=\u00bbagf-vertical-align\u00bb _builder_version=\u00bb4.24.0&#8243; _module_preset=\u00bbdefault\u00bb custom_padding=\u00bb15px||||false|false\u00bb global_colors_info=\u00bb{}\u00bb][et_pb_column type=\u00bb1_2&#8243; _builder_version=\u00bb4.24.0&#8243; _module_preset=\u00bbdefault\u00bb global_colors_info=\u00bb{}\u00bb][et_pb_image src=\u00bbhttps:\/\/ack3.eu\/wp-content\/uploads\/2026\/01\/Opticas-de-vision-nocturna.jpg\u00bb alt=\u00bbopticas de vision nocturnas\u00bb title_text=\u00bb\u00d3pticas de visi\u00f3n nocturna\u00bb _builder_version=\u00bb4.27.5&#8243; _module_preset=\u00bbdefault\u00bb global_colors_info=\u00bb{}\u00bb][\/et_pb_image][\/et_pb_column][et_pb_column type=\u00bb1_2&#8243; _builder_version=\u00bb4.24.0&#8243; _module_preset=\u00bbdefault\u00bb global_colors_info=\u00bb{}\u00bb][et_pb_text _builder_version=\u00bb4.27.5&#8243; _module_preset=\u00bbdefault\u00bb custom_padding=\u00bb31px|||||\u00bb global_colors_info=\u00bb{}\u00bb]<\/p>\n<blockquote>\n<h2 style=\"text-align: left;\">\u00bfQu\u00e9 son las \u00f3pticas de visi\u00f3n nocturna?<\/h2>\n<div>\n<p style=\"text-align: justify;\">\n<div style=\"text-align: justify;\"><strong>Las \u00f3pticas de<a href=\"https:\/\/vidaliax.com\/que-es-la-vision-escotopica-vision-nocturna\" target=\"_blank\" rel=\"noopener\"> visi\u00f3n nocturna<\/a> son dispositivos dise\u00f1ados para permitir la observaci\u00f3n en condiciones de poca luz o incluso en completa oscuridad. Funcionan mediante tecnolog\u00edas como la intensificaci\u00f3n de luz, que amplifica la luminosidad natural del entorno, o la imagen t\u00e9rmica, capaz de detectar el calor emitido por personas, animales y objetos. Disponibles en formatos como gafas, mon\u00f3culos y binoculares, estos equipos resultan esenciales en tareas de vigilancia, operaciones t\u00e1cticas, misiones de rescate y actividades de exploraci\u00f3n nocturna, ofreciendo mayor seguridad y precisi\u00f3n en entornos adversos.<\/strong><\/div>\n<\/div>\n<\/blockquote>\n<p>[\/et_pb_text][\/et_pb_column][\/et_pb_row][et_pb_row _builder_version=\u00bb4.27.4&#8243; _module_preset=\u00bbdefault\u00bb custom_margin=\u00bb19px|auto||auto||\u00bb custom_padding=\u00bb2px||50px|||\u00bb global_colors_info=\u00bb{}\u00bb][et_pb_column type=\u00bb4_4&#8243; _builder_version=\u00bb4.27.4&#8243; _module_preset=\u00bbdefault\u00bb global_colors_info=\u00bb{}\u00bb][et_pb_text _builder_version=\u00bb4.27.5&#8243; _module_preset=\u00bbdefault\u00bb global_colors_info=\u00bb{}\u00bb]<\/p>\n<h2 style=\"text-align: center;\">C\u00f3mo se integra en la operaci\u00f3n<\/h2>\n<div>\n<p style=\"text-align: center;\">Comenzamos <strong>evaluando el tipo de misi\u00f3n, entorno y nivel de visibilidad requerido<\/strong>. Con esa informaci\u00f3n seleccionamos el dispositivo m\u00e1s adecuado,<strong> realizamos calibraciones iniciales y entregamos el equipo listo para su despliegue<\/strong>. Adem\u00e1s, proporcionamos entrenamiento pr\u00e1ctico para garantizar un manejo eficiente y seguro.<\/p>\n<\/div>\n<p>[\/et_pb_text][\/et_pb_column][\/et_pb_row][et_pb_row _builder_version=\u00bb4.24.2&#8243; _module_preset=\u00bbdefault\u00bb min_height=\u00bb51.8px\u00bb custom_padding=\u00bb2px||0px|||\u00bb global_colors_info=\u00bb{}\u00bb][et_pb_column type=\u00bb4_4&#8243; _builder_version=\u00bb4.24.2&#8243; _module_preset=\u00bbdefault\u00bb global_colors_info=\u00bb{}\u00bb][et_pb_text _builder_version=\u00bb4.27.5&#8243; _module_preset=\u00bbdefault\u00bb custom_margin=\u00bb||10px||false|false\u00bb global_colors_info=\u00bb{}\u00bb]<\/p>\n<h3>Beneficios<\/h3>\n<p>[\/et_pb_text][et_pb_divider _builder_version=\u00bb4.24.0&#8243; _module_preset=\u00bbdefault\u00bb max_width=\u00bb9%\u00bb max_width_tablet=\u00bb15%\u00bb max_width_phone=\u00bb15%\u00bb max_width_last_edited=\u00bbon|phone\u00bb min_height=\u00bb5.8px\u00bb custom_margin=\u00bb||10px||false|false\u00bb global_colors_info=\u00bb{}\u00bb][\/et_pb_divider][\/et_pb_column][\/et_pb_row][et_pb_row column_structure=\u00bb1_2,1_2&#8243; use_custom_gutter=\u00bbon\u00bb gutter_width=\u00bb2&#8243; _builder_version=\u00bb4.27.5&#8243; _module_preset=\u00bbdefault\u00bb background_color=\u00bb#F6FAFD\u00bb min_height=\u00bb406.6px\u00bb custom_padding=\u00bb0px|30px|0px|30px|true|true\u00bb global_colors_info=\u00bb{}\u00bb][et_pb_column type=\u00bb1_2&#8243; _builder_version=\u00bb4.24.0&#8243; _module_preset=\u00bbdefault\u00bb global_colors_info=\u00bb{}\u00bb][et_pb_blurb title=\u00bbAutonom\u00eda prolongada\u00bb use_icon=\u00bbon\u00bb font_icon=\u00bb&#x24;||divi||400&#8243; icon_color=\u00bb#000000&#8243; icon_placement=\u00bbleft\u00bb image_icon_width=\u00bb29px\u00bb content_max_width=\u00bb1100px\u00bb _builder_version=\u00bb4.27.5&#8243; _module_preset=\u00bbdefault\u00bb header_font_size=\u00bb17px\u00bb custom_margin=\u00bb||10px||false|false\u00bb global_colors_info=\u00bb{}\u00bb]<\/p>\n<p style=\"text-align: justify;\">La aeronave puede mantenerse en vuelo hasta <strong>25 horas continuas<\/strong>, permitiendo misiones de vigilancia, patrullaje o monitoreo sin interrupciones. Esto reduce la frecuencia de aterrizajes, disminuye costos operativos y garantiza una cobertura a\u00e9rea constante incluso en operaciones de larga duraci\u00f3n.<\/p>\n<p>[\/et_pb_blurb][et_pb_blurb title=\u00bbConfiguraci\u00f3n modular y automatizaci\u00f3n avanzada\u00bb use_icon=\u00bbon\u00bb font_icon=\u00bb&#x24;||divi||400&#8243; icon_color=\u00bb#000000&#8243; icon_placement=\u00bbleft\u00bb image_icon_width=\u00bb29px\u00bb content_max_width=\u00bb1100px\u00bb _builder_version=\u00bb4.27.5&#8243; _module_preset=\u00bbdefault\u00bb header_font_size=\u00bb17px\u00bb custom_margin=\u00bb||10px||false|false\u00bb global_colors_info=\u00bb{}\u00bb]<\/p>\n<div style=\"text-align: justify;\">Cada unidad puede ajustarse para cumplir funciones espec\u00edficas, desde agricultura hasta misiones t\u00e1cticas o de emergencia, gracias a una arquitectura modular. Adem\u00e1s, su alto nivel de automatizaci\u00f3n reduce la dependencia de operadores, mejora la seguridad y optimiza el uso de recursos durante la operaci\u00f3n.<\/div>\n<p>[\/et_pb_blurb][\/et_pb_column][et_pb_column type=\u00bb1_2&#8243; _builder_version=\u00bb4.24.0&#8243; _module_preset=\u00bbdefault\u00bb global_colors_info=\u00bb{}\u00bb][et_pb_blurb title=\u00bbAlta capacidad y versatilidad de carga\u00bb use_icon=\u00bbon\u00bb font_icon=\u00bb&#x24;||divi||400&#8243; icon_color=\u00bb#000000&#8243; icon_placement=\u00bbleft\u00bb image_icon_width=\u00bb29px\u00bb content_max_width=\u00bb1100px\u00bb _builder_version=\u00bb4.27.5&#8243; _module_preset=\u00bbdefault\u00bb header_font_size=\u00bb17px\u00bb custom_margin=\u00bb||10px||false|false\u00bb global_colors_info=\u00bb{}\u00bb]<\/p>\n<p style=\"text-align: justify;\">Su estructura permite integrar <strong>sensores especializados, c\u00e1maras avanzadas, equipamiento t\u00e9cnico o cargas log\u00edsticas<\/strong> seg\u00fan la necesidad. Esta flexibilidad facilita su uso en aplicaciones agr\u00edcolas, industriales, t\u00e1cticas o de transporte, asegurando siempre un funcionamiento seguro y estable.<\/p>\n<p>[\/et_pb_blurb][et_pb_blurb title=\u00bbOperaci\u00f3n multisuperficie\u00bb use_icon=\u00bbon\u00bb font_icon=\u00bb&#x24;||divi||400&#8243; icon_color=\u00bb#000000&#8243; icon_placement=\u00bbleft\u00bb image_icon_width=\u00bb29px\u00bb content_max_width=\u00bb1100px\u00bb _builder_version=\u00bb4.27.5&#8243; _module_preset=\u00bbdefault\u00bb header_font_size=\u00bb17px\u00bb custom_margin=\u00bb||10px||false|false\u00bb global_colors_info=\u00bb{}\u00bb]<\/p>\n<p style=\"text-align: justify;\">Gracias a sus capacidades anfibias, el sistema puede <strong>despegar y aterrizar en tierra, agua o superficies no preparadas<\/strong>. Esto ampl\u00eda significativamente las opciones de despliegue, permitiendo operar en zonas remotas, \u00e1reas afectadas por desastres o entornos donde la infraestructura es limitada o inexistente.<\/p>\n<p>[\/et_pb_blurb][\/et_pb_column][\/et_pb_row][et_pb_row column_structure=\u00bb1_3,1_3,1_3&#8243; _builder_version=\u00bb4.24.2&#8243; _module_preset=\u00bbdefault\u00bb custom_padding=\u00bb||0px|||\u00bb global_colors_info=\u00bb{}\u00bb][et_pb_column type=\u00bb1_3&#8243; _builder_version=\u00bb4.24.2&#8243; _module_preset=\u00bbdefault\u00bb global_colors_info=\u00bb{}\u00bb][et_pb_text _builder_version=\u00bb4.27.5&#8243; _module_preset=\u00bbdefault\u00bb custom_margin=\u00bb||40px|||\u00bb global_colors_info=\u00bb{}\u00bb]<\/p>\n<h3 style=\"text-align: justify;\">Aplicaciones destacadas<\/h3>\n<p style=\"text-align: justify;\">Las \u00f3pticas de visi\u00f3n nocturna son esenciales en m\u00faltiples escenarios operativos, permitiendo realizar <strong>vigilancia nocturna y control perimetral<\/strong> con precisi\u00f3n, as\u00ed como apoyar <strong>operaciones t\u00e1cticas encubiertas<\/strong> donde la discreci\u00f3n es cr\u00edtica. Tambi\u00e9n son fundamentales en <strong>exploraci\u00f3n y b\u00fasqueda en entornos remotos<\/strong>, ofreciendo visibilidad en zonas sin iluminaci\u00f3n. M\u00e1s all\u00e1 del \u00e1mbito t\u00e1ctico, permiten la <strong>observaci\u00f3n de fauna y estudios ambientales<\/strong> sin perturbar el entorno, y proporcionan un recurso vital en el <strong>apoyo a misiones de rescate<\/strong>, facilitando la localizaci\u00f3n de personas en condiciones de oscuridad total.<\/p>\n<p>[\/et_pb_text][\/et_pb_column][et_pb_column type=\u00bb1_3&#8243; _builder_version=\u00bb4.24.2&#8243; _module_preset=\u00bbdefault\u00bb global_colors_info=\u00bb{}\u00bb][et_pb_text _builder_version=\u00bb4.27.5&#8243; _module_preset=\u00bbdefault\u00bb global_colors_info=\u00bb{}\u00bb]<\/p>\n<h3 style=\"text-align: left;\"><span style=\"text-align: justify;\">Garant\u00edas y soporte<\/span><\/h3>\n<div>\n<div dir=\"auto\" id=\"copilot-message-rf6\" class=\"fai-CopilotMessage__content r1izxv8h ___7qar2c0 fcthzvy\">\n<div dir=\"auto\">\n<div class=\"___1vve6yh f22iagw f1vx9l62 f122n59 f3bhgqh f1mnxvew fly5x3f\">\n<div class=\"___j4vmuw0 f22iagw f1vx9l62 f1869bpl fly5x3f fbc6vix\">\n<div data-testid=\"loading-message\" data-fui-focus-visible=\"\" tabindex=\"-1\">\n<div id=\"chatMessageResponserf4\" class=\"___1yop6mf f336tjw f9ijwd5 fz7g6wx fod5ikn f1s184ao\" data-testid=\"lastChatMessage\">\n<div aria-hidden=\"false\" class=\"___1j4t0a1 f1lmfglv f1abmfm4\" data-testid=\"markdown-reply\" data-message-type=\"Chat\">\n<div class=\"___stpibi0 f22iagw f1vx9l62 fk15e71 f1k953kz f137keqj f1rncccw f1stllg3 f1w4kmmc f1tric3v f10dk5ic fx8cdsv f16nlwsl f1eookvz fhjrts3 fqugt2f f10km5jb f18d18k8 f1v1vhmp f1hdmul3 f198vjnp f2dshw1 fjpjndq fnmj2pj ffrrb40 f1mon110 fhajzam fimndk6 fxv4dng fb1rn9k f59wlhv f1xmfh30 f18yf5o5 fmr6chf fw8qy2q ff161sd f1qr7t77 f1yyogn1 foogchg fp5872b f1tpb8gf f1hdgrc8 f1vatr43 frkxccd f9pdzkb f158oiaz ft5kggy f5l4ui7 f13j03li f18xdoka f8off4e f1go6zfc f128n2ra f1jpxw2j f1lwd9n0 fy0b8hm f1g2633v fx4kvgi fkvolse f1gxrt3a f1os76ua f1js9cnw f1g87ej0 freluf8 f1yggaq6 f2i3chp f1151osp florpoh f35kzfz ftp9m57 f1e288vi fz62hnz fixvuys f1nmofwh fc1c6mv f18a2er7 fhvkrdl fhxnn68 f1oce4bo fvhlfan f7tc0t0 f1ngf1n2 ffrzq6x f1yjiq2m f1aqdgql f1huvaf f10ij78l f1k94sa4 fkmfumq f1jvzkyl f1eu24ob f1xbfc1f fmf0lwf f107dsy8 f3w566c f4648sl f13zpkng f7unjfp f8p1rz fzu6h1w f1i1bi6h f1smo7hi f1sk1xod f1kgogdq f1gjktkp ft608jz f19dd9cz fg3xr24 fhd155k f1b8gl2e fg4b9ou flb4lo fdicbfk fgwcyh1 f1jbds0d f1fb9uea f1stuka4 fcrtu6g fwqh0xn f11w66yg f6e0e65 f1vvgu0 f1607507 f1m9bycv f1ntoah8 f1b694rt faql4r2 fpjuhzh fmavl6h\">\n<p style=\"text-align: justify;\">Cada aeronave no tripulada est\u00e1 fabricada con una <strong>construcci\u00f3n robusta y materiales resistentes<\/strong>, dise\u00f1ada para soportar condiciones exigentes en campo. Todos los sistemas han sido <strong>probados en operaciones reales<\/strong>, garantizando un rendimiento confiable incluso en misiones cr\u00edticas. Adem\u00e1s, la aeronave ofrece <strong>navegaci\u00f3n precisa y estable<\/strong>, permitiendo vuelos seguros y controlados en diversos entornos. A esto se suma un completo <strong>soporte t\u00e9cnico y capacitaci\u00f3n operativa<\/strong>, que aseguran que cada cliente pueda desplegar y utilizar la aeronave con total confianza y eficiencia<span style=\"font-size: 17px;\">\u00a0<\/span><\/p>\n<\/div>\n<\/div>\n<\/div>\n<\/div>\n<\/div>\n<\/div>\n<\/div>\n<\/div>\n<\/div>\n<p>&nbsp;<\/p>\n<p>[\/et_pb_text][\/et_pb_column][et_pb_column type=\u00bb1_3&#8243; _builder_version=\u00bb4.24.2&#8243; _module_preset=\u00bbdefault\u00bb global_colors_info=\u00bb{}\u00bb][et_pb_text _builder_version=\u00bb4.27.5&#8243; _module_preset=\u00bbdefault\u00bb global_colors_info=\u00bb{}\u00bb]<\/p>\n<h3>\u00a0Integra control y an\u00e1lisis\u00a0<\/h3>\n<p style=\"text-align: justify;\">Pueden<strong> integrarse con plataformas de control, software de an\u00e1lisis y centros de mando<\/strong>, permitiendo transmisi\u00f3n en vivo de datos, video e informaci\u00f3n t\u00e1ctica. Esto facilita la toma de decisiones inmediatas, mejora la coordinaci\u00f3n entre equipos y aumenta la eficiencia de las misiones. Adem\u00e1s, el <strong>acceso remoto a la informaci\u00f3n<\/strong> permite supervisi\u00f3n continua, an\u00e1lisis predictivo y registro autom\u00e1tico de datos para auditor\u00edas o reportes operativos.<\/p>\n<p>&nbsp;<\/p>\n<p>[\/et_pb_text][\/et_pb_column][\/et_pb_row][et_pb_row _builder_version=\u00bb4.27.0&#8243; _module_preset=\u00bbdefault\u00bb custom_padding=\u00bb0px|||||\u00bb global_colors_info=\u00bb{}\u00bb][et_pb_column type=\u00bb4_4&#8243; _builder_version=\u00bb4.27.0&#8243; _module_preset=\u00bbdefault\u00bb global_colors_info=\u00bb{}\u00bb][et_pb_divider _builder_version=\u00bb4.27.0&#8243; _module_preset=\u00bbdefault\u00bb global_colors_info=\u00bb{}\u00bb][\/et_pb_divider][\/et_pb_column][\/et_pb_row][et_pb_row _builder_version=\u00bb4.24.0&#8243; _module_preset=\u00bbdefault\u00bb global_module=\u00bb25841311&#8243; saved_tabs=\u00bball\u00bb locked=\u00bboff\u00bb global_colors_info=\u00bb{}\u00bb][et_pb_column type=\u00bb4_4&#8243; _builder_version=\u00bb4.24.0&#8243; _module_preset=\u00bbdefault\u00bb global_colors_info=\u00bb{}\u00bb][et_pb_text _builder_version=\u00bb4.24.0&#8243; _module_preset=\u00bbe9776427-b859-4288-b0a2-c7103567bb8c\u00bb global_colors_info=\u00bb{}\u00bb]<\/p>\n<p style=\"text-align: center;\">Cont\u00e1ctanos<\/p>\n<p>[\/et_pb_text][et_pb_text _builder_version=\u00bb4.24.2&#8243; _dynamic_attributes=\u00bbcontent\u00bb _module_preset=\u00bb13ddcc34-f131-47ca-8026-edc37a2f8af8&#8243; header_2_text_align=\u00bbcenter\u00bb custom_margin=\u00bb||5px||false|false\u00bb global_colors_info=\u00bb{}\u00bb]@ET-DC@eyJkeW5hbWljIjp0cnVlLCJjb250ZW50IjoicG9zdF90aXRsZSIsInNldHRpbmdzIjp7ImJlZm9yZSI6IjxoMj4gXHUwMGJmRXN0XHUwMGUxcyBpbnRlcmVzYWRvIGVuIGxvcyBzZXJ2aWNpb3MgZGUgIiwiYWZ0ZXIiOiJkZSBBQ0szPzwvaDI+In19@[\/et_pb_text][et_pb_text _builder_version=\u00bb4.24.0&#8243; _module_preset=\u00bb13ddcc34-f131-47ca-8026-edc37a2f8af8&#8243; global_colors_info=\u00bb{}\u00bb]<\/p>\n<p style=\"text-align: center;\">Ponte en contacto con nosotros completando el siguiente formulario:<\/p>\n<p>[\/et_pb_text][dipi_gravity_forms_styler gf_form_id=\u00bb1&#8243; form_title=\u00bbhide\u00bb _builder_version=\u00bb4.24.0&#8243; _module_preset=\u00bbdefault\u00bb form_title_font_size=\u00bb0px\u00bb field_label_font=\u00bbTrade Gothic LT Bold Extended||||||||\u00bb field_label_font_size=\u00bb15px\u00bb required_field_indicator_font_size=\u00bb15px\u00bb field_description_font_size=\u00bb16px\u00bb checkbox_radio_label_font_size=\u00bb17px\u00bb custom_all=\u00bbon\u00bb all_text_size=\u00bb17px\u00bb all_bg_color=\u00bb#000000&#8243; all_font=\u00bb|600|||||||\u00bb all_use_icon=\u00bboff\u00bb max_width=\u00bb78%\u00bb max_width_tablet=\u00bb100%\u00bb max_width_phone=\u00bb\u00bb max_width_last_edited=\u00bbon|desktop\u00bb module_alignment=\u00bbcenter\u00bb global_colors_info=\u00bb{}\u00bb all_bg_color__hover_enabled=\u00bbon|hover\u00bb all_bg_color__hover=\u00bb#535353&#8243; all_bg_enable_color__hover=\u00bbon\u00bb][\/dipi_gravity_forms_styler][\/et_pb_column][\/et_pb_row][\/et_pb_section]<\/p>\n","protected":false},"excerpt":{"rendered":"<p>Visi\u00f3n nocturna para vigilancia, operaciones t\u00e1cticas, exploraci\u00f3n remota, estudios ambientales y apoyo crucial en misiones de rescate.<\/p>\n","protected":false},"author":2,"featured_media":25863683,"parent":25843931,"menu_order":0,"comment_status":"closed","ping_status":"closed","template":"","meta":{"_et_pb_use_builder":"on","_et_pb_old_content":"","_et_gb_content_width":"","footnotes":""},"dipi_cpt_category":[1236,1235],"class_list":["post-25863675","page","type-page","status-publish","has-post-thumbnail","hentry","dipi_cpt_category-opticas","dipi_cpt_category-vision-nocturna"],"_links":{"self":[{"href":"https:\/\/ack3.eu\/es\/wp-json\/wp\/v2\/pages\/25863675","targetHints":{"allow":["GET"]}}],"collection":[{"href":"https:\/\/ack3.eu\/es\/wp-json\/wp\/v2\/pages"}],"about":[{"href":"https:\/\/ack3.eu\/es\/wp-json\/wp\/v2\/types\/page"}],"author":[{"embeddable":true,"href":"https:\/\/ack3.eu\/es\/wp-json\/wp\/v2\/users\/2"}],"replies":[{"embeddable":true,"href":"https:\/\/ack3.eu\/es\/wp-json\/wp\/v2\/comments?post=25863675"}],"version-history":[{"count":0,"href":"https:\/\/ack3.eu\/es\/wp-json\/wp\/v2\/pages\/25863675\/revisions"}],"up":[{"embeddable":true,"href":"https:\/\/ack3.eu\/es\/wp-json\/wp\/v2\/pages\/25843931"}],"wp:featuredmedia":[{"embeddable":true,"href":"https:\/\/ack3.eu\/es\/wp-json\/wp\/v2\/media\/25863683"}],"wp:attachment":[{"href":"https:\/\/ack3.eu\/es\/wp-json\/wp\/v2\/media?parent=25863675"}],"wp:term":[{"taxonomy":"dipi_cpt_category","embeddable":true,"href":"https:\/\/ack3.eu\/es\/wp-json\/wp\/v2\/dipi_cpt_category?post=25863675"}],"curies":[{"name":"wp","href":"https:\/\/api.w.org\/{rel}","templated":true}]}}