{"id":25863589,"date":"2026-01-29T05:53:18","date_gmt":"2026-01-29T04:53:18","guid":{"rendered":"https:\/\/ack3.eu\/?page_id=25863589"},"modified":"2026-02-09T06:59:10","modified_gmt":"2026-02-09T05:59:10","slug":"navegacion","status":"publish","type":"page","link":"https:\/\/ack3.eu\/es\/productos\/soluciones-y-equipamiento\/navegacion\/","title":{"rendered":"Sistemas de navegaci\u00f3n superficial"},"content":{"rendered":"<p>[et_pb_section fb_built=\u00bb1&#8243; _builder_version=\u00bb4.24.0&#8243; _module_preset=\u00bbdefault\u00bb background_color=\u00bb#000000&#8243; background_pattern_repeat_origin=\u00bbcenter\u00bb custom_padding=\u00bb13px||13px||true|false\u00bb saved_tabs=\u00bball\u00bb locked=\u00bboff\u00bb global_colors_info=\u00bb{}\u00bb][et_pb_row _builder_version=\u00bb4.24.0&#8243; _module_preset=\u00bb32edda46-f9f8-4bcc-acb6-81abff8182ae\u00bb custom_margin=\u00bb||0px||false|false\u00bb custom_padding=\u00bb4px||4px||true|false\u00bb global_colors_info=\u00bb{}\u00bb][et_pb_column type=\u00bb4_4&#8243; _builder_version=\u00bb4.20.4&#8243; _module_preset=\u00bbdefault\u00bb global_colors_info=\u00bb{}\u00bb][dipi_breadcrumbs bc_home_text=\u00bbHome\u00bb bc_home_url=\u00bb\/\u00bb bc_items_alignment=\u00bbdipi-bc-left\u00bb bc_item_padding=\u00bb|10px||10px|false|true\u00bb bc_active_item_padding=\u00bb|20px||10px|true|false\u00bb _builder_version=\u00bb4.24.0&#8243; _module_preset=\u00bbdefault\u00bb active_text_color=\u00bb#BADFF7&#8243; global_colors_info=\u00bb{}\u00bb][\/dipi_breadcrumbs][\/et_pb_column][\/et_pb_row][\/et_pb_section][et_pb_section fb_built=\u00bb1&#8243; _builder_version=\u00bb4.24.0&#8243; _module_preset=\u00bbdefault\u00bb locked=\u00bboff\u00bb global_colors_info=\u00bb{}\u00bb][et_pb_row _builder_version=\u00bb4.24.0&#8243; _module_preset=\u00bbdefault\u00bb locked=\u00bboff\u00bb global_colors_info=\u00bb{}\u00bb][et_pb_column type=\u00bb4_4&#8243; _builder_version=\u00bb4.24.0&#8243; _module_preset=\u00bbdefault\u00bb global_colors_info=\u00bb{}\u00bb][et_pb_text _builder_version=\u00bb4.27.5&#8243; _module_preset=\u00bb13ddcc34-f131-47ca-8026-edc37a2f8af8&#8243; hover_enabled=\u00bb0&#8243; global_colors_info=\u00bb{}\u00bb sticky_enabled=\u00bb0&#8243;]<\/p>\n<h1 style=\"text-align: center;\">Sistema de navegaci\u00f3n superficial<\/h1>\n<h6 style=\"text-align: center;\">Capacidad mar\u00edtima avanzada para entornos complejos y de dif\u00edcil acceso<\/h6>\n<p style=\"text-align: center;\">Los <strong>sistemas de navegaci\u00f3n Superficial de ACK3<\/strong> est\u00e1n dise\u00f1ados para ampliar significativamente las capacidades operativas de unidades que trabajan en entornos acu\u00e1ticos desafiantes. Su versatilidad <strong>permite operar en lagos, r\u00edos, deltas, pantanos, archipi\u00e9lagos, v\u00edas fluviales urbanas, regiones costeras e incluso mares abiertos.<\/strong><\/p>\n<p>[\/et_pb_text][\/et_pb_column][\/et_pb_row][et_pb_row column_structure=\u00bb1_2,1_2&#8243; module_class=\u00bbagf-vertical-align\u00bb _builder_version=\u00bb4.24.0&#8243; _module_preset=\u00bbdefault\u00bb min_height=\u00bb522.4px\u00bb custom_padding=\u00bb15px||0px||false|false\u00bb locked=\u00bboff\u00bb global_colors_info=\u00bb{}\u00bb][et_pb_column type=\u00bb1_2&#8243; _builder_version=\u00bb4.24.0&#8243; _module_preset=\u00bbdefault\u00bb global_colors_info=\u00bb{}\u00bb][et_pb_image src=\u00bbhttps:\/\/ack3.eu\/wp-content\/uploads\/2026\/01\/Navegacion.jpg\u00bb alt=\u00bbNavegaci\u00f3n\u00bb title_text=\u00bbNavegacion\u00bb _builder_version=\u00bb4.27.5&#8243; _module_preset=\u00bbdefault\u00bb global_colors_info=\u00bb{}\u00bb][\/et_pb_image][\/et_pb_column][et_pb_column type=\u00bb1_2&#8243; _builder_version=\u00bb4.24.0&#8243; _module_preset=\u00bbdefault\u00bb global_colors_info=\u00bb{}\u00bb][et_pb_text _builder_version=\u00bb4.27.5&#8243; _module_preset=\u00bbdefault\u00bb custom_padding=\u00bb31px|||||\u00bb global_colors_info=\u00bb{}\u00bb]<\/p>\n<blockquote>\n<h2>\u00bfQu\u00e9 es un sistema de navegaci\u00f3n?<\/h2>\n<p style=\"text-align: justify;\">\u00a0<strong>Los Sistemas de Navegaci\u00f3n Superficial de ACK3 son plataformas especializadas dise\u00f1adas para ofrecer movilidad segura, estable y confiable en aguas complejas donde otros medios no pueden operar. Disponibles en distintos tama\u00f1os y configuraciones, permiten ejecutar misiones de rescate, recuperaci\u00f3n, vigilancia e inserci\u00f3n t\u00e1ctica en r\u00edos, pantanos, ci\u00e9nagas, marismas y zonas costeras de dif\u00edcil acceso. Su capacidad para desplazarse en aguas poco profundas, con obst\u00e1culos o en entornos desconocidos reduce de forma significativa los tiempos de respuesta y ampl\u00eda el alcance operativo en situaciones cr\u00edticas. Gracias a su dise\u00f1o robusto, maniobrabilidad y alta resistencia, se convierten en herramientas esenciales para operaciones que requieren precisi\u00f3n y eficiencia en superficie.<\/strong><\/p>\n<\/blockquote>\n<p>[\/et_pb_text][\/et_pb_column][\/et_pb_row][et_pb_row _builder_version=\u00bb4.24.0&#8243; _module_preset=\u00bbdefault\u00bb custom_margin=\u00bb|auto|-39px|auto||\u00bb custom_padding=\u00bb0px|||||\u00bb global_colors_info=\u00bb{}\u00bb][et_pb_column type=\u00bb4_4&#8243; _builder_version=\u00bb4.24.0&#8243; _module_preset=\u00bbdefault\u00bb global_colors_info=\u00bb{}\u00bb][et_pb_text _builder_version=\u00bb4.27.5&#8243; _module_preset=\u00bbdefault\u00bb global_colors_info=\u00bb{}\u00bb]<\/p>\n<blockquote><\/blockquote>\n<h3 style=\"text-align: center;\">Confianza, calidad y fundamento tecnol\u00f3gico<\/h3>\n<p style=\"text-align: center;\">\u00a0<span style=\"font-size: 20px;\">Dise\u00f1adas con fundamento tecnol\u00f3gico, estas plataformas ofrecen confianza y calidad mediante estructuras resistentes que operan con estabilidad en aguas complejas. Incorporan materiales avanzados capaces de soportar entornos exigentes y se presentan en distintos tama\u00f1os seg\u00fan la misi\u00f3n. Su alta maniobrabilidad permite un desempe\u00f1o seguro en aguas poco profundas o de acceso limitado, consolid\u00e1ndose como soluciones ideales para operaciones t\u00e1cticas y de rescate.<\/span><\/p>\n<blockquote><\/blockquote>\n<p>[\/et_pb_text][\/et_pb_column][\/et_pb_row][et_pb_row _builder_version=\u00bb4.24.2&#8243; _module_preset=\u00bbdefault\u00bb custom_padding=\u00bb2px||0px|||\u00bb locked=\u00bboff\u00bb global_colors_info=\u00bb{}\u00bb][et_pb_column type=\u00bb4_4&#8243; _builder_version=\u00bb4.24.2&#8243; _module_preset=\u00bbdefault\u00bb global_colors_info=\u00bb{}\u00bb][et_pb_text _builder_version=\u00bb4.27.5&#8243; _module_preset=\u00bbdefault\u00bb custom_margin=\u00bb||10px||false|false\u00bb global_colors_info=\u00bb{}\u00bb]<\/p>\n<h2>Beneficios<\/h2>\n<p>[\/et_pb_text][et_pb_divider _builder_version=\u00bb4.24.0&#8243; _module_preset=\u00bbdefault\u00bb max_width=\u00bb9%\u00bb max_width_tablet=\u00bb15%\u00bb max_width_phone=\u00bb15%\u00bb max_width_last_edited=\u00bbon|phone\u00bb custom_margin=\u00bb||10px||false|false\u00bb global_colors_info=\u00bb{}\u00bb][\/et_pb_divider][\/et_pb_column][\/et_pb_row][et_pb_row column_structure=\u00bb1_2,1_2&#8243; use_custom_gutter=\u00bbon\u00bb gutter_width=\u00bb2&#8243; _builder_version=\u00bb4.24.2&#8243; _module_preset=\u00bbdefault\u00bb background_color=\u00bb#F6FAFD\u00bb min_height=\u00bb533.8px\u00bb custom_padding=\u00bb0px|30px|0px|30px|true|true\u00bb locked=\u00bboff\u00bb global_colors_info=\u00bb{}\u00bb][et_pb_column type=\u00bb1_2&#8243; _builder_version=\u00bb4.24.0&#8243; _module_preset=\u00bbdefault\u00bb global_colors_info=\u00bb{}\u00bb][et_pb_blurb title=\u00bbMayor seguridad operativa\u00bb use_icon=\u00bbon\u00bb font_icon=\u00bb&#x24;||divi||400&#8243; icon_color=\u00bb#000000&#8243; icon_placement=\u00bbleft\u00bb image_icon_width=\u00bb29px\u00bb content_max_width=\u00bb1100px\u00bb _builder_version=\u00bb4.27.5&#8243; _module_preset=\u00bbdefault\u00bb header_font_size=\u00bb17px\u00bb custom_margin=\u00bb||10px||false|false\u00bb global_colors_info=\u00bb{}\u00bb]<\/p>\n<p style=\"text-align: justify;\">Su dise\u00f1o reduce significativamente los riesgos en operaciones de rescate, evaluaciones ambientales o movimientos t\u00e1cticos en aguas desconocidas. La estabilidad, maniobrabilidad y robustez estructural brindan un entorno m\u00e1s seguro para los equipos, mejorando los resultados y minimizando incidentes.<\/p>\n<p>[\/et_pb_blurb][et_pb_blurb title=\u00bbMovilidad t\u00e1ctica avanzada\u00bb use_icon=\u00bbon\u00bb font_icon=\u00bb&#x24;||divi||400&#8243; icon_color=\u00bb#000000&#8243; icon_placement=\u00bbleft\u00bb image_icon_width=\u00bb29px\u00bb content_max_width=\u00bb1100px\u00bb _builder_version=\u00bb4.27.5&#8243; _module_preset=\u00bbdefault\u00bb header_font_size=\u00bb17px\u00bb custom_margin=\u00bb||10px||false|false\u00bb global_colors_info=\u00bb{}\u00bb]<\/p>\n<p style=\"text-align: justify;\">Gracias a su desplazamiento silencioso, r\u00e1pido y estable, brindan una movilidad t\u00e1ctica superior para misiones cr\u00edticas. Esto las convierte en una herramienta ideal para operaciones donde la rapidez, la precisi\u00f3n y el factor sorpresa son esenciales, aumentando la eficacia operativa.<\/p>\n<p>[\/et_pb_blurb][et_pb_blurb title=\u00bbVersatilidad multientorno\u00bb use_icon=\u00bbon\u00bb font_icon=\u00bb&#x24;||divi||400&#8243; icon_color=\u00bb#000000&#8243; icon_placement=\u00bbleft\u00bb image_icon_width=\u00bb29px\u00bb content_max_width=\u00bb1100px\u00bb _builder_version=\u00bb4.27.5&#8243; _module_preset=\u00bbdefault\u00bb header_font_size=\u00bb17px\u00bb custom_margin=\u00bb||10px||false|false\u00bb global_colors_info=\u00bb{}\u00bb]<\/p>\n<p style=\"text-align: justify;\">Dise\u00f1adas para ofrecer un rendimiento \u00f3ptimo en m\u00faltiples escenarios, estas plataformas pueden operar con confianza en aguas interiores, zonas costeras e incluso mar abierto. Su versatilidad maximiza su utilidad en misiones de b\u00fasqueda, rescate, patrullaje o transporte especializado.\u00a0<\/p>\n<p>[\/et_pb_blurb][\/et_pb_column][et_pb_column type=\u00bb1_2&#8243; _builder_version=\u00bb4.24.0&#8243; _module_preset=\u00bbdefault\u00bb global_colors_info=\u00bb{}\u00bb][et_pb_blurb title=\u00bbAcceso a zonas antes inalcanzables\u00bb use_icon=\u00bbon\u00bb font_icon=\u00bb&#x24;||divi||400&#8243; icon_color=\u00bb#000000&#8243; icon_placement=\u00bbleft\u00bb image_icon_width=\u00bb29px\u00bb content_max_width=\u00bb1100px\u00bb _builder_version=\u00bb4.27.5&#8243; _module_preset=\u00bbdefault\u00bb header_font_size=\u00bb17px\u00bb custom_margin=\u00bb||10px||false|false\u00bb global_colors_info=\u00bb{}\u00bb]<\/p>\n<p style=\"text-align: justify;\">Estas plataformas permiten llegar a \u00e1reas donde otras embarcaciones no pueden operar, ofreciendo un acceso seguro a pantanos, deltas, canales urbanos o zonas inundadas sin riesgo de encallar. Su dise\u00f1o especializado maximiza la capacidad de navegaci\u00f3n en entornos cr\u00edticos, facilitando intervenciones r\u00e1pidas y eficientes.<\/p>\n<p>[\/et_pb_blurb][et_pb_blurb title=\u00bbAdaptabilidad por tama\u00f1o y misi\u00f3n\u00bb use_icon=\u00bbon\u00bb font_icon=\u00bb&#x24;||divi||400&#8243; icon_color=\u00bb#000000&#8243; icon_placement=\u00bbleft\u00bb image_icon_width=\u00bb29px\u00bb content_max_width=\u00bb1100px\u00bb _builder_version=\u00bb4.27.5&#8243; _module_preset=\u00bbdefault\u00bb header_font_size=\u00bb17px\u00bb custom_margin=\u00bb||10px||false|false\u00bb global_colors_info=\u00bb{}\u00bb]<\/p>\n<p style=\"text-align: justify;\">Disponibles en diversos formatos y configuraciones, permiten seleccionar la plataforma m\u00e1s adecuada para cada tipo de operaci\u00f3n. Esta adaptabilidad garantiza un uso eficiente de los recursos, optimizando el desempe\u00f1o seg\u00fan los requerimientos t\u00e1cticos, log\u00edsticos o de rescate.\u00a0<\/p>\n<p>[\/et_pb_blurb][\/et_pb_column][\/et_pb_row][et_pb_row column_structure=\u00bb1_3,1_3,1_3&#8243; _builder_version=\u00bb4.24.2&#8243; _module_preset=\u00bbdefault\u00bb min_height=\u00bb78.6px\u00bb custom_padding=\u00bb||0px|||\u00bb locked=\u00bboff\u00bb global_colors_info=\u00bb{}\u00bb][et_pb_column type=\u00bb1_3&#8243; _builder_version=\u00bb4.24.2&#8243; _module_preset=\u00bbdefault\u00bb global_colors_info=\u00bb{}\u00bb][et_pb_text _builder_version=\u00bb4.27.5&#8243; _module_preset=\u00bbdefault\u00bb custom_margin=\u00bb||40px|||\u00bb global_colors_info=\u00bb{}\u00bb]<\/p>\n<blockquote><\/blockquote>\n<h3>Soporte y garant\u00eda<\/h3>\n<p style=\"text-align: justify;\">\u00a0Los sistemas de navegaci\u00f3n superficial se prueban rigurosamente en diversos entornos para garantizar su estabilidad, maniobrabilidad y fiabilidad operativa. Adem\u00e1s, cuentan con un servicio integral que incluye asesoramiento, formaci\u00f3n, pruebas de despliegue, soporte t\u00e9cnico e integraci\u00f3n log\u00edstica, asegurando un rendimiento \u00f3ptimo en cualquier misi\u00f3n.<\/p>\n<blockquote>\n<div><\/div>\n<\/blockquote>\n<p>[\/et_pb_text][\/et_pb_column][et_pb_column type=\u00bb1_3&#8243; _builder_version=\u00bb4.24.2&#8243; _module_preset=\u00bbdefault\u00bb global_colors_info=\u00bb{}\u00bb][et_pb_text _builder_version=\u00bb4.27.5&#8243; _module_preset=\u00bbdefault\u00bb global_colors_info=\u00bb{}\u00bb]<\/p>\n<p>&nbsp;<\/p>\n<div>\n<h3><strong>Integraci\u00f3n tecnol\u00f3gica<\/strong><\/h3>\n<p style=\"text-align: justify;\">Estos sistemas permiten incorporar sensores, c\u00e1maras t\u00e9rmicas y comunicaciones t\u00e1cticas para ampliar la percepci\u00f3n y el control en misiones complejas. Su dise\u00f1o modular facilita adaptar cada plataforma a distintos escenarios sin afectar la estabilidad ni el rendimiento operativo.<\/p>\n<\/div>\n<p>[\/et_pb_text][\/et_pb_column][et_pb_column type=\u00bb1_3&#8243; _builder_version=\u00bb4.24.2&#8243; _module_preset=\u00bbdefault\u00bb global_colors_info=\u00bb{}\u00bb][et_pb_text _builder_version=\u00bb4.27.5&#8243; _module_preset=\u00bbdefault\u00bb min_height=\u00bb281.2px\u00bb global_colors_info=\u00bb{}\u00bb]<\/p>\n<p>&nbsp;<\/p>\n<div>\n<h3><strong>Eficiencia operativa<\/strong><\/h3>\n<p style=\"text-align: justify;\">Gracias a su construcci\u00f3n robusta y materiales de alta durabilidad, requieren menos mantenimiento y ofrecen una mayor disponibilidad en campo. Esto reduce costos, optimiza recursos y garantiza un desempe\u00f1o confiable incluso en misiones prolongadas o en entornos exigentes.<\/p>\n<\/div>\n<p>[\/et_pb_text][\/et_pb_column][\/et_pb_row][et_pb_row _builder_version=\u00bb4.27.5&#8243; _module_preset=\u00bbdefault\u00bb global_colors_info=\u00bb{}\u00bb][et_pb_column type=\u00bb4_4&#8243; _builder_version=\u00bb4.27.5&#8243; _module_preset=\u00bbdefault\u00bb global_colors_info=\u00bb{}\u00bb][et_pb_divider _builder_version=\u00bb4.27.5&#8243; _module_preset=\u00bbdefault\u00bb global_colors_info=\u00bb{}\u00bb][\/et_pb_divider][\/et_pb_column][\/et_pb_row][et_pb_row _builder_version=\u00bb4.24.0&#8243; _module_preset=\u00bbdefault\u00bb global_module=\u00bb25840410&#8243; saved_tabs=\u00bball\u00bb locked=\u00bboff\u00bb global_colors_info=\u00bb{}\u00bb][et_pb_column type=\u00bb4_4&#8243; _builder_version=\u00bb4.24.0&#8243; _module_preset=\u00bbdefault\u00bb global_colors_info=\u00bb{}\u00bb][et_pb_text _builder_version=\u00bb4.24.0&#8243; _module_preset=\u00bbe9776427-b859-4288-b0a2-c7103567bb8c\u00bb global_colors_info=\u00bb{}\u00bb]<\/p>\n<p style=\"text-align: center;\">Cont\u00e1ctanos<\/p>\n<p>[\/et_pb_text][et_pb_text _builder_version=\u00bb4.24.0&#8243; _dynamic_attributes=\u00bbcontent\u00bb _module_preset=\u00bb13ddcc34-f131-47ca-8026-edc37a2f8af8&#8243; header_2_text_align=\u00bbcenter\u00bb custom_margin=\u00bb||5px||false|false\u00bb global_colors_info=\u00bb{}\u00bb]@ET-DC@eyJkeW5hbWljIjp0cnVlLCJjb250ZW50IjoicG9zdF90aXRsZSIsInNldHRpbmdzIjp7ImJlZm9yZSI6IjxoMj4gXHUwMGJmRXN0XHUwMGUxcyBpbnRlcmVzYWRvIGVuIGxvcyBzZXJ2aWNpb3MgZGUgIiwiYWZ0ZXIiOiIgZGUgQUNLMz88L2gyPiJ9fQ==@[\/et_pb_text][et_pb_text _builder_version=\u00bb4.24.0&#8243; _module_preset=\u00bb13ddcc34-f131-47ca-8026-edc37a2f8af8&#8243; global_colors_info=\u00bb{}\u00bb]<\/p>\n<p style=\"text-align: center;\">Ponte en contacto con nosotros completando el siguiente formulario:<\/p>\n<p>[\/et_pb_text][dipi_gravity_forms_styler gf_form_id=\u00bb1&#8243; form_title=\u00bbhide\u00bb _builder_version=\u00bb4.24.0&#8243; _module_preset=\u00bbdefault\u00bb form_title_font_size=\u00bb0px\u00bb field_label_font=\u00bbTrade Gothic LT Bold Extended||||||||\u00bb field_label_font_size=\u00bb15px\u00bb required_field_indicator_font_size=\u00bb15px\u00bb field_description_font_size=\u00bb16px\u00bb checkbox_radio_label_font_size=\u00bb17px\u00bb custom_all=\u00bbon\u00bb all_text_size=\u00bb17px\u00bb all_bg_color=\u00bb#000000&#8243; all_font=\u00bb|600|||||||\u00bb all_use_icon=\u00bboff\u00bb max_width=\u00bb78%\u00bb max_width_tablet=\u00bb100%\u00bb max_width_phone=\u00bb100%\u00bb max_width_last_edited=\u00bbon|desktop\u00bb module_alignment=\u00bbcenter\u00bb global_colors_info=\u00bb{}\u00bb all_bg_color__hover_enabled=\u00bbon|hover\u00bb all_bg_color__hover=\u00bb#535353&#8243; all_bg_enable_color__hover=\u00bbon\u00bb][\/dipi_gravity_forms_styler][\/et_pb_column][\/et_pb_row][\/et_pb_section]<\/p>\n","protected":false},"excerpt":{"rendered":"<p>Sistemas de navegaci\u00f3n superficial de ACK3 que permiten operar en aguas complejas, ampliando el alcance t\u00e1ctico con movilidad segura y eficaz.<\/p>\n","protected":false},"author":2,"featured_media":25863592,"parent":25843931,"menu_order":0,"comment_status":"closed","ping_status":"closed","template":"","meta":{"_et_pb_use_builder":"on","_et_pb_old_content":"","_et_gb_content_width":"","footnotes":""},"dipi_cpt_category":[],"class_list":["post-25863589","page","type-page","status-publish","has-post-thumbnail","hentry"],"_links":{"self":[{"href":"https:\/\/ack3.eu\/es\/wp-json\/wp\/v2\/pages\/25863589","targetHints":{"allow":["GET"]}}],"collection":[{"href":"https:\/\/ack3.eu\/es\/wp-json\/wp\/v2\/pages"}],"about":[{"href":"https:\/\/ack3.eu\/es\/wp-json\/wp\/v2\/types\/page"}],"author":[{"embeddable":true,"href":"https:\/\/ack3.eu\/es\/wp-json\/wp\/v2\/users\/2"}],"replies":[{"embeddable":true,"href":"https:\/\/ack3.eu\/es\/wp-json\/wp\/v2\/comments?post=25863589"}],"version-history":[{"count":0,"href":"https:\/\/ack3.eu\/es\/wp-json\/wp\/v2\/pages\/25863589\/revisions"}],"up":[{"embeddable":true,"href":"https:\/\/ack3.eu\/es\/wp-json\/wp\/v2\/pages\/25843931"}],"wp:featuredmedia":[{"embeddable":true,"href":"https:\/\/ack3.eu\/es\/wp-json\/wp\/v2\/media\/25863592"}],"wp:attachment":[{"href":"https:\/\/ack3.eu\/es\/wp-json\/wp\/v2\/media?parent=25863589"}],"wp:term":[{"taxonomy":"dipi_cpt_category","embeddable":true,"href":"https:\/\/ack3.eu\/es\/wp-json\/wp\/v2\/dipi_cpt_category?post=25863589"}],"curies":[{"name":"wp","href":"https:\/\/api.w.org\/{rel}","templated":true}]}}