{"id":25863548,"date":"2026-01-27T08:37:56","date_gmt":"2026-01-27T07:37:56","guid":{"rendered":"https:\/\/ack3.eu\/?page_id=25863548"},"modified":"2026-02-09T07:01:37","modified_gmt":"2026-02-09T06:01:37","slug":"paracaidas","status":"publish","type":"page","link":"https:\/\/ack3.eu\/es\/productos\/soluciones-y-equipamiento\/paracaidas\/","title":{"rendered":"Sistemas de paraca\u00eddas de primer nivel"},"content":{"rendered":"<p>[et_pb_section fb_built=\u00bb1&#8243; _builder_version=\u00bb4.24.0&#8243; _module_preset=\u00bbdefault\u00bb background_color=\u00bb#000000&#8243; background_pattern_repeat_origin=\u00bbcenter\u00bb custom_padding=\u00bb13px||13px||true|false\u00bb saved_tabs=\u00bball\u00bb locked=\u00bboff\u00bb global_colors_info=\u00bb{}\u00bb][et_pb_row _builder_version=\u00bb4.24.0&#8243; _module_preset=\u00bb32edda46-f9f8-4bcc-acb6-81abff8182ae\u00bb custom_margin=\u00bb||0px||false|false\u00bb custom_padding=\u00bb4px||4px||true|false\u00bb global_colors_info=\u00bb{}\u00bb][et_pb_column type=\u00bb4_4&#8243; _builder_version=\u00bb4.20.4&#8243; _module_preset=\u00bbdefault\u00bb global_colors_info=\u00bb{}\u00bb][dipi_breadcrumbs bc_home_text=\u00bbHome\u00bb bc_home_url=\u00bb\/\u00bb bc_items_alignment=\u00bbdipi-bc-left\u00bb bc_item_padding=\u00bb|10px||10px|false|true\u00bb bc_active_item_padding=\u00bb|20px||10px|true|false\u00bb _builder_version=\u00bb4.24.0&#8243; _module_preset=\u00bbdefault\u00bb active_text_color=\u00bb#BADFF7&#8243; global_colors_info=\u00bb{}\u00bb][\/dipi_breadcrumbs][\/et_pb_column][\/et_pb_row][\/et_pb_section][et_pb_section fb_built=\u00bb1&#8243; _builder_version=\u00bb4.24.0&#8243; _module_preset=\u00bbdefault\u00bb locked=\u00bboff\u00bb global_colors_info=\u00bb{}\u00bb][et_pb_row _builder_version=\u00bb4.24.0&#8243; _module_preset=\u00bbdefault\u00bb locked=\u00bboff\u00bb global_colors_info=\u00bb{}\u00bb][et_pb_column type=\u00bb4_4&#8243; _builder_version=\u00bb4.24.0&#8243; _module_preset=\u00bbdefault\u00bb global_colors_info=\u00bb{}\u00bb][et_pb_text _builder_version=\u00bb4.27.5&#8243; _module_preset=\u00bb13ddcc34-f131-47ca-8026-edc37a2f8af8&#8243; custom_padding=\u00bb1px|||||\u00bb hover_enabled=\u00bb0&#8243; global_colors_info=\u00bb{}\u00bb sticky_enabled=\u00bb0&#8243;]<\/p>\n<h1 style=\"text-align: center;\">Sistemas de paraca\u00eddas<\/h1>\n<h6 style=\"text-align: center;\">Soluciones de despliegue a\u00e9reo m\u00e1s avanzadas y fiables<\/h6>\n<div>\n<p style=\"text-align: center;\">ACK3 ofrece <strong>sistemas de paraca\u00eddas de vanguardia <\/strong>dise\u00f1ados para garantizar un rendimiento \u00f3ptimo en operaciones exigentes. Fabricados con <strong>materiales avanzados y desarrollados junto a expertos militares<\/strong>, estos paraca\u00eddas aseguran una integraci\u00f3n perfecta con la log\u00edstica de defensa moderna y est\u00e1n disponibles en m\u00faltiples tama\u00f1os para adaptarse a distintas necesidades estrat\u00e9gicas.<\/p>\n<\/div>\n<p>[\/et_pb_text][\/et_pb_column][\/et_pb_row][et_pb_row column_structure=\u00bb1_2,1_2&#8243; module_class=\u00bbagf-vertical-align\u00bb _builder_version=\u00bb4.24.0&#8243; _module_preset=\u00bbdefault\u00bb custom_padding=\u00bb15px||||false|false\u00bb global_colors_info=\u00bb{}\u00bb][et_pb_column type=\u00bb1_2&#8243; _builder_version=\u00bb4.24.0&#8243; _module_preset=\u00bbdefault\u00bb global_colors_info=\u00bb{}\u00bb][et_pb_image src=\u00bbhttps:\/\/ack3.eu\/wp-content\/uploads\/2026\/01\/Designer-15.jpg\u00bb alt=\u00bbparaca\u00eddas\u00bb title_text=\u00bbDesigner (15)\u00bb _builder_version=\u00bb4.27.5&#8243; _module_preset=\u00bbdefault\u00bb global_colors_info=\u00bb{}\u00bb][\/et_pb_image][\/et_pb_column][et_pb_column type=\u00bb1_2&#8243; _builder_version=\u00bb4.24.0&#8243; _module_preset=\u00bbdefault\u00bb global_colors_info=\u00bb{}\u00bb][et_pb_text _builder_version=\u00bb4.27.5&#8243; _module_preset=\u00bbdefault\u00bb min_height=\u00bb460.4px\u00bb custom_padding=\u00bb31px|||||\u00bb global_colors_info=\u00bb{}\u00bb]<\/p>\n<blockquote>\n<h2>\u00bfQu\u00e9 es un sistema de paraca\u00eddas?<\/h2>\n<p style=\"text-align: justify;\"><strong style=\"font-size: 20px;\">Los sistemas de paraca\u00eddas de ACK3 son soluciones aero\u2011log\u00edsticas avanzadas dise\u00f1adas para garantizar descensos seguros, controlados y altamente precisos en misiones militares, t\u00e1cticas y estrat\u00e9gicas. Fabricados con materiales de \u00faltima generaci\u00f3n y desarrollados en colaboraci\u00f3n con especialistas del sector, se adaptan a distintas cargas, configuraciones y entornos operativos. Su ingenier\u00eda permite desplegar equipamiento, suministros y cargas especiales con total fiabilidad, minimizando riesgos durante el descenso y asegurando que el material llegue intacto y operativo. Gracias a su robustez, versatilidad y precisi\u00f3n, estos sistemas representan una herramienta esencial para operaciones donde la seguridad y la eficiencia son cr\u00edticas.<\/strong><\/p>\n<\/blockquote>\n<p>[\/et_pb_text][\/et_pb_column][\/et_pb_row][et_pb_row _builder_version=\u00bb4.27.4&#8243; _module_preset=\u00bbdefault\u00bb custom_margin=\u00bb19px|auto||auto||\u00bb custom_padding=\u00bb2px||50px|||\u00bb global_colors_info=\u00bb{}\u00bb][et_pb_column type=\u00bb4_4&#8243; _builder_version=\u00bb4.27.4&#8243; _module_preset=\u00bbdefault\u00bb global_colors_info=\u00bb{}\u00bb][et_pb_text _builder_version=\u00bb4.27.5&#8243; _module_preset=\u00bbdefault\u00bb global_colors_info=\u00bb{}\u00bb]<\/p>\n<p style=\"text-align: center;\"><strong style=\"font-family: 'Trade Gothic LT Bold Extended', Helvetica, Arial, Lucida, sans-serif; font-size: 30px;\">Certificaci\u00f3n y fiabilidad operacional avanzada<\/strong><\/p>\n<div>\n<p><strong><\/strong><\/p>\n<\/div>\n<p style=\"text-align: center;\"><span style=\"font-size: 17px;\">La certificaci\u00f3n otorgada por el <\/span><strong style=\"font-size: 17px;\"><a href=\"https:\/\/www.defensa.gob.es\/\" target=\"_blank\" rel=\"noopener\">Ministerio de Defensa de Espa\u00f1a<\/a><\/strong><span style=\"font-size: 17px;\"> y la asignaci\u00f3n de <\/span><strong style=\"font-size: 17px;\"><a href=\"https:\/\/www.nsnlookup.com\/nato\/nato-stock-numbers\" target=\"_blank\" rel=\"noopener\">N\u00fameros de Stock OTAN (NSN)<\/a><\/strong><span style=\"font-size: 17px;\"> sit\u00faan estos paraca\u00eddas como <\/span><strong style=\"font-size: 17px;\">soluciones de primer nivel para operaciones t\u00e1cticas y log\u00edsticas<\/strong><span style=\"font-size: 17px;\">. <\/span><span style=\"font-size: 17px;\">Esta acreditaci\u00f3n respalda su calidad, compatibilidad y idoneidad dentro de los est\u00e1ndares internacionales, garantizando su empleo en misiones donde la seguridad es prioritaria. Su tecnolog\u00eda avanzada, junto con materiales de alta resistencia y rigurosos procesos de validaci\u00f3n militar, asegura un rendimiento seguro, estable y consistente en cualquier entorno operacional, incluso bajo condiciones extremas o en misiones de alta exigencia. Estas cualidades los consolidan como una opci\u00f3n confiable para unidades especializadas.<\/span><\/p>\n<p>[\/et_pb_text][\/et_pb_column][\/et_pb_row][et_pb_row _builder_version=\u00bb4.24.2&#8243; _module_preset=\u00bbdefault\u00bb custom_padding=\u00bb2px||0px|||\u00bb global_colors_info=\u00bb{}\u00bb][et_pb_column type=\u00bb4_4&#8243; _builder_version=\u00bb4.24.2&#8243; _module_preset=\u00bbdefault\u00bb global_colors_info=\u00bb{}\u00bb][et_pb_text _builder_version=\u00bb4.27.5&#8243; _module_preset=\u00bbdefault\u00bb custom_margin=\u00bb||10px||false|false\u00bb global_colors_info=\u00bb{}\u00bb]<\/p>\n<h3>Beneficios<\/h3>\n<p>[\/et_pb_text][et_pb_divider _builder_version=\u00bb4.24.0&#8243; _module_preset=\u00bbdefault\u00bb max_width=\u00bb9%\u00bb max_width_tablet=\u00bb15%\u00bb max_width_phone=\u00bb15%\u00bb max_width_last_edited=\u00bbon|phone\u00bb custom_margin=\u00bb||10px||false|false\u00bb global_colors_info=\u00bb{}\u00bb][\/et_pb_divider][\/et_pb_column][\/et_pb_row][et_pb_row column_structure=\u00bb1_2,1_2&#8243; use_custom_gutter=\u00bbon\u00bb gutter_width=\u00bb2&#8243; _builder_version=\u00bb4.24.2&#8243; _module_preset=\u00bbdefault\u00bb background_color=\u00bb#F6FAFD\u00bb custom_padding=\u00bb0px|30px|0px|30px|true|true\u00bb global_colors_info=\u00bb{}\u00bb][et_pb_column type=\u00bb1_2&#8243; _builder_version=\u00bb4.24.0&#8243; _module_preset=\u00bbdefault\u00bb global_colors_info=\u00bb{}\u00bb][et_pb_blurb title=\u00bbDise\u00f1o colaborativo con expertos militares\u00bb use_icon=\u00bbon\u00bb font_icon=\u00bb&#x24;||divi||400&#8243; icon_color=\u00bb#000000&#8243; icon_placement=\u00bbleft\u00bb image_icon_width=\u00bb29px\u00bb content_max_width=\u00bb1100px\u00bb _builder_version=\u00bb4.27.5&#8243; _module_preset=\u00bbdefault\u00bb header_font_size=\u00bb17px\u00bb custom_margin=\u00bb||10px||false|false\u00bb global_colors_info=\u00bb{}\u00bb]<\/p>\n<p><span style=\"font-size: 17px;\">Cada componente se desarrolla junto a especialistas del \u00e1mbito militar, asegurando que el dise\u00f1o responda a necesidades reales sobre el terreno y que su funcionalidad sea efectiva en misiones operativas.<\/span><\/p>\n<p>[\/et_pb_blurb][et_pb_blurb title=\u00bbCertificados por el Ministerio de Defensa de Espa\u00f1a\u00bb use_icon=\u00bbon\u00bb font_icon=\u00bb&#x24;||divi||400&#8243; icon_color=\u00bb#000000&#8243; icon_placement=\u00bbleft\u00bb image_icon_width=\u00bb29px\u00bb content_max_width=\u00bb1100px\u00bb _builder_version=\u00bb4.27.5&#8243; _module_preset=\u00bbdefault\u00bb header_font_size=\u00bb17px\u00bb custom_margin=\u00bb||10px||false|false\u00bb global_colors_info=\u00bb{}\u00bb]<\/p>\n<p>Los productos cuentan con certificaci\u00f3n oficial del Ministerio de Defensa, lo que asegura su cumplimiento con los est\u00e1ndares militares nacionales y respalda su fiabilidad en operaciones cr\u00edticas.<\/p>\n<p>[\/et_pb_blurb][\/et_pb_column][et_pb_column type=\u00bb1_2&#8243; _builder_version=\u00bb4.24.0&#8243; _module_preset=\u00bbdefault\u00bb global_colors_info=\u00bb{}\u00bb][et_pb_blurb title=\u00bbMateriales de alta resistencia\u00bb use_icon=\u00bbon\u00bb font_icon=\u00bb&#x24;||divi||400&#8243; icon_color=\u00bb#000000&#8243; icon_placement=\u00bbleft\u00bb image_icon_width=\u00bb29px\u00bb content_max_width=\u00bb1100px\u00bb _builder_version=\u00bb4.27.5&#8243; _module_preset=\u00bbdefault\u00bb header_font_size=\u00bb17px\u00bb custom_margin=\u00bb||10px||false|false\u00bb global_colors_info=\u00bb{}\u00bb]<\/p>\n<p>Los equipos est\u00e1n fabricados con materiales dise\u00f1ados para soportar cargas exigentes, variaciones t\u00e9rmicas y condiciones extremas. Esto garantiza durabilidad, estabilidad y un rendimiento \u00f3ptimo incluso en entornos operativos dif\u00edciles.<\/p>\n<p>[\/et_pb_blurb][et_pb_blurb title=\u00bbDisponibles en m\u00faltiples tama\u00f1os\u00bb use_icon=\u00bbon\u00bb font_icon=\u00bb&#x24;||divi||400&#8243; icon_color=\u00bb#000000&#8243; icon_placement=\u00bbleft\u00bb image_icon_width=\u00bb29px\u00bb content_max_width=\u00bb1100px\u00bb _builder_version=\u00bb4.27.5&#8243; _module_preset=\u00bbdefault\u00bb header_font_size=\u00bb17px\u00bb custom_margin=\u00bb||10px||false|false\u00bb global_colors_info=\u00bb{}\u00bb]<\/p>\n<p><span style=\"font-size: 17px;\">La variedad de formatos permite adaptar cada unidad a diferentes cargas, configuraciones y tipos de misi\u00f3n. Esta modularidad facilita su integraci\u00f3n en distintos equipos y escenarios.<\/span><\/p>\n<p>[\/et_pb_blurb][\/et_pb_column][\/et_pb_row][et_pb_row column_structure=\u00bb1_3,1_3,1_3&#8243; _builder_version=\u00bb4.24.2&#8243; _module_preset=\u00bbdefault\u00bb custom_padding=\u00bb||0px|||\u00bb global_colors_info=\u00bb{}\u00bb][et_pb_column type=\u00bb1_3&#8243; _builder_version=\u00bb4.24.2&#8243; _module_preset=\u00bbdefault\u00bb global_colors_info=\u00bb{}\u00bb][et_pb_text _builder_version=\u00bb4.27.5&#8243; _module_preset=\u00bbdefault\u00bb min_height=\u00bb143.8px\u00bb custom_margin=\u00bb||40px|||\u00bb global_colors_info=\u00bb{}\u00bb]<\/p>\n<h3>Soporte y servicios<span style=\"font-size: 20px; letter-spacing: 1px; font-family: 'Trade Gothic LT Regular', Helvetica, Arial, Lucida, sans-serif;\">\u00a0<\/span><\/h3>\n<p style=\"text-align: justify;\">ACK3 ofrece un servicio y soporte integral que incluye<strong> asesoramiento t\u00e9cnico para seleccionar el modelo de paraca\u00eddas adecuado, acompa\u00f1amiento en la integraci\u00f3n log\u00edstica y operativa, formaci\u00f3n especializada en uso, plegado y procedimientos de despliegue, as\u00ed como mantenimiento preventivo y revisi\u00f3n de componentes<\/strong>. Adem\u00e1s, proporciona <strong>soporte t\u00e9cnico continuo<\/strong> para unidades militares y log\u00edsticas, asegurando un funcionamiento fiable y seguro en todas las fases de la operaci\u00f3n.<\/p>\n<blockquote><\/blockquote>\n<p>[\/et_pb_text][\/et_pb_column][et_pb_column type=\u00bb1_3&#8243; _builder_version=\u00bb4.24.2&#8243; _module_preset=\u00bbdefault\u00bb global_colors_info=\u00bb{}\u00bb][et_pb_text _builder_version=\u00bb4.27.5&#8243; _module_preset=\u00bbdefault\u00bb global_colors_info=\u00bb{}\u00bb]<\/p>\n<h3>Tecnolog\u00eda<strong> de despliegue optimizada<\/strong><\/h3>\n<p style=\"text-align: justify;\"><span style=\"font-size: 16px;\">Los sistemas de paraca\u00eddas de ACK3 incorporan soluciones de despliegue altamente optimizadas que garantizan una apertura estable incluso en condiciones operativas exigentes. Gracias a su<strong> dise\u00f1o avanzado y a la validaci\u00f3n en entornos reales,<\/strong> ofrecen una trayectoria de descenso precisa, reducen el riesgo de oscilaciones y aseguran que la carga llegue a tierra en condiciones \u00f3ptimas. Esta fiabilidad permite su uso en misiones cr\u00edticas donde la precisi\u00f3n y la seguridad son esenciales.<\/span><\/p>\n<p>[\/et_pb_text][\/et_pb_column][et_pb_column type=\u00bb1_3&#8243; _builder_version=\u00bb4.24.2&#8243; _module_preset=\u00bbdefault\u00bb global_colors_info=\u00bb{}\u00bb][et_pb_text _builder_version=\u00bb4.27.5&#8243; _module_preset=\u00bbdefault\u00bb global_colors_info=\u00bb{}\u00bb]<\/p>\n<p><strong style=\"font-family: 'Trade Gothic LT Bold Extended', Helvetica, Arial, Lucida, sans-serif; font-size: 30px;\">Integraci\u00f3n log\u00edstica y operativa<\/strong><\/p>\n<p><span style=\"font-size: 17px; text-align: justify;\">Dise\u00f1ados para convivir perfectamente con las cadenas log\u00edsticas militares, estos paraca\u00eddas facilitan una <strong>integraci\u00f3n fluida en operaciones t\u00e1cticas y estrat\u00e9gicas.<\/strong> Su compatibilidad con <strong>N\u00fameros de Stock OTAN (NSN)<\/strong> y su disponibilidad en m\u00faltiples configuraciones aseguran una adaptaci\u00f3n r\u00e1pida a diferentes cargas, plataformas y procedimientos. Junto con el soporte t\u00e9cnico especializado de ACK3, se convierten en una soluci\u00f3n completa para despliegues eficientes y plenamente estandarizados.<\/span><\/p>\n<p>[\/et_pb_text][\/et_pb_column][\/et_pb_row][et_pb_row _builder_version=\u00bb4.27.0&#8243; _module_preset=\u00bbdefault\u00bb custom_padding=\u00bb0px|||||\u00bb global_colors_info=\u00bb{}\u00bb][et_pb_column type=\u00bb4_4&#8243; _builder_version=\u00bb4.27.0&#8243; _module_preset=\u00bbdefault\u00bb global_colors_info=\u00bb{}\u00bb][et_pb_divider _builder_version=\u00bb4.27.0&#8243; _module_preset=\u00bbdefault\u00bb global_colors_info=\u00bb{}\u00bb][\/et_pb_divider][\/et_pb_column][\/et_pb_row][et_pb_row _builder_version=\u00bb4.24.0&#8243; _module_preset=\u00bbdefault\u00bb global_module=\u00bb25841311&#8243; saved_tabs=\u00bball\u00bb locked=\u00bboff\u00bb global_colors_info=\u00bb{}\u00bb][et_pb_column type=\u00bb4_4&#8243; _builder_version=\u00bb4.24.0&#8243; _module_preset=\u00bbdefault\u00bb global_colors_info=\u00bb{}\u00bb][et_pb_text _builder_version=\u00bb4.24.0&#8243; _module_preset=\u00bbe9776427-b859-4288-b0a2-c7103567bb8c\u00bb global_colors_info=\u00bb{}\u00bb]<\/p>\n<p style=\"text-align: center;\">Cont\u00e1ctanos<\/p>\n<p>[\/et_pb_text][et_pb_text _builder_version=\u00bb4.24.2&#8243; _dynamic_attributes=\u00bbcontent\u00bb _module_preset=\u00bb13ddcc34-f131-47ca-8026-edc37a2f8af8&#8243; header_2_text_align=\u00bbcenter\u00bb custom_margin=\u00bb||5px||false|false\u00bb global_colors_info=\u00bb{}\u00bb]@ET-DC@eyJkeW5hbWljIjp0cnVlLCJjb250ZW50IjoicG9zdF90aXRsZSIsInNldHRpbmdzIjp7ImJlZm9yZSI6IjxoMj4gXHUwMGJmRXN0XHUwMGUxcyBpbnRlcmVzYWRvIGVuIGxvcyBzZXJ2aWNpb3MgZGUgIiwiYWZ0ZXIiOiJkZSBBQ0szPzwvaDI+In19@[\/et_pb_text][et_pb_text _builder_version=\u00bb4.24.0&#8243; _module_preset=\u00bb13ddcc34-f131-47ca-8026-edc37a2f8af8&#8243; global_colors_info=\u00bb{}\u00bb]<\/p>\n<p style=\"text-align: center;\">Ponte en contacto con nosotros completando el siguiente formulario:<\/p>\n<p>[\/et_pb_text][dipi_gravity_forms_styler gf_form_id=\u00bb1&#8243; form_title=\u00bbhide\u00bb _builder_version=\u00bb4.24.0&#8243; _module_preset=\u00bbdefault\u00bb form_title_font_size=\u00bb0px\u00bb field_label_font=\u00bbTrade Gothic LT Bold Extended||||||||\u00bb field_label_font_size=\u00bb15px\u00bb required_field_indicator_font_size=\u00bb15px\u00bb field_description_font_size=\u00bb16px\u00bb checkbox_radio_label_font_size=\u00bb17px\u00bb custom_all=\u00bbon\u00bb all_text_size=\u00bb17px\u00bb all_bg_color=\u00bb#000000&#8243; all_font=\u00bb|600|||||||\u00bb all_use_icon=\u00bboff\u00bb max_width=\u00bb78%\u00bb max_width_tablet=\u00bb100%\u00bb max_width_phone=\u00bb\u00bb max_width_last_edited=\u00bbon|desktop\u00bb module_alignment=\u00bbcenter\u00bb global_colors_info=\u00bb{}\u00bb all_bg_color__hover_enabled=\u00bbon|hover\u00bb all_bg_color__hover=\u00bb#535353&#8243; all_bg_enable_color__hover=\u00bbon\u00bb][\/dipi_gravity_forms_styler][\/et_pb_column][\/et_pb_row][\/et_pb_section]<\/p>\n","protected":false},"excerpt":{"rendered":"<p>En ACK3 ofrecemos sistemas de paraca\u00eddas de alto rendimiento para misiones, con servicio especializado y cumplimiento de estrictos est\u00e1ndares militares.<\/p>\n","protected":false},"author":2,"featured_media":25863551,"parent":25843931,"menu_order":0,"comment_status":"closed","ping_status":"closed","template":"","meta":{"_et_pb_use_builder":"on","_et_pb_old_content":"","_et_gb_content_width":"","footnotes":""},"dipi_cpt_category":[1219,1220],"class_list":["post-25863548","page","type-page","status-publish","has-post-thumbnail","hentry","dipi_cpt_category-paracaidas","dipi_cpt_category-sistemas"],"_links":{"self":[{"href":"https:\/\/ack3.eu\/es\/wp-json\/wp\/v2\/pages\/25863548","targetHints":{"allow":["GET"]}}],"collection":[{"href":"https:\/\/ack3.eu\/es\/wp-json\/wp\/v2\/pages"}],"about":[{"href":"https:\/\/ack3.eu\/es\/wp-json\/wp\/v2\/types\/page"}],"author":[{"embeddable":true,"href":"https:\/\/ack3.eu\/es\/wp-json\/wp\/v2\/users\/2"}],"replies":[{"embeddable":true,"href":"https:\/\/ack3.eu\/es\/wp-json\/wp\/v2\/comments?post=25863548"}],"version-history":[{"count":0,"href":"https:\/\/ack3.eu\/es\/wp-json\/wp\/v2\/pages\/25863548\/revisions"}],"up":[{"embeddable":true,"href":"https:\/\/ack3.eu\/es\/wp-json\/wp\/v2\/pages\/25843931"}],"wp:featuredmedia":[{"embeddable":true,"href":"https:\/\/ack3.eu\/es\/wp-json\/wp\/v2\/media\/25863551"}],"wp:attachment":[{"href":"https:\/\/ack3.eu\/es\/wp-json\/wp\/v2\/media?parent=25863548"}],"wp:term":[{"taxonomy":"dipi_cpt_category","embeddable":true,"href":"https:\/\/ack3.eu\/es\/wp-json\/wp\/v2\/dipi_cpt_category?post=25863548"}],"curies":[{"name":"wp","href":"https:\/\/api.w.org\/{rel}","templated":true}]}}