{"id":25863488,"date":"2026-01-26T12:29:40","date_gmt":"2026-01-26T11:29:40","guid":{"rendered":"https:\/\/ack3.eu\/?page_id=25863488"},"modified":"2026-02-09T06:39:50","modified_gmt":"2026-02-09T05:39:50","slug":"ambulancia-blindada","status":"publish","type":"page","link":"https:\/\/ack3.eu\/es\/productos\/soluciones-y-equipamiento\/ambulancia-blindada\/","title":{"rendered":"Ambulancias blindadas"},"content":{"rendered":"<p>[et_pb_section fb_built=\u00bb1&#8243; _builder_version=\u00bb4.24.0&#8243; _module_preset=\u00bbdefault\u00bb background_color=\u00bb#000000&#8243; background_pattern_repeat_origin=\u00bbcenter\u00bb custom_padding=\u00bb13px||13px||true|false\u00bb saved_tabs=\u00bball\u00bb locked=\u00bboff\u00bb global_colors_info=\u00bb{}\u00bb][et_pb_row _builder_version=\u00bb4.24.0&#8243; _module_preset=\u00bb32edda46-f9f8-4bcc-acb6-81abff8182ae\u00bb custom_margin=\u00bb||0px||false|false\u00bb custom_padding=\u00bb4px||4px||true|false\u00bb global_colors_info=\u00bb{}\u00bb][et_pb_column type=\u00bb4_4&#8243; _builder_version=\u00bb4.20.4&#8243; _module_preset=\u00bbdefault\u00bb global_colors_info=\u00bb{}\u00bb][dipi_breadcrumbs bc_home_text=\u00bbHome\u00bb bc_home_url=\u00bb\/\u00bb bc_items_alignment=\u00bbdipi-bc-left\u00bb bc_item_padding=\u00bb|10px||10px|false|true\u00bb bc_active_item_padding=\u00bb|20px||10px|true|false\u00bb _builder_version=\u00bb4.24.0&#8243; _module_preset=\u00bbdefault\u00bb active_text_color=\u00bb#BADFF7&#8243; global_colors_info=\u00bb{}\u00bb][\/dipi_breadcrumbs][\/et_pb_column][\/et_pb_row][\/et_pb_section][et_pb_section fb_built=\u00bb1&#8243; _builder_version=\u00bb4.27.5&#8243; _module_preset=\u00bbdefault\u00bb locked=\u00bboff\u00bb global_colors_info=\u00bb{}\u00bb][et_pb_row _builder_version=\u00bb4.24.0&#8243; _module_preset=\u00bbdefault\u00bb locked=\u00bboff\u00bb global_colors_info=\u00bb{}\u00bb][et_pb_column type=\u00bb4_4&#8243; _builder_version=\u00bb4.24.0&#8243; _module_preset=\u00bbdefault\u00bb global_colors_info=\u00bb{}\u00bb][et_pb_text _builder_version=\u00bb4.27.5&#8243; _module_preset=\u00bb13ddcc34-f131-47ca-8026-edc37a2f8af8&#8243; custom_padding=\u00bb1px|||||\u00bb hover_enabled=\u00bb0&#8243; global_colors_info=\u00bb{}\u00bb sticky_enabled=\u00bb0&#8243;]<\/p>\n<h1 style=\"text-align: center;\">Ambulancias blindadas<\/h1>\n<h6 style=\"text-align: center;\">Transporte m\u00e9dico seguro en cualquier parte del mundo<\/h6>\n<p style=\"text-align: center;\">Las <strong>Ambulancias blindadas ofrecidas por ACK3 <\/strong>representan una soluci\u00f3n avanzada para la atenci\u00f3n de emergencias en zonas de alto riesgo. Est\u00e1n dise\u00f1adas para<strong> garantizar un nivel superior de protecci\u00f3n, eficiencia y velocidad<\/strong> en operaciones cr\u00edticas a nivel global, ofreciendo un transporte m\u00e9dico<strong> seguro y fiable <\/strong>incluso en los entornos m\u00e1s exigentes y cambiantes.<\/p>\n<p>[\/et_pb_text][\/et_pb_column][\/et_pb_row][et_pb_row column_structure=\u00bb1_2,1_2&#8243; module_class=\u00bbagf-vertical-align\u00bb _builder_version=\u00bb4.24.0&#8243; _module_preset=\u00bbdefault\u00bb custom_padding=\u00bb15px||||false|false\u00bb global_colors_info=\u00bb{}\u00bb][et_pb_column type=\u00bb1_2&#8243; _builder_version=\u00bb4.24.0&#8243; _module_preset=\u00bbdefault\u00bb global_colors_info=\u00bb{}\u00bb][et_pb_image src=\u00bbhttps:\/\/ack3.eu\/wp-content\/uploads\/2026\/01\/Designer-13.jpg\u00bb alt=\u00bbambulancia \u00bb title_text=\u00bbambulancia \u00bb _builder_version=\u00bb4.27.5&#8243; _module_preset=\u00bbdefault\u00bb global_colors_info=\u00bb{}\u00bb][\/et_pb_image][\/et_pb_column][et_pb_column type=\u00bb1_2&#8243; _builder_version=\u00bb4.24.0&#8243; _module_preset=\u00bbdefault\u00bb global_colors_info=\u00bb{}\u00bb][et_pb_text _builder_version=\u00bb4.27.5&#8243; _module_preset=\u00bbdefault\u00bb custom_padding=\u00bb31px||0px|||\u00bb global_colors_info=\u00bb{}\u00bb]<\/p>\n<blockquote>\n<h2>\u00bfQu\u00e9 es una ambulancia blindada?<\/h2>\n<div>\n<div style=\"text-align: justify;\"><strong>Las ambulancias blindadas son veh\u00edculos m\u00e9dicos de alta protecci\u00f3n dise\u00f1ados para operar en entornos hostiles, zonas de conflicto y \u00e1reas con riesgo elevado. Su funci\u00f3n principal es garantizar un transporte sanitario r\u00e1pido y seguro mientras protegen al personal m\u00e9dico, a los pacientes y al equipo vital. Incorporan blindaje avanzado, sistemas de comunicaci\u00f3n reforzados y configuraciones internas adaptadas para proporcionar atenci\u00f3n de emergencia en movimiento. Estas unidades resuelven la vulnerabilidad del transporte m\u00e9dico en regiones inestables, ofreciendo una plataforma resistente, confiable y personalizable seg\u00fan las condiciones operativas y las necesidades espec\u00edficas de cada misi\u00f3n.<\/strong><\/div>\n<\/div>\n<\/blockquote>\n<p>[\/et_pb_text][\/et_pb_column][\/et_pb_row][et_pb_row _builder_version=\u00bb4.27.4&#8243; _module_preset=\u00bbdefault\u00bb min_height=\u00bb207.8px\u00bb custom_margin=\u00bb19px|auto||auto||\u00bb custom_padding=\u00bb2px||50px|||\u00bb global_colors_info=\u00bb{}\u00bb][et_pb_column type=\u00bb4_4&#8243; _builder_version=\u00bb4.27.4&#8243; _module_preset=\u00bbdefault\u00bb global_colors_info=\u00bb{}\u00bb][et_pb_text _builder_version=\u00bb4.27.5&#8243; _module_preset=\u00bbdefault\u00bb custom_padding=\u00bb||0px|||\u00bb global_colors_info=\u00bb{}\u00bb]<\/p>\n<h3 style=\"text-align: center;\"><strong style=\"color: #333333; font-size: 26px;\">Confianza, calidad y fundamento tecnol\u00f3gico<\/strong><\/h3>\n<div>\n<p style=\"text-align: center;\">\n<div style=\"text-align: center;\">Nuestras ambulancias est\u00e1n dise\u00f1adas bajo estrictos est\u00e1ndares internacionales de blindaje, combinando materiales bal\u00edsticos certificados, sistemas de protecci\u00f3n ajustados seg\u00fan el nivel de amenaza y una integraci\u00f3n t\u00e9cnica realizada por especialistas en veh\u00edculos especiales. Cada unidad incorpora motores optimizados para soportar cargas adicionales sin comprometer el rendimiento, junto con procesos exhaustivos de control de calidad que garantizan su fiabilidad. Gracias a su capacidad de despliegue global, todas nuestras ambulancias son sometidas a pruebas din\u00e1micas, bal\u00edsticas y operativas que aseguran su funcionamiento seguro y eficiente en condiciones reales.<\/div>\n<\/div>\n<p>[\/et_pb_text][\/et_pb_column][\/et_pb_row][et_pb_row _builder_version=\u00bb4.24.2&#8243; _module_preset=\u00bbdefault\u00bb min_height=\u00bb51.8px\u00bb custom_padding=\u00bb2px||0px|||\u00bb global_colors_info=\u00bb{}\u00bb][et_pb_column type=\u00bb4_4&#8243; _builder_version=\u00bb4.24.2&#8243; _module_preset=\u00bbdefault\u00bb global_colors_info=\u00bb{}\u00bb][et_pb_text _builder_version=\u00bb4.27.5&#8243; _module_preset=\u00bbdefault\u00bb custom_margin=\u00bb||10px||false|false\u00bb global_colors_info=\u00bb{}\u00bb]<\/p>\n<h3>Beneficios\u00a0<\/h3>\n<p>[\/et_pb_text][et_pb_divider _builder_version=\u00bb4.24.0&#8243; _module_preset=\u00bbdefault\u00bb max_width=\u00bb9%\u00bb max_width_tablet=\u00bb15%\u00bb max_width_phone=\u00bb15%\u00bb max_width_last_edited=\u00bbon|phone\u00bb min_height=\u00bb5.8px\u00bb custom_margin=\u00bb||10px||false|false\u00bb global_colors_info=\u00bb{}\u00bb][\/et_pb_divider][\/et_pb_column][\/et_pb_row][et_pb_row column_structure=\u00bb1_2,1_2&#8243; use_custom_gutter=\u00bbon\u00bb gutter_width=\u00bb2&#8243; _builder_version=\u00bb4.24.2&#8243; _module_preset=\u00bbdefault\u00bb background_color=\u00bb#F6FAFD\u00bb custom_padding=\u00bb0px|30px|0px|30px|true|true\u00bb global_colors_info=\u00bb{}\u00bb][et_pb_column type=\u00bb1_2&#8243; _builder_version=\u00bb4.24.0&#8243; _module_preset=\u00bbdefault\u00bb global_colors_info=\u00bb{}\u00bb][et_pb_blurb title=\u00bbTransporte m\u00e9dico r\u00e1pido y estable\u00bb use_icon=\u00bbon\u00bb font_icon=\u00bb&#x24;||divi||400&#8243; icon_color=\u00bb#000000&#8243; icon_placement=\u00bbleft\u00bb image_icon_width=\u00bb29px\u00bb content_max_width=\u00bb1100px\u00bb content_tablet=\u00bb<\/p>\n<p>Las unidades est\u00e1n dise\u00f1adas para proporcionar un <em>transporte m\u00e9dico r\u00e1pido y estable<\/em>, manteniendo velocidad, maniobrabilidad y control incluso con el peso adicional del blindaje. Esto permite respuestas eficientes en situaciones de emergencia donde cada segundo cuenta.<\/p>\n<p>\u00bb content_phone=\u00bb<\/p>\n<p>Las unidades est\u00e1n dise\u00f1adas para proporcionar un <em>transporte m\u00e9dico r\u00e1pido y estable<\/em>, manteniendo velocidad, maniobrabilidad y control incluso con el peso adicional del blindaje. Esto permite respuestas eficientes en situaciones de emergencia donde cada segundo cuenta.<\/p>\n<p>\u00bb content_last_edited=\u00bbon|desktop\u00bb _builder_version=\u00bb4.27.5&#8243; _module_preset=\u00bbdefault\u00bb header_font_size=\u00bb17px\u00bb custom_margin=\u00bb||10px||false|false\u00bb global_colors_info=\u00bb{}\u00bb]<\/p>\n<p>Las unidades est\u00e1n dise\u00f1adas para proporcionar un <em>transporte m\u00e9dico r\u00e1pido y estable<\/em>, manteniendo velocidad, maniobrabilidad y control incluso con el peso adicional del blindaje. Esto permite respuestas eficientes en situaciones de emergencia donde cada segundo cuenta.<\/p>\n<p>[\/et_pb_blurb][et_pb_blurb title=\u00bbAdaptaci\u00f3n total a la misi\u00f3n\u00bb use_icon=\u00bbon\u00bb font_icon=\u00bb&#x24;||divi||400&#8243; icon_color=\u00bb#000000&#8243; icon_placement=\u00bbleft\u00bb image_icon_width=\u00bb29px\u00bb content_max_width=\u00bb1100px\u00bb _builder_version=\u00bb4.27.5&#8243; _module_preset=\u00bbdefault\u00bb header_font_size=\u00bb17px\u00bb custom_margin=\u00bb||10px||false|false\u00bb global_colors_info=\u00bb{}\u00bb]<\/p>\n<p>Cada veh\u00edculo se desarrolla con una <em>adaptaci\u00f3n total a la misi\u00f3n<\/em>, configur\u00e1ndose de acuerdo con las necesidades m\u00e9dicas, log\u00edsticas o estrat\u00e9gicas de cada cliente. Esta flexibilidad garantiza soluciones personalizadas para operaciones t\u00e1cticas, humanitarias o de asistencia cr\u00edtica.<\/p>\n<p>[\/et_pb_blurb][\/et_pb_column][et_pb_column type=\u00bb1_2&#8243; _builder_version=\u00bb4.24.0&#8243; _module_preset=\u00bbdefault\u00bb global_colors_info=\u00bb{}\u00bb][et_pb_blurb title=\u00bb Protecci\u00f3n total en entornos adversos\u00bb use_icon=\u00bbon\u00bb font_icon=\u00bb&#x24;||divi||400&#8243; icon_color=\u00bb#000000&#8243; icon_placement=\u00bbleft\u00bb image_icon_width=\u00bb29px\u00bb content_max_width=\u00bb1100px\u00bb _builder_version=\u00bb4.27.5&#8243; _module_preset=\u00bbdefault\u00bb header_font_size=\u00bb17px\u00bb custom_margin=\u00bb||10px||false|false\u00bb global_colors_info=\u00bb{}\u00bb]<\/p>\n<p><span style=\"font-size: 17px;\">Nuestros veh\u00edculos ofrecen <\/span><em style=\"font-size: 17px;\">protecci\u00f3n total en entornos adversos<\/em><span style=\"font-size: 17px;\"> gracias a un blindaje certificado de alta resistencia. Incorporan sistemas de seguridad activos y pasivos que garantizan la continuidad de la operaci\u00f3n m\u00e9dica incluso bajo <\/span><em style=\"font-size: 17px;\">amenazas extremas<\/em><span style=\"font-size: 17px;\">. Esta combinaci\u00f3n asegura que el personal y los pacientes est\u00e9n resguardados en cualquier escenario cr\u00edtico.<\/span><\/p>\n<p>[\/et_pb_blurb][et_pb_blurb title=\u00bbMantenimiento optimizado\u00bb use_icon=\u00bbon\u00bb font_icon=\u00bb&#x24;||divi||400&#8243; icon_color=\u00bb#000000&#8243; icon_placement=\u00bbleft\u00bb image_icon_width=\u00bb29px\u00bb content_max_width=\u00bb1100px\u00bb _builder_version=\u00bb4.27.5&#8243; _module_preset=\u00bbdefault\u00bb header_font_size=\u00bb17px\u00bb custom_margin=\u00bb||10px||false|false\u00bb global_colors_info=\u00bb{}\u00bb]<\/p>\n<p><span style=\"font-size: 17px;\">El dise\u00f1o de nuestros sistemas prioriza un <\/span><em style=\"font-size: 17px;\">mantenimiento optimizado<\/em><span style=\"font-size: 17px;\">, con componentes de larga vida \u00fatil y alta eficiencia energ\u00e9tica incluso en condiciones de uso intensivo. Esto reduce tiempos de inactividad y garantiza costos operativos m\u00e1s bajos a lo largo del ciclo de vida del veh\u00edculo.<\/span><\/p>\n<p>&nbsp;<\/p>\n<p>[\/et_pb_blurb][\/et_pb_column][\/et_pb_row][et_pb_row _builder_version=\u00bb4.24.2&#8243; _module_preset=\u00bbdefault\u00bb custom_margin=\u00bb|auto|-25px|auto||\u00bb custom_padding=\u00bb5px||2px|||\u00bb global_colors_info=\u00bb{}\u00bb][et_pb_column type=\u00bb4_4&#8243; _builder_version=\u00bb4.24.2&#8243; _module_preset=\u00bbdefault\u00bb global_colors_info=\u00bb{}\u00bb][et_pb_text _builder_version=\u00bb4.27.5&#8243; _module_preset=\u00bbdefault\u00bb custom_margin=\u00bb||10px||false|false\u00bb global_colors_info=\u00bb{}\u00bb]<\/p>\n<h3>Caracter\u00edsticas clave<\/h3>\n<p>[\/et_pb_text][et_pb_divider _builder_version=\u00bb4.24.0&#8243; _module_preset=\u00bbdefault\u00bb max_width=\u00bb9%\u00bb max_width_tablet=\u00bb15%\u00bb max_width_phone=\u00bb15%\u00bb max_width_last_edited=\u00bbon|phone\u00bb custom_margin=\u00bb||10px||false|false\u00bb global_colors_info=\u00bb{}\u00bb][\/et_pb_divider][\/et_pb_column][\/et_pb_row][et_pb_row use_custom_gutter=\u00bbon\u00bb gutter_width=\u00bb2&#8243; _builder_version=\u00bb4.24.0&#8243; _module_preset=\u00bbdefault\u00bb background_color=\u00bb#F6FAFD\u00bb custom_padding=\u00bb43px|30px|43px|30px|true|true\u00bb global_colors_info=\u00bb{}\u00bb][et_pb_column type=\u00bb4_4&#8243; _builder_version=\u00bb4.24.0&#8243; _module_preset=\u00bbdefault\u00bb global_colors_info=\u00bb{}\u00bb][et_pb_blurb title=\u00bbEnv\u00edo y despliegue internacional a cualquier pa\u00eds\u00bb use_icon=\u00bbon\u00bb font_icon=\u00bb&#x24;||divi||400&#8243; icon_color=\u00bb#000000&#8243; icon_placement=\u00bbleft\u00bb image_icon_width=\u00bb29px\u00bb content_max_width=\u00bb1100px\u00bb _builder_version=\u00bb4.27.5&#8243; _module_preset=\u00bbdefault\u00bb header_font_size=\u00bb17px\u00bb custom_margin=\u00bb||10px||false|false\u00bb global_colors_info=\u00bb{}\u00bb]<\/p>\n<p>Gestionamos el transporte, documentaci\u00f3n, permisos y log\u00edstica para entregar la ambulancia blindada en cualquier parte del mundo, sin importar el escenario operativo.<\/p>\n<p>[\/et_pb_blurb][et_pb_blurb title=\u00bbAsesoramiento experto en selecci\u00f3n de la ambulancia\u00bb use_icon=\u00bbon\u00bb font_icon=\u00bb&#x24;||divi||400&#8243; icon_color=\u00bb#000000&#8243; icon_placement=\u00bbleft\u00bb image_icon_width=\u00bb29px\u00bb content_max_width=\u00bb1100px\u00bb _builder_version=\u00bb4.27.5&#8243; _module_preset=\u00bbdefault\u00bb header_font_size=\u00bb17px\u00bb custom_margin=\u00bb||10px||false|false\u00bb global_colors_info=\u00bb{}\u00bb]<\/p>\n<p>Gu\u00edamos al cliente para elegir el nivel de blindaje, la configuraci\u00f3n interna, el equipamiento m\u00e9dico y las capacidades t\u00e9cnicas adecuadas seg\u00fan la misi\u00f3n, el territorio y la amenaza.<\/p>\n<p>[\/et_pb_blurb][et_pb_blurb title=\u00bbAcompa\u00f1amiento completo durante el proceso de compra\u00bb use_icon=\u00bbon\u00bb font_icon=\u00bb&#x24;||divi||400&#8243; icon_color=\u00bb#000000&#8243; icon_placement=\u00bbleft\u00bb image_icon_width=\u00bb29px\u00bb content_max_width=\u00bb1100px\u00bb _builder_version=\u00bb4.27.5&#8243; _module_preset=\u00bbdefault\u00bb header_font_size=\u00bb17px\u00bb custom_margin=\u00bb||10px||false|false\u00bb global_colors_info=\u00bb{}\u00bb]<\/p>\n<p>Desde el dise\u00f1o inicial hasta la validaci\u00f3n t\u00e9cnica final, ofrecemos seguimiento continuo con un punto de contacto dedicado.<\/p>\n<p>[\/et_pb_blurb][et_pb_blurb title=\u00bbSoporte y posventa especializada\u00bb use_icon=\u00bbon\u00bb font_icon=\u00bb&#x24;||divi||400&#8243; icon_color=\u00bb#000000&#8243; icon_placement=\u00bbleft\u00bb image_icon_width=\u00bb29px\u00bb content_max_width=\u00bb1100px\u00bb _builder_version=\u00bb4.27.5&#8243; _module_preset=\u00bbdefault\u00bb header_font_size=\u00bb17px\u00bb custom_margin=\u00bb||10px||false|false\u00bb global_colors_info=\u00bb{}\u00bb]<\/p>\n<p>Brindamos asistencia t\u00e9cnica global, formaci\u00f3n operativa, mantenimiento programado y soporte remoto para asegurar el m\u00e1ximo rendimiento de las unidades en servicio.<\/p>\n<p>[\/et_pb_blurb][\/et_pb_column][\/et_pb_row][et_pb_row column_structure=\u00bb1_3,1_3,1_3&#8243; _builder_version=\u00bb4.24.2&#8243; _module_preset=\u00bbdefault\u00bb custom_padding=\u00bb||20px|||\u00bb global_colors_info=\u00bb{}\u00bb][et_pb_column type=\u00bb1_3&#8243; _builder_version=\u00bb4.24.2&#8243; _module_preset=\u00bbdefault\u00bb global_colors_info=\u00bb{}\u00bb][et_pb_text _builder_version=\u00bb4.27.5&#8243; _module_preset=\u00bbdefault\u00bb custom_margin=\u00bb||40px|||\u00bb global_colors_info=\u00bb{}\u00bb]<\/p>\n<h3>C\u00f3mo funciona<\/h3>\n<p style=\"text-align: justify;\">El proceso comienza con la <strong>evaluaci\u00f3n de la misi\u00f3n<\/strong>, donde se define la operaci\u00f3n y el nivel de amenaza. Con esos datos, ACK3 realiza la configuraci\u00f3n t\u00e9cnica del blindaje, la distribuci\u00f3n interna y el equipamiento m\u00e9dico. Luego se busca el veh\u00edculo con refuerzos, blindaje y sistemas de emergencia integrados que mejor se adapte. Cada unidad pasa pruebas de movilidad, resistencia bal\u00edstica y operaci\u00f3n m\u00e9dica. Finalmente, <strong>gestionamos la entrega internacional<\/strong>, incluyendo env\u00edo, documentaci\u00f3n y soporte en cualquier pa\u00eds.<\/p>\n<blockquote><\/blockquote>\n<p>[\/et_pb_text][\/et_pb_column][et_pb_column type=\u00bb1_3&#8243; _builder_version=\u00bb4.24.2&#8243; _module_preset=\u00bbdefault\u00bb global_colors_info=\u00bb{}\u00bb][et_pb_text _builder_version=\u00bb4.27.5&#8243; _module_preset=\u00bbdefault\u00bb global_colors_info=\u00bb{}\u00bb]<\/p>\n<h3>Confiabilidad y validaci\u00f3n\u00a0<\/h3>\n<ul>\n<li style=\"text-align: justify;\">Materiales con <strong>certificaci\u00f3n militar<\/strong> o de uso profesional outdoor.<\/li>\n<li style=\"text-align: justify;\">Componentes <strong>probados en temperaturas extremas<\/strong>.<\/li>\n<li style=\"text-align: justify;\">Equipos utilizados por <strong>expedicionistas y rescatistas<\/strong>.<\/li>\n<li style=\"text-align: justify;\">Material <strong>validado por especialistas<\/strong> en supervivencia y respuesta m\u00e9dica.<\/li>\n<\/ul>\n<p style=\"text-align: justify;\">\u00a0<\/p>\n<p>[\/et_pb_text][\/et_pb_column][et_pb_column type=\u00bb1_3&#8243; _builder_version=\u00bb4.24.2&#8243; _module_preset=\u00bbdefault\u00bb global_colors_info=\u00bb{}\u00bb][et_pb_text _builder_version=\u00bb4.27.5&#8243; _module_preset=\u00bbdefault\u00bb global_colors_info=\u00bb{}\u00bb]<\/p>\n<h3>Operatividad global<\/h3>\n<p style=\"text-align: justify;\">Aseguramos <em>operatividad global<\/em> mediante la gesti\u00f3n completa de fabricaci\u00f3n, env\u00edo, documentaci\u00f3n y soporte t\u00e9cnico para cualquier pa\u00eds del mundo. Esto permite que cada veh\u00edculo llegue listo para operar y cumpla con <a href=\"https:\/\/mundocalidad.com\/index.php\/2025\/12\/22\/iso-y-ambulancias-estandares-internacionales-para-salvar-vidas\/\" target=\"_blank\" rel=\"noopener\">normativas internacionales.<\/a><\/p>\n<p>&nbsp;<\/p>\n<p>[\/et_pb_text][\/et_pb_column][\/et_pb_row][et_pb_row _builder_version=\u00bb4.27.0&#8243; _module_preset=\u00bbdefault\u00bb custom_padding=\u00bb0px|||||\u00bb global_colors_info=\u00bb{}\u00bb][et_pb_column type=\u00bb4_4&#8243; _builder_version=\u00bb4.27.0&#8243; _module_preset=\u00bbdefault\u00bb global_colors_info=\u00bb{}\u00bb][et_pb_divider _builder_version=\u00bb4.27.0&#8243; _module_preset=\u00bbdefault\u00bb global_colors_info=\u00bb{}\u00bb][\/et_pb_divider][\/et_pb_column][\/et_pb_row][et_pb_row _builder_version=\u00bb4.24.0&#8243; _module_preset=\u00bbdefault\u00bb global_module=\u00bb25841311&#8243; saved_tabs=\u00bball\u00bb locked=\u00bboff\u00bb global_colors_info=\u00bb{}\u00bb][et_pb_column type=\u00bb4_4&#8243; _builder_version=\u00bb4.24.0&#8243; _module_preset=\u00bbdefault\u00bb global_colors_info=\u00bb{}\u00bb][et_pb_text _builder_version=\u00bb4.24.0&#8243; _module_preset=\u00bbe9776427-b859-4288-b0a2-c7103567bb8c\u00bb global_colors_info=\u00bb{}\u00bb]<\/p>\n<p style=\"text-align: center;\">Cont\u00e1ctanos<\/p>\n<p>[\/et_pb_text][et_pb_text _builder_version=\u00bb4.24.2&#8243; _dynamic_attributes=\u00bbcontent\u00bb _module_preset=\u00bb13ddcc34-f131-47ca-8026-edc37a2f8af8&#8243; header_2_text_align=\u00bbcenter\u00bb custom_margin=\u00bb||5px||false|false\u00bb global_colors_info=\u00bb{}\u00bb]@ET-DC@eyJkeW5hbWljIjp0cnVlLCJjb250ZW50IjoicG9zdF90aXRsZSIsInNldHRpbmdzIjp7ImJlZm9yZSI6IjxoMj4gXHUwMGJmRXN0XHUwMGUxcyBpbnRlcmVzYWRvIGVuIGxvcyBzZXJ2aWNpb3MgZGUgIiwiYWZ0ZXIiOiJkZSBBQ0szPzwvaDI+In19@[\/et_pb_text][et_pb_text _builder_version=\u00bb4.24.0&#8243; _module_preset=\u00bb13ddcc34-f131-47ca-8026-edc37a2f8af8&#8243; global_colors_info=\u00bb{}\u00bb]<\/p>\n<p style=\"text-align: center;\">Ponte en contacto con nosotros completando el siguiente formulario:<\/p>\n<p>[\/et_pb_text][dipi_gravity_forms_styler gf_form_id=\u00bb1&#8243; form_title=\u00bbhide\u00bb _builder_version=\u00bb4.24.0&#8243; _module_preset=\u00bbdefault\u00bb form_title_font_size=\u00bb0px\u00bb field_label_font=\u00bbTrade Gothic LT Bold Extended||||||||\u00bb field_label_font_size=\u00bb15px\u00bb required_field_indicator_font_size=\u00bb15px\u00bb field_description_font_size=\u00bb16px\u00bb checkbox_radio_label_font_size=\u00bb17px\u00bb custom_all=\u00bbon\u00bb all_text_size=\u00bb17px\u00bb all_bg_color=\u00bb#000000&#8243; all_font=\u00bb|600|||||||\u00bb all_use_icon=\u00bboff\u00bb max_width=\u00bb78%\u00bb max_width_tablet=\u00bb100%\u00bb max_width_phone=\u00bb\u00bb max_width_last_edited=\u00bbon|desktop\u00bb module_alignment=\u00bbcenter\u00bb global_colors_info=\u00bb{}\u00bb all_bg_color__hover_enabled=\u00bbon|hover\u00bb all_bg_color__hover=\u00bb#535353&#8243; all_bg_enable_color__hover=\u00bbon\u00bb][\/dipi_gravity_forms_styler][\/et_pb_column][\/et_pb_row][\/et_pb_section]<\/p>\n","protected":false},"excerpt":{"rendered":"<p>Ambulancias blindadas dise\u00f1adas para misiones cr\u00edticas: protecci\u00f3n avanzada, equipamiento m\u00e9dico completo y despliegue seguro en cualquier pa\u00eds.<\/p>\n","protected":false},"author":2,"featured_media":25863494,"parent":25843931,"menu_order":0,"comment_status":"closed","ping_status":"closed","template":"","meta":{"_et_pb_use_builder":"on","_et_pb_old_content":"","_et_gb_content_width":"","footnotes":""},"dipi_cpt_category":[],"class_list":["post-25863488","page","type-page","status-publish","has-post-thumbnail","hentry"],"_links":{"self":[{"href":"https:\/\/ack3.eu\/es\/wp-json\/wp\/v2\/pages\/25863488","targetHints":{"allow":["GET"]}}],"collection":[{"href":"https:\/\/ack3.eu\/es\/wp-json\/wp\/v2\/pages"}],"about":[{"href":"https:\/\/ack3.eu\/es\/wp-json\/wp\/v2\/types\/page"}],"author":[{"embeddable":true,"href":"https:\/\/ack3.eu\/es\/wp-json\/wp\/v2\/users\/2"}],"replies":[{"embeddable":true,"href":"https:\/\/ack3.eu\/es\/wp-json\/wp\/v2\/comments?post=25863488"}],"version-history":[{"count":0,"href":"https:\/\/ack3.eu\/es\/wp-json\/wp\/v2\/pages\/25863488\/revisions"}],"up":[{"embeddable":true,"href":"https:\/\/ack3.eu\/es\/wp-json\/wp\/v2\/pages\/25843931"}],"wp:featuredmedia":[{"embeddable":true,"href":"https:\/\/ack3.eu\/es\/wp-json\/wp\/v2\/media\/25863494"}],"wp:attachment":[{"href":"https:\/\/ack3.eu\/es\/wp-json\/wp\/v2\/media?parent=25863488"}],"wp:term":[{"taxonomy":"dipi_cpt_category","embeddable":true,"href":"https:\/\/ack3.eu\/es\/wp-json\/wp\/v2\/dipi_cpt_category?post=25863488"}],"curies":[{"name":"wp","href":"https:\/\/api.w.org\/{rel}","templated":true}]}}