{"id":25863449,"date":"2026-01-26T09:24:12","date_gmt":"2026-01-26T08:24:12","guid":{"rendered":"https:\/\/ack3.eu\/?page_id=25863449"},"modified":"2026-02-05T11:03:07","modified_gmt":"2026-02-05T10:03:07","slug":"equipamiento-buceo","status":"publish","type":"page","link":"https:\/\/ack3.eu\/es\/productos\/soluciones-y-equipamiento\/equipamiento-buceo\/","title":{"rendered":"Equipamiento profesional de buceo"},"content":{"rendered":"<p>[et_pb_section fb_built=\u00bb1&#8243; _builder_version=\u00bb4.24.0&#8243; _module_preset=\u00bbdefault\u00bb background_color=\u00bb#000000&#8243; background_pattern_repeat_origin=\u00bbcenter\u00bb custom_padding=\u00bb13px||13px||true|false\u00bb saved_tabs=\u00bball\u00bb locked=\u00bboff\u00bb global_colors_info=\u00bb{}\u00bb][et_pb_row _builder_version=\u00bb4.24.0&#8243; _module_preset=\u00bb32edda46-f9f8-4bcc-acb6-81abff8182ae\u00bb custom_margin=\u00bb||0px||false|false\u00bb custom_padding=\u00bb4px||4px||true|false\u00bb global_colors_info=\u00bb{}\u00bb][et_pb_column type=\u00bb4_4&#8243; _builder_version=\u00bb4.20.4&#8243; _module_preset=\u00bbdefault\u00bb global_colors_info=\u00bb{}\u00bb][dipi_breadcrumbs bc_home_text=\u00bbHome\u00bb bc_home_url=\u00bb\/\u00bb bc_items_alignment=\u00bbdipi-bc-left\u00bb bc_item_padding=\u00bb|10px||10px|false|true\u00bb bc_active_item_padding=\u00bb|20px||10px|true|false\u00bb _builder_version=\u00bb4.24.0&#8243; _module_preset=\u00bbdefault\u00bb active_text_color=\u00bb#BADFF7&#8243; global_colors_info=\u00bb{}\u00bb][\/dipi_breadcrumbs][\/et_pb_column][\/et_pb_row][\/et_pb_section][et_pb_section fb_built=\u00bb1&#8243; _builder_version=\u00bb4.24.0&#8243; _module_preset=\u00bbdefault\u00bb locked=\u00bboff\u00bb global_colors_info=\u00bb{}\u00bb][et_pb_row _builder_version=\u00bb4.24.0&#8243; _module_preset=\u00bbdefault\u00bb locked=\u00bboff\u00bb global_colors_info=\u00bb{}\u00bb][et_pb_column type=\u00bb4_4&#8243; _builder_version=\u00bb4.24.0&#8243; _module_preset=\u00bbdefault\u00bb global_colors_info=\u00bb{}\u00bb][et_pb_text _builder_version=\u00bb4.27.5&#8243; _module_preset=\u00bb13ddcc34-f131-47ca-8026-edc37a2f8af8&#8243; custom_padding=\u00bb1px|||||\u00bb hover_enabled=\u00bb0&#8243; global_colors_info=\u00bb{}\u00bb sticky_enabled=\u00bb0&#8243;]<\/p>\n<h1 style=\"text-align: center;\">Equipamiento de buceo profesional<\/h1>\n<h6 style=\"text-align: center;\">Seguridad y rendimiento debajo de la superficie<\/h6>\n<div>\n<p style=\"text-align: center;\">El <strong>equipamiento para unidades de buceo de ACK3<\/strong> ofrece soluciones completas y de alta calidad para buceadores profesionales y entusiastas. Nuestra gama incluye reguladores, BCD, m\u00e1scaras, aletas y accesorios dise\u00f1ados para brindar m\u00e1ximo rendimiento en cualquier misi\u00f3n acu\u00e1tica. Todos los productos est\u00e1n fabricados con materiales duraderos y pensados para garantizar inmersiones seguras, eficientes y memorables. Adem\u00e1s, ofrecemos <strong>programas de formaci\u00f3n profesional<\/strong> para asegurar un dominio total del equipo.<\/p>\n<\/div>\n<p>[\/et_pb_text][\/et_pb_column][\/et_pb_row][et_pb_row column_structure=\u00bb1_2,1_2&#8243; module_class=\u00bbagf-vertical-align\u00bb _builder_version=\u00bb4.24.0&#8243; _module_preset=\u00bbdefault\u00bb custom_padding=\u00bb15px||24px||false|false\u00bb global_colors_info=\u00bb{}\u00bb][et_pb_column type=\u00bb1_2&#8243; _builder_version=\u00bb4.24.0&#8243; _module_preset=\u00bbdefault\u00bb global_colors_info=\u00bb{}\u00bb][et_pb_image src=\u00bbhttps:\/\/ack3.eu\/wp-content\/uploads\/2026\/01\/buceo.jpg\u00bb alt=\u00bbequipamiento de buceo\u00bb title_text=\u00bbbuceo\u00bb _builder_version=\u00bb4.27.5&#8243; _module_preset=\u00bbdefault\u00bb global_colors_info=\u00bb{}\u00bb][\/et_pb_image][\/et_pb_column][et_pb_column type=\u00bb1_2&#8243; _builder_version=\u00bb4.24.0&#8243; _module_preset=\u00bbdefault\u00bb global_colors_info=\u00bb{}\u00bb][et_pb_text _builder_version=\u00bb4.27.5&#8243; _module_preset=\u00bbdefault\u00bb custom_padding=\u00bb31px|||||\u00bb global_colors_info=\u00bb{}\u00bb]<\/p>\n<blockquote>\n<h2>\u00bfQu\u00e9 es el Equipamiento de buceo?<\/h2>\n<div>\n<p style=\"text-align: justify;\"><strong><\/strong><\/p>\n<div style=\"text-align: justify;\"><strong>Es una gama completa de herramientas y dispositivos dise\u00f1ados para ofrecer un desempe\u00f1o superior bajo el agua. Cada pieza est\u00e1 creada para optimizar la flotabilidad, mejorar la eficiencia del movimiento y proporcionar seguridad en situaciones cr\u00edticas. A diferencia de las soluciones gen\u00e9ricas, este equipamiento integra tecnolog\u00eda avanzada, ergonom\u00eda y materiales de alta resistencia, garantizando un rendimiento confiable incluso en condiciones exigentes. Su dise\u00f1o modular permite adaptarlo a distintos perfiles y necesidades, convirti\u00e9ndolo en la opci\u00f3n ideal para buceadores profesionales y usuarios que requieren precisi\u00f3n, durabilidad y m\u00e1xima protecci\u00f3n durante sus operaciones subacu\u00e1ticas.<\/strong><\/div>\n<p><strong><\/strong><\/p>\n<p>&nbsp;<\/p>\n<\/div>\n<\/blockquote>\n<p>[\/et_pb_text][\/et_pb_column][\/et_pb_row][et_pb_row _builder_version=\u00bb4.27.4&#8243; _module_preset=\u00bbdefault\u00bb custom_margin=\u00bb19px|auto||auto||\u00bb custom_padding=\u00bb2px||0px|||\u00bb global_colors_info=\u00bb{}\u00bb][et_pb_column type=\u00bb4_4&#8243; _builder_version=\u00bb4.27.4&#8243; _module_preset=\u00bbdefault\u00bb global_colors_info=\u00bb{}\u00bb][et_pb_text _builder_version=\u00bb4.27.5&#8243; _module_preset=\u00bbdefault\u00bb global_colors_info=\u00bb{}\u00bb]<\/p>\n<div>\n<h3 style=\"text-align: center;\">Calidad y equipamiento profesional<\/h3>\n<p style=\"text-align: center;\">El equipamiento de buceo profesional de ACK3 se dise\u00f1a y valida bajo <strong>estrictos criterios operativos<\/strong>, tras una revisi\u00f3n realizada por especialistas con amplia experiencia en inmersiones t\u00e9cnicas y misiones subacu\u00e1ticas. Cada componente integra tecnolog\u00eda avanzada, materiales resistentes y soluciones utilizadas en operaciones de rescate, trabajos t\u00e9cnicos y expediciones en profundidad, garantizando fiabilidad y durabilidad. La selecci\u00f3n de <strong>materiales certificados<\/strong> para uso prolongado bajo presi\u00f3n y corrosi\u00f3n marina se complementa con un<strong> an\u00e1lisis detallado del entorno de inmersi\u00f3n<\/strong>, considerando factores como temperatura, corrientes, visibilidad y condiciones operativas.\u00a0<\/p>\n<\/div>\n<p>&nbsp;<\/p>\n<p>[\/et_pb_text][\/et_pb_column][\/et_pb_row][et_pb_row _builder_version=\u00bb4.24.2&#8243; _module_preset=\u00bbdefault\u00bb custom_padding=\u00bb2px||0px|||\u00bb global_colors_info=\u00bb{}\u00bb][et_pb_column type=\u00bb4_4&#8243; _builder_version=\u00bb4.24.2&#8243; _module_preset=\u00bbdefault\u00bb global_colors_info=\u00bb{}\u00bb][et_pb_text _builder_version=\u00bb4.27.5&#8243; _module_preset=\u00bbdefault\u00bb custom_margin=\u00bb||10px||false|false\u00bb global_colors_info=\u00bb{}\u00bb]<\/p>\n<h3>Beneficios\u00a0<\/h3>\n<p>[\/et_pb_text][et_pb_divider _builder_version=\u00bb4.24.0&#8243; _module_preset=\u00bbdefault\u00bb max_width=\u00bb9%\u00bb max_width_tablet=\u00bb15%\u00bb max_width_phone=\u00bb15%\u00bb max_width_last_edited=\u00bbon|phone\u00bb custom_margin=\u00bb||10px||false|false\u00bb global_colors_info=\u00bb{}\u00bb][\/et_pb_divider][\/et_pb_column][\/et_pb_row][et_pb_row column_structure=\u00bb1_2,1_2&#8243; use_custom_gutter=\u00bbon\u00bb gutter_width=\u00bb2&#8243; _builder_version=\u00bb4.27.5&#8243; _module_preset=\u00bbdefault\u00bb background_color=\u00bb#F6FAFD\u00bb custom_padding=\u00bb0px|30px|0px|30px|true|true\u00bb global_colors_info=\u00bb{}\u00bb][et_pb_column type=\u00bb1_2&#8243; _builder_version=\u00bb4.24.0&#8243; _module_preset=\u00bbdefault\u00bb global_colors_info=\u00bb{}\u00bb][et_pb_blurb title=\u00bb Seguridad y rendimiento\u00bb use_icon=\u00bbon\u00bb font_icon=\u00bb&#x24;||divi||400&#8243; icon_color=\u00bb#000000&#8243; icon_placement=\u00bbleft\u00bb image_icon_width=\u00bb29px\u00bb content_max_width=\u00bb1100px\u00bb _builder_version=\u00bb4.27.5&#8243; _module_preset=\u00bbdefault\u00bb header_font_size=\u00bb17px\u00bb custom_margin=\u00bb||10px||false|false\u00bb global_colors_info=\u00bb{}\u00bb]<\/p>\n<p style=\"text-align: justify;\"><span style=\"font-size: 17px;\">Los equipos dise\u00f1ados para un alto desempe\u00f1o incorporan <\/span><span style=\"font-size: 17px;\">reguladores precisos<\/span><span style=\"font-size: 17px;\">, que ofrecen un flujo de aire estable, <\/span><span style=\"font-size: 17px;\">BCD confiables<\/span><span style=\"font-size: 17px;\"> que mejoran el control de flotabilidad, <\/span><span style=\"font-size: 17px;\">m\u00e1scaras de visi\u00f3n amplia<\/span><span style=\"font-size: 17px;\"> que aumentan la percepci\u00f3n del entorno y <\/span><span style=\"font-size: 17px;\">aletas de alta respuesta<\/span><span style=\"font-size: 17px;\"> que optimizan la propulsi\u00f3n. Cada elemento est\u00e1 pensado para mejorar la seguridad y facilitar un movimiento m\u00e1s natural bajo el agua.<\/span><\/p>\n<p>[\/et_pb_blurb][et_pb_blurb title=\u00bbMateriales de alta durabilidad\u00bb use_icon=\u00bbon\u00bb font_icon=\u00bb&#x24;||divi||400&#8243; icon_color=\u00bb#000000&#8243; icon_placement=\u00bbleft\u00bb image_icon_width=\u00bb29px\u00bb content_max_width=\u00bb1100px\u00bb _builder_version=\u00bb4.27.5&#8243; _module_preset=\u00bbdefault\u00bb header_font_size=\u00bb17px\u00bb custom_margin=\u00bb||10px||false|false\u00bb global_colors_info=\u00bb{}\u00bb]<\/p>\n<p style=\"text-align: justify;\">El uso de materiales avanzados y t\u00e9cnicas de fabricaci\u00f3n especializadas permite que el equipamiento soporte ambientes exigentes, corrosi\u00f3n, presi\u00f3n y uso intensivo. Esta durabilidad prolonga la vida \u00fatil del equipo y reduce la necesidad de reemplazos frecuentes, convirti\u00e9ndolo en una inversi\u00f3n confiable para cualquier operaci\u00f3n o entrenamiento.<\/p>\n<p>[\/et_pb_blurb][\/et_pb_column][et_pb_column type=\u00bb1_2&#8243; _builder_version=\u00bb4.27.5&#8243; _module_preset=\u00bbdefault\u00bb global_colors_info=\u00bb{}\u00bb][et_pb_blurb title=\u00bbFormaci\u00f3n certificada\u00bb use_icon=\u00bbon\u00bb font_icon=\u00bb&#x24;||divi||400&#8243; icon_color=\u00bb#000000&#8243; icon_placement=\u00bbleft\u00bb image_icon_width=\u00bb29px\u00bb content_max_width=\u00bb1100px\u00bb _builder_version=\u00bb4.27.5&#8243; _module_preset=\u00bbdefault\u00bb header_font_size=\u00bb17px\u00bb custom_margin=\u00bb||10px||false|false\u00bb global_colors_info=\u00bb{}\u00bb]<\/p>\n<p style=\"text-align: justify;\">La disponibilidad de programas de capacitaci\u00f3n profesional garantiza que los usuarios dominen completamente el funcionamiento del equipo. Estos cursos permiten desarrollar competencias t\u00e9cnicas, reforzar protocolos de seguridad y asegurar que cada buzo pueda operar el equipo de forma correcta en escenarios reales y de alta exigencia.<\/p>\n<p>[\/et_pb_blurb][et_pb_blurb title=\u00bbEquipamiento profesional completo\u00bb use_icon=\u00bbon\u00bb font_icon=\u00bb&#x24;||divi||400&#8243; icon_color=\u00bb#000000&#8243; icon_placement=\u00bbleft\u00bb image_icon_width=\u00bb29px\u00bb content_max_width=\u00bb1100px\u00bb _builder_version=\u00bb4.27.5&#8243; _module_preset=\u00bbdefault\u00bb header_font_size=\u00bb17px\u00bb custom_margin=\u00bb||10px||false|false\u00bb global_colors_info=\u00bb{}\u00bb]<\/p>\n<div style=\"text-align: justify;\">Contar con un equipamiento profesional completo garantiza que cada inmersi\u00f3n se realice con el m\u00e1ximo nivel de preparaci\u00f3n. Este tipo de equipo ofrece soluciones espec\u00edficas para buceo recreativo, t\u00e9cnico, operativo y de rescate, permitiendo adaptar cada componente a las exigencias de la misi\u00f3n. Esto asegura una experiencia<a href=\"https:\/\/odysea.cat\/es-peligroso-el-buceo\/#:~:text=Las%20fuertes%20corrientes%2C%20la%20mala%20visibilidad%2C%20las%20aguas,que%20pueden%20aumentar%20el%20peligro%20en%20el%20buceo.\" target=\"_blank\" rel=\"noopener\"> m\u00e1s segura<\/a>, eficiente y adecuada al entorno subacu\u00e1tico.<\/div>\n<p>[\/et_pb_blurb][\/et_pb_column][\/et_pb_row][et_pb_row _builder_version=\u00bb4.24.2&#8243; _module_preset=\u00bbdefault\u00bb custom_padding=\u00bb||20px|||\u00bb global_colors_info=\u00bb{}\u00bb][et_pb_column type=\u00bb4_4&#8243; _builder_version=\u00bb4.24.2&#8243; _module_preset=\u00bbdefault\u00bb global_colors_info=\u00bb{}\u00bb][et_pb_text _builder_version=\u00bb4.27.5&#8243; _module_preset=\u00bbdefault\u00bb custom_margin=\u00bb||40px|||\u00bb global_colors_info=\u00bb{}\u00bb]<\/p>\n<blockquote>\n<h3>C\u00f3mo funciona<\/h3>\n<p style=\"text-align: justify;\"><strong>Analizamos las necesidades de cada unidad, su entorno operativo y el nivel de experiencia del equipo.<\/strong> Con esa informaci\u00f3n, seleccionamos o configuramos el equipamiento ideal,<strong> desde reguladores hasta accesorios t\u00e9cnicos.<\/strong> El cliente revisa la propuesta, realiza ajustes si lo desea y finalmente entregamos el equipo listo para su uso o entrenamiento.<\/p>\n<\/blockquote>\n<p>[\/et_pb_text][\/et_pb_column][\/et_pb_row][et_pb_row column_structure=\u00bb1_3,1_3,1_3&#8243; _builder_version=\u00bb4.24.2&#8243; _module_preset=\u00bbdefault\u00bb custom_padding=\u00bb3px||0px|||\u00bb global_colors_info=\u00bb{}\u00bb][et_pb_column type=\u00bb1_3&#8243; _builder_version=\u00bb4.24.2&#8243; _module_preset=\u00bbdefault\u00bb global_colors_info=\u00bb{}\u00bb][et_pb_text _builder_version=\u00bb4.27.5&#8243; _module_preset=\u00bbdefault\u00bb custom_margin=\u00bb||40px|||\u00bb global_colors_info=\u00bb{}\u00bb]<\/p>\n<h3>Fiabilidad garantizada<\/h3>\n<ul>\n<li>Materiales certificados y resistentes a la corrosi\u00f3n<\/li>\n<li style=\"text-align: justify;\">Dise\u00f1o probado en misiones reales de buceo<\/li>\n<li style=\"text-align: justify;\">Sistemas optimizados para seguridad en profundidad<\/li>\n<li><strong>Formaci\u00f3n profesional disponible<\/strong><\/li>\n<\/ul>\n<p>[\/et_pb_text][\/et_pb_column][et_pb_column type=\u00bb1_3&#8243; _builder_version=\u00bb4.24.2&#8243; _module_preset=\u00bbdefault\u00bb global_colors_info=\u00bb{}\u00bb][et_pb_text _builder_version=\u00bb4.27.5&#8243; _module_preset=\u00bbdefault\u00bb custom_margin=\u00bb||40px|||\u00bb global_colors_info=\u00bb{}\u00bb]<\/p>\n<h3>Casos de uso\u00a0<\/h3>\n<ul>\n<li><span style=\"color: #0a0a0a;\">Unidades de seguridad y rescate submarino<\/span><\/li>\n<li><span style=\"color: #0a0a0a;\">Equipos t\u00e1cticos o gubernamentales<\/span><\/li>\n<li style=\"text-align: justify;\"><span style=\"color: #0a0a0a;\">Centros de buceo profesionales<\/span><\/li>\n<li><span style=\"color: #0a0a0a;\">Investigadores marinos y expediciones<\/span><\/li>\n<li><span style=\"color: #0a0a0a;\">Usuarios recreativos avanzado<\/span>s<\/li>\n<\/ul>\n<p>[\/et_pb_text][\/et_pb_column][et_pb_column type=\u00bb1_3&#8243; _builder_version=\u00bb4.24.2&#8243; _module_preset=\u00bbdefault\u00bb global_colors_info=\u00bb{}\u00bb][et_pb_text _builder_version=\u00bb4.27.5&#8243; _module_preset=\u00bbdefault\u00bb global_colors_info=\u00bb{}\u00bb]<\/p>\n<p>\u00a0<strong style=\"font-family: 'Trade Gothic LT Bold Extended', Helvetica, Arial, Lucida, sans-serif; font-size: 30px;\">Sistemas Operativos avanzados<\/strong><\/p>\n<div>\n<p style=\"text-align: justify;\">El equipamiento de buceo de ACK3 integra componentes optimizados para estabilidad estructural, eficiencia respiratoria y desempe\u00f1o constante bajo variaciones de presi\u00f3n. Cada sistema se valida mediante pruebas operativas que garantizan fiabilidad en misiones t\u00e9cnicas y perfiles de inmersi\u00f3n de alta demanda.<\/p>\n<\/div>\n<p>&nbsp;<\/p>\n<p>&nbsp;<\/p>\n<p>[\/et_pb_text][\/et_pb_column][\/et_pb_row][et_pb_row _builder_version=\u00bb4.27.0&#8243; _module_preset=\u00bbdefault\u00bb custom_padding=\u00bb0px|||||\u00bb global_colors_info=\u00bb{}\u00bb][et_pb_column type=\u00bb4_4&#8243; _builder_version=\u00bb4.27.0&#8243; _module_preset=\u00bbdefault\u00bb global_colors_info=\u00bb{}\u00bb][et_pb_divider _builder_version=\u00bb4.27.0&#8243; _module_preset=\u00bbdefault\u00bb global_colors_info=\u00bb{}\u00bb][\/et_pb_divider][\/et_pb_column][\/et_pb_row][et_pb_row _builder_version=\u00bb4.24.0&#8243; _module_preset=\u00bbdefault\u00bb global_module=\u00bb25841311&#8243; saved_tabs=\u00bball\u00bb locked=\u00bboff\u00bb global_colors_info=\u00bb{}\u00bb][et_pb_column type=\u00bb4_4&#8243; _builder_version=\u00bb4.24.0&#8243; _module_preset=\u00bbdefault\u00bb global_colors_info=\u00bb{}\u00bb][et_pb_text _builder_version=\u00bb4.24.0&#8243; _module_preset=\u00bbe9776427-b859-4288-b0a2-c7103567bb8c\u00bb global_colors_info=\u00bb{}\u00bb]<\/p>\n<p style=\"text-align: center;\">Cont\u00e1ctanos<\/p>\n<p>[\/et_pb_text][et_pb_text _builder_version=\u00bb4.27.5&#8243; _dynamic_attributes=\u00bbcontent\u00bb _module_preset=\u00bb13ddcc34-f131-47ca-8026-edc37a2f8af8&#8243; header_2_text_align=\u00bbcenter\u00bb custom_margin=\u00bb||5px||false|false\u00bb hover_enabled=\u00bb0&#8243; global_colors_info=\u00bb{}\u00bb sticky_enabled=\u00bb0&#8243;]@ET-DC@eyJkeW5hbWljIjp0cnVlLCJjb250ZW50IjoicG9zdF90aXRsZSIsInNldHRpbmdzIjp7ImJlZm9yZSI6IjxoMj4gwr9Fc3TDoXMgaW50ZXJlc2FkbyBlbiBsb3Mgc2VydmljaW9zIGRlICIsImFmdGVyIjoiIGRlIEFDSzM\/PC9oMj4ifX0=@[\/et_pb_text][et_pb_text _builder_version=\u00bb4.24.0&#8243; _module_preset=\u00bb13ddcc34-f131-47ca-8026-edc37a2f8af8&#8243; global_colors_info=\u00bb{}\u00bb]<\/p>\n<p style=\"text-align: center;\">Ponte en contacto con nosotros completando el siguiente formulario:<\/p>\n<p>[\/et_pb_text][dipi_gravity_forms_styler gf_form_id=\u00bb1&#8243; form_title=\u00bbhide\u00bb _builder_version=\u00bb4.24.0&#8243; _module_preset=\u00bbdefault\u00bb form_title_font_size=\u00bb0px\u00bb field_label_font=\u00bbTrade Gothic LT Bold Extended||||||||\u00bb field_label_font_size=\u00bb15px\u00bb required_field_indicator_font_size=\u00bb15px\u00bb field_description_font_size=\u00bb16px\u00bb checkbox_radio_label_font_size=\u00bb17px\u00bb custom_all=\u00bbon\u00bb all_text_size=\u00bb17px\u00bb all_bg_color=\u00bb#000000&#8243; all_font=\u00bb|600|||||||\u00bb all_use_icon=\u00bboff\u00bb max_width=\u00bb78%\u00bb max_width_tablet=\u00bb100%\u00bb max_width_phone=\u00bb\u00bb max_width_last_edited=\u00bbon|desktop\u00bb module_alignment=\u00bbcenter\u00bb global_colors_info=\u00bb{}\u00bb all_bg_color__hover_enabled=\u00bbon|hover\u00bb all_bg_color__hover=\u00bb#535353&#8243; all_bg_enable_color__hover=\u00bbon\u00bb][\/dipi_gravity_forms_styler][\/et_pb_column][\/et_pb_row][\/et_pb_section]<\/p>\n","protected":false},"excerpt":{"rendered":"<p>El equipamiento de buceo combina trajes, aletas y sistemas de aire que permiten explorar el oc\u00e9ano con seguridad y libertad.<\/p>\n","protected":false},"author":2,"featured_media":25863456,"parent":25843931,"menu_order":0,"comment_status":"closed","ping_status":"closed","template":"","meta":{"_et_pb_use_builder":"on","_et_pb_old_content":"","_et_gb_content_width":"","footnotes":""},"dipi_cpt_category":[1214,1215],"class_list":["post-25863449","page","type-page","status-publish","has-post-thumbnail","hentry","dipi_cpt_category-buceo","dipi_cpt_category-equipamiento-buceo"],"_links":{"self":[{"href":"https:\/\/ack3.eu\/es\/wp-json\/wp\/v2\/pages\/25863449","targetHints":{"allow":["GET"]}}],"collection":[{"href":"https:\/\/ack3.eu\/es\/wp-json\/wp\/v2\/pages"}],"about":[{"href":"https:\/\/ack3.eu\/es\/wp-json\/wp\/v2\/types\/page"}],"author":[{"embeddable":true,"href":"https:\/\/ack3.eu\/es\/wp-json\/wp\/v2\/users\/2"}],"replies":[{"embeddable":true,"href":"https:\/\/ack3.eu\/es\/wp-json\/wp\/v2\/comments?post=25863449"}],"version-history":[{"count":0,"href":"https:\/\/ack3.eu\/es\/wp-json\/wp\/v2\/pages\/25863449\/revisions"}],"up":[{"embeddable":true,"href":"https:\/\/ack3.eu\/es\/wp-json\/wp\/v2\/pages\/25843931"}],"wp:featuredmedia":[{"embeddable":true,"href":"https:\/\/ack3.eu\/es\/wp-json\/wp\/v2\/media\/25863456"}],"wp:attachment":[{"href":"https:\/\/ack3.eu\/es\/wp-json\/wp\/v2\/media?parent=25863449"}],"wp:term":[{"taxonomy":"dipi_cpt_category","embeddable":true,"href":"https:\/\/ack3.eu\/es\/wp-json\/wp\/v2\/dipi_cpt_category?post=25863449"}],"curies":[{"name":"wp","href":"https:\/\/api.w.org\/{rel}","templated":true}]}}