{"id":25862462,"date":"2026-01-19T11:40:27","date_gmt":"2026-01-19T10:40:27","guid":{"rendered":"https:\/\/ack3.eu\/?page_id=25862462"},"modified":"2026-02-09T07:02:45","modified_gmt":"2026-02-09T06:02:45","slug":"telefonia-satelital","status":"publish","type":"page","link":"https:\/\/ack3.eu\/es\/productos\/soluciones-y-equipamiento\/telefonia-satelital\/","title":{"rendered":"Telefon\u00eda satelital"},"content":{"rendered":"<p>[et_pb_section fb_built=\u00bb1&#8243; _builder_version=\u00bb4.24.0&#8243; _module_preset=\u00bbdefault\u00bb background_color=\u00bb#000000&#8243; background_pattern_repeat_origin=\u00bbcenter\u00bb custom_padding=\u00bb13px||13px||true|false\u00bb saved_tabs=\u00bball\u00bb locked=\u00bboff\u00bb global_colors_info=\u00bb{}\u00bb][et_pb_row _builder_version=\u00bb4.24.0&#8243; _module_preset=\u00bb32edda46-f9f8-4bcc-acb6-81abff8182ae\u00bb custom_margin=\u00bb||0px||false|false\u00bb custom_padding=\u00bb4px||4px||true|false\u00bb global_colors_info=\u00bb{}\u00bb][et_pb_column type=\u00bb4_4&#8243; _builder_version=\u00bb4.20.4&#8243; _module_preset=\u00bbdefault\u00bb global_colors_info=\u00bb{}\u00bb][dipi_breadcrumbs bc_home_text=\u00bbHome\u00bb bc_home_url=\u00bb\/\u00bb bc_items_alignment=\u00bbdipi-bc-left\u00bb bc_item_padding=\u00bb|10px||10px|false|true\u00bb bc_active_item_padding=\u00bb|20px||10px|true|false\u00bb _builder_version=\u00bb4.24.0&#8243; _module_preset=\u00bbdefault\u00bb active_text_color=\u00bb#BADFF7&#8243; global_colors_info=\u00bb{}\u00bb][\/dipi_breadcrumbs][\/et_pb_column][\/et_pb_row][\/et_pb_section][et_pb_section fb_built=\u00bb1&#8243; _builder_version=\u00bb4.24.0&#8243; _module_preset=\u00bbdefault\u00bb locked=\u00bboff\u00bb global_colors_info=\u00bb{}\u00bb][et_pb_row _builder_version=\u00bb4.24.0&#8243; _module_preset=\u00bbdefault\u00bb locked=\u00bboff\u00bb global_colors_info=\u00bb{}\u00bb][et_pb_column type=\u00bb4_4&#8243; _builder_version=\u00bb4.24.0&#8243; _module_preset=\u00bbdefault\u00bb global_colors_info=\u00bb{}\u00bb][et_pb_text _builder_version=\u00bb4.27.5&#8243; _module_preset=\u00bb13ddcc34-f131-47ca-8026-edc37a2f8af8&#8243; hover_enabled=\u00bb0&#8243; global_colors_info=\u00bb{}\u00bb sticky_enabled=\u00bb0&#8243;]<\/p>\n<h1 style=\"text-align: center;\">Telefon\u00eda satelital<\/h1>\n<h6 style=\"text-align: center;\">Conectividad segura en cualquier lugar del mundo<\/h6>\n<p style=\"text-align: center;\">Las soluciones de <strong data-start=\"350\" data-end=\"381\">telefon\u00eda satelital de ACK3<\/strong> garantizan comunicaciones fiables y seguras en <strong data-start=\"429\" data-end=\"487\">entornos remotos, mar\u00edtimos, industriales y de defensa<\/strong>, donde las redes m\u00f3viles convencionales no est\u00e1n disponibles o no ofrecen garant\u00edas suficientes. Son una herramienta cr\u00edtica para asegurar la continuidad operativa, la coordinaci\u00f3n en tiempo real y la protecci\u00f3n de la informaci\u00f3n en escenarios de alta exigencia.<\/p>\n<p>[\/et_pb_text][\/et_pb_column][\/et_pb_row][et_pb_row column_structure=\u00bb1_2,1_2&#8243; module_class=\u00bbagf-vertical-align\u00bb _builder_version=\u00bb4.24.0&#8243; _module_preset=\u00bbdefault\u00bb custom_padding=\u00bb15px||||false|false\u00bb locked=\u00bboff\u00bb global_colors_info=\u00bb{}\u00bb][et_pb_column type=\u00bb1_2&#8243; _builder_version=\u00bb4.24.0&#8243; _module_preset=\u00bbdefault\u00bb global_colors_info=\u00bb{}\u00bb][et_pb_image src=\u00bbhttps:\/\/ack3.eu\/wp-content\/uploads\/2026\/01\/ACK3_Telefonia_Satelital.jpg\u00bb alt=\u00bbtelefon\u00eda satelital\u00bb title_text=\u00bbACK3_Telefonia_Satelital\u00bb _builder_version=\u00bb4.27.5&#8243; _module_preset=\u00bbdefault\u00bb global_colors_info=\u00bb{}\u00bb][\/et_pb_image][\/et_pb_column][et_pb_column type=\u00bb1_2&#8243; _builder_version=\u00bb4.24.0&#8243; _module_preset=\u00bbdefault\u00bb global_colors_info=\u00bb{}\u00bb][et_pb_text _builder_version=\u00bb4.27.5&#8243; _module_preset=\u00bbdefault\u00bb custom_padding=\u00bb31px|||||\u00bb global_colors_info=\u00bb{}\u00bb]<\/p>\n<blockquote>\n<h2>\u00bfQu\u00e9 es un tel\u00e9fono satelital?<\/h2>\n<p style=\"text-align: justify;\"><strong>Un tel\u00e9fono satelital es un dispositivo de comunicaci\u00f3n que, a diferencia de la telefon\u00eda m\u00f3vil convencional, no depende de redes terrestres como antenas o estaciones base, sino que se conecta directamente a sat\u00e9lites en \u00f3rbita. Esta arquitectura permite ofrecer servicios de voz, mensajer\u00eda y transmisi\u00f3n de datos b\u00e1sicos con alta fiabilidad, incluso en zonas donde no existe cobertura celular o esta es inestable. Gracias a ello, los tel\u00e9fonos satelitales resultan esenciales en entornos remotos como oc\u00e9anos, desiertos, cordilleras, \u00e1reas rurales aisladas o regiones con infraestructuras degradadas, as\u00ed como en operaciones cr\u00edticas donde la continuidad de las comunicaciones es un factor clave.<\/strong><\/p>\n<\/blockquote>\n<p>[\/et_pb_text][\/et_pb_column][\/et_pb_row][et_pb_row _builder_version=\u00bb4.24.0&#8243; _module_preset=\u00bbdefault\u00bb min_height=\u00bb235.5px\u00bb global_colors_info=\u00bb{}\u00bb][et_pb_column type=\u00bb4_4&#8243; _builder_version=\u00bb4.24.0&#8243; _module_preset=\u00bbdefault\u00bb global_colors_info=\u00bb{}\u00bb][et_pb_text _builder_version=\u00bb4.27.5&#8243; _module_preset=\u00bbdefault\u00bb global_colors_info=\u00bb{}\u00bb]<\/p>\n<h3 style=\"text-align: center;\" data-start=\"127\" data-end=\"201\"><strong data-start=\"131\" data-end=\"201\">Telefon\u00eda satelital para operaciones cr\u00edticas en cualquier entorno<\/strong><\/h3>\n<p style=\"text-align: center;\" data-start=\"203\" data-end=\"749\">Las soluciones de telefon\u00eda satelital de ACK3 est\u00e1n dise\u00f1adas para garantizar <strong data-start=\"281\" data-end=\"328\">comunicaciones seguras, fiables y continuas<\/strong> en zonas remotas sin cobertura celular, despliegues estrat\u00e9gicos y escenarios de alta exigencia operativa. Nuestros tel\u00e9fonos satelitales permiten mantener la coordinaci\u00f3n en tiempo real, proteger la informaci\u00f3n sensible y asegurar la continuidad de misi\u00f3n en entornos industriales, mar\u00edtimos, humanitarios y de defensa, ofreciendo cobertura global o regional, resistencia extrema y transmisi\u00f3n protegida de voz y datos.<\/p>\n<p>[\/et_pb_text][\/et_pb_column][\/et_pb_row][et_pb_row _builder_version=\u00bb4.24.2&#8243; _module_preset=\u00bbdefault\u00bb custom_padding=\u00bb2px||0px|||\u00bb locked=\u00bboff\u00bb global_colors_info=\u00bb{}\u00bb][et_pb_column type=\u00bb4_4&#8243; _builder_version=\u00bb4.24.2&#8243; _module_preset=\u00bbdefault\u00bb global_colors_info=\u00bb{}\u00bb][et_pb_text _builder_version=\u00bb4.27.5&#8243; _module_preset=\u00bbdefault\u00bb custom_margin=\u00bb||10px||false|false\u00bb global_colors_info=\u00bb{}\u00bb]<\/p>\n<h3>Beneficios<\/h3>\n<p>[\/et_pb_text][et_pb_divider _builder_version=\u00bb4.24.0&#8243; _module_preset=\u00bbdefault\u00bb max_width=\u00bb9%\u00bb max_width_tablet=\u00bb15%\u00bb max_width_phone=\u00bb15%\u00bb max_width_last_edited=\u00bbon|phone\u00bb custom_margin=\u00bb||10px||false|false\u00bb global_colors_info=\u00bb{}\u00bb][\/et_pb_divider][\/et_pb_column][\/et_pb_row][et_pb_row column_structure=\u00bb1_2,1_2&#8243; use_custom_gutter=\u00bbon\u00bb gutter_width=\u00bb2&#8243; _builder_version=\u00bb4.27.5&#8243; _module_preset=\u00bbdefault\u00bb background_color=\u00bb#F6FAFD\u00bb min_height=\u00bb379.6px\u00bb custom_padding=\u00bb0px|30px|0px|30px|true|true\u00bb locked=\u00bboff\u00bb global_colors_info=\u00bb{}\u00bb][et_pb_column type=\u00bb1_2&#8243; _builder_version=\u00bb4.24.0&#8243; _module_preset=\u00bbdefault\u00bb global_colors_info=\u00bb{}\u00bb][et_pb_blurb title=\u00bbConectividad global sin dependencia de redes terrestres\u00bb use_icon=\u00bbon\u00bb font_icon=\u00bb&#x24;||divi||400&#8243; icon_color=\u00bb#000000&#8243; icon_placement=\u00bbleft\u00bb image_icon_width=\u00bb29px\u00bb content_max_width=\u00bb1100px\u00bb _builder_version=\u00bb4.27.5&#8243; _module_preset=\u00bbdefault\u00bb header_font_size=\u00bb17px\u00bb custom_margin=\u00bb||10px||false|false\u00bb global_colors_info=\u00bb{}\u00bb]<\/p>\n<p style=\"text-align: justify;\">Los tel\u00e9fonos satelitales garantizan comunicaci\u00f3n incluso en zonas donde no existe infraestructura m\u00f3vil, como oc\u00e9anos, desiertos, monta\u00f1as o regiones de dif\u00edcil acceso. Esto asegura continuidad operativa en misiones cr\u00edticas, expediciones y operaciones industriales o de defensa sin importar la ubicaci\u00f3n.<\/p>\n<p>[\/et_pb_blurb][et_pb_blurb title=\u00bbComunicaciones seguras y protegidas\u00bb use_icon=\u00bbon\u00bb font_icon=\u00bb&#x24;||divi||400&#8243; icon_color=\u00bb#000000&#8243; icon_placement=\u00bbleft\u00bb image_icon_width=\u00bb29px\u00bb content_max_width=\u00bb1100px\u00bb _builder_version=\u00bb4.27.5&#8243; _module_preset=\u00bbdefault\u00bb header_font_size=\u00bb17px\u00bb custom_margin=\u00bb||10px||false|false\u00bb global_colors_info=\u00bb{}\u00bb]<\/p>\n<p style=\"text-align: justify;\">Las soluciones de ACK3 integran capas avanzadas de seguridad que protegen la transmisi\u00f3n de voz y datos frente a interceptaciones o interferencias. Esto resulta esencial para organizaciones que manejan informaci\u00f3n sensible en contextos corporativos, estrat\u00e9gicos, gubernamentales o t\u00e1cticos.<\/p>\n<p>[\/et_pb_blurb][\/et_pb_column][et_pb_column type=\u00bb1_2&#8243; _builder_version=\u00bb4.27.5&#8243; _module_preset=\u00bbdefault\u00bb global_colors_info=\u00bb{}\u00bb][et_pb_blurb title=\u00bb Alta fiabilidad en emergencias y condiciones extremas\u00bb use_icon=\u00bbon\u00bb font_icon=\u00bb&#x24;||divi||400&#8243; icon_color=\u00bb#000000&#8243; icon_placement=\u00bbleft\u00bb image_icon_width=\u00bb29px\u00bb content_max_width=\u00bb1100px\u00bb _builder_version=\u00bb4.27.5&#8243; _module_preset=\u00bbdefault\u00bb header_font_size=\u00bb17px\u00bb custom_margin=\u00bb||10px||false|false\u00bb global_colors_info=\u00bb{}\u00bb]<\/p>\n<p style=\"text-align: justify;\">Dise\u00f1ados para operar bajo temperaturas extremas, humedad, vibraci\u00f3n o entornos hostiles, estos dispositivos aseguran comunicaci\u00f3n estable en situaciones de emergencia, desastres naturales y misiones humanitarias. Su robustez los convierte en un recurso vital cuando otros sistemas fallan.<\/p>\n<p>[\/et_pb_blurb][et_pb_blurb title=\u00bbCoordinaci\u00f3n operativa en tiempo real\u00bb use_icon=\u00bbon\u00bb font_icon=\u00bb&#x24;||divi||400&#8243; icon_color=\u00bb#000000&#8243; icon_placement=\u00bbleft\u00bb image_icon_width=\u00bb29px\u00bb content_max_width=\u00bb1100px\u00bb _builder_version=\u00bb4.27.5&#8243; _module_preset=\u00bbdefault\u00bb header_font_size=\u00bb17px\u00bb custom_margin=\u00bb||10px||false|false\u00bb global_colors_info=\u00bb{}\u00bb]<\/p>\n<div style=\"text-align: justify;\">Permiten mantener contacto constante entre equipos distribuidos, facilitando la coordinaci\u00f3n inmediata de tareas, log\u00edstica y respuesta t\u00e1ctica. Esta capacidad es fundamental para operaciones mar\u00edtimas, industriales o de defensa donde la sincronizaci\u00f3n entre unidades es determinante para el \u00e9xito de la misi\u00f3n.<\/div>\n<p>[\/et_pb_blurb][\/et_pb_column][\/et_pb_row][et_pb_row _builder_version=\u00bb4.24.0&#8243; _module_preset=\u00bbdefault\u00bb min_height=\u00bb216.5px\u00bb custom_padding=\u00bb5px||56px|||\u00bb global_colors_info=\u00bb{}\u00bb][et_pb_column type=\u00bb4_4&#8243; _builder_version=\u00bb4.24.0&#8243; _module_preset=\u00bbdefault\u00bb global_colors_info=\u00bb{}\u00bb][et_pb_text _builder_version=\u00bb4.27.5&#8243; _module_preset=\u00bbdefault\u00bb global_colors_info=\u00bb{}\u00bb]<\/p>\n<blockquote>\n<p>Su uso resulta esencial en <strong>zonas remotas sin cobertura celular<\/strong>, en despliegues estrat\u00e9gicos que requieren coordinaci\u00f3n inmediata y en escenarios cr\u00edticos donde la seguridad y la integridad informativa son prioritarias. Con ellos, tu organizaci\u00f3n mantiene la conectividad y refuerza la fiabilidad de sus operaciones en cualquier parte del mundo.<\/p>\n<\/blockquote>\n<p>Disponemos de <strong>dos modelos de tel\u00e9fonos satelitales<\/strong>, dise\u00f1ados para garantizar comunicaci\u00f3n segura y confiable en cualquier entorno, desde operaciones industriales y defensivas hasta expediciones y emergencias humanitarias. Estos dispositivos ofrecen <strong>cobertura global o regional, transmisi\u00f3n protegida de voz y datos, y resistencia en condiciones extremas, asegurando continuidad de misi\u00f3n y trazabilidad operativa<\/strong><\/p>\n<p>[\/et_pb_text][\/et_pb_column][\/et_pb_row][et_pb_row _builder_version=\u00bb4.27.5&#8243; _module_preset=\u00bbdefault\u00bb global_colors_info=\u00bb{}\u00bb][et_pb_column type=\u00bb4_4&#8243; _builder_version=\u00bb4.27.5&#8243; _module_preset=\u00bbdefault\u00bb global_colors_info=\u00bb{}\u00bb][et_pb_divider _builder_version=\u00bb4.27.5&#8243; _module_preset=\u00bbdefault\u00bb global_colors_info=\u00bb{}\u00bb][\/et_pb_divider][\/et_pb_column][\/et_pb_row][et_pb_row column_structure=\u00bb1_2,1_2&#8243; _builder_version=\u00bb4.24.0&#8243; _module_preset=\u00bbdefault\u00bb custom_padding=\u00bb||||false|false\u00bb locked=\u00bboff\u00bb global_colors_info=\u00bb{}\u00bb][et_pb_column type=\u00bb1_2&#8243; _builder_version=\u00bb4.24.0&#8243; _module_preset=\u00bbdefault\u00bb global_colors_info=\u00bb{}\u00bb][et_pb_text _builder_version=\u00bb4.27.5&#8243; _module_preset=\u00bbdefault\u00bb global_colors_info=\u00bb{}\u00bb]<\/p>\n<h2 style=\"text-align: center;\">Modelo Advance<\/h2>\n<p>[\/et_pb_text][et_pb_image src=\u00bbhttps:\/\/ack3.eu\/wp-content\/uploads\/2026\/01\/Telefonia-satelital-3.jpg\u00bb alt=\u00bbArchangel\u00bb title_text=\u00bbTelefonia satelital (3)\u00bb _builder_version=\u00bb4.27.5&#8243; _module_preset=\u00bbdefault\u00bb global_colors_info=\u00bb{}\u00bb][\/et_pb_image][et_pb_text _builder_version=\u00bb4.27.5&#8243; _module_preset=\u00bbdefault\u00bb global_colors_info=\u00bb{}\u00bb]<\/p>\n<p>Representa un referente en comunicaciones m\u00f3viles por sat\u00e9lite, combinando <strong>fiabilidad, portabilidad y dise\u00f1o elegante<\/strong>. Conectado a la \u00fanica red que ofrece cobertura global completa, este dispositivo est\u00e1 preparado para funcionar en los entornos m\u00e1s exigentes. Entre sus mejoras incorpora <strong>altavoz integrado<\/strong>, opciones avanzadas de <strong>mensajer\u00eda mediante SMS y correo electr\u00f3nico<\/strong>, as\u00ed como un <strong>puerto mini\u2011USB actualizado<\/strong> para transmisi\u00f3n de datos, lo que lo convierte en una herramienta vers\u00e1til y resistente para mantener la comunicaci\u00f3n en cualquier lugar del planeta.<\/p>\n<blockquote>\n<p>Se posiciona como una <strong>soluci\u00f3n pr\u00e1ctica y duradera<\/strong> para quienes necesitan comunicaciones seguras y eficientes en cualquier parte del mundo.<\/p>\n<\/blockquote>\n<p>[\/et_pb_text][et_pb_button button_url=\u00bbhttps:\/\/ack3.eu\/es\/telefono-satelital-advance\/\u00bb button_text=\u00bbM\u00e1s informaci\u00f3n\u00bb button_alignment=\u00bbcenter\u00bb _builder_version=\u00bb4.27.5&#8243; _module_preset=\u00bbdefault\u00bb global_colors_info=\u00bb{}\u00bb][\/et_pb_button][\/et_pb_column][et_pb_column type=\u00bb1_2&#8243; _builder_version=\u00bb4.24.0&#8243; _module_preset=\u00bbdefault\u00bb global_colors_info=\u00bb{}\u00bb][et_pb_text _builder_version=\u00bb4.27.5&#8243; _module_preset=\u00bbdefault\u00bb global_colors_info=\u00bb{}\u00bb]<\/p>\n<h2 style=\"text-align: center;\">Modelo Extreme<\/h2>\n<p>[\/et_pb_text][et_pb_image src=\u00bbhttps:\/\/ack3.eu\/wp-content\/uploads\/2026\/01\/Telefonia-satelital-2.jpg\u00bb alt=\u00bbArchangel\u00bb title_text=\u00bbTelefonia satelital (2)\u00bb _builder_version=\u00bb4.27.5&#8243; _module_preset=\u00bbdefault\u00bb global_colors_info=\u00bb{}\u00bb][\/et_pb_image][et_pb_text _builder_version=\u00bb4.27.5&#8243; _module_preset=\u00bbdefault\u00bb global_colors_info=\u00bb{}\u00bb]<\/p>\n<p>Marca un nuevo est\u00e1ndar en comunicaciones m\u00f3viles por sat\u00e9lite, incorporando innovaciones que lo convierten en el <strong>modelo m\u00e1s avanzado<\/strong> de la marca. Se presenta como el tel\u00e9fono m\u00e1s compacto y completo lanzado por Iridium hasta la fecha, dise\u00f1ado para ofrecer <strong>m\u00e1xima fiabilidad<\/strong> incluso en condiciones adversas. Su construcci\u00f3n robusta garantiza <strong>resistencia frente a la humedad y los impactos<\/strong>, asegurando un rendimiento confiable en los entornos m\u00e1s exigentes.<\/p>\n<blockquote>\n<p>Es uno de los tel\u00e9fonos satelitales <strong>m\u00e1s peque\u00f1os y completos del mercado<\/strong>, dise\u00f1ado para garantizar comunicaci\u00f3n segura y continua en los entornos m\u00e1s exigentes.<\/p>\n<\/blockquote>\n<p>[\/et_pb_text][et_pb_button button_url=\u00bbhttps:\/\/ack3.eu\/es\/telefono-satelital-extreme\/\u00bb button_text=\u00bbM\u00e1s informaci\u00f3n\u00bb button_alignment=\u00bbcenter\u00bb _builder_version=\u00bb4.27.5&#8243; _module_preset=\u00bbdefault\u00bb global_colors_info=\u00bb{}\u00bb][\/et_pb_button][\/et_pb_column][\/et_pb_row][et_pb_row _builder_version=\u00bb4.27.5&#8243; _module_preset=\u00bbdefault\u00bb global_colors_info=\u00bb{}\u00bb][et_pb_column type=\u00bb4_4&#8243; _builder_version=\u00bb4.27.5&#8243; _module_preset=\u00bbdefault\u00bb global_colors_info=\u00bb{}\u00bb][et_pb_divider _builder_version=\u00bb4.27.5&#8243; _module_preset=\u00bbdefault\u00bb global_colors_info=\u00bb{}\u00bb][\/et_pb_divider][\/et_pb_column][\/et_pb_row][et_pb_row _builder_version=\u00bb4.24.0&#8243; _module_preset=\u00bbdefault\u00bb global_module=\u00bb25840410&#8243; saved_tabs=\u00bball\u00bb locked=\u00bboff\u00bb global_colors_info=\u00bb{}\u00bb][et_pb_column type=\u00bb4_4&#8243; _builder_version=\u00bb4.24.0&#8243; _module_preset=\u00bbdefault\u00bb global_colors_info=\u00bb{}\u00bb][et_pb_text _builder_version=\u00bb4.24.0&#8243; _module_preset=\u00bbe9776427-b859-4288-b0a2-c7103567bb8c\u00bb global_colors_info=\u00bb{}\u00bb]<\/p>\n<p style=\"text-align: center;\">Cont\u00e1ctanos<\/p>\n<p>[\/et_pb_text][et_pb_text _builder_version=\u00bb4.24.0&#8243; _dynamic_attributes=\u00bbcontent\u00bb _module_preset=\u00bb13ddcc34-f131-47ca-8026-edc37a2f8af8&#8243; header_2_text_align=\u00bbcenter\u00bb custom_margin=\u00bb||5px||false|false\u00bb global_colors_info=\u00bb{}\u00bb]@ET-DC@eyJkeW5hbWljIjp0cnVlLCJjb250ZW50IjoicG9zdF90aXRsZSIsInNldHRpbmdzIjp7ImJlZm9yZSI6IjxoMj4gXHUwMGJmRXN0XHUwMGUxcyBpbnRlcmVzYWRvIGVuIGxvcyBzZXJ2aWNpb3MgZGUgIiwiYWZ0ZXIiOiIgZGUgQUNLMz88L2gyPiJ9fQ==@[\/et_pb_text][et_pb_text _builder_version=\u00bb4.24.0&#8243; _module_preset=\u00bb13ddcc34-f131-47ca-8026-edc37a2f8af8&#8243; global_colors_info=\u00bb{}\u00bb]<\/p>\n<p style=\"text-align: center;\">Ponte en contacto con nosotros completando el siguiente formulario:<\/p>\n<p>[\/et_pb_text][dipi_gravity_forms_styler gf_form_id=\u00bb1&#8243; form_title=\u00bbhide\u00bb _builder_version=\u00bb4.24.0&#8243; _module_preset=\u00bbdefault\u00bb form_title_font_size=\u00bb0px\u00bb field_label_font=\u00bbTrade Gothic LT Bold Extended||||||||\u00bb field_label_font_size=\u00bb15px\u00bb required_field_indicator_font_size=\u00bb15px\u00bb field_description_font_size=\u00bb16px\u00bb checkbox_radio_label_font_size=\u00bb17px\u00bb custom_all=\u00bbon\u00bb all_text_size=\u00bb17px\u00bb all_bg_color=\u00bb#000000&#8243; all_font=\u00bb|600|||||||\u00bb all_use_icon=\u00bboff\u00bb max_width=\u00bb78%\u00bb max_width_tablet=\u00bb100%\u00bb max_width_phone=\u00bb100%\u00bb max_width_last_edited=\u00bbon|desktop\u00bb module_alignment=\u00bbcenter\u00bb global_colors_info=\u00bb{}\u00bb all_bg_color__hover_enabled=\u00bbon|hover\u00bb all_bg_color__hover=\u00bb#535353&#8243; all_bg_enable_color__hover=\u00bbon\u00bb][\/dipi_gravity_forms_styler][\/et_pb_column][\/et_pb_row][\/et_pb_section]<\/p>\n","protected":false},"excerpt":{"rendered":"<p>Servicio de telefon\u00eda satelital de ACK3 para comunicaciones seguras y fiables en entornos remotos, industriales y de defensa sin cobertura m\u00f3vil.<\/p>\n","protected":false},"author":2,"featured_media":25863150,"parent":25843931,"menu_order":0,"comment_status":"closed","ping_status":"closed","template":"","meta":{"_et_pb_use_builder":"on","_et_pb_old_content":"","_et_gb_content_width":"","footnotes":""},"dipi_cpt_category":[],"class_list":["post-25862462","page","type-page","status-publish","has-post-thumbnail","hentry"],"_links":{"self":[{"href":"https:\/\/ack3.eu\/es\/wp-json\/wp\/v2\/pages\/25862462","targetHints":{"allow":["GET"]}}],"collection":[{"href":"https:\/\/ack3.eu\/es\/wp-json\/wp\/v2\/pages"}],"about":[{"href":"https:\/\/ack3.eu\/es\/wp-json\/wp\/v2\/types\/page"}],"author":[{"embeddable":true,"href":"https:\/\/ack3.eu\/es\/wp-json\/wp\/v2\/users\/2"}],"replies":[{"embeddable":true,"href":"https:\/\/ack3.eu\/es\/wp-json\/wp\/v2\/comments?post=25862462"}],"version-history":[{"count":0,"href":"https:\/\/ack3.eu\/es\/wp-json\/wp\/v2\/pages\/25862462\/revisions"}],"up":[{"embeddable":true,"href":"https:\/\/ack3.eu\/es\/wp-json\/wp\/v2\/pages\/25843931"}],"wp:featuredmedia":[{"embeddable":true,"href":"https:\/\/ack3.eu\/es\/wp-json\/wp\/v2\/media\/25863150"}],"wp:attachment":[{"href":"https:\/\/ack3.eu\/es\/wp-json\/wp\/v2\/media?parent=25862462"}],"wp:term":[{"taxonomy":"dipi_cpt_category","embeddable":true,"href":"https:\/\/ack3.eu\/es\/wp-json\/wp\/v2\/dipi_cpt_category?post=25862462"}],"curies":[{"name":"wp","href":"https:\/\/api.w.org\/{rel}","templated":true}]}}