{"id":25862077,"date":"2025-11-27T08:23:46","date_gmt":"2025-11-27T07:23:46","guid":{"rendered":"https:\/\/ack3.eu\/?page_id=25862077"},"modified":"2025-11-28T06:57:17","modified_gmt":"2025-11-28T05:57:17","slug":"due-diligence-en-barcelona","status":"publish","type":"page","link":"https:\/\/ack3.eu\/es\/servicios\/servicios-de-investigacion-y-legales\/due-diligence\/due-diligence-en-barcelona\/","title":{"rendered":"Due Diligence en Barcelona"},"content":{"rendered":"<p>[et_pb_section fb_built=\u00bb1&#8243; _builder_version=\u00bb4.24.0&#8243; _module_preset=\u00bbdefault\u00bb locked=\u00bboff\u00bb global_colors_info=\u00bb{}\u00bb][et_pb_row _builder_version=\u00bb4.24.0&#8243; _module_preset=\u00bbdefault\u00bb locked=\u00bboff\u00bb global_colors_info=\u00bb{}\u00bb][et_pb_column type=\u00bb4_4&#8243; _builder_version=\u00bb4.24.0&#8243; _module_preset=\u00bbdefault\u00bb global_colors_info=\u00bb{}\u00bb][et_pb_text _builder_version=\u00bb4.27.4&#8243; _module_preset=\u00bb13ddcc34-f131-47ca-8026-edc37a2f8af8&#8243; global_colors_info=\u00bb{}\u00bb]<\/p>\n<h1 style=\"text-align: center;\">Due Diligence en Barcelona<\/h1>\n<h5 style=\"text-align: center;\" data-start=\"298\" data-end=\"384\">Investigaci\u00f3n empresarial avanzada para decisiones de inversi\u00f3n seguras y estrat\u00e9gicas<\/h5>\n<p>[\/et_pb_text][\/et_pb_column][\/et_pb_row][et_pb_row column_structure=\u00bb1_2,1_2&#8243; module_class=\u00bbagf-vertical-align\u00bb _builder_version=\u00bb4.24.0&#8243; _module_preset=\u00bbdefault\u00bb custom_padding=\u00bb||||false|false\u00bb global_colors_info=\u00bb{}\u00bb][et_pb_column type=\u00bb1_2&#8243; _builder_version=\u00bb4.24.0&#8243; _module_preset=\u00bbdefault\u00bb global_colors_info=\u00bb{}\u00bb][et_pb_text _builder_version=\u00bb4.27.4&#8243; _module_preset=\u00bbdefault\u00bb background_color=\u00bb#F6FAFD\u00bb custom_padding=\u00bb30px|30px|30px|30px|true|true\u00bb border_radii=\u00bbon|3px|3px|3px|3px\u00bb box_shadow_style=\u00bbpreset4&#8243; box_shadow_horizontal=\u00bb7px\u00bb box_shadow_vertical=\u00bb7px\u00bb box_shadow_color=\u00bb#BADFF7&#8243; global_colors_info=\u00bb{}\u00bb]<\/p>\n<h2 data-start=\"843\" data-end=\"897\"><strong data-start=\"846\" data-end=\"897\">\u00bfEn qu\u00e9 consiste la due diligence en Barcelona?<\/strong><\/h2>\n<div class=\"flex max-w-full flex-col grow\">\n<div class=\"min-h-8 text-message relative flex w-full flex-col items-end gap-2 text-start break-words whitespace-normal [.text-message+&amp;]:mt-1\" dir=\"auto\" data-message-author-role=\"assistant\" data-message-id=\"b98d56d4-8135-436b-a1cf-ecbd01d166f7\" data-message-model-slug=\"gpt-5-1\">\n<div class=\"flex w-full flex-col gap-1 empty:hidden first:pt-[1px]\">\n<div class=\"markdown prose dark:prose-invert w-full break-words light markdown-new-styling\">\n<p data-start=\"49\" data-end=\"567\" data-is-last-node=\"\" data-is-only-node=\"\"><strong>La due diligence es un proceso de verificaci\u00f3n integral que analiza una empresa desde todas sus perspectivas \u2014financiera, legal, fiscal, operativa, tecnol\u00f3gica y reputacional\u2014. En Barcelona, donde conviven startups, pymes industriales y multinacionales, este examen es especialmente relevante. M\u00e1s que revisar documentaci\u00f3n, eval\u00faa el cumplimiento normativo, la trayectoria del negocio, su posici\u00f3n en el mercado y la solidez de su gesti\u00f3n para ofrecer una visi\u00f3n clara que permita decidir y negociar con menor riesgo.<\/strong><\/p>\n<\/div>\n<\/div>\n<\/div>\n<\/div>\n<div class=\"z-0 flex min-h-[46px] justify-start\">\u00a0<\/div>\n<div class=\"mt-3 w-full empty:hidden\">\n<div class=\"text-center\">\n<div>\n<div class=\"inline-flex border border-gray-100 dark:border-gray-700 rounded-xl\">\n<div class=\"text-token-text-secondary flex items-center justify-center gap-4 px-4 py-2.5 text-sm whitespace-nowrap\">\u00a0<\/div>\n<\/div>\n<\/div>\n<\/div>\n<\/div>\n<p>[\/et_pb_text][\/et_pb_column][et_pb_column type=\u00bb1_2&#8243; _builder_version=\u00bb4.24.0&#8243; _module_preset=\u00bbdefault\u00bb global_colors_info=\u00bb{}\u00bb][et_pb_image src=\u00bbhttps:\/\/ack3.eu\/wp-content\/uploads\/2025\/11\/ACK3_Due_Diligence_Research.jpg\u00bb alt=\u00bbDue Diligence\u00bb title_text=\u00bbACK3_Due_Diligence_Research\u00bb _builder_version=\u00bb4.27.4&#8243; _module_preset=\u00bbdefault\u00bb global_colors_info=\u00bb{}\u00bb][\/et_pb_image][\/et_pb_column][\/et_pb_row][et_pb_row _builder_version=\u00bb4.24.0&#8243; _module_preset=\u00bbdefault\u00bb custom_padding=\u00bb2px||1px|||\u00bb global_colors_info=\u00bb{}\u00bb][et_pb_column type=\u00bb4_4&#8243; _builder_version=\u00bb4.24.0&#8243; _module_preset=\u00bbdefault\u00bb global_colors_info=\u00bb{}\u00bb][et_pb_text _builder_version=\u00bb4.27.4&#8243; _module_preset=\u00bbdefault\u00bb custom_padding=\u00bb0px||9px|||\u00bb global_colors_info=\u00bb{}\u00bb custom_margin=\u00bb13px|||||\u00bb]<\/p>\n<p data-start=\"841\" data-end=\"1441\">Barcelona se ha consolidado como uno de los ecosistemas empresariales m\u00e1s innovadores del sur de Europa. La presencia de compa\u00f1\u00edas tecnol\u00f3gicas, industrias creativas, biotech, comercio internacional y centros log\u00edsticos convierte cada operaci\u00f3n corporativa en un entorno donde la informaci\u00f3n fiable es clave. En este contexto, una due diligence exhaustiva es esencial para identificar riesgos reales y validar cada paso antes de invertir o asociarse.<\/p>\n<p>[\/et_pb_text][et_pb_divider show_divider=\u00bboff\u00bb _builder_version=\u00bb4.27.4&#8243; _module_preset=\u00bbdefault\u00bb global_colors_info=\u00bb{}\u00bb][\/et_pb_divider][et_pb_text _builder_version=\u00bb4.27.4&#8243; _module_preset=\u00bbdefault\u00bb global_colors_info=\u00bb{}\u00bb min_height=\u00bb316px\u00bb]<\/p>\n<h3 data-start=\"1631\" data-end=\"1691\"><strong data-start=\"1634\" data-end=\"1691\">Un ecosistema empresarial que exige an\u00e1lisis profundo<\/strong><\/h3>\n<p data-start=\"1693\" data-end=\"2047\">Barcelona destaca por su dinamismo econ\u00f3mico y su diversidad sectorial. Aqu\u00ed confluyen inversiones internacionales, operaciones de capital riesgo, proyectos tecnol\u00f3gicos, compa\u00f1\u00edas familiares en proceso de expansi\u00f3n y organizaciones con fuerte presencia exportadora. En este escenario, una due diligence bien estructurada aporta tres elementos decisivos:<\/p>\n<ul data-start=\"2049\" data-end=\"2263\">\n<li data-start=\"2049\" data-end=\"2102\">\n<p data-start=\"2051\" data-end=\"2102\">Visibilidad real sobre la salud de la empresa<\/p>\n<\/li>\n<li data-start=\"2103\" data-end=\"2187\">\n<p data-start=\"2105\" data-end=\"2187\">Detecci\u00f3n de riesgos legales, financieros y operativos antes de la inversi\u00f3n<\/p>\n<\/li>\n<li data-start=\"2188\" data-end=\"2263\">\n<p data-start=\"2190\" data-end=\"2263\">Mayor capacidad de negociaci\u00f3n respaldada por informaci\u00f3n contrastada<\/p>\n<\/li>\n<\/ul>\n<p data-start=\"2265\" data-end=\"2462\">La complejidad regulatoria y la r\u00e1pida evoluci\u00f3n del tejido empresarial catal\u00e1n hacen que la validaci\u00f3n previa sea indispensable para cualquier operaci\u00f3n de compra, expansi\u00f3n o alianza estrat\u00e9gica.<\/p>\n<p>[\/et_pb_text][et_pb_divider show_divider=\u00bboff\u00bb _builder_version=\u00bb4.24.3&#8243; _module_preset=\u00bbdefault\u00bb global_colors_info=\u00bb{}\u00bb][\/et_pb_divider][\/et_pb_column][\/et_pb_row][et_pb_row _builder_version=\u00bb4.24.0&#8243; _module_preset=\u00bbdefault\u00bb custom_padding=\u00bb2px||1px|||\u00bb locked=\u00bboff\u00bb global_colors_info=\u00bb{}\u00bb custom_margin=\u00bb|auto|-48px|auto||\u00bb][et_pb_column type=\u00bb4_4&#8243; _builder_version=\u00bb4.24.0&#8243; _module_preset=\u00bbdefault\u00bb global_colors_info=\u00bb{}\u00bb][et_pb_text _builder_version=\u00bb4.27.4&#8243; _module_preset=\u00bbdefault\u00bb custom_padding=\u00bb1px|||||\u00bb global_colors_info=\u00bb{}\u00bb]<\/p>\n<h3 data-start=\"2469\" data-end=\"2528\"><strong data-start=\"2472\" data-end=\"2528\">\u00c1reas clave dentro de una due diligence en Barcelona<\/strong><\/h3>\n<ol>\n<li data-start=\"2530\" data-end=\"2570\"><strong data-start=\"2534\" data-end=\"2568\">Evaluaci\u00f3n financiera y fiscal: <\/strong>An\u00e1lisis de cuentas, tesorer\u00eda, endeudamiento, contingencias y cumplimiento tributario, considerando las particularidades fiscales de Catalu\u00f1a y su interacci\u00f3n con la normativa nacional.<\/li>\n<li data-start=\"2759\" data-end=\"2806\"><strong data-start=\"2763\" data-end=\"2804\">Auditor\u00eda legal y revisi\u00f3n documental: <\/strong>Revisi\u00f3n de contratos, acuerdos societarios, derechos de propiedad intelectual, situaci\u00f3n laboral y posibles conflictos legales presentes o latentes.<\/li>\n<li data-start=\"2958\" data-end=\"3027\"><strong data-start=\"2962\" data-end=\"3025\">Cumplimiento normativo y prevenci\u00f3n de riesgos corporativos: <\/strong>Estudio del modelo de compliance, canales \u00e9ticos, controles internos y exposici\u00f3n a riesgos penales o regulatorios, especialmente relevante en sectores innovadores o regulados.<\/li>\n<li data-start=\"3206\" data-end=\"3252\"><strong data-start=\"3210\" data-end=\"3250\">Ciberseguridad y protecci\u00f3n de datos: <\/strong>Evaluaci\u00f3n del cumplimiento del RGPD, madurez tecnol\u00f3gica, vulnerabilidades y protocolos de protecci\u00f3n de informaci\u00f3n sensible.<\/li>\n<li data-start=\"3382\" data-end=\"3432\"><strong data-start=\"3386\" data-end=\"3430\">Impacto ESG y sostenibilidad empresarial: <\/strong>Revisi\u00f3n de pol\u00edticas ambientales, sociales y de gobernanza. Barcelona cuenta con un ecosistema empresarial especialmente orientado a la sostenibilidad, lo que convierte los criterios ESG en un factor crucial para inversores.<\/li>\n<\/ol>\n<p>[\/et_pb_text][et_pb_divider show_divider=\u00bboff\u00bb _builder_version=\u00bb4.27.4&#8243; _module_preset=\u00bbdefault\u00bb global_colors_info=\u00bb{}\u00bb locked=\u00bboff\u00bb][\/et_pb_divider][\/et_pb_column][\/et_pb_row][et_pb_row column_structure=\u00bb1_2,1_2&#8243; _builder_version=\u00bb4.24.3&#8243; _module_preset=\u00bbdefault\u00bb width=\u00bb79.5%\u00bb custom_margin=\u00bb|108px||auto||\u00bb custom_padding=\u00bb2px|||||\u00bb global_colors_info=\u00bb{}\u00bb][et_pb_column type=\u00bb1_2&#8243; _builder_version=\u00bb4.24.3&#8243; _module_preset=\u00bbdefault\u00bb global_colors_info=\u00bb{}\u00bb][et_pb_text _builder_version=\u00bb4.27.4&#8243; _module_preset=\u00bbdefault\u00bb global_colors_info=\u00bb{}\u00bb]<\/p>\n<h2 data-start=\"3665\" data-end=\"3721\"><strong data-start=\"3668\" data-end=\"3721\">\u00bfPor qu\u00e9 realizar una due diligence en Barcelona?<\/strong><\/h2>\n<p data-start=\"3723\" data-end=\"3931\">[\/et_pb_text][et_pb_image src=\u00bbhttps:\/\/ack3.eu\/wp-content\/uploads\/2025\/11\/ACK3_Due_Diligence_Barcelona.jpg\u00bb alt=\u00bbDue Diligence\u00bb title_text=\u00bbACK3_Due_Diligence_Barcelona\u00bb _builder_version=\u00bb4.27.4&#8243; _module_preset=\u00bbdefault\u00bb custom_margin=\u00bb|||-38px||\u00bb global_colors_info=\u00bb{}\u00bb][\/et_pb_image][\/et_pb_column][et_pb_column type=\u00bb1_2&#8243; _builder_version=\u00bb4.24.3&#8243; _module_preset=\u00bbdefault\u00bb global_colors_info=\u00bb{}\u00bb][et_pb_text _builder_version=\u00bb4.27.4&#8243; _module_preset=\u00bbdefault\u00bb min_height=\u00bb278.6px\u00bb global_colors_info=\u00bb{}\u00bb]<\/p>\n<p data-start=\"3290\" data-end=\"3611\">\n<article class=\"text-token-text-primary w-full focus:outline-none [--shadow-height:45px] has-data-writing-block:pointer-events-none has-data-writing-block:-mt-(--shadow-height) has-data-writing-block:pt-(--shadow-height) [&amp;:has([data-writing-block])&gt;*]:pointer-events-auto scroll-mt-[calc(var(--header-height)+min(200px,max(70px,20svh)))]\" dir=\"auto\" tabindex=\"-1\" data-turn-id=\"request-WEB:fb33cb5f-ace8-4cbb-9057-9c8d008dd2fc-5\" data-testid=\"conversation-turn-12\" data-scroll-anchor=\"true\" data-turn=\"assistant\">\n<div class=\"text-base my-auto mx-auto pb-10 [--thread-content-margin:--spacing(4)] thread-sm:[--thread-content-margin:--spacing(6)] thread-lg:[--thread-content-margin:--spacing(16)] px-(--thread-content-margin)\">\n<div class=\"[--thread-content-max-width:40rem] thread-lg:[--thread-content-max-width:48rem] mx-auto max-w-(--thread-content-max-width) flex-1 group\/turn-messages focus-visible:outline-hidden relative flex w-full min-w-0 flex-col agent-turn\" tabindex=\"-1\">\n<div class=\"flex max-w-full flex-col grow\">\n<div class=\"min-h-8 text-message relative flex w-full flex-col items-end gap-2 text-start break-words whitespace-normal [.text-message+&amp;]:mt-1\" dir=\"auto\" data-message-author-role=\"assistant\" data-message-id=\"05f93da3-951a-4bf3-8dbb-ef37d21e0f7c\" data-message-model-slug=\"gpt-5-1\">\n<div class=\"flex w-full flex-col gap-1 empty:hidden first:pt-[1px]\">\n<div class=\"markdown prose dark:prose-invert w-full break-words light markdown-new-styling\">\n<p data-start=\"70\" data-end=\"629\" data-is-last-node=\"\" data-is-only-node=\"\">Invertir en Barcelona ofrece grandes oportunidades, pero tambi\u00e9n exige gestionar un entorno competitivo donde las operaciones avanzan r\u00e1pido y la regulaci\u00f3n es estricta. Una due diligence completa permite evitar riesgos ocultos y contingencias legales o fiscales, validar la transparencia y solidez de la empresa objetivo, comprender el potencial real del negocio en su sector y ganar ventaja en la negociaci\u00f3n. Sin este an\u00e1lisis previo, es f\u00e1cil enfrentarse a costes inesperados, responsabilidades no previstas o decisiones basadas en informaci\u00f3n incompleta.<\/p>\n<\/div>\n<\/div>\n<\/div>\n<\/div>\n<\/div>\n<\/div>\n<\/article>\n<blockquote>\n<article class=\"text-token-text-primary w-full focus:outline-none [--shadow-height:45px] has-data-writing-block:pointer-events-none has-data-writing-block:-mt-(--shadow-height) has-data-writing-block:pt-(--shadow-height) [&amp;:has([data-writing-block])&gt;*]:pointer-events-auto scroll-mt-[calc(var(--header-height)+min(200px,max(70px,20svh)))]\" dir=\"auto\" tabindex=\"-1\" data-turn-id=\"request-WEB:fb33cb5f-ace8-4cbb-9057-9c8d008dd2fc-5\" data-testid=\"conversation-turn-12\" data-scroll-anchor=\"true\" data-turn=\"assistant\">\n<div class=\"text-base my-auto mx-auto pb-10 [--thread-content-margin:--spacing(4)] thread-sm:[--thread-content-margin:--spacing(6)] thread-lg:[--thread-content-margin:--spacing(16)] px-(--thread-content-margin)\">\n<div class=\"[--thread-content-max-width:40rem] thread-lg:[--thread-content-max-width:48rem] mx-auto max-w-(--thread-content-max-width) flex-1 group\/turn-messages focus-visible:outline-hidden relative flex w-full min-w-0 flex-col agent-turn\" tabindex=\"-1\">\n<div class=\"z-0 flex min-h-[46px] justify-start\">\u201cEn un mercado tan din\u00e1mico como Barcelona, la \u00fanica forma de invertir con verdadera seguridad es conocer la realidad completa de cada empresa. Una due diligence rigurosa no es un tr\u00e1mite: es la base para decidir con claridad y negociar desde una posici\u00f3n de fuerza.\u201d<\/div>\n<div class=\"mt-3 w-full empty:hidden\">\n<div class=\"text-center\">\u2014 <strong data-start=\"325\" data-end=\"356\" data-is-last-node=\"\">Jorge Quintana, CEO de ACK3<\/strong><\/div>\n<\/div>\n<\/div>\n<\/div>\n<\/article>\n<\/blockquote>\n<p>[\/et_pb_text][\/et_pb_column][\/et_pb_row][et_pb_row _builder_version=\u00bb4.27.2&#8243; _module_preset=\u00bbdefault\u00bb global_colors_info=\u00bb{}\u00bb][et_pb_column type=\u00bb4_4&#8243; _builder_version=\u00bb4.27.2&#8243; _module_preset=\u00bbdefault\u00bb global_colors_info=\u00bb{}\u00bb][et_pb_divider _builder_version=\u00bb4.27.2&#8243; _module_preset=\u00bbdefault\u00bb global_colors_info=\u00bb{}\u00bb][\/et_pb_divider][\/et_pb_column][\/et_pb_row][et_pb_row _builder_version=\u00bb4.24.0&#8243; _module_preset=\u00bbdefault\u00bb global_module=\u00bb25840410&#8243; saved_tabs=\u00bball\u00bb locked=\u00bboff\u00bb global_colors_info=\u00bb{}\u00bb][et_pb_column type=\u00bb4_4&#8243; _builder_version=\u00bb4.24.0&#8243; _module_preset=\u00bbdefault\u00bb global_colors_info=\u00bb{}\u00bb][et_pb_text _builder_version=\u00bb4.24.0&#8243; _module_preset=\u00bbe9776427-b859-4288-b0a2-c7103567bb8c\u00bb global_colors_info=\u00bb{}\u00bb]<\/p>\n<p style=\"text-align: center;\">Cont\u00e1ctanos<\/p>\n<p>[\/et_pb_text][et_pb_text _builder_version=\u00bb4.24.0&#8243; _dynamic_attributes=\u00bbcontent\u00bb _module_preset=\u00bb13ddcc34-f131-47ca-8026-edc37a2f8af8&#8243; header_2_text_align=\u00bbcenter\u00bb custom_margin=\u00bb||5px||false|false\u00bb global_colors_info=\u00bb{}\u00bb]@ET-DC@eyJkeW5hbWljIjp0cnVlLCJjb250ZW50IjoicG9zdF90aXRsZSIsInNldHRpbmdzIjp7ImJlZm9yZSI6IjxoMj4gXHUwMGJmRXN0XHUwMGUxcyBpbnRlcmVzYWRvIGVuIGxvcyBzZXJ2aWNpb3MgZGUgIiwiYWZ0ZXIiOiIgZGUgQUNLMz88L2gyPiJ9fQ==@[\/et_pb_text][et_pb_text _builder_version=\u00bb4.24.0&#8243; _module_preset=\u00bb13ddcc34-f131-47ca-8026-edc37a2f8af8&#8243; global_colors_info=\u00bb{}\u00bb]<\/p>\n<p style=\"text-align: center;\">Ponte en contacto con nosotros completando el siguiente formulario:<\/p>\n<p>[\/et_pb_text][dipi_gravity_forms_styler gf_form_id=\u00bb1&#8243; form_title=\u00bbhide\u00bb _builder_version=\u00bb4.24.0&#8243; _module_preset=\u00bbdefault\u00bb form_title_font_size=\u00bb0px\u00bb field_label_font=\u00bbTrade Gothic LT Bold Extended||||||||\u00bb field_label_font_size=\u00bb15px\u00bb required_field_indicator_font_size=\u00bb15px\u00bb field_description_font_size=\u00bb16px\u00bb checkbox_radio_label_font_size=\u00bb17px\u00bb custom_all=\u00bbon\u00bb all_text_size=\u00bb17px\u00bb all_bg_color=\u00bb#000000&#8243; all_font=\u00bb|600|||||||\u00bb all_use_icon=\u00bboff\u00bb max_width=\u00bb78%\u00bb max_width_tablet=\u00bb100%\u00bb max_width_phone=\u00bb100%\u00bb max_width_last_edited=\u00bbon|desktop\u00bb module_alignment=\u00bbcenter\u00bb global_colors_info=\u00bb{}\u00bb all_bg_color__hover_enabled=\u00bbon|hover\u00bb all_bg_color__hover=\u00bb#535353&#8243; all_bg_enable_color__hover=\u00bbon\u00bb][\/dipi_gravity_forms_styler][\/et_pb_column][\/et_pb_row][\/et_pb_section]<\/p>\n","protected":false},"excerpt":{"rendered":"<p>Barcelona es un hub empresarial clave: la due diligence permite invertir con seguridad, evaluando riesgos, cumplimiento y criterios ESG.<\/p>\n","protected":false},"author":16,"featured_media":25862139,"parent":25844151,"menu_order":0,"comment_status":"closed","ping_status":"closed","template":"","meta":{"_et_pb_use_builder":"on","_et_pb_old_content":"","_et_gb_content_width":"","footnotes":""},"dipi_cpt_category":[],"class_list":["post-25862077","page","type-page","status-publish","has-post-thumbnail","hentry"],"_links":{"self":[{"href":"https:\/\/ack3.eu\/es\/wp-json\/wp\/v2\/pages\/25862077","targetHints":{"allow":["GET"]}}],"collection":[{"href":"https:\/\/ack3.eu\/es\/wp-json\/wp\/v2\/pages"}],"about":[{"href":"https:\/\/ack3.eu\/es\/wp-json\/wp\/v2\/types\/page"}],"author":[{"embeddable":true,"href":"https:\/\/ack3.eu\/es\/wp-json\/wp\/v2\/users\/16"}],"replies":[{"embeddable":true,"href":"https:\/\/ack3.eu\/es\/wp-json\/wp\/v2\/comments?post=25862077"}],"version-history":[{"count":0,"href":"https:\/\/ack3.eu\/es\/wp-json\/wp\/v2\/pages\/25862077\/revisions"}],"up":[{"embeddable":true,"href":"https:\/\/ack3.eu\/es\/wp-json\/wp\/v2\/pages\/25844151"}],"wp:featuredmedia":[{"embeddable":true,"href":"https:\/\/ack3.eu\/es\/wp-json\/wp\/v2\/media\/25862139"}],"wp:attachment":[{"href":"https:\/\/ack3.eu\/es\/wp-json\/wp\/v2\/media?parent=25862077"}],"wp:term":[{"taxonomy":"dipi_cpt_category","embeddable":true,"href":"https:\/\/ack3.eu\/es\/wp-json\/wp\/v2\/dipi_cpt_category?post=25862077"}],"curies":[{"name":"wp","href":"https:\/\/api.w.org\/{rel}","templated":true}]}}