{"id":25860287,"date":"2025-10-01T12:08:08","date_gmt":"2025-10-01T10:08:08","guid":{"rendered":"https:\/\/ack3.eu\/?page_id=25860287"},"modified":"2025-10-08T10:09:04","modified_gmt":"2025-10-08T08:09:04","slug":"due-diligence-en-espana","status":"publish","type":"page","link":"https:\/\/ack3.eu\/es\/servicios\/servicios-de-investigacion-y-legales\/due-diligence\/due-diligence-en-espana\/","title":{"rendered":"Due diligence en Espa\u00f1a"},"content":{"rendered":"<p>[et_pb_section fb_built=\u00bb1&#8243; _builder_version=\u00bb4.24.0&#8243; _module_preset=\u00bbdefault\u00bb background_color=\u00bb#000000&#8243; background_pattern_repeat_origin=\u00bbcenter\u00bb custom_padding=\u00bb13px||13px||true|false\u00bb saved_tabs=\u00bball\u00bb locked=\u00bboff\u00bb global_colors_info=\u00bb{}\u00bb][et_pb_row _builder_version=\u00bb4.24.0&#8243; _module_preset=\u00bb32edda46-f9f8-4bcc-acb6-81abff8182ae\u00bb custom_margin=\u00bb||0px||false|false\u00bb custom_padding=\u00bb4px||4px||true|false\u00bb global_colors_info=\u00bb{}\u00bb][et_pb_column type=\u00bb4_4&#8243; _builder_version=\u00bb4.20.4&#8243; _module_preset=\u00bbdefault\u00bb global_colors_info=\u00bb{}\u00bb][dipi_breadcrumbs bc_home_text=\u00bbHome\u00bb bc_home_url=\u00bb\/\u00bb bc_items_alignment=\u00bbdipi-bc-left\u00bb bc_item_padding=\u00bb|10px||10px|false|true\u00bb bc_active_item_padding=\u00bb|20px||10px|true|false\u00bb _builder_version=\u00bb4.24.0&#8243; _module_preset=\u00bbdefault\u00bb active_text_color=\u00bb#BADFF7&#8243; global_colors_info=\u00bb{}\u00bb][\/dipi_breadcrumbs][\/et_pb_column][\/et_pb_row][\/et_pb_section][et_pb_section fb_built=\u00bb1&#8243; _builder_version=\u00bb4.24.0&#8243; _module_preset=\u00bbdefault\u00bb locked=\u00bboff\u00bb global_colors_info=\u00bb{}\u00bb][et_pb_row _builder_version=\u00bb4.24.0&#8243; _module_preset=\u00bbdefault\u00bb locked=\u00bboff\u00bb global_colors_info=\u00bb{}\u00bb][et_pb_column type=\u00bb4_4&#8243; _builder_version=\u00bb4.24.0&#8243; _module_preset=\u00bbdefault\u00bb global_colors_info=\u00bb{}\u00bb][et_pb_text _builder_version=\u00bb4.27.4&#8243; _module_preset=\u00bb13ddcc34-f131-47ca-8026-edc37a2f8af8&#8243; global_colors_info=\u00bb{}\u00bb]<\/p>\n<h1 style=\"text-align: center;\">Due Diligence en Espa\u00f1a<\/h1>\n<h4 data-start=\"242\" data-end=\"311\" style=\"text-align: center;\">Seguridad total en tus operaciones gracias a la informaci\u00f3n que necesitas<\/h4>\n<p style=\"text-align: center;\">En un mercado tan competitivo como el espa\u00f1ol, conocer a fondo la empresa con la que vas a asociarte o invertir es esencial para minimizar riesgos y aprovechar oportunidades.<\/p>\n<h2 data-start=\"242\" data-end=\"311\"><\/h2>\n<div class=\"flex-1 overflow-hidden\">\n<div class=\"react-scroll-to-bottom--css-ljzmq-79elbk h-full\">\n<div class=\"react-scroll-to-bottom--css-ljzmq-1n7m0yu\">\n<div class=\"flex flex-col text-sm pb-9\">\n<div class=\"w-full text-token-text-primary\" dir=\"auto\" data-testid=\"conversation-turn-69\">\n<div class=\"px-4 py-2 justify-center text-base md:gap-6 m-auto\">\n<div class=\"flex flex-1 text-base mx-auto gap-3 juice:gap-4 juice:md:gap-6 md:px-5 lg:px-1 xl:px-5 md:max-w-3xl lg:max-w-[40rem] xl:max-w-[48rem] group final-completion\">\n<div class=\"relative flex w-full flex-col agent-turn\">\n<div class=\"flex-col gap-1 md:gap-3\">\n<div class=\"pr-2 lg:pr-0\"><\/div>\n<\/div>\n<\/div>\n<\/div>\n<\/div>\n<\/div>\n<\/div>\n<\/div>\n<\/div>\n<\/div>\n<p>[\/et_pb_text][\/et_pb_column][\/et_pb_row][et_pb_row column_structure=\u00bb1_2,1_2&#8243; module_class=\u00bbagf-vertical-align\u00bb _builder_version=\u00bb4.24.0&#8243; _module_preset=\u00bbdefault\u00bb custom_padding=\u00bb||||false|false\u00bb global_colors_info=\u00bb{}\u00bb][et_pb_column type=\u00bb1_2&#8243; _builder_version=\u00bb4.24.0&#8243; _module_preset=\u00bbdefault\u00bb global_colors_info=\u00bb{}\u00bb][et_pb_text _builder_version=\u00bb4.25.1&#8243; _module_preset=\u00bbdefault\u00bb background_color=\u00bb#F6FAFD\u00bb custom_padding=\u00bb30px|30px|30px|30px|true|true\u00bb border_radii=\u00bbon|3px|3px|3px|3px\u00bb box_shadow_style=\u00bbpreset4&#8243; box_shadow_horizontal=\u00bb7px\u00bb box_shadow_vertical=\u00bb7px\u00bb box_shadow_color=\u00bb#BADFF7&#8243; global_colors_info=\u00bb{}\u00bb]<\/p>\n<h3 data-start=\"348\" data-end=\"404\"><span style=\"font-size: xx-large;\"><strong data-start=\"352\" data-end=\"404\">\u00bfQu\u00e9 es la Due Diligence en el contexto espa\u00f1ol?<\/strong><\/span><\/h3>\n<p data-start=\"946\" data-end=\"1330\"><strong>El due diligence es un proceso de investigaci\u00f3n detallada que se realiza antes de llevar a cabo una transacci\u00f3n significativa, como una compra, inversi\u00f3n o asociaci\u00f3n. En Espa\u00f1a, este an\u00e1lisis va m\u00e1s all\u00e1 de los aspectos financieros: tambi\u00e9n incluye una revisi\u00f3n exhaustiva de los riesgos legales, fiscales, operativos y regulatorios espec\u00edficos del entorno espa\u00f1ol. Esto es fundamental para detectar posibles problemas ocultos y aprovechar las oportunidades estrat\u00e9gicas dentro de un mercado que est\u00e1 influenciado por normativas locales y europeas.<\/strong><\/p>\n<p>[\/et_pb_text][\/et_pb_column][et_pb_column type=\u00bb1_2&#8243; _builder_version=\u00bb4.24.0&#8243; _module_preset=\u00bbdefault\u00bb global_colors_info=\u00bb{}\u00bb][et_pb_image src=\u00bbhttps:\/\/ack3.eu\/wp-content\/uploads\/2025\/10\/ACK3-Due-diligence-en-Espana.jpg\u00bb alt=\u00bbDue Diligence\u00bb title_text=\u00bbACK3-Due-diligence-en-Espan\u0303a\u00bb _builder_version=\u00bb4.27.4&#8243; _module_preset=\u00bbdefault\u00bb global_colors_info=\u00bb{}\u00bb][\/et_pb_image][\/et_pb_column][\/et_pb_row][et_pb_row _builder_version=\u00bb4.24.0&#8243; _module_preset=\u00bbdefault\u00bb custom_padding=\u00bb2px||1px|||\u00bb global_colors_info=\u00bb{}\u00bb][et_pb_column type=\u00bb4_4&#8243; _builder_version=\u00bb4.24.0&#8243; _module_preset=\u00bbdefault\u00bb global_colors_info=\u00bb{}\u00bb][et_pb_text _builder_version=\u00bb4.27.2&#8243; _module_preset=\u00bbdefault\u00bb custom_padding=\u00bb1px|||||\u00bb global_colors_info=\u00bb{}\u00bb]<\/p>\n<h2 data-start=\"881\" data-end=\"945\">\u00bfPor qu\u00e9 es imprescindible el due diligence en Espa\u00f1a?<\/h2>\n<p data-start=\"1030\" data-end=\"1424\">Espa\u00f1a es un mercado clave para inversores internacionales, fondos de capital riesgo y grandes corporaciones. Sin embargo, su marco regulatorio es complejo y est\u00e1 en constante cambio. Aspectos como el RGPD, las obligaciones de compliance penal, las normativas sobre sostenibilidad (ESG) y las regulaciones sectoriales son factores que deben ser cuidadosamente analizados en cada operaci\u00f3n. Un due diligence incompleto puede dar lugar a sanciones, litigios, costes imprevistos e incluso da\u00f1o reputacional. En cambio, una revisi\u00f3n exhaustiva proporciona la base para tomar decisiones informadas, reducir riesgos y negociar con mayores garant\u00edas de \u00e9xito.<\/p>\n<blockquote><\/blockquote>\n<p>[\/et_pb_text][et_pb_text _builder_version=\u00bb4.24.3&#8243; _module_preset=\u00bbdefault\u00bb global_colors_info=\u00bb{}\u00bb]<\/p>\n<blockquote>\n<p>En ACK3 llevamos a cabo un <strong data-start=\"1631\" data-end=\"1657\">due diligence integral<\/strong>, combinando an\u00e1lisis financiero y legal con la evaluaci\u00f3n de factores estrat\u00e9gicos y regulatorios que hoy resultan determinantes.<\/p>\n<\/blockquote>\n<p>[\/et_pb_text][et_pb_divider show_divider=\u00bboff\u00bb _builder_version=\u00bb4.27.4&#8243; _module_preset=\u00bbdefault\u00bb global_colors_info=\u00bb{}\u00bb][\/et_pb_divider][et_pb_text _builder_version=\u00bb4.27.2&#8243; _module_preset=\u00bbdefault\u00bb global_colors_info=\u00bb{}\u00bb]<\/p>\n<h3 data-start=\"1791\" data-end=\"1825\">\u00c1reas de revisi\u00f3n clave<\/h3>\n<p>En ACK3 realizamos una revisi\u00f3n exhaustiva de las \u00e1reas m\u00e1s cruciales para tu empresa, asegurando que est\u00e9s preparado para afrontar los desaf\u00edos y aprovechar las oportunidades del entorno actual, dentro de las \u00e1reas:<\/p>\n<p>&nbsp;<\/p>\n<ul>\n<li data-start=\"1826\" data-end=\"1961\">\n<p data-start=\"1828\" data-end=\"1961\"><strong data-start=\"1828\" data-end=\"1851\">Financiera y fiscal<\/strong><br data-start=\"1851\" data-end=\"1854\" \/>Evaluamos estados financieros, deudas, pasivos ocultos, estructura de costes y cumplimiento tributario.<\/p>\n<\/li>\n<li data-start=\"1962\" data-end=\"2117\">\n<p data-start=\"1964\" data-end=\"2117\"><strong data-start=\"1964\" data-end=\"1987\">Legal y contractual<\/strong><br data-start=\"1987\" data-end=\"1990\" \/>Revisamos licencias, contratos con proveedores y clientes, propiedad intelectual, cumplimiento laboral y posibles litigios.<\/p>\n<\/li>\n<li data-start=\"2118\" data-end=\"2305\">\n<p data-start=\"2120\" data-end=\"2305\"><strong data-start=\"2120\" data-end=\"2157\">Compliance penal y anticorrupci\u00f3n<\/strong><br data-start=\"2157\" data-end=\"2160\" \/>Analizamos si la empresa cuenta con un programa eficaz de prevenci\u00f3n de delitos corporativos, requisito cada vez m\u00e1s valorado por inversores.<\/p>\n<\/li>\n<li data-start=\"2306\" data-end=\"2474\">\n<p data-start=\"2308\" data-end=\"2474\"><strong data-start=\"2308\" data-end=\"2348\">Protecci\u00f3n de datos y ciberseguridad<\/strong><br data-start=\"2348\" data-end=\"2351\" \/>Verificamos el cumplimiento del <strong data-start=\"2385\" data-end=\"2393\">RGPD<\/strong> y la solidez de los protocolos internos para proteger la informaci\u00f3n sensible.<\/p>\n<\/li>\n<li data-start=\"2475\" data-end=\"2648\">\n<p data-start=\"2477\" data-end=\"2648\"><strong data-start=\"2477\" data-end=\"2501\">ESG y sostenibilidad<\/strong><br data-start=\"2501\" data-end=\"2504\" \/>Examinamos la estrategia ambiental, social y de gobierno corporativo, un factor decisivo para fondos internacionales y reguladores europeos.<\/p>\n<\/li>\n<\/ul>\n<ul><\/ul>\n<blockquote>\n<p><strong>Al elegir a ACK3 como tu aliado en Due Diligence, tendr\u00e1s la certeza de contar con informaci\u00f3n precisa y estrat\u00e9gica, brindando a tu empresa la capacidad de enfrentar desaf\u00edos y tomar decisiones con total seguridad.<\/strong><\/p>\n<\/blockquote>\n<p>[\/et_pb_text][et_pb_divider show_divider=\u00bboff\u00bb _builder_version=\u00bb4.24.3&#8243; _module_preset=\u00bbdefault\u00bb global_colors_info=\u00bb{}\u00bb][\/et_pb_divider][et_pb_text _builder_version=\u00bb4.24.3&#8243; _module_preset=\u00bbdefault\u00bb global_colors_info=\u00bb{}\u00bb]<\/p>\n<h2 data-start=\"2655\" data-end=\"2704\">Beneficios de un due diligence con ACK3<\/h2>\n<p>[\/et_pb_text][\/et_pb_column][\/et_pb_row][et_pb_row column_structure=\u00bb1_2,1_2&#8243; _builder_version=\u00bb4.24.3&#8243; _module_preset=\u00bbdefault\u00bb width=\u00bb79.5%\u00bb custom_margin=\u00bb|108px||auto||\u00bb custom_padding=\u00bb2px|||||\u00bb global_colors_info=\u00bb{}\u00bb][et_pb_column type=\u00bb1_2&#8243; _builder_version=\u00bb4.24.3&#8243; _module_preset=\u00bbdefault\u00bb global_colors_info=\u00bb{}\u00bb][et_pb_image src=\u00bbhttps:\/\/ack3.eu\/wp-content\/uploads\/2025\/10\/ACK3-Due-diligence-analisis-multidisciplinar.jpg\u00bb alt=\u00bbDue Diligence\u00bb title_text=\u00bbACK3-Due-diligence-analisis-multidisciplinar\u00bb _builder_version=\u00bb4.27.4&#8243; _module_preset=\u00bbdefault\u00bb custom_margin=\u00bb|||-38px||\u00bb global_colors_info=\u00bb{}\u00bb][\/et_pb_image][\/et_pb_column][et_pb_column type=\u00bb1_2&#8243; _builder_version=\u00bb4.24.3&#8243; _module_preset=\u00bbdefault\u00bb global_colors_info=\u00bb{}\u00bb][et_pb_text _builder_version=\u00bb4.24.3&#8243; _module_preset=\u00bbdefault\u00bb global_colors_info=\u00bb{}\u00bb]<\/p>\n<p data-start=\"3313\" data-end=\"3536\"><span style=\"font-size: large;\"><\/span><\/p>\n<p data-start=\"3313\" data-end=\"3536\"><span style=\"font-size: large;\">En <strong data-start=\"3316\" data-end=\"3324\">ACK3<\/strong> somos una consultora internacional especializada en <strong data-start=\"3377\" data-end=\"3424\">gesti\u00f3n de riesgos e inteligencia econ\u00f3mica<\/strong>. Nuestro equipo multidisciplinar combina experiencia en finanzas, derecho, compliance y an\u00e1lisis estrat\u00e9gico. <\/span><span style=\"font-size: large;\">Trabajamos con fondos de inversi\u00f3n, private equity, corporates y pymes que necesitan garant\u00edas s\u00f3lidas antes de cerrar operaciones. Nuestra metodolog\u00eda no se limita a revisar documentaci\u00f3n: investigamos, contrastamos y analizamos con visi\u00f3n global, siempre adapt\u00e1ndonos al sector y al contexto regulatorio.<\/span><\/p>\n<blockquote>\n<p data-start=\"3848\" data-end=\"4059\"><span style=\"font-size: large;\">La diferencia de ACK3 est\u00e1 en nuestra capacidad para anticipar riesgos que otros no detectan, gracias a nuestras fuentes de informaci\u00f3n, a la combinaci\u00f3n de inteligencia econ\u00f3mica y conocimiento normativo local con una base militar y un equipo de analistas internacionales.<\/span><\/p>\n<\/blockquote>\n<p>[\/et_pb_text][\/et_pb_column][\/et_pb_row][et_pb_row _builder_version=\u00bb4.27.2&#8243; _module_preset=\u00bbdefault\u00bb global_colors_info=\u00bb{}\u00bb][et_pb_column type=\u00bb4_4&#8243; _builder_version=\u00bb4.27.2&#8243; _module_preset=\u00bbdefault\u00bb global_colors_info=\u00bb{}\u00bb][et_pb_divider _builder_version=\u00bb4.27.2&#8243; _module_preset=\u00bbdefault\u00bb global_colors_info=\u00bb{}\u00bb][\/et_pb_divider][\/et_pb_column][\/et_pb_row][et_pb_row _builder_version=\u00bb4.24.0&#8243; _module_preset=\u00bbdefault\u00bb global_module=\u00bb25840410&#8243; saved_tabs=\u00bball\u00bb locked=\u00bboff\u00bb global_colors_info=\u00bb{}\u00bb][et_pb_column type=\u00bb4_4&#8243; _builder_version=\u00bb4.24.0&#8243; _module_preset=\u00bbdefault\u00bb global_colors_info=\u00bb{}\u00bb][et_pb_text _builder_version=\u00bb4.24.0&#8243; _module_preset=\u00bbe9776427-b859-4288-b0a2-c7103567bb8c\u00bb global_colors_info=\u00bb{}\u00bb]<\/p>\n<p style=\"text-align: center;\">Cont\u00e1ctanos<\/p>\n<p>[\/et_pb_text][et_pb_text _builder_version=\u00bb4.24.0&#8243; _dynamic_attributes=\u00bbcontent\u00bb _module_preset=\u00bb13ddcc34-f131-47ca-8026-edc37a2f8af8&#8243; header_2_text_align=\u00bbcenter\u00bb custom_margin=\u00bb||5px||false|false\u00bb global_colors_info=\u00bb{}\u00bb]@ET-DC@eyJkeW5hbWljIjp0cnVlLCJjb250ZW50IjoicG9zdF90aXRsZSIsInNldHRpbmdzIjp7ImJlZm9yZSI6IjxoMj4gXHUwMGJmRXN0XHUwMGUxcyBpbnRlcmVzYWRvIGVuIGxvcyBzZXJ2aWNpb3MgZGUgIiwiYWZ0ZXIiOiIgZGUgQUNLMz88L2gyPiJ9fQ==@[\/et_pb_text][et_pb_text _builder_version=\u00bb4.24.0&#8243; _module_preset=\u00bb13ddcc34-f131-47ca-8026-edc37a2f8af8&#8243; global_colors_info=\u00bb{}\u00bb]<\/p>\n<p style=\"text-align: center;\">Ponte en contacto con nosotros completando el siguiente formulario:<\/p>\n<p>[\/et_pb_text][dipi_gravity_forms_styler gf_form_id=\u00bb1&#8243; form_title=\u00bbhide\u00bb _builder_version=\u00bb4.24.0&#8243; _module_preset=\u00bbdefault\u00bb form_title_font_size=\u00bb0px\u00bb field_label_font=\u00bbTrade Gothic LT Bold Extended||||||||\u00bb field_label_font_size=\u00bb15px\u00bb required_field_indicator_font_size=\u00bb15px\u00bb field_description_font_size=\u00bb16px\u00bb checkbox_radio_label_font_size=\u00bb17px\u00bb custom_all=\u00bbon\u00bb all_text_size=\u00bb17px\u00bb all_bg_color=\u00bb#000000&#8243; all_font=\u00bb|600|||||||\u00bb all_use_icon=\u00bboff\u00bb max_width=\u00bb78%\u00bb max_width_tablet=\u00bb100%\u00bb max_width_phone=\u00bb100%\u00bb max_width_last_edited=\u00bbon|desktop\u00bb module_alignment=\u00bbcenter\u00bb global_colors_info=\u00bb{}\u00bb all_bg_color__hover_enabled=\u00bbon|hover\u00bb all_bg_color__hover=\u00bb#535353&#8243; all_bg_enable_color__hover=\u00bbon\u00bb][\/dipi_gravity_forms_styler][\/et_pb_column][\/et_pb_row][\/et_pb_section]<\/p>\n","protected":false},"excerpt":{"rendered":"<p>El due diligence en Espa\u00f1a garantiza decisiones seguras: analiza finanzas, legal, ESG, compliance y RGPD en cada operaci\u00f3n empresarial.<\/p>\n","protected":false},"author":2,"featured_media":25860378,"parent":25844151,"menu_order":0,"comment_status":"closed","ping_status":"closed","template":"","meta":{"_et_pb_use_builder":"on","_et_pb_old_content":"AAA","_et_gb_content_width":"","footnotes":""},"dipi_cpt_category":[],"class_list":["post-25860287","page","type-page","status-publish","has-post-thumbnail","hentry"],"_links":{"self":[{"href":"https:\/\/ack3.eu\/es\/wp-json\/wp\/v2\/pages\/25860287","targetHints":{"allow":["GET"]}}],"collection":[{"href":"https:\/\/ack3.eu\/es\/wp-json\/wp\/v2\/pages"}],"about":[{"href":"https:\/\/ack3.eu\/es\/wp-json\/wp\/v2\/types\/page"}],"author":[{"embeddable":true,"href":"https:\/\/ack3.eu\/es\/wp-json\/wp\/v2\/users\/2"}],"replies":[{"embeddable":true,"href":"https:\/\/ack3.eu\/es\/wp-json\/wp\/v2\/comments?post=25860287"}],"version-history":[{"count":0,"href":"https:\/\/ack3.eu\/es\/wp-json\/wp\/v2\/pages\/25860287\/revisions"}],"up":[{"embeddable":true,"href":"https:\/\/ack3.eu\/es\/wp-json\/wp\/v2\/pages\/25844151"}],"wp:featuredmedia":[{"embeddable":true,"href":"https:\/\/ack3.eu\/es\/wp-json\/wp\/v2\/media\/25860378"}],"wp:attachment":[{"href":"https:\/\/ack3.eu\/es\/wp-json\/wp\/v2\/media?parent=25860287"}],"wp:term":[{"taxonomy":"dipi_cpt_category","embeddable":true,"href":"https:\/\/ack3.eu\/es\/wp-json\/wp\/v2\/dipi_cpt_category?post=25860287"}],"curies":[{"name":"wp","href":"https:\/\/api.w.org\/{rel}","templated":true}]}}