{"id":25859455,"date":"2025-09-12T11:38:01","date_gmt":"2025-09-12T09:38:01","guid":{"rendered":"https:\/\/ack3.eu\/?page_id=25859455"},"modified":"2026-02-26T10:14:28","modified_gmt":"2026-02-26T09:14:28","slug":"talent-gateway","status":"publish","type":"page","link":"https:\/\/ack3.eu\/es\/empleo\/talent-gateway\/","title":{"rendered":"Talent Gateway"},"content":{"rendered":"<p>[et_pb_section fb_built=\u00bb1&#8243; _builder_version=\u00bb4.24.0&#8243; _module_preset=\u00bbdefault\u00bb background_color=\u00bb#000000&#8243; background_pattern_repeat_origin=\u00bbcenter\u00bb custom_padding=\u00bb13px||13px||true|false\u00bb saved_tabs=\u00bball\u00bb locked=\u00bboff\u00bb global_colors_info=\u00bb{}\u00bb][et_pb_row _builder_version=\u00bb4.24.0&#8243; _module_preset=\u00bb32edda46-f9f8-4bcc-acb6-81abff8182ae\u00bb custom_margin=\u00bb||0px||false|false\u00bb custom_padding=\u00bb4px||4px||true|false\u00bb global_colors_info=\u00bb{}\u00bb][et_pb_column type=\u00bb4_4&#8243; _builder_version=\u00bb4.20.4&#8243; _module_preset=\u00bbdefault\u00bb global_colors_info=\u00bb{}\u00bb][dipi_breadcrumbs bc_home_text=\u00bbHome\u00bb bc_home_url=\u00bb\/\u00bb bc_items_alignment=\u00bbdipi-bc-left\u00bb bc_item_padding=\u00bb|10px||10px|false|true\u00bb bc_active_item_padding=\u00bb|20px||10px|true|false\u00bb _builder_version=\u00bb4.24.0&#8243; _module_preset=\u00bbdefault\u00bb active_text_color=\u00bb#BADFF7&#8243; global_colors_info=\u00bb{}\u00bb][\/dipi_breadcrumbs][\/et_pb_column][\/et_pb_row][\/et_pb_section][et_pb_section fb_built=\u00bb1&#8243; _builder_version=\u00bb4.24.0&#8243; _module_preset=\u00bbdefault\u00bb custom_padding=\u00bb||3px|||\u00bb locked=\u00bboff\u00bb global_colors_info=\u00bb{}\u00bb][et_pb_row _builder_version=\u00bb4.24.0&#8243; _module_preset=\u00bbdefault\u00bb global_colors_info=\u00bb{}\u00bb][et_pb_column type=\u00bb4_4&#8243; _builder_version=\u00bb4.24.0&#8243; _module_preset=\u00bbdefault\u00bb global_colors_info=\u00bb{}\u00bb][et_pb_image src=\u00bbhttps:\/\/ack3.eu\/wp-content\/uploads\/2025\/09\/ACK3-Academy.jpg\u00bb title_text=\u00bbACK3-Academy\u00bb align=\u00bbcenter\u00bb _builder_version=\u00bb4.27.4&#8243; _module_preset=\u00bbdefault\u00bb width=\u00bb15%\u00bb locked=\u00bboff\u00bb global_colors_info=\u00bb{}\u00bb][\/et_pb_image][et_pb_text _builder_version=\u00bb4.27.4&#8243; _module_preset=\u00bb13ddcc34-f131-47ca-8026-edc37a2f8af8&#8243; locked=\u00bboff\u00bb global_colors_info=\u00bb{}\u00bb]<\/p>\n<h1 style=\"text-align: center;\">Talent Gateway\u2122<\/h1>\n<h6 style=\"text-align: center;\">Impulsamos el talento que transforma el mundo<\/h6>\n<p style=\"text-align: center;\" data-start=\"279\" data-end=\"777\">Creemos que el talento no tiene edad ni l\u00edmites. Por eso creamos Talent Gateway, un programa dise\u00f1ado para atraer, formar e integrar a personas con diferentes trayectorias profesionales en \u00e1reas clave como la seguridad, la inteligencia econ\u00f3mica, la consultor\u00eda estrat\u00e9gica y la gesti\u00f3n de riesgos. Ya seas estudiante, profesional en transici\u00f3n o experto senior, en Talent Gateway encontrar\u00e1s un espacio para desarrollarte, aportar valor y avanzar en tu carrera en un entorno de alta exigencia y prop\u00f3sito real.<\/p>\n<p>[\/et_pb_text][\/et_pb_column][\/et_pb_row][et_pb_row column_structure=\u00bb1_2,1_2&#8243; _builder_version=\u00bb4.24.0&#8243; _module_preset=\u00bbdefault\u00bb custom_padding=\u00bb2px||61px|||\u00bb global_colors_info=\u00bb{}\u00bb][et_pb_column type=\u00bb1_2&#8243; _builder_version=\u00bb4.24.0&#8243; _module_preset=\u00bbdefault\u00bb global_colors_info=\u00bb{}\u00bb][et_pb_divider show_divider=\u00bboff\u00bb _builder_version=\u00bb4.25.1&#8243; _module_preset=\u00bbdefault\u00bb global_colors_info=\u00bb{}\u00bb][\/et_pb_divider][et_pb_divider show_divider=\u00bboff\u00bb _builder_version=\u00bb4.25.1&#8243; _module_preset=\u00bbdefault\u00bb custom_padding=\u00bb0px||0px|||\u00bb global_colors_info=\u00bb{}\u00bb][\/et_pb_divider][et_pb_image src=\u00bbhttps:\/\/ack3.eu\/wp-content\/uploads\/2025\/09\/IntelMinds-Analistas-Inteligencia.jpg\u00bb title_text=\u00bbIntelMinds-Analistas-Inteligencia\u00bb url=\u00bbhttps:\/\/nexotransmil.org\/\u00bb _builder_version=\u00bb4.27.4&#8243; _module_preset=\u00bbdefault\u00bb global_colors_info=\u00bb{}\u00bb][\/et_pb_image][\/et_pb_column][et_pb_column type=\u00bb1_2&#8243; _builder_version=\u00bb4.24.0&#8243; _module_preset=\u00bbdefault\u00bb global_colors_info=\u00bb{}\u00bb][et_pb_text _builder_version=\u00bb4.27.4&#8243; _module_preset=\u00bbdefault\u00bb min_height=\u00bb301.2px\u00bb custom_margin=\u00bb33px|||||\u00bb custom_padding=\u00bb43px|||||\u00bb global_colors_info=\u00bb{}\u00bb]<\/p>\n<h3>Potenciando el talento a trav\u00e9s de la oportunidad<\/h3>\n<blockquote>\n<p data-start=\"827\" data-end=\"1022\">Muchos de los miembros de ACK3 comenzaron su trayectoria en entornos acad\u00e9micos, corporativos o incluso militares, y encontraron en nuestros programas una oportunidad para potenciar su carrera.<\/p>\n<\/blockquote>\n<p data-start=\"1024\" data-end=\"1403\">A trav\u00e9s de<strong> Talent Gateway, lo<\/strong>s participantes aplican sus habilidades en proyectos reales, desde operaciones de inteligencia econ\u00f3mica hasta consultor\u00eda estrat\u00e9gica y ciberdefensa, combinando formaci\u00f3n te\u00f3rica con experiencia pr\u00e1ctica. Las historias de \u00e9xito de nuestros talentos demuestran que cada etapa profesional puede convertirse en una oportunidad para crecer y aportar valor.<\/p>\n<p>[\/et_pb_text][\/et_pb_column][\/et_pb_row][\/et_pb_section][et_pb_section fb_built=\u00bb1&#8243; _builder_version=\u00bb4.24.0&#8243; _module_preset=\u00bbdefault\u00bb background_color=\u00bbrgba(0,0,0,0.75)\u00bb use_background_color_gradient=\u00bbon\u00bb background_color_gradient_stops=\u00bb#000000 2%|#000000 26%|#000000 64%\u00bb background_image=\u00bbhttps:\/\/ack3.eu\/wp-content\/uploads\/2024\/01\/equipo-negocios-gerente-reunion.webp\u00bb background_blend=\u00bbmultiply\u00bb locked=\u00bboff\u00bb global_colors_info=\u00bb{}\u00bb][et_pb_row _builder_version=\u00bb4.27.4&#8243; _module_preset=\u00bbdefault\u00bb global_colors_info=\u00bb{}\u00bb][et_pb_column type=\u00bb4_4&#8243; _builder_version=\u00bb4.27.4&#8243; _module_preset=\u00bbdefault\u00bb global_colors_info=\u00bb{}\u00bb][et_pb_text _builder_version=\u00bb4.27.4&#8243; _module_preset=\u00bbdefault\u00bb global_colors_info=\u00bb{}\u00bb]<\/p>\n<h2 style=\"text-align: center;\"><span style=\"color: #ffffff;\">Construyendo puentes hacia tu carrera con Talent Gateway<\/span><\/h2>\n<p data-start=\"1457\" data-end=\"1646\" style=\"text-align: center;\"><span style=\"color: #ffffff;\">Reconociendo los retos \u00fanicos que enfrentan distintos grupos profesionales, <strong data-start=\"1533\" data-end=\"1551\">Talent Gateway<\/strong> busca garantizar que cada participante encuentre un camino claro hacia nuevas oportunidades: <strong>j\u00f3venes<\/strong> que se integran al mundo profesional mediante pr\u00e1cticas, becas y proyectos; <strong>profesionales en crecimiento y reconversi\u00f3n<\/strong> que adquieren competencias especializadas y certificaciones internacionales;<strong> senior experts<\/strong> que aportan su experiencia mientras se mantienen activos en proyectos estrat\u00e9gicos.<\/span><\/p>\n<p>[\/et_pb_text][\/et_pb_column][\/et_pb_row][et_pb_row column_structure=\u00bb1_3,1_3,1_3&#8243; _builder_version=\u00bb4.27.4&#8243; _module_preset=\u00bbdefault\u00bb global_colors_info=\u00bb{}\u00bb][et_pb_column type=\u00bb1_3&#8243; _builder_version=\u00bb4.27.4&#8243; _module_preset=\u00bbdefault\u00bb global_colors_info=\u00bb{}\u00bb][et_pb_icon font_icon=\u00bb&#xe031;||divi||400&#8243; _builder_version=\u00bb4.27.4&#8243; _module_preset=\u00bbdefault\u00bb global_colors_info=\u00bb{}\u00bb][\/et_pb_icon][et_pb_text _builder_version=\u00bb4.27.4&#8243; _module_preset=\u00bbdefault\u00bb text_text_color=\u00bb#FFFFFF\u00bb header_2_text_color=\u00bb#FFFFFF\u00bb header_3_text_color=\u00bb#FFFFFF\u00bb global_colors_info=\u00bb{}\u00bb]<\/p>\n<h3 data-start=\"2892\" data-end=\"2942\" style=\"text-align: center;\">TG Young<\/h3>\n<p data-start=\"2945\" data-end=\"3010\"><strong data-start=\"2945\" data-end=\"2963\">Destinatarios:<\/strong> Estudiantes de grado, posgrado, m\u00e1ster o FP.<\/p>\n<p data-start=\"3013\" data-end=\"3121\"><strong data-start=\"3013\" data-end=\"3027\">Modalidad:<\/strong> Pr\u00e1cticas curriculares\/extracurriculares, becas de investigaci\u00f3n, proyectos fin de carrera.<\/p>\n<p data-start=\"3124\" data-end=\"3153\"><strong data-start=\"3124\" data-end=\"3137\">Duraci\u00f3n:<\/strong> 3 a 12 meses.<\/p>\n<p data-start=\"3156\" data-end=\"3173\"><strong data-start=\"3156\" data-end=\"3171\">Beneficios:<\/strong><\/p>\n<ul>\n<li style=\"list-style-type: none;\">\n<ul data-start=\"3176\" data-end=\"3367\">\n<li data-start=\"3176\" data-end=\"3232\">\n<p data-start=\"3178\" data-end=\"3232\">Mentoring por analistas y consultores junior\/senior.<\/p>\n<\/li>\n<li data-start=\"3235\" data-end=\"3308\">\n<p data-start=\"3237\" data-end=\"3308\">Acceso a proyectos reales de inteligencia, consultor\u00eda y operaciones.<\/p>\n<\/li>\n<li data-start=\"3311\" data-end=\"3367\">\n<p data-start=\"3313\" data-end=\"3367\">Evaluaci\u00f3n para futuras contrataciones en SOC y SKU.<\/p>\n<\/li>\n<\/ul>\n<\/li>\n<\/ul>\n<p>[\/et_pb_text][\/et_pb_column][et_pb_column type=\u00bb1_3&#8243; _builder_version=\u00bb4.24.0&#8243; _module_preset=\u00bbdefault\u00bb global_colors_info=\u00bb{}\u00bb][et_pb_icon font_icon=\u00bb&#xe032;||divi||400&#8243; _builder_version=\u00bb4.27.4&#8243; _module_preset=\u00bbdefault\u00bb global_colors_info=\u00bb{}\u00bb][\/et_pb_icon][et_pb_text _builder_version=\u00bb4.27.4&#8243; _module_preset=\u00bbdefault\u00bb text_text_color=\u00bb#FFFFFF\u00bb header_2_text_color=\u00bb#FFFFFF\u00bb header_3_text_color=\u00bb#FFFFFF\u00bb global_colors_info=\u00bb{}\u00bb]<\/p>\n<h3 data-start=\"3369\" data-end=\"3428\" style=\"text-align: center;\">TG Transition<\/h3>\n<p data-start=\"3431\" data-end=\"3562\"><strong data-start=\"3431\" data-end=\"3449\">Destinatarios:<\/strong> Profesionales en crecimiento, reconversi\u00f3n o especializaci\u00f3n en seguridad, inteligencia, ciberdefensa y gesti\u00f3n de riesgos.<\/p>\n<p data-start=\"3565\" data-end=\"3684\"><strong data-start=\"3565\" data-end=\"3579\">Modalidad:<\/strong> Pr\u00e1cticas para titulados, programas duales (formaci\u00f3n + pr\u00e1cticas), convenios con escuelas de negocio.<\/p>\n<p data-start=\"3687\" data-end=\"3716\"><strong data-start=\"3687\" data-end=\"3700\">Duraci\u00f3n:<\/strong> 6 a 18 meses.<\/p>\n<p data-start=\"3719\" data-end=\"3736\"><strong data-start=\"3719\" data-end=\"3734\">Beneficios:<\/strong><\/p>\n<ul>\n<li style=\"list-style-type: none;\">\n<ul data-start=\"3739\" data-end=\"3939\">\n<li data-start=\"3739\" data-end=\"3776\">\n<p data-start=\"3741\" data-end=\"3776\">Reorientaci\u00f3n profesional guiada.<\/p>\n<\/li>\n<li data-start=\"3779\" data-end=\"3858\">\n<p data-start=\"3781\" data-end=\"3858\">Certificaci\u00f3n interna ACK3 en est\u00e1ndares internacionales (ISO, ENS, ICoCA).<\/p>\n<\/li>\n<li data-start=\"3861\" data-end=\"3939\">\n<p data-start=\"3863\" data-end=\"3939\">Posibilidad de incorporaci\u00f3n como Consultant Professional tras evaluaci\u00f3n.<\/p>\n<\/li>\n<\/ul>\n<\/li>\n<\/ul>\n<p>[\/et_pb_text][\/et_pb_column][et_pb_column type=\u00bb1_3&#8243; _builder_version=\u00bb4.27.4&#8243; _module_preset=\u00bbdefault\u00bb global_colors_info=\u00bb{}\u00bb][et_pb_icon font_icon=\u00bb&#xf005;||fa||900&#8243; _builder_version=\u00bb4.27.4&#8243; _module_preset=\u00bbdefault\u00bb global_colors_info=\u00bb{}\u00bb][\/et_pb_icon][et_pb_text _builder_version=\u00bb4.27.4&#8243; _module_preset=\u00bbdefault\u00bb text_text_color=\u00bb#FFFFFF\u00bb header_2_text_color=\u00bb#FFFFFF\u00bb header_3_text_color=\u00bb#FFFFFF\u00bb locked=\u00bboff\u00bb global_colors_info=\u00bb{}\u00bb]<\/p>\n<h3 data-start=\"3941\" data-end=\"3979\" style=\"text-align: center;\">TG Senior<\/h3>\n<p data-start=\"3982\" data-end=\"4071\"><strong data-start=\"3982\" data-end=\"4000\">Destinatarios:<\/strong> Profesionales con +25 a\u00f1os de experiencia fuera del mercado laboral.<\/p>\n<p data-start=\"4074\" data-end=\"4186\"><strong data-start=\"4074\" data-end=\"4088\">Modalidad:<\/strong> Transferencia de conocimiento, mentor\u00edas, consultor\u00eda parcial, contratos de apoyo en proyectos.<\/p>\n<p data-start=\"4189\" data-end=\"4233\"><strong data-start=\"4189\" data-end=\"4202\">Duraci\u00f3n:<\/strong> Flexible (6 meses a 2 a\u00f1os).<\/p>\n<p data-start=\"4236\" data-end=\"4253\"><strong data-start=\"4236\" data-end=\"4251\">Beneficios:<\/strong><\/p>\n<ul>\n<li style=\"list-style-type: none;\">\n<ul data-start=\"4256\" data-end=\"4429\">\n<li data-start=\"4256\" data-end=\"4322\">\n<p data-start=\"4258\" data-end=\"4322\">Reconocimiento como Consultant Expert o Master dentro del GCP.<\/p>\n<\/li>\n<li data-start=\"4325\" data-end=\"4371\">\n<p data-start=\"4327\" data-end=\"4371\">Espacio para formar a nuevas generaciones.<\/p>\n<\/li>\n<li data-start=\"4374\" data-end=\"4429\">\n<p data-start=\"4376\" data-end=\"4429\">Integraci\u00f3n inmediata en proyectos internacionales.<\/p>\n<\/li>\n<\/ul>\n<\/li>\n<\/ul>\n<p>[\/et_pb_text][\/et_pb_column][\/et_pb_row][\/et_pb_section][et_pb_section fb_built=\u00bb1&#8243; _builder_version=\u00bb4.24.0&#8243; _module_preset=\u00bbdefault\u00bb locked=\u00bboff\u00bb global_colors_info=\u00bb{}\u00bb][et_pb_row _builder_version=\u00bb4.24.0&#8243; _module_preset=\u00bbdefault\u00bb global_colors_info=\u00bb{}\u00bb][et_pb_column type=\u00bb4_4&#8243; _builder_version=\u00bb4.24.0&#8243; _module_preset=\u00bbdefault\u00bb global_colors_info=\u00bb{}\u00bb][et_pb_text _builder_version=\u00bb4.25.1&#8243; _module_preset=\u00bbdefault\u00bb global_colors_info=\u00bb{}\u00bb]<\/p>\n<h2 style=\"text-align: center;\">Colaboraci\u00f3n con universidades e instituciones educativas<\/h2>\n<p style=\"text-align: center;\">Adem\u00e1s de nuestros servicios principales, tambi\u00e9n desarrollamos programas de capacitaci\u00f3n espec\u00edficos y cursos en colaboraci\u00f3n con diversas entidades educativas.<\/p>\n<p>[\/et_pb_text][\/et_pb_column][\/et_pb_row][et_pb_row column_structure=\u00bb1_2,1_2&#8243; module_class=\u00bbagf-vertical-align\u00bb _builder_version=\u00bb4.24.0&#8243; _module_preset=\u00bbdefault\u00bb custom_padding=\u00bb0px|||||\u00bb global_colors_info=\u00bb{}\u00bb][et_pb_column type=\u00bb1_2&#8243; _builder_version=\u00bb4.24.0&#8243; _module_preset=\u00bbdefault\u00bb global_colors_info=\u00bb{}\u00bb][et_pb_text _builder_version=\u00bb4.27.4&#8243; _module_preset=\u00bbdefault\u00bb global_colors_info=\u00bb{}\u00bb]<\/p>\n<blockquote>\n<p>Estas iniciativas est\u00e1n dise\u00f1adas para proporcionar a los estudiantes conocimientos profundos sobre actividades espec\u00edficas, como se muestra en la imagen en la <a href=\"https:\/\/www.usal.es\/en\/university-glance\" target=\"_blank\" rel=\"noopener\">Universidad de Salamanca<\/a>, entre otras actividades diferentes y programas educativos.<\/p>\n<\/blockquote>\n<p>A trav\u00e9s de estas colaboraciones educativas, nuestro objetivo es ofrecer conocimientos en campos especializados, mejorando la comprensi\u00f3n pr\u00e1ctica y las habilidades de los estudiantes con aplicaciones del mundo real extra\u00eddas de operaciones militares de \u00e9lite. Este enfoque no solo enriquece la experiencia educativa sino que tambi\u00e9n cierra la brecha entre el conocimiento te\u00f3rico y su implementaci\u00f3n pr\u00e1ctica en entornos de alta exigencia.<\/p>\n<p>[\/et_pb_text][\/et_pb_column][et_pb_column type=\u00bb1_2&#8243; _builder_version=\u00bb4.24.0&#8243; _module_preset=\u00bbdefault\u00bb global_colors_info=\u00bb{}\u00bb][et_pb_image src=\u00bbhttps:\/\/ack3.eu\/wp-content\/uploads\/2024\/02\/ACK3-Corporate-Responsability-image-3.jpg\u00bb title_text=\u00bbImagen de Responsabilidad Corporativa de ACK3&#8243; _builder_version=\u00bb4.24.0&#8243; _module_preset=\u00bbdefault\u00bb global_colors_info=\u00bb{}\u00bb][\/et_pb_image][et_pb_text _builder_version=\u00bb4.24.2&#8243; _module_preset=\u00bbdefault\u00bb text_font=\u00bb||on||||||\u00bb text_font_size=\u00bb14px\u00bb custom_margin=\u00bb-23px|||||\u00bb locked=\u00bboff\u00bb global_colors_info=\u00bb{}\u00bb]<\/p>\n<p><a href=\"https:\/\/ack3.eu\/es\/perfil\/jorge-quintana\/\">Jorge Quintana<\/a>, CEO de ACK3, habla en la <a href=\"https:\/\/www.usal.es\/\" target=\"_blank\" rel=\"noopener\">Universidad de Salamanca<\/a><\/p>\n<p>[\/et_pb_text][\/et_pb_column][\/et_pb_row][et_pb_row _builder_version=\u00bb4.24.2&#8243; _module_preset=\u00bbdefault\u00bb custom_padding=\u00bb0px|||||\u00bb global_colors_info=\u00bb{}\u00bb][et_pb_column type=\u00bb4_4&#8243; _builder_version=\u00bb4.24.2&#8243; _module_preset=\u00bbdefault\u00bb global_colors_info=\u00bb{}\u00bb][dipi_carousel space_between=\u00bb100&#8243; speed=\u00bb7000&#8243; loop_wide=\u00bbon\u00bb autoplay_wide=\u00bbon\u00bb continues_wide=\u00bbon\u00bb loop_small=\u00bbon\u00bb autoplay_small=\u00bbon\u00bb continues_small=\u00bbon\u00bb show_lightbox=\u00bboff\u00bb use_thumbnail_height=\u00bbon\u00bb thumbnail_height=\u00bb270px\u00bb thumbnail_fit=\u00bbscale-down\u00bb columns_tablet=\u00bb3&#8243; columns_phone=\u00bb2&#8243; columns_last_edited=\u00bbon|tablet\u00bb space_between_tablet=\u00bb65&#8243; space_between_phone=\u00bb31&#8243; space_between_last_edited=\u00bbon|phone\u00bb _builder_version=\u00bb4.24.2&#8243; _module_preset=\u00bbdefault\u00bb global_module=\u00bb25842198&#8243; saved_tabs=\u00bball\u00bb global_colors_info=\u00bb{}\u00bb][dipi_carousel_child img_src=\u00bbhttps:\/\/ack3.eu\/wp-content\/uploads\/2024\/02\/imf.jpg\u00bb _builder_version=\u00bb4.24.2&#8243; _module_preset=\u00bbdefault\u00bb filter_opacity=\u00bb50%\u00bb link_option_url=\u00bbhttps:\/\/www.imf-formacion.com\/\u00bb global_colors_info=\u00bb{}\u00bb filter_contrast__hover_enabled=\u00bboff|hover\u00bb filter_contrast__hover=\u00bb100%\u00bb filter_opacity__hover_enabled=\u00bbon|desktop\u00bb filter_opacity__hover=\u00bb100%\u00bb][\/dipi_carousel_child][dipi_carousel_child img_src=\u00bbhttps:\/\/ack3.eu\/wp-content\/uploads\/2024\/02\/salamanca.jpg\u00bb _builder_version=\u00bb4.24.2&#8243; _module_preset=\u00bbdefault\u00bb filter_opacity=\u00bb50%\u00bb link_option_url=\u00bbhttps:\/\/www.usal.es\/universidad-de-salamanca\u00bb global_colors_info=\u00bb{}\u00bb filter_contrast__hover_enabled=\u00bboff|hover\u00bb filter_contrast__hover=\u00bb100%\u00bb filter_opacity__hover_enabled=\u00bbon|desktop\u00bb filter_opacity__hover=\u00bb100%\u00bb][\/dipi_carousel_child][dipi_carousel_child img_src=\u00bbhttps:\/\/ack3.eu\/wp-content\/uploads\/2024\/02\/nebrija.jpg\u00bb _builder_version=\u00bb4.24.2&#8243; _module_preset=\u00bbdefault\u00bb filter_opacity=\u00bb50%\u00bb link_option_url=\u00bbhttps:\/\/www.nebrija.com\/\u00bb global_colors_info=\u00bb{}\u00bb filter_contrast__hover_enabled=\u00bboff|hover\u00bb filter_contrast__hover=\u00bb100%\u00bb filter_opacity__hover_enabled=\u00bbon|desktop\u00bb filter_opacity__hover=\u00bb100%\u00bb][\/dipi_carousel_child][dipi_carousel_child img_src=\u00bbhttps:\/\/ack3.eu\/wp-content\/uploads\/2024\/02\/rey-juan-carlos.jpg\u00bb _builder_version=\u00bb4.24.2&#8243; _module_preset=\u00bbdefault\u00bb filter_opacity=\u00bb50%\u00bb link_option_url=\u00bbhttps:\/\/www.urjc.es\/\u00bb global_colors_info=\u00bb{}\u00bb filter_contrast__hover_enabled=\u00bboff|hover\u00bb filter_contrast__hover=\u00bb100%\u00bb filter_opacity__hover_enabled=\u00bbon|desktop\u00bb filter_opacity__hover=\u00bb100%\u00bb][\/dipi_carousel_child][dipi_carousel_child img_src=\u00bbhttps:\/\/ack3.eu\/wp-content\/uploads\/2024\/02\/andalucia.jpg\u00bb _builder_version=\u00bb4.24.2&#8243; _module_preset=\u00bbdefault\u00bb filter_opacity=\u00bb50%\u00bb link_option_url=\u00bbhttps:\/\/www.unia.es\/\u00bb global_colors_info=\u00bb{}\u00bb filter_contrast__hover_enabled=\u00bboff|hover\u00bb filter_contrast__hover=\u00bb100%\u00bb filter_opacity__hover_enabled=\u00bbon|desktop\u00bb filter_opacity__hover=\u00bb100%\u00bb][\/dipi_carousel_child][dipi_carousel_child img_src=\u00bbhttps:\/\/ack3.eu\/wp-content\/uploads\/2024\/02\/comillas.jpg\u00bb _builder_version=\u00bb4.24.0&#8243; _module_preset=\u00bbdefault\u00bb filter_opacity=\u00bb50%\u00bb link_option_url=\u00bbhttps:\/\/www.comillas.edu\/\u00bb global_colors_info=\u00bb{}\u00bb filter_contrast__hover_enabled=\u00bboff|hover\u00bb filter_contrast__hover=\u00bb100%\u00bb filter_opacity__hover_enabled=\u00bbon|desktop\u00bb filter_opacity__hover=\u00bb100%\u00bb][\/dipi_carousel_child][dipi_carousel_child img_src=\u00bbhttps:\/\/ack3.eu\/wp-content\/uploads\/2024\/02\/malaga.jpg\u00bb _builder_version=\u00bb4.24.2&#8243; _module_preset=\u00bbdefault\u00bb filter_opacity=\u00bb50%\u00bb link_option_url=\u00bbhttps:\/\/www.uma.es\/\u00bb global_colors_info=\u00bb{}\u00bb filter_contrast__hover_enabled=\u00bboff|hover\u00bb filter_contrast__hover=\u00bb100%\u00bb filter_opacity__hover_enabled=\u00bbon|desktop\u00bb filter_opacity__hover=\u00bb100%\u00bb][\/dipi_carousel_child][\/dipi_carousel][\/et_pb_column][\/et_pb_row][et_pb_row _builder_version=\u00bb4.27.4&#8243; _module_preset=\u00bbdefault\u00bb global_colors_info=\u00bb{}\u00bb][et_pb_column type=\u00bb4_4&#8243; _builder_version=\u00bb4.27.4&#8243; _module_preset=\u00bbdefault\u00bb global_colors_info=\u00bb{}\u00bb][et_pb_text _builder_version=\u00bb4.27.4&#8243; _module_preset=\u00bbdefault\u00bb global_colors_info=\u00bb{}\u00bb]<\/p>\n<h2 data-start=\"53\" data-end=\"129\" style=\"text-align: center;\">\u00bfQuieres aplicar para formar parte del programa<em data-start=\"103\" data-end=\"124\">\u00a0Talent Gateway<\/em>?<\/h2>\n<p data-start=\"131\" data-end=\"222\" style=\"text-align: center;\">A trav\u00e9s del siguiente enlace podr\u00e1s subir tu CV y destacar tus aptitudes y competencias.<\/p>\n<p>[\/et_pb_text][et_pb_button button_url=\u00bbhttps:\/\/ack3.eu\/es\/job\/talent-gateway\/\u00bb button_text=\u00bb\u00a1Aplica ya!\u00bb button_alignment=\u00bbcenter\u00bb _builder_version=\u00bb4.27.4&#8243; _module_preset=\u00bbdefault\u00bb global_colors_info=\u00bb{}\u00bb][\/et_pb_button][\/et_pb_column][\/et_pb_row][\/et_pb_section][et_pb_section fb_built=\u00bb1&#8243; _builder_version=\u00bb4.24.0&#8243; _module_preset=\u00bbdefault\u00bb background_color=\u00bbrgba(0,0,0,0.28)\u00bb background_image=\u00bbhttps:\/\/ack3.eu\/wp-content\/uploads\/2024\/01\/grupo-gente-negocios-trabaja-juntos-oficina.webp\u00bb background_blend=\u00bbmultiply\u00bb custom_padding=\u00bb20px||20px||true|false\u00bb global_module=\u00bb25841044&#8243; locked=\u00bboff\u00bb global_colors_info=\u00bb{}\u00bb][et_pb_row _builder_version=\u00bb4.24.0&#8243; _module_preset=\u00bbdefault\u00bb global_colors_info=\u00bb{}\u00bb][et_pb_column type=\u00bb4_4&#8243; _builder_version=\u00bb4.24.0&#8243; _module_preset=\u00bbdefault\u00bb global_colors_info=\u00bb{}\u00bb][et_pb_text _builder_version=\u00bb4.24.0&#8243; _module_preset=\u00bbdefault\u00bb header_2_text_color=\u00bb#FFFFFF\u00bb custom_margin=\u00bb||26px||false|false\u00bb global_colors_info=\u00bb{}\u00bb]<\/p>\n<h2 style=\"text-align: center;\">\u00bfTienes alguna pregunta?<\/h2>\n<p>[\/et_pb_text][et_pb_divider divider_weight=\u00bb3px\u00bb _builder_version=\u00bb4.24.0&#8243; _module_preset=\u00bbdefault\u00bb width=\u00bb9%\u00bb width_tablet=\u00bb17%\u00bb width_phone=\u00bb\u00bb width_last_edited=\u00bbon|phone\u00bb module_alignment=\u00bbcenter\u00bb custom_margin=\u00bb||15px||false|false\u00bb global_colors_info=\u00bb{}\u00bb][\/et_pb_divider][et_pb_text _builder_version=\u00bb4.24.0&#8243; _module_preset=\u00bbdefault\u00bb header_6_text_color=\u00bb#FFFFFF\u00bb global_colors_info=\u00bb{}\u00bb]<\/p>\n<h6 style=\"text-align: center;\">\u00a1Conectemos!<\/h6>\n<p>[\/et_pb_text][et_pb_button button_url=\u00bb@ET-DC@eyJkeW5hbWljIjp0cnVlLCJjb250ZW50IjoicG9zdF9saW5rX3VybF9wYWdlIiwic2V0dGluZ3MiOnsicG9zdF9pZCI6IjExNiIsImVuYWJsZV9odG1sIjoib2ZmIn19@\u00bb button_text=\u00bbContacto\u00bb button_alignment=\u00bbcenter\u00bb _builder_version=\u00bb4.24.0&#8243; _dynamic_attributes=\u00bbbutton_url\u00bb _module_preset=\u00bbdefault\u00bb global_colors_info=\u00bb{}\u00bb][\/et_pb_button][\/et_pb_column][\/et_pb_row][\/et_pb_section]<\/p>\n","protected":false},"excerpt":{"rendered":"<p>Programa ACK3 Talent Gateway: incorpora y desarrolla talento joven, en transici\u00f3n y senior en seguridad, consultor\u00eda y gesti\u00f3n de riesgos.<\/p>\n","protected":false},"author":2,"featured_media":25859779,"parent":25843413,"menu_order":0,"comment_status":"closed","ping_status":"closed","template":"","meta":{"_et_pb_use_builder":"on","_et_pb_old_content":"","_et_gb_content_width":"","footnotes":""},"dipi_cpt_category":[],"class_list":["post-25859455","page","type-page","status-publish","has-post-thumbnail","hentry"],"_links":{"self":[{"href":"https:\/\/ack3.eu\/es\/wp-json\/wp\/v2\/pages\/25859455","targetHints":{"allow":["GET"]}}],"collection":[{"href":"https:\/\/ack3.eu\/es\/wp-json\/wp\/v2\/pages"}],"about":[{"href":"https:\/\/ack3.eu\/es\/wp-json\/wp\/v2\/types\/page"}],"author":[{"embeddable":true,"href":"https:\/\/ack3.eu\/es\/wp-json\/wp\/v2\/users\/2"}],"replies":[{"embeddable":true,"href":"https:\/\/ack3.eu\/es\/wp-json\/wp\/v2\/comments?post=25859455"}],"version-history":[{"count":0,"href":"https:\/\/ack3.eu\/es\/wp-json\/wp\/v2\/pages\/25859455\/revisions"}],"up":[{"embeddable":true,"href":"https:\/\/ack3.eu\/es\/wp-json\/wp\/v2\/pages\/25843413"}],"wp:featuredmedia":[{"embeddable":true,"href":"https:\/\/ack3.eu\/es\/wp-json\/wp\/v2\/media\/25859779"}],"wp:attachment":[{"href":"https:\/\/ack3.eu\/es\/wp-json\/wp\/v2\/media?parent=25859455"}],"wp:term":[{"taxonomy":"dipi_cpt_category","embeddable":true,"href":"https:\/\/ack3.eu\/es\/wp-json\/wp\/v2\/dipi_cpt_category?post=25859455"}],"curies":[{"name":"wp","href":"https:\/\/api.w.org\/{rel}","templated":true}]}}