{"id":25859453,"date":"2025-09-12T11:36:21","date_gmt":"2025-09-12T09:36:21","guid":{"rendered":"https:\/\/ack3.eu\/?page_id=25859453"},"modified":"2025-09-18T12:20:14","modified_gmt":"2025-09-18T10:20:14","slug":"global-consultant-program-gcp","status":"publish","type":"page","link":"https:\/\/ack3.eu\/es\/empleo\/global-consultant-program-gcp\/","title":{"rendered":"Global Consultant Program (GCP\u2122)"},"content":{"rendered":"<p>[et_pb_section fb_built=\u00bb1&#8243; _builder_version=\u00bb4.24.0&#8243; _module_preset=\u00bbdefault\u00bb background_color=\u00bb#000000&#8243; background_pattern_repeat_origin=\u00bbcenter\u00bb custom_padding=\u00bb13px||13px||true|false\u00bb saved_tabs=\u00bball\u00bb locked=\u00bboff\u00bb global_colors_info=\u00bb{}\u00bb][et_pb_row _builder_version=\u00bb4.24.0&#8243; _module_preset=\u00bb32edda46-f9f8-4bcc-acb6-81abff8182ae\u00bb custom_margin=\u00bb||0px||false|false\u00bb custom_padding=\u00bb4px||4px||true|false\u00bb global_colors_info=\u00bb{}\u00bb][et_pb_column type=\u00bb4_4&#8243; _builder_version=\u00bb4.20.4&#8243; _module_preset=\u00bbdefault\u00bb global_colors_info=\u00bb{}\u00bb][dipi_breadcrumbs bc_home_text=\u00bbHome\u00bb bc_home_url=\u00bb\/\u00bb bc_items_alignment=\u00bbdipi-bc-left\u00bb bc_item_padding=\u00bb|10px||10px|false|true\u00bb bc_active_item_padding=\u00bb|20px||10px|true|false\u00bb _builder_version=\u00bb4.24.0&#8243; _module_preset=\u00bbdefault\u00bb active_text_color=\u00bb#BADFF7&#8243; global_colors_info=\u00bb{}\u00bb][\/dipi_breadcrumbs][\/et_pb_column][\/et_pb_row][\/et_pb_section][et_pb_section fb_built=\u00bb1&#8243; _builder_version=\u00bb4.24.0&#8243; _module_preset=\u00bbdefault\u00bb custom_padding=\u00bb||3px|||\u00bb locked=\u00bboff\u00bb global_colors_info=\u00bb{}\u00bb][et_pb_row _builder_version=\u00bb4.24.0&#8243; _module_preset=\u00bbdefault\u00bb global_colors_info=\u00bb{}\u00bb][et_pb_column type=\u00bb4_4&#8243; _builder_version=\u00bb4.24.0&#8243; _module_preset=\u00bbdefault\u00bb global_colors_info=\u00bb{}\u00bb][et_pb_image src=\u00bbhttps:\/\/ack3.eu\/wp-content\/uploads\/2025\/09\/ACK3-Academy.jpg\u00bb title_text=\u00bbACK3-Academy\u00bb align=\u00bbcenter\u00bb _builder_version=\u00bb4.27.4&#8243; _module_preset=\u00bbdefault\u00bb width=\u00bb15%\u00bb global_colors_info=\u00bb{}\u00bb][\/et_pb_image][et_pb_text _builder_version=\u00bb4.27.4&#8243; _module_preset=\u00bb13ddcc34-f131-47ca-8026-edc37a2f8af8&#8243; max_width=\u00bb89.9%\u00bb custom_margin=\u00bb|57px||||\u00bb hover_enabled=\u00bb0&#8243; locked=\u00bboff\u00bb global_colors_info=\u00bb{}\u00bb sticky_enabled=\u00bb0&#8243;]<\/p>\n<h1 style=\"text-align: center;\" data-start=\"218\" data-end=\"259\">Global Consultants Program (GCP\u2122)<\/h1>\n<h6 style=\"text-align: center;\" data-start=\"260\" data-end=\"295\"><strong data-start=\"260\" data-end=\"293\">Oportunidades de consultor\u00eda en distintas especialidades<\/strong><\/h6>\n<p style=\"text-align: center;\" data-start=\"236\" data-end=\"690\">En ACK3 creemos que los desaf\u00edos m\u00e1s complejos del mundo actual requieren respuestas \u00e1giles, multidisciplinares y globales. Desde nuestra fundaci\u00f3n en 2010 por veteranos de las Fuerzas Especiales Espa\u00f1olas, nos hemos consolidado como una firma boutique l\u00edder en Riesgos Globales e Inteligencia Estrat\u00e9gica, reconocida por ofrecer soluciones personalizadas a gobiernos, corporaciones internacionales y clientes privados en distintos continentes. Nuestro enfoque combina la experiencia operativa en entornos de alta exigencia con la visi\u00f3n estrat\u00e9gica necesaria para anticipar riesgos, gestionar crisis y dise\u00f1ar soluciones que trascienden fronteras. Gracias a esta filosof\u00eda, ACK3 ha desarrollado una s\u00f3lida reputaci\u00f3n internacional como socio de confianza en consultor\u00eda especializada.<\/p>\n<p style=\"text-align: center;\" data-start=\"1040\" data-end=\"1425\">Con el Global Consultants Program (GCP) damos un paso m\u00e1s en esta misi\u00f3n: hemos creado una plataforma que re\u00fane a profesionales de \u00e9lite de diferentes disciplinas \u2014desde exmilitares y abogados internacionales hasta ingenieros, expertos en defensa, trainers, expertos en seguridad, comercio exterior o int\u00e9rpretes especializados\u2014 para conformar una red global capaz de intervenir en proyectos de alta complejidad. El GCP no es un programa acad\u00e9mico ni de formaci\u00f3n, sino una base internacional de consultores asociados que pueden ser convocados para proyectos estrat\u00e9gicos seg\u00fan las necesidades de cada cliente. Esto permite a ACK3 desplegar r\u00e1pidamente el conocimiento y la experiencia adecuados en cualquier parte del mundo, asegurando resultados de alto impacto.<\/p>\n<p>[\/et_pb_text][\/et_pb_column][\/et_pb_row][et_pb_row column_structure=\u00bb1_2,1_2&#8243; _builder_version=\u00bb4.24.0&#8243; _module_preset=\u00bbdefault\u00bb custom_padding=\u00bb||115px|||\u00bb global_colors_info=\u00bb{}\u00bb][et_pb_column type=\u00bb1_2&#8243; _builder_version=\u00bb4.24.0&#8243; _module_preset=\u00bbdefault\u00bb global_colors_info=\u00bb{}\u00bb][et_pb_image src=\u00bbhttps:\/\/ack3.eu\/wp-content\/uploads\/2025\/09\/ACK3-Global-Consultants-Program-GCP.jpg\u00bb title_text=\u00bbACK3 Global Consultants Program (GCP)\u00bb url=\u00bbhttps:\/\/nexotransmil.org\/\u00bb _builder_version=\u00bb4.27.4&#8243; _module_preset=\u00bbdefault\u00bb min_height=\u00bb474.7px\u00bb custom_margin=\u00bb||-92px|||\u00bb custom_padding=\u00bb||0px|||\u00bb global_colors_info=\u00bb{}\u00bb][\/et_pb_image][\/et_pb_column][et_pb_column type=\u00bb1_2&#8243; _builder_version=\u00bb4.24.0&#8243; _module_preset=\u00bbdefault\u00bb global_colors_info=\u00bb{}\u00bb][et_pb_text _builder_version=\u00bb4.27.4&#8243; _module_preset=\u00bbdefault\u00bb custom_margin=\u00bb33px|||||\u00bb hover_enabled=\u00bb0&#8243; global_colors_info=\u00bb{}\u00bb sticky_enabled=\u00bb0&#8243;]<\/p>\n<h3 data-start=\"748\" data-end=\"787\">\u00a0<\/h3>\n<h3 data-start=\"748\" data-end=\"787\">Potenciando el talento estrat\u00e9gico<\/h3>\n<blockquote>\n<p data-start=\"788\" data-end=\"975\">Muchos de los consultores de ACK3 comenzaron su carrera en entornos corporativos, acad\u00e9micos o de consultor\u00eda, y encontraron en GCP un camino estructurado para desarrollar su expertise.<\/p>\n<\/blockquote>\n<p data-start=\"435\" data-end=\"908\"><strong>GCP acoge una amplia diversidad de perfiles, desde formadores para la<a href=\"https:\/\/ack3.eu\/es\/formacion\/\"> ACK3 Academy<\/a>, exmilitares, abogados internacionales y expertos en cumplimiento, hasta especialistas en aduanas, comercio internacional, tecnolog\u00eda de defensa, ingenier\u00eda, traductores e int\u00e9rpretes<\/strong>.<\/p>\n<p data-start=\"910\" data-end=\"1215\">Las historias de \u00e9xito de nuestros consultores demuestran que el GCP permite transformar la experiencia profesional en liderazgo estrat\u00e9gico, aportando un <strong data-start=\"1069\" data-end=\"1108\">enfoque integral y multidisciplinar<\/strong> a cada proyecto y consolidando el <strong data-start=\"1143\" data-end=\"1175\">reconocimiento internacional<\/strong> de quienes forman parte del programa.<\/p>\n<p>[\/et_pb_text][\/et_pb_column][\/et_pb_row][\/et_pb_section][et_pb_section fb_built=\u00bb1&#8243; _builder_version=\u00bb4.24.0&#8243; _module_preset=\u00bbdefault\u00bb background_color=\u00bbrgba(0,0,0,0.75)\u00bb use_background_color_gradient=\u00bbon\u00bb background_color_gradient_stops=\u00bb#000000 2%|#000000 26%|#000000 64%\u00bb background_image=\u00bbhttps:\/\/ack3.eu\/wp-content\/uploads\/2024\/01\/equipo-negocios-gerente-reunion.webp\u00bb background_blend=\u00bbmultiply\u00bb locked=\u00bboff\u00bb global_colors_info=\u00bb{}\u00bb][et_pb_row _builder_version=\u00bb4.27.4&#8243; _module_preset=\u00bbdefault\u00bb global_colors_info=\u00bb{}\u00bb][et_pb_column type=\u00bb4_4&#8243; _builder_version=\u00bb4.27.4&#8243; _module_preset=\u00bbdefault\u00bb global_colors_info=\u00bb{}\u00bb][et_pb_text _builder_version=\u00bb4.27.4&#8243; _module_preset=\u00bbdefault\u00bb global_colors_info=\u00bb{}\u00bb]<\/p>\n<h2 data-start=\"209\" data-end=\"254\" style=\"text-align: center;\"><span style=\"color: #ffffff;\">Una trayectoria de prestigio en ACK3 GCP<\/span><\/h2>\n<p data-start=\"256\" data-end=\"603\" style=\"text-align: center;\"><span style=\"color: #ffffff;\">El <strong data-start=\"259\" data-end=\"300\">ACK3 Global Consultants Program (GCP)<\/strong> est\u00e1 dise\u00f1ado como una <strong data-start=\"324\" data-end=\"363\">escalera de crecimiento profesional<\/strong>, que acompa\u00f1a a los consultores desde su incorporaci\u00f3n hasta convertirse en referentes estrat\u00e9gicos internacionales. Cada nivel refleja experiencia, autonom\u00eda y reconocimiento, y permite a los participantes desarrollar todo su potencial:<\/span><\/p>\n<p>[\/et_pb_text][\/et_pb_column][\/et_pb_row][et_pb_row column_structure=\u00bb1_4,1_4,1_4,1_4&#8243; _builder_version=\u00bb4.27.4&#8243; _module_preset=\u00bbdefault\u00bb global_colors_info=\u00bb{}\u00bb][et_pb_column type=\u00bb1_4&#8243; _builder_version=\u00bb4.27.4&#8243; _module_preset=\u00bbdefault\u00bb global_colors_info=\u00bb{}\u00bb][et_pb_text _builder_version=\u00bb4.27.4&#8243; _module_preset=\u00bbdefault\u00bb global_colors_info=\u00bb{}\u00bb]<\/p>\n<h4 data-start=\"605\" data-end=\"866\" style=\"text-align: center;\"><span style=\"color: #ffffff;\"><strong data-start=\"605\" data-end=\"622\">\ud83d\udd39 GCP Junior<\/strong><\/span><\/h4>\n<p data-start=\"605\" data-end=\"866\" style=\"text-align: center;\"><span style=\"color: #ffffff;\">El punto de partida para consultores en fase de incorporaci\u00f3n o con experiencia limitada. Aprenden bajo mentor\u00eda directa y participan en proyectos de menor complejidad, adquiriendo competencias fundamentales para su desarrollo profesional.<\/span><\/p>\n<p data-start=\"1335\" data-end=\"1590\" style=\"text-align: center;\">\n<p>[\/et_pb_text][\/et_pb_column][et_pb_column type=\u00bb1_4&#8243; _builder_version=\u00bb4.27.4&#8243; _module_preset=\u00bbdefault\u00bb global_colors_info=\u00bb{}\u00bb][et_pb_text _builder_version=\u00bb4.27.4&#8243; _module_preset=\u00bbdefault\u00bb global_colors_info=\u00bb{}\u00bb]<\/p>\n<p data-start=\"605\" data-end=\"866\" style=\"text-align: center;\">\n<h4 data-start=\"868\" data-end=\"1081\" style=\"text-align: center;\"><span style=\"color: #ffffff;\"><strong data-start=\"868\" data-end=\"891\">\ud83d\udd39 GCP Professional<\/strong><\/span><\/h4>\n<p data-start=\"868\" data-end=\"1081\" style=\"text-align: center;\"><span style=\"color: #ffffff;\">Para consultores con experiencia consolidada. En este nivel, se adquiere autonom\u00eda operativa y capacidad de gesti\u00f3n de proyectos, aplicando conocimientos en entornos reales y complejos.<\/span><span style=\"color: #ffffff;\"><\/span><\/p>\n<p>[\/et_pb_text][\/et_pb_column][et_pb_column type=\u00bb1_4&#8243; _builder_version=\u00bb4.27.4&#8243; _module_preset=\u00bbdefault\u00bb global_colors_info=\u00bb{}\u00bb][et_pb_text _builder_version=\u00bb4.27.4&#8243; _module_preset=\u00bbdefault\u00bb global_colors_info=\u00bb{}\u00bb]<\/p>\n<p data-start=\"868\" data-end=\"1081\" style=\"text-align: center;\">\n<h4 data-start=\"1083\" data-end=\"1333\" style=\"text-align: center;\"><span style=\"color: #ffffff;\"><strong data-start=\"1083\" data-end=\"1100\">\ud83d\udd39 GCP Expert<\/strong><\/span><\/h4>\n<p data-start=\"1083\" data-end=\"1333\" style=\"text-align: center;\"><span style=\"color: #ffffff;\">Consultores de referencia internacional que combinan alto nivel de expertise con liderazgo en equipos y mentor\u00eda de talento junior. Su trabajo tiene impacto directo en la estrategia y resultados de los proyectos internacionales.<\/span><\/p>\n<p>[\/et_pb_text][\/et_pb_column][et_pb_column type=\u00bb1_4&#8243; _builder_version=\u00bb4.27.4&#8243; _module_preset=\u00bbdefault\u00bb global_colors_info=\u00bb{}\u00bb][et_pb_text _builder_version=\u00bb4.27.4&#8243; _module_preset=\u00bbdefault\u00bb global_colors_info=\u00bb{}\u00bb]<\/p>\n<p data-start=\"1083\" data-end=\"1333\" style=\"text-align: center;\">\n<h4 data-start=\"1335\" data-end=\"1590\" style=\"text-align: center;\"><span style=\"color: #ffffff;\"><strong data-start=\"1335\" data-end=\"1352\">\ud83d\udd39 GCP Master<\/strong><\/span><\/h4>\n<p data-start=\"1335\" data-end=\"1590\" style=\"text-align: center;\"><span style=\"color: #ffffff;\">La c\u00faspide del programa, reservada para maestros de la profesi\u00f3n con m\u00e1s de 25 a\u00f1os de experiencia. Son reconocidos como referentes estrat\u00e9gicos y formadores de futuras generaciones, dejando un legado duradero en ACK3 y en el sector.<\/span><\/p>\n<p>[\/et_pb_text][\/et_pb_column][\/et_pb_row][\/et_pb_section][et_pb_section fb_built=\u00bb1&#8243; _builder_version=\u00bb4.24.0&#8243; _module_preset=\u00bbdefault\u00bb locked=\u00bboff\u00bb global_colors_info=\u00bb{}\u00bb][et_pb_row _builder_version=\u00bb4.27.4&#8243; _module_preset=\u00bbdefault\u00bb locked=\u00bboff\u00bb global_colors_info=\u00bb{}\u00bb][et_pb_column type=\u00bb4_4&#8243; _builder_version=\u00bb4.27.4&#8243; _module_preset=\u00bbdefault\u00bb global_colors_info=\u00bb{}\u00bb][et_pb_text _builder_version=\u00bb4.27.4&#8243; _module_preset=\u00bbdefault\u00bb global_colors_info=\u00bb{}\u00bb]<\/p>\n<h2 data-start=\"53\" data-end=\"129\" style=\"text-align: center;\">\u00bfQuieres aplicar para formar parte del <em data-start=\"103\" data-end=\"124\">ACK3 Global Consultant Program (GCP)<\/em>?<\/h2>\n<p data-start=\"131\" data-end=\"222\" style=\"text-align: center;\">A trav\u00e9s del siguiente enlace podr\u00e1s subir tu CV y destacar tus aptitudes y competencias.<\/p>\n<p>[\/et_pb_text][et_pb_button button_url=\u00bbhttps:\/\/ack3.eu\/es\/job\/global-consultant-program-gcp\/\u00bb button_text=\u00bb\u00a1Aplica ya!\u00bb button_alignment=\u00bbcenter\u00bb _builder_version=\u00bb4.27.4&#8243; _module_preset=\u00bbdefault\u00bb global_colors_info=\u00bb{}\u00bb][\/et_pb_button][\/et_pb_column][\/et_pb_row][\/et_pb_section][et_pb_section fb_built=\u00bb1&#8243; _builder_version=\u00bb4.24.0&#8243; _module_preset=\u00bbdefault\u00bb background_color=\u00bbrgba(0,0,0,0.28)\u00bb background_image=\u00bbhttps:\/\/ack3.eu\/wp-content\/uploads\/2024\/01\/grupo-gente-negocios-trabaja-juntos-oficina.webp\u00bb background_blend=\u00bbmultiply\u00bb custom_padding=\u00bb20px||20px||true|false\u00bb global_module=\u00bb25841044&#8243; locked=\u00bboff\u00bb global_colors_info=\u00bb{}\u00bb][et_pb_row _builder_version=\u00bb4.24.0&#8243; _module_preset=\u00bbdefault\u00bb global_colors_info=\u00bb{}\u00bb][et_pb_column type=\u00bb4_4&#8243; _builder_version=\u00bb4.24.0&#8243; _module_preset=\u00bbdefault\u00bb global_colors_info=\u00bb{}\u00bb][et_pb_text _builder_version=\u00bb4.24.0&#8243; _module_preset=\u00bbdefault\u00bb header_2_text_color=\u00bb#FFFFFF\u00bb custom_margin=\u00bb||26px||false|false\u00bb global_colors_info=\u00bb{}\u00bb]<\/p>\n<h2 style=\"text-align: center;\">\u00bfTienes alguna pregunta?<\/h2>\n<p>[\/et_pb_text][et_pb_divider divider_weight=\u00bb3px\u00bb _builder_version=\u00bb4.24.0&#8243; _module_preset=\u00bbdefault\u00bb width=\u00bb9%\u00bb width_tablet=\u00bb17%\u00bb width_phone=\u00bb\u00bb width_last_edited=\u00bbon|phone\u00bb module_alignment=\u00bbcenter\u00bb custom_margin=\u00bb||15px||false|false\u00bb global_colors_info=\u00bb{}\u00bb][\/et_pb_divider][et_pb_text _builder_version=\u00bb4.24.0&#8243; _module_preset=\u00bbdefault\u00bb header_6_text_color=\u00bb#FFFFFF\u00bb global_colors_info=\u00bb{}\u00bb]<\/p>\n<h6 style=\"text-align: center;\">\u00a1Conectemos!<\/h6>\n<p>[\/et_pb_text][et_pb_button button_url=\u00bb@ET-DC@eyJkeW5hbWljIjp0cnVlLCJjb250ZW50IjoicG9zdF9saW5rX3VybF9wYWdlIiwic2V0dGluZ3MiOnsicG9zdF9pZCI6IjExNiIsImVuYWJsZV9odG1sIjoib2ZmIn19@\u00bb button_text=\u00bbContacto\u00bb button_alignment=\u00bbcenter\u00bb _builder_version=\u00bb4.24.0&#8243; _dynamic_attributes=\u00bbbutton_url\u00bb _module_preset=\u00bbdefault\u00bb global_colors_info=\u00bb{}\u00bb][\/et_pb_button][\/et_pb_column][\/et_pb_row][\/et_pb_section]<\/p>\n","protected":false},"excerpt":{"rendered":"<p>ACK3 GCP\u2122: programa de consultor\u00eda estrat\u00e9gica con niveles Junior, Professional, Expert y Master para desarrollo y liderazgo internacional.<\/p>\n","protected":false},"author":2,"featured_media":25859779,"parent":25843413,"menu_order":0,"comment_status":"closed","ping_status":"closed","template":"","meta":{"_et_pb_use_builder":"on","_et_pb_old_content":"","_et_gb_content_width":"","footnotes":""},"dipi_cpt_category":[],"class_list":["post-25859453","page","type-page","status-publish","has-post-thumbnail","hentry"],"_links":{"self":[{"href":"https:\/\/ack3.eu\/es\/wp-json\/wp\/v2\/pages\/25859453","targetHints":{"allow":["GET"]}}],"collection":[{"href":"https:\/\/ack3.eu\/es\/wp-json\/wp\/v2\/pages"}],"about":[{"href":"https:\/\/ack3.eu\/es\/wp-json\/wp\/v2\/types\/page"}],"author":[{"embeddable":true,"href":"https:\/\/ack3.eu\/es\/wp-json\/wp\/v2\/users\/2"}],"replies":[{"embeddable":true,"href":"https:\/\/ack3.eu\/es\/wp-json\/wp\/v2\/comments?post=25859453"}],"version-history":[{"count":0,"href":"https:\/\/ack3.eu\/es\/wp-json\/wp\/v2\/pages\/25859453\/revisions"}],"up":[{"embeddable":true,"href":"https:\/\/ack3.eu\/es\/wp-json\/wp\/v2\/pages\/25843413"}],"wp:featuredmedia":[{"embeddable":true,"href":"https:\/\/ack3.eu\/es\/wp-json\/wp\/v2\/media\/25859779"}],"wp:attachment":[{"href":"https:\/\/ack3.eu\/es\/wp-json\/wp\/v2\/media?parent=25859453"}],"wp:term":[{"taxonomy":"dipi_cpt_category","embeddable":true,"href":"https:\/\/ack3.eu\/es\/wp-json\/wp\/v2\/dipi_cpt_category?post=25859453"}],"curies":[{"name":"wp","href":"https:\/\/api.w.org\/{rel}","templated":true}]}}