{"id":25859378,"date":"2025-09-11T10:26:27","date_gmt":"2025-09-11T08:26:27","guid":{"rendered":"https:\/\/ack3.eu\/?page_id=25859378"},"modified":"2025-11-26T08:31:47","modified_gmt":"2025-11-26T07:31:47","slug":"due-diligence-en-madrid","status":"publish","type":"page","link":"https:\/\/ack3.eu\/es\/servicios\/servicios-de-investigacion-y-legales\/due-diligence\/due-diligence-en-madrid\/","title":{"rendered":"Due Diligence en Madrid"},"content":{"rendered":"<p>[et_pb_section fb_built=\u00bb1&#8243; _builder_version=\u00bb4.24.0&#8243; _module_preset=\u00bbdefault\u00bb hover_enabled=\u00bb0&#8243; locked=\u00bboff\u00bb global_colors_info=\u00bb{}\u00bb sticky_enabled=\u00bb0&#8243;][et_pb_row _builder_version=\u00bb4.24.0&#8243; _module_preset=\u00bbdefault\u00bb locked=\u00bboff\u00bb global_colors_info=\u00bb{}\u00bb][et_pb_column type=\u00bb4_4&#8243; _builder_version=\u00bb4.24.0&#8243; _module_preset=\u00bbdefault\u00bb global_colors_info=\u00bb{}\u00bb][et_pb_text _builder_version=\u00bb4.27.4&#8243; _module_preset=\u00bb13ddcc34-f131-47ca-8026-edc37a2f8af8&#8243; global_colors_info=\u00bb{}\u00bb]<\/p>\n<h1 style=\"text-align: center;\">Due Diligence en Madrid<\/h1>\n<h4 style=\"text-align: center;\" data-start=\"296\" data-end=\"381\">Tu aliada estrat\u00e9gica para invertir con seguridad en la capital econ\u00f3mica de Espa\u00f1a<\/h4>\n<p style=\"text-align: center;\">Madrid concentra un alto volumen de inversiones, fusiones y startups: una due diligence rigurosa es clave para minimizar riesgos y tomar decisiones acertadas.<\/p>\n<p>[\/et_pb_text][\/et_pb_column][\/et_pb_row][et_pb_row column_structure=\u00bb1_2,1_2&#8243; module_class=\u00bbagf-vertical-align\u00bb _builder_version=\u00bb4.24.0&#8243; _module_preset=\u00bbdefault\u00bb custom_padding=\u00bb||||false|false\u00bb global_colors_info=\u00bb{}\u00bb][et_pb_column type=\u00bb1_2&#8243; _builder_version=\u00bb4.24.0&#8243; _module_preset=\u00bbdefault\u00bb global_colors_info=\u00bb{}\u00bb][et_pb_text _builder_version=\u00bb4.27.4&#8243; _module_preset=\u00bbdefault\u00bb background_color=\u00bb#F6FAFD\u00bb custom_padding=\u00bb30px|30px|30px|30px|true|true\u00bb border_radii=\u00bbon|3px|3px|3px|3px\u00bb box_shadow_style=\u00bbpreset4&#8243; box_shadow_horizontal=\u00bb7px\u00bb box_shadow_vertical=\u00bb7px\u00bb box_shadow_color=\u00bb#BADFF7&#8243; global_colors_info=\u00bb{}\u00bb]<\/p>\n<h3 data-start=\"1448\" data-end=\"1488\"><strong>\u00bfQu\u00e9 es la due diligence en Madrid?<\/strong><\/h3>\n<p data-start=\"1489\" data-end=\"1814\"><strong>La due diligence es un proceso de investigaci\u00f3n y verificaci\u00f3n que analiza en profundidad todos los aspectos relevantes de una empresa antes de una compra, inversi\u00f3n o fusi\u00f3n. En Madrid, donde confluyen grandes corporaciones, fondos de inversi\u00f3n y startups tecnol\u00f3gicas, este proceso adquiere una dimensi\u00f3n estrat\u00e9gica. No se limita a revisar datos contables: eval\u00faa la situaci\u00f3n legal, fiscal, operativa y reputacional, considerando las particularidades normativas de la Comunidad de Madrid y las exigencias europeas. El objetivo es identificar riesgos ocultos, validar la informaci\u00f3n cr\u00edtica y aportar una base s\u00f3lida para negociar con garant\u00edas.<\/strong><\/p>\n<p>[\/et_pb_text][\/et_pb_column][et_pb_column type=\u00bb1_2&#8243; _builder_version=\u00bb4.24.0&#8243; _module_preset=\u00bbdefault\u00bb global_colors_info=\u00bb{}\u00bb][et_pb_image src=\u00bbhttps:\/\/ack3.eu\/wp-content\/uploads\/2025\/10\/ACK3-Due-Diligence-Madrid.jpg\u00bb alt=\u00bbDue Diligence\u00bb title_text=\u00bbACK3-Due-Diligence-Madrid\u00bb _builder_version=\u00bb4.27.4&#8243; _module_preset=\u00bbdefault\u00bb global_colors_info=\u00bb{}\u00bb][\/et_pb_image][\/et_pb_column][\/et_pb_row][et_pb_row _builder_version=\u00bb4.24.0&#8243; _module_preset=\u00bbdefault\u00bb custom_padding=\u00bb2px||1px|||\u00bb global_colors_info=\u00bb{}\u00bb][et_pb_column type=\u00bb4_4&#8243; _builder_version=\u00bb4.24.0&#8243; _module_preset=\u00bbdefault\u00bb global_colors_info=\u00bb{}\u00bb][et_pb_text _builder_version=\u00bb4.27.4&#8243; _module_preset=\u00bbdefault\u00bb custom_padding=\u00bb1px|||||\u00bb global_colors_info=\u00bb{}\u00bb]<\/p>\n<p data-start=\"841\" data-end=\"1441\">\n<p data-start=\"841\" data-end=\"1441\">Madrid se ha consolidado como el principal motor econ\u00f3mico de Espa\u00f1a y uno de los polos empresariales m\u00e1s atractivos de Europa. Cada semana se cierran operaciones de capital riesgo, adquisiciones o alianzas estrat\u00e9gicas entre compa\u00f1\u00edas nacionales e internacionales. En este entorno competitivo y regulado, <strong data-start=\"1147\" data-end=\"1177\">la due diligence en Madrid<\/strong> es un paso imprescindible para evaluar riesgos, validar informaci\u00f3n y garantizar decisiones seguras. Un an\u00e1lisis completo que abarca finanzas, legal, compliance, sostenibilidad y reputaci\u00f3n permite anticipar problemas y asegurar el \u00e9xito de cualquier operaci\u00f3n.<\/p>\n<p>[\/et_pb_text][et_pb_divider show_divider=\u00bboff\u00bb _builder_version=\u00bb4.27.4&#8243; _module_preset=\u00bbdefault\u00bb global_colors_info=\u00bb{}\u00bb][\/et_pb_divider][et_pb_text _builder_version=\u00bb4.27.4&#8243; _module_preset=\u00bbdefault\u00bb global_colors_info=\u00bb{}\u00bb]<\/p>\n<h3 data-start=\"2153\" data-end=\"2201\">\u00c1reas clave de an\u00e1lisis en la due diligence<\/h3>\n<ul>\n<li data-start=\"2203\" data-end=\"2240\"><strong>An\u00e1lisis financiero y fiscal:<\/strong> Se examinan los estados financieros, la deuda, los pasivos ocultos y el cumplimiento tributario, con especial atenci\u00f3n a la normativa auton\u00f3mica y estatal.<\/li>\n<li data-start=\"2400\" data-end=\"2437\"><strong>Revisi\u00f3n legal y contractual:<\/strong> Se auditan licencias, contratos, propiedad intelectual, cumplimiento laboral y litigios en curso, aspectos esenciales en el entorno empresarial madrile\u00f1o.<\/li>\n<li data-start=\"2596\" data-end=\"2639\"><strong>Compliance penal y anticorrupci\u00f3n:<\/strong> Madrid concentra sedes de multinacionales con altos est\u00e1ndares de cumplimiento. Se eval\u00faa la eficacia de los programas de prevenci\u00f3n de delitos corporativos.<\/li>\n<li data-start=\"2801\" data-end=\"2846\"><strong>Protecci\u00f3n de datos y ciberseguridad:<\/strong> Se verifica el cumplimiento del RGPD y la solidez de las pol\u00edticas internas de seguridad digital, un factor cr\u00edtico en operaciones tecnol\u00f3gicas o financieras.<\/li>\n<li data-start=\"3009\" data-end=\"3048\"><strong>Criterios ESG y sostenibilidad:<\/strong> La estrategia ambiental, social y de gobernanza se analiza en detalle, ya que los fondos internacionales priorizan empresas con pol\u00edticas ESG verificables y coherentes.<\/li>\n<\/ul>\n<p>[\/et_pb_text][et_pb_divider show_divider=\u00bboff\u00bb _builder_version=\u00bb4.24.3&#8243; _module_preset=\u00bbdefault\u00bb global_colors_info=\u00bb{}\u00bb][\/et_pb_divider][et_pb_text _builder_version=\u00bb4.27.4&#8243; _module_preset=\u00bbdefault\u00bb custom_padding=\u00bb||18px|||\u00bb global_colors_info=\u00bb{}\u00bb]<\/p>\n<h3 data-start=\"3226\" data-end=\"3289\" style=\"text-align: center;\">\u00bfPor qu\u00e9 es esencial realizar una due diligence en Madrid?<\/h3>\n<p data-start=\"3290\" data-end=\"3611\">[\/et_pb_text][\/et_pb_column][\/et_pb_row][et_pb_row column_structure=\u00bb1_2,1_2&#8243; _builder_version=\u00bb4.24.3&#8243; _module_preset=\u00bbdefault\u00bb width=\u00bb79.5%\u00bb custom_margin=\u00bb|108px||auto||\u00bb custom_padding=\u00bb2px|||||\u00bb global_colors_info=\u00bb{}\u00bb][et_pb_column type=\u00bb1_2&#8243; _builder_version=\u00bb4.24.3&#8243; _module_preset=\u00bbdefault\u00bb global_colors_info=\u00bb{}\u00bb][et_pb_image src=\u00bbhttps:\/\/ack3.eu\/wp-content\/uploads\/2025\/10\/ACK3-Due-Diligence-en-Madrid.jpg\u00bb alt=\u00bbDue Diligence\u00bb title_text=\u00bbACK3-Due-Diligence-en-Madrid\u00bb _builder_version=\u00bb4.27.4&#8243; _module_preset=\u00bbdefault\u00bb custom_margin=\u00bb|||-38px||\u00bb global_colors_info=\u00bb{}\u00bb][\/et_pb_image][\/et_pb_column][et_pb_column type=\u00bb1_2&#8243; _builder_version=\u00bb4.24.3&#8243; _module_preset=\u00bbdefault\u00bb global_colors_info=\u00bb{}\u00bb][et_pb_text _builder_version=\u00bb4.27.4&#8243; _module_preset=\u00bbdefault\u00bb min_height=\u00bb278.6px\u00bb global_colors_info=\u00bb{}\u00bb]<\/p>\n<p data-start=\"3290\" data-end=\"3611\">Madrid es un ecosistema de negocios en constante expansi\u00f3n, pero tambi\u00e9n altamente regulado y competitivo. La complejidad del marco legal espa\u00f1ol, las obligaciones en materia de compliance penal y las exigencias en transparencia y sostenibilidad hacen imprescindible una revisi\u00f3n profunda antes de invertir o asociarse. Una due diligence incompleta puede derivar en sanciones, litigios o p\u00e9rdidas econ\u00f3micas. En cambio, <strong>una investigaci\u00f3n bien estructurada proporciona ventaja negociadora, credibilidad ante inversores y decisiones respaldadas por datos verificados.<\/strong><\/p>\n<blockquote>\n<p data-start=\"3848\" data-end=\"4059\">En <strong>ACK3<\/strong> no nos limitamos a revisar documentaci\u00f3n: <strong data-start=\"4470\" data-end=\"4562\">profundizamos en la realidad empresarial, verificamos reputaciones y anticipamos riesgos<\/strong>. Gracias a nuestras fuentes de informaci\u00f3n y a la experiencia de nuestros analistas internacionales, detectamos se\u00f1ales que otros pasan por alto.<\/p>\n<\/blockquote>\n<p>[\/et_pb_text][\/et_pb_column][\/et_pb_row][et_pb_row _builder_version=\u00bb4.27.2&#8243; _module_preset=\u00bbdefault\u00bb global_colors_info=\u00bb{}\u00bb][et_pb_column type=\u00bb4_4&#8243; _builder_version=\u00bb4.27.2&#8243; _module_preset=\u00bbdefault\u00bb global_colors_info=\u00bb{}\u00bb][et_pb_divider _builder_version=\u00bb4.27.2&#8243; _module_preset=\u00bbdefault\u00bb global_colors_info=\u00bb{}\u00bb][\/et_pb_divider][\/et_pb_column][\/et_pb_row][et_pb_row _builder_version=\u00bb4.24.0&#8243; _module_preset=\u00bbdefault\u00bb global_module=\u00bb25840410&#8243; saved_tabs=\u00bball\u00bb locked=\u00bboff\u00bb global_colors_info=\u00bb{}\u00bb][et_pb_column type=\u00bb4_4&#8243; _builder_version=\u00bb4.24.0&#8243; _module_preset=\u00bbdefault\u00bb global_colors_info=\u00bb{}\u00bb][et_pb_text _builder_version=\u00bb4.24.0&#8243; _module_preset=\u00bbe9776427-b859-4288-b0a2-c7103567bb8c\u00bb global_colors_info=\u00bb{}\u00bb]<\/p>\n<p style=\"text-align: center;\">Cont\u00e1ctanos<\/p>\n<p>[\/et_pb_text][et_pb_text _builder_version=\u00bb4.24.0&#8243; _dynamic_attributes=\u00bbcontent\u00bb _module_preset=\u00bb13ddcc34-f131-47ca-8026-edc37a2f8af8&#8243; header_2_text_align=\u00bbcenter\u00bb custom_margin=\u00bb||5px||false|false\u00bb global_colors_info=\u00bb{}\u00bb]@ET-DC@eyJkeW5hbWljIjp0cnVlLCJjb250ZW50IjoicG9zdF90aXRsZSIsInNldHRpbmdzIjp7ImJlZm9yZSI6IjxoMj4gXHUwMGJmRXN0XHUwMGUxcyBpbnRlcmVzYWRvIGVuIGxvcyBzZXJ2aWNpb3MgZGUgIiwiYWZ0ZXIiOiIgZGUgQUNLMz88L2gyPiJ9fQ==@[\/et_pb_text][et_pb_text _builder_version=\u00bb4.24.0&#8243; _module_preset=\u00bb13ddcc34-f131-47ca-8026-edc37a2f8af8&#8243; global_colors_info=\u00bb{}\u00bb]<\/p>\n<p style=\"text-align: center;\">Ponte en contacto con nosotros completando el siguiente formulario:<\/p>\n<p>[\/et_pb_text][dipi_gravity_forms_styler gf_form_id=\u00bb1&#8243; form_title=\u00bbhide\u00bb _builder_version=\u00bb4.24.0&#8243; _module_preset=\u00bbdefault\u00bb form_title_font_size=\u00bb0px\u00bb field_label_font=\u00bbTrade Gothic LT Bold Extended||||||||\u00bb field_label_font_size=\u00bb15px\u00bb required_field_indicator_font_size=\u00bb15px\u00bb field_description_font_size=\u00bb16px\u00bb checkbox_radio_label_font_size=\u00bb17px\u00bb custom_all=\u00bbon\u00bb all_text_size=\u00bb17px\u00bb all_bg_color=\u00bb#000000&#8243; all_font=\u00bb|600|||||||\u00bb all_use_icon=\u00bboff\u00bb max_width=\u00bb78%\u00bb max_width_tablet=\u00bb100%\u00bb max_width_phone=\u00bb100%\u00bb max_width_last_edited=\u00bbon|desktop\u00bb module_alignment=\u00bbcenter\u00bb global_colors_info=\u00bb{}\u00bb all_bg_color__hover_enabled=\u00bbon|hover\u00bb all_bg_color__hover=\u00bb#535353&#8243; all_bg_enable_color__hover=\u00bbon\u00bb][\/dipi_gravity_forms_styler][\/et_pb_column][\/et_pb_row][\/et_pb_section]<\/p>\n","protected":false},"excerpt":{"rendered":"<p>Madrid es el epicentro empresarial espa\u00f1ol: el due diligence permite invertir con seguridad, cumpliendo normativa, ESG y compliance.<\/p>\n","protected":false},"author":2,"featured_media":25860588,"parent":25844151,"menu_order":0,"comment_status":"closed","ping_status":"closed","template":"","meta":{"_et_pb_use_builder":"on","_et_pb_old_content":"","_et_gb_content_width":"","footnotes":""},"dipi_cpt_category":[],"class_list":["post-25859378","page","type-page","status-publish","has-post-thumbnail","hentry"],"_links":{"self":[{"href":"https:\/\/ack3.eu\/es\/wp-json\/wp\/v2\/pages\/25859378","targetHints":{"allow":["GET"]}}],"collection":[{"href":"https:\/\/ack3.eu\/es\/wp-json\/wp\/v2\/pages"}],"about":[{"href":"https:\/\/ack3.eu\/es\/wp-json\/wp\/v2\/types\/page"}],"author":[{"embeddable":true,"href":"https:\/\/ack3.eu\/es\/wp-json\/wp\/v2\/users\/2"}],"replies":[{"embeddable":true,"href":"https:\/\/ack3.eu\/es\/wp-json\/wp\/v2\/comments?post=25859378"}],"version-history":[{"count":0,"href":"https:\/\/ack3.eu\/es\/wp-json\/wp\/v2\/pages\/25859378\/revisions"}],"up":[{"embeddable":true,"href":"https:\/\/ack3.eu\/es\/wp-json\/wp\/v2\/pages\/25844151"}],"wp:featuredmedia":[{"embeddable":true,"href":"https:\/\/ack3.eu\/es\/wp-json\/wp\/v2\/media\/25860588"}],"wp:attachment":[{"href":"https:\/\/ack3.eu\/es\/wp-json\/wp\/v2\/media?parent=25859378"}],"wp:term":[{"taxonomy":"dipi_cpt_category","embeddable":true,"href":"https:\/\/ack3.eu\/es\/wp-json\/wp\/v2\/dipi_cpt_category?post=25859378"}],"curies":[{"name":"wp","href":"https:\/\/api.w.org\/{rel}","templated":true}]}}