{"id":25858192,"date":"2025-03-28T10:04:35","date_gmt":"2025-03-28T09:04:35","guid":{"rendered":"https:\/\/ack3.eu\/servicios\/servicios-de-investigacion-y-legales\/regulatory-investigations\/"},"modified":"2025-07-29T09:40:33","modified_gmt":"2025-07-29T07:40:33","slug":"investigaciones-regulatorias","status":"publish","type":"page","link":"https:\/\/ack3.eu\/es\/servicios\/servicios-de-investigacion-y-legales\/investigaciones-regulatorias\/","title":{"rendered":"Investigaciones regulatorias"},"content":{"rendered":"<p>[et_pb_section fb_built=\u00bb1&#8243; _builder_version=\u00bb4.24.0&#8243; _module_preset=\u00bbdefault\u00bb background_color=\u00bb#000000&#8243; background_pattern_repeat_origin=\u00bbcenter\u00bb custom_padding=\u00bb13px||13px||true|false\u00bb saved_tabs=\u00bball\u00bb locked=\u00bboff\u00bb global_colors_info=\u00bb{}\u00bb][et_pb_row _builder_version=\u00bb4.24.0&#8243; _module_preset=\u00bb32edda46-f9f8-4bcc-acb6-81abff8182ae\u00bb custom_margin=\u00bb||0px||false|false\u00bb custom_padding=\u00bb4px||4px||true|false\u00bb global_colors_info=\u00bb{}\u00bb][et_pb_column type=\u00bb4_4&#8243; _builder_version=\u00bb4.20.4&#8243; _module_preset=\u00bbdefault\u00bb global_colors_info=\u00bb{}\u00bb][dipi_breadcrumbs bc_home_text=\u00bbHome\u00bb bc_home_url=\u00bb\/\u00bb bc_items_alignment=\u00bbdipi-bc-left\u00bb bc_item_padding=\u00bb|10px||10px|false|true\u00bb bc_active_item_padding=\u00bb|20px||10px|true|false\u00bb _builder_version=\u00bb4.24.0&#8243; _module_preset=\u00bbdefault\u00bb active_text_color=\u00bb#BADFF7&#8243; global_colors_info=\u00bb{}\u00bb][\/dipi_breadcrumbs][\/et_pb_column][\/et_pb_row][\/et_pb_section][et_pb_section fb_built=\u00bb1&#8243; _builder_version=\u00bb4.24.0&#8243; _module_preset=\u00bbdefault\u00bb locked=\u00bboff\u00bb global_colors_info=\u00bb{}\u00bb][et_pb_row _builder_version=\u00bb4.24.0&#8243; _module_preset=\u00bbdefault\u00bb locked=\u00bboff\u00bb global_colors_info=\u00bb{}\u00bb][et_pb_column type=\u00bb4_4&#8243; _builder_version=\u00bb4.24.0&#8243; _module_preset=\u00bbdefault\u00bb global_colors_info=\u00bb{}\u00bb][et_pb_text _builder_version=\u00bb4.27.4&#8243; _module_preset=\u00bb13ddcc34-f131-47ca-8026-edc37a2f8af8&#8243; hover_enabled=\u00bb0&#8243; global_colors_info=\u00bb{}\u00bb sticky_enabled=\u00bb0&#8243;]<\/p>\n<h1 style=\"text-align: center;\" data-start=\"0\" data-end=\"32\">Investigaciones regulatorias<\/h1>\n<p style=\"text-align: center;\" data-start=\"34\" data-end=\"376\">El servicio de investigaciones regulatorias de ACK3 brinda a las organizaciones apoyo experto en investigaci\u00f3n para navegar entornos regulatorios complejos. Ayudamos a empresas, equipos legales y entidades gubernamentales a garantizar el cumplimiento normativo, detectar infracciones y mitigar riesgos asociados a marcos regulatorios.<\/p>\n<p>[\/et_pb_text][\/et_pb_column][\/et_pb_row][et_pb_row column_structure=\u00bb1_2,1_2&#8243; module_class=\u00bbagf-vertical-align\u00bb _builder_version=\u00bb4.24.0&#8243; _module_preset=\u00bbdefault\u00bb custom_padding=\u00bb||||false|false\u00bb global_colors_info=\u00bb{}\u00bb][et_pb_column type=\u00bb1_2&#8243; _builder_version=\u00bb4.24.0&#8243; _module_preset=\u00bbdefault\u00bb global_colors_info=\u00bb{}\u00bb][et_pb_text _builder_version=\u00bb4.27.4&#8243; _module_preset=\u00bbdefault\u00bb background_color=\u00bb#F6FAFD\u00bb custom_padding=\u00bb30px|30px|30px|30px|true|true\u00bb hover_enabled=\u00bb0&#8243; border_radii=\u00bbon|3px|3px|3px|3px\u00bb box_shadow_style=\u00bbpreset4&#8243; box_shadow_horizontal=\u00bb7px\u00bb box_shadow_vertical=\u00bb7px\u00bb box_shadow_color=\u00bb#BADFF7&#8243; global_colors_info=\u00bb{}\u00bb sticky_enabled=\u00bb0&#8243;]<\/p>\n<h2 data-section-id=\"1mdnk2k\" data-start=\"383\" data-end=\"429\">\u00bfQu\u00e9 son las investigaciones regulatorias?<\/h2>\n<p data-start=\"431\" data-end=\"805\">Las investigaciones regulatorias implican el examen de pr\u00e1cticas empresariales, transacciones financieras y actividades operativas para verificar el cumplimiento de normativas del sector y requisitos legales. Estas investigaciones permiten a las organizaciones identificar y abordar posibles incumplimientos, reducir la exposici\u00f3n legal y mantener la integridad corporativa.<\/p>\n<p>[\/et_pb_text][\/et_pb_column][et_pb_column type=\u00bb1_2&#8243; _builder_version=\u00bb4.24.0&#8243; _module_preset=\u00bbdefault\u00bb global_colors_info=\u00bb{}\u00bb][et_pb_image src=\u00bbhttps:\/\/ack3.eu\/wp-content\/uploads\/2024\/02\/Investigations-and-Legal-Services-2.webp\u00bb alt=\u00bbConoce a tu cliente\u00bb title_text=\u00bbInvestigations-and-Legal-Services-2&#8243; _builder_version=\u00bb4.27.4&#8243; _module_preset=\u00bbdefault\u00bb global_colors_info=\u00bb{}\u00bb][\/et_pb_image][\/et_pb_column][\/et_pb_row][et_pb_row _builder_version=\u00bb4.24.0&#8243; _module_preset=\u00bbdefault\u00bb global_colors_info=\u00bb{}\u00bb][et_pb_column type=\u00bb4_4&#8243; _builder_version=\u00bb4.24.0&#8243; _module_preset=\u00bbdefault\u00bb global_colors_info=\u00bb{}\u00bb][et_pb_text _builder_version=\u00bb4.27.4&#8243; _module_preset=\u00bbdefault\u00bb hover_enabled=\u00bb0&#8243; global_colors_info=\u00bb{}\u00bb sticky_enabled=\u00bb0&#8243;]<\/p>\n<h3 data-section-id=\"1ujs8nz\" data-start=\"849\" data-end=\"900\">Nuestros servicios de investigaci\u00f3n regulatoria<\/h3>\n<p data-start=\"902\" data-end=\"1030\">ACK3 ofrece una gama completa de soluciones de investigaci\u00f3n regulatoria para apoyar esfuerzos de cumplimiento y aplicaci\u00f3n:<\/p>\n<ul data-start=\"1032\" data-end=\"2014\">\n<li data-start=\"1032\" data-end=\"1176\">\n<p data-start=\"1034\" data-end=\"1176\"><strong data-start=\"1034\" data-end=\"1076\">Auditor\u00edas de cumplimiento regulatorio<\/strong>: Revisi\u00f3n exhaustiva para evaluar el cumplimiento de normativas sectoriales y est\u00e1ndares legales.<\/p>\n<\/li>\n<li data-start=\"1177\" data-end=\"1348\">\n<p data-start=\"1179\" data-end=\"1348\"><strong data-start=\"1179\" data-end=\"1221\">Investigaciones de fraude y corrupci\u00f3n<\/strong>: Identificaci\u00f3n de actividades fraudulentas, sobornos y riesgos de corrupci\u00f3n que puedan desencadenar acciones regulatorias.<\/p>\n<\/li>\n<li data-start=\"1349\" data-end=\"1511\">\n<p data-start=\"1351\" data-end=\"1511\"><strong data-start=\"1351\" data-end=\"1413\">Cumplimiento de AML (Prevenci\u00f3n de Lavado de Dinero) y KYC<\/strong>: Aseguramiento del cumplimiento de normativas financieras y prevenci\u00f3n de actividades il\u00edcitas.<\/p>\n<\/li>\n<li data-start=\"1512\" data-end=\"1673\">\n<p data-start=\"1514\" data-end=\"1673\"><strong data-start=\"1514\" data-end=\"1554\">Investigaciones internas y denuncias<\/strong>: Gesti\u00f3n de investigaciones internas relacionadas con conductas indebidas, violaciones regulatorias y faltas \u00e9ticas.<\/p>\n<\/li>\n<li data-start=\"1674\" data-end=\"1838\">\n<p data-start=\"1676\" data-end=\"1838\"><strong data-start=\"1676\" data-end=\"1721\">Evaluaci\u00f3n de riesgos y diligencia debida<\/strong>: Valoraci\u00f3n de riesgos regulatorios en operaciones comerciales, fusiones, adquisiciones y relaciones con terceros.<\/p>\n<\/li>\n<li data-start=\"1839\" data-end=\"2014\">\n<p data-start=\"1841\" data-end=\"2014\"><strong data-start=\"1841\" data-end=\"1901\">Interlocuci\u00f3n con autoridades regulatorias y apoyo legal<\/strong>: Asistencia a organizaciones en la respuesta a consultas regulatorias, auditor\u00edas e iniciativas de cumplimiento.<\/p>\n<\/li>\n<\/ul>\n<p>&nbsp;<\/p>\n<h3 data-section-id=\"7yoa0k\" data-start=\"2021\" data-end=\"2082\">\u00bfPor qu\u00e9 elegir a ACK3 para investigaciones regulatorias?<\/h3>\n<p data-start=\"2084\" data-end=\"2296\"><strong data-start=\"2084\" data-end=\"2092\">ACK3<\/strong> combina experiencia investigativa con profundo conocimiento regulatorio para ayudar a las organizaciones a enfrentar los desaf\u00edos del cumplimiento de manera proactiva. Nuestros principales diferenciales:<\/p>\n<ul data-start=\"2298\" data-end=\"2678\">\n<li data-start=\"2298\" data-end=\"2427\">\n<p data-start=\"2300\" data-end=\"2427\"><strong data-start=\"2300\" data-end=\"2335\">Experiencia multijurisdiccional<\/strong> \u2013 Navegaci\u00f3n experta en entornos regulatorios complejos en distintos sectores y regiones.<\/p>\n<\/li>\n<li data-start=\"2428\" data-end=\"2577\">\n<p data-start=\"2430\" data-end=\"2577\"><strong data-start=\"2430\" data-end=\"2467\">T\u00e9cnicas investigativas avanzadas<\/strong> \u2013 Uso de an\u00e1lisis forense, anal\u00edtica de datos y recopilaci\u00f3n de inteligencia para detectar incumplimientos.<\/p>\n<\/li>\n<li data-start=\"2578\" data-end=\"2678\">\n<p data-start=\"2580\" data-end=\"2678\"><strong data-start=\"2580\" data-end=\"2612\">Enfoque confidencial y \u00e9tico<\/strong> \u2013 Discreci\u00f3n, profesionalismo e integridad en cada investigaci\u00f3n.<\/p>\n<\/li>\n<\/ul>\n<blockquote>\n<p data-start=\"2685\" data-end=\"2964\" data-is-last-node=\"\" data-is-only-node=\"\">Con <strong data-start=\"2689\" data-end=\"2697\">ACK3<\/strong> como su socio en investigaciones regulatorias, obtendr\u00e1 un aliado confiable para garantizar el cumplimiento, mitigar riesgos y mantener la responsabilidad corporativa.<br data-start=\"2865\" data-end=\"2868\" \/><strong data-start=\"2868\" data-end=\"2964\" data-is-last-node=\"\">Te ayudamos a proteger la reputaci\u00f3n y el cumplimiento normativo de su organizaci\u00f3n.<\/strong><\/p>\n<\/blockquote>\n<p>[\/et_pb_text][et_pb_divider _builder_version=\u00bb4.27.2&#8243; _module_preset=\u00bbdefault\u00bb global_colors_info=\u00bb{}\u00bb][\/et_pb_divider][\/et_pb_column][\/et_pb_row][et_pb_row _builder_version=\u00bb4.24.0&#8243; _module_preset=\u00bbdefault\u00bb global_module=\u00bb25840410&#8243; saved_tabs=\u00bball\u00bb locked=\u00bboff\u00bb global_colors_info=\u00bb{}\u00bb][et_pb_column type=\u00bb4_4&#8243; _builder_version=\u00bb4.24.0&#8243; _module_preset=\u00bbdefault\u00bb global_colors_info=\u00bb{}\u00bb][et_pb_text _builder_version=\u00bb4.24.0&#8243; _module_preset=\u00bbe9776427-b859-4288-b0a2-c7103567bb8c\u00bb global_colors_info=\u00bb{}\u00bb]<\/p>\n<p style=\"text-align: center;\">Cont\u00e1ctanos<\/p>\n<p>[\/et_pb_text][et_pb_text _builder_version=\u00bb4.24.0&#8243; _dynamic_attributes=\u00bbcontent\u00bb _module_preset=\u00bb13ddcc34-f131-47ca-8026-edc37a2f8af8&#8243; header_2_text_align=\u00bbcenter\u00bb custom_margin=\u00bb||5px||false|false\u00bb global_colors_info=\u00bb{}\u00bb]@ET-DC@eyJkeW5hbWljIjp0cnVlLCJjb250ZW50IjoicG9zdF90aXRsZSIsInNldHRpbmdzIjp7ImJlZm9yZSI6IjxoMj4gXHUwMGJmRXN0XHUwMGUxcyBpbnRlcmVzYWRvIGVuIGxvcyBzZXJ2aWNpb3MgZGUgIiwiYWZ0ZXIiOiIgZGUgQUNLMz88L2gyPiJ9fQ==@[\/et_pb_text][et_pb_text _builder_version=\u00bb4.24.0&#8243; _module_preset=\u00bb13ddcc34-f131-47ca-8026-edc37a2f8af8&#8243; global_colors_info=\u00bb{}\u00bb]<\/p>\n<p style=\"text-align: center;\">Ponte en contacto con nosotros completando el siguiente formulario:<\/p>\n<p>[\/et_pb_text][dipi_gravity_forms_styler gf_form_id=\u00bb1&#8243; form_title=\u00bbhide\u00bb _builder_version=\u00bb4.24.0&#8243; _module_preset=\u00bbdefault\u00bb form_title_font_size=\u00bb0px\u00bb field_label_font=\u00bbTrade Gothic LT Bold Extended||||||||\u00bb field_label_font_size=\u00bb15px\u00bb required_field_indicator_font_size=\u00bb15px\u00bb field_description_font_size=\u00bb16px\u00bb checkbox_radio_label_font_size=\u00bb17px\u00bb custom_all=\u00bbon\u00bb all_text_size=\u00bb17px\u00bb all_bg_color=\u00bb#000000&#8243; all_font=\u00bb|600|||||||\u00bb all_use_icon=\u00bboff\u00bb max_width=\u00bb78%\u00bb max_width_tablet=\u00bb100%\u00bb max_width_phone=\u00bb100%\u00bb max_width_last_edited=\u00bbon|desktop\u00bb module_alignment=\u00bbcenter\u00bb global_colors_info=\u00bb{}\u00bb all_bg_color__hover_enabled=\u00bbon|hover\u00bb all_bg_color__hover=\u00bb#535353&#8243; all_bg_enable_color__hover=\u00bbon\u00bb][\/dipi_gravity_forms_styler][\/et_pb_column][\/et_pb_row][\/et_pb_section]<\/p>\n","protected":false},"excerpt":{"rendered":"<p>Garantiza el cumplimiento con las investigaciones regulatorias de ACK3: auditor\u00edas expertas, detecci\u00f3n de fraude y mitigaci\u00f3n de riesgos.<\/p>\n","protected":false},"author":2,"featured_media":25843025,"parent":25844443,"menu_order":0,"comment_status":"closed","ping_status":"closed","template":"","meta":{"_et_pb_use_builder":"on","_et_pb_old_content":"","_et_gb_content_width":"","footnotes":""},"dipi_cpt_category":[],"class_list":["post-25858192","page","type-page","status-publish","has-post-thumbnail","hentry"],"_links":{"self":[{"href":"https:\/\/ack3.eu\/es\/wp-json\/wp\/v2\/pages\/25858192","targetHints":{"allow":["GET"]}}],"collection":[{"href":"https:\/\/ack3.eu\/es\/wp-json\/wp\/v2\/pages"}],"about":[{"href":"https:\/\/ack3.eu\/es\/wp-json\/wp\/v2\/types\/page"}],"author":[{"embeddable":true,"href":"https:\/\/ack3.eu\/es\/wp-json\/wp\/v2\/users\/2"}],"replies":[{"embeddable":true,"href":"https:\/\/ack3.eu\/es\/wp-json\/wp\/v2\/comments?post=25858192"}],"version-history":[{"count":0,"href":"https:\/\/ack3.eu\/es\/wp-json\/wp\/v2\/pages\/25858192\/revisions"}],"up":[{"embeddable":true,"href":"https:\/\/ack3.eu\/es\/wp-json\/wp\/v2\/pages\/25844443"}],"wp:featuredmedia":[{"embeddable":true,"href":"https:\/\/ack3.eu\/es\/wp-json\/wp\/v2\/media\/25843025"}],"wp:attachment":[{"href":"https:\/\/ack3.eu\/es\/wp-json\/wp\/v2\/media?parent=25858192"}],"wp:term":[{"taxonomy":"dipi_cpt_category","embeddable":true,"href":"https:\/\/ack3.eu\/es\/wp-json\/wp\/v2\/dipi_cpt_category?post=25858192"}],"curies":[{"name":"wp","href":"https:\/\/api.w.org\/{rel}","templated":true}]}}