{"id":25858186,"date":"2025-03-28T09:22:56","date_gmt":"2025-03-28T08:22:56","guid":{"rendered":"https:\/\/ack3.eu\/servicios\/servicios-de-investigacion-y-legales\/intellectual-property-services\/"},"modified":"2025-07-29T09:31:24","modified_gmt":"2025-07-29T07:31:24","slug":"servicios-propiedad-intelectual","status":"publish","type":"page","link":"https:\/\/ack3.eu\/es\/servicios\/servicios-de-investigacion-y-legales\/servicios-propiedad-intelectual\/","title":{"rendered":"Servicios de propiedad intelectual"},"content":{"rendered":"<p>[et_pb_section fb_built=\u00bb1&#8243; _builder_version=\u00bb4.24.0&#8243; _module_preset=\u00bbdefault\u00bb background_color=\u00bb#000000&#8243; background_pattern_repeat_origin=\u00bbcenter\u00bb custom_padding=\u00bb13px||13px||true|false\u00bb saved_tabs=\u00bball\u00bb locked=\u00bboff\u00bb global_colors_info=\u00bb{}\u00bb][et_pb_row _builder_version=\u00bb4.24.0&#8243; _module_preset=\u00bb32edda46-f9f8-4bcc-acb6-81abff8182ae\u00bb custom_margin=\u00bb||0px||false|false\u00bb custom_padding=\u00bb4px||4px||true|false\u00bb global_colors_info=\u00bb{}\u00bb][et_pb_column type=\u00bb4_4&#8243; _builder_version=\u00bb4.20.4&#8243; _module_preset=\u00bbdefault\u00bb global_colors_info=\u00bb{}\u00bb][dipi_breadcrumbs bc_home_text=\u00bbHome\u00bb bc_home_url=\u00bb\/\u00bb bc_items_alignment=\u00bbdipi-bc-left\u00bb bc_item_padding=\u00bb|10px||10px|false|true\u00bb bc_active_item_padding=\u00bb|20px||10px|true|false\u00bb _builder_version=\u00bb4.24.0&#8243; _module_preset=\u00bbdefault\u00bb active_text_color=\u00bb#BADFF7&#8243; global_colors_info=\u00bb{}\u00bb][\/dipi_breadcrumbs][\/et_pb_column][\/et_pb_row][\/et_pb_section][et_pb_section fb_built=\u00bb1&#8243; _builder_version=\u00bb4.24.0&#8243; _module_preset=\u00bbdefault\u00bb locked=\u00bboff\u00bb global_colors_info=\u00bb{}\u00bb][et_pb_row _builder_version=\u00bb4.24.0&#8243; _module_preset=\u00bbdefault\u00bb locked=\u00bboff\u00bb global_colors_info=\u00bb{}\u00bb][et_pb_column type=\u00bb4_4&#8243; _builder_version=\u00bb4.24.0&#8243; _module_preset=\u00bbdefault\u00bb global_colors_info=\u00bb{}\u00bb][et_pb_text _builder_version=\u00bb4.27.4&#8243; _module_preset=\u00bb13ddcc34-f131-47ca-8026-edc37a2f8af8&#8243; hover_enabled=\u00bb0&#8243; global_colors_info=\u00bb{}\u00bb sticky_enabled=\u00bb0&#8243;]<\/p>\n<h1 style=\"text-align: center;\" data-start=\"0\" data-end=\"38\">Servicios de propiedad intelectual<\/h1>\n<p style=\"text-align: center;\" data-start=\"40\" data-end=\"367\">Los servicios de propiedad intelectual de ACK3 ofrecen un soporte integral en investigaci\u00f3n y an\u00e1lisis para proteger los derechos de propiedad intelectual. Ayudamos a empresas, firmas legales e individuos a navegar temas complejos de PI, detectar infracciones y hacer cumplir sus derechos legales de manera eficaz.<\/p>\n<p>[\/et_pb_text][\/et_pb_column][\/et_pb_row][et_pb_row column_structure=\u00bb1_2,1_2&#8243; module_class=\u00bbagf-vertical-align\u00bb _builder_version=\u00bb4.24.0&#8243; _module_preset=\u00bbdefault\u00bb custom_padding=\u00bb||||false|false\u00bb global_colors_info=\u00bb{}\u00bb][et_pb_column type=\u00bb1_2&#8243; _builder_version=\u00bb4.24.0&#8243; _module_preset=\u00bbdefault\u00bb global_colors_info=\u00bb{}\u00bb][et_pb_text _builder_version=\u00bb4.27.4&#8243; _module_preset=\u00bbdefault\u00bb background_color=\u00bb#F6FAFD\u00bb custom_padding=\u00bb30px|30px|30px|30px|true|true\u00bb hover_enabled=\u00bb0&#8243; border_radii=\u00bbon|3px|3px|3px|3px\u00bb box_shadow_style=\u00bbpreset4&#8243; box_shadow_horizontal=\u00bb7px\u00bb box_shadow_vertical=\u00bb7px\u00bb box_shadow_color=\u00bb#BADFF7&#8243; global_colors_info=\u00bb{}\u00bb sticky_enabled=\u00bb0&#8243;]<\/p>\n<h2 data-pm-slice=\"1 1 []\">\u00bfQu\u00e9 son los servicios de propiedad intelectual?<\/h2>\n<p data-start=\"428\" data-end=\"806\">Los servicios de propiedad intelectual abarcan una variedad de soluciones destinadas a proteger y gestionar patentes, marcas registradas, derechos de autor y secretos comerciales. Nuestro equipo se especializa en <strong>investigar posibles infracciones, realizar procesos de diligencia debida y brindar apoyo en litigios para ayudar a los clientes a defender sus activos intelectuales.<\/strong><\/p>\n<p>[\/et_pb_text][\/et_pb_column][et_pb_column type=\u00bb1_2&#8243; _builder_version=\u00bb4.24.0&#8243; _module_preset=\u00bbdefault\u00bb global_colors_info=\u00bb{}\u00bb][et_pb_image src=\u00bbhttps:\/\/ack3.eu\/wp-content\/uploads\/2024\/02\/Investigations-and-Legal-Services-2.webp\u00bb alt=\u00bbConoce a tu cliente\u00bb title_text=\u00bbInvestigations-and-Legal-Services-2&#8243; _builder_version=\u00bb4.27.4&#8243; _module_preset=\u00bbdefault\u00bb global_colors_info=\u00bb{}\u00bb][\/et_pb_image][\/et_pb_column][\/et_pb_row][et_pb_row _builder_version=\u00bb4.24.0&#8243; _module_preset=\u00bbdefault\u00bb global_colors_info=\u00bb{}\u00bb][et_pb_column type=\u00bb4_4&#8243; _builder_version=\u00bb4.24.0&#8243; _module_preset=\u00bbdefault\u00bb global_colors_info=\u00bb{}\u00bb][et_pb_text _builder_version=\u00bb4.27.4&#8243; _module_preset=\u00bbdefault\u00bb hover_enabled=\u00bb0&#8243; global_colors_info=\u00bb{}\u00bb sticky_enabled=\u00bb0&#8243;]<\/p>\n<h3 data-section-id=\"2nulp9\" data-start=\"850\" data-end=\"897\">Nuestros servicios de propiedad intelectual<\/h3>\n<p data-start=\"899\" data-end=\"1029\">Ofrecemos una gama completa de servicios para garantizar la protecci\u00f3n y el cumplimiento de los derechos de propiedad intelectual:<\/p>\n<ul data-start=\"1031\" data-end=\"2135\">\n<li data-start=\"1031\" data-end=\"1214\">\n<p data-start=\"1033\" data-end=\"1214\"><strong data-start=\"1033\" data-end=\"1084\">Investigaci\u00f3n de PI y detecci\u00f3n de infracciones<\/strong>: Identificaci\u00f3n del uso no autorizado de patentes, marcas y materiales con derechos de autor mediante investigaciones detalladas.<\/p>\n<\/li>\n<li data-start=\"1216\" data-end=\"1378\">\n<p data-start=\"1218\" data-end=\"1378\"><strong data-start=\"1218\" data-end=\"1275\">Detecci\u00f3n de productos falsificados y de mercado gris<\/strong>: Rastreo y an\u00e1lisis de productos falsificados e importaciones paralelas que violan protecciones de PI.<\/p>\n<\/li>\n<li data-start=\"1380\" data-end=\"1587\">\n<p data-start=\"1382\" data-end=\"1587\"><strong data-start=\"1382\" data-end=\"1424\">Apoyo en litigios y testimonio experto<\/strong>: Asistencia a equipos legales con investigaciones, recopilaci\u00f3n de evidencia y servicios de peritaje para fortalecer casos relacionados con propiedad intelectual.<\/p>\n<\/li>\n<li data-start=\"1589\" data-end=\"1776\">\n<p data-start=\"1591\" data-end=\"1776\"><strong data-start=\"1591\" data-end=\"1637\">Protecci\u00f3n de marca y monitoreo de mercado<\/strong>: Vigilancia de mercados globales para detectar y prevenir el uso indebido de marcas, distribuidores no autorizados y amenazas potenciales.<\/p>\n<\/li>\n<li data-start=\"1778\" data-end=\"1931\">\n<p data-start=\"1780\" data-end=\"1931\"><strong data-start=\"1780\" data-end=\"1825\">Diligencia debida y evaluaci\u00f3n de riesgos<\/strong>: Realizaci\u00f3n de an\u00e1lisis integrales para evaluar riesgos de PI en fusiones, adquisiciones y asociaciones.<\/p>\n<\/li>\n<li data-start=\"1933\" data-end=\"2135\">\n<p data-start=\"1935\" data-end=\"2135\"><strong data-start=\"1935\" data-end=\"1994\">Protecci\u00f3n digital de PI e investigaciones cibern\u00e9ticas<\/strong>: Identificaci\u00f3n de pirater\u00eda en l\u00ednea, apropiaci\u00f3n de dominios y violaciones digitales de derechos de autor para proteger activos digitales.<\/p>\n<\/li>\n<\/ul>\n<p>&nbsp;<\/p>\n<h3 data-section-id=\"hoxxsz\" data-start=\"2142\" data-end=\"2209\"><strong>\u00bfPor qu\u00e9 elegir a ACK3 para servicios de propiedad intelectual?<\/strong><\/h3>\n<p data-start=\"2211\" data-end=\"2388\">Con una amplia experiencia en protecci\u00f3n y defensa de propiedad intelectual, <strong data-start=\"2288\" data-end=\"2296\">ACK3<\/strong> ofrece soluciones confiables adaptadas a tus necesidades. Nuestros puntos fuertes incluyen:<\/p>\n<ul data-start=\"2390\" data-end=\"2803\">\n<li data-start=\"2390\" data-end=\"2527\">\n<p data-start=\"2392\" data-end=\"2527\"><strong data-start=\"2392\" data-end=\"2424\">Alcance investigativo global<\/strong> \u2013 Realizaci\u00f3n de investigaciones en m\u00faltiples jurisdicciones para detectar y mitigar amenazas de PI.<\/p>\n<\/li>\n<li data-start=\"2528\" data-end=\"2672\">\n<p data-start=\"2530\" data-end=\"2672\"><strong data-start=\"2530\" data-end=\"2578\">Tecnolog\u00eda avanzada y an\u00e1lisis especializado<\/strong> \u2013 Uso de herramientas forenses y metodolog\u00edas basadas en datos para una protecci\u00f3n precisa.<\/p>\n<\/li>\n<li data-start=\"2673\" data-end=\"2803\">\n<p data-start=\"2675\" data-end=\"2803\"><strong data-start=\"2675\" data-end=\"2707\">Enfoque confidencial y \u00e9tico<\/strong> \u2013 Manejamos temas sensibles de PI con los m\u00e1s altos est\u00e1ndares de discreci\u00f3n y profesionalismo.<\/p>\n<\/li>\n<\/ul>\n<blockquote>\n<p data-start=\"2810\" data-end=\"3047\" data-is-last-node=\"\" data-is-only-node=\"\">Con <strong data-start=\"2814\" data-end=\"2822\">ACK3<\/strong> como tu aliado en servicios de propiedad intelectual, podr\u00e1s proteger tus innovaciones, defender tu marca y hacer valer tus derechos con confianza.<br data-start=\"2970\" data-end=\"2973\" \/><strong data-start=\"2973\" data-end=\"3047\" data-is-last-node=\"\">Te ayudamos a asegurar el futuro de tus activos intelectuales.<\/strong><\/p>\n<\/blockquote>\n<p>[\/et_pb_text][et_pb_divider _builder_version=\u00bb4.27.2&#8243; _module_preset=\u00bbdefault\u00bb global_colors_info=\u00bb{}\u00bb][\/et_pb_divider][\/et_pb_column][\/et_pb_row][et_pb_row _builder_version=\u00bb4.24.0&#8243; _module_preset=\u00bbdefault\u00bb global_module=\u00bb25840410&#8243; saved_tabs=\u00bball\u00bb locked=\u00bboff\u00bb global_colors_info=\u00bb{}\u00bb][et_pb_column type=\u00bb4_4&#8243; _builder_version=\u00bb4.24.0&#8243; _module_preset=\u00bbdefault\u00bb global_colors_info=\u00bb{}\u00bb][et_pb_text _builder_version=\u00bb4.24.0&#8243; _module_preset=\u00bbe9776427-b859-4288-b0a2-c7103567bb8c\u00bb global_colors_info=\u00bb{}\u00bb]<\/p>\n<p style=\"text-align: center;\">Cont\u00e1ctanos<\/p>\n<p>[\/et_pb_text][et_pb_text _builder_version=\u00bb4.24.0&#8243; _dynamic_attributes=\u00bbcontent\u00bb _module_preset=\u00bb13ddcc34-f131-47ca-8026-edc37a2f8af8&#8243; header_2_text_align=\u00bbcenter\u00bb custom_margin=\u00bb||5px||false|false\u00bb global_colors_info=\u00bb{}\u00bb]@ET-DC@eyJkeW5hbWljIjp0cnVlLCJjb250ZW50IjoicG9zdF90aXRsZSIsInNldHRpbmdzIjp7ImJlZm9yZSI6IjxoMj4gXHUwMGJmRXN0XHUwMGUxcyBpbnRlcmVzYWRvIGVuIGxvcyBzZXJ2aWNpb3MgZGUgIiwiYWZ0ZXIiOiIgZGUgQUNLMz88L2gyPiJ9fQ==@[\/et_pb_text][et_pb_text _builder_version=\u00bb4.24.0&#8243; _module_preset=\u00bb13ddcc34-f131-47ca-8026-edc37a2f8af8&#8243; global_colors_info=\u00bb{}\u00bb]<\/p>\n<p style=\"text-align: center;\">Ponte en contacto con nosotros completando el siguiente formulario:<\/p>\n<p>[\/et_pb_text][dipi_gravity_forms_styler gf_form_id=\u00bb1&#8243; form_title=\u00bbhide\u00bb _builder_version=\u00bb4.24.0&#8243; _module_preset=\u00bbdefault\u00bb form_title_font_size=\u00bb0px\u00bb field_label_font=\u00bbTrade Gothic LT Bold Extended||||||||\u00bb field_label_font_size=\u00bb15px\u00bb required_field_indicator_font_size=\u00bb15px\u00bb field_description_font_size=\u00bb16px\u00bb checkbox_radio_label_font_size=\u00bb17px\u00bb custom_all=\u00bbon\u00bb all_text_size=\u00bb17px\u00bb all_bg_color=\u00bb#000000&#8243; all_font=\u00bb|600|||||||\u00bb all_use_icon=\u00bboff\u00bb max_width=\u00bb78%\u00bb max_width_tablet=\u00bb100%\u00bb max_width_phone=\u00bb100%\u00bb max_width_last_edited=\u00bbon|desktop\u00bb module_alignment=\u00bbcenter\u00bb global_colors_info=\u00bb{}\u00bb all_bg_color__hover_enabled=\u00bbon|hover\u00bb all_bg_color__hover=\u00bb#535353&#8243; all_bg_enable_color__hover=\u00bbon\u00bb][\/dipi_gravity_forms_styler][\/et_pb_column][\/et_pb_row][\/et_pb_section]<\/p>\n","protected":false},"excerpt":{"rendered":"<p>Protegete con los servicios de ACK3: investigaciones expertas, detecci\u00f3n de infracciones y aplicaci\u00f3n de los derechos de propiedad intelectual.<\/p>\n","protected":false},"author":2,"featured_media":25843025,"parent":25844443,"menu_order":0,"comment_status":"closed","ping_status":"closed","template":"","meta":{"_et_pb_use_builder":"on","_et_pb_old_content":"","_et_gb_content_width":"","footnotes":""},"dipi_cpt_category":[],"class_list":["post-25858186","page","type-page","status-publish","has-post-thumbnail","hentry"],"_links":{"self":[{"href":"https:\/\/ack3.eu\/es\/wp-json\/wp\/v2\/pages\/25858186","targetHints":{"allow":["GET"]}}],"collection":[{"href":"https:\/\/ack3.eu\/es\/wp-json\/wp\/v2\/pages"}],"about":[{"href":"https:\/\/ack3.eu\/es\/wp-json\/wp\/v2\/types\/page"}],"author":[{"embeddable":true,"href":"https:\/\/ack3.eu\/es\/wp-json\/wp\/v2\/users\/2"}],"replies":[{"embeddable":true,"href":"https:\/\/ack3.eu\/es\/wp-json\/wp\/v2\/comments?post=25858186"}],"version-history":[{"count":0,"href":"https:\/\/ack3.eu\/es\/wp-json\/wp\/v2\/pages\/25858186\/revisions"}],"up":[{"embeddable":true,"href":"https:\/\/ack3.eu\/es\/wp-json\/wp\/v2\/pages\/25844443"}],"wp:featuredmedia":[{"embeddable":true,"href":"https:\/\/ack3.eu\/es\/wp-json\/wp\/v2\/media\/25843025"}],"wp:attachment":[{"href":"https:\/\/ack3.eu\/es\/wp-json\/wp\/v2\/media?parent=25858186"}],"wp:term":[{"taxonomy":"dipi_cpt_category","embeddable":true,"href":"https:\/\/ack3.eu\/es\/wp-json\/wp\/v2\/dipi_cpt_category?post=25858186"}],"curies":[{"name":"wp","href":"https:\/\/api.w.org\/{rel}","templated":true}]}}