{"id":25858179,"date":"2025-03-28T08:07:36","date_gmt":"2025-03-28T07:07:36","guid":{"rendered":"https:\/\/ack3.eu\/servicios\/servicios-de-investigacion-y-legales\/litigation-support\/"},"modified":"2025-07-29T09:19:34","modified_gmt":"2025-07-29T07:19:34","slug":"apoyo-litigios","status":"publish","type":"page","link":"https:\/\/ack3.eu\/es\/servicios\/servicios-de-investigacion-y-legales\/apoyo-litigios\/","title":{"rendered":"Apoyo en litigios"},"content":{"rendered":"<p>[et_pb_section fb_built=\u00bb1&#8243; _builder_version=\u00bb4.24.0&#8243; _module_preset=\u00bbdefault\u00bb background_color=\u00bb#000000&#8243; background_pattern_repeat_origin=\u00bbcenter\u00bb custom_padding=\u00bb13px||13px||true|false\u00bb saved_tabs=\u00bball\u00bb locked=\u00bboff\u00bb global_colors_info=\u00bb{}\u00bb][et_pb_row _builder_version=\u00bb4.24.0&#8243; _module_preset=\u00bb32edda46-f9f8-4bcc-acb6-81abff8182ae\u00bb custom_margin=\u00bb||0px||false|false\u00bb custom_padding=\u00bb4px||4px||true|false\u00bb global_colors_info=\u00bb{}\u00bb][et_pb_column type=\u00bb4_4&#8243; _builder_version=\u00bb4.20.4&#8243; _module_preset=\u00bbdefault\u00bb global_colors_info=\u00bb{}\u00bb][dipi_breadcrumbs bc_home_text=\u00bbHome\u00bb bc_home_url=\u00bb\/\u00bb bc_items_alignment=\u00bbdipi-bc-left\u00bb bc_item_padding=\u00bb|10px||10px|false|true\u00bb bc_active_item_padding=\u00bb|20px||10px|true|false\u00bb _builder_version=\u00bb4.24.0&#8243; _module_preset=\u00bbdefault\u00bb active_text_color=\u00bb#BADFF7&#8243; global_colors_info=\u00bb{}\u00bb][\/dipi_breadcrumbs][\/et_pb_column][\/et_pb_row][\/et_pb_section][et_pb_section fb_built=\u00bb1&#8243; _builder_version=\u00bb4.24.0&#8243; _module_preset=\u00bbdefault\u00bb locked=\u00bboff\u00bb global_colors_info=\u00bb{}\u00bb][et_pb_row _builder_version=\u00bb4.24.0&#8243; _module_preset=\u00bbdefault\u00bb locked=\u00bboff\u00bb global_colors_info=\u00bb{}\u00bb][et_pb_column type=\u00bb4_4&#8243; _builder_version=\u00bb4.24.0&#8243; _module_preset=\u00bbdefault\u00bb global_colors_info=\u00bb{}\u00bb][et_pb_text _builder_version=\u00bb4.27.4&#8243; _module_preset=\u00bb13ddcc34-f131-47ca-8026-edc37a2f8af8&#8243; hover_enabled=\u00bb0&#8243; global_colors_info=\u00bb{}\u00bb sticky_enabled=\u00bb0&#8243;]<\/p>\n<h1 style=\"text-align: center;\" data-start=\"0\" data-end=\"21\">Apoyo en litigios<\/h1>\n<p style=\"text-align: center;\" data-start=\"23\" data-end=\"425\">El servicio de apoyo en litigios de ACK3 brinda a firmas legales, corporaciones y entidades gubernamentales experiencia cr\u00edtica en investigaci\u00f3n y an\u00e1lisis para fortalecer sus estrategias legales. Nuestro equipo se especializa en la recopilaci\u00f3n y an\u00e1lisis de evidencia, apoyando los procesos judiciales con informaci\u00f3n basada en hechos y proporcionando testimonio experto cuando sea necesario.<\/p>\n<p>[\/et_pb_text][\/et_pb_column][\/et_pb_row][et_pb_row column_structure=\u00bb1_2,1_2&#8243; module_class=\u00bbagf-vertical-align\u00bb _builder_version=\u00bb4.24.0&#8243; _module_preset=\u00bbdefault\u00bb custom_padding=\u00bb||||false|false\u00bb global_colors_info=\u00bb{}\u00bb][et_pb_column type=\u00bb1_2&#8243; _builder_version=\u00bb4.24.0&#8243; _module_preset=\u00bbdefault\u00bb global_colors_info=\u00bb{}\u00bb][et_pb_text _builder_version=\u00bb4.27.4&#8243; _module_preset=\u00bbdefault\u00bb background_color=\u00bb#F6FAFD\u00bb custom_padding=\u00bb30px|30px|30px|30px|true|true\u00bb hover_enabled=\u00bb0&#8243; border_radii=\u00bbon|3px|3px|3px|3px\u00bb box_shadow_style=\u00bbpreset4&#8243; box_shadow_horizontal=\u00bb7px\u00bb box_shadow_vertical=\u00bb7px\u00bb box_shadow_color=\u00bb#BADFF7&#8243; global_colors_info=\u00bb{}\u00bb sticky_enabled=\u00bb0&#8243;]<\/p>\n<h2 data-section-id=\"ea575p\" data-start=\"432\" data-end=\"465\">\u00bfQu\u00e9 es el apoyo en litigios?<\/h2>\n<p data-start=\"467\" data-end=\"898\">El apoyo en litigios abarca una variedad de servicios dise\u00f1ados para asistir a los equipos legales en la preparaci\u00f3n y ejecuci\u00f3n de casos. Esto incluye investigaci\u00f3n, recolecci\u00f3n de pruebas, an\u00e1lisis forense y desarrollo de estrategias legales. Nuestros expertos trabajan de cerca con los abogados para garantizar que todos los aspectos del caso sean examinados a fondo, fortaleciendo as\u00ed la base para la acci\u00f3n legal o la defensa.<\/p>\n<p>[\/et_pb_text][\/et_pb_column][et_pb_column type=\u00bb1_2&#8243; _builder_version=\u00bb4.24.0&#8243; _module_preset=\u00bbdefault\u00bb global_colors_info=\u00bb{}\u00bb][et_pb_image src=\u00bbhttps:\/\/ack3.eu\/wp-content\/uploads\/2024\/02\/Investigations-and-Legal-Services-2.webp\u00bb alt=\u00bbConoce a tu cliente\u00bb title_text=\u00bbInvestigations-and-Legal-Services-2&#8243; _builder_version=\u00bb4.27.4&#8243; _module_preset=\u00bbdefault\u00bb global_colors_info=\u00bb{}\u00bb][\/et_pb_image][\/et_pb_column][\/et_pb_row][et_pb_row _builder_version=\u00bb4.24.0&#8243; _module_preset=\u00bbdefault\u00bb global_colors_info=\u00bb{}\u00bb][et_pb_column type=\u00bb4_4&#8243; _builder_version=\u00bb4.24.0&#8243; _module_preset=\u00bbdefault\u00bb global_colors_info=\u00bb{}\u00bb][et_pb_text _builder_version=\u00bb4.27.4&#8243; _module_preset=\u00bbdefault\u00bb hover_enabled=\u00bb0&#8243; global_colors_info=\u00bb{}\u00bb sticky_enabled=\u00bb0&#8243;]<\/p>\n<h3 data-section-id=\"1xd5g44\" data-start=\"942\" data-end=\"985\">Nuestros servicios de apoyo en litigios<\/h3>\n<p data-start=\"987\" data-end=\"1137\">Ofrecemos un conjunto integral de servicios adaptados para respaldar a los profesionales del derecho en la b\u00fasqueda de justicia y resoluci\u00f3n de casos:<\/p>\n<ul data-start=\"1139\" data-end=\"2287\">\n<li data-start=\"1139\" data-end=\"1354\">\n<p data-start=\"1141\" data-end=\"1354\"><strong data-start=\"1141\" data-end=\"1195\">Investigaci\u00f3n de casos y recopilaci\u00f3n de evidencia<\/strong>: Realizaci\u00f3n de investigaciones exhaustivas, recopilaci\u00f3n de documentos, registros digitales y declaraciones de testigos para construir casos legales s\u00f3lidos.<\/p>\n<\/li>\n<li data-start=\"1356\" data-end=\"1536\">\n<p data-start=\"1358\" data-end=\"1536\"><strong data-start=\"1358\" data-end=\"1378\">An\u00e1lisis forense<\/strong>: Uso de t\u00e9cnicas forenses para examinar transacciones financieras, datos electr\u00f3nicos y otras evidencias cr\u00edticas con el fin de descubrir informaci\u00f3n oculta.<\/p>\n<\/li>\n<li data-start=\"1538\" data-end=\"1731\">\n<p data-start=\"1540\" data-end=\"1731\"><strong data-start=\"1540\" data-end=\"1578\">Investigaci\u00f3n legal e inteligencia<\/strong>: Provisi\u00f3n de investigaciones extensas sobre precedentes legales, regulaciones del sector y partes involucradas para fortalecer los argumentos del caso.<\/p>\n<\/li>\n<li data-start=\"1733\" data-end=\"1931\">\n<p data-start=\"1735\" data-end=\"1931\"><strong data-start=\"1735\" data-end=\"1760\">Testimonio de peritos<\/strong>: Presentaci\u00f3n de expertos calificados para exponer hallazgos e interpretaciones en tribunales, ayudando a los equipos legales a explicar temas complejos con credibilidad.<\/p>\n<\/li>\n<li data-start=\"1933\" data-end=\"2111\">\n<p data-start=\"1935\" data-end=\"2111\"><strong data-start=\"1935\" data-end=\"1978\">Descubrimiento electr\u00f3nico (eDiscovery)<\/strong>: Gesti\u00f3n y an\u00e1lisis de registros electr\u00f3nicos, correos electr\u00f3nicos y comunicaciones digitales para identificar evidencia relevante.<\/p>\n<\/li>\n<li data-start=\"2113\" data-end=\"2287\">\n<p data-start=\"2115\" data-end=\"2287\"><strong data-start=\"2115\" data-end=\"2150\">Apoyo en cumplimiento normativo<\/strong>: Asistencia a organizaciones para cumplir con los requisitos legales y regulatorios, identificando riesgos de cumplimiento y soluciones.<\/p>\n<\/li>\n<\/ul>\n<p>&nbsp;<\/p>\n<h3 data-section-id=\"1libwpy\" data-start=\"2294\" data-end=\"2344\"><strong>\u00bfPor qu\u00e9 elegir a ACK3 para apoyo en litigios?<\/strong><\/h3>\n<p data-start=\"2346\" data-end=\"2529\">Con una amplia experiencia en servicios de investigaci\u00f3n y apoyo legal, <strong data-start=\"2418\" data-end=\"2426\">ACK3<\/strong> garantiza que los equipos legales cuenten con las herramientas necesarias para tener \u00e9xito. Ofrecemos:<\/p>\n<ul data-start=\"2531\" data-end=\"2897\">\n<li data-start=\"2531\" data-end=\"2654\">\n<p data-start=\"2533\" data-end=\"2654\"><strong data-start=\"2533\" data-end=\"2576\">Investigaciones objetivas y exhaustivas<\/strong>: Aseguramos hallazgos precisos y objetivos que respalden los casos legales.<\/p>\n<\/li>\n<li data-start=\"2655\" data-end=\"2785\">\n<p data-start=\"2657\" data-end=\"2785\"><strong data-start=\"2657\" data-end=\"2691\">Experiencia multidisciplinaria<\/strong>: Reunimos especialistas en an\u00e1lisis forense, investigaci\u00f3n legal y t\u00e9cnicas investigativas.<\/p>\n<\/li>\n<li data-start=\"2786\" data-end=\"2897\">\n<p data-start=\"2788\" data-end=\"2897\"><strong data-start=\"2788\" data-end=\"2821\">Confidencialidad e integridad<\/strong>: Manejamos informaci\u00f3n sensible con la m\u00e1xima discreci\u00f3n y profesionalismo.<\/p>\n<\/li>\n<\/ul>\n<blockquote>\n<p data-start=\"2904\" data-end=\"3159\" data-is-last-node=\"\" data-is-only-node=\"\">Con <strong data-start=\"2908\" data-end=\"2916\">ACK3<\/strong> como su aliado en apoyo en litigios, obtendr\u00e1 un socio de confianza para enfrentar asuntos legales complejos con confianza y precisi\u00f3n.<br data-start=\"3052\" data-end=\"3055\" \/><strong data-start=\"3055\" data-end=\"3159\" data-is-last-node=\"\">Te ayudamos a descubrir la verdad y construir un caso m\u00e1s s\u00f3lido en la b\u00fasqueda de justicia.<\/strong><\/p>\n<\/blockquote>\n<p>[\/et_pb_text][et_pb_divider _builder_version=\u00bb4.27.2&#8243; _module_preset=\u00bbdefault\u00bb global_colors_info=\u00bb{}\u00bb][\/et_pb_divider][\/et_pb_column][\/et_pb_row][et_pb_row _builder_version=\u00bb4.24.0&#8243; _module_preset=\u00bbdefault\u00bb global_module=\u00bb25840410&#8243; saved_tabs=\u00bball\u00bb locked=\u00bboff\u00bb global_colors_info=\u00bb{}\u00bb][et_pb_column type=\u00bb4_4&#8243; _builder_version=\u00bb4.24.0&#8243; _module_preset=\u00bbdefault\u00bb global_colors_info=\u00bb{}\u00bb][et_pb_text _builder_version=\u00bb4.24.0&#8243; _module_preset=\u00bbe9776427-b859-4288-b0a2-c7103567bb8c\u00bb global_colors_info=\u00bb{}\u00bb]<\/p>\n<p style=\"text-align: center;\">Cont\u00e1ctanos<\/p>\n<p>[\/et_pb_text][et_pb_text _builder_version=\u00bb4.24.0&#8243; _dynamic_attributes=\u00bbcontent\u00bb _module_preset=\u00bb13ddcc34-f131-47ca-8026-edc37a2f8af8&#8243; header_2_text_align=\u00bbcenter\u00bb custom_margin=\u00bb||5px||false|false\u00bb global_colors_info=\u00bb{}\u00bb]@ET-DC@eyJkeW5hbWljIjp0cnVlLCJjb250ZW50IjoicG9zdF90aXRsZSIsInNldHRpbmdzIjp7ImJlZm9yZSI6IjxoMj4gXHUwMGJmRXN0XHUwMGUxcyBpbnRlcmVzYWRvIGVuIGxvcyBzZXJ2aWNpb3MgZGUgIiwiYWZ0ZXIiOiIgZGUgQUNLMz88L2gyPiJ9fQ==@[\/et_pb_text][et_pb_text _builder_version=\u00bb4.24.0&#8243; _module_preset=\u00bb13ddcc34-f131-47ca-8026-edc37a2f8af8&#8243; global_colors_info=\u00bb{}\u00bb]<\/p>\n<p style=\"text-align: center;\">Ponte en contacto con nosotros completando el siguiente formulario:<\/p>\n<p>[\/et_pb_text][dipi_gravity_forms_styler gf_form_id=\u00bb1&#8243; form_title=\u00bbhide\u00bb _builder_version=\u00bb4.24.0&#8243; _module_preset=\u00bbdefault\u00bb form_title_font_size=\u00bb0px\u00bb field_label_font=\u00bbTrade Gothic LT Bold Extended||||||||\u00bb field_label_font_size=\u00bb15px\u00bb required_field_indicator_font_size=\u00bb15px\u00bb field_description_font_size=\u00bb16px\u00bb checkbox_radio_label_font_size=\u00bb17px\u00bb custom_all=\u00bbon\u00bb all_text_size=\u00bb17px\u00bb all_bg_color=\u00bb#000000&#8243; all_font=\u00bb|600|||||||\u00bb all_use_icon=\u00bboff\u00bb max_width=\u00bb78%\u00bb max_width_tablet=\u00bb100%\u00bb max_width_phone=\u00bb100%\u00bb max_width_last_edited=\u00bbon|desktop\u00bb module_alignment=\u00bbcenter\u00bb global_colors_info=\u00bb{}\u00bb all_bg_color__hover_enabled=\u00bbon|hover\u00bb all_bg_color__hover=\u00bb#535353&#8243; all_bg_enable_color__hover=\u00bbon\u00bb][\/dipi_gravity_forms_styler][\/et_pb_column][\/et_pb_row][\/et_pb_section]<\/p>\n","protected":false},"excerpt":{"rendered":"<p>Fortalece tu caso legal con el apoyo en litigios de ACK3: investigaciones, an\u00e1lisis forense y evaluaci\u00f3n de evidencia para un \u00e9xito asegurado.<\/p>\n","protected":false},"author":2,"featured_media":25843025,"parent":25844443,"menu_order":0,"comment_status":"closed","ping_status":"closed","template":"","meta":{"_et_pb_use_builder":"on","_et_pb_old_content":"","_et_gb_content_width":"","footnotes":""},"dipi_cpt_category":[],"class_list":["post-25858179","page","type-page","status-publish","has-post-thumbnail","hentry"],"_links":{"self":[{"href":"https:\/\/ack3.eu\/es\/wp-json\/wp\/v2\/pages\/25858179","targetHints":{"allow":["GET"]}}],"collection":[{"href":"https:\/\/ack3.eu\/es\/wp-json\/wp\/v2\/pages"}],"about":[{"href":"https:\/\/ack3.eu\/es\/wp-json\/wp\/v2\/types\/page"}],"author":[{"embeddable":true,"href":"https:\/\/ack3.eu\/es\/wp-json\/wp\/v2\/users\/2"}],"replies":[{"embeddable":true,"href":"https:\/\/ack3.eu\/es\/wp-json\/wp\/v2\/comments?post=25858179"}],"version-history":[{"count":0,"href":"https:\/\/ack3.eu\/es\/wp-json\/wp\/v2\/pages\/25858179\/revisions"}],"up":[{"embeddable":true,"href":"https:\/\/ack3.eu\/es\/wp-json\/wp\/v2\/pages\/25844443"}],"wp:featuredmedia":[{"embeddable":true,"href":"https:\/\/ack3.eu\/es\/wp-json\/wp\/v2\/media\/25843025"}],"wp:attachment":[{"href":"https:\/\/ack3.eu\/es\/wp-json\/wp\/v2\/media?parent=25858179"}],"wp:term":[{"taxonomy":"dipi_cpt_category","embeddable":true,"href":"https:\/\/ack3.eu\/es\/wp-json\/wp\/v2\/dipi_cpt_category?post=25858179"}],"curies":[{"name":"wp","href":"https:\/\/api.w.org\/{rel}","templated":true}]}}