{"id":25858113,"date":"2025-03-25T11:15:05","date_gmt":"2025-03-25T10:15:05","guid":{"rendered":"https:\/\/ack3.eu\/servicios\/gestion-de-riesgos\/regulatory-compliance-risk\/"},"modified":"2025-07-28T08:01:40","modified_gmt":"2025-07-28T06:01:40","slug":"cumplimiento-regulatorio-riesgos","status":"publish","type":"page","link":"https:\/\/ack3.eu\/es\/servicios\/gestion-de-riesgos\/cumplimiento-regulatorio-riesgos\/","title":{"rendered":"Cumplimiento regulatorio de riesgos"},"content":{"rendered":"<p>[et_pb_section fb_built=\u00bb1&#8243; _builder_version=\u00bb4.24.0&#8243; _module_preset=\u00bbdefault\u00bb background_color=\u00bb#000000&#8243; background_pattern_repeat_origin=\u00bbcenter\u00bb custom_padding=\u00bb13px||13px||true|false\u00bb saved_tabs=\u00bball\u00bb locked=\u00bboff\u00bb global_colors_info=\u00bb{}\u00bb][et_pb_row _builder_version=\u00bb4.24.0&#8243; _module_preset=\u00bb32edda46-f9f8-4bcc-acb6-81abff8182ae\u00bb custom_margin=\u00bb||0px||false|false\u00bb custom_padding=\u00bb4px||4px||true|false\u00bb global_colors_info=\u00bb{}\u00bb][et_pb_column type=\u00bb4_4&#8243; _builder_version=\u00bb4.20.4&#8243; _module_preset=\u00bbdefault\u00bb global_colors_info=\u00bb{}\u00bb][dipi_breadcrumbs bc_home_text=\u00bbHome\u00bb bc_home_url=\u00bb\/\u00bb bc_items_alignment=\u00bbdipi-bc-left\u00bb bc_item_padding=\u00bb|10px||10px|false|true\u00bb bc_active_item_padding=\u00bb|20px||10px|true|false\u00bb _builder_version=\u00bb4.24.0&#8243; _module_preset=\u00bbdefault\u00bb active_text_color=\u00bb#BADFF7&#8243; global_colors_info=\u00bb{}\u00bb][\/dipi_breadcrumbs][\/et_pb_column][\/et_pb_row][\/et_pb_section][et_pb_section fb_built=\u00bb1&#8243; _builder_version=\u00bb4.24.0&#8243; _module_preset=\u00bbdefault\u00bb locked=\u00bboff\u00bb global_colors_info=\u00bb{}\u00bb][et_pb_row _builder_version=\u00bb4.24.0&#8243; _module_preset=\u00bbdefault\u00bb locked=\u00bboff\u00bb global_colors_info=\u00bb{}\u00bb][et_pb_column type=\u00bb4_4&#8243; _builder_version=\u00bb4.24.0&#8243; _module_preset=\u00bbdefault\u00bb global_colors_info=\u00bb{}\u00bb][et_pb_text _builder_version=\u00bb4.27.4&#8243; _module_preset=\u00bb13ddcc34-f131-47ca-8026-edc37a2f8af8&#8243; hover_enabled=\u00bb0&#8243; global_colors_info=\u00bb{}\u00bb sticky_enabled=\u00bb0&#8243;]<\/p>\n<h1 style=\"text-align: center;\" data-pm-slice=\"1 1 []\">Cumplimiento regulatorio de riesgos<\/h1>\n<p style=\"text-align: center;\" data-start=\"40\" data-end=\"520\">El servicio de gesti\u00f3n del riesgo de cumplimiento regulatorio de ACK3 es una soluci\u00f3n especializada dise\u00f1ada para ayudar a las organizaciones a navegar entornos regulatorios complejos y mitigar los riesgos asociados al cumplimiento. Con una amplia experiencia en sectores de alto riesgo, <strong>proporcionamos estrategias personalizadas para garantizar la adhesi\u00f3n a normativas nacionales e internacionales<\/strong>, reduciendo la exposici\u00f3n legal y protegiendo las operaciones empresariales.<\/p>\n<p>[\/et_pb_text][\/et_pb_column][\/et_pb_row][et_pb_row column_structure=\u00bb1_2,1_2&#8243; module_class=\u00bbagf-vertical-align\u00bb _builder_version=\u00bb4.24.0&#8243; _module_preset=\u00bbdefault\u00bb custom_padding=\u00bb||||false|false\u00bb global_colors_info=\u00bb{}\u00bb][et_pb_column type=\u00bb1_2&#8243; _builder_version=\u00bb4.24.0&#8243; _module_preset=\u00bbdefault\u00bb global_colors_info=\u00bb{}\u00bb][et_pb_text _builder_version=\u00bb4.27.4&#8243; _module_preset=\u00bbdefault\u00bb background_color=\u00bb#F6FAFD\u00bb custom_padding=\u00bb30px|30px|30px|30px|true|true\u00bb hover_enabled=\u00bb0&#8243; border_radii=\u00bbon|3px|3px|3px|3px\u00bb box_shadow_style=\u00bbpreset4&#8243; box_shadow_horizontal=\u00bb7px\u00bb box_shadow_vertical=\u00bb7px\u00bb box_shadow_color=\u00bb#BADFF7&#8243; global_colors_info=\u00bb{}\u00bb sticky_enabled=\u00bb0&#8243;]<\/p>\n<h2 data-start=\"527\" data-end=\"577\">\u00bfQu\u00e9 es el riesgo de cumplimiento regulatorio?<\/h2>\n<p data-start=\"579\" data-end=\"990\">El riesgo de cumplimiento regulatorio se refiere a las posibles consecuencias financieras, operativas y reputacionales que pueden surgir al no cumplir con leyes, normativas y est\u00e1ndares del sector. Una gesti\u00f3n eficaz de este riesgo permite a las organizaciones abordar de forma proactiva los requisitos legales, evitar sanciones y mantener la integridad operativa en un entorno normativo en constante evoluci\u00f3n.<\/p>\n<p>[\/et_pb_text][\/et_pb_column][et_pb_column type=\u00bb1_2&#8243; _builder_version=\u00bb4.24.0&#8243; _module_preset=\u00bbdefault\u00bb global_colors_info=\u00bb{}\u00bb][et_pb_image src=\u00bbhttps:\/\/ack3.eu\/wp-content\/uploads\/2024\/01\/Risk-Management-image.webp\u00bb title_text=\u00bbRisk-Management-image\u00bb _builder_version=\u00bb4.27.4&#8243; _module_preset=\u00bbdefault\u00bb global_colors_info=\u00bb{}\u00bb][\/et_pb_image][\/et_pb_column][\/et_pb_row][et_pb_row _builder_version=\u00bb4.24.0&#8243; _module_preset=\u00bbdefault\u00bb global_colors_info=\u00bb{}\u00bb][et_pb_column type=\u00bb4_4&#8243; _builder_version=\u00bb4.24.0&#8243; _module_preset=\u00bbdefault\u00bb global_colors_info=\u00bb{}\u00bb][et_pb_text _builder_version=\u00bb4.27.4&#8243; _module_preset=\u00bbdefault\u00bb hover_enabled=\u00bb0&#8243; global_colors_info=\u00bb{}\u00bb sticky_enabled=\u00bb0&#8243;]<\/p>\n<h3 data-start=\"997\" data-end=\"1053\">Garantizar el cumplimiento y la integridad operativa<\/h3>\n<p data-start=\"1055\" data-end=\"1324\">El servicio de gesti\u00f3n del riesgo de cumplimiento regulatorio de ACK3 ofrece un enfoque estructurado para identificar, evaluar y mitigar los riesgos de cumplimiento, asegurando que las organizaciones operen dentro de marcos legales y \u00e9ticos. Nuestra experiencia abarca:<\/p>\n<ul data-start=\"1326\" data-end=\"2674\">\n<li data-start=\"1326\" data-end=\"1572\">\n<p data-start=\"1328\" data-end=\"1572\"><strong data-start=\"1328\" data-end=\"1365\">Evaluaci\u00f3n del riesgo regulatorio<\/strong>: Realizaci\u00f3n de evaluaciones integrales sobre las obligaciones de cumplimiento para identificar posibles brechas y vulnerabilidades que puedan exponer a las organizaciones a sanciones legales o financieras.<\/p>\n<\/li>\n<li data-start=\"1574\" data-end=\"1785\">\n<p data-start=\"1576\" data-end=\"1785\"><strong data-start=\"1576\" data-end=\"1620\">Desarrollo e implementaci\u00f3n de pol\u00edticas<\/strong>: Dise\u00f1o e implementaci\u00f3n de pol\u00edticas y procedimientos de cumplimiento adaptados a las regulaciones espec\u00edficas del sector y a las necesidades de cada organizaci\u00f3n.<\/p>\n<\/li>\n<li data-start=\"1787\" data-end=\"2011\">\n<p data-start=\"1789\" data-end=\"2011\"><strong data-start=\"1789\" data-end=\"1827\">Monitoreo y adaptaci\u00f3n regulatoria<\/strong>: Seguimiento continuo de los cambios normativos a nivel nacional e internacional para garantizar que las organizaciones se mantengan actualizadas frente a los requisitos en evoluci\u00f3n.<\/p>\n<\/li>\n<li data-start=\"2013\" data-end=\"2216\">\n<p data-start=\"2015\" data-end=\"2216\"><strong data-start=\"2015\" data-end=\"2068\">Marcos de Gobernanza, Riesgo y Cumplimiento (GRC)<\/strong>: Establecimiento y fortalecimiento de estructuras GRC para integrar la gesti\u00f3n del riesgo de cumplimiento en las operaciones generales del negocio.<\/p>\n<\/li>\n<li data-start=\"2218\" data-end=\"2449\">\n<p data-start=\"2220\" data-end=\"2449\"><strong data-start=\"2220\" data-end=\"2263\">Programas de formaci\u00f3n y concienciaci\u00f3n<\/strong>: Capacitaci\u00f3n a empleados y partes interesadas sobre requisitos normativos, pr\u00e1cticas empresariales \u00e9ticas y cambios regulatorios, fomentando una cultura organizacional de cumplimiento.<\/p>\n<\/li>\n<li data-start=\"2451\" data-end=\"2674\">\n<p data-start=\"2453\" data-end=\"2674\"><strong data-start=\"2453\" data-end=\"2495\">Investigaciones y acciones correctivas<\/strong>: Apoyo a las organizaciones en la gesti\u00f3n de auditor\u00edas regulatorias, investigaciones internas y planes de remediaci\u00f3n para resolver eficazmente las infracciones de cumplimiento.<\/p>\n<\/li>\n<\/ul>\n<p data-start=\"2681\" data-end=\"2969\">\n<p data-start=\"2681\" data-end=\"2969\">Al asociarte con ACK3, las organizaciones acceden a servicios expertos en gesti\u00f3n del riesgo de cumplimiento que garantizan la conformidad con los est\u00e1ndares legales, minimizan los da\u00f1os financieros y reputacionales, y fortalecen la resiliencia operativa frente al escrutinio regulatorio.<\/p>\n<p data-start=\"2971\" data-end=\"3076\" data-is-last-node=\"\" data-is-only-node=\"\"><strong data-start=\"2971\" data-end=\"3076\" data-is-last-node=\"\">Protege tu organizaci\u00f3n frente a los riesgos regulatorios con la experiencia en cumplimiento de ACK3.<\/strong><\/p>\n<p>[\/et_pb_text][et_pb_divider _builder_version=\u00bb4.27.2&#8243; _module_preset=\u00bbdefault\u00bb global_colors_info=\u00bb{}\u00bb][\/et_pb_divider][\/et_pb_column][\/et_pb_row][et_pb_row _builder_version=\u00bb4.24.0&#8243; _module_preset=\u00bbdefault\u00bb global_module=\u00bb25840410&#8243; saved_tabs=\u00bball\u00bb locked=\u00bboff\u00bb global_colors_info=\u00bb{}\u00bb][et_pb_column type=\u00bb4_4&#8243; _builder_version=\u00bb4.24.0&#8243; _module_preset=\u00bbdefault\u00bb global_colors_info=\u00bb{}\u00bb][et_pb_text _builder_version=\u00bb4.24.0&#8243; _module_preset=\u00bbe9776427-b859-4288-b0a2-c7103567bb8c\u00bb global_colors_info=\u00bb{}\u00bb]<\/p>\n<p style=\"text-align: center;\">Cont\u00e1ctanos<\/p>\n<p>[\/et_pb_text][et_pb_text _builder_version=\u00bb4.24.0&#8243; _dynamic_attributes=\u00bbcontent\u00bb _module_preset=\u00bb13ddcc34-f131-47ca-8026-edc37a2f8af8&#8243; header_2_text_align=\u00bbcenter\u00bb custom_margin=\u00bb||5px||false|false\u00bb global_colors_info=\u00bb{}\u00bb]@ET-DC@eyJkeW5hbWljIjp0cnVlLCJjb250ZW50IjoicG9zdF90aXRsZSIsInNldHRpbmdzIjp7ImJlZm9yZSI6IjxoMj4gXHUwMGJmRXN0XHUwMGUxcyBpbnRlcmVzYWRvIGVuIGxvcyBzZXJ2aWNpb3MgZGUgIiwiYWZ0ZXIiOiIgZGUgQUNLMz88L2gyPiJ9fQ==@[\/et_pb_text][et_pb_text _builder_version=\u00bb4.24.0&#8243; _module_preset=\u00bb13ddcc34-f131-47ca-8026-edc37a2f8af8&#8243; global_colors_info=\u00bb{}\u00bb]<\/p>\n<p style=\"text-align: center;\">Ponte en contacto con nosotros completando el siguiente formulario:<\/p>\n<p>[\/et_pb_text][dipi_gravity_forms_styler gf_form_id=\u00bb1&#8243; form_title=\u00bbhide\u00bb _builder_version=\u00bb4.24.0&#8243; _module_preset=\u00bbdefault\u00bb form_title_font_size=\u00bb0px\u00bb field_label_font=\u00bbTrade Gothic LT Bold Extended||||||||\u00bb field_label_font_size=\u00bb15px\u00bb required_field_indicator_font_size=\u00bb15px\u00bb field_description_font_size=\u00bb16px\u00bb checkbox_radio_label_font_size=\u00bb17px\u00bb custom_all=\u00bbon\u00bb all_text_size=\u00bb17px\u00bb all_bg_color=\u00bb#000000&#8243; all_font=\u00bb|600|||||||\u00bb all_use_icon=\u00bboff\u00bb max_width=\u00bb78%\u00bb max_width_tablet=\u00bb100%\u00bb max_width_phone=\u00bb100%\u00bb max_width_last_edited=\u00bbon|desktop\u00bb module_alignment=\u00bbcenter\u00bb global_colors_info=\u00bb{}\u00bb all_bg_color__hover_enabled=\u00bbon|hover\u00bb all_bg_color__hover=\u00bb#535353&#8243; all_bg_enable_color__hover=\u00bbon\u00bb][\/dipi_gravity_forms_styler][\/et_pb_column][\/et_pb_row][\/et_pb_section]<\/p>\n","protected":false},"excerpt":{"rendered":"<p>Manten el cumplimiento y reduce los riesgos legales con ACK3: estrategias personalizadas para la integridad, la supervisi\u00f3n y la resiliencia.<\/p>\n","protected":false},"author":2,"featured_media":25843013,"parent":25844080,"menu_order":0,"comment_status":"closed","ping_status":"closed","template":"","meta":{"_et_pb_use_builder":"on","_et_pb_old_content":"","_et_gb_content_width":"","footnotes":""},"dipi_cpt_category":[],"class_list":["post-25858113","page","type-page","status-publish","has-post-thumbnail","hentry"],"_links":{"self":[{"href":"https:\/\/ack3.eu\/es\/wp-json\/wp\/v2\/pages\/25858113","targetHints":{"allow":["GET"]}}],"collection":[{"href":"https:\/\/ack3.eu\/es\/wp-json\/wp\/v2\/pages"}],"about":[{"href":"https:\/\/ack3.eu\/es\/wp-json\/wp\/v2\/types\/page"}],"author":[{"embeddable":true,"href":"https:\/\/ack3.eu\/es\/wp-json\/wp\/v2\/users\/2"}],"replies":[{"embeddable":true,"href":"https:\/\/ack3.eu\/es\/wp-json\/wp\/v2\/comments?post=25858113"}],"version-history":[{"count":0,"href":"https:\/\/ack3.eu\/es\/wp-json\/wp\/v2\/pages\/25858113\/revisions"}],"up":[{"embeddable":true,"href":"https:\/\/ack3.eu\/es\/wp-json\/wp\/v2\/pages\/25844080"}],"wp:featuredmedia":[{"embeddable":true,"href":"https:\/\/ack3.eu\/es\/wp-json\/wp\/v2\/media\/25843013"}],"wp:attachment":[{"href":"https:\/\/ack3.eu\/es\/wp-json\/wp\/v2\/media?parent=25858113"}],"wp:term":[{"taxonomy":"dipi_cpt_category","embeddable":true,"href":"https:\/\/ack3.eu\/es\/wp-json\/wp\/v2\/dipi_cpt_category?post=25858113"}],"curies":[{"name":"wp","href":"https:\/\/api.w.org\/{rel}","templated":true}]}}