{"id":25857570,"date":"2025-04-07T12:39:33","date_gmt":"2025-04-07T10:39:33","guid":{"rendered":"https:\/\/ack3.eu\/servicios\/etica-cumplimiento-y-gobernanza-ecg\/democracy-and-governance\/"},"modified":"2025-07-02T10:24:31","modified_gmt":"2025-07-02T08:24:31","slug":"democracia-gobernanza","status":"publish","type":"page","link":"https:\/\/ack3.eu\/es\/servicios\/etica-cumplimiento-y-gobernanza-ecg\/democracia-gobernanza\/","title":{"rendered":"Democracia y gobernanza"},"content":{"rendered":"<p>[et_pb_section fb_built=\u00bb1&#8243; _builder_version=\u00bb4.24.0&#8243; _module_preset=\u00bbdefault\u00bb background_color=\u00bb#000000&#8243; background_pattern_repeat_origin=\u00bbcenter\u00bb custom_padding=\u00bb13px||13px||true|false\u00bb saved_tabs=\u00bball\u00bb locked=\u00bboff\u00bb global_colors_info=\u00bb{}\u00bb][et_pb_row _builder_version=\u00bb4.24.0&#8243; _module_preset=\u00bb32edda46-f9f8-4bcc-acb6-81abff8182ae\u00bb custom_margin=\u00bb||0px||false|false\u00bb custom_padding=\u00bb4px||4px||true|false\u00bb global_colors_info=\u00bb{}\u00bb][et_pb_column type=\u00bb4_4&#8243; _builder_version=\u00bb4.20.4&#8243; _module_preset=\u00bbdefault\u00bb global_colors_info=\u00bb{}\u00bb][dipi_breadcrumbs bc_home_text=\u00bbHome\u00bb bc_home_url=\u00bb\/\u00bb bc_items_alignment=\u00bbdipi-bc-left\u00bb bc_item_padding=\u00bb|10px||10px|false|true\u00bb bc_active_item_padding=\u00bb|20px||10px|true|false\u00bb _builder_version=\u00bb4.24.0&#8243; _module_preset=\u00bbdefault\u00bb active_text_color=\u00bb#BADFF7&#8243; global_colors_info=\u00bb{}\u00bb][\/dipi_breadcrumbs][\/et_pb_column][\/et_pb_row][\/et_pb_section][et_pb_section fb_built=\u00bb1&#8243; _builder_version=\u00bb4.24.0&#8243; _module_preset=\u00bbdefault\u00bb locked=\u00bboff\u00bb global_colors_info=\u00bb{}\u00bb][et_pb_row _builder_version=\u00bb4.24.0&#8243; _module_preset=\u00bbdefault\u00bb locked=\u00bboff\u00bb global_colors_info=\u00bb{}\u00bb][et_pb_column type=\u00bb4_4&#8243; _builder_version=\u00bb4.24.0&#8243; _module_preset=\u00bbdefault\u00bb global_colors_info=\u00bb{}\u00bb][et_pb_text _builder_version=\u00bb4.27.4&#8243; _module_preset=\u00bb13ddcc34-f131-47ca-8026-edc37a2f8af8&#8243; hover_enabled=\u00bb0&#8243; global_colors_info=\u00bb{}\u00bb sticky_enabled=\u00bb0&#8243;]<\/p>\n<h1 style=\"text-align: center;\"><strong data-start=\"0\" data-end=\"27\">Democracia y gobernanza<\/strong><\/h1>\n<p style=\"text-align: center;\">El servicio de democracia y gobernanza de ACK3 ayuda a las empresas a <strong>fortalecer su gobernanza interna, promover la transparencia y fomentar culturas corporativas \u00e9ticas y participativas<\/strong>. Apoyamos a las organizaciones en la integraci\u00f3n de valores democr\u00e1ticos como la rendici\u00f3n de cuentas, la inclusi\u00f3n de las partes interesadas y la toma de decisiones justa dentro de sus marcos operativos y de liderazgo.<\/p>\n<p>[\/et_pb_text][\/et_pb_column][\/et_pb_row][et_pb_row column_structure=\u00bb1_2,1_2&#8243; module_class=\u00bbagf-vertical-align\u00bb _builder_version=\u00bb4.24.0&#8243; _module_preset=\u00bbdefault\u00bb custom_padding=\u00bb||||false|false\u00bb global_colors_info=\u00bb{}\u00bb][et_pb_column type=\u00bb1_2&#8243; _builder_version=\u00bb4.24.0&#8243; _module_preset=\u00bbdefault\u00bb global_colors_info=\u00bb{}\u00bb][et_pb_text _builder_version=\u00bb4.27.4&#8243; _module_preset=\u00bbdefault\u00bb background_color=\u00bb#F6FAFD\u00bb custom_padding=\u00bb30px|30px|30px|30px|true|true\u00bb hover_enabled=\u00bb0&#8243; border_radii=\u00bbon|3px|3px|3px|3px\u00bb box_shadow_style=\u00bbpreset4&#8243; box_shadow_horizontal=\u00bb7px\u00bb box_shadow_vertical=\u00bb7px\u00bb box_shadow_color=\u00bb#BADFF7&#8243; global_colors_info=\u00bb{}\u00bb sticky_enabled=\u00bb0&#8243;]<\/p>\n<h2><strong data-start=\"438\" data-end=\"474\">\u00bfQu\u00e9 es democracia y gobernanza?<\/strong><\/h2>\n<p>Democracia y gobernanza se refieren a los sistemas, estructuras y pr\u00e1cticas que garantizan un liderazgo \u00e9tico, una toma de decisiones inclusiva y la transparencia en las operaciones empresariales. ACK3 asiste a las empresas en la construcci\u00f3n de modelos de gobernanza alineados con principios democr\u00e1ticos, asegurando que el poder est\u00e9 equilibrado, que todas las voces sean escuchadas y que las decisiones se tomen con integridad y responsabilidad.<\/p>\n<p>[\/et_pb_text][\/et_pb_column][et_pb_column type=\u00bb1_2&#8243; _builder_version=\u00bb4.24.0&#8243; _module_preset=\u00bbdefault\u00bb global_colors_info=\u00bb{}\u00bb][et_pb_image src=\u00bbhttps:\/\/ack3.eu\/wp-content\/uploads\/2024\/01\/Ethics-Compliance-and-Governance-ECG.webp\u00bb alt=\u00bbConoce a tu cliente\u00bb title_text=\u00bb\u00c9tica, Cumplimiento y Gobernanza (ECG)\u00bb _builder_version=\u00bb4.27.4&#8243; _module_preset=\u00bbdefault\u00bb global_colors_info=\u00bb{}\u00bb][\/et_pb_image][\/et_pb_column][\/et_pb_row][et_pb_row _builder_version=\u00bb4.24.0&#8243; _module_preset=\u00bbdefault\u00bb global_colors_info=\u00bb{}\u00bb][et_pb_column type=\u00bb4_4&#8243; _builder_version=\u00bb4.24.0&#8243; _module_preset=\u00bbdefault\u00bb global_colors_info=\u00bb{}\u00bb][et_pb_text _builder_version=\u00bb4.27.4&#8243; _module_preset=\u00bbdefault\u00bb hover_enabled=\u00bb0&#8243; global_colors_info=\u00bb{}\u00bb sticky_enabled=\u00bb0&#8243;]<\/p>\n<h3 data-start=\"927\" data-end=\"1026\">Fomentando el liderazgo inclusivo y la gobernanza transparente<\/h3>\n<p data-start=\"1028\" data-end=\"1256\">ACK3 colabora con clientes corporativos para mejorar los sistemas de gobernanza interna, empoderar la participaci\u00f3n de las partes interesadas y asegurar la alineaci\u00f3n con los est\u00e1ndares \u00e9ticos y ESG. Nuestros servicios incluyen:<\/p>\n<ul data-start=\"1258\" data-end=\"2364\">\n<li data-start=\"1258\" data-end=\"1445\">\n<p data-start=\"1260\" data-end=\"1445\"><strong data-start=\"1260\" data-end=\"1296\">Marcos de gobernanza corporativa<\/strong>: Desarrollo de estructuras que promuevan la transparencia, la supervisi\u00f3n \u00e9tica y la toma de decisiones responsable a nivel directivo y ejecutivo.<\/p>\n<\/li>\n<li data-start=\"1446\" data-end=\"1631\">\n<p data-start=\"1448\" data-end=\"1631\"><strong data-start=\"1448\" data-end=\"1506\">Estrategias de participaci\u00f3n de las partes interesadas<\/strong>: Dise\u00f1o de marcos inclusivos para involucrar a empleados, accionistas y otros actores clave en los procesos de gobernanza.<\/p>\n<\/li>\n<li data-start=\"1632\" data-end=\"1772\">\n<p data-start=\"1634\" data-end=\"1772\"><strong data-start=\"1634\" data-end=\"1667\">Desarrollo de liderazgo \u00e9tico<\/strong>: Formaci\u00f3n y asesoramiento para cultivar l\u00edderes que act\u00faen con integridad, equidad y responsabilidad.<\/p>\n<\/li>\n<li data-start=\"1773\" data-end=\"1977\">\n<p data-start=\"1775\" data-end=\"1977\"><strong data-start=\"1775\" data-end=\"1808\">Reforma de pol\u00edticas internas<\/strong>: Revisi\u00f3n y mejora de pol\u00edticas internas que respalden los valores democr\u00e1ticos, la lucha contra la corrupci\u00f3n y la igualdad de oportunidades en toda la organizaci\u00f3n.<\/p>\n<\/li>\n<li data-start=\"1978\" data-end=\"2167\">\n<p data-start=\"1980\" data-end=\"2167\"><strong data-start=\"1980\" data-end=\"2019\">Sistemas de transparencia y reporte<\/strong>: Establecimiento de mecanismos de comunicaci\u00f3n abierta, rendici\u00f3n de cuentas y retroalimentaci\u00f3n que fortalezcan la confianza y la transparencia.<\/p>\n<\/li>\n<li data-start=\"2168\" data-end=\"2364\">\n<p data-start=\"2170\" data-end=\"2364\"><strong data-start=\"2170\" data-end=\"2232\">Alineaci\u00f3n con la Responsabilidad Social Corporativa (RSC)<\/strong>: Asegurar que las estrategias de gobernanza respalden objetivos sociales y ambientales m\u00e1s amplios en l\u00ednea con los principios ESG.<\/p>\n<\/li>\n<\/ul>\n<blockquote>\n<p data-start=\"2366\" data-end=\"2761\" data-is-last-node=\"\" data-is-only-node=\"\"><strong>Con ACK3 como tu socio en democracia y gobernanza, tu empresa se beneficia de un enfoque con visi\u00f3n de futuro que va m\u00e1s all\u00e1 del cumplimiento normativo, construyendo una cultura empresarial basada en la equidad, la transparencia y el liderazgo inclusivo. Te ayudamos a alinear su gobernanza con las expectativas actuales en materia de responsabilidad corporativa y sostenibilidad a largo plazo.<\/strong><\/p>\n<\/blockquote>\n<p>[\/et_pb_text][et_pb_divider _builder_version=\u00bb4.27.2&#8243; _module_preset=\u00bbdefault\u00bb global_colors_info=\u00bb{}\u00bb][\/et_pb_divider][\/et_pb_column][\/et_pb_row][et_pb_row _builder_version=\u00bb4.24.0&#8243; _module_preset=\u00bbdefault\u00bb global_module=\u00bb25840410&#8243; saved_tabs=\u00bball\u00bb locked=\u00bboff\u00bb global_colors_info=\u00bb{}\u00bb][et_pb_column type=\u00bb4_4&#8243; _builder_version=\u00bb4.24.0&#8243; _module_preset=\u00bbdefault\u00bb global_colors_info=\u00bb{}\u00bb][et_pb_text _builder_version=\u00bb4.24.0&#8243; _module_preset=\u00bbe9776427-b859-4288-b0a2-c7103567bb8c\u00bb global_colors_info=\u00bb{}\u00bb]<\/p>\n<p style=\"text-align: center;\">Cont\u00e1ctanos<\/p>\n<p>[\/et_pb_text][et_pb_text _builder_version=\u00bb4.24.0&#8243; _dynamic_attributes=\u00bbcontent\u00bb _module_preset=\u00bb13ddcc34-f131-47ca-8026-edc37a2f8af8&#8243; header_2_text_align=\u00bbcenter\u00bb custom_margin=\u00bb||5px||false|false\u00bb global_colors_info=\u00bb{}\u00bb]@ET-DC@eyJkeW5hbWljIjp0cnVlLCJjb250ZW50IjoicG9zdF90aXRsZSIsInNldHRpbmdzIjp7ImJlZm9yZSI6IjxoMj4gXHUwMGJmRXN0XHUwMGUxcyBpbnRlcmVzYWRvIGVuIGxvcyBzZXJ2aWNpb3MgZGUgIiwiYWZ0ZXIiOiIgZGUgQUNLMz88L2gyPiJ9fQ==@[\/et_pb_text][et_pb_text _builder_version=\u00bb4.24.0&#8243; _module_preset=\u00bb13ddcc34-f131-47ca-8026-edc37a2f8af8&#8243; global_colors_info=\u00bb{}\u00bb]<\/p>\n<p style=\"text-align: center;\">Ponte en contacto con nosotros completando el siguiente formulario:<\/p>\n<p>[\/et_pb_text][dipi_gravity_forms_styler gf_form_id=\u00bb1&#8243; form_title=\u00bbhide\u00bb _builder_version=\u00bb4.24.0&#8243; _module_preset=\u00bbdefault\u00bb form_title_font_size=\u00bb0px\u00bb field_label_font=\u00bbTrade Gothic LT Bold Extended||||||||\u00bb field_label_font_size=\u00bb15px\u00bb required_field_indicator_font_size=\u00bb15px\u00bb field_description_font_size=\u00bb16px\u00bb checkbox_radio_label_font_size=\u00bb17px\u00bb custom_all=\u00bbon\u00bb all_text_size=\u00bb17px\u00bb all_bg_color=\u00bb#000000&#8243; all_font=\u00bb|600|||||||\u00bb all_use_icon=\u00bboff\u00bb max_width=\u00bb78%\u00bb max_width_tablet=\u00bb100%\u00bb max_width_phone=\u00bb100%\u00bb max_width_last_edited=\u00bbon|desktop\u00bb module_alignment=\u00bbcenter\u00bb global_colors_info=\u00bb{}\u00bb all_bg_color__hover_enabled=\u00bbon|hover\u00bb all_bg_color__hover=\u00bb#535353&#8243; all_bg_enable_color__hover=\u00bbon\u00bb][\/dipi_gravity_forms_styler][\/et_pb_column][\/et_pb_row][\/et_pb_section]<\/p>\n","protected":false},"excerpt":{"rendered":"<p>Promueve la rendici\u00f3n de cuentas y la participaci\u00f3n c\u00edvica con los servicios de democracia y gobernanza de ACK3: fortaleciendo instituciones.<\/p>\n","protected":false},"author":2,"featured_media":25842992,"parent":25844431,"menu_order":0,"comment_status":"closed","ping_status":"closed","template":"","meta":{"_et_pb_use_builder":"on","_et_pb_old_content":"","_et_gb_content_width":"","footnotes":""},"dipi_cpt_category":[],"class_list":["post-25857570","page","type-page","status-publish","has-post-thumbnail","hentry"],"_links":{"self":[{"href":"https:\/\/ack3.eu\/es\/wp-json\/wp\/v2\/pages\/25857570","targetHints":{"allow":["GET"]}}],"collection":[{"href":"https:\/\/ack3.eu\/es\/wp-json\/wp\/v2\/pages"}],"about":[{"href":"https:\/\/ack3.eu\/es\/wp-json\/wp\/v2\/types\/page"}],"author":[{"embeddable":true,"href":"https:\/\/ack3.eu\/es\/wp-json\/wp\/v2\/users\/2"}],"replies":[{"embeddable":true,"href":"https:\/\/ack3.eu\/es\/wp-json\/wp\/v2\/comments?post=25857570"}],"version-history":[{"count":0,"href":"https:\/\/ack3.eu\/es\/wp-json\/wp\/v2\/pages\/25857570\/revisions"}],"up":[{"embeddable":true,"href":"https:\/\/ack3.eu\/es\/wp-json\/wp\/v2\/pages\/25844431"}],"wp:featuredmedia":[{"embeddable":true,"href":"https:\/\/ack3.eu\/es\/wp-json\/wp\/v2\/media\/25842992"}],"wp:attachment":[{"href":"https:\/\/ack3.eu\/es\/wp-json\/wp\/v2\/media?parent=25857570"}],"wp:term":[{"taxonomy":"dipi_cpt_category","embeddable":true,"href":"https:\/\/ack3.eu\/es\/wp-json\/wp\/v2\/dipi_cpt_category?post=25857570"}],"curies":[{"name":"wp","href":"https:\/\/api.w.org\/{rel}","templated":true}]}}