{"id":25857563,"date":"2025-04-07T11:31:41","date_gmt":"2025-04-07T09:31:41","guid":{"rendered":"https:\/\/ack3.eu\/servicios\/etica-cumplimiento-y-gobernanza-ecg\/sustainability-consulting\/"},"modified":"2025-07-02T10:12:58","modified_gmt":"2025-07-02T08:12:58","slug":"consultoria-sostenibilidad","status":"publish","type":"page","link":"https:\/\/ack3.eu\/es\/servicios\/etica-cumplimiento-y-gobernanza-ecg\/consultoria-sostenibilidad\/","title":{"rendered":"Consultor\u00eda en sostenibilidad"},"content":{"rendered":"<p>[et_pb_section fb_built=\u00bb1&#8243; _builder_version=\u00bb4.24.0&#8243; _module_preset=\u00bbdefault\u00bb background_color=\u00bb#000000&#8243; background_pattern_repeat_origin=\u00bbcenter\u00bb custom_padding=\u00bb13px||13px||true|false\u00bb saved_tabs=\u00bball\u00bb locked=\u00bboff\u00bb global_colors_info=\u00bb{}\u00bb][et_pb_row _builder_version=\u00bb4.24.0&#8243; _module_preset=\u00bb32edda46-f9f8-4bcc-acb6-81abff8182ae\u00bb custom_margin=\u00bb||0px||false|false\u00bb custom_padding=\u00bb4px||4px||true|false\u00bb global_colors_info=\u00bb{}\u00bb][et_pb_column type=\u00bb4_4&#8243; _builder_version=\u00bb4.20.4&#8243; _module_preset=\u00bbdefault\u00bb global_colors_info=\u00bb{}\u00bb][dipi_breadcrumbs bc_home_text=\u00bbHome\u00bb bc_home_url=\u00bb\/\u00bb bc_items_alignment=\u00bbdipi-bc-left\u00bb bc_item_padding=\u00bb|10px||10px|false|true\u00bb bc_active_item_padding=\u00bb|20px||10px|true|false\u00bb _builder_version=\u00bb4.24.0&#8243; _module_preset=\u00bbdefault\u00bb active_text_color=\u00bb#BADFF7&#8243; global_colors_info=\u00bb{}\u00bb][\/dipi_breadcrumbs][\/et_pb_column][\/et_pb_row][\/et_pb_section][et_pb_section fb_built=\u00bb1&#8243; _builder_version=\u00bb4.24.0&#8243; _module_preset=\u00bbdefault\u00bb locked=\u00bboff\u00bb global_colors_info=\u00bb{}\u00bb][et_pb_row _builder_version=\u00bb4.24.0&#8243; _module_preset=\u00bbdefault\u00bb locked=\u00bboff\u00bb global_colors_info=\u00bb{}\u00bb][et_pb_column type=\u00bb4_4&#8243; _builder_version=\u00bb4.24.0&#8243; _module_preset=\u00bbdefault\u00bb global_colors_info=\u00bb{}\u00bb][et_pb_text _builder_version=\u00bb4.27.4&#8243; _module_preset=\u00bb13ddcc34-f131-47ca-8026-edc37a2f8af8&#8243; hover_enabled=\u00bb0&#8243; global_colors_info=\u00bb{}\u00bb sticky_enabled=\u00bb0&#8243;]<\/p>\n<h1 style=\"text-align: center;\"><strong data-start=\"0\" data-end=\"33\">Consultor\u00eda en sostenibilidad<\/strong><\/h1>\n<p style=\"text-align: center;\">El servicio de consultor\u00eda en sostenibilidad de ACK3 ayuda a las organizaciones a <strong>integrar principios ambientales, sociales y de gobernanza (ESG) en sus operaciones y estrategias<\/strong>. Guiamos a nuestros clientes en la construcci\u00f3n de pr\u00e1cticas sostenibles que reduzcan riesgos, generen valor a largo plazo y se alineen con los est\u00e1ndares globales de sostenibilidad.<\/p>\n<p>[\/et_pb_text][\/et_pb_column][\/et_pb_row][et_pb_row column_structure=\u00bb1_2,1_2&#8243; module_class=\u00bbagf-vertical-align\u00bb _builder_version=\u00bb4.24.0&#8243; _module_preset=\u00bbdefault\u00bb custom_padding=\u00bb||||false|false\u00bb global_colors_info=\u00bb{}\u00bb][et_pb_column type=\u00bb1_2&#8243; _builder_version=\u00bb4.24.0&#8243; _module_preset=\u00bbdefault\u00bb global_colors_info=\u00bb{}\u00bb][et_pb_text _builder_version=\u00bb4.27.4&#8243; _module_preset=\u00bbdefault\u00bb background_color=\u00bb#F6FAFD\u00bb custom_padding=\u00bb30px|30px|30px|30px|true|true\u00bb hover_enabled=\u00bb0&#8243; border_radii=\u00bbon|3px|3px|3px|3px\u00bb box_shadow_style=\u00bbpreset4&#8243; box_shadow_horizontal=\u00bb7px\u00bb box_shadow_vertical=\u00bb7px\u00bb box_shadow_color=\u00bb#BADFF7&#8243; global_colors_info=\u00bb{}\u00bb sticky_enabled=\u00bb0&#8243;]<\/p>\n<h2><strong data-start=\"399\" data-end=\"444\">\u00bfQu\u00e9 es la consultor\u00eda en sostenibilidad?<\/strong><\/h2>\n<p>La consultor\u00eda en sostenibilidad implica el desarrollo e implementaci\u00f3n de estrategias que promuevan la gesti\u00f3n ambiental responsable, el impacto social positivo y una gobernanza \u00e9tica. En ACK3 apoyamos a las empresas en la identificaci\u00f3n de objetivos de sostenibilidad, la evaluaci\u00f3n del desempe\u00f1o ESG y la incorporaci\u00f3n de pr\u00e1cticas sostenibles en todas las \u00e1reas operativas. Nuestro objetivo es ayudar a los clientes a cumplir con las expectativas de las partes interesadas, mejorar su reputaci\u00f3n y preparar sus operaciones para el futuro.<\/p>\n<p>[\/et_pb_text][\/et_pb_column][et_pb_column type=\u00bb1_2&#8243; _builder_version=\u00bb4.24.0&#8243; _module_preset=\u00bbdefault\u00bb global_colors_info=\u00bb{}\u00bb][et_pb_image src=\u00bbhttps:\/\/ack3.eu\/wp-content\/uploads\/2024\/01\/Ethics-Compliance-and-Governance-ECG.webp\u00bb alt=\u00bbConoce a tu cliente\u00bb title_text=\u00bb\u00c9tica, Cumplimiento y Gobernanza (ECG)\u00bb _builder_version=\u00bb4.27.4&#8243; _module_preset=\u00bbdefault\u00bb global_colors_info=\u00bb{}\u00bb][\/et_pb_image][\/et_pb_column][\/et_pb_row][et_pb_row _builder_version=\u00bb4.24.0&#8243; _module_preset=\u00bbdefault\u00bb global_colors_info=\u00bb{}\u00bb][et_pb_column type=\u00bb4_4&#8243; _builder_version=\u00bb4.24.0&#8243; _module_preset=\u00bbdefault\u00bb global_colors_info=\u00bb{}\u00bb][et_pb_text _builder_version=\u00bb4.27.4&#8243; _module_preset=\u00bbdefault\u00bb hover_enabled=\u00bb0&#8243; global_colors_info=\u00bb{}\u00bb sticky_enabled=\u00bb0&#8243;]<\/p>\n<article class=\"text-token-text-primary w-full\" dir=\"auto\" data-testid=\"conversation-turn-14\" data-scroll-anchor=\"false\">\n<div class=\"text-base my-auto mx-auto py-5 [--thread-content-margin:--spacing(4)] @[37rem]:[--thread-content-margin:--spacing(6)] @[72rem]:[--thread-content-margin:--spacing(16)] px-(--thread-content-margin)\">\n<div class=\"[--thread-content-max-width:32rem] @[34rem]:[--thread-content-max-width:40rem] @[64rem]:[--thread-content-max-width:48rem] mx-auto flex max-w-(--thread-content-max-width) flex-1 text-base gap-4 md:gap-5 lg:gap-6 group\/turn-messages focus-visible:outline-hidden\" tabindex=\"-1\">\n<div class=\"group\/conversation-turn relative flex w-full min-w-0 flex-col agent-turn\">\n<div class=\"relative flex-col gap-1 md:gap-3\">\n<div class=\"flex max-w-full flex-col grow\">\n<div class=\"min-h-8 text-message relative flex w-full flex-col items-end gap-2 text-start break-words whitespace-normal [.text-message+&amp;]:mt-5\" dir=\"auto\" data-message-author-role=\"assistant\" data-message-id=\"7e8b39a3-8fac-4449-912b-2eda67a1b7ba\" data-message-model-slug=\"gpt-4o\">\n<div class=\"flex w-full flex-col gap-1 empty:hidden first:pt-[3px]\">\n<div class=\"markdown prose dark:prose-invert w-full break-words light\">\n<h3 data-start=\"991\" data-end=\"1096\">Impulsando un crecimiento responsable mediante pr\u00e1cticas sostenibles<\/h3>\n<p data-start=\"1098\" data-end=\"1460\">ACK3 ofrece soluciones de consultor\u00eda personalizadas para apoyar a las organizaciones en el complejo y cambiante panorama de la sostenibilidad. Combinamos las mejores pr\u00e1cticas internacionales con un profundo conocimiento del contexto local para ayudar a nuestros clientes a cumplir con sus compromisos ESG y requisitos regulatorios. Nuestros servicios incluyen:<\/p>\n<ul data-start=\"1462\" data-end=\"2577\">\n<li data-start=\"1462\" data-end=\"1656\">\n<p data-start=\"1464\" data-end=\"1656\"><strong data-start=\"1464\" data-end=\"1507\">Evaluaci\u00f3n de riesgos de sostenibilidad<\/strong>: Identificaci\u00f3n de riesgos ambientales, sociales y de gobernanza en operaciones, cadenas de suministro e interacciones con las partes interesadas.<\/p>\n<\/li>\n<li data-start=\"1657\" data-end=\"1851\">\n<p data-start=\"1659\" data-end=\"1851\"><strong data-start=\"1659\" data-end=\"1691\">Desarrollo de estrategia ESG<\/strong>: Dise\u00f1o e implementaci\u00f3n de marcos ESG alineados con est\u00e1ndares internacionales (por ejemplo, ODS de la ONU, GRI, SASB) y con los valores de la organizaci\u00f3n.<\/p>\n<\/li>\n<li data-start=\"1852\" data-end=\"2034\">\n<p data-start=\"1854\" data-end=\"2034\"><strong data-start=\"1854\" data-end=\"1895\">Pol\u00edtica de sostenibilidad y reportes<\/strong>: Elaboraci\u00f3n de pol\u00edticas de sostenibilidad y apoyo en la elaboraci\u00f3n de informes ESG transparentes para audiencias internas y externas.<\/p>\n<\/li>\n<li data-start=\"2035\" data-end=\"2212\">\n<p data-start=\"2037\" data-end=\"2212\"><strong data-start=\"2037\" data-end=\"2076\">Asesoramiento clim\u00e1tico y ambiental<\/strong>: Apoyo en la adopci\u00f3n de pr\u00e1cticas energ\u00e9ticamente eficientes, estrategias de reducci\u00f3n de carbono y planes de resiliencia clim\u00e1tica.<\/p>\n<\/li>\n<li data-start=\"2213\" data-end=\"2401\">\n<p data-start=\"2215\" data-end=\"2401\"><strong data-start=\"2215\" data-end=\"2281\">Participaci\u00f3n de partes interesadas y an\u00e1lisis de materialidad<\/strong>: Interacci\u00f3n con grupos de inter\u00e9s internos y externos para definir prioridades de sostenibilidad y \u00e1reas de impacto.<\/p>\n<\/li>\n<li data-start=\"2402\" data-end=\"2577\">\n<p data-start=\"2404\" data-end=\"2577\"><strong data-start=\"2404\" data-end=\"2464\">Capacitaci\u00f3n e integraci\u00f3n cultural de la sostenibilidad<\/strong>: Impartici\u00f3n de programas de formaci\u00f3n que fomenten una mentalidad sostenible entre l\u00edderes, empleados y socios.<\/p>\n<\/li>\n<\/ul>\n<blockquote>\n<p data-start=\"2579\" data-end=\"2901\" data-is-last-node=\"\" data-is-only-node=\"\"><strong>Con ACK3 como tu socio en consultor\u00eda de sostenibilidad, tu organizaci\u00f3n contar\u00e1 con un aliado estrat\u00e9gico para construir una empresa responsable y preparada para el futuro. Te ayudamos a traducir sus metas de sostenibilidad en estrategias accionables que generen valor para tu negocio, tus grupos de inter\u00e9s y el planeta.<\/strong><\/p>\n<\/blockquote>\n<\/div>\n<\/div>\n<\/div>\n<\/div>\n<\/div>\n<\/div>\n<\/div>\n<\/div>\n<\/article>\n<p>[\/et_pb_text][et_pb_divider _builder_version=\u00bb4.27.2&#8243; _module_preset=\u00bbdefault\u00bb global_colors_info=\u00bb{}\u00bb][\/et_pb_divider][\/et_pb_column][\/et_pb_row][et_pb_row _builder_version=\u00bb4.24.0&#8243; _module_preset=\u00bbdefault\u00bb global_module=\u00bb25840410&#8243; saved_tabs=\u00bball\u00bb locked=\u00bboff\u00bb global_colors_info=\u00bb{}\u00bb][et_pb_column type=\u00bb4_4&#8243; _builder_version=\u00bb4.24.0&#8243; _module_preset=\u00bbdefault\u00bb global_colors_info=\u00bb{}\u00bb][et_pb_text _builder_version=\u00bb4.24.0&#8243; _module_preset=\u00bbe9776427-b859-4288-b0a2-c7103567bb8c\u00bb global_colors_info=\u00bb{}\u00bb]<\/p>\n<p style=\"text-align: center;\">Cont\u00e1ctanos<\/p>\n<p>[\/et_pb_text][et_pb_text _builder_version=\u00bb4.24.0&#8243; _dynamic_attributes=\u00bbcontent\u00bb _module_preset=\u00bb13ddcc34-f131-47ca-8026-edc37a2f8af8&#8243; header_2_text_align=\u00bbcenter\u00bb custom_margin=\u00bb||5px||false|false\u00bb global_colors_info=\u00bb{}\u00bb]@ET-DC@eyJkeW5hbWljIjp0cnVlLCJjb250ZW50IjoicG9zdF90aXRsZSIsInNldHRpbmdzIjp7ImJlZm9yZSI6IjxoMj4gXHUwMGJmRXN0XHUwMGUxcyBpbnRlcmVzYWRvIGVuIGxvcyBzZXJ2aWNpb3MgZGUgIiwiYWZ0ZXIiOiIgZGUgQUNLMz88L2gyPiJ9fQ==@[\/et_pb_text][et_pb_text _builder_version=\u00bb4.24.0&#8243; _module_preset=\u00bb13ddcc34-f131-47ca-8026-edc37a2f8af8&#8243; global_colors_info=\u00bb{}\u00bb]<\/p>\n<p style=\"text-align: center;\">Ponte en contacto con nosotros completando el siguiente formulario:<\/p>\n<p>[\/et_pb_text][dipi_gravity_forms_styler gf_form_id=\u00bb1&#8243; form_title=\u00bbhide\u00bb _builder_version=\u00bb4.24.0&#8243; _module_preset=\u00bbdefault\u00bb form_title_font_size=\u00bb0px\u00bb field_label_font=\u00bbTrade Gothic LT Bold Extended||||||||\u00bb field_label_font_size=\u00bb15px\u00bb required_field_indicator_font_size=\u00bb15px\u00bb field_description_font_size=\u00bb16px\u00bb checkbox_radio_label_font_size=\u00bb17px\u00bb custom_all=\u00bbon\u00bb all_text_size=\u00bb17px\u00bb all_bg_color=\u00bb#000000&#8243; all_font=\u00bb|600|||||||\u00bb all_use_icon=\u00bboff\u00bb max_width=\u00bb78%\u00bb max_width_tablet=\u00bb100%\u00bb max_width_phone=\u00bb100%\u00bb max_width_last_edited=\u00bbon|desktop\u00bb module_alignment=\u00bbcenter\u00bb global_colors_info=\u00bb{}\u00bb all_bg_color__hover_enabled=\u00bbon|hover\u00bb all_bg_color__hover=\u00bb#535353&#8243; all_bg_enable_color__hover=\u00bbon\u00bb][\/dipi_gravity_forms_styler][\/et_pb_column][\/et_pb_row][\/et_pb_section]<\/p>\n","protected":false},"excerpt":{"rendered":"<p>Construye una empresa preparada para el futuro con consultor\u00eda en sostenibilidad de ACK3: estrategias ESG personalizadas que impulsan el valor.<\/p>\n","protected":false},"author":2,"featured_media":25842992,"parent":25844431,"menu_order":0,"comment_status":"closed","ping_status":"closed","template":"","meta":{"_et_pb_use_builder":"on","_et_pb_old_content":"","_et_gb_content_width":"","footnotes":""},"dipi_cpt_category":[],"class_list":["post-25857563","page","type-page","status-publish","has-post-thumbnail","hentry"],"_links":{"self":[{"href":"https:\/\/ack3.eu\/es\/wp-json\/wp\/v2\/pages\/25857563","targetHints":{"allow":["GET"]}}],"collection":[{"href":"https:\/\/ack3.eu\/es\/wp-json\/wp\/v2\/pages"}],"about":[{"href":"https:\/\/ack3.eu\/es\/wp-json\/wp\/v2\/types\/page"}],"author":[{"embeddable":true,"href":"https:\/\/ack3.eu\/es\/wp-json\/wp\/v2\/users\/2"}],"replies":[{"embeddable":true,"href":"https:\/\/ack3.eu\/es\/wp-json\/wp\/v2\/comments?post=25857563"}],"version-history":[{"count":0,"href":"https:\/\/ack3.eu\/es\/wp-json\/wp\/v2\/pages\/25857563\/revisions"}],"up":[{"embeddable":true,"href":"https:\/\/ack3.eu\/es\/wp-json\/wp\/v2\/pages\/25844431"}],"wp:featuredmedia":[{"embeddable":true,"href":"https:\/\/ack3.eu\/es\/wp-json\/wp\/v2\/media\/25842992"}],"wp:attachment":[{"href":"https:\/\/ack3.eu\/es\/wp-json\/wp\/v2\/media?parent=25857563"}],"wp:term":[{"taxonomy":"dipi_cpt_category","embeddable":true,"href":"https:\/\/ack3.eu\/es\/wp-json\/wp\/v2\/dipi_cpt_category?post=25857563"}],"curies":[{"name":"wp","href":"https:\/\/api.w.org\/{rel}","templated":true}]}}