{"id":25857557,"date":"2025-04-07T11:18:47","date_gmt":"2025-04-07T09:18:47","guid":{"rendered":"https:\/\/ack3.eu\/servicios\/etica-cumplimiento-y-gobernanza-ecg\/ethics-policy-development\/"},"modified":"2025-07-02T09:54:34","modified_gmt":"2025-07-02T07:54:34","slug":"desarrollo-politicas-etica","status":"publish","type":"page","link":"https:\/\/ack3.eu\/es\/servicios\/etica-cumplimiento-y-gobernanza-ecg\/desarrollo-politicas-etica\/","title":{"rendered":"Desarrollo de pol\u00edticas de \u00e9tica"},"content":{"rendered":"<p>[et_pb_section fb_built=\u00bb1&#8243; _builder_version=\u00bb4.24.0&#8243; _module_preset=\u00bbdefault\u00bb background_color=\u00bb#000000&#8243; background_pattern_repeat_origin=\u00bbcenter\u00bb custom_padding=\u00bb13px||13px||true|false\u00bb saved_tabs=\u00bball\u00bb locked=\u00bboff\u00bb global_colors_info=\u00bb{}\u00bb][et_pb_row _builder_version=\u00bb4.24.0&#8243; _module_preset=\u00bb32edda46-f9f8-4bcc-acb6-81abff8182ae\u00bb custom_margin=\u00bb||0px||false|false\u00bb custom_padding=\u00bb4px||4px||true|false\u00bb global_colors_info=\u00bb{}\u00bb][et_pb_column type=\u00bb4_4&#8243; _builder_version=\u00bb4.20.4&#8243; _module_preset=\u00bbdefault\u00bb global_colors_info=\u00bb{}\u00bb][dipi_breadcrumbs bc_home_text=\u00bbHome\u00bb bc_home_url=\u00bb\/\u00bb bc_items_alignment=\u00bbdipi-bc-left\u00bb bc_item_padding=\u00bb|10px||10px|false|true\u00bb bc_active_item_padding=\u00bb|20px||10px|true|false\u00bb _builder_version=\u00bb4.24.0&#8243; _module_preset=\u00bbdefault\u00bb active_text_color=\u00bb#BADFF7&#8243; global_colors_info=\u00bb{}\u00bb][\/dipi_breadcrumbs][\/et_pb_column][\/et_pb_row][\/et_pb_section][et_pb_section fb_built=\u00bb1&#8243; _builder_version=\u00bb4.24.0&#8243; _module_preset=\u00bbdefault\u00bb locked=\u00bboff\u00bb global_colors_info=\u00bb{}\u00bb][et_pb_row _builder_version=\u00bb4.24.0&#8243; _module_preset=\u00bbdefault\u00bb locked=\u00bboff\u00bb global_colors_info=\u00bb{}\u00bb][et_pb_column type=\u00bb4_4&#8243; _builder_version=\u00bb4.24.0&#8243; _module_preset=\u00bbdefault\u00bb global_colors_info=\u00bb{}\u00bb][et_pb_text _builder_version=\u00bb4.27.4&#8243; _module_preset=\u00bb13ddcc34-f131-47ca-8026-edc37a2f8af8&#8243; hover_enabled=\u00bb0&#8243; global_colors_info=\u00bb{}\u00bb sticky_enabled=\u00bb0&#8243;]<\/p>\n<h1 style=\"text-align: center;\"><strong data-start=\"0\" data-end=\"36\">Desarrollo de pol\u00edticas de \u00e9tica<\/strong><\/h1>\n<p style=\"text-align: center;\">El servicio de desarrollo de pol\u00edticas de \u00e9tica de ACK3 permite a las organizaciones <strong>establecer est\u00e1ndares \u00e9ticos claros y aplicables que gu\u00edan el comportamiento, respaldan el cumplimiento normativo y fomentan una cultura de integridad<\/strong>. Ayudamos a las empresas a crear pol\u00edticas \u00e9ticas personalizadas que reflejen sus valores, cumplan con las expectativas regulatorias y fortalezcan la gobernanza interna.<\/p>\n<p>[\/et_pb_text][\/et_pb_column][\/et_pb_row][et_pb_row column_structure=\u00bb1_2,1_2&#8243; module_class=\u00bbagf-vertical-align\u00bb _builder_version=\u00bb4.24.0&#8243; _module_preset=\u00bbdefault\u00bb custom_padding=\u00bb||||false|false\u00bb global_colors_info=\u00bb{}\u00bb][et_pb_column type=\u00bb1_2&#8243; _builder_version=\u00bb4.24.0&#8243; _module_preset=\u00bbdefault\u00bb global_colors_info=\u00bb{}\u00bb][et_pb_text _builder_version=\u00bb4.27.4&#8243; _module_preset=\u00bbdefault\u00bb background_color=\u00bb#F6FAFD\u00bb custom_padding=\u00bb30px|30px|30px|30px|true|true\u00bb hover_enabled=\u00bb0&#8243; border_radii=\u00bbon|3px|3px|3px|3px\u00bb box_shadow_style=\u00bbpreset4&#8243; box_shadow_horizontal=\u00bb7px\u00bb box_shadow_vertical=\u00bb7px\u00bb box_shadow_color=\u00bb#BADFF7&#8243; global_colors_info=\u00bb{}\u00bb sticky_enabled=\u00bb0&#8243;]<\/p>\n<h2><strong data-start=\"446\" data-end=\"497\">\u00bfQu\u00e9 es el desarrollo de una pol\u00edtica de \u00e9tica?<\/strong><\/h2>\n<p>El desarrollo de una pol\u00edtica de \u00e9tica es el proceso de dise\u00f1ar e implementar un conjunto de principios y directrices que definen la conducta aceptable dentro de una organizaci\u00f3n. Estas pol\u00edticas sirven como base para la toma de decisiones \u00e9ticas y ayudan a prevenir conductas indebidas al establecer claramente las expectativas para empleados, l\u00edderes y terceros. ACK3 apoya a sus clientes en la alineaci\u00f3n de sus marcos \u00e9ticos con obligaciones legales, valores culturales y objetivos estrat\u00e9gicos.<\/p>\n<p>[\/et_pb_text][\/et_pb_column][et_pb_column type=\u00bb1_2&#8243; _builder_version=\u00bb4.24.0&#8243; _module_preset=\u00bbdefault\u00bb global_colors_info=\u00bb{}\u00bb][et_pb_image src=\u00bbhttps:\/\/ack3.eu\/wp-content\/uploads\/2024\/01\/Ethics-Compliance-and-Governance-ECG.webp\u00bb alt=\u00bbConoce a tu cliente\u00bb title_text=\u00bb\u00c9tica, Cumplimiento y Gobernanza (ECG)\u00bb _builder_version=\u00bb4.27.4&#8243; _module_preset=\u00bbdefault\u00bb global_colors_info=\u00bb{}\u00bb][\/et_pb_image][\/et_pb_column][\/et_pb_row][et_pb_row _builder_version=\u00bb4.24.0&#8243; _module_preset=\u00bbdefault\u00bb global_colors_info=\u00bb{}\u00bb][et_pb_column type=\u00bb4_4&#8243; _builder_version=\u00bb4.24.0&#8243; _module_preset=\u00bbdefault\u00bb global_colors_info=\u00bb{}\u00bb][et_pb_text _builder_version=\u00bb4.27.4&#8243; _module_preset=\u00bbdefault\u00bb hover_enabled=\u00bb0&#8243; global_colors_info=\u00bb{}\u00bb sticky_enabled=\u00bb0&#8243;]<\/p>\n<h3 data-start=\"1001\" data-end=\"1093\">Formando una cultura \u00e9tica, fortaleciendo la integridad<\/h3>\n<p data-start=\"1095\" data-end=\"1346\">ACK3 adopta un enfoque estrat\u00e9gico en el desarrollo de pol\u00edticas de \u00e9tica, asegurando que estas sean no solo conformes a la normativa, sino tambi\u00e9n pr\u00e1cticas, aplicables y relevantes al contexto \u00fanico de cada organizaci\u00f3n. Nuestros servicios incluyen:<\/p>\n<ul data-start=\"1348\" data-end=\"2492\">\n<li data-start=\"1348\" data-end=\"1529\">\n<p data-start=\"1350\" data-end=\"1529\"><strong data-start=\"1350\" data-end=\"1388\">Evaluaci\u00f3n de \u00e9tica organizacional<\/strong>: Evaluaci\u00f3n de las pr\u00e1cticas \u00e9ticas existentes, din\u00e1micas culturales y \u00e1reas de riesgo para orientar el desarrollo de pol\u00edticas efectivas.<\/p>\n<\/li>\n<li data-start=\"1530\" data-end=\"1741\">\n<p data-start=\"1532\" data-end=\"1741\"><strong data-start=\"1532\" data-end=\"1570\">Dise\u00f1o de pol\u00edticas personalizadas<\/strong>: Elaboraci\u00f3n de c\u00f3digos de \u00e9tica, pol\u00edticas de conducta y gu\u00edas de integridad claras, concisas y aplicables, adaptadas a la estructura y operaciones de la organizaci\u00f3n.<\/p>\n<\/li>\n<li data-start=\"1742\" data-end=\"1936\">\n<p data-start=\"1744\" data-end=\"1936\"><strong data-start=\"1744\" data-end=\"1778\">Alineaci\u00f3n legal y regulatoria<\/strong>: Garantizar que las pol\u00edticas de \u00e9tica cumplan con regulaciones espec\u00edficas del sector y est\u00e1ndares internacionales de conducta corporativa y cumplimiento.<\/p>\n<\/li>\n<li data-start=\"1937\" data-end=\"2126\">\n<p data-start=\"1939\" data-end=\"2126\"><strong data-start=\"1939\" data-end=\"1976\">Compromiso y comunicaci\u00f3n interna<\/strong>: Apoyo en el despliegue de pol\u00edticas \u00e9ticas mediante estrategias de comunicaci\u00f3n interna, campa\u00f1as de concienciaci\u00f3n y mensajes desde el liderazgo.<\/p>\n<\/li>\n<li data-start=\"2127\" data-end=\"2297\">\n<p data-start=\"2129\" data-end=\"2297\"><strong data-start=\"2129\" data-end=\"2174\">Capacitaci\u00f3n y apoyo en la implementaci\u00f3n<\/strong>: Programas de formaci\u00f3n en \u00e9tica para asegurar que los empleados comprendan y apliquen las pol\u00edticas en su labor diaria.<\/p>\n<\/li>\n<li data-start=\"2298\" data-end=\"2492\">\n<p data-start=\"2300\" data-end=\"2492\"><strong data-start=\"2300\" data-end=\"2331\">Monitoreo y mejora continua<\/strong>: Establecimiento de sistemas para revisar y actualizar peri\u00f3dicamente las pol\u00edticas de \u00e9tica, incorporando retroalimentaci\u00f3n, tendencias y cambios regulatorios.<\/p>\n<\/li>\n<\/ul>\n<blockquote>\n<p data-start=\"2494\" data-end=\"2824\" data-is-last-node=\"\" data-is-only-node=\"\"><strong>Con ACK3 como tu socio en el desarrollo de pol\u00edticas de \u00e9tica, tu organizaci\u00f3n contar\u00e1 con un asesor de confianza para construir una cultura laboral transparente, responsable y basada en principios. Te ayudamos a pasar de la intenci\u00f3n \u00e9tica a la acci\u00f3n \u00e9tica\u2014generando confianza desde el interior y credibilidad desde el exterior.<\/strong><\/p>\n<\/blockquote>\n<p>[\/et_pb_text][et_pb_divider _builder_version=\u00bb4.27.2&#8243; _module_preset=\u00bbdefault\u00bb global_colors_info=\u00bb{}\u00bb][\/et_pb_divider][\/et_pb_column][\/et_pb_row][et_pb_row _builder_version=\u00bb4.24.0&#8243; _module_preset=\u00bbdefault\u00bb global_module=\u00bb25840410&#8243; saved_tabs=\u00bball\u00bb locked=\u00bboff\u00bb global_colors_info=\u00bb{}\u00bb][et_pb_column type=\u00bb4_4&#8243; _builder_version=\u00bb4.24.0&#8243; _module_preset=\u00bbdefault\u00bb global_colors_info=\u00bb{}\u00bb][et_pb_text _builder_version=\u00bb4.24.0&#8243; _module_preset=\u00bbe9776427-b859-4288-b0a2-c7103567bb8c\u00bb global_colors_info=\u00bb{}\u00bb]<\/p>\n<p style=\"text-align: center;\">Cont\u00e1ctanos<\/p>\n<p>[\/et_pb_text][et_pb_text _builder_version=\u00bb4.24.0&#8243; _dynamic_attributes=\u00bbcontent\u00bb _module_preset=\u00bb13ddcc34-f131-47ca-8026-edc37a2f8af8&#8243; header_2_text_align=\u00bbcenter\u00bb custom_margin=\u00bb||5px||false|false\u00bb global_colors_info=\u00bb{}\u00bb]@ET-DC@eyJkeW5hbWljIjp0cnVlLCJjb250ZW50IjoicG9zdF90aXRsZSIsInNldHRpbmdzIjp7ImJlZm9yZSI6IjxoMj4gXHUwMGJmRXN0XHUwMGUxcyBpbnRlcmVzYWRvIGVuIGxvcyBzZXJ2aWNpb3MgZGUgIiwiYWZ0ZXIiOiIgZGUgQUNLMz88L2gyPiJ9fQ==@[\/et_pb_text][et_pb_text _builder_version=\u00bb4.24.0&#8243; _module_preset=\u00bb13ddcc34-f131-47ca-8026-edc37a2f8af8&#8243; global_colors_info=\u00bb{}\u00bb]<\/p>\n<p style=\"text-align: center;\">Ponte en contacto con nosotros completando el siguiente formulario:<\/p>\n<p>[\/et_pb_text][dipi_gravity_forms_styler gf_form_id=\u00bb1&#8243; form_title=\u00bbhide\u00bb _builder_version=\u00bb4.24.0&#8243; _module_preset=\u00bbdefault\u00bb form_title_font_size=\u00bb0px\u00bb field_label_font=\u00bbTrade Gothic LT Bold Extended||||||||\u00bb field_label_font_size=\u00bb15px\u00bb required_field_indicator_font_size=\u00bb15px\u00bb field_description_font_size=\u00bb16px\u00bb checkbox_radio_label_font_size=\u00bb17px\u00bb custom_all=\u00bbon\u00bb all_text_size=\u00bb17px\u00bb all_bg_color=\u00bb#000000&#8243; all_font=\u00bb|600|||||||\u00bb all_use_icon=\u00bboff\u00bb max_width=\u00bb78%\u00bb max_width_tablet=\u00bb100%\u00bb max_width_phone=\u00bb100%\u00bb max_width_last_edited=\u00bbon|desktop\u00bb module_alignment=\u00bbcenter\u00bb global_colors_info=\u00bb{}\u00bb all_bg_color__hover_enabled=\u00bbon|hover\u00bb all_bg_color__hover=\u00bb#535353&#8243; all_bg_enable_color__hover=\u00bbon\u00bb][\/dipi_gravity_forms_styler][\/et_pb_column][\/et_pb_row][\/et_pb_section]<\/p>\n","protected":false},"excerpt":{"rendered":"<p>Promueve la integridad con el desarrollo de pol\u00edticas de \u00e9tica de ACK3: c\u00f3digos de conducta personalizados que garantizan cumplimiento. <\/p>\n","protected":false},"author":2,"featured_media":25842992,"parent":25844431,"menu_order":0,"comment_status":"closed","ping_status":"closed","template":"","meta":{"_et_pb_use_builder":"on","_et_pb_old_content":"","_et_gb_content_width":"","footnotes":""},"dipi_cpt_category":[],"class_list":["post-25857557","page","type-page","status-publish","has-post-thumbnail","hentry"],"_links":{"self":[{"href":"https:\/\/ack3.eu\/es\/wp-json\/wp\/v2\/pages\/25857557","targetHints":{"allow":["GET"]}}],"collection":[{"href":"https:\/\/ack3.eu\/es\/wp-json\/wp\/v2\/pages"}],"about":[{"href":"https:\/\/ack3.eu\/es\/wp-json\/wp\/v2\/types\/page"}],"author":[{"embeddable":true,"href":"https:\/\/ack3.eu\/es\/wp-json\/wp\/v2\/users\/2"}],"replies":[{"embeddable":true,"href":"https:\/\/ack3.eu\/es\/wp-json\/wp\/v2\/comments?post=25857557"}],"version-history":[{"count":0,"href":"https:\/\/ack3.eu\/es\/wp-json\/wp\/v2\/pages\/25857557\/revisions"}],"up":[{"embeddable":true,"href":"https:\/\/ack3.eu\/es\/wp-json\/wp\/v2\/pages\/25844431"}],"wp:featuredmedia":[{"embeddable":true,"href":"https:\/\/ack3.eu\/es\/wp-json\/wp\/v2\/media\/25842992"}],"wp:attachment":[{"href":"https:\/\/ack3.eu\/es\/wp-json\/wp\/v2\/media?parent=25857557"}],"wp:term":[{"taxonomy":"dipi_cpt_category","embeddable":true,"href":"https:\/\/ack3.eu\/es\/wp-json\/wp\/v2\/dipi_cpt_category?post=25857557"}],"curies":[{"name":"wp","href":"https:\/\/api.w.org\/{rel}","templated":true}]}}