{"id":25857549,"date":"2025-04-07T10:47:46","date_gmt":"2025-04-07T08:47:46","guid":{"rendered":"https:\/\/ack3.eu\/servicios\/etica-cumplimiento-y-gobernanza-ecg\/data-privacy-and-protection\/"},"modified":"2025-07-02T09:43:17","modified_gmt":"2025-07-02T07:43:17","slug":"privacidad-proteccion-datos","status":"publish","type":"page","link":"https:\/\/ack3.eu\/es\/servicios\/etica-cumplimiento-y-gobernanza-ecg\/privacidad-proteccion-datos\/","title":{"rendered":"Privacidad y protecci\u00f3n de datos"},"content":{"rendered":"<p>[et_pb_section fb_built=\u00bb1&#8243; _builder_version=\u00bb4.24.0&#8243; _module_preset=\u00bbdefault\u00bb background_color=\u00bb#000000&#8243; background_pattern_repeat_origin=\u00bbcenter\u00bb custom_padding=\u00bb13px||13px||true|false\u00bb saved_tabs=\u00bball\u00bb locked=\u00bboff\u00bb global_colors_info=\u00bb{}\u00bb][et_pb_row _builder_version=\u00bb4.24.0&#8243; _module_preset=\u00bb32edda46-f9f8-4bcc-acb6-81abff8182ae\u00bb custom_margin=\u00bb||0px||false|false\u00bb custom_padding=\u00bb4px||4px||true|false\u00bb global_colors_info=\u00bb{}\u00bb][et_pb_column type=\u00bb4_4&#8243; _builder_version=\u00bb4.20.4&#8243; _module_preset=\u00bbdefault\u00bb global_colors_info=\u00bb{}\u00bb][dipi_breadcrumbs bc_home_text=\u00bbHome\u00bb bc_home_url=\u00bb\/\u00bb bc_items_alignment=\u00bbdipi-bc-left\u00bb bc_item_padding=\u00bb|10px||10px|false|true\u00bb bc_active_item_padding=\u00bb|20px||10px|true|false\u00bb _builder_version=\u00bb4.24.0&#8243; _module_preset=\u00bbdefault\u00bb active_text_color=\u00bb#BADFF7&#8243; global_colors_info=\u00bb{}\u00bb][\/dipi_breadcrumbs][\/et_pb_column][\/et_pb_row][\/et_pb_section][et_pb_section fb_built=\u00bb1&#8243; _builder_version=\u00bb4.24.0&#8243; _module_preset=\u00bbdefault\u00bb locked=\u00bboff\u00bb global_colors_info=\u00bb{}\u00bb][et_pb_row _builder_version=\u00bb4.24.0&#8243; _module_preset=\u00bbdefault\u00bb locked=\u00bboff\u00bb global_colors_info=\u00bb{}\u00bb][et_pb_column type=\u00bb4_4&#8243; _builder_version=\u00bb4.24.0&#8243; _module_preset=\u00bbdefault\u00bb global_colors_info=\u00bb{}\u00bb][et_pb_text _builder_version=\u00bb4.27.4&#8243; _module_preset=\u00bb13ddcc34-f131-47ca-8026-edc37a2f8af8&#8243; hover_enabled=\u00bb0&#8243; global_colors_info=\u00bb{}\u00bb sticky_enabled=\u00bb0&#8243;]<\/p>\n<h1 style=\"text-align: center;\"><strong>Privacidad y protecci\u00f3n de datos<\/strong><\/h1>\n<p style=\"text-align: center;\">El servicio de privacidad y protecci\u00f3n de datos de ACK3 ayuda a las organizaciones a salvaguardar la informaci\u00f3n personal y sensible, cumplir con las regulaciones globales de datos y generar confianza con clientes, socios y empleados mediante pr\u00e1cticas responsables de gesti\u00f3n de datos.<\/p>\n<p>[\/et_pb_text][\/et_pb_column][\/et_pb_row][et_pb_row column_structure=\u00bb1_2,1_2&#8243; module_class=\u00bbagf-vertical-align\u00bb _builder_version=\u00bb4.24.0&#8243; _module_preset=\u00bbdefault\u00bb custom_padding=\u00bb||||false|false\u00bb global_colors_info=\u00bb{}\u00bb][et_pb_column type=\u00bb1_2&#8243; _builder_version=\u00bb4.24.0&#8243; _module_preset=\u00bbdefault\u00bb global_colors_info=\u00bb{}\u00bb][et_pb_text _builder_version=\u00bb4.27.4&#8243; _module_preset=\u00bbdefault\u00bb background_color=\u00bb#F6FAFD\u00bb custom_padding=\u00bb30px|30px|30px|30px|true|true\u00bb hover_enabled=\u00bb0&#8243; border_radii=\u00bbon|3px|3px|3px|3px\u00bb box_shadow_style=\u00bbpreset4&#8243; box_shadow_horizontal=\u00bb7px\u00bb box_shadow_vertical=\u00bb7px\u00bb box_shadow_color=\u00bb#BADFF7&#8243; global_colors_info=\u00bb{}\u00bb sticky_enabled=\u00bb0&#8243;]<\/p>\n<h2><strong data-start=\"327\" data-end=\"375\">\u00bfQu\u00e9 es la privacidad y protecci\u00f3n de datos?<\/strong><\/h2>\n<p>La privacidad y protecci\u00f3n de datos implica la implementaci\u00f3n de pol\u00edticas, tecnolog\u00edas y pr\u00e1cticas que aseguren el manejo seguro de la informaci\u00f3n personal y organizacional. ACK3 apoya a las organizaciones en el <strong>cumplimiento de leyes de protecci\u00f3n de datos como el RGPD, la CCPA y otros est\u00e1ndares globales<\/strong>. Nuestros servicios est\u00e1n dise\u00f1ados para identificar riesgos relacionados con los datos, prevenir brechas de seguridad y promover una cultura de privacidad desde todos los niveles de la organizaci\u00f3n.<\/p>\n<p>[\/et_pb_text][\/et_pb_column][et_pb_column type=\u00bb1_2&#8243; _builder_version=\u00bb4.24.0&#8243; _module_preset=\u00bbdefault\u00bb global_colors_info=\u00bb{}\u00bb][et_pb_image src=\u00bbhttps:\/\/ack3.eu\/wp-content\/uploads\/2024\/01\/Ethics-Compliance-and-Governance-ECG.webp\u00bb alt=\u00bbConoce a tu cliente\u00bb title_text=\u00bb\u00c9tica, Cumplimiento y Gobernanza (ECG)\u00bb _builder_version=\u00bb4.27.4&#8243; _module_preset=\u00bbdefault\u00bb global_colors_info=\u00bb{}\u00bb][\/et_pb_image][\/et_pb_column][\/et_pb_row][et_pb_row _builder_version=\u00bb4.24.0&#8243; _module_preset=\u00bbdefault\u00bb global_colors_info=\u00bb{}\u00bb][et_pb_column type=\u00bb4_4&#8243; _builder_version=\u00bb4.24.0&#8243; _module_preset=\u00bbdefault\u00bb global_colors_info=\u00bb{}\u00bb][et_pb_text _builder_version=\u00bb4.27.4&#8243; _module_preset=\u00bbdefault\u00bb hover_enabled=\u00bb0&#8243; global_colors_info=\u00bb{}\u00bb sticky_enabled=\u00bb0&#8243;]<\/p>\n<h3 data-start=\"887\" data-end=\"973\"><strong data-start=\"920\" data-end=\"973\">Protegiendo los datos, fortaleciendo la confianza<\/strong><\/h3>\n<p data-start=\"975\" data-end=\"1387\">El enfoque de ACK3 hacia la privacidad de los datos es proactivo, estrat\u00e9gico y alineado con las demandas regulatorias en constante evoluci\u00f3n. Trabajamos en estrecha colaboraci\u00f3n con los clientes para crear marcos de gobernanza de datos que no solo garanticen el cumplimiento normativo, sino que tambi\u00e9n fomenten la resiliencia a largo plazo y la confianza de las partes interesadas. Nuestros servicios incluyen:<\/p>\n<ul data-start=\"1389\" data-end=\"2572\">\n<li data-start=\"1389\" data-end=\"1579\">\n<p data-start=\"1391\" data-end=\"1579\"><strong data-start=\"1391\" data-end=\"1425\">Evaluaci\u00f3n de riesgos de datos<\/strong>: An\u00e1lisis de d\u00f3nde y c\u00f3mo se almacena, procesa y comparte la informaci\u00f3n personal, identificando vulnerabilidades y posibles exposiciones regulatorias.<\/p>\n<\/li>\n<li data-start=\"1580\" data-end=\"1769\">\n<p data-start=\"1582\" data-end=\"1769\"><strong data-start=\"1582\" data-end=\"1623\">Desarrollo de pol\u00edticas de privacidad<\/strong>: Dise\u00f1o e implementaci\u00f3n de pol\u00edticas de privacidad claras y completas, alineadas con los requisitos jurisdiccionales y espec\u00edficos del sector.<\/p>\n<\/li>\n<li data-start=\"1770\" data-end=\"1975\">\n<p data-start=\"1772\" data-end=\"1975\"><strong data-start=\"1772\" data-end=\"1810\">Apoyo en el cumplimiento normativo<\/strong>: Aseguramiento del cumplimiento total de leyes de privacidad de datos como el RGPD, la CCPA y otras, mediante an\u00e1lisis de brechas y estrategias de implementaci\u00f3n.<\/p>\n<\/li>\n<li data-start=\"1976\" data-end=\"2211\">\n<p data-start=\"1978\" data-end=\"2211\"><strong data-start=\"1978\" data-end=\"2030\">Planificaci\u00f3n de respuesta ante brechas de datos<\/strong>: Desarrollo y prueba de planes de respuesta ante incidentes para mitigar el impacto de brechas de seguridad y garantizar una notificaci\u00f3n oportuna a las autoridades regulatorias.<\/p>\n<\/li>\n<li data-start=\"2212\" data-end=\"2395\">\n<p data-start=\"2214\" data-end=\"2395\"><strong data-start=\"2214\" data-end=\"2247\">Capacitaci\u00f3n y concienciaci\u00f3n<\/strong>: Formaci\u00f3n a empleados y l\u00edderes sobre buenas pr\u00e1cticas en el manejo de datos, obligaciones en materia de privacidad e higiene en ciberseguridad.<\/p>\n<\/li>\n<li data-start=\"2396\" data-end=\"2572\">\n<p data-start=\"2398\" data-end=\"2572\"><strong data-start=\"2398\" data-end=\"2432\">Gesti\u00f3n de riesgos de terceros<\/strong>: Evaluaci\u00f3n del cumplimiento de proveedores y socios con los est\u00e1ndares de protecci\u00f3n de datos, asegurando su ecosistema de datos ampliado.<\/p>\n<\/li>\n<\/ul>\n<blockquote>\n<p data-start=\"2574\" data-end=\"2907\" data-is-last-node=\"\" data-is-only-node=\"\"><strong>Con ACK3 como tu socio en privacidad y protecci\u00f3n de datos, tu organizaci\u00f3n estar\u00e1 preparada para navegar con confianza el complejo panorama normativo. Nuestra experiencia en entornos de alto riesgo y alta exigencia regulatoria garantiza que tus datos est\u00e9n no solo protegidos, sino tambi\u00e9n gestionados de forma \u00e9tica y transparente.<\/strong><\/p>\n<\/blockquote>\n<p>[\/et_pb_text][et_pb_divider _builder_version=\u00bb4.27.2&#8243; _module_preset=\u00bbdefault\u00bb global_colors_info=\u00bb{}\u00bb][\/et_pb_divider][\/et_pb_column][\/et_pb_row][et_pb_row _builder_version=\u00bb4.24.0&#8243; _module_preset=\u00bbdefault\u00bb global_module=\u00bb25840410&#8243; saved_tabs=\u00bball\u00bb locked=\u00bboff\u00bb global_colors_info=\u00bb{}\u00bb][et_pb_column type=\u00bb4_4&#8243; _builder_version=\u00bb4.24.0&#8243; _module_preset=\u00bbdefault\u00bb global_colors_info=\u00bb{}\u00bb][et_pb_text _builder_version=\u00bb4.24.0&#8243; _module_preset=\u00bbe9776427-b859-4288-b0a2-c7103567bb8c\u00bb global_colors_info=\u00bb{}\u00bb]<\/p>\n<p style=\"text-align: center;\">Cont\u00e1ctanos<\/p>\n<p>[\/et_pb_text][et_pb_text _builder_version=\u00bb4.24.0&#8243; _dynamic_attributes=\u00bbcontent\u00bb _module_preset=\u00bb13ddcc34-f131-47ca-8026-edc37a2f8af8&#8243; header_2_text_align=\u00bbcenter\u00bb custom_margin=\u00bb||5px||false|false\u00bb global_colors_info=\u00bb{}\u00bb]@ET-DC@eyJkeW5hbWljIjp0cnVlLCJjb250ZW50IjoicG9zdF90aXRsZSIsInNldHRpbmdzIjp7ImJlZm9yZSI6IjxoMj4gXHUwMGJmRXN0XHUwMGUxcyBpbnRlcmVzYWRvIGVuIGxvcyBzZXJ2aWNpb3MgZGUgIiwiYWZ0ZXIiOiIgZGUgQUNLMz88L2gyPiJ9fQ==@[\/et_pb_text][et_pb_text _builder_version=\u00bb4.24.0&#8243; _module_preset=\u00bb13ddcc34-f131-47ca-8026-edc37a2f8af8&#8243; global_colors_info=\u00bb{}\u00bb]<\/p>\n<p style=\"text-align: center;\">Ponte en contacto con nosotros completando el siguiente formulario:<\/p>\n<p>[\/et_pb_text][dipi_gravity_forms_styler gf_form_id=\u00bb1&#8243; form_title=\u00bbhide\u00bb _builder_version=\u00bb4.24.0&#8243; _module_preset=\u00bbdefault\u00bb form_title_font_size=\u00bb0px\u00bb field_label_font=\u00bbTrade Gothic LT Bold Extended||||||||\u00bb field_label_font_size=\u00bb15px\u00bb required_field_indicator_font_size=\u00bb15px\u00bb field_description_font_size=\u00bb16px\u00bb checkbox_radio_label_font_size=\u00bb17px\u00bb custom_all=\u00bbon\u00bb all_text_size=\u00bb17px\u00bb all_bg_color=\u00bb#000000&#8243; all_font=\u00bb|600|||||||\u00bb all_use_icon=\u00bboff\u00bb max_width=\u00bb78%\u00bb max_width_tablet=\u00bb100%\u00bb max_width_phone=\u00bb100%\u00bb max_width_last_edited=\u00bbon|desktop\u00bb module_alignment=\u00bbcenter\u00bb global_colors_info=\u00bb{}\u00bb all_bg_color__hover_enabled=\u00bbon|hover\u00bb all_bg_color__hover=\u00bb#535353&#8243; all_bg_enable_color__hover=\u00bbon\u00bb][\/dipi_gravity_forms_styler][\/et_pb_column][\/et_pb_row][\/et_pb_section]<\/p>\n","protected":false},"excerpt":{"rendered":"<p>Garantiza el cumplimiento y protege los datos con ACK3: soluciones de privacidad personalizadas para gestionar riesgos y prevenir brechas.<\/p>\n","protected":false},"author":2,"featured_media":25842992,"parent":25844431,"menu_order":0,"comment_status":"closed","ping_status":"closed","template":"","meta":{"_et_pb_use_builder":"on","_et_pb_old_content":"","_et_gb_content_width":"","footnotes":""},"dipi_cpt_category":[],"class_list":["post-25857549","page","type-page","status-publish","has-post-thumbnail","hentry"],"_links":{"self":[{"href":"https:\/\/ack3.eu\/es\/wp-json\/wp\/v2\/pages\/25857549","targetHints":{"allow":["GET"]}}],"collection":[{"href":"https:\/\/ack3.eu\/es\/wp-json\/wp\/v2\/pages"}],"about":[{"href":"https:\/\/ack3.eu\/es\/wp-json\/wp\/v2\/types\/page"}],"author":[{"embeddable":true,"href":"https:\/\/ack3.eu\/es\/wp-json\/wp\/v2\/users\/2"}],"replies":[{"embeddable":true,"href":"https:\/\/ack3.eu\/es\/wp-json\/wp\/v2\/comments?post=25857549"}],"version-history":[{"count":0,"href":"https:\/\/ack3.eu\/es\/wp-json\/wp\/v2\/pages\/25857549\/revisions"}],"up":[{"embeddable":true,"href":"https:\/\/ack3.eu\/es\/wp-json\/wp\/v2\/pages\/25844431"}],"wp:featuredmedia":[{"embeddable":true,"href":"https:\/\/ack3.eu\/es\/wp-json\/wp\/v2\/media\/25842992"}],"wp:attachment":[{"href":"https:\/\/ack3.eu\/es\/wp-json\/wp\/v2\/media?parent=25857549"}],"wp:term":[{"taxonomy":"dipi_cpt_category","embeddable":true,"href":"https:\/\/ack3.eu\/es\/wp-json\/wp\/v2\/dipi_cpt_category?post=25857549"}],"curies":[{"name":"wp","href":"https:\/\/api.w.org\/{rel}","templated":true}]}}