{"id":25857536,"date":"2025-04-07T09:58:58","date_gmt":"2025-04-07T07:58:58","guid":{"rendered":"https:\/\/ack3.eu\/servicios\/etica-cumplimiento-y-gobernanza-ecg\/compliance-program-development\/"},"modified":"2025-07-02T09:19:36","modified_gmt":"2025-07-02T07:19:36","slug":"desarrollo-programas-cumplimiento","status":"publish","type":"page","link":"https:\/\/ack3.eu\/es\/servicios\/etica-cumplimiento-y-gobernanza-ecg\/desarrollo-programas-cumplimiento\/","title":{"rendered":"Desarrollo de programas de cumplimiento"},"content":{"rendered":"<p>[et_pb_section fb_built=\u00bb1&#8243; _builder_version=\u00bb4.24.0&#8243; _module_preset=\u00bbdefault\u00bb background_color=\u00bb#000000&#8243; background_pattern_repeat_origin=\u00bbcenter\u00bb custom_padding=\u00bb13px||13px||true|false\u00bb saved_tabs=\u00bball\u00bb locked=\u00bboff\u00bb global_colors_info=\u00bb{}\u00bb][et_pb_row _builder_version=\u00bb4.24.0&#8243; _module_preset=\u00bb32edda46-f9f8-4bcc-acb6-81abff8182ae\u00bb custom_margin=\u00bb||0px||false|false\u00bb custom_padding=\u00bb4px||4px||true|false\u00bb global_colors_info=\u00bb{}\u00bb][et_pb_column type=\u00bb4_4&#8243; _builder_version=\u00bb4.20.4&#8243; _module_preset=\u00bbdefault\u00bb global_colors_info=\u00bb{}\u00bb][dipi_breadcrumbs bc_home_text=\u00bbHome\u00bb bc_home_url=\u00bb\/\u00bb bc_items_alignment=\u00bbdipi-bc-left\u00bb bc_item_padding=\u00bb|10px||10px|false|true\u00bb bc_active_item_padding=\u00bb|20px||10px|true|false\u00bb _builder_version=\u00bb4.24.0&#8243; _module_preset=\u00bbdefault\u00bb active_text_color=\u00bb#BADFF7&#8243; global_colors_info=\u00bb{}\u00bb][\/dipi_breadcrumbs][\/et_pb_column][\/et_pb_row][\/et_pb_section][et_pb_section fb_built=\u00bb1&#8243; _builder_version=\u00bb4.24.0&#8243; _module_preset=\u00bbdefault\u00bb locked=\u00bboff\u00bb global_colors_info=\u00bb{}\u00bb][et_pb_row _builder_version=\u00bb4.24.0&#8243; _module_preset=\u00bbdefault\u00bb locked=\u00bboff\u00bb global_colors_info=\u00bb{}\u00bb][et_pb_column type=\u00bb4_4&#8243; _builder_version=\u00bb4.24.0&#8243; _module_preset=\u00bbdefault\u00bb global_colors_info=\u00bb{}\u00bb][et_pb_text _builder_version=\u00bb4.27.4&#8243; _module_preset=\u00bb13ddcc34-f131-47ca-8026-edc37a2f8af8&#8243; global_colors_info=\u00bb{}\u00bb]<\/p>\n<h1 style=\"text-align: center;\" data-start=\"0\" data-end=\"56\">Desarrollo de programas de cumplimiento\u00a0<\/h1>\n<p style=\"text-align: center;\" data-start=\"58\" data-end=\"548\">El servicio de desarrollo de programas de cumplimiento de ACK3 es una soluci\u00f3n especializada dise\u00f1ada para ayudar a las organizaciones a construir, implementar y optimizar marcos de cumplimiento eficaces. Nuestra profunda experiencia en entornos regulatorios, gesti\u00f3n de riesgos y \u00e9tica nos permite apoyar a las empresas en el<strong> establecimiento de programas de cumplimiento que no solo cumplan con los requisitos legales, sino que tambi\u00e9n fomenten una cultura de integridad y responsabilidad.<\/strong><\/p>\n<p class=\"\" data-start=\"604\" data-end=\"1145\">[\/et_pb_text][\/et_pb_column][\/et_pb_row][et_pb_row column_structure=\u00bb1_2,1_2&#8243; module_class=\u00bbagf-vertical-align\u00bb _builder_version=\u00bb4.24.0&#8243; _module_preset=\u00bbdefault\u00bb custom_padding=\u00bb||||false|false\u00bb global_colors_info=\u00bb{}\u00bb][et_pb_column type=\u00bb1_2&#8243; _builder_version=\u00bb4.24.0&#8243; _module_preset=\u00bbdefault\u00bb global_colors_info=\u00bb{}\u00bb][et_pb_text _builder_version=\u00bb4.27.4&#8243; _module_preset=\u00bbdefault\u00bb background_color=\u00bb#F6FAFD\u00bb custom_padding=\u00bb30px|30px|30px|30px|true|true\u00bb border_radii=\u00bbon|3px|3px|3px|3px\u00bb box_shadow_style=\u00bbpreset4&#8243; box_shadow_horizontal=\u00bb7px\u00bb box_shadow_vertical=\u00bb7px\u00bb box_shadow_color=\u00bb#BADFF7&#8243; global_colors_info=\u00bb{}\u00bb]<\/p>\n<h2><strong data-start=\"550\" data-end=\"607\">\u00bfQu\u00e9 es el desarrollo de un programa de cumplimiento?<\/strong><\/h2>\n<p>El desarrollo de un programa de cumplimiento es un servicio estrat\u00e9gico ofrecido por ACK3 para apoyar a las organizaciones en el dise\u00f1o y mantenimiento de estructuras de cumplimiento s\u00f3lidas. Este proceso implica la <strong>evaluaci\u00f3n de pr\u00e1cticas actuales, la identificaci\u00f3n de brechas regulatorias, la creaci\u00f3n de pol\u00edticas de cumplimiento personalizadas, la capacitaci\u00f3n del personal y el establecimiento de sistemas de monitoreo continuo<\/strong>. El objetivo es prevenir conductas indebidas, garantizar el cumplimiento normativo y construir una base \u00e9tica que respalde el crecimiento sostenible y proteja la reputaci\u00f3n empresarial.<\/p>\n<p>[\/et_pb_text][\/et_pb_column][et_pb_column type=\u00bb1_2&#8243; _builder_version=\u00bb4.24.0&#8243; _module_preset=\u00bbdefault\u00bb global_colors_info=\u00bb{}\u00bb][et_pb_image src=\u00bbhttps:\/\/ack3.eu\/wp-content\/uploads\/2024\/01\/Ethics-Compliance-and-Governance-ECG.webp\u00bb alt=\u00bbConoce a tu cliente\u00bb title_text=\u00bb\u00c9tica, Cumplimiento y Gobernanza (ECG)\u00bb _builder_version=\u00bb4.27.4&#8243; _module_preset=\u00bbdefault\u00bb global_colors_info=\u00bb{}\u00bb][\/et_pb_image][\/et_pb_column][\/et_pb_row][et_pb_row _builder_version=\u00bb4.24.0&#8243; _module_preset=\u00bbdefault\u00bb global_colors_info=\u00bb{}\u00bb][et_pb_column type=\u00bb4_4&#8243; _builder_version=\u00bb4.24.0&#8243; _module_preset=\u00bbdefault\u00bb global_colors_info=\u00bb{}\u00bb][et_pb_text _builder_version=\u00bb4.27.4&#8243; _module_preset=\u00bbdefault\u00bb global_colors_info=\u00bb{}\u00bb]<\/p>\n<h3 data-start=\"1231\" data-end=\"1319\">Fomentando una cultura de cumplimiento e integridad<\/h3>\n<p data-start=\"1321\" data-end=\"1757\">El enfoque de ACK3 para el desarrollo de programas de cumplimiento es hol\u00edstico y se adapta a los riesgos espec\u00edficos, est\u00e1ndares del sector y realidades operativas de cada organizaci\u00f3n. Al integrar las mejores pr\u00e1cticas regulatorias globales con una profunda visi\u00f3n investigativa y estrat\u00e9gica, ayudamos a nuestros clientes a desarrollar programas de cumplimiento que sean tanto pr\u00e1cticos como resilientes. Nuestros servicios incluyen:<\/p>\n<ul data-start=\"1759\" data-end=\"3101\">\n<li data-start=\"1759\" data-end=\"1977\">\n<p data-start=\"1761\" data-end=\"1977\"><strong data-start=\"1761\" data-end=\"1802\">Evaluaci\u00f3n de riesgos de cumplimiento<\/strong>: Identificaci\u00f3n de riesgos internos y externos de cumplimiento en operaciones, cadenas de suministro y estructuras de gobernanza para orientar la planificaci\u00f3n estrat\u00e9gica.<\/p>\n<\/li>\n<li data-start=\"1978\" data-end=\"2213\">\n<p data-start=\"1980\" data-end=\"2213\"><strong data-start=\"1980\" data-end=\"2024\">Desarrollo de pol\u00edticas y procedimientos<\/strong>: Redacci\u00f3n e implementaci\u00f3n de pol\u00edticas y procedimientos de cumplimiento claros y personalizados que cumplan con las obligaciones regulatorias y reflejen los valores de la organizaci\u00f3n.<\/p>\n<\/li>\n<li data-start=\"2214\" data-end=\"2426\">\n<p data-start=\"2216\" data-end=\"2426\"><strong data-start=\"2216\" data-end=\"2259\">Programas de formaci\u00f3n y concienciaci\u00f3n<\/strong>: Dise\u00f1o e impartici\u00f3n de formaci\u00f3n en cumplimiento para empleados y l\u00edderes, fomentando la concienciaci\u00f3n y promoviendo un comportamiento \u00e9tico a todos los niveles.<\/p>\n<\/li>\n<li data-start=\"2427\" data-end=\"2645\">\n<p data-start=\"2429\" data-end=\"2645\"><strong data-start=\"2429\" data-end=\"2466\">Sistemas de monitoreo y auditor\u00eda<\/strong>: Establecimiento de sistemas para el monitoreo, auditor\u00eda e informes continuos del cumplimiento, asegurando la eficacia del programa y la detecci\u00f3n temprana de incumplimientos.<\/p>\n<\/li>\n<li data-start=\"2646\" data-end=\"2897\">\n<p data-start=\"2648\" data-end=\"2897\"><strong data-start=\"2648\" data-end=\"2682\">Mapeo y alineaci\u00f3n regulatoria<\/strong>: Asegurar que el programa est\u00e9 alineado con regulaciones nacionales e internacionales, incluyendo leyes anti-soborno, protecci\u00f3n de datos, prevenci\u00f3n de lavado de dinero (AML) y normativas espec\u00edficas del sector.<\/p>\n<\/li>\n<li data-start=\"2898\" data-end=\"3101\">\n<p data-start=\"2900\" data-end=\"3101\"><strong data-start=\"2900\" data-end=\"2945\">Integraci\u00f3n de la cultura de cumplimiento<\/strong>: Apoyo al liderazgo para integrar el cumplimiento en la cultura organizacional mediante iniciativas de \u00abtono desde la cima\u00bb y pr\u00e1cticas de liderazgo \u00e9tico.<\/p>\n<\/li>\n<\/ul>\n<blockquote>\n<p data-start=\"3103\" data-end=\"3451\" data-is-last-node=\"\" data-is-only-node=\"\"><strong>Con ACK3 como tu socio en el desarrollo de programas de cumplimiento, tu organizaci\u00f3n estar\u00e1 preparada para gestionar las complejidades regulatorias, minimizar la exposici\u00f3n al riesgo y promover la integridad empresarial a largo plazo. Te ayudamos a ir m\u00e1s all\u00e1 del cumplimiento como una mera formalidad, transform\u00e1ndolo en una ventaja estrat\u00e9gica.<\/strong><\/p>\n<\/blockquote>\n<p>[\/et_pb_text][et_pb_divider _builder_version=\u00bb4.27.2&#8243; _module_preset=\u00bbdefault\u00bb global_colors_info=\u00bb{}\u00bb][\/et_pb_divider][\/et_pb_column][\/et_pb_row][et_pb_row _builder_version=\u00bb4.24.0&#8243; _module_preset=\u00bbdefault\u00bb global_module=\u00bb25840410&#8243; saved_tabs=\u00bball\u00bb locked=\u00bboff\u00bb global_colors_info=\u00bb{}\u00bb][et_pb_column type=\u00bb4_4&#8243; _builder_version=\u00bb4.24.0&#8243; _module_preset=\u00bbdefault\u00bb global_colors_info=\u00bb{}\u00bb][et_pb_text _builder_version=\u00bb4.24.0&#8243; _module_preset=\u00bbe9776427-b859-4288-b0a2-c7103567bb8c\u00bb global_colors_info=\u00bb{}\u00bb]<\/p>\n<p style=\"text-align: center;\">Cont\u00e1ctanos<\/p>\n<p>[\/et_pb_text][et_pb_text _builder_version=\u00bb4.24.0&#8243; _dynamic_attributes=\u00bbcontent\u00bb _module_preset=\u00bb13ddcc34-f131-47ca-8026-edc37a2f8af8&#8243; header_2_text_align=\u00bbcenter\u00bb custom_margin=\u00bb||5px||false|false\u00bb global_colors_info=\u00bb{}\u00bb]@ET-DC@eyJkeW5hbWljIjp0cnVlLCJjb250ZW50IjoicG9zdF90aXRsZSIsInNldHRpbmdzIjp7ImJlZm9yZSI6IjxoMj4gXHUwMGJmRXN0XHUwMGUxcyBpbnRlcmVzYWRvIGVuIGxvcyBzZXJ2aWNpb3MgZGUgIiwiYWZ0ZXIiOiIgZGUgQUNLMz88L2gyPiJ9fQ==@[\/et_pb_text][et_pb_text _builder_version=\u00bb4.24.0&#8243; _module_preset=\u00bb13ddcc34-f131-47ca-8026-edc37a2f8af8&#8243; global_colors_info=\u00bb{}\u00bb]<\/p>\n<p style=\"text-align: center;\">Ponte en contacto con nosotros completando el siguiente formulario:<\/p>\n<p>[\/et_pb_text][dipi_gravity_forms_styler gf_form_id=\u00bb1&#8243; form_title=\u00bbhide\u00bb _builder_version=\u00bb4.24.0&#8243; _module_preset=\u00bbdefault\u00bb form_title_font_size=\u00bb0px\u00bb field_label_font=\u00bbTrade Gothic LT Bold Extended||||||||\u00bb field_label_font_size=\u00bb15px\u00bb required_field_indicator_font_size=\u00bb15px\u00bb field_description_font_size=\u00bb16px\u00bb checkbox_radio_label_font_size=\u00bb17px\u00bb custom_all=\u00bbon\u00bb all_text_size=\u00bb17px\u00bb all_bg_color=\u00bb#000000&#8243; all_font=\u00bb|600|||||||\u00bb all_use_icon=\u00bboff\u00bb max_width=\u00bb78%\u00bb max_width_tablet=\u00bb100%\u00bb max_width_phone=\u00bb100%\u00bb max_width_last_edited=\u00bbon|desktop\u00bb module_alignment=\u00bbcenter\u00bb global_colors_info=\u00bb{}\u00bb all_bg_color__hover_enabled=\u00bbon|hover\u00bb all_bg_color__hover=\u00bb#535353&#8243; all_bg_enable_color__hover=\u00bbon\u00bb][\/dipi_gravity_forms_styler][\/et_pb_column][\/et_pb_row][\/et_pb_section]<\/p>\n","protected":false},"excerpt":{"rendered":"<p>Construye una cultura de cumplimiento con ACK3: programas personalizados para gestionar riesgos, alineamiento normativo y proteger tu negocio.<\/p>\n","protected":false},"author":2,"featured_media":25842992,"parent":25844431,"menu_order":0,"comment_status":"closed","ping_status":"closed","template":"","meta":{"_et_pb_use_builder":"on","_et_pb_old_content":"","_et_gb_content_width":"","footnotes":""},"dipi_cpt_category":[],"class_list":["post-25857536","page","type-page","status-publish","has-post-thumbnail","hentry"],"_links":{"self":[{"href":"https:\/\/ack3.eu\/es\/wp-json\/wp\/v2\/pages\/25857536","targetHints":{"allow":["GET"]}}],"collection":[{"href":"https:\/\/ack3.eu\/es\/wp-json\/wp\/v2\/pages"}],"about":[{"href":"https:\/\/ack3.eu\/es\/wp-json\/wp\/v2\/types\/page"}],"author":[{"embeddable":true,"href":"https:\/\/ack3.eu\/es\/wp-json\/wp\/v2\/users\/2"}],"replies":[{"embeddable":true,"href":"https:\/\/ack3.eu\/es\/wp-json\/wp\/v2\/comments?post=25857536"}],"version-history":[{"count":0,"href":"https:\/\/ack3.eu\/es\/wp-json\/wp\/v2\/pages\/25857536\/revisions"}],"up":[{"embeddable":true,"href":"https:\/\/ack3.eu\/es\/wp-json\/wp\/v2\/pages\/25844431"}],"wp:featuredmedia":[{"embeddable":true,"href":"https:\/\/ack3.eu\/es\/wp-json\/wp\/v2\/media\/25842992"}],"wp:attachment":[{"href":"https:\/\/ack3.eu\/es\/wp-json\/wp\/v2\/media?parent=25857536"}],"wp:term":[{"taxonomy":"dipi_cpt_category","embeddable":true,"href":"https:\/\/ack3.eu\/es\/wp-json\/wp\/v2\/dipi_cpt_category?post=25857536"}],"curies":[{"name":"wp","href":"https:\/\/api.w.org\/{rel}","templated":true}]}}