{"id":25857001,"date":"2025-05-28T10:41:16","date_gmt":"2025-05-28T08:41:16","guid":{"rendered":"https:\/\/ack3.eu\/medios-de-comunicacion\/feindef-2027\/"},"modified":"2026-03-26T10:00:08","modified_gmt":"2026-03-26T09:00:08","slug":"feindef-2027","status":"publish","type":"page","link":"https:\/\/ack3.eu\/es\/medios-de-comunicacion\/feindef-2027\/","title":{"rendered":"FEINDEF 2027"},"content":{"rendered":"<p>[et_pb_section fb_built=\u00bb1&#8243; _builder_version=\u00bb4.24.0&#8243; _module_preset=\u00bbdefault\u00bb locked=\u00bboff\u00bb global_colors_info=\u00bb{}\u00bb][et_pb_row _builder_version=\u00bb4.24.0&#8243; _module_preset=\u00bbdefault\u00bb custom_padding=\u00bb||0px|||\u00bb locked=\u00bboff\u00bb global_colors_info=\u00bb{}\u00bb][et_pb_column type=\u00bb4_4&#8243; _builder_version=\u00bb4.24.0&#8243; _module_preset=\u00bbdefault\u00bb global_colors_info=\u00bb{}\u00bb][et_pb_text _builder_version=\u00bb4.27.4&#8243; _module_preset=\u00bb13ddcc34-f131-47ca-8026-edc37a2f8af8&#8243; global_colors_info=\u00bb{}\u00bb]<\/p>\n<h1 style=\"text-align: center;\">FEINDEF 2027<\/h1>\n<h2 style=\"text-align: center;\">Configurando el futuro de la defensa global<\/h2>\n<p style=\"text-align: center;\">Sum\u00e9rgete en el coraz\u00f3n de la innovaci\u00f3n en FEINDEF 2027, donde la experiencia de ACK3 en consultor\u00eda de defensa y seguridad (<strong>socio oficial de FEINDEF<\/strong>) potencia tu impacto estrat\u00e9gico.<\/p>\n<p>[\/et_pb_text][et_pb_text _builder_version=\u00bb4.27.4&#8243; _module_preset=\u00bb13ddcc34-f131-47ca-8026-edc37a2f8af8&#8243; global_colors_info=\u00bb{}\u00bb]<\/p>\n<h6 style=\"text-align: center;\"><span style=\"color: #badff7;\">La <strong>Feria Internacional de Defensa y Seguridad<\/strong> se celebrar\u00e1 en mayo de 2027 en Madrid.<\/span><\/h6>\n<p>[\/et_pb_text][\/et_pb_column][\/et_pb_row][et_pb_row column_structure=\u00bb1_2,1_2&#8243; module_class=\u00bbagf-vertical-align\u00bb _builder_version=\u00bb4.24.0&#8243; _module_preset=\u00bbdefault\u00bb custom_padding=\u00bb||||false|false\u00bb global_colors_info=\u00bb{}\u00bb][et_pb_column type=\u00bb1_2&#8243; _builder_version=\u00bb4.24.0&#8243; _module_preset=\u00bbdefault\u00bb global_colors_info=\u00bb{}\u00bb][et_pb_text _builder_version=\u00bb4.27.4&#8243; _module_preset=\u00bbdefault\u00bb background_color=\u00bb#F6FAFD\u00bb custom_padding=\u00bb30px|30px|30px|30px|true|true\u00bb border_radii=\u00bbon|3px|3px|3px|3px\u00bb box_shadow_style=\u00bbpreset4&#8243; box_shadow_horizontal=\u00bb7px\u00bb box_shadow_vertical=\u00bb7px\u00bb box_shadow_color=\u00bb#BADFF7&#8243; global_colors_info=\u00bb{}\u00bb]<\/p>\n<blockquote>\n<h2>\u00bfQu\u00e9 es FEINDEF?<\/h2>\n<p>FEINDEF se erige como el <strong>evento l\u00edder en defensa y seguridad a nivel global en Europa<\/strong>, reconocido como un centro de innovaci\u00f3n, colaboraci\u00f3n y pericia tecnol\u00f3gica, con sede en Madrid. Respaldada por el <a href=\"https:\/\/www.defensa.gob.es\/\" target=\"_blank\" rel=\"noopener\"><strong>Ministerio de Defensa de Espa\u00f1a<\/strong><\/a>, FEINDEF es el lugar donde convergen <strong>las capacidades de defensa m\u00e1s avanzadas y la cooperaci\u00f3n global para dar forma al futuro de la seguridad<\/strong>.<\/p>\n<\/blockquote>\n<p>[\/et_pb_text][\/et_pb_column][et_pb_column type=\u00bb1_2&#8243; _builder_version=\u00bb4.24.0&#8243; _module_preset=\u00bbdefault\u00bb global_colors_info=\u00bb{}\u00bb][et_pb_video src=\u00bbhttps:\/\/www.youtube.com\/watch?v=YD6d8ZE9Etc\u00bb _builder_version=\u00bb4.27.6&#8243; _module_preset=\u00bbdefault\u00bb global_colors_info=\u00bb{}\u00bb][\/et_pb_video][\/et_pb_column][\/et_pb_row][et_pb_row column_structure=\u00bb1_2,1_2&#8243; _builder_version=\u00bb4.24.3&#8243; _module_preset=\u00bbdefault\u00bb global_colors_info=\u00bb{}\u00bb][et_pb_column type=\u00bb1_2&#8243; _builder_version=\u00bb4.24.3&#8243; _module_preset=\u00bbdefault\u00bb global_colors_info=\u00bb{}\u00bb][et_pb_text _builder_version=\u00bb4.27.6&#8243; _module_preset=\u00bbdefault\u00bb custom_margin=\u00bb||0px|||\u00bb custom_padding=\u00bb||43px|||\u00bb global_colors_info=\u00bb{}\u00bb]<\/p>\n<h3>Evento clave en Europa para la <strong>defensa y seguridad global<\/strong><\/h3>\n<p><span style=\"font-size: 17px; font-family: 'Trade Gothic LT Regular', Helvetica, Arial, Lucida, sans-serif;\">El crecimiento del evento es sustancial en cada edici\u00f3n: los asistentes aumentaron un 89%, los expositores un 163% y el espacio un 186%. <\/span><\/p>\n<p>[\/et_pb_text][et_pb_image src=\u00bbhttps:\/\/ack3.eu\/wp-content\/uploads\/2024\/04\/FEINDEF-2025.jpg\u00bb title_text=\u00bbFEINDEF-2025&#8243; _builder_version=\u00bb4.24.3&#8243; _module_preset=\u00bbdefault\u00bb global_colors_info=\u00bb{}\u00bb][\/et_pb_image][\/et_pb_column][et_pb_column type=\u00bb1_2&#8243; _builder_version=\u00bb4.24.3&#8243; _module_preset=\u00bbdefault\u00bb global_colors_info=\u00bb{}\u00bb][et_pb_text _builder_version=\u00bb4.27.6&#8243; _module_preset=\u00bbdefault\u00bb global_colors_info=\u00bb{}\u00bb]<\/p>\n<h3><strong style=\"font-size: 17px; font-family: 'Trade Gothic LT Regular', Helvetica, Arial, Lucida, sans-serif;\">FEINDEF 2025<\/strong><span style=\"font-size: 17px; font-family: 'Trade Gothic LT Regular', Helvetica, Arial, Lucida, sans-serif;\"> marc\u00f3 un hito importante en la historia del evento, mostrando un crecimiento notable:<\/span><\/h3>\n<blockquote>\n<ul data-start=\"1131\" data-end=\"1441\">\n<li data-start=\"1131\" data-end=\"1154\">\n<p data-start=\"1133\" data-end=\"1154\"><strong>+600 expositores<\/strong><\/p>\n<\/li>\n<li data-start=\"1155\" data-end=\"1191\">\n<p data-start=\"1157\" data-end=\"1191\"><strong>93 delegaciones internacionales<\/strong><\/p>\n<\/li>\n<li data-start=\"1192\" data-end=\"1245\">\n<article class=\"text-token-text-primary w-full focus:outline-none scroll-mt-[calc(var(--header-height)+min(200px,max(70px,20svh)))]\" dir=\"auto\" data-turn-id=\"request-WEB:07c41290-1e8e-4c29-94a7-ac7207c2cf65-24\" data-testid=\"conversation-turn-16\" data-scroll-anchor=\"true\" data-turn=\"assistant\" tabindex=\"-1\">\n<div class=\"text-base my-auto mx-auto pb-10 [--thread-content-margin:--spacing(4)] thread-sm:[--thread-content-margin:--spacing(6)] thread-lg:[--thread-content-margin:--spacing(16)] px-(--thread-content-margin)\">\n<div class=\"[--thread-content-max-width:40rem] thread-lg:[--thread-content-max-width:48rem] mx-auto max-w-(--thread-content-max-width) flex-1 group\/turn-messages focus-visible:outline-hidden relative flex w-full min-w-0 flex-col agent-turn\" tabindex=\"-1\">\n<div class=\"flex max-w-full flex-col grow\">\n<div class=\"min-h-8 text-message relative flex w-full flex-col items-end gap-2 text-start break-words whitespace-normal [.text-message+&amp;]:mt-5\" dir=\"auto\" data-message-author-role=\"assistant\" data-message-id=\"a6c5af95-eb9f-4785-8580-b1f7e6b42200\" data-message-model-slug=\"gpt-5\">\n<div class=\"flex w-full flex-col gap-1 empty:hidden first:pt-[1px]\">\n<div class=\"markdown prose dark:prose-invert w-full break-words dark markdown-new-styling\">\n<p data-start=\"0\" data-end=\"80\" data-is-last-node=\"\" data-is-only-node=\"\"><strong>187 empresas internacionales de 57 pa\u00edses<\/strong>, un 50% m\u00e1s que en la edici\u00f3n anterior<\/p>\n<\/div>\n<\/div>\n<\/div>\n<\/div>\n<\/div>\n<\/div>\n<\/article>\n<\/li>\n<li data-start=\"1246\" data-end=\"1312\">\n<article class=\"text-token-text-primary w-full focus:outline-none scroll-mt-[calc(var(--header-height)+min(200px,max(70px,20svh)))]\" dir=\"auto\" data-turn-id=\"request-WEB:07c41290-1e8e-4c29-94a7-ac7207c2cf65-25\" data-testid=\"conversation-turn-18\" data-scroll-anchor=\"true\" data-turn=\"assistant\" tabindex=\"-1\">\n<div class=\"text-base my-auto mx-auto pb-10 [--thread-content-margin:--spacing(4)] thread-sm:[--thread-content-margin:--spacing(6)] thread-lg:[--thread-content-margin:--spacing(16)] px-(--thread-content-margin)\">\n<div class=\"[--thread-content-max-width:40rem] thread-lg:[--thread-content-max-width:48rem] mx-auto max-w-(--thread-content-max-width) flex-1 group\/turn-messages focus-visible:outline-hidden relative flex w-full min-w-0 flex-col agent-turn\" tabindex=\"-1\">\n<div class=\"flex max-w-full flex-col grow\">\n<div class=\"min-h-8 text-message relative flex w-full flex-col items-end gap-2 text-start break-words whitespace-normal [.text-message+&amp;]:mt-5\" dir=\"auto\" data-message-author-role=\"assistant\" data-message-id=\"fcf52976-00a2-4b66-a2f7-5e5e22b2988e\" data-message-model-slug=\"gpt-5\">\n<div class=\"flex w-full flex-col gap-1 empty:hidden first:pt-[1px]\">\n<div class=\"markdown prose dark:prose-invert w-full break-words dark markdown-new-styling\">\n<p data-start=\"0\" data-end=\"72\" data-is-last-node=\"\" data-is-only-node=\"\"><strong>7 pabellones internacionales<\/strong> (por primera vez en la historia del evento)<\/p>\n<\/div>\n<\/div>\n<\/div>\n<\/div>\n<\/div>\n<\/div>\n<\/article>\n<\/li>\n<li data-start=\"1313\" data-end=\"1387\">\n<article class=\"text-token-text-primary w-full focus:outline-none scroll-mt-[calc(var(--header-height)+min(200px,max(70px,20svh)))]\" dir=\"auto\" data-turn-id=\"0d077a84-64f2-412f-adf9-4312ed0f0e7d\" data-testid=\"conversation-turn-20\" data-scroll-anchor=\"true\" data-turn=\"assistant\" tabindex=\"-1\">\n<div class=\"text-base my-auto mx-auto pb-10 [--thread-content-margin:--spacing(4)] thread-sm:[--thread-content-margin:--spacing(6)] thread-lg:[--thread-content-margin:--spacing(16)] px-(--thread-content-margin)\">\n<div class=\"[--thread-content-max-width:40rem] thread-lg:[--thread-content-max-width:48rem] mx-auto max-w-(--thread-content-max-width) flex-1 group\/turn-messages focus-visible:outline-hidden relative flex w-full min-w-0 flex-col agent-turn\" tabindex=\"-1\">\n<div class=\"flex max-w-full flex-col grow\">\n<div class=\"min-h-8 text-message relative flex w-full flex-col items-end gap-2 text-start break-words whitespace-normal [.text-message+&amp;]:mt-5\" dir=\"auto\" data-message-author-role=\"assistant\" data-message-id=\"35070d26-833b-46bc-adca-c9bc3b52743f\" data-message-model-slug=\"gpt-5-mini\">\n<div class=\"flex w-full flex-col gap-1 empty:hidden first:pt-[1px]\">\n<div class=\"markdown prose dark:prose-invert w-full break-words dark markdown-new-styling\">\n<p data-start=\"0\" data-end=\"78\" data-is-last-node=\"\" data-is-only-node=\"\"><strong>5.900 m\u00b2 de espacio para exposiciones est\u00e1ticas<\/strong>, un aumento de m\u00e1s de <strong>4.000 m\u00b2<\/strong><\/p>\n<\/div>\n<\/div>\n<\/div>\n<\/div>\n<\/div>\n<\/div>\n<\/article>\n<\/li>\n<li data-start=\"1388\" data-end=\"1441\">\n<article class=\"text-token-text-primary w-full focus:outline-none scroll-mt-[calc(var(--header-height)+min(200px,max(70px,20svh)))]\" dir=\"auto\" data-turn-id=\"request-WEB:07c41290-1e8e-4c29-94a7-ac7207c2cf65-27\" data-testid=\"conversation-turn-22\" data-scroll-anchor=\"true\" data-turn=\"assistant\" tabindex=\"-1\">\n<div class=\"text-base my-auto mx-auto pb-10 [--thread-content-margin:--spacing(4)] thread-sm:[--thread-content-margin:--spacing(6)] thread-lg:[--thread-content-margin:--spacing(16)] px-(--thread-content-margin)\">\n<div class=\"[--thread-content-max-width:40rem] thread-lg:[--thread-content-max-width:48rem] mx-auto max-w-(--thread-content-max-width) flex-1 group\/turn-messages focus-visible:outline-hidden relative flex w-full min-w-0 flex-col agent-turn\" tabindex=\"-1\">\n<div class=\"flex max-w-full flex-col grow\">\n<div class=\"min-h-8 text-message relative flex w-full flex-col items-end gap-2 text-start break-words whitespace-normal [.text-message+&amp;]:mt-5\" dir=\"auto\" data-message-author-role=\"assistant\" data-message-id=\"532aed66-c8ce-4832-95ef-73eb1d8dfcc1\" data-message-model-slug=\"gpt-5-mini\">\n<div class=\"flex w-full flex-col gap-1 empty:hidden first:pt-[1px]\">\n<div class=\"markdown prose dark:prose-invert w-full break-words dark markdown-new-styling\">\n<p data-start=\"0\" data-end=\"66\" data-is-last-node=\"\" data-is-only-node=\"\">Casi un <strong>60\u202f% de crecimiento en el espacio de exposici\u00f3n<\/strong> en general<\/p>\n<\/div>\n<\/div>\n<\/div>\n<\/div>\n<\/div>\n<\/div>\n<\/article>\n<\/li>\n<\/ul>\n<\/blockquote>\n<article class=\"text-token-text-primary w-full focus:outline-none scroll-mt-[calc(var(--header-height)+min(200px,max(70px,20svh)))]\" dir=\"auto\" data-turn-id=\"request-WEB:07c41290-1e8e-4c29-94a7-ac7207c2cf65-30\" data-testid=\"conversation-turn-24\" data-scroll-anchor=\"true\" data-turn=\"assistant\" tabindex=\"-1\">\n<div class=\"text-base my-auto mx-auto pb-10 [--thread-content-margin:--spacing(4)] thread-sm:[--thread-content-margin:--spacing(6)] thread-lg:[--thread-content-margin:--spacing(16)] px-(--thread-content-margin)\">\n<div class=\"[--thread-content-max-width:40rem] thread-lg:[--thread-content-max-width:48rem] mx-auto max-w-(--thread-content-max-width) flex-1 group\/turn-messages focus-visible:outline-hidden relative flex w-full min-w-0 flex-col agent-turn\" tabindex=\"-1\">\n<div class=\"flex max-w-full flex-col grow\">\n<div class=\"min-h-8 text-message relative flex w-full flex-col items-end gap-2 text-start break-words whitespace-normal [.text-message+&amp;]:mt-5\" dir=\"auto\" data-message-author-role=\"assistant\" data-message-id=\"6d121eee-e52e-4d6f-a99a-80c0e9af8cf0\" data-message-model-slug=\"gpt-5-mini\">\n<div class=\"flex w-full flex-col gap-1 empty:hidden first:pt-[1px]\">\n<div class=\"markdown prose dark:prose-invert w-full break-words dark markdown-new-styling\">\n<p data-start=\"0\" data-end=\"176\" data-is-last-node=\"\" data-is-only-node=\"\">Celebrado en varios pabellones de <strong>IFEMA Madrid<\/strong>, el evento atrajo a <strong>m\u00e1s de 35.000 profesionales<\/strong>, confirmando su posici\u00f3n como una de las<strong> principales ferias de defensa en Europa<\/strong>.<\/p>\n<\/div>\n<\/div>\n<\/div>\n<\/div>\n<\/div>\n<\/div>\n<\/article>\n<p>[\/et_pb_text][\/et_pb_column][\/et_pb_row][et_pb_row column_structure=\u00bb1_2,1_2&#8243; _builder_version=\u00bb4.24.3&#8243; _module_preset=\u00bbdefault\u00bb global_colors_info=\u00bb{}\u00bb][et_pb_column type=\u00bb1_2&#8243; _builder_version=\u00bb4.24.3&#8243; _module_preset=\u00bbdefault\u00bb global_colors_info=\u00bb{}\u00bb][et_pb_text _builder_version=\u00bb4.27.6&#8243; _module_preset=\u00bbdefault\u00bb global_colors_info=\u00bb{}\u00bb]<\/p>\n<h3>Respaldado por gigantes gubernamentales<\/h3>\n<p>FEINDEF cuenta con un s\u00f3lido respaldo de varios organismos gubernamentales, lo que lo convierte en una plataforma \u00fanica en el sector de defensa y seguridad.<\/p>\n<blockquote>\n<p>Respaldado por el <a href=\"https:\/\/www.defensa.gob.es\/\" target=\"_blank\" rel=\"noopener\"><strong>Ministerio de Defensa espa\u00f1ol<\/strong><\/a> y complementado con contribuciones de entidades como la <a href=\"https:\/\/european-union.europa.eu\/index_en\" target=\"_blank\" rel=\"noopener\"><strong>Uni\u00f3n Europea<\/strong><\/a>, la <a href=\"https:\/\/www.nato.int\/nato-welcome\/index_es.html\" target=\"_blank\" rel=\"noopener\"><strong>OTAN<\/strong><\/a>, la <a href=\"https:\/\/european-union.europa.eu\/institutions-law-budget\/institutions-and-bodies\/search-all-eu-institutions-and-bodies\/european-defence-agency-eda_es\" target=\"_blank\" rel=\"noopener\"><strong>Agencia Europea de Defensa<\/strong><\/a>, las <a href=\"https:\/\/www.un.org\/en\/?\" target=\"_blank\" rel=\"noopener\"><strong>Naciones Unidas<\/strong> <\/a>y los ministerios nacionales, fomenta un entorno de colaboraci\u00f3n para la innovaci\u00f3n y los avances en seguridad, posicion\u00e1ndolo como un punto de encuentro crucial para las comunidades internacionales de defensa.<\/p>\n<\/blockquote>\n<p>[\/et_pb_text][et_pb_image src=\u00bbhttps:\/\/ack3.eu\/wp-content\/uploads\/2024\/04\/Ministerio-de-Defensa-de-Espana-UE.jpg\u00bb title_text=\u00bbMinisterio-de-Defensa-de-Espan\u0303a-UE\u00bb url=\u00bbhttps:\/\/emad.defensa.gob.es\/en\/\u00bb _builder_version=\u00bb4.24.3&#8243; _module_preset=\u00bbdefault\u00bb global_colors_info=\u00bb{}\u00bb][\/et_pb_image][\/et_pb_column][et_pb_column type=\u00bb1_2&#8243; _builder_version=\u00bb4.24.3&#8243; _module_preset=\u00bbdefault\u00bb global_colors_info=\u00bb{}\u00bb][et_pb_image src=\u00bbhttps:\/\/ack3.eu\/wp-content\/uploads\/2024\/04\/FEINDEF-MINISTRY-OF-DEFENSE.jpg\u00bb title_text=\u00bbFEINDEF-MINISTRY-OF-DEFENSE\u00bb _builder_version=\u00bb4.24.3&#8243; _module_preset=\u00bbdefault\u00bb min_height=\u00bb358.6px\u00bb custom_padding=\u00bb28px|||||\u00bb global_colors_info=\u00bb{}\u00bb][\/et_pb_image][\/et_pb_column][\/et_pb_row][et_pb_row _builder_version=\u00bb4.24.0&#8243; _module_preset=\u00bbdefault\u00bb global_colors_info=\u00bb{}\u00bb][et_pb_column type=\u00bb4_4&#8243; _builder_version=\u00bb4.24.0&#8243; _module_preset=\u00bbdefault\u00bb global_colors_info=\u00bb{}\u00bb][et_pb_text _builder_version=\u00bb4.27.4&#8243; _module_preset=\u00bbdefault\u00bb global_colors_info=\u00bb{}\u00bb]<\/p>\n<h3 style=\"text-align: center;\">Crecimiento internacional de FEINDEF<\/h3>\n<p style=\"text-align: center;\" data-start=\"2110\" data-end=\"2356\"><b>En tan solo cuatro ediciones, FEINDEF ha madurado hasta convertirse en un evento de referencia mundial.<\/b> La edici\u00f3n de 2025 cont\u00f3 con <span class=\"math-inline\"><span class=\"katex\"><span class=\"katex-html\" aria-hidden=\"true\"><span class=\"base\"><span class=\"mord\"><span class=\"mord mathbf\">57<\/span><span class=\"mspace\">\u00a0<\/span><span class=\"mord text\">naciones<\/span><\/span><\/span><\/span><\/span><\/span>, con un aumento del <span class=\"math-inline\"><span class=\"katex\"><span class=\"katex-html\" aria-hidden=\"true\"><span class=\"base\"><span class=\"mord\"><span class=\"mord mathbf\">50<\/span><span class=\"mspace\">\u00a0<\/span><span class=\"mord mathbf\">%<\/span><\/span><\/span><\/span><\/span><\/span> en la participaci\u00f3n de la industria extranjera y el debut de pabellones nacionales de socios internacionales clave. De cara al futuro, se espera que <b>FEINDEF 2027<\/b> ampl\u00ede su alcance internacional, <b>consolidando su papel como plataforma clave para la colaboraci\u00f3n industrial, el intercambio tecnol\u00f3gico y la autonom\u00eda estrat\u00e9gica en el sector de la defensa de Europa.<\/b><\/p>\n<p>[\/et_pb_text][et_pb_image src=\u00bbhttps:\/\/ack3.eu\/wp-content\/uploads\/2025\/05\/FEINDEF-25-Inauguration-international-delegations.jpg\u00bb title_text=\u00bbFEINDEF-25-Inauguration-international-delegations\u00bb align=\u00bbcenter\u00bb _builder_version=\u00bb4.27.4&#8243; _module_preset=\u00bbdefault\u00bb global_colors_info=\u00bb{}\u00bb][\/et_pb_image][et_pb_text _builder_version=\u00bb4.27.4&#8243; _module_preset=\u00bbdefault\u00bb custom_margin=\u00bb-15px|||||\u00bb global_colors_info=\u00bb{}\u00bb]<\/p>\n<pre style=\"text-align: center;\">Imagen de las representaciones internacionales en FEINDEF 2025.<\/pre>\n<p>[\/et_pb_text][\/et_pb_column][\/et_pb_row][et_pb_row _builder_version=\u00bb4.24.0&#8243; _module_preset=\u00bbdefault\u00bb global_colors_info=\u00bb{}\u00bb][et_pb_column type=\u00bb4_4&#8243; _builder_version=\u00bb4.24.0&#8243; _module_preset=\u00bbdefault\u00bb global_colors_info=\u00bb{}\u00bb][et_pb_text _builder_version=\u00bb4.27.4&#8243; _module_preset=\u00bbdefault\u00bb global_colors_info=\u00bb{}\u00bb]<\/p>\n<h3>Participar con ACK3: <strong>partner oficial con beneficios exclusivos<\/strong><\/h3>\n<p>Colaborar con ACK3 en FEINDEF significa un acceso sin igual a redes clave, consultor\u00eda personalizada y visibilidad mejorada, posicion\u00e1ndote en la vanguardia de la innovaci\u00f3n en defensa. Te apoyamos con:\u00a0<\/p>\n<ul>\n<li class=\"p2\"><b>Networking estrat\u00e9gico<\/b>: Con\u00e9ctate con l\u00edderes de la industria y tomadores de decisiones.<\/li>\n<li class=\"p2\"><b>Visibilidad mejorada<\/b>: Eleva la presencia de tu marca en un mercado competitivo.<\/li>\n<li class=\"p2\"><b>Informaci\u00f3n experta<\/b>: Benef\u00edciate del profundo conocimiento de la industria y las tendencias de ACK3.<\/li>\n<li class=\"p2\"><b>Apoyo personalizado<\/b>: Desde log\u00edstica hasta marketing, recibe asistencia adaptada.<\/li>\n<li class=\"p2\"><b>Oportunidades de crecimiento<\/b>: Explora nuevas asociaciones y v\u00edas de negocio.<\/li>\n<li class=\"p2\"><strong>Construcci\u00f3n de stands personalizados:<\/strong> Ofrecemos montajes de stands adaptados a distintos presupuestos, trabajando con empresas locales especializadas para garantizar que tus necesidades se cumplan de manera eficaz.<\/li>\n<\/ul>\n<blockquote>\n<p>En conclusi\u00f3n, aprovechar la colaboraci\u00f3n con ACK3 en FEINDEF va m\u00e1s all\u00e1 de la participaci\u00f3n; es un <strong>movimiento estrat\u00e9gico hacia la configuraci\u00f3n del futuro de la defensa global, fomentando conexiones de gran valor y orient\u00e1ndote hacia un crecimiento sin precedentes<\/strong>.<\/p>\n<\/blockquote>\n<p>[\/et_pb_text][et_pb_divider _builder_version=\u00bb4.27.4&#8243; _module_preset=\u00bbdefault\u00bb global_colors_info=\u00bb{}\u00bb][\/et_pb_divider][\/et_pb_column][\/et_pb_row][et_pb_row _builder_version=\u00bb4.24.0&#8243; _module_preset=\u00bbdefault\u00bb global_module=\u00bb25840410&#8243; saved_tabs=\u00bball\u00bb locked=\u00bboff\u00bb global_colors_info=\u00bb{}\u00bb][et_pb_column type=\u00bb4_4&#8243; _builder_version=\u00bb4.24.0&#8243; _module_preset=\u00bbdefault\u00bb global_colors_info=\u00bb{}\u00bb][et_pb_text _builder_version=\u00bb4.24.0&#8243; _module_preset=\u00bbe9776427-b859-4288-b0a2-c7103567bb8c\u00bb global_colors_info=\u00bb{}\u00bb]<\/p>\n<p style=\"text-align: center;\">Cont\u00e1ctanos<\/p>\n<p>[\/et_pb_text][et_pb_text _builder_version=\u00bb4.24.0&#8243; _dynamic_attributes=\u00bbcontent\u00bb _module_preset=\u00bb13ddcc34-f131-47ca-8026-edc37a2f8af8&#8243; header_2_text_align=\u00bbcenter\u00bb custom_margin=\u00bb||5px||false|false\u00bb global_colors_info=\u00bb{}\u00bb]@ET-DC@eyJkeW5hbWljIjp0cnVlLCJjb250ZW50IjoicG9zdF90aXRsZSIsInNldHRpbmdzIjp7ImJlZm9yZSI6IjxoMj4gXHUwMGJmRXN0XHUwMGUxcyBpbnRlcmVzYWRvIGVuIGxvcyBzZXJ2aWNpb3MgZGUgIiwiYWZ0ZXIiOiIgZGUgQUNLMz88L2gyPiJ9fQ==@[\/et_pb_text][et_pb_text _builder_version=\u00bb4.24.0&#8243; _module_preset=\u00bb13ddcc34-f131-47ca-8026-edc37a2f8af8&#8243; global_colors_info=\u00bb{}\u00bb]<\/p>\n<p style=\"text-align: center;\">Ponte en contacto con nosotros completando el siguiente formulario:<\/p>\n<p>[\/et_pb_text][dipi_gravity_forms_styler gf_form_id=\u00bb1&#8243; form_title=\u00bbhide\u00bb _builder_version=\u00bb4.24.0&#8243; _module_preset=\u00bbdefault\u00bb form_title_font_size=\u00bb0px\u00bb field_label_font=\u00bbTrade Gothic LT Bold Extended||||||||\u00bb field_label_font_size=\u00bb15px\u00bb required_field_indicator_font_size=\u00bb15px\u00bb field_description_font_size=\u00bb16px\u00bb checkbox_radio_label_font_size=\u00bb17px\u00bb custom_all=\u00bbon\u00bb all_text_size=\u00bb17px\u00bb all_bg_color=\u00bb#000000&#8243; all_font=\u00bb|600|||||||\u00bb all_use_icon=\u00bboff\u00bb max_width=\u00bb78%\u00bb max_width_tablet=\u00bb100%\u00bb max_width_phone=\u00bb100%\u00bb max_width_last_edited=\u00bbon|desktop\u00bb module_alignment=\u00bbcenter\u00bb global_colors_info=\u00bb{}\u00bb all_bg_color__hover_enabled=\u00bbon|hover\u00bb all_bg_color__hover=\u00bb#535353&#8243; all_bg_enable_color__hover=\u00bbon\u00bb][\/dipi_gravity_forms_styler][\/et_pb_column][\/et_pb_row][\/et_pb_section]<\/p>\n","protected":false},"excerpt":{"rendered":"<p>Feria internacional de defensa y seguridad en Europa. Networking, tecnolog\u00eda y acceso clave al sector con ACK3 en FEINDEF 2027.<\/p>\n","protected":false},"author":3,"featured_media":25855928,"parent":25843873,"menu_order":0,"comment_status":"closed","ping_status":"closed","template":"","meta":{"_et_pb_use_builder":"on","_et_pb_old_content":"","_et_gb_content_width":"","footnotes":""},"dipi_cpt_category":[],"class_list":["post-25857001","page","type-page","status-publish","has-post-thumbnail","hentry"],"_links":{"self":[{"href":"https:\/\/ack3.eu\/es\/wp-json\/wp\/v2\/pages\/25857001","targetHints":{"allow":["GET"]}}],"collection":[{"href":"https:\/\/ack3.eu\/es\/wp-json\/wp\/v2\/pages"}],"about":[{"href":"https:\/\/ack3.eu\/es\/wp-json\/wp\/v2\/types\/page"}],"author":[{"embeddable":true,"href":"https:\/\/ack3.eu\/es\/wp-json\/wp\/v2\/users\/3"}],"replies":[{"embeddable":true,"href":"https:\/\/ack3.eu\/es\/wp-json\/wp\/v2\/comments?post=25857001"}],"version-history":[{"count":0,"href":"https:\/\/ack3.eu\/es\/wp-json\/wp\/v2\/pages\/25857001\/revisions"}],"up":[{"embeddable":true,"href":"https:\/\/ack3.eu\/es\/wp-json\/wp\/v2\/pages\/25843873"}],"wp:featuredmedia":[{"embeddable":true,"href":"https:\/\/ack3.eu\/es\/wp-json\/wp\/v2\/media\/25855928"}],"wp:attachment":[{"href":"https:\/\/ack3.eu\/es\/wp-json\/wp\/v2\/media?parent=25857001"}],"wp:term":[{"taxonomy":"dipi_cpt_category","embeddable":true,"href":"https:\/\/ack3.eu\/es\/wp-json\/wp\/v2\/dipi_cpt_category?post=25857001"}],"curies":[{"name":"wp","href":"https:\/\/api.w.org\/{rel}","templated":true}]}}