{"id":25856262,"date":"2025-05-06T07:09:01","date_gmt":"2025-05-06T05:09:01","guid":{"rendered":"https:\/\/ack3.eu\/servicios\/mission-critical-support\/technical-surveillance-countermeasures-tscm\/"},"modified":"2025-06-02T15:17:51","modified_gmt":"2025-06-02T13:17:51","slug":"contramedidas-tecnicas-vigilancia-tscm","status":"publish","type":"page","link":"https:\/\/ack3.eu\/es\/servicios\/mission-critical-support\/contramedidas-tecnicas-vigilancia-tscm\/","title":{"rendered":"Contramedidas T\u00e9cnicas de Vigilancia (TSCM)"},"content":{"rendered":"<p>[et_pb_section fb_built=\u00bb1&#8243; _builder_version=\u00bb4.24.0&#8243; _module_preset=\u00bbdefault\u00bb background_color=\u00bb#000000&#8243; background_pattern_repeat_origin=\u00bbcenter\u00bb custom_padding=\u00bb13px||13px||true|false\u00bb saved_tabs=\u00bball\u00bb locked=\u00bboff\u00bb global_colors_info=\u00bb{}\u00bb][et_pb_row _builder_version=\u00bb4.24.0&#8243; _module_preset=\u00bb32edda46-f9f8-4bcc-acb6-81abff8182ae\u00bb custom_margin=\u00bb||0px||false|false\u00bb custom_padding=\u00bb4px||4px||true|false\u00bb global_colors_info=\u00bb{}\u00bb][et_pb_column type=\u00bb4_4&#8243; _builder_version=\u00bb4.20.4&#8243; _module_preset=\u00bbdefault\u00bb global_colors_info=\u00bb{}\u00bb][dipi_breadcrumbs bc_home_text=\u00bbHome\u00bb bc_home_url=\u00bb\/\u00bb bc_items_alignment=\u00bbdipi-bc-left\u00bb bc_item_padding=\u00bb|10px||10px|false|true\u00bb bc_active_item_padding=\u00bb|20px||10px|true|false\u00bb _builder_version=\u00bb4.24.0&#8243; _module_preset=\u00bbdefault\u00bb active_text_color=\u00bb#BADFF7&#8243; global_colors_info=\u00bb{}\u00bb][\/dipi_breadcrumbs][\/et_pb_column][\/et_pb_row][\/et_pb_section][et_pb_section fb_built=\u00bb1&#8243; _builder_version=\u00bb4.24.0&#8243; _module_preset=\u00bbdefault\u00bb locked=\u00bboff\u00bb global_colors_info=\u00bb{}\u00bb][et_pb_row _builder_version=\u00bb4.24.0&#8243; _module_preset=\u00bbdefault\u00bb locked=\u00bboff\u00bb global_colors_info=\u00bb{}\u00bb][et_pb_column type=\u00bb4_4&#8243; _builder_version=\u00bb4.24.0&#8243; _module_preset=\u00bbdefault\u00bb global_colors_info=\u00bb{}\u00bb][et_pb_text _builder_version=\u00bb4.27.4&#8243; _module_preset=\u00bb13ddcc34-f131-47ca-8026-edc37a2f8af8&#8243; hover_enabled=\u00bb0&#8243; global_colors_info=\u00bb{}\u00bb sticky_enabled=\u00bb0&#8243;]<\/p>\n<h1 style=\"text-align: center;\" data-start=\"61\" data-end=\"108\">Contramedidas T\u00e9cnicas de Vigilancia (TSCM)<\/h1>\n<p style=\"text-align: center;\" data-start=\"110\" data-end=\"552\">El servicio de Contramedidas T\u00e9cnicas de Vigilancia (TSCM) de ACK3 es una soluci\u00f3n especializada dise\u00f1ada para<strong> detectar, identificar y neutralizar amenazas de vigilancia no autorizadas<\/strong>. En una era en la que el espionaje y las filtraciones de informaci\u00f3n pueden comprometer la continuidad del negocio, la reputaci\u00f3n e incluso la seguridad nacional, nuestros servicios TSCM brindan una protecci\u00f3n vital para entornos e individuos sensibles.<\/p>\n<p>[\/et_pb_text][\/et_pb_column][\/et_pb_row][et_pb_row column_structure=\u00bb1_2,1_2&#8243; module_class=\u00bbagf-vertical-align\u00bb _builder_version=\u00bb4.24.0&#8243; _module_preset=\u00bbdefault\u00bb custom_padding=\u00bb||||false|false\u00bb global_colors_info=\u00bb{}\u00bb][et_pb_column type=\u00bb1_2&#8243; _builder_version=\u00bb4.24.0&#8243; _module_preset=\u00bbdefault\u00bb global_colors_info=\u00bb{}\u00bb][et_pb_text _builder_version=\u00bb4.27.4&#8243; _module_preset=\u00bbdefault\u00bb background_color=\u00bb#F6FAFD\u00bb custom_padding=\u00bb30px|30px|30px|30px|true|true\u00bb hover_enabled=\u00bb0&#8243; border_radii=\u00bbon|3px|3px|3px|3px\u00bb box_shadow_style=\u00bbpreset4&#8243; box_shadow_horizontal=\u00bb7px\u00bb box_shadow_vertical=\u00bb7px\u00bb box_shadow_color=\u00bb#BADFF7&#8243; global_colors_info=\u00bb{}\u00bb sticky_enabled=\u00bb0&#8243;]<\/p>\n<h2 data-start=\"615\" data-end=\"671\">\u00bfQu\u00e9 son las Contramedidas T\u00e9cnicas de Vigilancia (TSCM)?<\/h2>\n<p data-start=\"615\" data-end=\"671\">Las TSCM consisten en la <strong>detecci\u00f3n y mitigaci\u00f3n de dispositivos electr\u00f3nicos de vigilancia como micr\u00f3fonos ocultos, c\u00e1maras, rastreadores GPS y herramientas de transmisi\u00f3n de datos.<\/strong> Estos servicios protegen contra el espionaje corporativo, la recolecci\u00f3n il\u00edcita de datos y la interceptaci\u00f3n de comunicaciones\u2014amenazas que pueden provenir de competidores, infiltrados o entidades hostiles. ACK3 emplea tecnolog\u00edas avanzadas de detecci\u00f3n y analistas expertos para identificar vulnerabilidades y proteger la informaci\u00f3n m\u00e1s confidencial de su organizaci\u00f3n, ya sea en salas de juntas, oficinas, residencias o veh\u00edculos.<\/p>\n<p>[\/et_pb_text][\/et_pb_column][et_pb_column type=\u00bb1_2&#8243; _builder_version=\u00bb4.24.0&#8243; _module_preset=\u00bbdefault\u00bb global_colors_info=\u00bb{}\u00bb][et_pb_image src=\u00bbhttps:\/\/ack3.eu\/wp-content\/uploads\/2024\/02\/Mission-Critical-Support-2.webp\u00bb title_text=\u00bbMission-Critical-Support-2&#8243; _builder_version=\u00bb4.27.4&#8243; _module_preset=\u00bbdefault\u00bb global_colors_info=\u00bb{}\u00bb][\/et_pb_image][\/et_pb_column][\/et_pb_row][et_pb_row _builder_version=\u00bb4.24.0&#8243; _module_preset=\u00bbdefault\u00bb global_colors_info=\u00bb{}\u00bb][et_pb_column type=\u00bb4_4&#8243; _builder_version=\u00bb4.24.0&#8243; _module_preset=\u00bbdefault\u00bb global_colors_info=\u00bb{}\u00bb][et_pb_text _builder_version=\u00bb4.27.4&#8243; _module_preset=\u00bbdefault\u00bb hover_enabled=\u00bb0&#8243; global_colors_info=\u00bb{}\u00bb sticky_enabled=\u00bb0&#8243;]<\/p>\n<h3 data-start=\"1268\" data-end=\"1321\">Protegiendo su privacidad, activos e inteligencia<\/h3>\n<p data-start=\"1323\" data-end=\"1665\">Nuestros servicios TSCM est\u00e1n dise\u00f1ados para entornos de alto riesgo y objetivos de alto valor, asegurando que las conversaciones privadas y la informaci\u00f3n estrat\u00e9gica permanezcan seguras. Operamos en una amplia gama de sectores cr\u00edticos, incluyendo el corporativo, gubernamental, diplom\u00e1tico y de defensa. Nuestras capacidades TSCM incluyen:<\/p>\n<ul data-start=\"1667\" data-end=\"2974\">\n<li data-start=\"1667\" data-end=\"1886\">\n<p data-start=\"1669\" data-end=\"1886\"><strong data-start=\"1669\" data-end=\"1708\">Barridos electr\u00f3nicos (bug sweeps):<\/strong> Detecci\u00f3n de micr\u00f3fonos ocultos, c\u00e1maras, rastreadores GPS y dispositivos de transmisi\u00f3n inal\u00e1mbrica mediante herramientas especializadas de an\u00e1lisis de RF, espectro y t\u00e9rmicas.<\/p>\n<\/li>\n<li data-start=\"1888\" data-end=\"2058\">\n<p data-start=\"1890\" data-end=\"2058\"><strong data-start=\"1890\" data-end=\"1915\">Inspecciones f\u00edsicas:<\/strong> Revisi\u00f3n manual exhaustiva de habitaciones, muebles, equipos electr\u00f3nicos e infraestructura para localizar dispositivos de vigilancia ocultos.<\/p>\n<\/li>\n<li data-start=\"2060\" data-end=\"2251\">\n<p data-start=\"2062\" data-end=\"2251\"><strong data-start=\"2062\" data-end=\"2104\">An\u00e1lisis forense cibern\u00e9tico y de red:<\/strong> Evaluaci\u00f3n de sistemas inform\u00e1ticos, redes y dispositivos m\u00f3viles para identificar accesos no autorizados, software esp\u00eda y filtraciones de datos.<\/p>\n<\/li>\n<li data-start=\"2253\" data-end=\"2398\">\n<p data-start=\"2255\" data-end=\"2398\"><strong data-start=\"2255\" data-end=\"2290\">Evaluaciones de vulnerabilidad:<\/strong> An\u00e1lisis de entornos f\u00edsicos y digitales para detectar riesgos de vigilancia y debilidades en la seguridad.<\/p>\n<\/li>\n<li data-start=\"2400\" data-end=\"2578\">\n<p data-start=\"2402\" data-end=\"2578\"><strong data-start=\"2402\" data-end=\"2437\">Dise\u00f1o de Salas Seguras (SCIF):<\/strong> Asesoramiento y soporte para la construcci\u00f3n de instalaciones de informaci\u00f3n compartimentada seguras, conforme a est\u00e1ndares internacionales.<\/p>\n<\/li>\n<li data-start=\"2580\" data-end=\"2739\">\n<p data-start=\"2582\" data-end=\"2739\"><strong data-start=\"2582\" data-end=\"2628\">Respuesta a incidentes y descontaminaci\u00f3n:<\/strong> Acci\u00f3n inmediata para aislar, eliminar y neutralizar dispositivos o software de vigilancia una vez detectados.<\/p>\n<\/li>\n<li data-start=\"2741\" data-end=\"2974\">\n<p data-start=\"2743\" data-end=\"2974\"><strong data-start=\"2743\" data-end=\"2777\">Capacitaci\u00f3n y concienciaci\u00f3n:<\/strong> Programas especializados de formaci\u00f3n TSCM para equipos de seguridad, ejecutivos y personal clave, para reconocer amenazas de vigilancia y aplicar buenas pr\u00e1cticas en la protecci\u00f3n de informaci\u00f3n.<\/p>\n<\/li>\n<\/ul>\n<blockquote>\n<p data-start=\"2976\" data-end=\"3272\"><strong>Con los servicios TSCM de ACK3, tu organizaci\u00f3n adquiere la capacidad de operar con seguridad y confianza en entornos donde la informaci\u00f3n es un objetivo prioritario. Te ayudamos a prevenir filtraciones de datos, proteger las comunicaciones ejecutivas y mantener la integridad de tus operaciones.<\/strong><\/p>\n<\/blockquote>\n<p>[\/et_pb_text][et_pb_divider _builder_version=\u00bb4.27.2&#8243; _module_preset=\u00bbdefault\u00bb global_colors_info=\u00bb{}\u00bb][\/et_pb_divider][\/et_pb_column][\/et_pb_row][et_pb_row _builder_version=\u00bb4.24.0&#8243; _module_preset=\u00bbdefault\u00bb global_module=\u00bb25840410&#8243; saved_tabs=\u00bball\u00bb locked=\u00bboff\u00bb global_colors_info=\u00bb{}\u00bb][et_pb_column type=\u00bb4_4&#8243; _builder_version=\u00bb4.24.0&#8243; _module_preset=\u00bbdefault\u00bb global_colors_info=\u00bb{}\u00bb][et_pb_text _builder_version=\u00bb4.24.0&#8243; _module_preset=\u00bbe9776427-b859-4288-b0a2-c7103567bb8c\u00bb global_colors_info=\u00bb{}\u00bb]<\/p>\n<p style=\"text-align: center;\">Cont\u00e1ctanos<\/p>\n<p>[\/et_pb_text][et_pb_text _builder_version=\u00bb4.24.0&#8243; _dynamic_attributes=\u00bbcontent\u00bb _module_preset=\u00bb13ddcc34-f131-47ca-8026-edc37a2f8af8&#8243; header_2_text_align=\u00bbcenter\u00bb custom_margin=\u00bb||5px||false|false\u00bb global_colors_info=\u00bb{}\u00bb]@ET-DC@eyJkeW5hbWljIjp0cnVlLCJjb250ZW50IjoicG9zdF90aXRsZSIsInNldHRpbmdzIjp7ImJlZm9yZSI6IjxoMj4gXHUwMGJmRXN0XHUwMGUxcyBpbnRlcmVzYWRvIGVuIGxvcyBzZXJ2aWNpb3MgZGUgIiwiYWZ0ZXIiOiIgZGUgQUNLMz88L2gyPiJ9fQ==@[\/et_pb_text][et_pb_text _builder_version=\u00bb4.24.0&#8243; _module_preset=\u00bb13ddcc34-f131-47ca-8026-edc37a2f8af8&#8243; global_colors_info=\u00bb{}\u00bb]<\/p>\n<p style=\"text-align: center;\">Ponte en contacto con nosotros completando el siguiente formulario:<\/p>\n<p>[\/et_pb_text][dipi_gravity_forms_styler gf_form_id=\u00bb1&#8243; form_title=\u00bbhide\u00bb _builder_version=\u00bb4.24.0&#8243; _module_preset=\u00bbdefault\u00bb form_title_font_size=\u00bb0px\u00bb field_label_font=\u00bbTrade Gothic LT Bold Extended||||||||\u00bb field_label_font_size=\u00bb15px\u00bb required_field_indicator_font_size=\u00bb15px\u00bb field_description_font_size=\u00bb16px\u00bb checkbox_radio_label_font_size=\u00bb17px\u00bb custom_all=\u00bbon\u00bb all_text_size=\u00bb17px\u00bb all_bg_color=\u00bb#000000&#8243; all_font=\u00bb|600|||||||\u00bb all_use_icon=\u00bboff\u00bb max_width=\u00bb78%\u00bb max_width_tablet=\u00bb100%\u00bb max_width_phone=\u00bb100%\u00bb max_width_last_edited=\u00bbon|desktop\u00bb module_alignment=\u00bbcenter\u00bb global_colors_info=\u00bb{}\u00bb all_bg_color__hover_enabled=\u00bbon|hover\u00bb all_bg_color__hover=\u00bb#535353&#8243; all_bg_enable_color__hover=\u00bbon\u00bb][\/dipi_gravity_forms_styler][\/et_pb_column][\/et_pb_row][\/et_pb_section]<\/p>\n","protected":false},"excerpt":{"rendered":"<p>Protege informaci\u00f3n con los servicios TSCM de ACK3: barridos electr\u00f3nicos, an\u00e1lisis forense cibern\u00e9tico y creaci\u00f3n de zonas seguras.<\/p>\n","protected":false},"author":2,"featured_media":25843021,"parent":25844008,"menu_order":0,"comment_status":"closed","ping_status":"closed","template":"","meta":{"_et_pb_use_builder":"on","_et_pb_old_content":"","_et_gb_content_width":"","footnotes":""},"dipi_cpt_category":[],"class_list":["post-25856262","page","type-page","status-publish","has-post-thumbnail","hentry"],"_links":{"self":[{"href":"https:\/\/ack3.eu\/es\/wp-json\/wp\/v2\/pages\/25856262","targetHints":{"allow":["GET"]}}],"collection":[{"href":"https:\/\/ack3.eu\/es\/wp-json\/wp\/v2\/pages"}],"about":[{"href":"https:\/\/ack3.eu\/es\/wp-json\/wp\/v2\/types\/page"}],"author":[{"embeddable":true,"href":"https:\/\/ack3.eu\/es\/wp-json\/wp\/v2\/users\/2"}],"replies":[{"embeddable":true,"href":"https:\/\/ack3.eu\/es\/wp-json\/wp\/v2\/comments?post=25856262"}],"version-history":[{"count":0,"href":"https:\/\/ack3.eu\/es\/wp-json\/wp\/v2\/pages\/25856262\/revisions"}],"up":[{"embeddable":true,"href":"https:\/\/ack3.eu\/es\/wp-json\/wp\/v2\/pages\/25844008"}],"wp:featuredmedia":[{"embeddable":true,"href":"https:\/\/ack3.eu\/es\/wp-json\/wp\/v2\/media\/25843021"}],"wp:attachment":[{"href":"https:\/\/ack3.eu\/es\/wp-json\/wp\/v2\/media?parent=25856262"}],"wp:term":[{"taxonomy":"dipi_cpt_category","embeddable":true,"href":"https:\/\/ack3.eu\/es\/wp-json\/wp\/v2\/dipi_cpt_category?post=25856262"}],"curies":[{"name":"wp","href":"https:\/\/api.w.org\/{rel}","templated":true}]}}