{"id":25856245,"date":"2025-05-05T14:36:36","date_gmt":"2025-05-05T12:36:36","guid":{"rendered":"https:\/\/ack3.eu\/servicios\/mission-critical-support\/security-and-protection-services\/"},"modified":"2025-06-02T14:41:28","modified_gmt":"2025-06-02T12:41:28","slug":"servicios-seguridad-proteccion","status":"publish","type":"page","link":"https:\/\/ack3.eu\/es\/servicios\/mission-critical-support\/servicios-seguridad-proteccion\/","title":{"rendered":"Servicios de seguridad y protecci\u00f3n"},"content":{"rendered":"<p>[et_pb_section fb_built=\u00bb1&#8243; _builder_version=\u00bb4.24.0&#8243; _module_preset=\u00bbdefault\u00bb background_color=\u00bb#000000&#8243; background_pattern_repeat_origin=\u00bbcenter\u00bb custom_padding=\u00bb13px||13px||true|false\u00bb saved_tabs=\u00bball\u00bb locked=\u00bboff\u00bb global_colors_info=\u00bb{}\u00bb][et_pb_row _builder_version=\u00bb4.24.0&#8243; _module_preset=\u00bb32edda46-f9f8-4bcc-acb6-81abff8182ae\u00bb custom_margin=\u00bb||0px||false|false\u00bb custom_padding=\u00bb4px||4px||true|false\u00bb global_colors_info=\u00bb{}\u00bb][et_pb_column type=\u00bb4_4&#8243; _builder_version=\u00bb4.20.4&#8243; _module_preset=\u00bbdefault\u00bb global_colors_info=\u00bb{}\u00bb][dipi_breadcrumbs bc_home_text=\u00bbHome\u00bb bc_home_url=\u00bb\/\u00bb bc_items_alignment=\u00bbdipi-bc-left\u00bb bc_item_padding=\u00bb|10px||10px|false|true\u00bb bc_active_item_padding=\u00bb|20px||10px|true|false\u00bb _builder_version=\u00bb4.24.0&#8243; _module_preset=\u00bbdefault\u00bb active_text_color=\u00bb#BADFF7&#8243; global_colors_info=\u00bb{}\u00bb][\/dipi_breadcrumbs][\/et_pb_column][\/et_pb_row][\/et_pb_section][et_pb_section fb_built=\u00bb1&#8243; _builder_version=\u00bb4.24.0&#8243; _module_preset=\u00bbdefault\u00bb locked=\u00bboff\u00bb global_colors_info=\u00bb{}\u00bb][et_pb_row _builder_version=\u00bb4.24.0&#8243; _module_preset=\u00bbdefault\u00bb locked=\u00bboff\u00bb global_colors_info=\u00bb{}\u00bb][et_pb_column type=\u00bb4_4&#8243; _builder_version=\u00bb4.24.0&#8243; _module_preset=\u00bbdefault\u00bb global_colors_info=\u00bb{}\u00bb][et_pb_text _builder_version=\u00bb4.27.4&#8243; _module_preset=\u00bb13ddcc34-f131-47ca-8026-edc37a2f8af8&#8243; hover_enabled=\u00bb0&#8243; global_colors_info=\u00bb{}\u00bb sticky_enabled=\u00bb0&#8243;]<\/p>\n<h1 style=\"text-align: center;\" data-start=\"68\" data-end=\"107\">Servicios de seguridad y protecci\u00f3n<\/h1>\n<p style=\"text-align: center;\" data-start=\"109\" data-end=\"531\">Los servicios de seguridad y protecci\u00f3n de ACK3 ofrecen <strong>soluciones especializadas para salvaguardar a las personas, los activos y las operaciones en entornos complejos y de alto riesgo<\/strong>. Con un enfoque en la adaptabilidad, la discreci\u00f3n y la eficiencia operativa, nuestros servicios son confiables para corporaciones, entidades gubernamentales y organizaciones internacionales que enfrentan desaf\u00edos de seguridad din\u00e1micos.<\/p>\n<p>[\/et_pb_text][\/et_pb_column][\/et_pb_row][et_pb_row column_structure=\u00bb1_2,1_2&#8243; module_class=\u00bbagf-vertical-align\u00bb _builder_version=\u00bb4.24.0&#8243; _module_preset=\u00bbdefault\u00bb custom_padding=\u00bb||||false|false\u00bb global_colors_info=\u00bb{}\u00bb][et_pb_column type=\u00bb1_2&#8243; _builder_version=\u00bb4.24.0&#8243; _module_preset=\u00bbdefault\u00bb global_colors_info=\u00bb{}\u00bb][et_pb_text _builder_version=\u00bb4.27.4&#8243; _module_preset=\u00bbdefault\u00bb background_color=\u00bb#F6FAFD\u00bb custom_padding=\u00bb30px|30px|30px|30px|true|true\u00bb hover_enabled=\u00bb0&#8243; border_radii=\u00bbon|3px|3px|3px|3px\u00bb box_shadow_style=\u00bbpreset4&#8243; box_shadow_horizontal=\u00bb7px\u00bb box_shadow_vertical=\u00bb7px\u00bb box_shadow_color=\u00bb#BADFF7&#8243; global_colors_info=\u00bb{}\u00bb sticky_enabled=\u00bb0&#8243;]<\/p>\n<h2 data-start=\"583\" data-end=\"633\">\u00bfQu\u00e9 son los servicios de seguridad y protecci\u00f3n?<\/h2>\n<p data-start=\"583\" data-end=\"633\">Los servicios de seguridad y protecci\u00f3n implican la implementaci\u00f3n de medidas integrales para prevenir, detectar y responder a amenazas f\u00edsicas y operativas. Esto <strong>incluye personal de seguridad en sitio, control de accesos, defensa perimetral, unidades m\u00f3viles de protecci\u00f3n e integraci\u00f3n de tecnolog\u00edas de seguridad<\/strong>. Estos servicios son fundamentales para mantener la seguridad y la estabilidad en diversos entornos, ya sean instalaciones corporativas, infraestructuras cr\u00edticas, sitios de eventos o regiones con conflictos. ACK3 ofrece soluciones de protecci\u00f3n personalizadas seg\u00fan el perfil de riesgo, las condiciones operativas y las necesidades del cliente, garantizando que la seguridad nunca se vea comprometida.<\/p>\n<p>[\/et_pb_text][\/et_pb_column][et_pb_column type=\u00bb1_2&#8243; _builder_version=\u00bb4.24.0&#8243; _module_preset=\u00bbdefault\u00bb global_colors_info=\u00bb{}\u00bb][et_pb_image src=\u00bbhttps:\/\/ack3.eu\/wp-content\/uploads\/2024\/02\/Executive-Protection-Services-2.webp\u00bb title_text=\u00bbExecutive Protection Services-2&#8243; _builder_version=\u00bb4.27.4&#8243; _module_preset=\u00bbdefault\u00bb global_colors_info=\u00bb{}\u00bb][\/et_pb_image][\/et_pb_column][\/et_pb_row][et_pb_row _builder_version=\u00bb4.24.0&#8243; _module_preset=\u00bbdefault\u00bb global_colors_info=\u00bb{}\u00bb][et_pb_column type=\u00bb4_4&#8243; _builder_version=\u00bb4.24.0&#8243; _module_preset=\u00bbdefault\u00bb global_colors_info=\u00bb{}\u00bb][et_pb_text _builder_version=\u00bb4.27.4&#8243; _module_preset=\u00bbdefault\u00bb hover_enabled=\u00bb0&#8243; global_colors_info=\u00bb{}\u00bb sticky_enabled=\u00bb0&#8243;]<\/p>\n<h3 data-start=\"1309\" data-end=\"1368\">Protegiendo a las personas, los bienes y el rendimiento<\/h3>\n<p data-start=\"1370\" data-end=\"1601\">El enfoque de ACK3 se basa en inteligencia, experiencia y precisi\u00f3n. Adaptamos cada servicio al entorno espec\u00edfico y al panorama de amenazas, asegurando la m\u00e1xima eficacia con la m\u00ednima interferencia. Nuestras capacidades incluyen:<\/p>\n<ul data-start=\"1603\" data-end=\"2902\">\n<li data-start=\"1603\" data-end=\"1810\">\n<p data-start=\"1605\" data-end=\"1810\"><strong data-start=\"1605\" data-end=\"1650\">Equipos de seguridad est\u00e1ticos y m\u00f3viles:<\/strong> Despliegue de personal de seguridad altamente capacitado para protecci\u00f3n en sitios fijos y cobertura m\u00f3vil, garantizando respuesta r\u00e1pida y monitoreo continuo.<\/p>\n<\/li>\n<li data-start=\"1812\" data-end=\"1979\">\n<p data-start=\"1814\" data-end=\"1979\"><strong data-start=\"1814\" data-end=\"1860\">Control de accesos y seguridad perimetral:<\/strong> Implementaci\u00f3n de medidas f\u00edsicas de seguridad en capas para evitar accesos no autorizados y proteger \u00e1reas sensibles.<\/p>\n<\/li>\n<li data-start=\"1981\" data-end=\"2145\">\n<p data-start=\"1983\" data-end=\"2145\"><strong data-start=\"1983\" data-end=\"2023\">Protecci\u00f3n de activos de alto valor:<\/strong> Protecci\u00f3n personalizada para activos valiosos durante su almacenamiento, transporte o en situaciones de alta exposici\u00f3n.<\/p>\n<\/li>\n<li data-start=\"2147\" data-end=\"2312\">\n<p data-start=\"2149\" data-end=\"2312\"><strong data-start=\"2149\" data-end=\"2176\">Vigilancia y monitoreo:<\/strong> Uso de sistemas de vigilancia avanzados y monitoreo en tiempo real para mejorar la conciencia situacional y la detecci\u00f3n de incidentes.<\/p>\n<\/li>\n<li data-start=\"2314\" data-end=\"2495\">\n<p data-start=\"2316\" data-end=\"2495\"><strong data-start=\"2316\" data-end=\"2352\">Seguridad para eventos y sitios:<\/strong> Planificaci\u00f3n y ejecuci\u00f3n de operaciones de seguridad completas para eventos de alto perfil, obras en construcci\u00f3n e instalaciones temporales.<\/p>\n<\/li>\n<li data-start=\"2497\" data-end=\"2695\">\n<p data-start=\"2499\" data-end=\"2695\"><strong data-start=\"2499\" data-end=\"2554\">Respuesta ante emergencias y gesti\u00f3n de incidentes:<\/strong> Capacidades de intervenci\u00f3n r\u00e1pida y planes de respuesta para contener y resolver incidentes de seguridad con la menor interrupci\u00f3n posible.<\/p>\n<\/li>\n<li data-start=\"2697\" data-end=\"2902\">\n<p data-start=\"2699\" data-end=\"2902\"><strong data-start=\"2699\" data-end=\"2748\">Integraci\u00f3n con fuerzas locales y protocolos:<\/strong> Colaboraci\u00f3n con autoridades locales, redes de seguridad privadas y actores comunitarios para garantizar operaciones coherentes y dentro del marco legal.<\/p>\n<\/li>\n<\/ul>\n<blockquote>\n<p data-start=\"2904\" data-end=\"3188\"><strong>Con ACK3 como tu socio en seguridad, obtendr\u00e1s m\u00e1s que protecci\u00f3n: obtienes tranquilidad respaldada por d\u00e9cadas de experiencia en escenarios operativos complejos. Garantizamos que tu personal y tus activos est\u00e9n protegidos, permiti\u00e9ndote concentrarte en tu misi\u00f3n principal sin compromisos.<\/strong><\/p>\n<\/blockquote>\n<p>[\/et_pb_text][et_pb_divider _builder_version=\u00bb4.27.2&#8243; _module_preset=\u00bbdefault\u00bb global_colors_info=\u00bb{}\u00bb][\/et_pb_divider][\/et_pb_column][\/et_pb_row][et_pb_row _builder_version=\u00bb4.24.0&#8243; _module_preset=\u00bbdefault\u00bb global_module=\u00bb25840410&#8243; saved_tabs=\u00bball\u00bb locked=\u00bboff\u00bb global_colors_info=\u00bb{}\u00bb][et_pb_column type=\u00bb4_4&#8243; _builder_version=\u00bb4.24.0&#8243; _module_preset=\u00bbdefault\u00bb global_colors_info=\u00bb{}\u00bb][et_pb_text _builder_version=\u00bb4.24.0&#8243; _module_preset=\u00bbe9776427-b859-4288-b0a2-c7103567bb8c\u00bb global_colors_info=\u00bb{}\u00bb]<\/p>\n<p style=\"text-align: center;\">Cont\u00e1ctanos<\/p>\n<p>[\/et_pb_text][et_pb_text _builder_version=\u00bb4.24.0&#8243; _dynamic_attributes=\u00bbcontent\u00bb _module_preset=\u00bb13ddcc34-f131-47ca-8026-edc37a2f8af8&#8243; header_2_text_align=\u00bbcenter\u00bb custom_margin=\u00bb||5px||false|false\u00bb global_colors_info=\u00bb{}\u00bb]@ET-DC@eyJkeW5hbWljIjp0cnVlLCJjb250ZW50IjoicG9zdF90aXRsZSIsInNldHRpbmdzIjp7ImJlZm9yZSI6IjxoMj4gXHUwMGJmRXN0XHUwMGUxcyBpbnRlcmVzYWRvIGVuIGxvcyBzZXJ2aWNpb3MgZGUgIiwiYWZ0ZXIiOiIgZGUgQUNLMz88L2gyPiJ9fQ==@[\/et_pb_text][et_pb_text _builder_version=\u00bb4.24.0&#8243; _module_preset=\u00bb13ddcc34-f131-47ca-8026-edc37a2f8af8&#8243; global_colors_info=\u00bb{}\u00bb]<\/p>\n<p style=\"text-align: center;\">Ponte en contacto con nosotros completando el siguiente formulario:<\/p>\n<p>[\/et_pb_text][dipi_gravity_forms_styler gf_form_id=\u00bb1&#8243; form_title=\u00bbhide\u00bb _builder_version=\u00bb4.24.0&#8243; _module_preset=\u00bbdefault\u00bb form_title_font_size=\u00bb0px\u00bb field_label_font=\u00bbTrade Gothic LT Bold Extended||||||||\u00bb field_label_font_size=\u00bb15px\u00bb required_field_indicator_font_size=\u00bb15px\u00bb field_description_font_size=\u00bb16px\u00bb checkbox_radio_label_font_size=\u00bb17px\u00bb custom_all=\u00bbon\u00bb all_text_size=\u00bb17px\u00bb all_bg_color=\u00bb#000000&#8243; all_font=\u00bb|600|||||||\u00bb all_use_icon=\u00bboff\u00bb max_width=\u00bb78%\u00bb max_width_tablet=\u00bb100%\u00bb max_width_phone=\u00bb100%\u00bb max_width_last_edited=\u00bbon|desktop\u00bb module_alignment=\u00bbcenter\u00bb global_colors_info=\u00bb{}\u00bb all_bg_color__hover_enabled=\u00bbon|hover\u00bb all_bg_color__hover=\u00bb#535353&#8243; all_bg_enable_color__hover=\u00bbon\u00bb][\/dipi_gravity_forms_styler][\/et_pb_column][\/et_pb_row][\/et_pb_section]<\/p>\n","protected":false},"excerpt":{"rendered":"<p>Protege activos y personas con los servicios de seguridad de ACK3: protecci\u00f3n personalizada, control de accesos y respuesta r\u00e1pida.<\/p>\n","protected":false},"author":2,"featured_media":25843023,"parent":25844008,"menu_order":0,"comment_status":"closed","ping_status":"closed","template":"","meta":{"_et_pb_use_builder":"on","_et_pb_old_content":"","_et_gb_content_width":"","footnotes":""},"dipi_cpt_category":[],"class_list":["post-25856245","page","type-page","status-publish","has-post-thumbnail","hentry"],"_links":{"self":[{"href":"https:\/\/ack3.eu\/es\/wp-json\/wp\/v2\/pages\/25856245","targetHints":{"allow":["GET"]}}],"collection":[{"href":"https:\/\/ack3.eu\/es\/wp-json\/wp\/v2\/pages"}],"about":[{"href":"https:\/\/ack3.eu\/es\/wp-json\/wp\/v2\/types\/page"}],"author":[{"embeddable":true,"href":"https:\/\/ack3.eu\/es\/wp-json\/wp\/v2\/users\/2"}],"replies":[{"embeddable":true,"href":"https:\/\/ack3.eu\/es\/wp-json\/wp\/v2\/comments?post=25856245"}],"version-history":[{"count":0,"href":"https:\/\/ack3.eu\/es\/wp-json\/wp\/v2\/pages\/25856245\/revisions"}],"up":[{"embeddable":true,"href":"https:\/\/ack3.eu\/es\/wp-json\/wp\/v2\/pages\/25844008"}],"wp:featuredmedia":[{"embeddable":true,"href":"https:\/\/ack3.eu\/es\/wp-json\/wp\/v2\/media\/25843023"}],"wp:attachment":[{"href":"https:\/\/ack3.eu\/es\/wp-json\/wp\/v2\/media?parent=25856245"}],"wp:term":[{"taxonomy":"dipi_cpt_category","embeddable":true,"href":"https:\/\/ack3.eu\/es\/wp-json\/wp\/v2\/dipi_cpt_category?post=25856245"}],"curies":[{"name":"wp","href":"https:\/\/api.w.org\/{rel}","templated":true}]}}