{"id":25856165,"date":"2025-05-06T10:06:07","date_gmt":"2025-05-06T08:06:07","guid":{"rendered":"https:\/\/ack3.eu\/servicios\/servicios-de-consultoria-integrada\/human-resources-optimization\/"},"modified":"2025-05-30T11:53:11","modified_gmt":"2025-05-30T09:53:11","slug":"optimizacion-recursos-humanos","status":"publish","type":"page","link":"https:\/\/ack3.eu\/es\/servicios\/servicios-de-consultoria-integrada\/optimizacion-recursos-humanos\/","title":{"rendered":"Optimizaci\u00f3n de recursos humanos"},"content":{"rendered":"<p>[et_pb_section fb_built=\u00bb1&#8243; _builder_version=\u00bb4.24.0&#8243; _module_preset=\u00bbdefault\u00bb background_color=\u00bb#000000&#8243; background_pattern_repeat_origin=\u00bbcenter\u00bb custom_padding=\u00bb13px||13px||true|false\u00bb saved_tabs=\u00bball\u00bb locked=\u00bboff\u00bb global_colors_info=\u00bb{}\u00bb][et_pb_row _builder_version=\u00bb4.24.0&#8243; _module_preset=\u00bb32edda46-f9f8-4bcc-acb6-81abff8182ae\u00bb custom_margin=\u00bb||0px||false|false\u00bb custom_padding=\u00bb4px||4px||true|false\u00bb global_colors_info=\u00bb{}\u00bb][et_pb_column type=\u00bb4_4&#8243; _builder_version=\u00bb4.20.4&#8243; _module_preset=\u00bbdefault\u00bb global_colors_info=\u00bb{}\u00bb][dipi_breadcrumbs bc_home_text=\u00bbHome\u00bb bc_home_url=\u00bb\/\u00bb bc_items_alignment=\u00bbdipi-bc-left\u00bb bc_item_padding=\u00bb|10px||10px|false|true\u00bb bc_active_item_padding=\u00bb|20px||10px|true|false\u00bb _builder_version=\u00bb4.24.0&#8243; _module_preset=\u00bbdefault\u00bb active_text_color=\u00bb#BADFF7&#8243; global_colors_info=\u00bb{}\u00bb][\/dipi_breadcrumbs][\/et_pb_column][\/et_pb_row][\/et_pb_section][et_pb_section fb_built=\u00bb1&#8243; _builder_version=\u00bb4.24.0&#8243; _module_preset=\u00bbdefault\u00bb locked=\u00bboff\u00bb global_colors_info=\u00bb{}\u00bb][et_pb_row _builder_version=\u00bb4.24.0&#8243; _module_preset=\u00bbdefault\u00bb locked=\u00bboff\u00bb global_colors_info=\u00bb{}\u00bb][et_pb_column type=\u00bb4_4&#8243; _builder_version=\u00bb4.24.0&#8243; _module_preset=\u00bbdefault\u00bb global_colors_info=\u00bb{}\u00bb][et_pb_text _builder_version=\u00bb4.27.4&#8243; _module_preset=\u00bb13ddcc34-f131-47ca-8026-edc37a2f8af8&#8243; global_colors_info=\u00bb{}\u00bb]<\/p>\n<h1 style=\"text-align: center;\" data-start=\"0\" data-end=\"36\">Optimizaci\u00f3n de recursos humanos<\/h1>\n<p style=\"text-align: center;\" data-start=\"38\" data-end=\"468\">El servicio de optimizaci\u00f3n de recursos humanos de ACK3 <strong>mejora la manera en que las organizaciones atraen, gestionan y retienen talento en contextos operativos exigentes<\/strong>. A trav\u00e9s de nuestro modelo de consultor\u00eda integrada, trabajamos dentro de tus equipos para alinear las pr\u00e1cticas de RR. HH. con los objetivos estrat\u00e9gicos, construir sistemas eficientes y fomentar una fuerza laboral de alto rendimiento y lista para la misi\u00f3n.<\/p>\n<p>[\/et_pb_text][\/et_pb_column][\/et_pb_row][et_pb_row column_structure=\u00bb1_2,1_2&#8243; module_class=\u00bbagf-vertical-align\u00bb _builder_version=\u00bb4.24.0&#8243; _module_preset=\u00bbdefault\u00bb custom_padding=\u00bb||||false|false\u00bb global_colors_info=\u00bb{}\u00bb][et_pb_column type=\u00bb1_2&#8243; _builder_version=\u00bb4.24.0&#8243; _module_preset=\u00bbdefault\u00bb global_colors_info=\u00bb{}\u00bb][et_pb_text _builder_version=\u00bb4.27.4&#8243; _module_preset=\u00bbdefault\u00bb background_color=\u00bb#F6FAFD\u00bb custom_padding=\u00bb30px|30px|30px|30px|true|true\u00bb hover_enabled=\u00bb0&#8243; border_radii=\u00bbon|3px|3px|3px|3px\u00bb box_shadow_style=\u00bbpreset4&#8243; box_shadow_horizontal=\u00bb7px\u00bb box_shadow_vertical=\u00bb7px\u00bb box_shadow_color=\u00bb#BADFF7&#8243; global_colors_info=\u00bb{}\u00bb sticky_enabled=\u00bb0&#8243;]<\/p>\n<h2 data-start=\"674\" data-end=\"719\">\u00bfQu\u00e9 es la optimizaci\u00f3n de recursos humanos?<\/h2>\n<p data-start=\"674\" data-end=\"719\">La optimizaci\u00f3n de recursos humanos es el <strong>proceso de perfeccionar las funciones de RR. HH.\u2014desde la selecci\u00f3n y la incorporaci\u00f3n hasta la gesti\u00f3n del desempe\u00f1o y la retenci\u00f3n\u2014para apoyar mejor los objetivos organizacionales.<\/strong> Cuando se aplica mediante consultor\u00eda integrada, los asesores de ACK3 trabajan hombro a hombro con los equipos de RR. HH. y la direcci\u00f3n para modernizar sistemas, desarrollar capacidades locales y garantizar que las pol\u00edticas sean conformes, escalables y adaptadas a las realidades operativas. Este servicio es especialmente cr\u00edtico para organizaciones que operan en estados fr\u00e1giles, zonas postconflicto o entornos de campo donde la eficacia, la moral y la estructura del personal deben mantenerse estables a pesar de las presiones externas.<\/p>\n<p>[\/et_pb_text][\/et_pb_column][et_pb_column type=\u00bb1_2&#8243; _builder_version=\u00bb4.24.0&#8243; _module_preset=\u00bbdefault\u00bb global_colors_info=\u00bb{}\u00bb][et_pb_image src=\u00bbhttps:\/\/ack3.eu\/wp-content\/uploads\/2024\/01\/Embedded-Consulting-Services-Grande.webp\u00bb alt=\u00bbConoce a tu cliente\u00bb title_text=\u00bbServicios de Consultor\u00eda Integrada de ACK3&#8243; _builder_version=\u00bb4.27.4&#8243; _module_preset=\u00bbdefault\u00bb global_colors_info=\u00bb{}\u00bb][\/et_pb_image][\/et_pb_column][\/et_pb_row][et_pb_row _builder_version=\u00bb4.24.0&#8243; _module_preset=\u00bbdefault\u00bb global_colors_info=\u00bb{}\u00bb][et_pb_column type=\u00bb4_4&#8243; _builder_version=\u00bb4.24.0&#8243; _module_preset=\u00bbdefault\u00bb global_colors_info=\u00bb{}\u00bb][et_pb_text _builder_version=\u00bb4.27.4&#8243; _module_preset=\u00bbdefault\u00bb hover_enabled=\u00bb0&#8243; global_colors_info=\u00bb{}\u00bb sticky_enabled=\u00bb0&#8243;]<\/p>\n<h3 data-start=\"1290\" data-end=\"1378\">Hacer de la estrategia de personas una ventaja competitiva<\/h3>\n<p data-start=\"1380\" data-end=\"1641\">ACK3 integra profesionales experimentados en RR. HH. directamente en tus operaciones para ayudarte a transformar los recursos humanos en un activo estrat\u00e9gico. No solo ofrecemos asesor\u00eda: ayudamos a construir sistemas que funcionan. Nuestros servicios incluyen:<\/p>\n<ul data-start=\"1643\" data-end=\"3001\">\n<li data-start=\"1643\" data-end=\"1810\">\n<p data-start=\"1645\" data-end=\"1810\"><strong data-start=\"1645\" data-end=\"1680\">Asesores de RR. HH. integrados:<\/strong> Especialistas en sitio que apoyan al liderazgo de RR. HH. en el desarrollo de pol\u00edticas, mejora de procesos y gesti\u00f3n de equipos.<\/p>\n<\/li>\n<li data-start=\"1812\" data-end=\"2003\">\n<p data-start=\"1814\" data-end=\"2003\"><strong data-start=\"1814\" data-end=\"1874\">Planificaci\u00f3n de la fuerza laboral y dise\u00f1o estructural:<\/strong> Evaluaci\u00f3n de necesidades de personal, optimizaci\u00f3n de estructuras de equipo y alineaci\u00f3n de roles con los objetivos operativos.<\/p>\n<\/li>\n<li data-start=\"2005\" data-end=\"2239\">\n<p data-start=\"2007\" data-end=\"2239\"><strong data-start=\"2007\" data-end=\"2055\">Estrategia de reclutamiento e incorporaci\u00f3n:<\/strong> Mejora de pr\u00e1cticas de contrataci\u00f3n, creaci\u00f3n de bancos de candidatos y programas de inducci\u00f3n para atraer y retener personal calificado, incluso en entornos remotos o de alto riesgo.<\/p>\n<\/li>\n<li data-start=\"2241\" data-end=\"2438\">\n<p data-start=\"2243\" data-end=\"2438\"><strong data-start=\"2243\" data-end=\"2281\">Sistemas de gesti\u00f3n del desempe\u00f1o:<\/strong> Dise\u00f1o de sistemas claros y medibles para seguir el rendimiento individual y grupal, con bucles de retroalimentaci\u00f3n y herramientas de rendici\u00f3n de cuentas.<\/p>\n<\/li>\n<li data-start=\"2440\" data-end=\"2635\">\n<p data-start=\"2442\" data-end=\"2635\"><strong data-start=\"2442\" data-end=\"2492\">Pol\u00edticas de RR. HH. y marcos de cumplimiento:<\/strong> Aseguramiento del cumplimiento con leyes laborales, regulaciones de donantes y buenas pr\u00e1cticas internacionales\u2014adaptadas a contextos locales.<\/p>\n<\/li>\n<li data-start=\"2637\" data-end=\"2805\">\n<p data-start=\"2639\" data-end=\"2805\"><strong data-start=\"2639\" data-end=\"2679\">Retenci\u00f3n y compromiso del personal:<\/strong> Desarrollo de estrategias para reducir la rotaci\u00f3n, generar confianza y fomentar culturas laborales inclusivas y resilientes.<\/p>\n<\/li>\n<li data-start=\"2807\" data-end=\"3001\">\n<p data-start=\"2809\" data-end=\"3001\"><strong data-start=\"2809\" data-end=\"2863\">Desarrollo de capacidades para equipos de RR. HH.:<\/strong> Coaching, herramientas y transferencia de conocimientos para fortalecer las capacidades internas de RR. HH. y asegurar la sostenibilidad.<\/p>\n<\/li>\n<\/ul>\n<blockquote>\n<p data-start=\"3003\" data-end=\"3330\" data-is-last-node=\"\" data-is-only-node=\"\"><strong>ACK3 te ayuda a convertir los recursos humanos de una funci\u00f3n administrativa en un motor de eficacia organizacional. Con nuestro apoyo integrado, tus sistemas de personas se vuelven m\u00e1s inteligentes, \u00e1giles y preparados para respaldar operaciones donde las condiciones pueden cambiar r\u00e1pidamente y lo que est\u00e1 en juego es alto.<\/strong><\/p>\n<\/blockquote>\n<p>[\/et_pb_text][et_pb_divider _builder_version=\u00bb4.27.2&#8243; _module_preset=\u00bbdefault\u00bb global_colors_info=\u00bb{}\u00bb][\/et_pb_divider][\/et_pb_column][\/et_pb_row][et_pb_row _builder_version=\u00bb4.24.0&#8243; _module_preset=\u00bbdefault\u00bb global_module=\u00bb25840410&#8243; saved_tabs=\u00bball\u00bb locked=\u00bboff\u00bb global_colors_info=\u00bb{}\u00bb][et_pb_column type=\u00bb4_4&#8243; _builder_version=\u00bb4.24.0&#8243; _module_preset=\u00bbdefault\u00bb global_colors_info=\u00bb{}\u00bb][et_pb_text _builder_version=\u00bb4.24.0&#8243; _module_preset=\u00bbe9776427-b859-4288-b0a2-c7103567bb8c\u00bb global_colors_info=\u00bb{}\u00bb]<\/p>\n<p style=\"text-align: center;\">Cont\u00e1ctanos<\/p>\n<p>[\/et_pb_text][et_pb_text _builder_version=\u00bb4.24.0&#8243; _dynamic_attributes=\u00bbcontent\u00bb _module_preset=\u00bb13ddcc34-f131-47ca-8026-edc37a2f8af8&#8243; header_2_text_align=\u00bbcenter\u00bb custom_margin=\u00bb||5px||false|false\u00bb global_colors_info=\u00bb{}\u00bb]@ET-DC@eyJkeW5hbWljIjp0cnVlLCJjb250ZW50IjoicG9zdF90aXRsZSIsInNldHRpbmdzIjp7ImJlZm9yZSI6IjxoMj4gXHUwMGJmRXN0XHUwMGUxcyBpbnRlcmVzYWRvIGVuIGxvcyBzZXJ2aWNpb3MgZGUgIiwiYWZ0ZXIiOiIgZGUgQUNLMz88L2gyPiJ9fQ==@[\/et_pb_text][et_pb_text _builder_version=\u00bb4.24.0&#8243; _module_preset=\u00bb13ddcc34-f131-47ca-8026-edc37a2f8af8&#8243; global_colors_info=\u00bb{}\u00bb]<\/p>\n<p style=\"text-align: center;\">Ponte en contacto con nosotros completando el siguiente formulario:<\/p>\n<p>[\/et_pb_text][dipi_gravity_forms_styler gf_form_id=\u00bb1&#8243; form_title=\u00bbhide\u00bb _builder_version=\u00bb4.24.0&#8243; _module_preset=\u00bbdefault\u00bb form_title_font_size=\u00bb0px\u00bb field_label_font=\u00bbTrade Gothic LT Bold Extended||||||||\u00bb field_label_font_size=\u00bb15px\u00bb required_field_indicator_font_size=\u00bb15px\u00bb field_description_font_size=\u00bb16px\u00bb checkbox_radio_label_font_size=\u00bb17px\u00bb custom_all=\u00bbon\u00bb all_text_size=\u00bb17px\u00bb all_bg_color=\u00bb#000000&#8243; all_font=\u00bb|600|||||||\u00bb all_use_icon=\u00bboff\u00bb max_width=\u00bb78%\u00bb max_width_tablet=\u00bb100%\u00bb max_width_phone=\u00bb100%\u00bb max_width_last_edited=\u00bbon|desktop\u00bb module_alignment=\u00bbcenter\u00bb global_colors_info=\u00bb{}\u00bb all_bg_color__hover_enabled=\u00bbon|hover\u00bb all_bg_color__hover=\u00bb#535353&#8243; all_bg_enable_color__hover=\u00bbon\u00bb][\/dipi_gravity_forms_styler][\/et_pb_column][\/et_pb_row][\/et_pb_section]<\/p>\n","protected":false},"excerpt":{"rendered":"<p>Optimiza los RRHH con ACK3: expertos transforman los sistemas de gesti\u00f3n de personas para mejorar el desempe\u00f1o en entornos de alto riesgo.<\/p>\n","protected":false},"author":2,"featured_media":25842954,"parent":25844463,"menu_order":0,"comment_status":"closed","ping_status":"closed","template":"","meta":{"_et_pb_use_builder":"on","_et_pb_old_content":"","_et_gb_content_width":"","footnotes":""},"dipi_cpt_category":[],"class_list":["post-25856165","page","type-page","status-publish","has-post-thumbnail","hentry"],"_links":{"self":[{"href":"https:\/\/ack3.eu\/es\/wp-json\/wp\/v2\/pages\/25856165","targetHints":{"allow":["GET"]}}],"collection":[{"href":"https:\/\/ack3.eu\/es\/wp-json\/wp\/v2\/pages"}],"about":[{"href":"https:\/\/ack3.eu\/es\/wp-json\/wp\/v2\/types\/page"}],"author":[{"embeddable":true,"href":"https:\/\/ack3.eu\/es\/wp-json\/wp\/v2\/users\/2"}],"replies":[{"embeddable":true,"href":"https:\/\/ack3.eu\/es\/wp-json\/wp\/v2\/comments?post=25856165"}],"version-history":[{"count":0,"href":"https:\/\/ack3.eu\/es\/wp-json\/wp\/v2\/pages\/25856165\/revisions"}],"up":[{"embeddable":true,"href":"https:\/\/ack3.eu\/es\/wp-json\/wp\/v2\/pages\/25844463"}],"wp:featuredmedia":[{"embeddable":true,"href":"https:\/\/ack3.eu\/es\/wp-json\/wp\/v2\/media\/25842954"}],"wp:attachment":[{"href":"https:\/\/ack3.eu\/es\/wp-json\/wp\/v2\/media?parent=25856165"}],"wp:term":[{"taxonomy":"dipi_cpt_category","embeddable":true,"href":"https:\/\/ack3.eu\/es\/wp-json\/wp\/v2\/dipi_cpt_category?post=25856165"}],"curies":[{"name":"wp","href":"https:\/\/api.w.org\/{rel}","templated":true}]}}