{"id":25856158,"date":"2025-05-06T09:46:47","date_gmt":"2025-05-06T07:46:47","guid":{"rendered":"https:\/\/ack3.eu\/servicios\/servicios-de-consultoria-integrada\/talent-development-and-training\/"},"modified":"2025-05-30T11:24:31","modified_gmt":"2025-05-30T09:24:31","slug":"desarrollo-talento-capacitacion","status":"publish","type":"page","link":"https:\/\/ack3.eu\/es\/servicios\/servicios-de-consultoria-integrada\/desarrollo-talento-capacitacion\/","title":{"rendered":"Desarrollo de talento y capacitaci\u00f3n"},"content":{"rendered":"<p>[et_pb_section fb_built=\u00bb1&#8243; _builder_version=\u00bb4.24.0&#8243; _module_preset=\u00bbdefault\u00bb background_color=\u00bb#000000&#8243; background_pattern_repeat_origin=\u00bbcenter\u00bb custom_padding=\u00bb13px||13px||true|false\u00bb saved_tabs=\u00bball\u00bb locked=\u00bboff\u00bb global_colors_info=\u00bb{}\u00bb][et_pb_row _builder_version=\u00bb4.24.0&#8243; _module_preset=\u00bb32edda46-f9f8-4bcc-acb6-81abff8182ae\u00bb custom_margin=\u00bb||0px||false|false\u00bb custom_padding=\u00bb4px||4px||true|false\u00bb global_colors_info=\u00bb{}\u00bb][et_pb_column type=\u00bb4_4&#8243; _builder_version=\u00bb4.20.4&#8243; _module_preset=\u00bbdefault\u00bb global_colors_info=\u00bb{}\u00bb][dipi_breadcrumbs bc_home_text=\u00bbHome\u00bb bc_home_url=\u00bb\/\u00bb bc_items_alignment=\u00bbdipi-bc-left\u00bb bc_item_padding=\u00bb|10px||10px|false|true\u00bb bc_active_item_padding=\u00bb|20px||10px|true|false\u00bb _builder_version=\u00bb4.24.0&#8243; _module_preset=\u00bbdefault\u00bb active_text_color=\u00bb#BADFF7&#8243; global_colors_info=\u00bb{}\u00bb][\/dipi_breadcrumbs][\/et_pb_column][\/et_pb_row][\/et_pb_section][et_pb_section fb_built=\u00bb1&#8243; _builder_version=\u00bb4.24.0&#8243; _module_preset=\u00bbdefault\u00bb locked=\u00bboff\u00bb global_colors_info=\u00bb{}\u00bb][et_pb_row _builder_version=\u00bb4.24.0&#8243; _module_preset=\u00bbdefault\u00bb locked=\u00bboff\u00bb global_colors_info=\u00bb{}\u00bb][et_pb_column type=\u00bb4_4&#8243; _builder_version=\u00bb4.24.0&#8243; _module_preset=\u00bbdefault\u00bb global_colors_info=\u00bb{}\u00bb][et_pb_text _builder_version=\u00bb4.27.4&#8243; _module_preset=\u00bb13ddcc34-f131-47ca-8026-edc37a2f8af8&#8243; hover_enabled=\u00bb0&#8243; global_colors_info=\u00bb{}\u00bb sticky_enabled=\u00bb0&#8243;]<\/p>\n<h1 style=\"text-align: center;\" data-start=\"0\" data-end=\"40\">Desarrollo de talento y capacitaci\u00f3n<\/h1>\n<p style=\"text-align: center;\" data-start=\"42\" data-end=\"487\">El servicio de desarrollo de talento y capacitaci\u00f3n de ACK3 equipa a las organizaciones con las <strong>habilidades, la capacidad de liderazgo y la resiliencia cultural necesarias para prosperar en entornos complejos y de alto riesgo<\/strong>. A trav\u00e9s de nuestro modelo de consultor\u00eda integrada, trabajamos directamente dentro de tus equipos para desarrollar capacidades, transferir conocimientos y fortalecer el capital humano clave para el \u00e9xito de la misi\u00f3n.<\/p>\n<p>[\/et_pb_text][\/et_pb_column][\/et_pb_row][et_pb_row column_structure=\u00bb1_2,1_2&#8243; module_class=\u00bbagf-vertical-align\u00bb _builder_version=\u00bb4.24.0&#8243; _module_preset=\u00bbdefault\u00bb custom_padding=\u00bb||||false|false\u00bb global_colors_info=\u00bb{}\u00bb][et_pb_column type=\u00bb1_2&#8243; _builder_version=\u00bb4.24.0&#8243; _module_preset=\u00bbdefault\u00bb global_colors_info=\u00bb{}\u00bb][et_pb_text _builder_version=\u00bb4.27.4&#8243; _module_preset=\u00bbdefault\u00bb background_color=\u00bb#F6FAFD\u00bb custom_padding=\u00bb30px|30px|30px|30px|true|true\u00bb hover_enabled=\u00bb0&#8243; border_radii=\u00bbon|3px|3px|3px|3px\u00bb box_shadow_style=\u00bbpreset4&#8243; box_shadow_horizontal=\u00bb7px\u00bb box_shadow_vertical=\u00bb7px\u00bb box_shadow_color=\u00bb#BADFF7&#8243; global_colors_info=\u00bb{}\u00bb sticky_enabled=\u00bb0&#8243;]<\/p>\n<h2 data-start=\"652\" data-end=\"700\"><strong data-start=\"489\" data-end=\"544\">\u00bfQu\u00e9 es el desarrollo de talento y la capacitaci\u00f3n?<\/strong><\/h2>\n<p data-start=\"652\" data-end=\"700\">El desarrollo de talento y la capacitaci\u00f3n es el proceso estrat\u00e9gico de <strong>identificar brechas de habilidades, mejorar competencias profesionales y preparar a individuos y equipos para desempe\u00f1arse eficazmente en contextos operativos din\u00e1micos<\/strong>. A diferencia de las sesiones de formaci\u00f3n puntuales, nuestro enfoque integrado permite un desarrollo pr\u00e1ctico y continuo\u2014adaptando contenidos y metodolog\u00edas a las necesidades en tiempo real, contextos culturales y prioridades estrat\u00e9gicas. Ideal para organizaciones que operan en zonas de conflicto, contextos humanitarios o en procesos de transformaci\u00f3n, nuestro servicio garantiza que el personal y los l\u00edderes no solo est\u00e9n capacitados, sino verdaderamente empoderados.<\/p>\n<p>[\/et_pb_text][\/et_pb_column][et_pb_column type=\u00bb1_2&#8243; _builder_version=\u00bb4.24.0&#8243; _module_preset=\u00bbdefault\u00bb global_colors_info=\u00bb{}\u00bb][et_pb_image src=\u00bbhttps:\/\/ack3.eu\/wp-content\/uploads\/2024\/01\/Embedded-Consulting-Services-Grande.webp\u00bb alt=\u00bbConoce a tu cliente\u00bb title_text=\u00bbServicios de Consultor\u00eda Integrada de ACK3&#8243; _builder_version=\u00bb4.27.4&#8243; _module_preset=\u00bbdefault\u00bb global_colors_info=\u00bb{}\u00bb][\/et_pb_image][\/et_pb_column][\/et_pb_row][et_pb_row _builder_version=\u00bb4.24.0&#8243; _module_preset=\u00bbdefault\u00bb global_colors_info=\u00bb{}\u00bb][et_pb_column type=\u00bb4_4&#8243; _builder_version=\u00bb4.24.0&#8243; _module_preset=\u00bbdefault\u00bb global_colors_info=\u00bb{}\u00bb][et_pb_text _builder_version=\u00bb4.27.4&#8243; _module_preset=\u00bbdefault\u00bb hover_enabled=\u00bb0&#8243; global_colors_info=\u00bb{}\u00bb sticky_enabled=\u00bb0&#8243;]<\/p>\n<h3 data-start=\"1263\" data-end=\"1572\">Empoderar a las personas para impulsar el \u00e9xito de la misi\u00f3n<\/h3>\n<p data-start=\"1263\" data-end=\"1572\">ACK3 integra formadores expertos y asesores en capital humano directamente en tus operaciones para co-crear marcos de aprendizaje sostenibles y ofrecer una capacitaci\u00f3n con impacto. Nuestros servicios incluyen:<\/p>\n<ul data-start=\"1574\" data-end=\"2933\">\n<li data-start=\"1574\" data-end=\"1757\">\n<p data-start=\"1576\" data-end=\"1757\"><strong data-start=\"1576\" data-end=\"1623\">Asesores integrados en formaci\u00f3n y talento:<\/strong> Expertos en sitio que eval\u00faan necesidades, imparten capacitaci\u00f3n y apoyan las estrategias de talento desde dentro de tu organizaci\u00f3n.<\/p>\n<\/li>\n<li data-start=\"1759\" data-end=\"1957\">\n<p data-start=\"1761\" data-end=\"1957\"><strong data-start=\"1761\" data-end=\"1801\">An\u00e1lisis de brechas de competencias:<\/strong> Revisi\u00f3n sistem\u00e1tica de las capacidades del equipo para identificar fortalezas, riesgos y prioridades de desarrollo alineadas con los objetivos operativos.<\/p>\n<\/li>\n<li data-start=\"1959\" data-end=\"2163\">\n<p data-start=\"1961\" data-end=\"2163\"><strong data-start=\"1961\" data-end=\"2002\">Programas de desarrollo de liderazgo:<\/strong> Coaching y formaci\u00f3n personalizados para construir l\u00edderes s\u00f3lidos y adaptables que puedan gestionar la complejidad, liderar el cambio e inspirar a sus equipos.<\/p>\n<\/li>\n<li data-start=\"2165\" data-end=\"2321\">\n<p data-start=\"2167\" data-end=\"2321\"><strong data-start=\"2167\" data-end=\"2204\">Capacitaci\u00f3n t\u00e9cnica y operativa:<\/strong> Dise\u00f1o e implementaci\u00f3n de formaciones contextuales en log\u00edstica, seguridad, cumplimiento, respuesta a crisis y m\u00e1s.<\/p>\n<\/li>\n<li data-start=\"2323\" data-end=\"2506\">\n<p data-start=\"2325\" data-end=\"2506\"><strong data-start=\"2325\" data-end=\"2376\">Capacitaci\u00f3n pr\u00e1ctica y mentor\u00eda en el trabajo:<\/strong> Desarrollo en terreno para consolidar conocimientos a trav\u00e9s de su aplicaci\u00f3n en tiempo real, retroalimentaci\u00f3n y acompa\u00f1amiento.<\/p>\n<\/li>\n<li data-start=\"2508\" data-end=\"2714\">\n<p data-start=\"2510\" data-end=\"2714\"><strong data-start=\"2510\" data-end=\"2561\">Desarrollo de habilidades blandas y culturales:<\/strong> Capacitaci\u00f3n en comunicaci\u00f3n, colaboraci\u00f3n, inteligencia emocional y resiliencia\u2014especialmente importante en entornos multiculturales o de alta presi\u00f3n.<\/p>\n<\/li>\n<li data-start=\"2716\" data-end=\"2933\">\n<p data-start=\"2718\" data-end=\"2933\"><strong data-start=\"2718\" data-end=\"2762\">Estrategia y evaluaci\u00f3n de la formaci\u00f3n:<\/strong> Creaci\u00f3n de hojas de ruta de aprendizaje a largo plazo, establecimiento de KPIs y medici\u00f3n de resultados para asegurar la mejora continua y el retorno de inversi\u00f3n (ROI).<\/p>\n<\/li>\n<\/ul>\n<blockquote>\n<p data-start=\"2935\" data-end=\"3246\" data-is-last-node=\"\" data-is-only-node=\"\"><strong>En ACK3, creemos que el talento es un activo estrat\u00e9gico\u2014especialmente en entornos inestables y de alta presi\u00f3n, donde las personas marcan la diferencia entre el \u00e9xito y el fracaso. Con nuestro enfoque integrado, no solo se construye capacidad\u2014se fortalece la confianza, la cohesi\u00f3n y una cultura de excelencia.<\/strong><\/p>\n<\/blockquote>\n<p>[\/et_pb_text][et_pb_divider _builder_version=\u00bb4.27.2&#8243; _module_preset=\u00bbdefault\u00bb global_colors_info=\u00bb{}\u00bb][\/et_pb_divider][\/et_pb_column][\/et_pb_row][et_pb_row _builder_version=\u00bb4.24.0&#8243; _module_preset=\u00bbdefault\u00bb global_module=\u00bb25840410&#8243; saved_tabs=\u00bball\u00bb locked=\u00bboff\u00bb global_colors_info=\u00bb{}\u00bb][et_pb_column type=\u00bb4_4&#8243; _builder_version=\u00bb4.24.0&#8243; _module_preset=\u00bbdefault\u00bb global_colors_info=\u00bb{}\u00bb][et_pb_text _builder_version=\u00bb4.24.0&#8243; _module_preset=\u00bbe9776427-b859-4288-b0a2-c7103567bb8c\u00bb global_colors_info=\u00bb{}\u00bb]<\/p>\n<p style=\"text-align: center;\">Cont\u00e1ctanos<\/p>\n<p>[\/et_pb_text][et_pb_text _builder_version=\u00bb4.24.0&#8243; _dynamic_attributes=\u00bbcontent\u00bb _module_preset=\u00bb13ddcc34-f131-47ca-8026-edc37a2f8af8&#8243; header_2_text_align=\u00bbcenter\u00bb custom_margin=\u00bb||5px||false|false\u00bb global_colors_info=\u00bb{}\u00bb]@ET-DC@eyJkeW5hbWljIjp0cnVlLCJjb250ZW50IjoicG9zdF90aXRsZSIsInNldHRpbmdzIjp7ImJlZm9yZSI6IjxoMj4gXHUwMGJmRXN0XHUwMGUxcyBpbnRlcmVzYWRvIGVuIGxvcyBzZXJ2aWNpb3MgZGUgIiwiYWZ0ZXIiOiIgZGUgQUNLMz88L2gyPiJ9fQ==@[\/et_pb_text][et_pb_text _builder_version=\u00bb4.24.0&#8243; _module_preset=\u00bb13ddcc34-f131-47ca-8026-edc37a2f8af8&#8243; global_colors_info=\u00bb{}\u00bb]<\/p>\n<p style=\"text-align: center;\">Ponte en contacto con nosotros completando el siguiente formulario:<\/p>\n<p>[\/et_pb_text][dipi_gravity_forms_styler gf_form_id=\u00bb1&#8243; form_title=\u00bbhide\u00bb _builder_version=\u00bb4.24.0&#8243; _module_preset=\u00bbdefault\u00bb form_title_font_size=\u00bb0px\u00bb field_label_font=\u00bbTrade Gothic LT Bold Extended||||||||\u00bb field_label_font_size=\u00bb15px\u00bb required_field_indicator_font_size=\u00bb15px\u00bb field_description_font_size=\u00bb16px\u00bb checkbox_radio_label_font_size=\u00bb17px\u00bb custom_all=\u00bbon\u00bb all_text_size=\u00bb17px\u00bb all_bg_color=\u00bb#000000&#8243; all_font=\u00bb|600|||||||\u00bb all_use_icon=\u00bboff\u00bb max_width=\u00bb78%\u00bb max_width_tablet=\u00bb100%\u00bb max_width_phone=\u00bb100%\u00bb max_width_last_edited=\u00bbon|desktop\u00bb module_alignment=\u00bbcenter\u00bb global_colors_info=\u00bb{}\u00bb all_bg_color__hover_enabled=\u00bbon|hover\u00bb all_bg_color__hover=\u00bb#535353&#8243; all_bg_enable_color__hover=\u00bbon\u00bb][\/dipi_gravity_forms_styler][\/et_pb_column][\/et_pb_row][\/et_pb_section]<\/p>\n","protected":false},"excerpt":{"rendered":"<p>Desarrolla talento con ACK3: asesores de formaci\u00f3n integrados fortalecen el liderazgo, habilidades y resiliencia en equipos en entornos complejos.<\/p>\n","protected":false},"author":2,"featured_media":25842954,"parent":25844463,"menu_order":0,"comment_status":"closed","ping_status":"closed","template":"","meta":{"_et_pb_use_builder":"on","_et_pb_old_content":"","_et_gb_content_width":"","footnotes":""},"dipi_cpt_category":[],"class_list":["post-25856158","page","type-page","status-publish","has-post-thumbnail","hentry"],"_links":{"self":[{"href":"https:\/\/ack3.eu\/es\/wp-json\/wp\/v2\/pages\/25856158","targetHints":{"allow":["GET"]}}],"collection":[{"href":"https:\/\/ack3.eu\/es\/wp-json\/wp\/v2\/pages"}],"about":[{"href":"https:\/\/ack3.eu\/es\/wp-json\/wp\/v2\/types\/page"}],"author":[{"embeddable":true,"href":"https:\/\/ack3.eu\/es\/wp-json\/wp\/v2\/users\/2"}],"replies":[{"embeddable":true,"href":"https:\/\/ack3.eu\/es\/wp-json\/wp\/v2\/comments?post=25856158"}],"version-history":[{"count":0,"href":"https:\/\/ack3.eu\/es\/wp-json\/wp\/v2\/pages\/25856158\/revisions"}],"up":[{"embeddable":true,"href":"https:\/\/ack3.eu\/es\/wp-json\/wp\/v2\/pages\/25844463"}],"wp:featuredmedia":[{"embeddable":true,"href":"https:\/\/ack3.eu\/es\/wp-json\/wp\/v2\/media\/25842954"}],"wp:attachment":[{"href":"https:\/\/ack3.eu\/es\/wp-json\/wp\/v2\/media?parent=25856158"}],"wp:term":[{"taxonomy":"dipi_cpt_category","embeddable":true,"href":"https:\/\/ack3.eu\/es\/wp-json\/wp\/v2\/dipi_cpt_category?post=25856158"}],"curies":[{"name":"wp","href":"https:\/\/api.w.org\/{rel}","templated":true}]}}