{"id":25856148,"date":"2025-05-06T09:38:05","date_gmt":"2025-05-06T07:38:05","guid":{"rendered":"https:\/\/ack3.eu\/servicios\/servicios-de-consultoria-integrada\/organizational-change-management\/"},"modified":"2025-05-30T11:08:21","modified_gmt":"2025-05-30T09:08:21","slug":"gestion-cambio-organizacional","status":"publish","type":"page","link":"https:\/\/ack3.eu\/es\/servicios\/servicios-de-consultoria-integrada\/gestion-cambio-organizacional\/","title":{"rendered":"Gesti\u00f3n del cambio organizacional"},"content":{"rendered":"<p>[et_pb_section fb_built=\u00bb1&#8243; _builder_version=\u00bb4.24.0&#8243; _module_preset=\u00bbdefault\u00bb background_color=\u00bb#000000&#8243; background_pattern_repeat_origin=\u00bbcenter\u00bb custom_padding=\u00bb13px||13px||true|false\u00bb saved_tabs=\u00bball\u00bb locked=\u00bboff\u00bb global_colors_info=\u00bb{}\u00bb][et_pb_row _builder_version=\u00bb4.24.0&#8243; _module_preset=\u00bb32edda46-f9f8-4bcc-acb6-81abff8182ae\u00bb custom_margin=\u00bb||0px||false|false\u00bb custom_padding=\u00bb4px||4px||true|false\u00bb global_colors_info=\u00bb{}\u00bb][et_pb_column type=\u00bb4_4&#8243; _builder_version=\u00bb4.20.4&#8243; _module_preset=\u00bbdefault\u00bb global_colors_info=\u00bb{}\u00bb][dipi_breadcrumbs bc_home_text=\u00bbHome\u00bb bc_home_url=\u00bb\/\u00bb bc_items_alignment=\u00bbdipi-bc-left\u00bb bc_item_padding=\u00bb|10px||10px|false|true\u00bb bc_active_item_padding=\u00bb|20px||10px|true|false\u00bb _builder_version=\u00bb4.24.0&#8243; _module_preset=\u00bbdefault\u00bb active_text_color=\u00bb#BADFF7&#8243; global_colors_info=\u00bb{}\u00bb][\/dipi_breadcrumbs][\/et_pb_column][\/et_pb_row][\/et_pb_section][et_pb_section fb_built=\u00bb1&#8243; _builder_version=\u00bb4.24.0&#8243; _module_preset=\u00bbdefault\u00bb locked=\u00bboff\u00bb global_colors_info=\u00bb{}\u00bb][et_pb_row _builder_version=\u00bb4.24.0&#8243; _module_preset=\u00bbdefault\u00bb locked=\u00bboff\u00bb global_colors_info=\u00bb{}\u00bb][et_pb_column type=\u00bb4_4&#8243; _builder_version=\u00bb4.24.0&#8243; _module_preset=\u00bbdefault\u00bb global_colors_info=\u00bb{}\u00bb][et_pb_text _builder_version=\u00bb4.27.4&#8243; _module_preset=\u00bb13ddcc34-f131-47ca-8026-edc37a2f8af8&#8243; global_colors_info=\u00bb{}\u00bb]<\/p>\n<h1 style=\"text-align: center;\" data-start=\"0\" data-end=\"37\">Gesti\u00f3n del cambio organizacional<\/h1>\n<p style=\"text-align: center;\" data-start=\"39\" data-end=\"478\">El servicio de gesti\u00f3n del cambio organizacional de ACK3 ayuda a las organizaciones a atravesar procesos de transformaci\u00f3n con claridad, confianza y continuidad. A trav\u00e9s de nuestro modelo de consultor\u00eda integrada, trabajamos codo a codo con los equipos directivos y operativos para <strong>gestionar las personas, los procesos y los cambios culturales necesarios para un cambio sostenible<\/strong>, especialmente en entornos de alto riesgo o alta presi\u00f3n.<\/p>\n<p>[\/et_pb_text][\/et_pb_column][\/et_pb_row][et_pb_row column_structure=\u00bb1_2,1_2&#8243; module_class=\u00bbagf-vertical-align\u00bb _builder_version=\u00bb4.24.0&#8243; _module_preset=\u00bbdefault\u00bb custom_padding=\u00bb||||false|false\u00bb global_colors_info=\u00bb{}\u00bb][et_pb_column type=\u00bb1_2&#8243; _builder_version=\u00bb4.24.0&#8243; _module_preset=\u00bbdefault\u00bb global_colors_info=\u00bb{}\u00bb][et_pb_text _builder_version=\u00bb4.27.4&#8243; _module_preset=\u00bbdefault\u00bb background_color=\u00bb#F6FAFD\u00bb custom_padding=\u00bb30px|30px|30px|30px|true|true\u00bb border_radii=\u00bbon|3px|3px|3px|3px\u00bb box_shadow_style=\u00bbpreset4&#8243; box_shadow_horizontal=\u00bb7px\u00bb box_shadow_vertical=\u00bb7px\u00bb box_shadow_color=\u00bb#BADFF7&#8243; global_colors_info=\u00bb{}\u00bb]<\/p>\n<h2 data-start=\"670\" data-end=\"719\"><strong data-start=\"480\" data-end=\"529\">\u00bfQu\u00e9 es la gesti\u00f3n del cambio organizacional?<\/strong><\/h2>\n<p data-start=\"670\" data-end=\"719\">La gesti\u00f3n del cambio organizacional es un proceso estructurado para <strong>guiar a individuos y equipos a trav\u00e9s de transiciones\u2014ya sea una reestructuraci\u00f3n, transformaci\u00f3n digital, nuevos modelos operativos o recuperaci\u00f3n ante crisis<\/strong>. En lugar de depender \u00fanicamente de directrices de arriba hacia abajo, nuestros asesores integrados se convierten en parte de tu equipo, ayudando a alinear la visi\u00f3n, fomentar el compromiso, reducir la resistencia y asegurar que el cambio no solo se implemente, sino que se adopte y se interiorice.\u00a0<\/p>\n<p>[\/et_pb_text][\/et_pb_column][et_pb_column type=\u00bb1_2&#8243; _builder_version=\u00bb4.24.0&#8243; _module_preset=\u00bbdefault\u00bb global_colors_info=\u00bb{}\u00bb][et_pb_image src=\u00bbhttps:\/\/ack3.eu\/wp-content\/uploads\/2024\/01\/Embedded-Consulting-Services-Grande.webp\u00bb alt=\u00bbConoce a tu cliente\u00bb title_text=\u00bbServicios de Consultor\u00eda Integrada de ACK3&#8243; _builder_version=\u00bb4.27.4&#8243; _module_preset=\u00bbdefault\u00bb global_colors_info=\u00bb{}\u00bb][\/et_pb_image][\/et_pb_column][\/et_pb_row][et_pb_row _builder_version=\u00bb4.24.0&#8243; _module_preset=\u00bbdefault\u00bb global_colors_info=\u00bb{}\u00bb][et_pb_column type=\u00bb4_4&#8243; _builder_version=\u00bb4.24.0&#8243; _module_preset=\u00bbdefault\u00bb global_colors_info=\u00bb{}\u00bb][et_pb_text _builder_version=\u00bb4.27.4&#8243; _module_preset=\u00bbdefault\u00bb global_colors_info=\u00bb{}\u00bb]<\/p>\n<h3 data-start=\"1253\" data-end=\"1592\">Liderando el cambio desde dentro<\/h3>\n<p data-start=\"1253\" data-end=\"1592\">ACK3 aporta tanto perspectiva estrat\u00e9gica como herramientas pr\u00e1cticas para ayudar a gestionar la disrupci\u00f3n y facilitar el avance. Con nuestros asesores integrados en tu organizaci\u00f3n, ofrecemos orientaci\u00f3n experta y constante en cada paso. Nuestros servicios incluyen:<\/p>\n<ul data-start=\"1594\" data-end=\"3041\">\n<li data-start=\"1594\" data-end=\"1792\">\n<p data-start=\"1596\" data-end=\"1792\"><strong data-start=\"1596\" data-end=\"1641\">Evaluaci\u00f3n de preparaci\u00f3n para el cambio:<\/strong> Evaluamos la capacidad, cultura y estructura de tu organizaci\u00f3n para identificar posibles barreras al cambio y definir rutas realistas hacia adelante.<\/p>\n<\/li>\n<li data-start=\"1794\" data-end=\"1996\">\n<p data-start=\"1796\" data-end=\"1996\"><strong data-start=\"1796\" data-end=\"1842\">Asesores integrados de gesti\u00f3n del cambio:<\/strong> Profesionales en el terreno que apoyan a la direcci\u00f3n y al personal durante las transiciones, asegurando alineaci\u00f3n y continuidad a lo largo del proceso.<\/p>\n<\/li>\n<li data-start=\"1998\" data-end=\"2209\">\n<p data-start=\"2000\" data-end=\"2209\"><strong data-start=\"2000\" data-end=\"2064\">Estrategia de comunicaci\u00f3n y participaci\u00f3n de actores clave:<\/strong> Dise\u00f1o de planes de comunicaci\u00f3n interna y mecanismos de participaci\u00f3n que promuevan la transparencia, la confianza y la apropiaci\u00f3n compartida.<\/p>\n<\/li>\n<li data-start=\"2211\" data-end=\"2413\">\n<p data-start=\"2213\" data-end=\"2413\"><strong data-start=\"2213\" data-end=\"2263\">Dise\u00f1o e implementaci\u00f3n del proceso de cambio:<\/strong> Desarrollo conjunto de marcos de cambio personalizados, cronogramas e hitos para gestionar la complejidad y el ritmo de los cambios organizacionales.<\/p>\n<\/li>\n<li data-start=\"2415\" data-end=\"2617\">\n<p data-start=\"2417\" data-end=\"2617\"><strong data-start=\"2417\" data-end=\"2471\">Alineaci\u00f3n cultural y moldeado de comportamientos:<\/strong> Ayuda a los equipos a adaptarse a nuevos valores, roles y flujos de trabajo mediante intervenciones espec\u00edficas, talleres y sesiones de coaching.<\/p>\n<\/li>\n<li data-start=\"2619\" data-end=\"2836\">\n<p data-start=\"2621\" data-end=\"2836\"><strong data-start=\"2621\" data-end=\"2671\">Capacitaci\u00f3n y fortalecimiento de capacidades:<\/strong> Dise\u00f1o de programas de desarrollo de capacidades para dotar al personal con la mentalidad, habilidades y herramientas necesarias para prosperar en el nuevo entorno.<\/p>\n<\/li>\n<li data-start=\"2838\" data-end=\"3041\">\n<p data-start=\"2840\" data-end=\"3041\"><strong data-start=\"2840\" data-end=\"2880\">Retroalimentaci\u00f3n y mejora continua:<\/strong> Establecimiento de bucles de retroalimentaci\u00f3n y aprendizaje en tiempo real para ajustar el rumbo cuando sea necesario e integrar el cambio de forma sostenible.<\/p>\n<\/li>\n<\/ul>\n<blockquote>\n<p data-start=\"3043\" data-end=\"3303\" data-is-last-node=\"\" data-is-only-node=\"\"><strong>El cambio puede ser complejo, especialmente en entornos donde la disrupci\u00f3n es constante. Con ACK3 como tu socio integrado, obtienes la experiencia, empat\u00eda y estructura necesarias para convertir la incertidumbre en oportunidad\u2014y la resistencia en resiliencia.<\/strong><\/p>\n<\/blockquote>\n<p>[\/et_pb_text][et_pb_divider _builder_version=\u00bb4.27.2&#8243; _module_preset=\u00bbdefault\u00bb global_colors_info=\u00bb{}\u00bb][\/et_pb_divider][\/et_pb_column][\/et_pb_row][et_pb_row _builder_version=\u00bb4.24.0&#8243; _module_preset=\u00bbdefault\u00bb global_module=\u00bb25840410&#8243; saved_tabs=\u00bball\u00bb locked=\u00bboff\u00bb global_colors_info=\u00bb{}\u00bb][et_pb_column type=\u00bb4_4&#8243; _builder_version=\u00bb4.24.0&#8243; _module_preset=\u00bbdefault\u00bb global_colors_info=\u00bb{}\u00bb][et_pb_text _builder_version=\u00bb4.24.0&#8243; _module_preset=\u00bbe9776427-b859-4288-b0a2-c7103567bb8c\u00bb global_colors_info=\u00bb{}\u00bb]<\/p>\n<p style=\"text-align: center;\">Cont\u00e1ctanos<\/p>\n<p>[\/et_pb_text][et_pb_text _builder_version=\u00bb4.24.0&#8243; _dynamic_attributes=\u00bbcontent\u00bb _module_preset=\u00bb13ddcc34-f131-47ca-8026-edc37a2f8af8&#8243; header_2_text_align=\u00bbcenter\u00bb custom_margin=\u00bb||5px||false|false\u00bb global_colors_info=\u00bb{}\u00bb]@ET-DC@eyJkeW5hbWljIjp0cnVlLCJjb250ZW50IjoicG9zdF90aXRsZSIsInNldHRpbmdzIjp7ImJlZm9yZSI6IjxoMj4gXHUwMGJmRXN0XHUwMGUxcyBpbnRlcmVzYWRvIGVuIGxvcyBzZXJ2aWNpb3MgZGUgIiwiYWZ0ZXIiOiIgZGUgQUNLMz88L2gyPiJ9fQ==@[\/et_pb_text][et_pb_text _builder_version=\u00bb4.24.0&#8243; _module_preset=\u00bb13ddcc34-f131-47ca-8026-edc37a2f8af8&#8243; global_colors_info=\u00bb{}\u00bb]<\/p>\n<p style=\"text-align: center;\">Ponte en contacto con nosotros completando el siguiente formulario:<\/p>\n<p>[\/et_pb_text][dipi_gravity_forms_styler gf_form_id=\u00bb1&#8243; form_title=\u00bbhide\u00bb _builder_version=\u00bb4.24.0&#8243; _module_preset=\u00bbdefault\u00bb form_title_font_size=\u00bb0px\u00bb field_label_font=\u00bbTrade Gothic LT Bold Extended||||||||\u00bb field_label_font_size=\u00bb15px\u00bb required_field_indicator_font_size=\u00bb15px\u00bb field_description_font_size=\u00bb16px\u00bb checkbox_radio_label_font_size=\u00bb17px\u00bb custom_all=\u00bbon\u00bb all_text_size=\u00bb17px\u00bb all_bg_color=\u00bb#000000&#8243; all_font=\u00bb|600|||||||\u00bb all_use_icon=\u00bboff\u00bb max_width=\u00bb78%\u00bb max_width_tablet=\u00bb100%\u00bb max_width_phone=\u00bb100%\u00bb max_width_last_edited=\u00bbon|desktop\u00bb module_alignment=\u00bbcenter\u00bb global_colors_info=\u00bb{}\u00bb all_bg_color__hover_enabled=\u00bbon|hover\u00bb all_bg_color__hover=\u00bb#535353&#8243; all_bg_enable_color__hover=\u00bbon\u00bb][\/dipi_gravity_forms_styler][\/et_pb_column][\/et_pb_row][\/et_pb_section]<\/p>\n","protected":false},"excerpt":{"rendered":"<p>Lidera el cambio con confianza: ACK3 integra expertos para guiar transiciones, alinear equipos e implementar un cambio sostenible.<\/p>\n","protected":false},"author":2,"featured_media":25842954,"parent":25844463,"menu_order":0,"comment_status":"closed","ping_status":"closed","template":"","meta":{"_et_pb_use_builder":"on","_et_pb_old_content":"","_et_gb_content_width":"","footnotes":""},"dipi_cpt_category":[],"class_list":["post-25856148","page","type-page","status-publish","has-post-thumbnail","hentry"],"_links":{"self":[{"href":"https:\/\/ack3.eu\/es\/wp-json\/wp\/v2\/pages\/25856148","targetHints":{"allow":["GET"]}}],"collection":[{"href":"https:\/\/ack3.eu\/es\/wp-json\/wp\/v2\/pages"}],"about":[{"href":"https:\/\/ack3.eu\/es\/wp-json\/wp\/v2\/types\/page"}],"author":[{"embeddable":true,"href":"https:\/\/ack3.eu\/es\/wp-json\/wp\/v2\/users\/2"}],"replies":[{"embeddable":true,"href":"https:\/\/ack3.eu\/es\/wp-json\/wp\/v2\/comments?post=25856148"}],"version-history":[{"count":0,"href":"https:\/\/ack3.eu\/es\/wp-json\/wp\/v2\/pages\/25856148\/revisions"}],"up":[{"embeddable":true,"href":"https:\/\/ack3.eu\/es\/wp-json\/wp\/v2\/pages\/25844463"}],"wp:featuredmedia":[{"embeddable":true,"href":"https:\/\/ack3.eu\/es\/wp-json\/wp\/v2\/media\/25842954"}],"wp:attachment":[{"href":"https:\/\/ack3.eu\/es\/wp-json\/wp\/v2\/media?parent=25856148"}],"wp:term":[{"taxonomy":"dipi_cpt_category","embeddable":true,"href":"https:\/\/ack3.eu\/es\/wp-json\/wp\/v2\/dipi_cpt_category?post=25856148"}],"curies":[{"name":"wp","href":"https:\/\/api.w.org\/{rel}","templated":true}]}}