{"id":25856055,"date":"2025-05-06T09:27:50","date_gmt":"2025-05-06T07:27:50","guid":{"rendered":"https:\/\/ack3.eu\/servicios\/servicios-de-consultoria-integrada\/innovation-and-product-development\/"},"modified":"2025-05-29T13:47:31","modified_gmt":"2025-05-29T11:47:31","slug":"innovacion-desarrollo-productos","status":"publish","type":"page","link":"https:\/\/ack3.eu\/es\/servicios\/servicios-de-consultoria-integrada\/innovacion-desarrollo-productos\/","title":{"rendered":"Innovaci\u00f3n y desarrollo de productos"},"content":{"rendered":"<p>[et_pb_section fb_built=\u00bb1&#8243; _builder_version=\u00bb4.24.0&#8243; _module_preset=\u00bbdefault\u00bb background_color=\u00bb#000000&#8243; background_pattern_repeat_origin=\u00bbcenter\u00bb custom_padding=\u00bb13px||13px||true|false\u00bb saved_tabs=\u00bball\u00bb locked=\u00bboff\u00bb global_colors_info=\u00bb{}\u00bb][et_pb_row _builder_version=\u00bb4.24.0&#8243; _module_preset=\u00bb32edda46-f9f8-4bcc-acb6-81abff8182ae\u00bb custom_margin=\u00bb||0px||false|false\u00bb custom_padding=\u00bb4px||4px||true|false\u00bb global_colors_info=\u00bb{}\u00bb][et_pb_column type=\u00bb4_4&#8243; _builder_version=\u00bb4.20.4&#8243; _module_preset=\u00bbdefault\u00bb global_colors_info=\u00bb{}\u00bb][dipi_breadcrumbs bc_home_text=\u00bbHome\u00bb bc_home_url=\u00bb\/\u00bb bc_items_alignment=\u00bbdipi-bc-left\u00bb bc_item_padding=\u00bb|10px||10px|false|true\u00bb bc_active_item_padding=\u00bb|20px||10px|true|false\u00bb _builder_version=\u00bb4.24.0&#8243; _module_preset=\u00bbdefault\u00bb active_text_color=\u00bb#BADFF7&#8243; global_colors_info=\u00bb{}\u00bb][\/dipi_breadcrumbs][\/et_pb_column][\/et_pb_row][\/et_pb_section][et_pb_section fb_built=\u00bb1&#8243; _builder_version=\u00bb4.24.0&#8243; _module_preset=\u00bbdefault\u00bb locked=\u00bboff\u00bb global_colors_info=\u00bb{}\u00bb][et_pb_row _builder_version=\u00bb4.24.0&#8243; _module_preset=\u00bbdefault\u00bb locked=\u00bboff\u00bb global_colors_info=\u00bb{}\u00bb][et_pb_column type=\u00bb4_4&#8243; _builder_version=\u00bb4.24.0&#8243; _module_preset=\u00bbdefault\u00bb global_colors_info=\u00bb{}\u00bb][et_pb_text _builder_version=\u00bb4.27.4&#8243; _module_preset=\u00bb13ddcc34-f131-47ca-8026-edc37a2f8af8&#8243; hover_enabled=\u00bb0&#8243; global_colors_info=\u00bb{}\u00bb sticky_enabled=\u00bb0&#8243;]<\/p>\n<h1 style=\"text-align: center;\" data-start=\"0\" data-end=\"40\">Innovaci\u00f3n y desarrollo de productos<\/h1>\n<p style=\"text-align: center;\" data-start=\"42\" data-end=\"526\">El servicio de innovaci\u00f3n y desarrollo de productos de ACK3 ofrece experiencia integrada para<strong> ayudar a las organizaciones a idear, dise\u00f1ar y entregar soluciones adaptadas a desaf\u00edos del mundo real, especialmente en entornos de alto riesgo, con recursos limitados o en r\u00e1pida evoluci\u00f3n.<\/strong> Brindamos apoyo en cada etapa del ciclo de innovaci\u00f3n, desde la concepci\u00f3n hasta la implementaci\u00f3n, asegurando la alineaci\u00f3n con los objetivos de la misi\u00f3n y las necesidades de los usuarios.<\/p>\n<p>[\/et_pb_text][\/et_pb_column][\/et_pb_row][et_pb_row column_structure=\u00bb1_2,1_2&#8243; module_class=\u00bbagf-vertical-align\u00bb _builder_version=\u00bb4.24.0&#8243; _module_preset=\u00bbdefault\u00bb custom_padding=\u00bb||||false|false\u00bb global_colors_info=\u00bb{}\u00bb][et_pb_column type=\u00bb1_2&#8243; _builder_version=\u00bb4.24.0&#8243; _module_preset=\u00bbdefault\u00bb global_colors_info=\u00bb{}\u00bb][et_pb_text _builder_version=\u00bb4.27.4&#8243; _module_preset=\u00bbdefault\u00bb background_color=\u00bb#F6FAFD\u00bb custom_padding=\u00bb30px|30px|30px|30px|true|true\u00bb hover_enabled=\u00bb0&#8243; border_radii=\u00bbon|3px|3px|3px|3px\u00bb box_shadow_style=\u00bbpreset4&#8243; box_shadow_horizontal=\u00bb7px\u00bb box_shadow_vertical=\u00bb7px\u00bb box_shadow_color=\u00bb#BADFF7&#8243; global_colors_info=\u00bb{}\u00bb sticky_enabled=\u00bb0&#8243;]<\/p>\n<h2 data-start=\"528\" data-end=\"583\"><strong data-start=\"528\" data-end=\"583\">\u00bfQu\u00e9 es la innovaci\u00f3n y el desarrollo de productos?<\/strong><\/h2>\n<p data-start=\"585\" data-end=\"1227\">La innovaci\u00f3n y el desarrollo de productos es el proceso de<strong> crear nuevas herramientas, tecnolog\u00edas y metodolog\u00edas que resuelvan problemas operativos o estrat\u00e9gicos espec\u00edficos<\/strong>. A trav\u00e9s de nuestro modelo de consultor\u00eda integrada, ACK3 incorpora asesores expertos dentro de su organizaci\u00f3n para guiar la innovaci\u00f3n desde adentro, cerrando la brecha entre las realidades del terreno y un dise\u00f1o de producto efectivo. Este servicio es ideal para organizaciones que enfrentan desaf\u00edos complejos en ayuda humanitaria, defensa, respuesta a crisis, infraestructura o seguridad, donde la innovaci\u00f3n debe ser pr\u00e1ctica, \u00e1gil y orientada al impacto.<\/p>\n<p>[\/et_pb_text][\/et_pb_column][et_pb_column type=\u00bb1_2&#8243; _builder_version=\u00bb4.24.0&#8243; _module_preset=\u00bbdefault\u00bb global_colors_info=\u00bb{}\u00bb][et_pb_image src=\u00bbhttps:\/\/ack3.eu\/wp-content\/uploads\/2024\/01\/Embedded-Consulting-Services-Grande.webp\u00bb alt=\u00bbConoce a tu cliente\u00bb title_text=\u00bbServicios de Consultor\u00eda Integrada de ACK3&#8243; _builder_version=\u00bb4.27.4&#8243; _module_preset=\u00bbdefault\u00bb global_colors_info=\u00bb{}\u00bb][\/et_pb_image][\/et_pb_column][\/et_pb_row][et_pb_row _builder_version=\u00bb4.24.0&#8243; _module_preset=\u00bbdefault\u00bb global_colors_info=\u00bb{}\u00bb][et_pb_column type=\u00bb4_4&#8243; _builder_version=\u00bb4.24.0&#8243; _module_preset=\u00bbdefault\u00bb global_colors_info=\u00bb{}\u00bb][et_pb_text _builder_version=\u00bb4.27.4&#8243; _module_preset=\u00bbdefault\u00bb hover_enabled=\u00bb0&#8243; global_colors_info=\u00bb{}\u00bb sticky_enabled=\u00bb0&#8243;]<\/p>\n<h3 data-start=\"1229\" data-end=\"1328\">Transformando desaf\u00edos en soluciones mediante innovaci\u00f3n integrada<\/h3>\n<p data-start=\"1330\" data-end=\"1583\">Con una s\u00f3lida experiencia operativa y t\u00e9cnica, los asesores integrados de ACK3 co-crean soluciones junto con sus equipos, aplicando m\u00e9todos estructurados de innovaci\u00f3n para probar, iterar y escalar nuevos productos y enfoques. Nuestro servicio incluye:<\/p>\n<ul data-start=\"1585\" data-end=\"2801\">\n<li data-start=\"1585\" data-end=\"1765\">\n<p data-start=\"1587\" data-end=\"1765\"><strong data-start=\"1587\" data-end=\"1625\">Asesores integrados en innovaci\u00f3n:<\/strong> Expertos en sitio que impulsan la innovaci\u00f3n centrada en el usuario y alinean las nuevas ideas de productos con los objetivos estrat\u00e9gicos.<\/p>\n<\/li>\n<li data-start=\"1767\" data-end=\"1946\">\n<p data-start=\"1769\" data-end=\"1946\"><strong data-start=\"1769\" data-end=\"1822\">Definici\u00f3n de problemas y mapeo de oportunidades:<\/strong> Identificaci\u00f3n de puntos cr\u00edticos y oportunidades de innovaci\u00f3n fundamentadas en datos del terreno y realidades operativas.<\/p>\n<\/li>\n<li data-start=\"1948\" data-end=\"2112\">\n<p data-start=\"1950\" data-end=\"2112\"><strong data-start=\"1950\" data-end=\"1984\">Design thinking y co-creaci\u00f3n:<\/strong> Facilitaci\u00f3n de talleres y sprints de dise\u00f1o para prototipar soluciones directamente con usuarios finales y partes interesadas.<\/p>\n<\/li>\n<li data-start=\"2114\" data-end=\"2294\">\n<p data-start=\"2116\" data-end=\"2294\"><strong data-start=\"2116\" data-end=\"2168\">Desarrollo de productos y pruebas en el terreno:<\/strong> Apoyo durante todo el ciclo de desarrollo: especificaciones t\u00e9cnicas, prototipado y pruebas iterativas en condiciones reales.<\/p>\n<\/li>\n<li data-start=\"2296\" data-end=\"2476\">\n<p data-start=\"2298\" data-end=\"2476\"><strong data-start=\"2298\" data-end=\"2337\">B\u00fasqueda e integraci\u00f3n tecnol\u00f3gica:<\/strong> Identificaci\u00f3n de tecnolog\u00edas emergentes e integraci\u00f3n de soluciones escalables que resuelvan brechas operativas o mejoren el rendimiento.<\/p>\n<\/li>\n<li data-start=\"2478\" data-end=\"2629\">\n<p data-start=\"2480\" data-end=\"2629\"><strong data-start=\"2480\" data-end=\"2522\">Gobernanza y estrategia de innovaci\u00f3n:<\/strong> Creaci\u00f3n de marcos para gestionar portafolios de innovaci\u00f3n, financiamiento y coordinaci\u00f3n interfuncional.<\/p>\n<\/li>\n<li data-start=\"2631\" data-end=\"2801\">\n<p data-start=\"2633\" data-end=\"2801\"><strong data-start=\"2633\" data-end=\"2669\">Medici\u00f3n de impacto e iteraci\u00f3n:<\/strong> Establecimiento de KPIs y bucles de retroalimentaci\u00f3n para perfeccionar productos y maximizar su efectividad en entornos din\u00e1micos.<\/p>\n<\/li>\n<\/ul>\n<blockquote>\n<p data-start=\"2803\" data-end=\"3117\" data-is-last-node=\"\" data-is-only-node=\"\"><strong>Ya sea que tu objetivo sea construir una nueva plataforma, mejorar la prestaci\u00f3n de servicios o resolver problemas cr\u00edticos para la misi\u00f3n, el enfoque integrado de ACK3 garantiza que la innovaci\u00f3n est\u00e9 arraigada en el contexto operativo, guiada por la evidencia y dise\u00f1ada para la sostenibilidad a largo plazo.<\/strong><\/p>\n<\/blockquote>\n<p>[\/et_pb_text][et_pb_divider _builder_version=\u00bb4.27.2&#8243; _module_preset=\u00bbdefault\u00bb global_colors_info=\u00bb{}\u00bb][\/et_pb_divider][\/et_pb_column][\/et_pb_row][et_pb_row _builder_version=\u00bb4.24.0&#8243; _module_preset=\u00bbdefault\u00bb global_module=\u00bb25840410&#8243; saved_tabs=\u00bball\u00bb locked=\u00bboff\u00bb global_colors_info=\u00bb{}\u00bb][et_pb_column type=\u00bb4_4&#8243; _builder_version=\u00bb4.24.0&#8243; _module_preset=\u00bbdefault\u00bb global_colors_info=\u00bb{}\u00bb][et_pb_text _builder_version=\u00bb4.24.0&#8243; _module_preset=\u00bbe9776427-b859-4288-b0a2-c7103567bb8c\u00bb global_colors_info=\u00bb{}\u00bb]<\/p>\n<p style=\"text-align: center;\">Cont\u00e1ctanos<\/p>\n<p>[\/et_pb_text][et_pb_text _builder_version=\u00bb4.24.0&#8243; _dynamic_attributes=\u00bbcontent\u00bb _module_preset=\u00bb13ddcc34-f131-47ca-8026-edc37a2f8af8&#8243; header_2_text_align=\u00bbcenter\u00bb custom_margin=\u00bb||5px||false|false\u00bb global_colors_info=\u00bb{}\u00bb]@ET-DC@eyJkeW5hbWljIjp0cnVlLCJjb250ZW50IjoicG9zdF90aXRsZSIsInNldHRpbmdzIjp7ImJlZm9yZSI6IjxoMj4gXHUwMGJmRXN0XHUwMGUxcyBpbnRlcmVzYWRvIGVuIGxvcyBzZXJ2aWNpb3MgZGUgIiwiYWZ0ZXIiOiIgZGUgQUNLMz88L2gyPiJ9fQ==@[\/et_pb_text][et_pb_text _builder_version=\u00bb4.24.0&#8243; _module_preset=\u00bb13ddcc34-f131-47ca-8026-edc37a2f8af8&#8243; global_colors_info=\u00bb{}\u00bb]<\/p>\n<p style=\"text-align: center;\">Ponte en contacto con nosotros completando el siguiente formulario:<\/p>\n<p>[\/et_pb_text][dipi_gravity_forms_styler gf_form_id=\u00bb1&#8243; form_title=\u00bbhide\u00bb _builder_version=\u00bb4.24.0&#8243; _module_preset=\u00bbdefault\u00bb form_title_font_size=\u00bb0px\u00bb field_label_font=\u00bbTrade Gothic LT Bold Extended||||||||\u00bb field_label_font_size=\u00bb15px\u00bb required_field_indicator_font_size=\u00bb15px\u00bb field_description_font_size=\u00bb16px\u00bb checkbox_radio_label_font_size=\u00bb17px\u00bb custom_all=\u00bbon\u00bb all_text_size=\u00bb17px\u00bb all_bg_color=\u00bb#000000&#8243; all_font=\u00bb|600|||||||\u00bb all_use_icon=\u00bboff\u00bb max_width=\u00bb78%\u00bb max_width_tablet=\u00bb100%\u00bb max_width_phone=\u00bb100%\u00bb max_width_last_edited=\u00bbon|desktop\u00bb module_alignment=\u00bbcenter\u00bb global_colors_info=\u00bb{}\u00bb all_bg_color__hover_enabled=\u00bbon|hover\u00bb all_bg_color__hover=\u00bb#535353&#8243; all_bg_enable_color__hover=\u00bbon\u00bb][\/dipi_gravity_forms_styler][\/et_pb_column][\/et_pb_row][\/et_pb_section]<\/p>\n","protected":false},"excerpt":{"rendered":"<p>Innova con impacto: ACK3 integra expertos para dise\u00f1ar, probar y escalar soluciones orientadas al terreno en entornos complejos.<\/p>\n","protected":false},"author":2,"featured_media":25842954,"parent":25844463,"menu_order":0,"comment_status":"closed","ping_status":"closed","template":"","meta":{"_et_pb_use_builder":"on","_et_pb_old_content":"","_et_gb_content_width":"","footnotes":""},"dipi_cpt_category":[],"class_list":["post-25856055","page","type-page","status-publish","has-post-thumbnail","hentry"],"_links":{"self":[{"href":"https:\/\/ack3.eu\/es\/wp-json\/wp\/v2\/pages\/25856055","targetHints":{"allow":["GET"]}}],"collection":[{"href":"https:\/\/ack3.eu\/es\/wp-json\/wp\/v2\/pages"}],"about":[{"href":"https:\/\/ack3.eu\/es\/wp-json\/wp\/v2\/types\/page"}],"author":[{"embeddable":true,"href":"https:\/\/ack3.eu\/es\/wp-json\/wp\/v2\/users\/2"}],"replies":[{"embeddable":true,"href":"https:\/\/ack3.eu\/es\/wp-json\/wp\/v2\/comments?post=25856055"}],"version-history":[{"count":0,"href":"https:\/\/ack3.eu\/es\/wp-json\/wp\/v2\/pages\/25856055\/revisions"}],"up":[{"embeddable":true,"href":"https:\/\/ack3.eu\/es\/wp-json\/wp\/v2\/pages\/25844463"}],"wp:featuredmedia":[{"embeddable":true,"href":"https:\/\/ack3.eu\/es\/wp-json\/wp\/v2\/media\/25842954"}],"wp:attachment":[{"href":"https:\/\/ack3.eu\/es\/wp-json\/wp\/v2\/media?parent=25856055"}],"wp:term":[{"taxonomy":"dipi_cpt_category","embeddable":true,"href":"https:\/\/ack3.eu\/es\/wp-json\/wp\/v2\/dipi_cpt_category?post=25856055"}],"curies":[{"name":"wp","href":"https:\/\/api.w.org\/{rel}","templated":true}]}}