{"id":25856018,"date":"2025-05-06T09:15:17","date_gmt":"2025-05-06T07:15:17","guid":{"rendered":"https:\/\/ack3.eu\/servicios\/servicios-de-consultoria-integrada\/technology-and-digital-transformation\/"},"modified":"2025-05-29T13:31:59","modified_gmt":"2025-05-29T11:31:59","slug":"tecnologia-transformacion-digital","status":"publish","type":"page","link":"https:\/\/ack3.eu\/es\/servicios\/servicios-de-consultoria-integrada\/tecnologia-transformacion-digital\/","title":{"rendered":"Tecnolog\u00eda y transformaci\u00f3n digital"},"content":{"rendered":"<p>[et_pb_section fb_built=\u00bb1&#8243; _builder_version=\u00bb4.24.0&#8243; _module_preset=\u00bbdefault\u00bb background_color=\u00bb#000000&#8243; background_pattern_repeat_origin=\u00bbcenter\u00bb custom_padding=\u00bb13px||13px||true|false\u00bb saved_tabs=\u00bball\u00bb locked=\u00bboff\u00bb global_colors_info=\u00bb{}\u00bb][et_pb_row _builder_version=\u00bb4.24.0&#8243; _module_preset=\u00bb32edda46-f9f8-4bcc-acb6-81abff8182ae\u00bb custom_margin=\u00bb||0px||false|false\u00bb custom_padding=\u00bb4px||4px||true|false\u00bb global_colors_info=\u00bb{}\u00bb][et_pb_column type=\u00bb4_4&#8243; _builder_version=\u00bb4.20.4&#8243; _module_preset=\u00bbdefault\u00bb global_colors_info=\u00bb{}\u00bb][dipi_breadcrumbs bc_home_text=\u00bbHome\u00bb bc_home_url=\u00bb\/\u00bb bc_items_alignment=\u00bbdipi-bc-left\u00bb bc_item_padding=\u00bb|10px||10px|false|true\u00bb bc_active_item_padding=\u00bb|20px||10px|true|false\u00bb _builder_version=\u00bb4.24.0&#8243; _module_preset=\u00bbdefault\u00bb active_text_color=\u00bb#BADFF7&#8243; global_colors_info=\u00bb{}\u00bb][\/dipi_breadcrumbs][\/et_pb_column][\/et_pb_row][\/et_pb_section][et_pb_section fb_built=\u00bb1&#8243; _builder_version=\u00bb4.24.0&#8243; _module_preset=\u00bbdefault\u00bb locked=\u00bboff\u00bb global_colors_info=\u00bb{}\u00bb][et_pb_row _builder_version=\u00bb4.24.0&#8243; _module_preset=\u00bbdefault\u00bb locked=\u00bboff\u00bb global_colors_info=\u00bb{}\u00bb][et_pb_column type=\u00bb4_4&#8243; _builder_version=\u00bb4.24.0&#8243; _module_preset=\u00bbdefault\u00bb global_colors_info=\u00bb{}\u00bb][et_pb_text _builder_version=\u00bb4.27.4&#8243; _module_preset=\u00bb13ddcc34-f131-47ca-8026-edc37a2f8af8&#8243; hover_enabled=\u00bb0&#8243; global_colors_info=\u00bb{}\u00bb sticky_enabled=\u00bb0&#8243;]<\/p>\n<h1 style=\"text-align: center;\" data-start=\"0\" data-end=\"39\">Tecnolog\u00eda y transformaci\u00f3n digital<\/h1>\n<p style=\"text-align: center;\" data-start=\"41\" data-end=\"534\">El servicio de tecnolog\u00eda y transformaci\u00f3n digital de ACK3 permite a las organizaciones <strong>modernizar sus operaciones, fortalecer su resiliencia digital e integrar tecnolog\u00edas seguras y alineadas con su misi\u00f3n, mediante un acompa\u00f1amiento de consultor\u00eda integrada.<\/strong> Nuestros expertos trabajan codo a codo con tu equipo para dise\u00f1ar e implementar soluciones tecnol\u00f3gicas a medida, especialmente en entornos complejos o de alto riesgo donde la transformaci\u00f3n digital debe ser \u00e1gil y segura.<\/p>\n<p>[\/et_pb_text][\/et_pb_column][\/et_pb_row][et_pb_row column_structure=\u00bb1_2,1_2&#8243; module_class=\u00bbagf-vertical-align\u00bb _builder_version=\u00bb4.24.0&#8243; _module_preset=\u00bbdefault\u00bb custom_padding=\u00bb||||false|false\u00bb global_colors_info=\u00bb{}\u00bb][et_pb_column type=\u00bb1_2&#8243; _builder_version=\u00bb4.24.0&#8243; _module_preset=\u00bbdefault\u00bb global_colors_info=\u00bb{}\u00bb][et_pb_text _builder_version=\u00bb4.27.4&#8243; _module_preset=\u00bbdefault\u00bb background_color=\u00bb#F6FAFD\u00bb custom_padding=\u00bb30px|30px|30px|30px|true|true\u00bb hover_enabled=\u00bb0&#8243; border_radii=\u00bbon|3px|3px|3px|3px\u00bb box_shadow_style=\u00bbpreset4&#8243; box_shadow_horizontal=\u00bb7px\u00bb box_shadow_vertical=\u00bb7px\u00bb box_shadow_color=\u00bb#BADFF7&#8243; global_colors_info=\u00bb{}\u00bb sticky_enabled=\u00bb0&#8243;]<\/p>\n<h2 data-start=\"536\" data-end=\"587\">\u00bfQu\u00e9 es la tecnolog\u00eda y transformaci\u00f3n digital?<\/h2>\n<p data-start=\"589\" data-end=\"1390\">La tecnolog\u00eda y transformaci\u00f3n digital se refiere a la<strong> integraci\u00f3n estrat\u00e9gica de herramientas, sistemas y procesos digitales que mejoran la eficiencia organizacional, la toma de decisiones y la capacidad de adaptaci\u00f3n<\/strong>. A trav\u00e9s de nuestro modelo de <strong data-start=\"839\" data-end=\"864\">consultor\u00eda integrada<\/strong>, ACK3 asigna asesores experimentados en transformaci\u00f3n digital directamente dentro de tu organizaci\u00f3n para guiar cada fase: <strong>desde la evaluaci\u00f3n de necesidades y planificaci\u00f3n de infraestructura hasta la implementaci\u00f3n y la gesti\u00f3n del cambio<\/strong>. Este servicio est\u00e1 dise\u00f1ado para organizaciones que operan en contextos desafiantes o de transici\u00f3n, como operaciones humanitarias, zonas de recuperaci\u00f3n post-conflicto, estados fr\u00e1giles y mercados emergentes donde la infraestructura digital debe ser resiliente, escalable y segura.<\/p>\n<p>[\/et_pb_text][\/et_pb_column][et_pb_column type=\u00bb1_2&#8243; _builder_version=\u00bb4.24.0&#8243; _module_preset=\u00bbdefault\u00bb global_colors_info=\u00bb{}\u00bb][et_pb_image src=\u00bbhttps:\/\/ack3.eu\/wp-content\/uploads\/2024\/01\/Embedded-Consulting-Services-Grande.webp\u00bb alt=\u00bbConoce a tu cliente\u00bb title_text=\u00bbServicios de Consultor\u00eda Integrada de ACK3&#8243; _builder_version=\u00bb4.27.4&#8243; _module_preset=\u00bbdefault\u00bb global_colors_info=\u00bb{}\u00bb][\/et_pb_image][\/et_pb_column][\/et_pb_row][et_pb_row _builder_version=\u00bb4.24.0&#8243; _module_preset=\u00bbdefault\u00bb global_colors_info=\u00bb{}\u00bb][et_pb_column type=\u00bb4_4&#8243; _builder_version=\u00bb4.24.0&#8243; _module_preset=\u00bbdefault\u00bb global_colors_info=\u00bb{}\u00bb][et_pb_text _builder_version=\u00bb4.27.4&#8243; _module_preset=\u00bbdefault\u00bb hover_enabled=\u00bb0&#8243; global_colors_info=\u00bb{}\u00bb sticky_enabled=\u00bb0&#8243;]<\/p>\n<h3 data-start=\"1392\" data-end=\"1491\">Impulsando la innovaci\u00f3n y la resiliencia mediante apoyo integrado<\/h3>\n<p data-start=\"1493\" data-end=\"1734\">Con amplia experiencia en operaciones orientadas a la misi\u00f3n, los consultores integrados de ACK3 brindan orientaci\u00f3n pr\u00e1ctica para ayudarte a aprovechar el poder de la tecnolog\u00eda y lograr resultados estrat\u00e9gicos. Nuestros servicios incluyen:<\/p>\n<ul data-start=\"1736\" data-end=\"3049\">\n<li data-start=\"1736\" data-end=\"1910\">\n<p data-start=\"1738\" data-end=\"1910\"><strong data-start=\"1738\" data-end=\"1787\">Asesores integrados en transformaci\u00f3n digital<\/strong>: Expertos que apoyan la estrategia, implementaci\u00f3n y adaptaci\u00f3n continua de tecnolog\u00edas en todas sus operaciones.<\/p>\n<\/li>\n<li data-start=\"1912\" data-end=\"2069\">\n<p data-start=\"1914\" data-end=\"2069\"><strong data-start=\"1914\" data-end=\"1964\">Evaluaci\u00f3n y dise\u00f1o de infraestructura digital<\/strong>: An\u00e1lisis de los sistemas existentes y desarrollo de planes tecnol\u00f3gicos robustos, escalables y seguros.<\/p>\n<\/li>\n<li data-start=\"2071\" data-end=\"2238\">\n<p data-start=\"2073\" data-end=\"2238\"><strong data-start=\"2073\" data-end=\"2106\">Integraci\u00f3n de ciberseguridad<\/strong>: Incorporaci\u00f3n de protocolos de seguridad de primer nivel y controles de riesgo en cada capa del proceso de transformaci\u00f3n digital.<\/p>\n<\/li>\n<li data-start=\"2240\" data-end=\"2422\">\n<p data-start=\"2242\" data-end=\"2422\"><strong data-start=\"2242\" data-end=\"2297\">Implementaci\u00f3n de software y sistemas empresariales<\/strong>: Asesor\u00eda y asistencia en el despliegue de plataformas ERP, CRM, HRIS y de log\u00edstica adaptadas a tus necesidades operativas.<\/p>\n<\/li>\n<li data-start=\"2424\" data-end=\"2611\">\n<p data-start=\"2426\" data-end=\"2611\"><strong data-start=\"2426\" data-end=\"2460\">Estrategia de datos y an\u00e1lisis<\/strong>: Implementaci\u00f3n de sistemas de gesti\u00f3n de datos y paneles de control que favorecen una toma de decisiones basada en evidencia y visibilidad operativa.<\/p>\n<\/li>\n<li data-start=\"2613\" data-end=\"2850\">\n<p data-start=\"2615\" data-end=\"2850\"><strong data-start=\"2615\" data-end=\"2661\">Desarrollo de pol\u00edticas y gobernanza de TI<\/strong>: Creaci\u00f3n de marcos y procedimientos operativos est\u00e1ndar (SOP) para la gobernanza digital, la protecci\u00f3n de datos y el uso de tecnolog\u00eda conforme a los requisitos normativos y de donantes.<\/p>\n<\/li>\n<li data-start=\"2852\" data-end=\"3049\">\n<p data-start=\"2854\" data-end=\"3049\"><strong data-start=\"2854\" data-end=\"2909\">Fortalecimiento de capacidades y gesti\u00f3n del cambio<\/strong>: Formaci\u00f3n en alfabetizaci\u00f3n digital, programas de adopci\u00f3n de usuarios y apoyo al liderazgo para garantizar una transformaci\u00f3n sostenible.<\/p>\n<\/li>\n<\/ul>\n<blockquote>\n<p data-start=\"3051\" data-end=\"3390\" data-is-last-node=\"\" data-is-only-node=\"\"><strong>Con el apoyo integrado de ACK3, tu organizaci\u00f3n puede aprovechar la tecnolog\u00eda con confianza, no solo para ganar eficiencia, sino tambi\u00e9n para fortalecer la resiliencia, la rendici\u00f3n de cuentas y el impacto de su misi\u00f3n. Te ayudamos a preparar tus operaciones para el futuro, incluso en los entornos m\u00e1s din\u00e1micos o con recursos limitados.<\/strong><\/p>\n<\/blockquote>\n<p>[\/et_pb_text][et_pb_divider _builder_version=\u00bb4.27.2&#8243; _module_preset=\u00bbdefault\u00bb global_colors_info=\u00bb{}\u00bb][\/et_pb_divider][\/et_pb_column][\/et_pb_row][et_pb_row _builder_version=\u00bb4.24.0&#8243; _module_preset=\u00bbdefault\u00bb global_module=\u00bb25840410&#8243; saved_tabs=\u00bball\u00bb locked=\u00bboff\u00bb global_colors_info=\u00bb{}\u00bb][et_pb_column type=\u00bb4_4&#8243; _builder_version=\u00bb4.24.0&#8243; _module_preset=\u00bbdefault\u00bb global_colors_info=\u00bb{}\u00bb][et_pb_text _builder_version=\u00bb4.24.0&#8243; _module_preset=\u00bbe9776427-b859-4288-b0a2-c7103567bb8c\u00bb global_colors_info=\u00bb{}\u00bb]<\/p>\n<p style=\"text-align: center;\">Cont\u00e1ctanos<\/p>\n<p>[\/et_pb_text][et_pb_text _builder_version=\u00bb4.24.0&#8243; _dynamic_attributes=\u00bbcontent\u00bb _module_preset=\u00bb13ddcc34-f131-47ca-8026-edc37a2f8af8&#8243; header_2_text_align=\u00bbcenter\u00bb custom_margin=\u00bb||5px||false|false\u00bb global_colors_info=\u00bb{}\u00bb]@ET-DC@eyJkeW5hbWljIjp0cnVlLCJjb250ZW50IjoicG9zdF90aXRsZSIsInNldHRpbmdzIjp7ImJlZm9yZSI6IjxoMj4gXHUwMGJmRXN0XHUwMGUxcyBpbnRlcmVzYWRvIGVuIGxvcyBzZXJ2aWNpb3MgZGUgIiwiYWZ0ZXIiOiIgZGUgQUNLMz88L2gyPiJ9fQ==@[\/et_pb_text][et_pb_text _builder_version=\u00bb4.24.0&#8243; _module_preset=\u00bb13ddcc34-f131-47ca-8026-edc37a2f8af8&#8243; global_colors_info=\u00bb{}\u00bb]<\/p>\n<p style=\"text-align: center;\">Ponte en contacto con nosotros completando el siguiente formulario:<\/p>\n<p>[\/et_pb_text][dipi_gravity_forms_styler gf_form_id=\u00bb1&#8243; form_title=\u00bbhide\u00bb _builder_version=\u00bb4.24.0&#8243; _module_preset=\u00bbdefault\u00bb form_title_font_size=\u00bb0px\u00bb field_label_font=\u00bbTrade Gothic LT Bold Extended||||||||\u00bb field_label_font_size=\u00bb15px\u00bb required_field_indicator_font_size=\u00bb15px\u00bb field_description_font_size=\u00bb16px\u00bb checkbox_radio_label_font_size=\u00bb17px\u00bb custom_all=\u00bbon\u00bb all_text_size=\u00bb17px\u00bb all_bg_color=\u00bb#000000&#8243; all_font=\u00bb|600|||||||\u00bb all_use_icon=\u00bboff\u00bb max_width=\u00bb78%\u00bb max_width_tablet=\u00bb100%\u00bb max_width_phone=\u00bb100%\u00bb max_width_last_edited=\u00bbon|desktop\u00bb module_alignment=\u00bbcenter\u00bb global_colors_info=\u00bb{}\u00bb all_bg_color__hover_enabled=\u00bbon|hover\u00bb all_bg_color__hover=\u00bb#535353&#8243; all_bg_enable_color__hover=\u00bbon\u00bb][\/dipi_gravity_forms_styler][\/et_pb_column][\/et_pb_row][\/et_pb_section]<\/p>\n","protected":false},"excerpt":{"rendered":"<p>Innova con ACK3: expertos tecnol\u00f3gicos integrados para innovaci\u00f3n digital, ciberseguridad y sistemas sostenibles en entornos complejos.<\/p>\n","protected":false},"author":2,"featured_media":25842954,"parent":25844463,"menu_order":0,"comment_status":"closed","ping_status":"closed","template":"","meta":{"_et_pb_use_builder":"on","_et_pb_old_content":"","_et_gb_content_width":"","footnotes":""},"dipi_cpt_category":[],"class_list":["post-25856018","page","type-page","status-publish","has-post-thumbnail","hentry"],"_links":{"self":[{"href":"https:\/\/ack3.eu\/es\/wp-json\/wp\/v2\/pages\/25856018","targetHints":{"allow":["GET"]}}],"collection":[{"href":"https:\/\/ack3.eu\/es\/wp-json\/wp\/v2\/pages"}],"about":[{"href":"https:\/\/ack3.eu\/es\/wp-json\/wp\/v2\/types\/page"}],"author":[{"embeddable":true,"href":"https:\/\/ack3.eu\/es\/wp-json\/wp\/v2\/users\/2"}],"replies":[{"embeddable":true,"href":"https:\/\/ack3.eu\/es\/wp-json\/wp\/v2\/comments?post=25856018"}],"version-history":[{"count":0,"href":"https:\/\/ack3.eu\/es\/wp-json\/wp\/v2\/pages\/25856018\/revisions"}],"up":[{"embeddable":true,"href":"https:\/\/ack3.eu\/es\/wp-json\/wp\/v2\/pages\/25844463"}],"wp:featuredmedia":[{"embeddable":true,"href":"https:\/\/ack3.eu\/es\/wp-json\/wp\/v2\/media\/25842954"}],"wp:attachment":[{"href":"https:\/\/ack3.eu\/es\/wp-json\/wp\/v2\/media?parent=25856018"}],"wp:term":[{"taxonomy":"dipi_cpt_category","embeddable":true,"href":"https:\/\/ack3.eu\/es\/wp-json\/wp\/v2\/dipi_cpt_category?post=25856018"}],"curies":[{"name":"wp","href":"https:\/\/api.w.org\/{rel}","templated":true}]}}