{"id":25856012,"date":"2025-05-06T08:59:36","date_gmt":"2025-05-06T06:59:36","guid":{"rendered":"https:\/\/ack3.eu\/servicios\/servicios-de-consultoria-integrada\/risk-management-and-compliance\/"},"modified":"2025-05-29T09:31:46","modified_gmt":"2025-05-29T07:31:46","slug":"gestion-riesgos-cumplimiento-normativo","status":"publish","type":"page","link":"https:\/\/ack3.eu\/es\/servicios\/servicios-de-consultoria-integrada\/gestion-riesgos-cumplimiento-normativo\/","title":{"rendered":"Gesti\u00f3n de riesgos y cumplimiento normativo"},"content":{"rendered":"<p>[et_pb_section fb_built=\u00bb1&#8243; _builder_version=\u00bb4.24.0&#8243; _module_preset=\u00bbdefault\u00bb background_color=\u00bb#000000&#8243; background_pattern_repeat_origin=\u00bbcenter\u00bb custom_padding=\u00bb13px||13px||true|false\u00bb saved_tabs=\u00bball\u00bb locked=\u00bboff\u00bb global_colors_info=\u00bb{}\u00bb][et_pb_row _builder_version=\u00bb4.24.0&#8243; _module_preset=\u00bb32edda46-f9f8-4bcc-acb6-81abff8182ae\u00bb custom_margin=\u00bb||0px||false|false\u00bb custom_padding=\u00bb4px||4px||true|false\u00bb global_colors_info=\u00bb{}\u00bb][et_pb_column type=\u00bb4_4&#8243; _builder_version=\u00bb4.20.4&#8243; _module_preset=\u00bbdefault\u00bb global_colors_info=\u00bb{}\u00bb][dipi_breadcrumbs bc_home_text=\u00bbHome\u00bb bc_home_url=\u00bb\/\u00bb bc_items_alignment=\u00bbdipi-bc-left\u00bb bc_item_padding=\u00bb|10px||10px|false|true\u00bb bc_active_item_padding=\u00bb|20px||10px|true|false\u00bb _builder_version=\u00bb4.24.0&#8243; _module_preset=\u00bbdefault\u00bb active_text_color=\u00bb#BADFF7&#8243; global_colors_info=\u00bb{}\u00bb][\/dipi_breadcrumbs][\/et_pb_column][\/et_pb_row][\/et_pb_section][et_pb_section fb_built=\u00bb1&#8243; _builder_version=\u00bb4.24.0&#8243; _module_preset=\u00bbdefault\u00bb locked=\u00bboff\u00bb global_colors_info=\u00bb{}\u00bb][et_pb_row _builder_version=\u00bb4.24.0&#8243; _module_preset=\u00bbdefault\u00bb locked=\u00bboff\u00bb global_colors_info=\u00bb{}\u00bb][et_pb_column type=\u00bb4_4&#8243; _builder_version=\u00bb4.24.0&#8243; _module_preset=\u00bbdefault\u00bb global_colors_info=\u00bb{}\u00bb][et_pb_text _builder_version=\u00bb4.27.4&#8243; _module_preset=\u00bb13ddcc34-f131-47ca-8026-edc37a2f8af8&#8243; hover_enabled=\u00bb0&#8243; global_colors_info=\u00bb{}\u00bb sticky_enabled=\u00bb0&#8243;]<\/p>\n<h1 style=\"text-align: center;\" data-start=\"0\" data-end=\"47\">Gesti\u00f3n de riesgos y cumplimiento normativo<\/h1>\n<p style=\"text-align: center;\" data-start=\"49\" data-end=\"513\">El servicio de gesti\u00f3n de riesgos y cumplimiento normativo de ACK3 ofrece experiencia integrada para ayudar a las organizaciones a identificar, mitigar y gestionar proactivamente riesgos operativos, legales y reputacionales. <strong>Dise\u00f1ado para entornos de alto riesgo y regulados, este servicio garantiza el cumplimiento de normas locales e internacionales, al tiempo que refuerza la resiliencia organizacional<\/strong> mediante un acompa\u00f1amiento diario y en el terreno.<\/p>\n<p>[\/et_pb_text][\/et_pb_column][\/et_pb_row][et_pb_row column_structure=\u00bb1_2,1_2&#8243; module_class=\u00bbagf-vertical-align\u00bb _builder_version=\u00bb4.24.0&#8243; _module_preset=\u00bbdefault\u00bb custom_padding=\u00bb||||false|false\u00bb global_colors_info=\u00bb{}\u00bb][et_pb_column type=\u00bb1_2&#8243; _builder_version=\u00bb4.24.0&#8243; _module_preset=\u00bbdefault\u00bb global_colors_info=\u00bb{}\u00bb][et_pb_text _builder_version=\u00bb4.27.4&#8243; _module_preset=\u00bbdefault\u00bb background_color=\u00bb#F6FAFD\u00bb custom_padding=\u00bb30px|30px|30px|30px|true|true\u00bb hover_enabled=\u00bb0&#8243; border_radii=\u00bbon|3px|3px|3px|3px\u00bb box_shadow_style=\u00bbpreset4&#8243; box_shadow_horizontal=\u00bb7px\u00bb box_shadow_vertical=\u00bb7px\u00bb box_shadow_color=\u00bb#BADFF7&#8243; global_colors_info=\u00bb{}\u00bb sticky_enabled=\u00bb0&#8243;]<\/p>\n<h2 data-start=\"515\" data-end=\"564\">\u00bfQu\u00e9 es la gesti\u00f3n de riesgos y cumplimiento?<\/h2>\n<p data-start=\"566\" data-end=\"1284\">La gesti\u00f3n de riesgos y cumplimiento es un servicio especializado que implica <strong>evaluar la exposici\u00f3n a distintos tipos de riesgo \u2014estrat\u00e9gico, operativo, normativo y reputacional\u2014 e implementar marcos s\u00f3lidos para su gesti\u00f3n<\/strong>. Dentro de nuestro modelo de consultor\u00eda integrada, ACK3 asigna asesores con experiencia en riesgo y cumplimiento directamente a tus equipos, proporcionando informaci\u00f3n en tiempo real, asegurando la alineaci\u00f3n normativa y guiando la implementaci\u00f3n de mejores pr\u00e1cticas. Este servicio es ideal para clientes que operan en zonas de conflicto, estados fr\u00e1giles, misiones humanitarias o industrias altamente reguladas, donde el costo del incumplimiento o de un riesgo mal gestionado es elevado.<\/p>\n<p>[\/et_pb_text][\/et_pb_column][et_pb_column type=\u00bb1_2&#8243; _builder_version=\u00bb4.24.0&#8243; _module_preset=\u00bbdefault\u00bb global_colors_info=\u00bb{}\u00bb][et_pb_image src=\u00bbhttps:\/\/ack3.eu\/wp-content\/uploads\/2024\/01\/Embedded-Consulting-Services-Grande.webp\u00bb alt=\u00bbConoce a tu cliente\u00bb title_text=\u00bbServicios de Consultor\u00eda Integrada de ACK3&#8243; _builder_version=\u00bb4.27.4&#8243; _module_preset=\u00bbdefault\u00bb global_colors_info=\u00bb{}\u00bb][\/et_pb_image][\/et_pb_column][\/et_pb_row][et_pb_row _builder_version=\u00bb4.24.0&#8243; _module_preset=\u00bbdefault\u00bb global_colors_info=\u00bb{}\u00bb][et_pb_column type=\u00bb4_4&#8243; _builder_version=\u00bb4.24.0&#8243; _module_preset=\u00bbdefault\u00bb global_colors_info=\u00bb{}\u00bb][et_pb_text _builder_version=\u00bb4.27.4&#8243; _module_preset=\u00bbdefault\u00bb hover_enabled=\u00bb0&#8243; global_colors_info=\u00bb{}\u00bb sticky_enabled=\u00bb0&#8243;]<\/p>\n<h3 data-start=\"1286\" data-end=\"1364\">Integrando resiliencia y garant\u00eda regulatoria<\/h3>\n<p data-start=\"1366\" data-end=\"1647\">Con un enfoque pr\u00e1ctico y presencial, los asesores integrados de ACK3 trabajan junto al liderazgo y los equipos operativos para abordar los riesgos de forma proactiva y garantizar el pleno cumplimiento de leyes, requisitos de donantes y normas del sector. Nuestro servicio incluye:<\/p>\n<ul data-start=\"1649\" data-end=\"3033\">\n<li data-start=\"1649\" data-end=\"1833\">\n<p data-start=\"1651\" data-end=\"1833\"><strong data-start=\"1651\" data-end=\"1700\">Asesores integrados en riesgos y cumplimiento<\/strong>: Especialistas que brindan orientaci\u00f3n en tiempo real sobre riesgos, asesor\u00eda normativa y supervisi\u00f3n de la implementaci\u00f3n.<\/p>\n<\/li>\n<li data-start=\"1835\" data-end=\"2053\">\n<p data-start=\"1837\" data-end=\"2053\"><strong data-start=\"1837\" data-end=\"1879\">Identificaci\u00f3n y evaluaci\u00f3n de riesgos<\/strong>: An\u00e1lisis sistem\u00e1tico de amenazas operativas y estrat\u00e9gicas, desde la mala gesti\u00f3n financiera y el fraude hasta la inestabilidad geopol\u00edtica y los riesgos para la seguridad.<\/p>\n<\/li>\n<li data-start=\"2055\" data-end=\"2285\">\n<p data-start=\"2057\" data-end=\"2285\"><strong data-start=\"2057\" data-end=\"2097\">Monitoreo del cumplimiento normativo<\/strong>: Aseguramiento del cumplimiento continuo con leyes nacionales, regulaciones internacionales, pol\u00edticas de donantes y est\u00e1ndares espec\u00edficos del sector (como FCPA, GDPR, ISO, entre otros).<\/p>\n<\/li>\n<li data-start=\"2287\" data-end=\"2469\">\n<p data-start=\"2289\" data-end=\"2469\"><strong data-start=\"2289\" data-end=\"2328\">Desarrollo de pol\u00edticas y controles<\/strong>: Dise\u00f1o e implementaci\u00f3n de pol\u00edticas de gesti\u00f3n de riesgos, controles internos y mecanismos de auditor\u00eda adaptados a su realidad operativa.<\/p>\n<\/li>\n<li data-start=\"2471\" data-end=\"2657\">\n<p data-start=\"2473\" data-end=\"2657\"><strong data-start=\"2473\" data-end=\"2516\">Prevenci\u00f3n del fraude e investigaciones<\/strong>: Implementaci\u00f3n de estrategias preventivas y protocolos de respuesta para detectar, reportar e investigar incidentes de fraude o corrupci\u00f3n.<\/p>\n<\/li>\n<li data-start=\"2659\" data-end=\"2853\">\n<p data-start=\"2661\" data-end=\"2853\"><strong data-start=\"2661\" data-end=\"2707\">Capacitaci\u00f3n y programas de concienciaci\u00f3n<\/strong>: Fortalecimiento de la capacidad organizacional mediante formaciones dirigidas sobre cumplimiento, \u00e9tica, anticorrupci\u00f3n y mitigaci\u00f3n de riesgos.<\/p>\n<\/li>\n<li data-start=\"2855\" data-end=\"3033\">\n<p data-start=\"2857\" data-end=\"3033\"><strong data-start=\"2857\" data-end=\"2897\">Preparaci\u00f3n de informes y auditor\u00edas<\/strong>: Apoyo en la elaboraci\u00f3n de documentaci\u00f3n de cumplimiento, informes para donantes y auditor\u00edas externas, con transparencia y precisi\u00f3n.<\/p>\n<\/li>\n<\/ul>\n<blockquote>\n<p data-start=\"3035\" data-end=\"3356\" data-is-last-node=\"\" data-is-only-node=\"\"><strong>Con los expertos en gesti\u00f3n de riesgos y cumplimiento normativo de ACK3 integrados en tu organizaci\u00f3n, podr\u00e1s adquirir la confianza y la capacidad para navegar paisajes regulatorios complejos, gestionar la exposici\u00f3n al riesgo y mantener la confianza de socios, donantes y reguladores, incluso en condiciones extremas.<\/strong><\/p>\n<\/blockquote>\n<p>[\/et_pb_text][et_pb_divider _builder_version=\u00bb4.27.2&#8243; _module_preset=\u00bbdefault\u00bb global_colors_info=\u00bb{}\u00bb][\/et_pb_divider][\/et_pb_column][\/et_pb_row][et_pb_row _builder_version=\u00bb4.24.0&#8243; _module_preset=\u00bbdefault\u00bb global_module=\u00bb25840410&#8243; saved_tabs=\u00bball\u00bb locked=\u00bboff\u00bb global_colors_info=\u00bb{}\u00bb][et_pb_column type=\u00bb4_4&#8243; _builder_version=\u00bb4.24.0&#8243; _module_preset=\u00bbdefault\u00bb global_colors_info=\u00bb{}\u00bb][et_pb_text _builder_version=\u00bb4.24.0&#8243; _module_preset=\u00bbe9776427-b859-4288-b0a2-c7103567bb8c\u00bb global_colors_info=\u00bb{}\u00bb]<\/p>\n<p style=\"text-align: center;\">Cont\u00e1ctanos<\/p>\n<p>[\/et_pb_text][et_pb_text _builder_version=\u00bb4.24.0&#8243; _dynamic_attributes=\u00bbcontent\u00bb _module_preset=\u00bb13ddcc34-f131-47ca-8026-edc37a2f8af8&#8243; header_2_text_align=\u00bbcenter\u00bb custom_margin=\u00bb||5px||false|false\u00bb global_colors_info=\u00bb{}\u00bb]@ET-DC@eyJkeW5hbWljIjp0cnVlLCJjb250ZW50IjoicG9zdF90aXRsZSIsInNldHRpbmdzIjp7ImJlZm9yZSI6IjxoMj4gXHUwMGJmRXN0XHUwMGUxcyBpbnRlcmVzYWRvIGVuIGxvcyBzZXJ2aWNpb3MgZGUgIiwiYWZ0ZXIiOiIgZGUgQUNLMz88L2gyPiJ9fQ==@[\/et_pb_text][et_pb_text _builder_version=\u00bb4.24.0&#8243; _module_preset=\u00bb13ddcc34-f131-47ca-8026-edc37a2f8af8&#8243; global_colors_info=\u00bb{}\u00bb]<\/p>\n<p style=\"text-align: center;\">Ponte en contacto con nosotros completando el siguiente formulario:<\/p>\n<p>[\/et_pb_text][dipi_gravity_forms_styler gf_form_id=\u00bb1&#8243; form_title=\u00bbhide\u00bb _builder_version=\u00bb4.24.0&#8243; _module_preset=\u00bbdefault\u00bb form_title_font_size=\u00bb0px\u00bb field_label_font=\u00bbTrade Gothic LT Bold Extended||||||||\u00bb field_label_font_size=\u00bb15px\u00bb required_field_indicator_font_size=\u00bb15px\u00bb field_description_font_size=\u00bb16px\u00bb checkbox_radio_label_font_size=\u00bb17px\u00bb custom_all=\u00bbon\u00bb all_text_size=\u00bb17px\u00bb all_bg_color=\u00bb#000000&#8243; all_font=\u00bb|600|||||||\u00bb all_use_icon=\u00bboff\u00bb max_width=\u00bb78%\u00bb max_width_tablet=\u00bb100%\u00bb max_width_phone=\u00bb100%\u00bb max_width_last_edited=\u00bbon|desktop\u00bb module_alignment=\u00bbcenter\u00bb global_colors_info=\u00bb{}\u00bb all_bg_color__hover_enabled=\u00bbon|hover\u00bb all_bg_color__hover=\u00bb#535353&#8243; all_bg_enable_color__hover=\u00bbon\u00bb][\/dipi_gravity_forms_styler][\/et_pb_column][\/et_pb_row][\/et_pb_section]<\/p>\n","protected":false},"excerpt":{"rendered":"<p>Mitiga riesgos y garantiza el cumplimiento con los asesores integrados de ACK3: control de riesgos, apoyo normativo y preparaci\u00f3n para auditor\u00edas.<\/p>\n","protected":false},"author":2,"featured_media":25842954,"parent":25844463,"menu_order":0,"comment_status":"closed","ping_status":"closed","template":"","meta":{"_et_pb_use_builder":"on","_et_pb_old_content":"","_et_gb_content_width":"","footnotes":""},"dipi_cpt_category":[],"class_list":["post-25856012","page","type-page","status-publish","has-post-thumbnail","hentry"],"_links":{"self":[{"href":"https:\/\/ack3.eu\/es\/wp-json\/wp\/v2\/pages\/25856012","targetHints":{"allow":["GET"]}}],"collection":[{"href":"https:\/\/ack3.eu\/es\/wp-json\/wp\/v2\/pages"}],"about":[{"href":"https:\/\/ack3.eu\/es\/wp-json\/wp\/v2\/types\/page"}],"author":[{"embeddable":true,"href":"https:\/\/ack3.eu\/es\/wp-json\/wp\/v2\/users\/2"}],"replies":[{"embeddable":true,"href":"https:\/\/ack3.eu\/es\/wp-json\/wp\/v2\/comments?post=25856012"}],"version-history":[{"count":0,"href":"https:\/\/ack3.eu\/es\/wp-json\/wp\/v2\/pages\/25856012\/revisions"}],"up":[{"embeddable":true,"href":"https:\/\/ack3.eu\/es\/wp-json\/wp\/v2\/pages\/25844463"}],"wp:featuredmedia":[{"embeddable":true,"href":"https:\/\/ack3.eu\/es\/wp-json\/wp\/v2\/media\/25842954"}],"wp:attachment":[{"href":"https:\/\/ack3.eu\/es\/wp-json\/wp\/v2\/media?parent=25856012"}],"wp:term":[{"taxonomy":"dipi_cpt_category","embeddable":true,"href":"https:\/\/ack3.eu\/es\/wp-json\/wp\/v2\/dipi_cpt_category?post=25856012"}],"curies":[{"name":"wp","href":"https:\/\/api.w.org\/{rel}","templated":true}]}}