{"id":25856004,"date":"2025-05-06T07:49:51","date_gmt":"2025-05-06T05:49:51","guid":{"rendered":"https:\/\/ack3.eu\/servicios\/servicios-de-consultoria-integrada\/operational-strategy-and-planning\/"},"modified":"2025-05-29T08:50:42","modified_gmt":"2025-05-29T06:50:42","slug":"estrategia-planificacion-operativa","status":"publish","type":"page","link":"https:\/\/ack3.eu\/es\/servicios\/servicios-de-consultoria-integrada\/estrategia-planificacion-operativa\/","title":{"rendered":"Estrategia y planificaci\u00f3n operativa"},"content":{"rendered":"<p>[et_pb_section fb_built=\u00bb1&#8243; _builder_version=\u00bb4.24.0&#8243; _module_preset=\u00bbdefault\u00bb background_color=\u00bb#000000&#8243; background_pattern_repeat_origin=\u00bbcenter\u00bb custom_padding=\u00bb13px||13px||true|false\u00bb saved_tabs=\u00bball\u00bb locked=\u00bboff\u00bb global_colors_info=\u00bb{}\u00bb][et_pb_row _builder_version=\u00bb4.24.0&#8243; _module_preset=\u00bb32edda46-f9f8-4bcc-acb6-81abff8182ae\u00bb custom_margin=\u00bb||0px||false|false\u00bb custom_padding=\u00bb4px||4px||true|false\u00bb global_colors_info=\u00bb{}\u00bb][et_pb_column type=\u00bb4_4&#8243; _builder_version=\u00bb4.20.4&#8243; _module_preset=\u00bbdefault\u00bb global_colors_info=\u00bb{}\u00bb][dipi_breadcrumbs bc_home_text=\u00bbHome\u00bb bc_home_url=\u00bb\/\u00bb bc_items_alignment=\u00bbdipi-bc-left\u00bb bc_item_padding=\u00bb|10px||10px|false|true\u00bb bc_active_item_padding=\u00bb|20px||10px|true|false\u00bb _builder_version=\u00bb4.24.0&#8243; _module_preset=\u00bbdefault\u00bb active_text_color=\u00bb#BADFF7&#8243; global_colors_info=\u00bb{}\u00bb][\/dipi_breadcrumbs][\/et_pb_column][\/et_pb_row][\/et_pb_section][et_pb_section fb_built=\u00bb1&#8243; _builder_version=\u00bb4.24.0&#8243; _module_preset=\u00bbdefault\u00bb locked=\u00bboff\u00bb global_colors_info=\u00bb{}\u00bb][et_pb_row _builder_version=\u00bb4.24.0&#8243; _module_preset=\u00bbdefault\u00bb locked=\u00bboff\u00bb global_colors_info=\u00bb{}\u00bb][et_pb_column type=\u00bb4_4&#8243; _builder_version=\u00bb4.24.0&#8243; _module_preset=\u00bbdefault\u00bb global_colors_info=\u00bb{}\u00bb][et_pb_text _builder_version=\u00bb4.27.4&#8243; _module_preset=\u00bb13ddcc34-f131-47ca-8026-edc37a2f8af8&#8243; global_colors_info=\u00bb{}\u00bb]<\/p>\n<h1 style=\"text-align: center;\" data-start=\"0\" data-end=\"40\">Estrategia y planificaci\u00f3n operativa<\/h1>\n<p style=\"text-align: center;\" data-start=\"42\" data-end=\"540\">El servicio de estrategia y planificaci\u00f3n operativa de ACK3 est\u00e1 dise\u00f1ado para apoyar a organizaciones que operan en entornos complejos, de alto riesgo o en transici\u00f3n. A trav\u00e9s de una consultor\u00eda integrada y una estrecha colaboraci\u00f3n, <strong>ayudamos a formular planes estrat\u00e9gicos, optimizar el desempe\u00f1o operativo y garantizar el \u00e9xito de la misi\u00f3n en condiciones din\u00e1micas<\/strong>. Nuestros expertos se integran directamente con tu equipo para brindar apoyo y orientaci\u00f3n sobre el terreno.<\/p>\n<p>[\/et_pb_text][\/et_pb_column][\/et_pb_row][et_pb_row column_structure=\u00bb1_2,1_2&#8243; module_class=\u00bbagf-vertical-align\u00bb _builder_version=\u00bb4.24.0&#8243; _module_preset=\u00bbdefault\u00bb custom_padding=\u00bb||||false|false\u00bb global_colors_info=\u00bb{}\u00bb][et_pb_column type=\u00bb1_2&#8243; _builder_version=\u00bb4.24.0&#8243; _module_preset=\u00bbdefault\u00bb global_colors_info=\u00bb{}\u00bb][et_pb_text _builder_version=\u00bb4.27.4&#8243; _module_preset=\u00bbdefault\u00bb background_color=\u00bb#F6FAFD\u00bb custom_padding=\u00bb30px|30px|30px|30px|true|true\u00bb border_radii=\u00bbon|3px|3px|3px|3px\u00bb box_shadow_style=\u00bbpreset4&#8243; box_shadow_horizontal=\u00bb7px\u00bb box_shadow_vertical=\u00bb7px\u00bb box_shadow_color=\u00bb#BADFF7&#8243; global_colors_info=\u00bb{}\u00bb]<\/p>\n<h2 data-start=\"542\" data-end=\"594\">\u00bfQu\u00e9 es la estrategia y planificaci\u00f3n operativa?<\/h2>\n<p data-start=\"596\" data-end=\"1277\">La estrategia y planificaci\u00f3n operativa es un servicio enfocado en desarrollar y ejecutar estrategias efectivas alineadas con objetivos cr\u00edticos. Implica <strong>an\u00e1lisis situacional, planificaci\u00f3n basada en riesgos, optimizaci\u00f3n del rendimiento y asignaci\u00f3n de recursos<\/strong>. Ofrecido mediante<strong> consultor\u00eda integrada<\/strong>, ACK3 coloca asesores experimentados dentro de tu organizaci\u00f3n para guiar las operaciones, mejorar la toma de decisiones y adaptarse a desarrollos en tiempo real. Este servicio es ideal para gobiernos, ONG, corporaciones multinacionales e industrias sensibles a la seguridad que operan en estados fr\u00e1giles, zonas post-conflicto o regiones propensas a crisis.<\/p>\n<p>[\/et_pb_text][\/et_pb_column][et_pb_column type=\u00bb1_2&#8243; _builder_version=\u00bb4.24.0&#8243; _module_preset=\u00bbdefault\u00bb global_colors_info=\u00bb{}\u00bb][et_pb_image src=\u00bbhttps:\/\/ack3.eu\/wp-content\/uploads\/2024\/01\/Embedded-Consulting-Services-Grande.webp\u00bb alt=\u00bbConoce a tu cliente\u00bb title_text=\u00bbServicios de Consultor\u00eda Integrada de ACK3&#8243; _builder_version=\u00bb4.27.4&#8243; _module_preset=\u00bbdefault\u00bb global_colors_info=\u00bb{}\u00bb][\/et_pb_image][\/et_pb_column][\/et_pb_row][et_pb_row _builder_version=\u00bb4.24.0&#8243; _module_preset=\u00bbdefault\u00bb global_colors_info=\u00bb{}\u00bb][et_pb_column type=\u00bb4_4&#8243; _builder_version=\u00bb4.24.0&#8243; _module_preset=\u00bbdefault\u00bb global_colors_info=\u00bb{}\u00bb][et_pb_text _builder_version=\u00bb4.27.4&#8243; _module_preset=\u00bbdefault\u00bb global_colors_info=\u00bb{}\u00bb]<\/p>\n<h3 data-start=\"1279\" data-end=\"1365\">Impulsando el \u00e9xito estrat\u00e9gico en entornos complejos<\/h3>\n<p data-start=\"1367\" data-end=\"1626\">El enfoque integrado de ACK3 garantiza que nuestros expertos trabajen codo a codo con su equipo directivo y equipos de campo para ofrecer informaci\u00f3n y soluciones accionables en tiempo real. Nuestros servicios de estrategia y planificaci\u00f3n operativa incluyen:<\/p>\n<ul data-start=\"1628\" data-end=\"3002\">\n<li data-start=\"1628\" data-end=\"1824\">\n<p data-start=\"1630\" data-end=\"1824\"><strong data-start=\"1630\" data-end=\"1666\">Asesores estrat\u00e9gicos integrados<\/strong>: Profesionales con experiencia, incorporados en sus operaciones para apoyar al liderazgo, la planificaci\u00f3n y la toma de decisiones cr\u00edticas sobre el terreno.<\/p>\n<\/li>\n<li data-start=\"1826\" data-end=\"2016\">\n<p data-start=\"1828\" data-end=\"2016\"><strong data-start=\"1828\" data-end=\"1860\">An\u00e1lisis de misi\u00f3n y riesgos<\/strong>: Evaluaciones exhaustivas de los objetivos operativos, la din\u00e1mica entre partes interesadas y los riesgos del entorno, para formular estrategias efectivas.<\/p>\n<\/li>\n<li data-start=\"2018\" data-end=\"2190\">\n<p data-start=\"2020\" data-end=\"2190\"><strong data-start=\"2020\" data-end=\"2067\">Planificaci\u00f3n de contingencias y escenarios<\/strong>: Desarrollo de estrategias adaptables para condiciones cambiantes, incluyendo crisis, conflictos o inestabilidad pol\u00edtica.<\/p>\n<\/li>\n<li data-start=\"2192\" data-end=\"2354\">\n<p data-start=\"2194\" data-end=\"2354\"><strong data-start=\"2194\" data-end=\"2243\">Dise\u00f1o operativo y apoyo en la implementaci\u00f3n<\/strong>: Estructuraci\u00f3n y gu\u00eda en el despliegue de nuevas iniciativas, campa\u00f1as o reformas con precisi\u00f3n y eficiencia.<\/p>\n<\/li>\n<li data-start=\"2356\" data-end=\"2565\">\n<p data-start=\"2358\" data-end=\"2565\"><strong data-start=\"2358\" data-end=\"2414\">Compromiso y coordinaci\u00f3n con las partes interesadas<\/strong>: Facilitaci\u00f3n de la alineaci\u00f3n entre equipos internos, autoridades locales, donantes y organizaciones asociadas para asegurar la coherencia operativa.<\/p>\n<\/li>\n<li data-start=\"2567\" data-end=\"2771\">\n<p data-start=\"2569\" data-end=\"2771\"><strong data-start=\"2569\" data-end=\"2615\">Monitoreo y evaluaci\u00f3n del desempe\u00f1o (M&amp;E)<\/strong>: Establecimiento de indicadores clave de desempe\u00f1o (KPI) y m\u00e9tricas para evaluar el impacto, mejorar la rendici\u00f3n de cuentas y fomentar la mejora continua.<\/p>\n<\/li>\n<li data-start=\"2773\" data-end=\"3002\">\n<p data-start=\"2775\" data-end=\"3002\"><strong data-start=\"2775\" data-end=\"2824\">Capacitaci\u00f3n y fortalecimiento de capacidades<\/strong>: Mejora de las capacidades internas a trav\u00e9s de coaching personalizado, talleres estrat\u00e9gicos y sesiones de transferencia de conocimientos para una sostenibilidad a largo plazo.<\/p>\n<\/li>\n<\/ul>\n<blockquote>\n<p data-start=\"3004\" data-end=\"3403\" data-is-last-node=\"\" data-is-only-node=\"\"><strong>Con ACK3 como tu socio integrado, obtienes m\u00e1s que asesoramiento estrat\u00e9gico: obtienes conocimientos comprobados en terreno, experiencia pr\u00e1ctica y la capacidad de adaptarte y prosperar en entornos de alta presi\u00f3n. Nuestro servicio de estrategia y planificaci\u00f3n operativa te permite liderar con claridad, actuar con prop\u00f3sito y obtener resultados, incluso en las circunstancias m\u00e1s desafiantes.<\/strong><\/p>\n<\/blockquote>\n<p>[\/et_pb_text][et_pb_divider _builder_version=\u00bb4.27.2&#8243; _module_preset=\u00bbdefault\u00bb global_colors_info=\u00bb{}\u00bb][\/et_pb_divider][\/et_pb_column][\/et_pb_row][et_pb_row _builder_version=\u00bb4.24.0&#8243; _module_preset=\u00bbdefault\u00bb global_module=\u00bb25840410&#8243; saved_tabs=\u00bball\u00bb locked=\u00bboff\u00bb global_colors_info=\u00bb{}\u00bb][et_pb_column type=\u00bb4_4&#8243; _builder_version=\u00bb4.24.0&#8243; _module_preset=\u00bbdefault\u00bb global_colors_info=\u00bb{}\u00bb][et_pb_text _builder_version=\u00bb4.24.0&#8243; _module_preset=\u00bbe9776427-b859-4288-b0a2-c7103567bb8c\u00bb global_colors_info=\u00bb{}\u00bb]<\/p>\n<p style=\"text-align: center;\">Cont\u00e1ctanos<\/p>\n<p>[\/et_pb_text][et_pb_text _builder_version=\u00bb4.24.0&#8243; _dynamic_attributes=\u00bbcontent\u00bb _module_preset=\u00bb13ddcc34-f131-47ca-8026-edc37a2f8af8&#8243; header_2_text_align=\u00bbcenter\u00bb custom_margin=\u00bb||5px||false|false\u00bb global_colors_info=\u00bb{}\u00bb]@ET-DC@eyJkeW5hbWljIjp0cnVlLCJjb250ZW50IjoicG9zdF90aXRsZSIsInNldHRpbmdzIjp7ImJlZm9yZSI6IjxoMj4gXHUwMGJmRXN0XHUwMGUxcyBpbnRlcmVzYWRvIGVuIGxvcyBzZXJ2aWNpb3MgZGUgIiwiYWZ0ZXIiOiIgZGUgQUNLMz88L2gyPiJ9fQ==@[\/et_pb_text][et_pb_text _builder_version=\u00bb4.24.0&#8243; _module_preset=\u00bb13ddcc34-f131-47ca-8026-edc37a2f8af8&#8243; global_colors_info=\u00bb{}\u00bb]<\/p>\n<p style=\"text-align: center;\">Ponte en contacto con nosotros completando el siguiente formulario:<\/p>\n<p>[\/et_pb_text][dipi_gravity_forms_styler gf_form_id=\u00bb1&#8243; form_title=\u00bbhide\u00bb _builder_version=\u00bb4.24.0&#8243; _module_preset=\u00bbdefault\u00bb form_title_font_size=\u00bb0px\u00bb field_label_font=\u00bbTrade Gothic LT Bold Extended||||||||\u00bb field_label_font_size=\u00bb15px\u00bb required_field_indicator_font_size=\u00bb15px\u00bb field_description_font_size=\u00bb16px\u00bb checkbox_radio_label_font_size=\u00bb17px\u00bb custom_all=\u00bbon\u00bb all_text_size=\u00bb17px\u00bb all_bg_color=\u00bb#000000&#8243; all_font=\u00bb|600|||||||\u00bb all_use_icon=\u00bboff\u00bb max_width=\u00bb78%\u00bb max_width_tablet=\u00bb100%\u00bb max_width_phone=\u00bb100%\u00bb max_width_last_edited=\u00bbon|desktop\u00bb module_alignment=\u00bbcenter\u00bb global_colors_info=\u00bb{}\u00bb all_bg_color__hover_enabled=\u00bbon|hover\u00bb all_bg_color__hover=\u00bb#535353&#8243; all_bg_enable_color__hover=\u00bbon\u00bb][\/dipi_gravity_forms_styler][\/et_pb_column][\/et_pb_row][\/et_pb_section]<\/p>\n","protected":false},"excerpt":{"rendered":"<p>Impulse el \u00e9xito en entornos complejos con estrategia integrada: planificaci\u00f3n en tiempo real, an\u00e1lisis de riesgos y apoyo en la ejecuci\u00f3n operativa.<\/p>\n","protected":false},"author":2,"featured_media":25842954,"parent":25844463,"menu_order":0,"comment_status":"closed","ping_status":"closed","template":"","meta":{"_et_pb_use_builder":"on","_et_pb_old_content":"","_et_gb_content_width":"","footnotes":""},"dipi_cpt_category":[],"class_list":["post-25856004","page","type-page","status-publish","has-post-thumbnail","hentry"],"_links":{"self":[{"href":"https:\/\/ack3.eu\/es\/wp-json\/wp\/v2\/pages\/25856004","targetHints":{"allow":["GET"]}}],"collection":[{"href":"https:\/\/ack3.eu\/es\/wp-json\/wp\/v2\/pages"}],"about":[{"href":"https:\/\/ack3.eu\/es\/wp-json\/wp\/v2\/types\/page"}],"author":[{"embeddable":true,"href":"https:\/\/ack3.eu\/es\/wp-json\/wp\/v2\/users\/2"}],"replies":[{"embeddable":true,"href":"https:\/\/ack3.eu\/es\/wp-json\/wp\/v2\/comments?post=25856004"}],"version-history":[{"count":0,"href":"https:\/\/ack3.eu\/es\/wp-json\/wp\/v2\/pages\/25856004\/revisions"}],"up":[{"embeddable":true,"href":"https:\/\/ack3.eu\/es\/wp-json\/wp\/v2\/pages\/25844463"}],"wp:featuredmedia":[{"embeddable":true,"href":"https:\/\/ack3.eu\/es\/wp-json\/wp\/v2\/media\/25842954"}],"wp:attachment":[{"href":"https:\/\/ack3.eu\/es\/wp-json\/wp\/v2\/media?parent=25856004"}],"wp:term":[{"taxonomy":"dipi_cpt_category","embeddable":true,"href":"https:\/\/ack3.eu\/es\/wp-json\/wp\/v2\/dipi_cpt_category?post=25856004"}],"curies":[{"name":"wp","href":"https:\/\/api.w.org\/{rel}","templated":true}]}}