{"id":25855313,"date":"2025-05-07T09:20:31","date_gmt":"2025-05-07T07:20:31","guid":{"rendered":"https:\/\/ack3.eu\/servicios\/evaluaciones-de-impacto-ambiental\/corporate-partnerships\/"},"modified":"2025-05-12T09:42:16","modified_gmt":"2025-05-12T07:42:16","slug":"asociaciones-corporativas","status":"publish","type":"page","link":"https:\/\/ack3.eu\/es\/servicios\/evaluaciones-de-impacto-ambiental\/asociaciones-corporativas\/","title":{"rendered":"Alianzas corporativas"},"content":{"rendered":"<p>[et_pb_section fb_built=\u00bb1&#8243; _builder_version=\u00bb4.24.0&#8243; _module_preset=\u00bbdefault\u00bb background_color=\u00bb#000000&#8243; background_pattern_repeat_origin=\u00bbcenter\u00bb custom_padding=\u00bb13px||13px||true|false\u00bb saved_tabs=\u00bball\u00bb locked=\u00bboff\u00bb global_colors_info=\u00bb{}\u00bb][et_pb_row _builder_version=\u00bb4.24.0&#8243; _module_preset=\u00bb32edda46-f9f8-4bcc-acb6-81abff8182ae\u00bb custom_margin=\u00bb||0px||false|false\u00bb custom_padding=\u00bb4px||4px||true|false\u00bb global_colors_info=\u00bb{}\u00bb][et_pb_column type=\u00bb4_4&#8243; _builder_version=\u00bb4.20.4&#8243; _module_preset=\u00bbdefault\u00bb global_colors_info=\u00bb{}\u00bb][dipi_breadcrumbs bc_home_text=\u00bbHome\u00bb bc_home_url=\u00bb\/\u00bb bc_items_alignment=\u00bbdipi-bc-left\u00bb bc_item_padding=\u00bb|10px||10px|false|true\u00bb bc_active_item_padding=\u00bb|20px||10px|true|false\u00bb _builder_version=\u00bb4.24.0&#8243; _module_preset=\u00bbdefault\u00bb active_text_color=\u00bb#BADFF7&#8243; global_colors_info=\u00bb{}\u00bb][\/dipi_breadcrumbs][\/et_pb_column][\/et_pb_row][\/et_pb_section][et_pb_section fb_built=\u00bb1&#8243; _builder_version=\u00bb4.24.0&#8243; _module_preset=\u00bbdefault\u00bb locked=\u00bboff\u00bb global_colors_info=\u00bb{}\u00bb][et_pb_row _builder_version=\u00bb4.24.0&#8243; _module_preset=\u00bbdefault\u00bb locked=\u00bboff\u00bb global_colors_info=\u00bb{}\u00bb][et_pb_column type=\u00bb4_4&#8243; _builder_version=\u00bb4.24.0&#8243; _module_preset=\u00bbdefault\u00bb global_colors_info=\u00bb{}\u00bb][et_pb_text _builder_version=\u00bb4.27.4&#8243; _module_preset=\u00bb13ddcc34-f131-47ca-8026-edc37a2f8af8&#8243; hover_enabled=\u00bb0&#8243; global_colors_info=\u00bb{}\u00bb sticky_enabled=\u00bb0&#8243;]<\/p>\n<h1 style=\"text-align: center;\">Alianzas corporativas<\/h1>\n<p style=\"text-align: center;\"><strong>El servicio de alianzas corporativas de ACK3 establece asociaciones estrat\u00e9gicas con organizaciones que buscan incorporar pr\u00e1cticas sostenibles y responsables en tus proyectos de desarrollo<\/strong>. Trabajamos de cerca con empresas e instituciones para asegurar que el crecimiento corporativo est\u00e9 alineado con los m\u00e1s altos est\u00e1ndares ambientales, sociales y normativos.<\/p>\n<p>[\/et_pb_text][\/et_pb_column][\/et_pb_row][et_pb_row column_structure=\u00bb1_2,1_2&#8243; module_class=\u00bbagf-vertical-align\u00bb _builder_version=\u00bb4.24.0&#8243; _module_preset=\u00bbdefault\u00bb custom_padding=\u00bb||||false|false\u00bb global_colors_info=\u00bb{}\u00bb][et_pb_column type=\u00bb1_2&#8243; _builder_version=\u00bb4.24.0&#8243; _module_preset=\u00bbdefault\u00bb global_colors_info=\u00bb{}\u00bb][et_pb_text _builder_version=\u00bb4.27.4&#8243; _module_preset=\u00bbdefault\u00bb background_color=\u00bb#F6FAFD\u00bb custom_padding=\u00bb30px|30px|30px|30px|true|true\u00bb hover_enabled=\u00bb0&#8243; border_radii=\u00bbon|3px|3px|3px|3px\u00bb box_shadow_style=\u00bbpreset4&#8243; box_shadow_horizontal=\u00bb7px\u00bb box_shadow_vertical=\u00bb7px\u00bb box_shadow_color=\u00bb#BADFF7&#8243; global_colors_info=\u00bb{}\u00bb sticky_enabled=\u00bb0&#8243;]<\/p>\n<h2>\u00bfQu\u00e9 son las alianzas corporativas?<\/h2>\n<p>Las alianzas corporativas en el \u00e1mbito de las Evaluaciones de Impacto Ambiental (EIA) implican una colaboraci\u00f3n estrecha entre ACK3 y organizaciones que desarrollan proyectos de infraestructura, energ\u00eda, miner\u00eda, transporte u otras iniciativas a gran escala con importantes implicaciones ambientales. A trav\u00e9s de estas alianzas, ACK3 brinda experiencia t\u00e9cnica, estrat\u00e9gica y regulatoria para <strong>ayudar a las empresas a anticipar riesgos ambientales, cumplir con sus obligaciones normativas y fortalecer su desempe\u00f1o ESG<\/strong>. Apoyamos a nuestros socios a lo largo de todo el ciclo de vida del proyecto, desde la planificaci\u00f3n inicial hasta la supervisi\u00f3n posterior a la implementaci\u00f3n.<\/p>\n<p>[\/et_pb_text][\/et_pb_column][et_pb_column type=\u00bb1_2&#8243; _builder_version=\u00bb4.24.0&#8243; _module_preset=\u00bbdefault\u00bb global_colors_info=\u00bb{}\u00bb][et_pb_image src=\u00bbhttps:\/\/ack3.eu\/wp-content\/uploads\/2024\/01\/Environmental-Impact-Assesments.webp\u00bb alt=\u00bbConoce a tu cliente\u00bb title_text=\u00bbEvaluaciones de Impacto Ambiental de ACK3&#8243; _builder_version=\u00bb4.27.4&#8243; _module_preset=\u00bbdefault\u00bb global_colors_info=\u00bb{}\u00bb][\/et_pb_image][\/et_pb_column][\/et_pb_row][et_pb_row _builder_version=\u00bb4.24.0&#8243; _module_preset=\u00bbdefault\u00bb global_colors_info=\u00bb{}\u00bb][et_pb_column type=\u00bb4_4&#8243; _builder_version=\u00bb4.24.0&#8243; _module_preset=\u00bbdefault\u00bb global_colors_info=\u00bb{}\u00bb][et_pb_text _builder_version=\u00bb4.27.4&#8243; _module_preset=\u00bbdefault\u00bb hover_enabled=\u00bb0&#8243; global_colors_info=\u00bb{}\u00bb sticky_enabled=\u00bb0&#8243;]<\/p>\n<h3>Impulsando el crecimiento corporativo con responsabilidad ambiental<\/h3>\n<p>En ACK3, creemos que las alianzas s\u00f3lidas comienzan con una comprensi\u00f3n profunda de los objetivos y desaf\u00edos de cada organizaci\u00f3n. Nuestro servicio de alianzas corporativas incluye:<\/p>\n<p>\u2981 <strong>Evaluaciones de Impacto Ambiental (EIA)<\/strong>: Realizaci\u00f3n de EIA completas, alineadas con marcos normativos nacionales e internacionales, para identificar impactos potenciales y proponer estrategias de mitigaci\u00f3n.<\/p>\n<p>\u2981 <strong>An\u00e1lisis de riesgos ambientales y de infraestructura<\/strong>: Evaluaci\u00f3n de vulnerabilidades relacionadas con factores clim\u00e1ticos, geopol\u00edticos o ecol\u00f3gicos que puedan afectar la viabilidad y seguridad de los proyectos.<\/p>\n<p>\u2981 <strong>Integraci\u00f3n de sostenibilidad y alineaci\u00f3n ESG<\/strong>: Incorporaci\u00f3n de indicadores clave de desempe\u00f1o ambiental y social en la planificaci\u00f3n de proyectos, para respaldar los objetivos de sostenibilidad corporativa a largo plazo.<\/p>\n<p>\u2981 <strong>Permisos y cumplimiento normativo<\/strong>: Asistencia a los socios para la obtenci\u00f3n de permisos ambientales y el cumplimiento de las leyes pertinentes y regulaciones sectoriales.<\/p>\n<p>\u2981 <strong>Evaluaciones ecol\u00f3gicas y de biodiversidad<\/strong>: An\u00e1lisis de los posibles efectos sobre los ecosistemas y recomendaci\u00f3n de medidas para su conservaci\u00f3n, restauraci\u00f3n o compensaci\u00f3n.<\/p>\n<p>\u2981 <strong>Planificaci\u00f3n para la resiliencia y adaptaci\u00f3n clim\u00e1tica<\/strong>: Dise\u00f1o de infraestructuras capaces de resistir fen\u00f3menos meteorol\u00f3gicos extremos y adaptarse a la variabilidad clim\u00e1tica a largo plazo.<\/p>\n<p>\u2981 <strong>Monitoreo ambiental posterior al proyecto<\/strong>: Implementaci\u00f3n de sistemas de seguimiento para garantizar un desempe\u00f1o ambiental continuo y la mitigaci\u00f3n de impactos tras la finalizaci\u00f3n del proyecto.<\/p>\n<blockquote>\n<p><strong>Al asociarte con ACK3, tu organizaci\u00f3n obtiene un asesor t\u00e9cnico y estrat\u00e9gico de confianza\u2014no solo para asegurar el cumplimiento legal, sino tambi\u00e9n para aumentar el valor ambiental y social de sus inversiones. Nuestras alianzas corporativas est\u00e1n dise\u00f1adas para fortalecer la gobernanza ambiental y ayudarte a anticiparte a los desaf\u00edos globales emergentes.<\/strong><\/p>\n<\/blockquote>\n<p>[\/et_pb_text][et_pb_divider _builder_version=\u00bb4.27.2&#8243; _module_preset=\u00bbdefault\u00bb global_colors_info=\u00bb{}\u00bb][\/et_pb_divider][\/et_pb_column][\/et_pb_row][et_pb_row _builder_version=\u00bb4.24.0&#8243; _module_preset=\u00bbdefault\u00bb global_module=\u00bb25840410&#8243; saved_tabs=\u00bball\u00bb locked=\u00bboff\u00bb global_colors_info=\u00bb{}\u00bb][et_pb_column type=\u00bb4_4&#8243; _builder_version=\u00bb4.24.0&#8243; _module_preset=\u00bbdefault\u00bb global_colors_info=\u00bb{}\u00bb][et_pb_text _builder_version=\u00bb4.24.0&#8243; _module_preset=\u00bbe9776427-b859-4288-b0a2-c7103567bb8c\u00bb global_colors_info=\u00bb{}\u00bb]<\/p>\n<p style=\"text-align: center;\">Cont\u00e1ctanos<\/p>\n<p>[\/et_pb_text][et_pb_text _builder_version=\u00bb4.24.0&#8243; _dynamic_attributes=\u00bbcontent\u00bb _module_preset=\u00bb13ddcc34-f131-47ca-8026-edc37a2f8af8&#8243; header_2_text_align=\u00bbcenter\u00bb custom_margin=\u00bb||5px||false|false\u00bb global_colors_info=\u00bb{}\u00bb]@ET-DC@eyJkeW5hbWljIjp0cnVlLCJjb250ZW50IjoicG9zdF90aXRsZSIsInNldHRpbmdzIjp7ImJlZm9yZSI6IjxoMj4gXHUwMGJmRXN0XHUwMGUxcyBpbnRlcmVzYWRvIGVuIGxvcyBzZXJ2aWNpb3MgZGUgIiwiYWZ0ZXIiOiIgZGUgQUNLMz88L2gyPiJ9fQ==@[\/et_pb_text][et_pb_text _builder_version=\u00bb4.24.0&#8243; _module_preset=\u00bb13ddcc34-f131-47ca-8026-edc37a2f8af8&#8243; global_colors_info=\u00bb{}\u00bb]<\/p>\n<p style=\"text-align: center;\">Ponte en contacto con nosotros completando el siguiente formulario:<\/p>\n<p>[\/et_pb_text][dipi_gravity_forms_styler gf_form_id=\u00bb1&#8243; form_title=\u00bbhide\u00bb _builder_version=\u00bb4.24.0&#8243; _module_preset=\u00bbdefault\u00bb form_title_font_size=\u00bb0px\u00bb field_label_font=\u00bbTrade Gothic LT Bold Extended||||||||\u00bb field_label_font_size=\u00bb15px\u00bb required_field_indicator_font_size=\u00bb15px\u00bb field_description_font_size=\u00bb16px\u00bb checkbox_radio_label_font_size=\u00bb17px\u00bb custom_all=\u00bbon\u00bb all_text_size=\u00bb17px\u00bb all_bg_color=\u00bb#000000&#8243; all_font=\u00bb|600|||||||\u00bb all_use_icon=\u00bboff\u00bb max_width=\u00bb78%\u00bb max_width_tablet=\u00bb100%\u00bb max_width_phone=\u00bb100%\u00bb max_width_last_edited=\u00bbon|desktop\u00bb module_alignment=\u00bbcenter\u00bb global_colors_info=\u00bb{}\u00bb all_bg_color__hover_enabled=\u00bbon|hover\u00bb all_bg_color__hover=\u00bb#535353&#8243; all_bg_enable_color__hover=\u00bbon\u00bb][\/dipi_gravity_forms_styler][\/et_pb_column][\/et_pb_row][\/et_pb_section]<\/p>\n","protected":false},"excerpt":{"rendered":"<p>Garantiza el cumplimiento normativo, la sostenibilidad y el \u00e9xito de sus proyectos a largo plazo con ACK3. <\/p>\n","protected":false},"author":2,"featured_media":25842990,"parent":25844450,"menu_order":0,"comment_status":"closed","ping_status":"closed","template":"","meta":{"_et_pb_use_builder":"on","_et_pb_old_content":"","_et_gb_content_width":"","footnotes":""},"dipi_cpt_category":[],"class_list":["post-25855313","page","type-page","status-publish","has-post-thumbnail","hentry"],"_links":{"self":[{"href":"https:\/\/ack3.eu\/es\/wp-json\/wp\/v2\/pages\/25855313","targetHints":{"allow":["GET"]}}],"collection":[{"href":"https:\/\/ack3.eu\/es\/wp-json\/wp\/v2\/pages"}],"about":[{"href":"https:\/\/ack3.eu\/es\/wp-json\/wp\/v2\/types\/page"}],"author":[{"embeddable":true,"href":"https:\/\/ack3.eu\/es\/wp-json\/wp\/v2\/users\/2"}],"replies":[{"embeddable":true,"href":"https:\/\/ack3.eu\/es\/wp-json\/wp\/v2\/comments?post=25855313"}],"version-history":[{"count":0,"href":"https:\/\/ack3.eu\/es\/wp-json\/wp\/v2\/pages\/25855313\/revisions"}],"up":[{"embeddable":true,"href":"https:\/\/ack3.eu\/es\/wp-json\/wp\/v2\/pages\/25844450"}],"wp:featuredmedia":[{"embeddable":true,"href":"https:\/\/ack3.eu\/es\/wp-json\/wp\/v2\/media\/25842990"}],"wp:attachment":[{"href":"https:\/\/ack3.eu\/es\/wp-json\/wp\/v2\/media?parent=25855313"}],"wp:term":[{"taxonomy":"dipi_cpt_category","embeddable":true,"href":"https:\/\/ack3.eu\/es\/wp-json\/wp\/v2\/dipi_cpt_category?post=25855313"}],"curies":[{"name":"wp","href":"https:\/\/api.w.org\/{rel}","templated":true}]}}