{"id":25855295,"date":"2025-04-14T14:05:05","date_gmt":"2025-04-14T12:05:05","guid":{"rendered":"https:\/\/ack3.eu\/servicios\/evaluaciones-de-impacto-ambiental\/corporate-social-responsibility-programs\/"},"modified":"2025-05-12T07:27:23","modified_gmt":"2025-05-12T05:27:23","slug":"programas-responsabilidad-social-corporativa","status":"publish","type":"page","link":"https:\/\/ack3.eu\/es\/servicios\/evaluaciones-de-impacto-ambiental\/programas-responsabilidad-social-corporativa\/","title":{"rendered":"Programas de responsabilidad social corporativa"},"content":{"rendered":"<p>[et_pb_section fb_built=\u00bb1&#8243; _builder_version=\u00bb4.24.0&#8243; _module_preset=\u00bbdefault\u00bb background_color=\u00bb#000000&#8243; background_pattern_repeat_origin=\u00bbcenter\u00bb custom_padding=\u00bb13px||13px||true|false\u00bb saved_tabs=\u00bball\u00bb locked=\u00bboff\u00bb global_colors_info=\u00bb{}\u00bb][et_pb_row _builder_version=\u00bb4.24.0&#8243; _module_preset=\u00bb32edda46-f9f8-4bcc-acb6-81abff8182ae\u00bb custom_margin=\u00bb||0px||false|false\u00bb custom_padding=\u00bb4px||4px||true|false\u00bb global_colors_info=\u00bb{}\u00bb][et_pb_column type=\u00bb4_4&#8243; _builder_version=\u00bb4.20.4&#8243; _module_preset=\u00bbdefault\u00bb global_colors_info=\u00bb{}\u00bb][dipi_breadcrumbs bc_home_text=\u00bbHome\u00bb bc_home_url=\u00bb\/\u00bb bc_items_alignment=\u00bbdipi-bc-left\u00bb bc_item_padding=\u00bb|10px||10px|false|true\u00bb bc_active_item_padding=\u00bb|20px||10px|true|false\u00bb _builder_version=\u00bb4.24.0&#8243; _module_preset=\u00bbdefault\u00bb active_text_color=\u00bb#BADFF7&#8243; global_colors_info=\u00bb{}\u00bb][\/dipi_breadcrumbs][\/et_pb_column][\/et_pb_row][\/et_pb_section][et_pb_section fb_built=\u00bb1&#8243; _builder_version=\u00bb4.24.0&#8243; _module_preset=\u00bbdefault\u00bb locked=\u00bboff\u00bb global_colors_info=\u00bb{}\u00bb][et_pb_row _builder_version=\u00bb4.24.0&#8243; _module_preset=\u00bbdefault\u00bb locked=\u00bboff\u00bb global_colors_info=\u00bb{}\u00bb][et_pb_column type=\u00bb4_4&#8243; _builder_version=\u00bb4.24.0&#8243; _module_preset=\u00bbdefault\u00bb global_colors_info=\u00bb{}\u00bb][et_pb_text _builder_version=\u00bb4.27.4&#8243; _module_preset=\u00bb13ddcc34-f131-47ca-8026-edc37a2f8af8&#8243; global_colors_info=\u00bb{}\u00bb]<\/p>\n<h1 style=\"text-align: center;\"><strong data-start=\"317\" data-end=\"367\">Programas de responsabilidad social corporativa<\/strong><\/h1>\n<p style=\"text-align: center;\">El servicio de programas de responsabilidad social corporativa de ACK3 apoya a las organizaciones en el dise\u00f1o e implementaci\u00f3n de iniciativas con impacto, alineadas con la responsabilidad ambiental, el valor social y los est\u00e1ndares de gobernanza. Integradas con las Evaluaciones de Impacto Ambiental (EIA), nuestras <strong>estrategias de RSC ayudan a los clientes a cumplir con las obligaciones normativas mientras proporcionan beneficios sostenibles a las comunidades y los ecosistemas<\/strong>.<\/p>\n<p>[\/et_pb_text][\/et_pb_column][\/et_pb_row][et_pb_row column_structure=\u00bb1_2,1_2&#8243; module_class=\u00bbagf-vertical-align\u00bb _builder_version=\u00bb4.24.0&#8243; _module_preset=\u00bbdefault\u00bb custom_padding=\u00bb||||false|false\u00bb global_colors_info=\u00bb{}\u00bb][et_pb_column type=\u00bb1_2&#8243; _builder_version=\u00bb4.24.0&#8243; _module_preset=\u00bbdefault\u00bb global_colors_info=\u00bb{}\u00bb][et_pb_text _builder_version=\u00bb4.27.4&#8243; _module_preset=\u00bbdefault\u00bb background_color=\u00bb#F6FAFD\u00bb custom_padding=\u00bb30px|30px|30px|30px|true|true\u00bb border_radii=\u00bbon|3px|3px|3px|3px\u00bb box_shadow_style=\u00bbpreset4&#8243; box_shadow_horizontal=\u00bb7px\u00bb box_shadow_vertical=\u00bb7px\u00bb box_shadow_color=\u00bb#BADFF7&#8243; global_colors_info=\u00bb{}\u00bb]<\/p>\n<h2>\u00bfQu\u00e9 es la responsabilidad social corporativa?<\/h2>\n<p>Los programas de RSC en el contexto de las Evaluaciones de Impacto Ambiental (EIA) se refieren a iniciativas estructuradas desarrolladas para <strong>mitigar, compensar o contrarrestar los efectos ambientales y sociales de proyectos industriales, de infraestructura o comerciales<\/strong>. Estos programas no solo buscan cumplir con la normativa vigente, sino tambi\u00e9n generar valor a largo plazo para las comunidades y partes interesadas afectadas. Al alinear las estrategias de RSC con los hallazgos de las EIA, las organizaciones demuestran una responsabilidad proactiva, reducen el riesgo reputacional y contribuyen a su desempe\u00f1o en materia Ambiental, Social y de Gobernanza (ESG).<\/p>\n<p>[\/et_pb_text][\/et_pb_column][et_pb_column type=\u00bb1_2&#8243; _builder_version=\u00bb4.24.0&#8243; _module_preset=\u00bbdefault\u00bb global_colors_info=\u00bb{}\u00bb][et_pb_image src=\u00bbhttps:\/\/ack3.eu\/wp-content\/uploads\/2024\/01\/Environmental-Impact-Assesments.webp\u00bb alt=\u00bbConoce a tu cliente\u00bb title_text=\u00bbEvaluaciones de Impacto Ambiental de ACK3&#8243; _builder_version=\u00bb4.27.4&#8243; _module_preset=\u00bbdefault\u00bb global_colors_info=\u00bb{}\u00bb][\/et_pb_image][\/et_pb_column][\/et_pb_row][et_pb_row _builder_version=\u00bb4.24.0&#8243; _module_preset=\u00bbdefault\u00bb global_colors_info=\u00bb{}\u00bb][et_pb_column type=\u00bb4_4&#8243; _builder_version=\u00bb4.24.0&#8243; _module_preset=\u00bbdefault\u00bb global_colors_info=\u00bb{}\u00bb][et_pb_text _builder_version=\u00bb4.27.4&#8243; _module_preset=\u00bbdefault\u00bb global_colors_info=\u00bb{}\u00bb]<\/p>\n<h3 data-start=\"3079\" data-end=\"3383\"><span style=\"color: #333333; font-size: 22px;\">Del cumplimiento al impacto comunitario<\/span><\/h3>\n<p class=\"\" data-start=\"45\" data-end=\"374\">ACK3 ayuda a las organizaciones a ir m\u00e1s all\u00e1 de la mitigaci\u00f3n transaccional hacia un compromiso transformador. Nuestro enfoque multidisciplinario integra ciencia ambiental, mapeo de actores clave y comunicaci\u00f3n estrat\u00e9gica para construir programas de RSC significativos, basados en datos y relevantes a nivel local. Operamos en:<\/p>\n<p class=\"\" data-start=\"376\" data-end=\"634\">\u2981 <strong data-start=\"378\" data-end=\"431\">Desarrollo de estrategias de RSC vinculadas a EIA<\/strong>: Dise\u00f1amos programas de RSC informados directamente por los hallazgos de las EIA, abordando riesgos ambientales y sociales identificados mediante iniciativas de mitigaci\u00f3n o apoyo comunitario adaptadas.<\/p>\n<p class=\"\" data-start=\"636\" data-end=\"846\">\u2981 <strong data-start=\"638\" data-end=\"670\">Alineaci\u00f3n regulatoria y ESG<\/strong>: Garantizamos la total alineaci\u00f3n con las normativas ambientales, marcos internacionales (por ejemplo, Normas de Desempe\u00f1o de la IFC, Principios del Ecuador) y est\u00e1ndares ESG.<\/p>\n<p class=\"\" data-start=\"848\" data-end=\"1062\">\u2981 <strong data-start=\"850\" data-end=\"895\">Participaci\u00f3n y consulta de actores clave<\/strong>: Facilitamos la planificaci\u00f3n participativa con comunidades locales, pueblos ind\u00edgenas y sociedad civil para co-crear iniciativas socialmente aceptables e inclusivas.<\/p>\n<p class=\"\" data-start=\"1064\" data-end=\"1274\">\u2981 <strong data-start=\"1066\" data-end=\"1122\">Programas de biodiversidad y servicios ecosist\u00e9micos<\/strong>: Desarrollamos soluciones basadas en la naturaleza que restauran, protegen o mejoran los h\u00e1bitats naturales afectados por las actividades del proyecto.<\/p>\n<p class=\"\" data-start=\"1276\" data-end=\"1465\">\u2981 <strong data-start=\"1278\" data-end=\"1315\">Planificaci\u00f3n de inversi\u00f3n social<\/strong>: Implementamos proyectos de educaci\u00f3n, salud, infraestructura o fortalecimiento de capacidades para generar beneficios duraderos y resiliencia local.<\/p>\n<p class=\"\" data-start=\"1467\" data-end=\"1697\">\u2981 <strong data-start=\"1469\" data-end=\"1504\">Monitoreo e informes de impacto<\/strong>: Establecemos indicadores clave de desempe\u00f1o (KPI) y marcos de monitoreo para seguir los resultados de RSC, garantizar la transparencia y respaldar los esfuerzos de informes de sostenibilidad.<\/p>\n<p class=\"\" data-start=\"1699\" data-end=\"1940\">\u2981 <strong data-start=\"1701\" data-end=\"1751\">Comunicaci\u00f3n de riesgos y gesti\u00f3n reputacional<\/strong>: Apoyamos la comunicaci\u00f3n proactiva de los esfuerzos de RSC hacia las partes interesadas, los reguladores y el p\u00fablico\u2014fortaleciendo la confianza y demostrando responsabilidad corporativa.<\/p>\n<blockquote>\n<p class=\"\" data-start=\"1942\" data-end=\"2274\"><strong>Con ACK3 como tu socio en programas de RSC, tu organizaci\u00f3n adquiere la capacidad estrat\u00e9gica para transformar obligaciones ambientales y sociales en oportunidades de liderazgo, resiliencia y desarrollo sostenible.\u00a0<\/strong><\/p>\n<\/blockquote>\n<p>[\/et_pb_text][et_pb_divider _builder_version=\u00bb4.27.2&#8243; _module_preset=\u00bbdefault\u00bb global_colors_info=\u00bb{}\u00bb][\/et_pb_divider][\/et_pb_column][\/et_pb_row][et_pb_row _builder_version=\u00bb4.24.0&#8243; _module_preset=\u00bbdefault\u00bb global_module=\u00bb25840410&#8243; saved_tabs=\u00bball\u00bb locked=\u00bboff\u00bb global_colors_info=\u00bb{}\u00bb][et_pb_column type=\u00bb4_4&#8243; _builder_version=\u00bb4.24.0&#8243; _module_preset=\u00bbdefault\u00bb global_colors_info=\u00bb{}\u00bb][et_pb_text _builder_version=\u00bb4.24.0&#8243; _module_preset=\u00bbe9776427-b859-4288-b0a2-c7103567bb8c\u00bb global_colors_info=\u00bb{}\u00bb]<\/p>\n<p style=\"text-align: center;\">Cont\u00e1ctanos<\/p>\n<p>[\/et_pb_text][et_pb_text _builder_version=\u00bb4.24.0&#8243; _dynamic_attributes=\u00bbcontent\u00bb _module_preset=\u00bb13ddcc34-f131-47ca-8026-edc37a2f8af8&#8243; header_2_text_align=\u00bbcenter\u00bb custom_margin=\u00bb||5px||false|false\u00bb global_colors_info=\u00bb{}\u00bb]@ET-DC@eyJkeW5hbWljIjp0cnVlLCJjb250ZW50IjoicG9zdF90aXRsZSIsInNldHRpbmdzIjp7ImJlZm9yZSI6IjxoMj4gXHUwMGJmRXN0XHUwMGUxcyBpbnRlcmVzYWRvIGVuIGxvcyBzZXJ2aWNpb3MgZGUgIiwiYWZ0ZXIiOiIgZGUgQUNLMz88L2gyPiJ9fQ==@[\/et_pb_text][et_pb_text _builder_version=\u00bb4.24.0&#8243; _module_preset=\u00bb13ddcc34-f131-47ca-8026-edc37a2f8af8&#8243; global_colors_info=\u00bb{}\u00bb]<\/p>\n<p style=\"text-align: center;\">Ponte en contacto con nosotros completando el siguiente formulario:<\/p>\n<p>[\/et_pb_text][dipi_gravity_forms_styler gf_form_id=\u00bb1&#8243; form_title=\u00bbhide\u00bb _builder_version=\u00bb4.24.0&#8243; _module_preset=\u00bbdefault\u00bb form_title_font_size=\u00bb0px\u00bb field_label_font=\u00bbTrade Gothic LT Bold Extended||||||||\u00bb field_label_font_size=\u00bb15px\u00bb required_field_indicator_font_size=\u00bb15px\u00bb field_description_font_size=\u00bb16px\u00bb checkbox_radio_label_font_size=\u00bb17px\u00bb custom_all=\u00bbon\u00bb all_text_size=\u00bb17px\u00bb all_bg_color=\u00bb#000000&#8243; all_font=\u00bb|600|||||||\u00bb all_use_icon=\u00bboff\u00bb max_width=\u00bb78%\u00bb max_width_tablet=\u00bb100%\u00bb max_width_phone=\u00bb100%\u00bb max_width_last_edited=\u00bbon|desktop\u00bb module_alignment=\u00bbcenter\u00bb global_colors_info=\u00bb{}\u00bb all_bg_color__hover_enabled=\u00bbon|hover\u00bb all_bg_color__hover=\u00bb#535353&#8243; all_bg_enable_color__hover=\u00bbon\u00bb][\/dipi_gravity_forms_styler][\/et_pb_column][\/et_pb_row][\/et_pb_section]<\/p>\n","protected":false},"excerpt":{"rendered":"<p>ACK3 desarrolla programas estrat\u00e9gicos de RSC, informados por las EIA, que generan valor social, reducen riesgos y mejoran el desempe\u00f1o.<\/p>\n","protected":false},"author":2,"featured_media":25842990,"parent":25844450,"menu_order":0,"comment_status":"closed","ping_status":"closed","template":"","meta":{"_et_pb_use_builder":"on","_et_pb_old_content":"","_et_gb_content_width":"","footnotes":""},"dipi_cpt_category":[],"class_list":["post-25855295","page","type-page","status-publish","has-post-thumbnail","hentry"],"_links":{"self":[{"href":"https:\/\/ack3.eu\/es\/wp-json\/wp\/v2\/pages\/25855295","targetHints":{"allow":["GET"]}}],"collection":[{"href":"https:\/\/ack3.eu\/es\/wp-json\/wp\/v2\/pages"}],"about":[{"href":"https:\/\/ack3.eu\/es\/wp-json\/wp\/v2\/types\/page"}],"author":[{"embeddable":true,"href":"https:\/\/ack3.eu\/es\/wp-json\/wp\/v2\/users\/2"}],"replies":[{"embeddable":true,"href":"https:\/\/ack3.eu\/es\/wp-json\/wp\/v2\/comments?post=25855295"}],"version-history":[{"count":0,"href":"https:\/\/ack3.eu\/es\/wp-json\/wp\/v2\/pages\/25855295\/revisions"}],"up":[{"embeddable":true,"href":"https:\/\/ack3.eu\/es\/wp-json\/wp\/v2\/pages\/25844450"}],"wp:featuredmedia":[{"embeddable":true,"href":"https:\/\/ack3.eu\/es\/wp-json\/wp\/v2\/media\/25842990"}],"wp:attachment":[{"href":"https:\/\/ack3.eu\/es\/wp-json\/wp\/v2\/media?parent=25855295"}],"wp:term":[{"taxonomy":"dipi_cpt_category","embeddable":true,"href":"https:\/\/ack3.eu\/es\/wp-json\/wp\/v2\/dipi_cpt_category?post=25855295"}],"curies":[{"name":"wp","href":"https:\/\/api.w.org\/{rel}","templated":true}]}}