{"id":25854784,"date":"2025-03-25T10:24:16","date_gmt":"2025-03-25T09:24:16","guid":{"rendered":"https:\/\/ack3.eu\/servicios\/recursos-humanos\/crisis-management-and-response-plans\/"},"modified":"2025-05-05T09:40:18","modified_gmt":"2025-05-05T07:40:18","slug":"planes-gestion-respuesta-ante-crisis","status":"publish","type":"page","link":"https:\/\/ack3.eu\/es\/servicios\/recursos-humanos\/planes-gestion-respuesta-ante-crisis\/","title":{"rendered":"Planes de gesti\u00f3n y respuesta ante crisis"},"content":{"rendered":"<p>[et_pb_section fb_built=\u00bb1&#8243; _builder_version=\u00bb4.24.0&#8243; _module_preset=\u00bbdefault\u00bb background_color=\u00bb#000000&#8243; background_pattern_repeat_origin=\u00bbcenter\u00bb custom_padding=\u00bb13px||13px||true|false\u00bb saved_tabs=\u00bball\u00bb locked=\u00bboff\u00bb global_colors_info=\u00bb{}\u00bb][et_pb_row _builder_version=\u00bb4.24.0&#8243; _module_preset=\u00bb32edda46-f9f8-4bcc-acb6-81abff8182ae\u00bb custom_margin=\u00bb||0px||false|false\u00bb custom_padding=\u00bb4px||4px||true|false\u00bb global_colors_info=\u00bb{}\u00bb][et_pb_column type=\u00bb4_4&#8243; _builder_version=\u00bb4.20.4&#8243; _module_preset=\u00bbdefault\u00bb global_colors_info=\u00bb{}\u00bb][dipi_breadcrumbs bc_home_text=\u00bbHome\u00bb bc_home_url=\u00bb\/\u00bb bc_items_alignment=\u00bbdipi-bc-left\u00bb bc_item_padding=\u00bb|10px||10px|false|true\u00bb bc_active_item_padding=\u00bb|20px||10px|true|false\u00bb _builder_version=\u00bb4.24.0&#8243; _module_preset=\u00bbdefault\u00bb active_text_color=\u00bb#BADFF7&#8243; global_colors_info=\u00bb{}\u00bb][\/dipi_breadcrumbs][\/et_pb_column][\/et_pb_row][\/et_pb_section][et_pb_section fb_built=\u00bb1&#8243; _builder_version=\u00bb4.24.0&#8243; _module_preset=\u00bbdefault\u00bb locked=\u00bboff\u00bb global_colors_info=\u00bb{}\u00bb][et_pb_row _builder_version=\u00bb4.24.0&#8243; _module_preset=\u00bbdefault\u00bb locked=\u00bboff\u00bb global_colors_info=\u00bb{}\u00bb][et_pb_column type=\u00bb4_4&#8243; _builder_version=\u00bb4.24.0&#8243; _module_preset=\u00bbdefault\u00bb global_colors_info=\u00bb{}\u00bb][et_pb_text _builder_version=\u00bb4.27.4&#8243; _module_preset=\u00bb13ddcc34-f131-47ca-8026-edc37a2f8af8&#8243; hover_enabled=\u00bb0&#8243; global_colors_info=\u00bb{}\u00bb sticky_enabled=\u00bb0&#8243;]<\/p>\n<h1 style=\"text-align: center;\" data-start=\"0\" data-end=\"43\">Planes de gesti\u00f3n y respuesta ante crisis<\/h1>\n<p class=\"\" style=\"text-align: center;\" data-start=\"45\" data-end=\"503\">El <strong>servicio de planes de gesti\u00f3n y respuesta ante crisis<\/strong>\u00a0de ACK3 es un componente clave de la seguridad de los recursos humanos, dise\u00f1ado para <strong>proteger al personal, mantener la estabilidad de la fuerza laboral y garantizar la continuidad operativa en tiempos de crisis<\/strong>. Nuestra experiencia en entornos de alto riesgo nos permite desarrollar estrategias personalizadas que protegen a los empleados, mitigan las amenazas y fomentan un entorno laboral resiliente.<\/p>\n<p>[\/et_pb_text][\/et_pb_column][\/et_pb_row][et_pb_row column_structure=\u00bb1_2,1_2&#8243; module_class=\u00bbagf-vertical-align\u00bb _builder_version=\u00bb4.24.0&#8243; _module_preset=\u00bbdefault\u00bb custom_padding=\u00bb||||false|false\u00bb global_colors_info=\u00bb{}\u00bb][et_pb_column type=\u00bb1_2&#8243; _builder_version=\u00bb4.24.0&#8243; _module_preset=\u00bbdefault\u00bb global_colors_info=\u00bb{}\u00bb][et_pb_text _builder_version=\u00bb4.27.4&#8243; _module_preset=\u00bbdefault\u00bb background_color=\u00bb#F6FAFD\u00bb custom_padding=\u00bb30px|30px|30px|30px|true|true\u00bb hover_enabled=\u00bb0&#8243; border_radii=\u00bbon|3px|3px|3px|3px\u00bb box_shadow_style=\u00bbpreset4&#8243; box_shadow_horizontal=\u00bb7px\u00bb box_shadow_vertical=\u00bb7px\u00bb box_shadow_color=\u00bb#BADFF7&#8243; global_colors_info=\u00bb{}\u00bb sticky_enabled=\u00bb0&#8243;]<\/p>\n<h2 data-start=\"0\" data-end=\"60\">\u00bfQu\u00e9 son los planes de gesti\u00f3n y respuesta ante crisis?<\/h2>\n<p class=\"\" data-start=\"62\" data-end=\"840\">La gesti\u00f3n de crisis y los planes de respuesta implican un enfoque estructurado para identificar, gestionar y recuperarse de crisis en el lugar de trabajo que puedan afectar la seguridad, la moral y la productividad de los empleados. Este servicio incluye evaluaciones de riesgos, protocolos de emergencia, simulacros de crisis y estrategias de recuperaci\u00f3n post-crisis adaptadas a la seguridad de los recursos humanos. Nuestra experiencia en zonas de alto riesgo nos permite ayudar a las organizaciones a enfrentar eficazmente amenazas a la seguridad, violencia en el lugar de trabajo, riesgos reputacionales y evacuaciones de emergencia.<strong> ACK3 garantiza que las empresas cuenten con los marcos adecuados para proteger a su personal y mantener la estabilidad durante las crisis.<\/strong><\/p>\n<p>[\/et_pb_text][\/et_pb_column][et_pb_column type=\u00bb1_2&#8243; _builder_version=\u00bb4.24.0&#8243; _module_preset=\u00bbdefault\u00bb global_colors_info=\u00bb{}\u00bb][et_pb_image src=\u00bbhttps:\/\/ack3.eu\/wp-content\/uploads\/2024\/02\/Integrity-Assessments-and-Polygraph-Testing.webp\u00bb alt=\u00bbConoce a tu cliente\u00bb title_text=\u00bbEvaluaciones de Integridad y Pruebas de Pol\u00edgrafo\u00bb _builder_version=\u00bb4.24.0&#8243; _module_preset=\u00bbdefault\u00bb global_colors_info=\u00bb{}\u00bb][\/et_pb_image][\/et_pb_column][\/et_pb_row][et_pb_row _builder_version=\u00bb4.24.0&#8243; _module_preset=\u00bbdefault\u00bb global_colors_info=\u00bb{}\u00bb][et_pb_column type=\u00bb4_4&#8243; _builder_version=\u00bb4.24.0&#8243; _module_preset=\u00bbdefault\u00bb global_colors_info=\u00bb{}\u00bb][et_pb_text _builder_version=\u00bb4.27.4&#8243; _module_preset=\u00bbdefault\u00bb hover_enabled=\u00bb0&#8243; global_colors_info=\u00bb{}\u00bb sticky_enabled=\u00bb0&#8243;]<\/p>\n<p class=\"\" data-start=\"73\" data-end=\"310\">Integramos la mitigaci\u00f3n de riesgos de seguridad con pol\u00edticas de recursos humanos para crear un enfoque hol\u00edstico de gesti\u00f3n de crisis que prioriza la seguridad, el bienestar y la resiliencia organizacional. Nuestros servicios incluyen:<\/p>\n<ul>\n<li data-start=\"312\" data-end=\"520\"><strong data-start=\"312\" data-end=\"352\">Evaluaciones de riesgo del personal:<\/strong> Identificaci\u00f3n de vulnerabilidades relacionadas con el personal, la din\u00e1mica del lugar de trabajo y amenazas externas que puedan afectar la seguridad de los empleados.<\/li>\n<li data-start=\"522\" data-end=\"768\"><strong data-start=\"522\" data-end=\"580\">Planificaci\u00f3n de respuesta ante emergencias laborales:<\/strong> Desarrollo de protocolos de crisis adaptados a los recursos humanos, incluyendo procedimientos para violencia en el lugar de trabajo, amenazas activas, evacuaciones y emergencias m\u00e9dicas.<\/li>\n<li data-start=\"770\" data-end=\"1004\"><strong data-start=\"770\" data-end=\"808\">An\u00e1lisis de amenazas conductuales:<\/strong> Uso de herramientas como el <a href=\"https:\/\/ack3.eu\/es\/productos\/analisis-de-voz-por-capas-lva\/\"><strong><em data-start=\"837\" data-end=\"861\">Layered Voice Analyzer<\/em> <\/strong><\/a>para evaluar niveles de estr\u00e9s en los empleados, detectar riesgos potenciales e identificar se\u00f1ales de amenazas internas antes de que escalen.<\/li>\n<li data-start=\"1006\" data-end=\"1276\"><strong data-start=\"1006\" data-end=\"1059\">Simulacros de crisis y capacitaci\u00f3n del personal:<\/strong> Utilizaci\u00f3n de nuestro <a href=\"https:\/\/ack3.eu\/es\/productos\/simulador-de-crisis-csp\/\"><strong><em data-start=\"1083\" data-end=\"1101\">Crisis Simulator<\/em><\/strong><\/a> para exponer a los empleados a escenarios realistas de crisis, ayud\u00e1ndoles a desarrollar habilidades de toma de decisiones y manejo del estr\u00e9s en situaciones de alta presi\u00f3n.<\/li>\n<li data-start=\"1278\" data-end=\"1507\"><strong data-start=\"1278\" data-end=\"1348\">Estrategias de continuidad del negocio y estabilidad del personal:<\/strong> Asegurar que las pol\u00edticas de RRHH respalden a los empleados durante y despu\u00e9s de una crisis, minimizando interrupciones y manteniendo la cohesi\u00f3n del equipo.<\/li>\n<li data-start=\"1509\" data-end=\"1772\"><strong data-start=\"1509\" data-end=\"1564\">Capacitaci\u00f3n en liderazgo y comunicaci\u00f3n en crisis:<\/strong> Dotar a los equipos de RRHH y liderazgo con estrategias de comunicaci\u00f3n en crisis para gestionar inquietudes del personal, mantener la transparencia y preservar la integridad corporativa durante emergencias.<\/li>\n<li data-start=\"1774\" data-end=\"2032\"><strong data-start=\"1774\" data-end=\"1830\">Apoyo y recuperaci\u00f3n post-crisis para los empleados:<\/strong> Provisi\u00f3n de sesiones estructuradas de <em data-start=\"1870\" data-end=\"1882\">debriefing<\/em>, apoyo psicol\u00f3gico y an\u00e1lisis de lecciones aprendidas para mejorar la preparaci\u00f3n ante futuras crisis, mientras se protege el bienestar del personal.<\/li>\n<\/ul>\n<blockquote>\n<p class=\"\" data-start=\"2034\" data-end=\"2465\"><strong>El objetivo final de nuestro servicio de planes de gesti\u00f3n y respuesta ante crisis es asegurar que las organizaciones puedan proteger y respaldar eficazmente a su fuerza laboral durante situaciones cr\u00edticas. Con la experiencia de ACK3 en seguridad de recursos humanos \u2014especialmente en zonas de alto riesgo\u2014 las empresas pueden gestionar crisis con confianza, proteger a su personal y mantener un entorno laboral resiliente y seguro.<\/strong><\/p>\n<\/blockquote>\n<p>[\/et_pb_text][et_pb_divider _builder_version=\u00bb4.27.2&#8243; _module_preset=\u00bbdefault\u00bb global_colors_info=\u00bb{}\u00bb][\/et_pb_divider][\/et_pb_column][\/et_pb_row][et_pb_row _builder_version=\u00bb4.24.0&#8243; _module_preset=\u00bbdefault\u00bb global_module=\u00bb25840410&#8243; saved_tabs=\u00bball\u00bb locked=\u00bboff\u00bb global_colors_info=\u00bb{}\u00bb][et_pb_column type=\u00bb4_4&#8243; _builder_version=\u00bb4.24.0&#8243; _module_preset=\u00bbdefault\u00bb global_colors_info=\u00bb{}\u00bb][et_pb_text _builder_version=\u00bb4.24.0&#8243; _module_preset=\u00bbe9776427-b859-4288-b0a2-c7103567bb8c\u00bb global_colors_info=\u00bb{}\u00bb]<\/p>\n<p style=\"text-align: center;\">Cont\u00e1ctanos<\/p>\n<p>[\/et_pb_text][et_pb_text _builder_version=\u00bb4.24.0&#8243; _dynamic_attributes=\u00bbcontent\u00bb _module_preset=\u00bb13ddcc34-f131-47ca-8026-edc37a2f8af8&#8243; header_2_text_align=\u00bbcenter\u00bb custom_margin=\u00bb||5px||false|false\u00bb global_colors_info=\u00bb{}\u00bb]@ET-DC@eyJkeW5hbWljIjp0cnVlLCJjb250ZW50IjoicG9zdF90aXRsZSIsInNldHRpbmdzIjp7ImJlZm9yZSI6IjxoMj4gXHUwMGJmRXN0XHUwMGUxcyBpbnRlcmVzYWRvIGVuIGxvcyBzZXJ2aWNpb3MgZGUgIiwiYWZ0ZXIiOiIgZGUgQUNLMz88L2gyPiJ9fQ==@[\/et_pb_text][et_pb_text _builder_version=\u00bb4.24.0&#8243; _module_preset=\u00bb13ddcc34-f131-47ca-8026-edc37a2f8af8&#8243; global_colors_info=\u00bb{}\u00bb]<\/p>\n<p style=\"text-align: center;\">Ponte en contacto con nosotros completando el siguiente formulario:<\/p>\n<p>[\/et_pb_text][dipi_gravity_forms_styler gf_form_id=\u00bb1&#8243; form_title=\u00bbhide\u00bb _builder_version=\u00bb4.24.0&#8243; _module_preset=\u00bbdefault\u00bb form_title_font_size=\u00bb0px\u00bb field_label_font=\u00bbTrade Gothic LT Bold Extended||||||||\u00bb field_label_font_size=\u00bb15px\u00bb required_field_indicator_font_size=\u00bb15px\u00bb field_description_font_size=\u00bb16px\u00bb checkbox_radio_label_font_size=\u00bb17px\u00bb custom_all=\u00bbon\u00bb all_text_size=\u00bb17px\u00bb all_bg_color=\u00bb#000000&#8243; all_font=\u00bb|600|||||||\u00bb all_use_icon=\u00bboff\u00bb max_width=\u00bb78%\u00bb max_width_tablet=\u00bb100%\u00bb max_width_phone=\u00bb100%\u00bb max_width_last_edited=\u00bbon|desktop\u00bb module_alignment=\u00bbcenter\u00bb global_colors_info=\u00bb{}\u00bb all_bg_color__hover_enabled=\u00bbon|hover\u00bb all_bg_color__hover=\u00bb#535353&#8243; all_bg_enable_color__hover=\u00bbon\u00bb][\/dipi_gravity_forms_styler][\/et_pb_column][\/et_pb_row][\/et_pb_section]<\/p>\n","protected":false},"excerpt":{"rendered":"<p>Protege a tu equipo con los planes de crisis de ACK3: estrategias de RRHH para seguridad, resiliencia y continuidad del negocio.<\/p>\n","protected":false},"author":2,"featured_media":25843064,"parent":25844437,"menu_order":0,"comment_status":"closed","ping_status":"closed","template":"","meta":{"_et_pb_use_builder":"on","_et_pb_old_content":"","_et_gb_content_width":"","footnotes":""},"dipi_cpt_category":[],"class_list":["post-25854784","page","type-page","status-publish","has-post-thumbnail","hentry"],"_links":{"self":[{"href":"https:\/\/ack3.eu\/es\/wp-json\/wp\/v2\/pages\/25854784","targetHints":{"allow":["GET"]}}],"collection":[{"href":"https:\/\/ack3.eu\/es\/wp-json\/wp\/v2\/pages"}],"about":[{"href":"https:\/\/ack3.eu\/es\/wp-json\/wp\/v2\/types\/page"}],"author":[{"embeddable":true,"href":"https:\/\/ack3.eu\/es\/wp-json\/wp\/v2\/users\/2"}],"replies":[{"embeddable":true,"href":"https:\/\/ack3.eu\/es\/wp-json\/wp\/v2\/comments?post=25854784"}],"version-history":[{"count":0,"href":"https:\/\/ack3.eu\/es\/wp-json\/wp\/v2\/pages\/25854784\/revisions"}],"up":[{"embeddable":true,"href":"https:\/\/ack3.eu\/es\/wp-json\/wp\/v2\/pages\/25844437"}],"wp:featuredmedia":[{"embeddable":true,"href":"https:\/\/ack3.eu\/es\/wp-json\/wp\/v2\/media\/25843064"}],"wp:attachment":[{"href":"https:\/\/ack3.eu\/es\/wp-json\/wp\/v2\/media?parent=25854784"}],"wp:term":[{"taxonomy":"dipi_cpt_category","embeddable":true,"href":"https:\/\/ack3.eu\/es\/wp-json\/wp\/v2\/dipi_cpt_category?post=25854784"}],"curies":[{"name":"wp","href":"https:\/\/api.w.org\/{rel}","templated":true}]}}