{"id":25854775,"date":"2025-03-24T09:04:50","date_gmt":"2025-03-24T08:04:50","guid":{"rendered":"https:\/\/ack3.eu\/servicios\/recursos-humanos\/workplace-security-and-culture-consulting\/"},"modified":"2025-05-05T09:16:07","modified_gmt":"2025-05-05T07:16:07","slug":"consultoria-seguridad-cultura-laboral","status":"publish","type":"page","link":"https:\/\/ack3.eu\/es\/servicios\/recursos-humanos\/consultoria-seguridad-cultura-laboral\/","title":{"rendered":"Consultor\u00eda en seguridad y cultura laboral"},"content":{"rendered":"<p>[et_pb_section fb_built=\u00bb1&#8243; _builder_version=\u00bb4.24.0&#8243; _module_preset=\u00bbdefault\u00bb background_color=\u00bb#000000&#8243; background_pattern_repeat_origin=\u00bbcenter\u00bb custom_padding=\u00bb13px||13px||true|false\u00bb saved_tabs=\u00bball\u00bb locked=\u00bboff\u00bb global_colors_info=\u00bb{}\u00bb][et_pb_row _builder_version=\u00bb4.24.0&#8243; _module_preset=\u00bb32edda46-f9f8-4bcc-acb6-81abff8182ae\u00bb custom_margin=\u00bb||0px||false|false\u00bb custom_padding=\u00bb4px||4px||true|false\u00bb global_colors_info=\u00bb{}\u00bb][et_pb_column type=\u00bb4_4&#8243; _builder_version=\u00bb4.20.4&#8243; _module_preset=\u00bbdefault\u00bb global_colors_info=\u00bb{}\u00bb][dipi_breadcrumbs bc_home_text=\u00bbHome\u00bb bc_home_url=\u00bb\/\u00bb bc_items_alignment=\u00bbdipi-bc-left\u00bb bc_item_padding=\u00bb|10px||10px|false|true\u00bb bc_active_item_padding=\u00bb|20px||10px|true|false\u00bb _builder_version=\u00bb4.24.0&#8243; _module_preset=\u00bbdefault\u00bb active_text_color=\u00bb#BADFF7&#8243; global_colors_info=\u00bb{}\u00bb][\/dipi_breadcrumbs][\/et_pb_column][\/et_pb_row][\/et_pb_section][et_pb_section fb_built=\u00bb1&#8243; _builder_version=\u00bb4.24.0&#8243; _module_preset=\u00bbdefault\u00bb locked=\u00bboff\u00bb global_colors_info=\u00bb{}\u00bb][et_pb_row _builder_version=\u00bb4.24.0&#8243; _module_preset=\u00bbdefault\u00bb locked=\u00bboff\u00bb global_colors_info=\u00bb{}\u00bb][et_pb_column type=\u00bb4_4&#8243; _builder_version=\u00bb4.24.0&#8243; _module_preset=\u00bbdefault\u00bb global_colors_info=\u00bb{}\u00bb][et_pb_text _builder_version=\u00bb4.27.4&#8243; _module_preset=\u00bb13ddcc34-f131-47ca-8026-edc37a2f8af8&#8243; global_colors_info=\u00bb{}\u00bb]<\/p>\n<h1 style=\"text-align: center;\" data-start=\"0\" data-end=\"45\">Consultor\u00eda en seguridad y cultura laboral<\/h1>\n<p class=\"\" style=\"text-align: center;\" data-start=\"125\" data-end=\"606\">El servicio de consultor\u00eda en seguridad laboral y cultura organizacional de ACK3 es una soluci\u00f3n integral dise\u00f1ada para <strong>ayudar a las organizaciones a mejorar tanto la seguridad f\u00edsica como la cultura organizacional<\/strong>, especialmente en entornos de alto riesgo. Con nuestra experiencia operando en regiones desafiantes y vol\u00e1tiles, proporcionamos estrategias personalizadas para mitigar riesgos, proteger a los empleados y fomentar una cultura de resiliencia, confianza y colaboraci\u00f3n.<\/p>\n<p>[\/et_pb_text][\/et_pb_column][\/et_pb_row][et_pb_row column_structure=\u00bb1_2,1_2&#8243; module_class=\u00bbagf-vertical-align\u00bb _builder_version=\u00bb4.24.0&#8243; _module_preset=\u00bbdefault\u00bb custom_padding=\u00bb||||false|false\u00bb global_colors_info=\u00bb{}\u00bb][et_pb_column type=\u00bb1_2&#8243; _builder_version=\u00bb4.24.0&#8243; _module_preset=\u00bbdefault\u00bb global_colors_info=\u00bb{}\u00bb][et_pb_text _builder_version=\u00bb4.27.4&#8243; _module_preset=\u00bbdefault\u00bb background_color=\u00bb#F6FAFD\u00bb custom_padding=\u00bb30px|30px|30px|30px|true|true\u00bb border_radii=\u00bbon|3px|3px|3px|3px\u00bb box_shadow_style=\u00bbpreset4&#8243; box_shadow_horizontal=\u00bb7px\u00bb box_shadow_vertical=\u00bb7px\u00bb box_shadow_color=\u00bb#BADFF7&#8243; global_colors_info=\u00bb{}\u00bb]<\/p>\n<h2 data-start=\"465\" data-end=\"525\">\u00bfQu\u00e9 es la consultor\u00eda en seguridad y cultura laboral?<\/h2>\n<p class=\"\" data-start=\"75\" data-end=\"858\">La consultor\u00eda en seguridad laboral y cultura organizacional es un servicio especializado que fortalece tanto el marco de seguridad como el entorno laboral de una organizaci\u00f3n. Este servicio incluye <strong>evaluaciones de riesgos de seguridad, planificaci\u00f3n para la gesti\u00f3n de crisis, auditor\u00edas culturales y desarrollo de liderazgo<\/strong>. Nuestro enfoque es especialmente valioso para empresas que operan en zonas de alto riesgo, donde las amenazas a la seguridad, la inestabilidad y los desaf\u00edos culturales requieren conocimientos especializados. Con nuestra experiencia en entornos complejos, ACK3 ayuda a las organizaciones a implementar medidas de seguridad s\u00f3lidas, al mismo tiempo que fomenta una cultura laboral que promueve la seguridad, el bienestar y la productividad de los empleados.<\/p>\n<p>[\/et_pb_text][\/et_pb_column][et_pb_column type=\u00bb1_2&#8243; _builder_version=\u00bb4.24.0&#8243; _module_preset=\u00bbdefault\u00bb global_colors_info=\u00bb{}\u00bb][et_pb_image src=\u00bbhttps:\/\/ack3.eu\/wp-content\/uploads\/2024\/02\/Integrity-Assessments-and-Polygraph-Testing.webp\u00bb alt=\u00bbConoce a tu cliente\u00bb title_text=\u00bbEvaluaciones de Integridad y Pruebas de Pol\u00edgrafo\u00bb _builder_version=\u00bb4.24.0&#8243; _module_preset=\u00bbdefault\u00bb global_colors_info=\u00bb{}\u00bb][\/et_pb_image][\/et_pb_column][\/et_pb_row][et_pb_row _builder_version=\u00bb4.24.0&#8243; _module_preset=\u00bbdefault\u00bb global_colors_info=\u00bb{}\u00bb][et_pb_column type=\u00bb4_4&#8243; _builder_version=\u00bb4.24.0&#8243; _module_preset=\u00bbdefault\u00bb global_colors_info=\u00bb{}\u00bb][et_pb_text _builder_version=\u00bb4.27.4&#8243; _module_preset=\u00bbdefault\u00bb global_colors_info=\u00bb{}\u00bb]<\/p>\n<h3 data-start=\"0\" data-end=\"73\">Garantizar la seguridad, la estabilidad y un entorno laboral positivo<\/h3>\n<p class=\"\" data-start=\"75\" data-end=\"519\">Nuestro servicio combina la mitigaci\u00f3n de riesgos de seguridad con estrategias de desarrollo cultural para crear un enfoque hol\u00edstico hacia la seguridad en el lugar de trabajo, la resiliencia y la continuidad operativa. Trabajamos con las empresas para afrontar las complejidades de operar en zonas de alto riesgo, asegurando que puedan funcionar de manera segura mientras mantienen una cultura organizacional s\u00f3lida y cohesionada. Operamos en:<\/p>\n<ul>\n<li data-start=\"521\" data-end=\"800\"><strong data-start=\"521\" data-end=\"560\">Evaluaci\u00f3n de riesgos de seguridad:<\/strong> Identificaci\u00f3n y abordaje de vulnerabilidades f\u00edsicas y operativas, particularmente en ubicaciones de alto riesgo, para proteger a los empleados y los activos frente a amenazas como la violencia, los ciberataques y el acceso no autorizado.<\/li>\n<li data-start=\"802\" data-end=\"1067\"><strong data-start=\"802\" data-end=\"850\">Gesti\u00f3n de crisis y respuesta a emergencias:<\/strong> Desarrollo e implementaci\u00f3n de estrategias de respuesta ante crisis, asegurando que las empresas en regiones inestables est\u00e9n preparadas para incidentes de seguridad, disturbios pol\u00edticos o situaciones de emergencia.<\/li>\n<li data-start=\"1069\" data-end=\"1286\"><strong data-start=\"1069\" data-end=\"1110\">Auditor\u00edas de cultura organizacional:<\/strong> Evaluaci\u00f3n de la din\u00e1mica de equipo, la efectividad del liderazgo y la implicaci\u00f3n del personal, con un enfoque en mantener la moral y la cohesi\u00f3n en entornos de alta presi\u00f3n.<\/li>\n<li data-start=\"1288\" data-end=\"1580\"><strong data-start=\"1288\" data-end=\"1332\">Capacitaci\u00f3n en liderazgo y resiliencia:<\/strong> Programas de liderazgo dise\u00f1ados para entornos de alto riesgo, asegurando que tanto la gerencia como los empleados cuenten con las habilidades necesarias para afrontar desaf\u00edos, gestionar el estr\u00e9s y fomentar una cultura de adaptabilidad y unidad.<\/li>\n<li data-start=\"1582\" data-end=\"1846\"><strong data-start=\"1582\" data-end=\"1634\">Programas de seguridad y bienestar del empleado:<\/strong> Implementaci\u00f3n de iniciativas adaptadas a los desaf\u00edos espec\u00edficos de trabajar en \u00e1reas de alto riesgo, incluyendo apoyo a la salud mental, formaci\u00f3n en resiliencia ante traumas y programas de manejo del estr\u00e9s.<\/li>\n<li data-start=\"1848\" data-end=\"2083\"><strong data-start=\"1848\" data-end=\"1895\">Adaptaci\u00f3n continua en seguridad y cultura:<\/strong> Monitoreo y asesoramiento constante para ayudar a las organizaciones a adaptarse a las amenazas de seguridad en evoluci\u00f3n, mientras fortalecen su cultura corporativa y sus valores \u00e9ticos.<\/li>\n<\/ul>\n<blockquote>\n<p class=\"\" data-start=\"2085\" data-end=\"2494\"><strong>El objetivo final de nuestro servicio de consultor\u00eda en seguridad laboral y cultura organizacional es crear un lugar de trabajo seguro, estable y resiliente, incluso en los entornos m\u00e1s desafiantes. Con la amplia experiencia de ACK3 en zonas de alto riesgo, las empresas pueden operar con confianza, garantizando que su fuerza laboral permanezca segura, motivada y alineada con los objetivos organizacionales.<\/strong><\/p>\n<\/blockquote>\n<p>[\/et_pb_text][et_pb_divider _builder_version=\u00bb4.27.2&#8243; _module_preset=\u00bbdefault\u00bb global_colors_info=\u00bb{}\u00bb][\/et_pb_divider][\/et_pb_column][\/et_pb_row][et_pb_row _builder_version=\u00bb4.24.0&#8243; _module_preset=\u00bbdefault\u00bb global_module=\u00bb25840410&#8243; saved_tabs=\u00bball\u00bb locked=\u00bboff\u00bb global_colors_info=\u00bb{}\u00bb][et_pb_column type=\u00bb4_4&#8243; _builder_version=\u00bb4.24.0&#8243; _module_preset=\u00bbdefault\u00bb global_colors_info=\u00bb{}\u00bb][et_pb_text _builder_version=\u00bb4.24.0&#8243; _module_preset=\u00bbe9776427-b859-4288-b0a2-c7103567bb8c\u00bb global_colors_info=\u00bb{}\u00bb]<\/p>\n<p style=\"text-align: center;\">Cont\u00e1ctanos<\/p>\n<p>[\/et_pb_text][et_pb_text _builder_version=\u00bb4.24.0&#8243; _dynamic_attributes=\u00bbcontent\u00bb _module_preset=\u00bb13ddcc34-f131-47ca-8026-edc37a2f8af8&#8243; header_2_text_align=\u00bbcenter\u00bb custom_margin=\u00bb||5px||false|false\u00bb global_colors_info=\u00bb{}\u00bb]@ET-DC@eyJkeW5hbWljIjp0cnVlLCJjb250ZW50IjoicG9zdF90aXRsZSIsInNldHRpbmdzIjp7ImJlZm9yZSI6IjxoMj4gXHUwMGJmRXN0XHUwMGUxcyBpbnRlcmVzYWRvIGVuIGxvcyBzZXJ2aWNpb3MgZGUgIiwiYWZ0ZXIiOiIgZGUgQUNLMz88L2gyPiJ9fQ==@[\/et_pb_text][et_pb_text _builder_version=\u00bb4.24.0&#8243; _module_preset=\u00bb13ddcc34-f131-47ca-8026-edc37a2f8af8&#8243; global_colors_info=\u00bb{}\u00bb]<\/p>\n<p style=\"text-align: center;\">Ponte en contacto con nosotros completando el siguiente formulario:<\/p>\n<p>[\/et_pb_text][dipi_gravity_forms_styler gf_form_id=\u00bb1&#8243; form_title=\u00bbhide\u00bb _builder_version=\u00bb4.24.0&#8243; _module_preset=\u00bbdefault\u00bb form_title_font_size=\u00bb0px\u00bb field_label_font=\u00bbTrade Gothic LT Bold Extended||||||||\u00bb field_label_font_size=\u00bb15px\u00bb required_field_indicator_font_size=\u00bb15px\u00bb field_description_font_size=\u00bb16px\u00bb checkbox_radio_label_font_size=\u00bb17px\u00bb custom_all=\u00bbon\u00bb all_text_size=\u00bb17px\u00bb all_bg_color=\u00bb#000000&#8243; all_font=\u00bb|600|||||||\u00bb all_use_icon=\u00bboff\u00bb max_width=\u00bb78%\u00bb max_width_tablet=\u00bb100%\u00bb max_width_phone=\u00bb100%\u00bb max_width_last_edited=\u00bbon|desktop\u00bb module_alignment=\u00bbcenter\u00bb global_colors_info=\u00bb{}\u00bb all_bg_color__hover_enabled=\u00bbon|hover\u00bb all_bg_color__hover=\u00bb#535353&#8243; all_bg_enable_color__hover=\u00bbon\u00bb][\/dipi_gravity_forms_styler][\/et_pb_column][\/et_pb_row][\/et_pb_section]<\/p>\n","protected":false},"excerpt":{"rendered":"<p>Impulsa la seguridad con la consultor\u00eda de ACK3: estrategias de seguridad y desarrollo de resiliencia para lugares de trabajo en entornos de riesgo.<\/p>\n","protected":false},"author":2,"featured_media":25843064,"parent":25844437,"menu_order":0,"comment_status":"closed","ping_status":"closed","template":"","meta":{"_et_pb_use_builder":"on","_et_pb_old_content":"","_et_gb_content_width":"","footnotes":""},"dipi_cpt_category":[],"class_list":["post-25854775","page","type-page","status-publish","has-post-thumbnail","hentry"],"_links":{"self":[{"href":"https:\/\/ack3.eu\/es\/wp-json\/wp\/v2\/pages\/25854775","targetHints":{"allow":["GET"]}}],"collection":[{"href":"https:\/\/ack3.eu\/es\/wp-json\/wp\/v2\/pages"}],"about":[{"href":"https:\/\/ack3.eu\/es\/wp-json\/wp\/v2\/types\/page"}],"author":[{"embeddable":true,"href":"https:\/\/ack3.eu\/es\/wp-json\/wp\/v2\/users\/2"}],"replies":[{"embeddable":true,"href":"https:\/\/ack3.eu\/es\/wp-json\/wp\/v2\/comments?post=25854775"}],"version-history":[{"count":0,"href":"https:\/\/ack3.eu\/es\/wp-json\/wp\/v2\/pages\/25854775\/revisions"}],"up":[{"embeddable":true,"href":"https:\/\/ack3.eu\/es\/wp-json\/wp\/v2\/pages\/25844437"}],"wp:featuredmedia":[{"embeddable":true,"href":"https:\/\/ack3.eu\/es\/wp-json\/wp\/v2\/media\/25843064"}],"wp:attachment":[{"href":"https:\/\/ack3.eu\/es\/wp-json\/wp\/v2\/media?parent=25854775"}],"wp:term":[{"taxonomy":"dipi_cpt_category","embeddable":true,"href":"https:\/\/ack3.eu\/es\/wp-json\/wp\/v2\/dipi_cpt_category?post=25854775"}],"curies":[{"name":"wp","href":"https:\/\/api.w.org\/{rel}","templated":true}]}}