{"id":25854092,"date":"2025-03-24T08:42:59","date_gmt":"2025-03-24T07:42:59","guid":{"rendered":"https:\/\/ack3.eu\/servicios\/recursos-humanos\/labour-compliance-and-ethical-audits\/"},"modified":"2025-04-15T15:28:11","modified_gmt":"2025-04-15T13:28:11","slug":"cumplimiento-laboral-auditorias-eticas","status":"publish","type":"page","link":"https:\/\/ack3.eu\/es\/servicios\/recursos-humanos\/cumplimiento-laboral-auditorias-eticas\/","title":{"rendered":"Cumplimiento laboral y auditor\u00edas \u00e9ticas"},"content":{"rendered":"<p>[et_pb_section fb_built=\u00bb1&#8243; _builder_version=\u00bb4.24.0&#8243; _module_preset=\u00bbdefault\u00bb background_color=\u00bb#000000&#8243; background_pattern_repeat_origin=\u00bbcenter\u00bb custom_padding=\u00bb13px||13px||true|false\u00bb saved_tabs=\u00bball\u00bb locked=\u00bboff\u00bb global_colors_info=\u00bb{}\u00bb][et_pb_row _builder_version=\u00bb4.24.0&#8243; _module_preset=\u00bb32edda46-f9f8-4bcc-acb6-81abff8182ae\u00bb custom_margin=\u00bb||0px||false|false\u00bb custom_padding=\u00bb4px||4px||true|false\u00bb global_colors_info=\u00bb{}\u00bb][et_pb_column type=\u00bb4_4&#8243; _builder_version=\u00bb4.20.4&#8243; _module_preset=\u00bbdefault\u00bb global_colors_info=\u00bb{}\u00bb][dipi_breadcrumbs bc_home_text=\u00bbHome\u00bb bc_home_url=\u00bb\/\u00bb bc_items_alignment=\u00bbdipi-bc-left\u00bb bc_item_padding=\u00bb|10px||10px|false|true\u00bb bc_active_item_padding=\u00bb|20px||10px|true|false\u00bb _builder_version=\u00bb4.24.0&#8243; _module_preset=\u00bbdefault\u00bb active_text_color=\u00bb#BADFF7&#8243; global_colors_info=\u00bb{}\u00bb][\/dipi_breadcrumbs][\/et_pb_column][\/et_pb_row][\/et_pb_section][et_pb_section fb_built=\u00bb1&#8243; _builder_version=\u00bb4.24.0&#8243; _module_preset=\u00bbdefault\u00bb locked=\u00bboff\u00bb global_colors_info=\u00bb{}\u00bb][et_pb_row _builder_version=\u00bb4.24.0&#8243; _module_preset=\u00bbdefault\u00bb locked=\u00bboff\u00bb global_colors_info=\u00bb{}\u00bb][et_pb_column type=\u00bb4_4&#8243; _builder_version=\u00bb4.24.0&#8243; _module_preset=\u00bbdefault\u00bb global_colors_info=\u00bb{}\u00bb][et_pb_text _builder_version=\u00bb4.27.4&#8243; _module_preset=\u00bb13ddcc34-f131-47ca-8026-edc37a2f8af8&#8243; global_colors_info=\u00bb{}\u00bb]<\/p>\n<h1 style=\"text-align: center;\" data-start=\"0\" data-end=\"41\"><strong data-start=\"0\" data-end=\"44\">Cumplimiento laboral y auditor\u00edas \u00e9ticas<\/strong><\/h1>\n<p style=\"text-align: center;\" data-start=\"0\" data-end=\"41\">El servicio de cumplimiento laboral y auditor\u00edas \u00e9ticas de ACK3 es una soluci\u00f3n especializada dise\u00f1ada para ayudar a las organizaciones a <strong>cumplir con las leyes laborales, mantener est\u00e1ndares \u00e9ticos y garantizar condiciones de trabajo justas y seguras<\/strong>. Realizamos auditor\u00edas exhaustivas para identificar riesgos, mejorar las pr\u00e1cticas laborales y fortalecer la responsabilidad corporativa.<\/p>\n<p>[\/et_pb_text][\/et_pb_column][\/et_pb_row][et_pb_row column_structure=\u00bb1_2,1_2&#8243; module_class=\u00bbagf-vertical-align\u00bb _builder_version=\u00bb4.24.0&#8243; _module_preset=\u00bbdefault\u00bb custom_padding=\u00bb||||false|false\u00bb global_colors_info=\u00bb{}\u00bb][et_pb_column type=\u00bb1_2&#8243; _builder_version=\u00bb4.24.0&#8243; _module_preset=\u00bbdefault\u00bb global_colors_info=\u00bb{}\u00bb][et_pb_text _builder_version=\u00bb4.27.4&#8243; _module_preset=\u00bbdefault\u00bb background_color=\u00bb#F6FAFD\u00bb custom_padding=\u00bb30px|30px|30px|30px|true|true\u00bb border_radii=\u00bbon|3px|3px|3px|3px\u00bb box_shadow_style=\u00bbpreset4&#8243; box_shadow_horizontal=\u00bb7px\u00bb box_shadow_vertical=\u00bb7px\u00bb box_shadow_color=\u00bb#BADFF7&#8243; global_colors_info=\u00bb{}\u00bb]<\/p>\n<h2 data-start=\"450\" data-end=\"513\">\u00bfQu\u00e9 son el cumplimiento laboral y las auditor\u00edas \u00e9ticas?<\/h2>\n<p class=\"\" data-start=\"514\" data-end=\"948\">Las auditor\u00edas de cumplimiento laboral y \u00e9ticas consisten en una <strong>evaluaci\u00f3n estructurada del grado de cumplimiento de una organizaci\u00f3n con respecto a las leyes laborales, las directrices \u00e9ticas y los est\u00e1ndares de responsabilidad social corporativa (RSC).<\/strong> Este servicio incluye evaluaciones de cumplimiento normativo, auditor\u00edas de condiciones laborales, revisiones de la cadena de suministro e identificaci\u00f3n de riesgos \u00e9ticos. Nuestro objetivo es ayudar a las empresas a mitigar riesgos legales y reputacionales, promoviendo una cultura de integridad, transparencia y trato justo hacia los empleados. La experiencia de <strong data-start=\"1142\" data-end=\"1150\">ACK3<\/strong> garantiza que las organizaciones cumplan con los m\u00e1s altos est\u00e1ndares \u00e9ticos y normativos, reduciendo la exposici\u00f3n a posibles infracciones y mejorando la sostenibilidad del negocio a largo plazo.<\/p>\n<p>[\/et_pb_text][\/et_pb_column][et_pb_column type=\u00bb1_2&#8243; _builder_version=\u00bb4.24.0&#8243; _module_preset=\u00bbdefault\u00bb global_colors_info=\u00bb{}\u00bb][et_pb_image src=\u00bbhttps:\/\/ack3.eu\/wp-content\/uploads\/2024\/02\/Integrity-Assessments-and-Polygraph-Testing.webp\u00bb alt=\u00bbConoce a tu cliente\u00bb title_text=\u00bbEvaluaciones de Integridad y Pruebas de Pol\u00edgrafo\u00bb _builder_version=\u00bb4.24.0&#8243; _module_preset=\u00bbdefault\u00bb global_colors_info=\u00bb{}\u00bb][\/et_pb_image][\/et_pb_column][\/et_pb_row][et_pb_row _builder_version=\u00bb4.24.0&#8243; _module_preset=\u00bbdefault\u00bb global_colors_info=\u00bb{}\u00bb][et_pb_column type=\u00bb4_4&#8243; _builder_version=\u00bb4.24.0&#8243; _module_preset=\u00bbdefault\u00bb global_colors_info=\u00bb{}\u00bb][et_pb_text _builder_version=\u00bb4.27.4&#8243; _module_preset=\u00bbdefault\u00bb global_colors_info=\u00bb{}\u00bb]<\/p>\n<h3 class=\"\" data-start=\"1354\" data-end=\"1424\">Asegurando cumplimiento, integridad y pr\u00e1cticas laborales justas<\/h3>\n<p class=\"\" data-start=\"1425\" data-end=\"1815\">Ofrecemos un proceso de auditor\u00eda estructurado y riguroso que permite a las empresas identificar y corregir brechas de cumplimiento, mejorar las condiciones laborales y prevenir pr\u00e1cticas poco \u00e9ticas. Mediante el uso de herramientas y metodolog\u00edas avanzadas, garantizamos que las organizaciones cumplan con los est\u00e1ndares laborales nacionales e internacionales. Nuestros servicios incluyen:<\/p>\n<ul data-start=\"1817\" data-end=\"3070\">\n<li class=\"\" data-start=\"1817\" data-end=\"2022\">\n<p class=\"\" data-start=\"1819\" data-end=\"2022\"><strong data-start=\"1819\" data-end=\"1861\">Evaluaciones de cumplimiento normativo<\/strong>: Evaluaci\u00f3n de pol\u00edticas y pr\u00e1cticas de la empresa para asegurar el cumplimiento de leyes laborales, normativas de salud y seguridad, y est\u00e1ndares del sector.<\/p>\n<\/li>\n<li class=\"\" data-start=\"2023\" data-end=\"2209\">\n<p class=\"\" data-start=\"2025\" data-end=\"2209\"><strong data-start=\"2025\" data-end=\"2064\">Auditor\u00edas de condiciones laborales<\/strong>: Revisi\u00f3n detallada de los entornos de trabajo, el trato a los empleados, salarios y horas laborales para asegurar pr\u00e1cticas laborales justas.<\/p>\n<\/li>\n<li class=\"\" data-start=\"2210\" data-end=\"2465\">\n<p class=\"\" data-start=\"2212\" data-end=\"2465\"><strong data-start=\"2212\" data-end=\"2260\">Auditor\u00edas \u00e9ticas de la cadena de suministro<\/strong>: Evaluaci\u00f3n de proveedores y subcontratistas para verificar el cumplimiento de pr\u00e1cticas laborales \u00e9ticas, previniendo problemas como trabajo forzado, trabajo infantil o condiciones laborales inseguras.<\/p>\n<\/li>\n<li class=\"\" data-start=\"2466\" data-end=\"2679\">\n<p class=\"\" data-start=\"2468\" data-end=\"2679\"><strong data-start=\"2468\" data-end=\"2504\">Identificaci\u00f3n de riesgos \u00e9ticos<\/strong>: Uso de herramientas como el <a href=\"https:\/\/ack3.eu\/es\/productos\/analisis-de-voz-por-capas-lva\/\"><strong>Layered Voice Analyzer<\/strong><\/a> para evaluar la integridad del personal y de la direcci\u00f3n, identificando riesgos \u00e9ticos potenciales y \u00e1reas de mejora.<\/p>\n<\/li>\n<li class=\"\" data-start=\"2680\" data-end=\"2885\">\n<p class=\"\" data-start=\"2682\" data-end=\"2885\"><strong data-start=\"2682\" data-end=\"2723\">Investigaci\u00f3n y reporte de incidentes<\/strong>: Investigaci\u00f3n de denuncias laborales, casos de alertadores (whistleblowers) o violaciones \u00e9ticas, garantizando la rendici\u00f3n de cuentas y acciones correctivas.<\/p>\n<\/li>\n<li class=\"\" data-start=\"2886\" data-end=\"3070\">\n<p class=\"\" data-start=\"2888\" data-end=\"3070\"><strong data-start=\"2888\" data-end=\"2927\">Monitoreo continuo del cumplimiento<\/strong>: Supervisi\u00f3n y apoyo continuo para mantener el cumplimiento de la legislaci\u00f3n laboral y reforzar los est\u00e1ndares \u00e9ticos en el lugar de trabajo.<\/p>\n<\/li>\n<\/ul>\n<p data-start=\"2888\" data-end=\"3070\">\n<blockquote>\n<p class=\"\" data-start=\"2888\" data-end=\"3070\"><strong>El objetivo final de nuestro servicio de cumplimiento laboral y auditor\u00edas \u00e9ticas es crear un entorno laboral que priorice la equidad, la seguridad y la transparencia. Con el respaldo de la experiencia de ACK3, las empresas pueden cumplir con los requisitos normativos con confianza, fortalecer su gobernanza \u00e9tica y fomentar una cultura corporativa responsable y sostenible.<\/strong><\/p>\n<\/blockquote>\n<p>[\/et_pb_text][et_pb_divider _builder_version=\u00bb4.27.2&#8243; _module_preset=\u00bbdefault\u00bb global_colors_info=\u00bb{}\u00bb][\/et_pb_divider][\/et_pb_column][\/et_pb_row][et_pb_row _builder_version=\u00bb4.24.0&#8243; _module_preset=\u00bbdefault\u00bb global_module=\u00bb25840410&#8243; saved_tabs=\u00bball\u00bb locked=\u00bboff\u00bb global_colors_info=\u00bb{}\u00bb][et_pb_column type=\u00bb4_4&#8243; _builder_version=\u00bb4.24.0&#8243; _module_preset=\u00bbdefault\u00bb global_colors_info=\u00bb{}\u00bb][et_pb_text _builder_version=\u00bb4.24.0&#8243; _module_preset=\u00bbe9776427-b859-4288-b0a2-c7103567bb8c\u00bb global_colors_info=\u00bb{}\u00bb]<\/p>\n<p style=\"text-align: center;\">Cont\u00e1ctanos<\/p>\n<p>[\/et_pb_text][et_pb_text _builder_version=\u00bb4.24.0&#8243; _dynamic_attributes=\u00bbcontent\u00bb _module_preset=\u00bb13ddcc34-f131-47ca-8026-edc37a2f8af8&#8243; header_2_text_align=\u00bbcenter\u00bb custom_margin=\u00bb||5px||false|false\u00bb global_colors_info=\u00bb{}\u00bb]@ET-DC@eyJkeW5hbWljIjp0cnVlLCJjb250ZW50IjoicG9zdF90aXRsZSIsInNldHRpbmdzIjp7ImJlZm9yZSI6IjxoMj4gXHUwMGJmRXN0XHUwMGUxcyBpbnRlcmVzYWRvIGVuIGxvcyBzZXJ2aWNpb3MgZGUgIiwiYWZ0ZXIiOiIgZGUgQUNLMz88L2gyPiJ9fQ==@[\/et_pb_text][et_pb_text _builder_version=\u00bb4.24.0&#8243; _module_preset=\u00bb13ddcc34-f131-47ca-8026-edc37a2f8af8&#8243; global_colors_info=\u00bb{}\u00bb]<\/p>\n<p style=\"text-align: center;\">Ponte en contacto con nosotros completando el siguiente formulario:<\/p>\n<p>[\/et_pb_text][dipi_gravity_forms_styler gf_form_id=\u00bb1&#8243; form_title=\u00bbhide\u00bb _builder_version=\u00bb4.24.0&#8243; _module_preset=\u00bbdefault\u00bb form_title_font_size=\u00bb0px\u00bb field_label_font=\u00bbTrade Gothic LT Bold Extended||||||||\u00bb field_label_font_size=\u00bb15px\u00bb required_field_indicator_font_size=\u00bb15px\u00bb field_description_font_size=\u00bb16px\u00bb checkbox_radio_label_font_size=\u00bb17px\u00bb custom_all=\u00bbon\u00bb all_text_size=\u00bb17px\u00bb all_bg_color=\u00bb#000000&#8243; all_font=\u00bb|600|||||||\u00bb all_use_icon=\u00bboff\u00bb max_width=\u00bb78%\u00bb max_width_tablet=\u00bb100%\u00bb max_width_phone=\u00bb100%\u00bb max_width_last_edited=\u00bbon|desktop\u00bb module_alignment=\u00bbcenter\u00bb global_colors_info=\u00bb{}\u00bb all_bg_color__hover_enabled=\u00bbon|hover\u00bb all_bg_color__hover=\u00bb#535353&#8243; all_bg_enable_color__hover=\u00bbon\u00bb][\/dipi_gravity_forms_styler][\/et_pb_column][\/et_pb_row][\/et_pb_section]<\/p>\n","protected":false},"excerpt":{"rendered":"<p>Garantiza entornos laborales justos y \u00e9ticos con ACK3: auditor\u00edas que protegen a los trabajadores y fortalecen tu compromiso social.<\/p>\n","protected":false},"author":2,"featured_media":25843064,"parent":25844437,"menu_order":0,"comment_status":"closed","ping_status":"closed","template":"","meta":{"_et_pb_use_builder":"on","_et_pb_old_content":"","_et_gb_content_width":"","footnotes":""},"dipi_cpt_category":[],"class_list":["post-25854092","page","type-page","status-publish","has-post-thumbnail","hentry"],"_links":{"self":[{"href":"https:\/\/ack3.eu\/es\/wp-json\/wp\/v2\/pages\/25854092","targetHints":{"allow":["GET"]}}],"collection":[{"href":"https:\/\/ack3.eu\/es\/wp-json\/wp\/v2\/pages"}],"about":[{"href":"https:\/\/ack3.eu\/es\/wp-json\/wp\/v2\/types\/page"}],"author":[{"embeddable":true,"href":"https:\/\/ack3.eu\/es\/wp-json\/wp\/v2\/users\/2"}],"replies":[{"embeddable":true,"href":"https:\/\/ack3.eu\/es\/wp-json\/wp\/v2\/comments?post=25854092"}],"version-history":[{"count":0,"href":"https:\/\/ack3.eu\/es\/wp-json\/wp\/v2\/pages\/25854092\/revisions"}],"up":[{"embeddable":true,"href":"https:\/\/ack3.eu\/es\/wp-json\/wp\/v2\/pages\/25844437"}],"wp:featuredmedia":[{"embeddable":true,"href":"https:\/\/ack3.eu\/es\/wp-json\/wp\/v2\/media\/25843064"}],"wp:attachment":[{"href":"https:\/\/ack3.eu\/es\/wp-json\/wp\/v2\/media?parent=25854092"}],"wp:term":[{"taxonomy":"dipi_cpt_category","embeddable":true,"href":"https:\/\/ack3.eu\/es\/wp-json\/wp\/v2\/dipi_cpt_category?post=25854092"}],"curies":[{"name":"wp","href":"https:\/\/api.w.org\/{rel}","templated":true}]}}