{"id":25854075,"date":"2025-03-24T08:27:30","date_gmt":"2025-03-24T07:27:30","guid":{"rendered":"https:\/\/ack3.eu\/servicios\/recursos-humanos\/personnel-risk-analysis\/"},"modified":"2025-04-15T15:06:02","modified_gmt":"2025-04-15T13:06:02","slug":"analisis-riesgos-personal","status":"publish","type":"page","link":"https:\/\/ack3.eu\/es\/servicios\/recursos-humanos\/analisis-riesgos-personal\/","title":{"rendered":"An\u00e1lisis de riesgos de personal"},"content":{"rendered":"<p>[et_pb_section fb_built=\u00bb1&#8243; _builder_version=\u00bb4.24.0&#8243; _module_preset=\u00bbdefault\u00bb background_color=\u00bb#000000&#8243; background_pattern_repeat_origin=\u00bbcenter\u00bb custom_padding=\u00bb13px||13px||true|false\u00bb saved_tabs=\u00bball\u00bb locked=\u00bboff\u00bb global_colors_info=\u00bb{}\u00bb][et_pb_row _builder_version=\u00bb4.24.0&#8243; _module_preset=\u00bb32edda46-f9f8-4bcc-acb6-81abff8182ae\u00bb custom_margin=\u00bb||0px||false|false\u00bb custom_padding=\u00bb4px||4px||true|false\u00bb global_colors_info=\u00bb{}\u00bb][et_pb_column type=\u00bb4_4&#8243; _builder_version=\u00bb4.20.4&#8243; _module_preset=\u00bbdefault\u00bb global_colors_info=\u00bb{}\u00bb][dipi_breadcrumbs bc_home_text=\u00bbHome\u00bb bc_home_url=\u00bb\/\u00bb bc_items_alignment=\u00bbdipi-bc-left\u00bb bc_item_padding=\u00bb|10px||10px|false|true\u00bb bc_active_item_padding=\u00bb|20px||10px|true|false\u00bb _builder_version=\u00bb4.24.0&#8243; _module_preset=\u00bbdefault\u00bb active_text_color=\u00bb#BADFF7&#8243; global_colors_info=\u00bb{}\u00bb][\/dipi_breadcrumbs][\/et_pb_column][\/et_pb_row][\/et_pb_section][et_pb_section fb_built=\u00bb1&#8243; _builder_version=\u00bb4.24.0&#8243; _module_preset=\u00bbdefault\u00bb locked=\u00bboff\u00bb global_colors_info=\u00bb{}\u00bb][et_pb_row _builder_version=\u00bb4.24.0&#8243; _module_preset=\u00bbdefault\u00bb locked=\u00bboff\u00bb global_colors_info=\u00bb{}\u00bb][et_pb_column type=\u00bb4_4&#8243; _builder_version=\u00bb4.24.0&#8243; _module_preset=\u00bbdefault\u00bb global_colors_info=\u00bb{}\u00bb][et_pb_text _builder_version=\u00bb4.27.4&#8243; _module_preset=\u00bb13ddcc34-f131-47ca-8026-edc37a2f8af8&#8243; global_colors_info=\u00bb{}\u00bb]<\/p>\n<h1 style=\"text-align: center;\" data-start=\"0\" data-end=\"27\">An\u00e1lisis de riesgos de personal<\/h1>\n<p style=\"text-align: center;\" data-start=\"0\" data-end=\"27\">El servicio de an\u00e1lisis de riesgo del personal de ACK3 es una soluci\u00f3n integral dise\u00f1ada para evaluar y mitigar los riesgos asociados con la gesti\u00f3n de recursos humanos. Nos especializamos en <strong>identificar amenazas potenciales dentro de la plantilla, ofreciendo an\u00e1lisis en profundidad e implementando estrategias<\/strong> que refuercen la seguridad operativa y la resiliencia organizacional.<\/p>\n<p>[\/et_pb_text][\/et_pb_column][\/et_pb_row][et_pb_row column_structure=\u00bb1_2,1_2&#8243; module_class=\u00bbagf-vertical-align\u00bb _builder_version=\u00bb4.24.0&#8243; _module_preset=\u00bbdefault\u00bb custom_padding=\u00bb||||false|false\u00bb global_colors_info=\u00bb{}\u00bb][et_pb_column type=\u00bb1_2&#8243; _builder_version=\u00bb4.24.0&#8243; _module_preset=\u00bbdefault\u00bb global_colors_info=\u00bb{}\u00bb][et_pb_text _builder_version=\u00bb4.27.4&#8243; _module_preset=\u00bbdefault\u00bb background_color=\u00bb#F6FAFD\u00bb custom_padding=\u00bb30px|30px|30px|30px|true|true\u00bb border_radii=\u00bbon|3px|3px|3px|3px\u00bb box_shadow_style=\u00bbpreset4&#8243; box_shadow_horizontal=\u00bb7px\u00bb box_shadow_vertical=\u00bb7px\u00bb box_shadow_color=\u00bb#BADFF7&#8243; global_colors_info=\u00bb{}\u00bb]<\/p>\n<h2 data-start=\"434\" data-end=\"483\">\u00bfQu\u00e9 es el an\u00e1lisis de riesgos de personal?<\/h2>\n<p class=\"\" data-start=\"484\" data-end=\"903\">El an\u00e1lisis de riesgo del personal es un servicio especializado orientado a evaluar y gestionar los posibles riesgos que pueden representar los empleados dentro de una organizaci\u00f3n. Incluye la <strong>identificaci\u00f3n de patrones de comportamiento, evaluaciones psicol\u00f3gicas y el uso de herramientas avanzadas para analizar la fiabilidad, los factores de riesgo y la idoneidad general de los empleados para ciertos puestos<\/strong>. A trav\u00e9s de este servicio, ayudamos a las organizaciones a reducir la probabilidad de amenazas internas y externas, garantizando la seguridad y estabilidad del entorno laboral. La experiencia de <strong data-start=\"1100\" data-end=\"1108\">ACK3<\/strong> en este \u00e1mbito permite a las empresas abordar de forma proactiva los riesgos asociados al personal y construir equipos confiables y seguros.<\/p>\n<p>[\/et_pb_text][\/et_pb_column][et_pb_column type=\u00bb1_2&#8243; _builder_version=\u00bb4.24.0&#8243; _module_preset=\u00bbdefault\u00bb global_colors_info=\u00bb{}\u00bb][et_pb_image src=\u00bbhttps:\/\/ack3.eu\/wp-content\/uploads\/2024\/02\/Integrity-Assessments-and-Polygraph-Testing.webp\u00bb alt=\u00bbConoce a tu cliente\u00bb title_text=\u00bbEvaluaciones de Integridad y Pruebas de Pol\u00edgrafo\u00bb _builder_version=\u00bb4.24.0&#8243; _module_preset=\u00bbdefault\u00bb global_colors_info=\u00bb{}\u00bb][\/et_pb_image][\/et_pb_column][\/et_pb_row][et_pb_row _builder_version=\u00bb4.24.0&#8243; _module_preset=\u00bbdefault\u00bb global_colors_info=\u00bb{}\u00bb][et_pb_column type=\u00bb4_4&#8243; _builder_version=\u00bb4.24.0&#8243; _module_preset=\u00bbdefault\u00bb global_colors_info=\u00bb{}\u00bb][et_pb_text _builder_version=\u00bb4.27.4&#8243; _module_preset=\u00bbdefault\u00bb global_colors_info=\u00bb{}\u00bb]<\/p>\n<h3 class=\"\" data-start=\"1256\" data-end=\"1318\">Identificando riesgos proactivamente dentro de tu equipo<\/h3>\n<p class=\"\" data-start=\"1319\" data-end=\"1721\">Nuestro servicio integra tecnolog\u00eda avanzada para evaluar los factores de riesgo del personal, permitiendo a las organizaciones detectar vulnerabilidades y prevenir problemas antes de que escalen. Nuestras herramientas y procesos ofrecen un an\u00e1lisis exhaustivo que ayuda a tomar decisiones informadas y a garantizar la seguridad de tu equipo y de toda la organizaci\u00f3n. Operamos en las siguientes \u00e1reas:<\/p>\n<ul data-start=\"1723\" data-end=\"2948\">\n<li class=\"\" data-start=\"1723\" data-end=\"1994\">\n<p class=\"\" data-start=\"1725\" data-end=\"1994\"><strong data-start=\"1725\" data-end=\"1755\">An\u00e1lisis de comportamiento<\/strong>: Utilizando herramientas como el <a href=\"https:\/\/ack3.eu\/es\/productos\/analisis-de-voz-por-capas-lva\/\"><strong>Layered Voice Analyzer<\/strong><\/a>, evaluamos los patrones del habla, la honestidad y la fiabilidad general de los empleados, brindando informaci\u00f3n valiosa sobre su comportamiento, intereses y potencial de riesgo.<\/p>\n<\/li>\n<li class=\"\" data-start=\"1995\" data-end=\"2211\">\n<p class=\"\" data-start=\"1997\" data-end=\"2211\"><strong data-start=\"1997\" data-end=\"2026\">Evaluaciones psicol\u00f3gicas<\/strong>: Ofrecemos perfiles psicol\u00f3gicos detallados para comprender mejor las motivaciones, niveles de estr\u00e9s y capacidad de los empleados para manejar situaciones de presi\u00f3n o sensibilidad.<\/p>\n<\/li>\n<li class=\"\" data-start=\"2212\" data-end=\"2410\">\n<p class=\"\" data-start=\"2214\" data-end=\"2410\"><strong data-start=\"2214\" data-end=\"2239\">Evaluaci\u00f3n de riesgos<\/strong>: An\u00e1lisis integral para identificar posibles amenazas internas, como fraude, deshonestidad u otras conductas negativas que puedan afectar el rendimiento organizacional.<\/p>\n<\/li>\n<li class=\"\" data-start=\"2411\" data-end=\"2719\">\n<p class=\"\" data-start=\"2413\" data-end=\"2719\"><strong data-start=\"2413\" data-end=\"2440\">Preparaci\u00f3n ante crisis<\/strong>: A trav\u00e9s de nuestro <a href=\"https:\/\/ack3.eu\/es\/productos\/simulador-de-crisis-csp\/\"><strong>Simulador de Crisis<\/strong><\/a>, sometemos a los empleados a simulaciones de alta presi\u00f3n que reflejan escenarios reales, garantizando que est\u00e9n preparados para gestionar situaciones cr\u00edticas y haciendo que tu equipo sea resiliente y capaz de responder eficazmente.<\/p>\n<\/li>\n<li class=\"\" data-start=\"2720\" data-end=\"2948\">\n<p class=\"\" data-start=\"2722\" data-end=\"2948\"><strong data-start=\"2722\" data-end=\"2744\">Monitoreo continuo<\/strong>: Evaluaciones peri\u00f3dicas para detectar cambios conductuales o psicol\u00f3gicos que puedan indicar riesgos emergentes, asegurando que el equipo se mantenga seguro y preparado ante cualquier amenaza potencial.<\/p>\n<\/li>\n<\/ul>\n<p data-start=\"2955\" data-end=\"3183\">\n<blockquote>\n<p class=\"\" data-start=\"2955\" data-end=\"3183\"><strong>El objetivo final de nuestro servicio\u00a0es formar una fuerza laboral que no solo tenga las competencias necesarias, sino que tambi\u00e9n opere en un entorno seguro, transparente y de confianza. Con el respaldo de la experiencia de ACK3, las organizaciones pueden asegurarse de contar con equipos competentes, resilientes y conscientes del riesgo, reduciendo significativamente las amenazas internas y externas al \u00e9xito organizacional.<\/strong><\/p>\n<\/blockquote>\n<p>[\/et_pb_text][et_pb_divider _builder_version=\u00bb4.27.2&#8243; _module_preset=\u00bbdefault\u00bb global_colors_info=\u00bb{}\u00bb][\/et_pb_divider][\/et_pb_column][\/et_pb_row][et_pb_row _builder_version=\u00bb4.24.0&#8243; _module_preset=\u00bbdefault\u00bb global_module=\u00bb25840410&#8243; saved_tabs=\u00bball\u00bb locked=\u00bboff\u00bb global_colors_info=\u00bb{}\u00bb][et_pb_column type=\u00bb4_4&#8243; _builder_version=\u00bb4.24.0&#8243; _module_preset=\u00bbdefault\u00bb global_colors_info=\u00bb{}\u00bb][et_pb_text _builder_version=\u00bb4.24.0&#8243; _module_preset=\u00bbe9776427-b859-4288-b0a2-c7103567bb8c\u00bb global_colors_info=\u00bb{}\u00bb]<\/p>\n<p style=\"text-align: center;\">Cont\u00e1ctanos<\/p>\n<p>[\/et_pb_text][et_pb_text _builder_version=\u00bb4.24.0&#8243; _dynamic_attributes=\u00bbcontent\u00bb _module_preset=\u00bb13ddcc34-f131-47ca-8026-edc37a2f8af8&#8243; header_2_text_align=\u00bbcenter\u00bb custom_margin=\u00bb||5px||false|false\u00bb global_colors_info=\u00bb{}\u00bb]@ET-DC@eyJkeW5hbWljIjp0cnVlLCJjb250ZW50IjoicG9zdF90aXRsZSIsInNldHRpbmdzIjp7ImJlZm9yZSI6IjxoMj4gXHUwMGJmRXN0XHUwMGUxcyBpbnRlcmVzYWRvIGVuIGxvcyBzZXJ2aWNpb3MgZGUgIiwiYWZ0ZXIiOiIgZGUgQUNLMz88L2gyPiJ9fQ==@[\/et_pb_text][et_pb_text _builder_version=\u00bb4.24.0&#8243; _module_preset=\u00bb13ddcc34-f131-47ca-8026-edc37a2f8af8&#8243; global_colors_info=\u00bb{}\u00bb]<\/p>\n<p style=\"text-align: center;\">Ponte en contacto con nosotros completando el siguiente formulario:<\/p>\n<p>[\/et_pb_text][dipi_gravity_forms_styler gf_form_id=\u00bb1&#8243; form_title=\u00bbhide\u00bb _builder_version=\u00bb4.24.0&#8243; _module_preset=\u00bbdefault\u00bb form_title_font_size=\u00bb0px\u00bb field_label_font=\u00bbTrade Gothic LT Bold Extended||||||||\u00bb field_label_font_size=\u00bb15px\u00bb required_field_indicator_font_size=\u00bb15px\u00bb field_description_font_size=\u00bb16px\u00bb checkbox_radio_label_font_size=\u00bb17px\u00bb custom_all=\u00bbon\u00bb all_text_size=\u00bb17px\u00bb all_bg_color=\u00bb#000000&#8243; all_font=\u00bb|600|||||||\u00bb all_use_icon=\u00bboff\u00bb max_width=\u00bb78%\u00bb max_width_tablet=\u00bb100%\u00bb max_width_phone=\u00bb100%\u00bb max_width_last_edited=\u00bbon|desktop\u00bb module_alignment=\u00bbcenter\u00bb global_colors_info=\u00bb{}\u00bb all_bg_color__hover_enabled=\u00bbon|hover\u00bb all_bg_color__hover=\u00bb#535353&#8243; all_bg_enable_color__hover=\u00bbon\u00bb][\/dipi_gravity_forms_styler][\/et_pb_column][\/et_pb_row][\/et_pb_section]<\/p>\n","protected":false},"excerpt":{"rendered":"<p>Mitiga las amenazas con el an\u00e1lisis de riesgo del personal de ACK3: an\u00e1lisis de comportamiento, perfiles psicol\u00f3gicos y seguridad del equipo.<\/p>\n","protected":false},"author":2,"featured_media":25843064,"parent":25844437,"menu_order":0,"comment_status":"closed","ping_status":"closed","template":"","meta":{"_et_pb_use_builder":"on","_et_pb_old_content":"","_et_gb_content_width":"","footnotes":""},"dipi_cpt_category":[],"class_list":["post-25854075","page","type-page","status-publish","has-post-thumbnail","hentry"],"_links":{"self":[{"href":"https:\/\/ack3.eu\/es\/wp-json\/wp\/v2\/pages\/25854075","targetHints":{"allow":["GET"]}}],"collection":[{"href":"https:\/\/ack3.eu\/es\/wp-json\/wp\/v2\/pages"}],"about":[{"href":"https:\/\/ack3.eu\/es\/wp-json\/wp\/v2\/types\/page"}],"author":[{"embeddable":true,"href":"https:\/\/ack3.eu\/es\/wp-json\/wp\/v2\/users\/2"}],"replies":[{"embeddable":true,"href":"https:\/\/ack3.eu\/es\/wp-json\/wp\/v2\/comments?post=25854075"}],"version-history":[{"count":0,"href":"https:\/\/ack3.eu\/es\/wp-json\/wp\/v2\/pages\/25854075\/revisions"}],"up":[{"embeddable":true,"href":"https:\/\/ack3.eu\/es\/wp-json\/wp\/v2\/pages\/25844437"}],"wp:featuredmedia":[{"embeddable":true,"href":"https:\/\/ack3.eu\/es\/wp-json\/wp\/v2\/media\/25843064"}],"wp:attachment":[{"href":"https:\/\/ack3.eu\/es\/wp-json\/wp\/v2\/media?parent=25854075"}],"wp:term":[{"taxonomy":"dipi_cpt_category","embeddable":true,"href":"https:\/\/ack3.eu\/es\/wp-json\/wp\/v2\/dipi_cpt_category?post=25854075"}],"curies":[{"name":"wp","href":"https:\/\/api.w.org\/{rel}","templated":true}]}}