{"id":25854067,"date":"2025-02-12T13:24:46","date_gmt":"2025-02-12T12:24:46","guid":{"rendered":"https:\/\/ack3.eu\/servicios\/ciberseguridad\/concienciacion-y-entrenamiento-en-seguridad\/"},"modified":"2025-04-15T14:53:16","modified_gmt":"2025-04-15T12:53:16","slug":"concienciacion-entrenamiento-seguridad","status":"publish","type":"page","link":"https:\/\/ack3.eu\/es\/servicios\/ciberseguridad\/concienciacion-entrenamiento-seguridad\/","title":{"rendered":"Concienciaci\u00f3n y entrenamiento en seguridad"},"content":{"rendered":"<p>[et_pb_section fb_built=\u00bb1&#8243; _builder_version=\u00bb4.24.0&#8243; _module_preset=\u00bbdefault\u00bb background_color=\u00bb#000000&#8243; background_pattern_repeat_origin=\u00bbcenter\u00bb custom_padding=\u00bb13px||13px||true|false\u00bb saved_tabs=\u00bball\u00bb locked=\u00bboff\u00bb global_colors_info=\u00bb{}\u00bb][et_pb_row _builder_version=\u00bb4.24.0&#8243; _module_preset=\u00bb32edda46-f9f8-4bcc-acb6-81abff8182ae\u00bb custom_margin=\u00bb||0px||false|false\u00bb custom_padding=\u00bb4px||4px||true|false\u00bb global_colors_info=\u00bb{}\u00bb][et_pb_column type=\u00bb4_4&#8243; _builder_version=\u00bb4.20.4&#8243; _module_preset=\u00bbdefault\u00bb global_colors_info=\u00bb{}\u00bb][dipi_breadcrumbs bc_home_text=\u00bbHome\u00bb bc_home_url=\u00bb\/\u00bb bc_items_alignment=\u00bbdipi-bc-left\u00bb bc_item_padding=\u00bb|10px||10px|false|true\u00bb bc_active_item_padding=\u00bb|20px||10px|true|false\u00bb _builder_version=\u00bb4.24.0&#8243; _module_preset=\u00bbdefault\u00bb active_text_color=\u00bb#BADFF7&#8243; global_colors_info=\u00bb{}\u00bb][\/dipi_breadcrumbs][\/et_pb_column][\/et_pb_row][\/et_pb_section][et_pb_section fb_built=\u00bb1&#8243; _builder_version=\u00bb4.24.0&#8243; _module_preset=\u00bbdefault\u00bb locked=\u00bboff\u00bb global_colors_info=\u00bb{}\u00bb][et_pb_row _builder_version=\u00bb4.24.0&#8243; _module_preset=\u00bbdefault\u00bb locked=\u00bboff\u00bb global_colors_info=\u00bb{}\u00bb][et_pb_column type=\u00bb4_4&#8243; _builder_version=\u00bb4.24.0&#8243; _module_preset=\u00bbdefault\u00bb global_colors_info=\u00bb{}\u00bb][et_pb_text _builder_version=\u00bb4.27.4&#8243; _module_preset=\u00bb13ddcc34-f131-47ca-8026-edc37a2f8af8&#8243; hover_enabled=\u00bb0&#8243; global_colors_info=\u00bb{}\u00bb sticky_enabled=\u00bb0&#8243;]<\/p>\n<h1 style=\"text-align: center;\" data-pm-slice=\"1 1 []\">Concienciaci\u00f3n y entrenamiento en seguridad<\/h1>\n<p class=\"\" style=\"text-align: center;\" data-start=\"0\" data-end=\"470\">El servicio de concienciaci\u00f3n y entrenamiento en seguridad de ACK3 est\u00e1 dise\u00f1ado para dotar a las organizaciones del conocimiento y las habilidades necesarias para defenderse frente a amenazas cibern\u00e9ticas. A trav\u00e9s de programas de formaci\u00f3n integrales, <strong>capacitamos a los empleados para reconocer, prevenir y responder ante riesgos de seguridad<\/strong>, fortaleciendo as\u00ed la postura general de ciberseguridad de la organizaci\u00f3n.<\/p>\n<p>[\/et_pb_text][\/et_pb_column][\/et_pb_row][et_pb_row column_structure=\u00bb1_2,1_2&#8243; module_class=\u00bbagf-vertical-align\u00bb _builder_version=\u00bb4.24.0&#8243; _module_preset=\u00bbdefault\u00bb custom_padding=\u00bb||||false|false\u00bb global_colors_info=\u00bb{}\u00bb][et_pb_column type=\u00bb1_2&#8243; _builder_version=\u00bb4.24.0&#8243; _module_preset=\u00bbdefault\u00bb global_colors_info=\u00bb{}\u00bb][et_pb_text _builder_version=\u00bb4.27.4&#8243; _module_preset=\u00bbdefault\u00bb background_color=\u00bb#F6FAFD\u00bb custom_padding=\u00bb30px|30px|30px|30px|true|true\u00bb hover_enabled=\u00bb0&#8243; border_radii=\u00bbon|3px|3px|3px|3px\u00bb box_shadow_style=\u00bbpreset4&#8243; box_shadow_horizontal=\u00bb7px\u00bb box_shadow_vertical=\u00bb7px\u00bb box_shadow_color=\u00bb#BADFF7&#8243; global_colors_info=\u00bb{}\u00bb sticky_enabled=\u00bb0&#8243;]<\/p>\n<blockquote>\n<h2 data-start=\"477\" data-end=\"534\">\u00bfQu\u00e9 es la concienciaci\u00f3n y entrenamiento en seguridad?<\/h2>\n<p class=\"\" data-start=\"535\" data-end=\"806\">La concienciaci\u00f3n y entrenamiento en seguridad es un componente esencial de la estrategia de ciberseguridad de cualquier organizaci\u00f3n. Su objetivo es educar a los empleados sobre amenazas cibern\u00e9ticas potenciales, pr\u00e1cticas seguras en l\u00ednea y respuesta ante incidentes. <strong>Un equipo bien formado act\u00faa como la primera l\u00ednea de defensa<\/strong>, reduciendo el riesgo de brechas de seguridad provocadas por errores humanos o ataques de ingenier\u00eda social. Nuestros programas personalizados garantizan que las mejores pr\u00e1cticas en seguridad se integren en las operaciones diarias.<\/p>\n<\/blockquote>\n<p>[\/et_pb_text][\/et_pb_column][et_pb_column type=\u00bb1_2&#8243; _builder_version=\u00bb4.24.0&#8243; _module_preset=\u00bbdefault\u00bb global_colors_info=\u00bb{}\u00bb][et_pb_image src=\u00bbhttps:\/\/ack3.eu\/wp-content\/uploads\/2024\/02\/Pentesting-2.webp\u00bb alt=\u00bbConoce a tu cliente\u00bb title_text=\u00bbPentesting-2&#8243; _builder_version=\u00bb4.27.4&#8243; _module_preset=\u00bbdefault\u00bb global_colors_info=\u00bb{}\u00bb][\/et_pb_image][\/et_pb_column][\/et_pb_row][et_pb_row _builder_version=\u00bb4.24.0&#8243; _module_preset=\u00bbdefault\u00bb global_colors_info=\u00bb{}\u00bb][et_pb_column type=\u00bb4_4&#8243; _builder_version=\u00bb4.24.0&#8243; _module_preset=\u00bbdefault\u00bb global_colors_info=\u00bb{}\u00bb][et_pb_text _builder_version=\u00bb4.27.4&#8243; _module_preset=\u00bbdefault\u00bb hover_enabled=\u00bb0&#8243; global_colors_info=\u00bb{}\u00bb sticky_enabled=\u00bb0&#8243;]<\/p>\n<h3 class=\"\" data-start=\"1113\" data-end=\"1166\">Construyendo una fuerza laboral ciberresiliente<\/h3>\n<p class=\"\" data-start=\"1167\" data-end=\"1341\">Nuestro servicio de concienciaci\u00f3n y formaci\u00f3n sigue un enfoque estructurado para asegurar que los empleados est\u00e9n bien preparados para mitigar los riesgos de ciberseguridad:<\/p>\n<ul data-start=\"1343\" data-end=\"2207\">\n<li class=\"\" data-start=\"1343\" data-end=\"1522\">\n<p class=\"\" data-start=\"1345\" data-end=\"1522\"><strong data-start=\"1345\" data-end=\"1390\">Formaci\u00f3n en phishing e ingenier\u00eda social<\/strong>: Ense\u00f1amos a los empleados a identificar y responder a ataques de phishing y otras t\u00e1cticas utilizadas por los ciberdelincuentes.<\/p>\n<\/li>\n<li class=\"\" data-start=\"1523\" data-end=\"1696\">\n<p class=\"\" data-start=\"1525\" data-end=\"1696\"><strong data-start=\"1525\" data-end=\"1568\">Buenas pr\u00e1cticas de higiene cibern\u00e9tica<\/strong>: Capacitaci\u00f3n en gesti\u00f3n de contrase\u00f1as, manejo seguro de datos y h\u00e1bitos de navegaci\u00f3n segura para reducir vulnerabilidades.<\/p>\n<\/li>\n<li class=\"\" data-start=\"1697\" data-end=\"1870\">\n<p class=\"\" data-start=\"1699\" data-end=\"1870\"><strong data-start=\"1699\" data-end=\"1741\">Formaci\u00f3n en respuesta ante incidentes<\/strong>: Simulaciones pr\u00e1cticas y escenarios reales para que los empleados puedan actuar eficazmente frente a incidentes de seguridad.<\/p>\n<\/li>\n<li class=\"\" data-start=\"1871\" data-end=\"2046\">\n<p class=\"\" data-start=\"1873\" data-end=\"2046\"><strong data-start=\"1873\" data-end=\"1920\">Concienciaci\u00f3n sobre cumplimiento normativo<\/strong>: Formaci\u00f3n para que el personal comprenda las normativas de seguridad y los requisitos regulatorios aplicables a su sector.<\/p>\n<\/li>\n<li class=\"\" data-start=\"2047\" data-end=\"2207\">\n<p class=\"\" data-start=\"2049\" data-end=\"2207\"><strong data-start=\"2049\" data-end=\"2088\">Aprendizaje continuo y evaluaciones<\/strong>: Actualizaciones peri\u00f3dicas, evaluaciones y ejercicios simulados de ataques para reforzar conocimientos y preparaci\u00f3n.<\/p>\n<\/li>\n<\/ul>\n<p>&nbsp;<\/p>\n<h3 class=\"\" data-start=\"2214\" data-end=\"2279\">Conf\u00eda en ACK3 para concienciaci\u00f3n y entrenamiento en seguridad<\/h3>\n<p class=\"\" data-start=\"2280\" data-end=\"2440\">Al trabajar con <strong data-start=\"2297\" data-end=\"2305\">ACK3<\/strong>, tu organizaci\u00f3n adopta una defensa proactiva frente a las amenazas cibern\u00e9ticas a trav\u00e9s de empleados bien informados y vigilantes. Nuestros programas de formaci\u00f3n, din\u00e1micos y personalizados, fomentan una cultura de seguridad, asegurando que tu equipo est\u00e9 preparado para enfrentar riesgos digitales en constante evoluci\u00f3n. <strong data-start=\"2638\" data-end=\"2756\" data-is-last-node=\"\">Empodera a tu fuerza laboral con el conocimiento adecuado y convi\u00e9rtela en tu activo m\u00e1s fuerte en ciberseguridad.<\/strong><\/p>\n<p>[\/et_pb_text][et_pb_divider _builder_version=\u00bb4.27.2&#8243; _module_preset=\u00bbdefault\u00bb global_colors_info=\u00bb{}\u00bb][\/et_pb_divider][\/et_pb_column][\/et_pb_row][et_pb_row _builder_version=\u00bb4.24.0&#8243; _module_preset=\u00bbdefault\u00bb global_module=\u00bb25840410&#8243; saved_tabs=\u00bball\u00bb locked=\u00bboff\u00bb global_colors_info=\u00bb{}\u00bb][et_pb_column type=\u00bb4_4&#8243; _builder_version=\u00bb4.24.0&#8243; _module_preset=\u00bbdefault\u00bb global_colors_info=\u00bb{}\u00bb][et_pb_text _builder_version=\u00bb4.24.0&#8243; _module_preset=\u00bbe9776427-b859-4288-b0a2-c7103567bb8c\u00bb global_colors_info=\u00bb{}\u00bb]<\/p>\n<p style=\"text-align: center;\">Cont\u00e1ctanos<\/p>\n<p>[\/et_pb_text][et_pb_text _builder_version=\u00bb4.24.0&#8243; _dynamic_attributes=\u00bbcontent\u00bb _module_preset=\u00bb13ddcc34-f131-47ca-8026-edc37a2f8af8&#8243; header_2_text_align=\u00bbcenter\u00bb custom_margin=\u00bb||5px||false|false\u00bb global_colors_info=\u00bb{}\u00bb]@ET-DC@eyJkeW5hbWljIjp0cnVlLCJjb250ZW50IjoicG9zdF90aXRsZSIsInNldHRpbmdzIjp7ImJlZm9yZSI6IjxoMj4gXHUwMGJmRXN0XHUwMGUxcyBpbnRlcmVzYWRvIGVuIGxvcyBzZXJ2aWNpb3MgZGUgIiwiYWZ0ZXIiOiIgZGUgQUNLMz88L2gyPiJ9fQ==@[\/et_pb_text][et_pb_text _builder_version=\u00bb4.24.0&#8243; _module_preset=\u00bb13ddcc34-f131-47ca-8026-edc37a2f8af8&#8243; global_colors_info=\u00bb{}\u00bb]<\/p>\n<p style=\"text-align: center;\">Ponte en contacto con nosotros completando el siguiente formulario:<\/p>\n<p>[\/et_pb_text][dipi_gravity_forms_styler gf_form_id=\u00bb1&#8243; form_title=\u00bbhide\u00bb _builder_version=\u00bb4.24.0&#8243; _module_preset=\u00bbdefault\u00bb form_title_font_size=\u00bb0px\u00bb field_label_font=\u00bbTrade Gothic LT Bold Extended||||||||\u00bb field_label_font_size=\u00bb15px\u00bb required_field_indicator_font_size=\u00bb15px\u00bb field_description_font_size=\u00bb16px\u00bb checkbox_radio_label_font_size=\u00bb17px\u00bb custom_all=\u00bbon\u00bb all_text_size=\u00bb17px\u00bb all_bg_color=\u00bb#000000&#8243; all_font=\u00bb|600|||||||\u00bb all_use_icon=\u00bboff\u00bb max_width=\u00bb78%\u00bb max_width_tablet=\u00bb100%\u00bb max_width_phone=\u00bb100%\u00bb max_width_last_edited=\u00bbon|desktop\u00bb module_alignment=\u00bbcenter\u00bb global_colors_info=\u00bb{}\u00bb all_bg_color__hover_enabled=\u00bbon|hover\u00bb all_bg_color__hover=\u00bb#535353&#8243; all_bg_enable_color__hover=\u00bbon\u00bb][\/dipi_gravity_forms_styler][\/et_pb_column][\/et_pb_row][\/et_pb_section]<\/p>\n","protected":false},"excerpt":{"rendered":"<p>Empodera a tu equipo con la formaci\u00f3n en seguridad de ACK3: defensa contra phishing y cumplimiento normativo para una organizaci\u00f3n resiliente.<\/p>\n","protected":false},"author":2,"featured_media":25843101,"parent":25844469,"menu_order":0,"comment_status":"closed","ping_status":"closed","template":"","meta":{"_et_pb_use_builder":"on","_et_pb_old_content":"","_et_gb_content_width":"","footnotes":""},"dipi_cpt_category":[],"class_list":["post-25854067","page","type-page","status-publish","has-post-thumbnail","hentry"],"_links":{"self":[{"href":"https:\/\/ack3.eu\/es\/wp-json\/wp\/v2\/pages\/25854067","targetHints":{"allow":["GET"]}}],"collection":[{"href":"https:\/\/ack3.eu\/es\/wp-json\/wp\/v2\/pages"}],"about":[{"href":"https:\/\/ack3.eu\/es\/wp-json\/wp\/v2\/types\/page"}],"author":[{"embeddable":true,"href":"https:\/\/ack3.eu\/es\/wp-json\/wp\/v2\/users\/2"}],"replies":[{"embeddable":true,"href":"https:\/\/ack3.eu\/es\/wp-json\/wp\/v2\/comments?post=25854067"}],"version-history":[{"count":0,"href":"https:\/\/ack3.eu\/es\/wp-json\/wp\/v2\/pages\/25854067\/revisions"}],"up":[{"embeddable":true,"href":"https:\/\/ack3.eu\/es\/wp-json\/wp\/v2\/pages\/25844469"}],"wp:featuredmedia":[{"embeddable":true,"href":"https:\/\/ack3.eu\/es\/wp-json\/wp\/v2\/media\/25843101"}],"wp:attachment":[{"href":"https:\/\/ack3.eu\/es\/wp-json\/wp\/v2\/media?parent=25854067"}],"wp:term":[{"taxonomy":"dipi_cpt_category","embeddable":true,"href":"https:\/\/ack3.eu\/es\/wp-json\/wp\/v2\/dipi_cpt_category?post=25854067"}],"curies":[{"name":"wp","href":"https:\/\/api.w.org\/{rel}","templated":true}]}}