{"id":25854058,"date":"2025-02-12T13:07:53","date_gmt":"2025-02-12T12:07:53","guid":{"rendered":"https:\/\/ack3.eu\/servicios\/ciberseguridad\/threat-intelligence\/"},"modified":"2025-04-15T14:36:15","modified_gmt":"2025-04-15T12:36:15","slug":"inteligencia-amenazas","status":"publish","type":"page","link":"https:\/\/ack3.eu\/es\/servicios\/ciberseguridad\/inteligencia-amenazas\/","title":{"rendered":"Inteligencia de amenazas"},"content":{"rendered":"<p>[et_pb_section fb_built=\u00bb1&#8243; _builder_version=\u00bb4.24.0&#8243; _module_preset=\u00bbdefault\u00bb background_color=\u00bb#000000&#8243; background_pattern_repeat_origin=\u00bbcenter\u00bb custom_padding=\u00bb13px||13px||true|false\u00bb saved_tabs=\u00bball\u00bb locked=\u00bboff\u00bb global_colors_info=\u00bb{}\u00bb][et_pb_row _builder_version=\u00bb4.24.0&#8243; _module_preset=\u00bb32edda46-f9f8-4bcc-acb6-81abff8182ae\u00bb custom_margin=\u00bb||0px||false|false\u00bb custom_padding=\u00bb4px||4px||true|false\u00bb global_colors_info=\u00bb{}\u00bb][et_pb_column type=\u00bb4_4&#8243; _builder_version=\u00bb4.20.4&#8243; _module_preset=\u00bbdefault\u00bb global_colors_info=\u00bb{}\u00bb][dipi_breadcrumbs bc_home_text=\u00bbHome\u00bb bc_home_url=\u00bb\/\u00bb bc_items_alignment=\u00bbdipi-bc-left\u00bb bc_item_padding=\u00bb|10px||10px|false|true\u00bb bc_active_item_padding=\u00bb|20px||10px|true|false\u00bb _builder_version=\u00bb4.24.0&#8243; _module_preset=\u00bbdefault\u00bb active_text_color=\u00bb#BADFF7&#8243; global_colors_info=\u00bb{}\u00bb][\/dipi_breadcrumbs][\/et_pb_column][\/et_pb_row][\/et_pb_section][et_pb_section fb_built=\u00bb1&#8243; _builder_version=\u00bb4.24.0&#8243; _module_preset=\u00bbdefault\u00bb locked=\u00bboff\u00bb global_colors_info=\u00bb{}\u00bb][et_pb_row _builder_version=\u00bb4.24.0&#8243; _module_preset=\u00bbdefault\u00bb locked=\u00bboff\u00bb global_colors_info=\u00bb{}\u00bb][et_pb_column type=\u00bb4_4&#8243; _builder_version=\u00bb4.24.0&#8243; _module_preset=\u00bbdefault\u00bb global_colors_info=\u00bb{}\u00bb][et_pb_text _builder_version=\u00bb4.27.4&#8243; _module_preset=\u00bb13ddcc34-f131-47ca-8026-edc37a2f8af8&#8243; hover_enabled=\u00bb0&#8243; global_colors_info=\u00bb{}\u00bb sticky_enabled=\u00bb0&#8243;]<\/p>\n<h1 style=\"text-align: center;\" data-pm-slice=\"1 1 []\">Inteligencia de amenazas<\/h1>\n<p style=\"text-align: center;\" data-pm-slice=\"1 1 []\">Los servicios de inteligencia de amenazas de ACK3 ofrecen a las organizaciones informaci\u00f3n de seguridad proactiva para <strong>detectar, analizar y mitigar amenazas cibern\u00e9ticas antes de que causen da\u00f1o<\/strong>. Mediante t\u00e9cnicas avanzadas de inteligencia y monitoreo en tiempo real, ayudamos a las empresas a anticiparse a los riesgos cibern\u00e9ticos emergentes y a construir una postura de seguridad resiliente.<\/p>\n<p>[\/et_pb_text][\/et_pb_column][\/et_pb_row][et_pb_row column_structure=\u00bb1_2,1_2&#8243; module_class=\u00bbagf-vertical-align\u00bb _builder_version=\u00bb4.24.0&#8243; _module_preset=\u00bbdefault\u00bb custom_padding=\u00bb||||false|false\u00bb global_colors_info=\u00bb{}\u00bb][et_pb_column type=\u00bb1_2&#8243; _builder_version=\u00bb4.24.0&#8243; _module_preset=\u00bbdefault\u00bb global_colors_info=\u00bb{}\u00bb][et_pb_text _builder_version=\u00bb4.27.4&#8243; _module_preset=\u00bbdefault\u00bb background_color=\u00bb#F6FAFD\u00bb custom_padding=\u00bb30px|30px|30px|30px|true|true\u00bb hover_enabled=\u00bb0&#8243; border_radii=\u00bbon|3px|3px|3px|3px\u00bb box_shadow_style=\u00bbpreset4&#8243; box_shadow_horizontal=\u00bb7px\u00bb box_shadow_vertical=\u00bb7px\u00bb box_shadow_color=\u00bb#BADFF7&#8243; global_colors_info=\u00bb{}\u00bb sticky_enabled=\u00bb0&#8243;]<\/p>\n<blockquote>\n<h2 data-start=\"440\" data-end=\"482\">\u00bfQu\u00e9 es la inteligencia de amenazas?<\/h2>\n<p class=\"\" data-start=\"483\" data-end=\"900\">La <strong data-start=\"486\" data-end=\"514\">inteligencia de amenazas<\/strong> es el proceso de recopilar, analizar y aplicar informaci\u00f3n sobre amenazas cibern\u00e9ticas potenciales para reforzar las defensas de seguridad de una organizaci\u00f3n. Este servicio permite a las empresas anticipar y prevenir ciberataques mediante la identificaci\u00f3n de amenazas emergentes, la <strong>comprensi\u00f3n de las t\u00e1cticas de los atacantes y el desarrollo de estrategias de defensa proactivas<\/strong>.Un programa de inteligencia de amenazas bien implementado permite minimizar la exposici\u00f3n al riesgo y responder con rapidez ante incidentes de seguridad.<\/p>\n<\/blockquote>\n<p>[\/et_pb_text][\/et_pb_column][et_pb_column type=\u00bb1_2&#8243; _builder_version=\u00bb4.24.0&#8243; _module_preset=\u00bbdefault\u00bb global_colors_info=\u00bb{}\u00bb][et_pb_image src=\u00bbhttps:\/\/ack3.eu\/wp-content\/uploads\/2024\/02\/Pentesting-2.webp\u00bb alt=\u00bbConoce a tu cliente\u00bb title_text=\u00bbPentesting-2&#8243; _builder_version=\u00bb4.27.4&#8243; _module_preset=\u00bbdefault\u00bb global_colors_info=\u00bb{}\u00bb][\/et_pb_image][\/et_pb_column][\/et_pb_row][et_pb_row _builder_version=\u00bb4.24.0&#8243; _module_preset=\u00bbdefault\u00bb global_colors_info=\u00bb{}\u00bb][et_pb_column type=\u00bb4_4&#8243; _builder_version=\u00bb4.24.0&#8243; _module_preset=\u00bbdefault\u00bb global_colors_info=\u00bb{}\u00bb][et_pb_text _builder_version=\u00bb4.27.4&#8243; _module_preset=\u00bbdefault\u00bb hover_enabled=\u00bb0&#8243; global_colors_info=\u00bb{}\u00bb sticky_enabled=\u00bb0&#8243;]<\/p>\n<h3 class=\"\" data-start=\"1062\" data-end=\"1114\">Seguridad proactiva con informaci\u00f3n procesable<\/h3>\n<p class=\"\" data-start=\"1115\" data-end=\"1337\">Nuestros servicios de inteligencia de amenazas siguen un enfoque estructurado y basado en inteligencia para garantizar que las organizaciones puedan detectar, analizar y contrarrestar amenazas cibern\u00e9ticas de forma eficaz:<\/p>\n<ul data-start=\"1339\" data-end=\"2253\">\n<li class=\"\" data-start=\"1339\" data-end=\"1529\">\n<p class=\"\" data-start=\"1341\" data-end=\"1529\"><strong data-start=\"1341\" data-end=\"1377\">Monitoreo y an\u00e1lisis de amenazas<\/strong>: Seguimiento continuo de amenazas cibern\u00e9ticas para identificar patrones, vulnerabilidades y riesgos emergentes que puedan afectar a tu organizaci\u00f3n.<\/p>\n<\/li>\n<li class=\"\" data-start=\"1530\" data-end=\"1708\">\n<p class=\"\" data-start=\"1532\" data-end=\"1708\"><strong data-start=\"1532\" data-end=\"1570\">Gesti\u00f3n de la superficie de ataque<\/strong>: Evaluaci\u00f3n y control de la exposici\u00f3n a amenazas mediante la identificaci\u00f3n de debilidades en redes, aplicaciones y activos digitales.<\/p>\n<\/li>\n<li class=\"\" data-start=\"1709\" data-end=\"1882\">\n<p class=\"\" data-start=\"1711\" data-end=\"1882\"><strong data-start=\"1711\" data-end=\"1746\">Perfilado de actores de amenaza<\/strong>: An\u00e1lisis de adversarios, sus motivaciones y t\u00e1cticas para anticipar posibles ataques y dise\u00f1ar mecanismos de defensa personalizados.<\/p>\n<\/li>\n<li class=\"\" data-start=\"1883\" data-end=\"2047\">\n<p class=\"\" data-start=\"1885\" data-end=\"2047\"><strong data-start=\"1885\" data-end=\"1926\">Predicci\u00f3n y prevenci\u00f3n de incidentes<\/strong>: Uso de inteligencia procesable para detectar y prevenir amenazas antes de que se conviertan en ataques a gran escala.<\/p>\n<\/li>\n<li class=\"\" data-start=\"2048\" data-end=\"2253\">\n<p class=\"\" data-start=\"2050\" data-end=\"2253\"><strong data-start=\"2050\" data-end=\"2088\">Inteligencia estrat\u00e9gica y t\u00e1ctica<\/strong>: Proporcionamos informaci\u00f3n en tiempo real y aplicable que orienta la toma de decisiones, mejora las estrategias de seguridad y refuerza la resiliencia cibern\u00e9tica.<\/p>\n<\/li>\n<\/ul>\n<h3 class=\"\" data-start=\"2260\" data-end=\"2322\">Conf\u00eda en ACK3 como tu socio en inteligencia de amenazas<\/h3>\n<p class=\"\" data-start=\"2323\" data-end=\"2548\">Con los servicios de <strong data-start=\"2344\" data-end=\"2380\">inteligencia de amenazas de ACK3<\/strong>, las organizaciones obtienen la ventaja de un monitoreo continuo, an\u00e1lisis experto e informaci\u00f3n accionable para contrarrestar eficazmente las amenazas cibern\u00e9ticas. Nuestro equipo de especialistas en ciberseguridad te ayuda a mantenerte por delante de los adversarios, reducir riesgos y garantizar una postura de seguridad s\u00f3lida en un panorama de amenazas en constante evoluci\u00f3n.<\/p>\n<blockquote>\n<p class=\"\" data-start=\"2769\" data-end=\"2917\"><strong data-start=\"2769\" data-end=\"2917\" data-is-last-node=\"\">Trabaja con nosotros para defender tu organizaci\u00f3n de forma proactiva y convertir la inteligencia en una ventaja estrat\u00e9gica en ciberseguridad.<\/strong><\/p>\n<\/blockquote>\n<p>[\/et_pb_text][et_pb_divider _builder_version=\u00bb4.27.2&#8243; _module_preset=\u00bbdefault\u00bb global_colors_info=\u00bb{}\u00bb][\/et_pb_divider][\/et_pb_column][\/et_pb_row][et_pb_row _builder_version=\u00bb4.24.0&#8243; _module_preset=\u00bbdefault\u00bb global_module=\u00bb25840410&#8243; saved_tabs=\u00bball\u00bb locked=\u00bboff\u00bb global_colors_info=\u00bb{}\u00bb][et_pb_column type=\u00bb4_4&#8243; _builder_version=\u00bb4.24.0&#8243; _module_preset=\u00bbdefault\u00bb global_colors_info=\u00bb{}\u00bb][et_pb_text _builder_version=\u00bb4.24.0&#8243; _module_preset=\u00bbe9776427-b859-4288-b0a2-c7103567bb8c\u00bb global_colors_info=\u00bb{}\u00bb]<\/p>\n<p style=\"text-align: center;\">Cont\u00e1ctanos<\/p>\n<p>[\/et_pb_text][et_pb_text _builder_version=\u00bb4.24.0&#8243; _dynamic_attributes=\u00bbcontent\u00bb _module_preset=\u00bb13ddcc34-f131-47ca-8026-edc37a2f8af8&#8243; header_2_text_align=\u00bbcenter\u00bb custom_margin=\u00bb||5px||false|false\u00bb global_colors_info=\u00bb{}\u00bb]@ET-DC@eyJkeW5hbWljIjp0cnVlLCJjb250ZW50IjoicG9zdF90aXRsZSIsInNldHRpbmdzIjp7ImJlZm9yZSI6IjxoMj4gXHUwMGJmRXN0XHUwMGUxcyBpbnRlcmVzYWRvIGVuIGxvcyBzZXJ2aWNpb3MgZGUgIiwiYWZ0ZXIiOiIgZGUgQUNLMz88L2gyPiJ9fQ==@[\/et_pb_text][et_pb_text _builder_version=\u00bb4.24.0&#8243; _module_preset=\u00bb13ddcc34-f131-47ca-8026-edc37a2f8af8&#8243; global_colors_info=\u00bb{}\u00bb]<\/p>\n<p style=\"text-align: center;\">Ponte en contacto con nosotros completando el siguiente formulario:<\/p>\n<p>[\/et_pb_text][dipi_gravity_forms_styler gf_form_id=\u00bb1&#8243; form_title=\u00bbhide\u00bb _builder_version=\u00bb4.24.0&#8243; _module_preset=\u00bbdefault\u00bb form_title_font_size=\u00bb0px\u00bb field_label_font=\u00bbTrade Gothic LT Bold Extended||||||||\u00bb field_label_font_size=\u00bb15px\u00bb required_field_indicator_font_size=\u00bb15px\u00bb field_description_font_size=\u00bb16px\u00bb checkbox_radio_label_font_size=\u00bb17px\u00bb custom_all=\u00bbon\u00bb all_text_size=\u00bb17px\u00bb all_bg_color=\u00bb#000000&#8243; all_font=\u00bb|600|||||||\u00bb all_use_icon=\u00bboff\u00bb max_width=\u00bb78%\u00bb max_width_tablet=\u00bb100%\u00bb max_width_phone=\u00bb100%\u00bb max_width_last_edited=\u00bbon|desktop\u00bb module_alignment=\u00bbcenter\u00bb global_colors_info=\u00bb{}\u00bb all_bg_color__hover_enabled=\u00bbon|hover\u00bb all_bg_color__hover=\u00bb#535353&#8243; all_bg_enable_color__hover=\u00bbon\u00bb][\/dipi_gravity_forms_styler][\/et_pb_column][\/et_pb_row][\/et_pb_section]<\/p>\n","protected":false},"excerpt":{"rendered":"<p>Antic\u00edpate a las amenazas cibern\u00e9ticas con inteligencia de amenazas de ACK3: monitoreo, an\u00e1lisis de riesgos y estrategias de seguridad proactiva.<\/p>\n","protected":false},"author":2,"featured_media":25843101,"parent":25844469,"menu_order":0,"comment_status":"closed","ping_status":"closed","template":"","meta":{"_et_pb_use_builder":"on","_et_pb_old_content":"","_et_gb_content_width":"","footnotes":""},"dipi_cpt_category":[],"class_list":["post-25854058","page","type-page","status-publish","has-post-thumbnail","hentry"],"_links":{"self":[{"href":"https:\/\/ack3.eu\/es\/wp-json\/wp\/v2\/pages\/25854058","targetHints":{"allow":["GET"]}}],"collection":[{"href":"https:\/\/ack3.eu\/es\/wp-json\/wp\/v2\/pages"}],"about":[{"href":"https:\/\/ack3.eu\/es\/wp-json\/wp\/v2\/types\/page"}],"author":[{"embeddable":true,"href":"https:\/\/ack3.eu\/es\/wp-json\/wp\/v2\/users\/2"}],"replies":[{"embeddable":true,"href":"https:\/\/ack3.eu\/es\/wp-json\/wp\/v2\/comments?post=25854058"}],"version-history":[{"count":0,"href":"https:\/\/ack3.eu\/es\/wp-json\/wp\/v2\/pages\/25854058\/revisions"}],"up":[{"embeddable":true,"href":"https:\/\/ack3.eu\/es\/wp-json\/wp\/v2\/pages\/25844469"}],"wp:featuredmedia":[{"embeddable":true,"href":"https:\/\/ack3.eu\/es\/wp-json\/wp\/v2\/media\/25843101"}],"wp:attachment":[{"href":"https:\/\/ack3.eu\/es\/wp-json\/wp\/v2\/media?parent=25854058"}],"wp:term":[{"taxonomy":"dipi_cpt_category","embeddable":true,"href":"https:\/\/ack3.eu\/es\/wp-json\/wp\/v2\/dipi_cpt_category?post=25854058"}],"curies":[{"name":"wp","href":"https:\/\/api.w.org\/{rel}","templated":true}]}}