{"id":25854048,"date":"2025-01-28T11:36:25","date_gmt":"2025-01-28T10:36:25","guid":{"rendered":"https:\/\/ack3.eu\/servicios\/ciberseguridad\/incident-response-and-recovery\/"},"modified":"2025-04-15T14:25:32","modified_gmt":"2025-04-15T12:25:32","slug":"respuesta-recuperacion-incidentes","status":"publish","type":"page","link":"https:\/\/ack3.eu\/es\/servicios\/ciberseguridad\/respuesta-recuperacion-incidentes\/","title":{"rendered":"Respuesta y recuperaci\u00f3n ante incidentes"},"content":{"rendered":"<p>[et_pb_section fb_built=\u00bb1&#8243; _builder_version=\u00bb4.24.0&#8243; _module_preset=\u00bbdefault\u00bb background_color=\u00bb#000000&#8243; background_pattern_repeat_origin=\u00bbcenter\u00bb custom_padding=\u00bb13px||13px||true|false\u00bb saved_tabs=\u00bball\u00bb locked=\u00bboff\u00bb global_colors_info=\u00bb{}\u00bb][et_pb_row _builder_version=\u00bb4.24.0&#8243; _module_preset=\u00bb32edda46-f9f8-4bcc-acb6-81abff8182ae\u00bb custom_margin=\u00bb||0px||false|false\u00bb custom_padding=\u00bb4px||4px||true|false\u00bb global_colors_info=\u00bb{}\u00bb][et_pb_column type=\u00bb4_4&#8243; _builder_version=\u00bb4.20.4&#8243; _module_preset=\u00bbdefault\u00bb global_colors_info=\u00bb{}\u00bb][dipi_breadcrumbs bc_home_text=\u00bbHome\u00bb bc_home_url=\u00bb\/\u00bb bc_items_alignment=\u00bbdipi-bc-left\u00bb bc_item_padding=\u00bb|10px||10px|false|true\u00bb bc_active_item_padding=\u00bb|20px||10px|true|false\u00bb _builder_version=\u00bb4.24.0&#8243; _module_preset=\u00bbdefault\u00bb active_text_color=\u00bb#BADFF7&#8243; global_colors_info=\u00bb{}\u00bb][\/dipi_breadcrumbs][\/et_pb_column][\/et_pb_row][\/et_pb_section][et_pb_section fb_built=\u00bb1&#8243; _builder_version=\u00bb4.24.0&#8243; _module_preset=\u00bbdefault\u00bb locked=\u00bboff\u00bb global_colors_info=\u00bb{}\u00bb][et_pb_row _builder_version=\u00bb4.24.0&#8243; _module_preset=\u00bbdefault\u00bb locked=\u00bboff\u00bb global_colors_info=\u00bb{}\u00bb][et_pb_column type=\u00bb4_4&#8243; _builder_version=\u00bb4.24.0&#8243; _module_preset=\u00bbdefault\u00bb global_colors_info=\u00bb{}\u00bb][et_pb_text _builder_version=\u00bb4.27.4&#8243; _module_preset=\u00bb13ddcc34-f131-47ca-8026-edc37a2f8af8&#8243; hover_enabled=\u00bb0&#8243; global_colors_info=\u00bb{}\u00bb sticky_enabled=\u00bb0&#8243;]<\/p>\n<h1 style=\"text-align: center;\">Respuesta y recuperaci\u00f3n ante incidentes<\/h1>\n<p style=\"text-align: center;\">El servicio de respuesta y recuperaci\u00f3n ante incidentes de ACK3 est\u00e1 dise\u00f1ado para <strong>ayudar a las organizaciones a detectar, responder y recuperarse r\u00e1pidamente de incidentes de ciberseguridad<\/strong>. Nuestro equipo de expertos ofrece un enfoque estructurado y eficaz para minimizar los da\u00f1os, restaurar las operaciones y prevenir futuros ataques.<\/p>\n<p>[\/et_pb_text][\/et_pb_column][\/et_pb_row][et_pb_row column_structure=\u00bb1_2,1_2&#8243; module_class=\u00bbagf-vertical-align\u00bb _builder_version=\u00bb4.24.0&#8243; _module_preset=\u00bbdefault\u00bb custom_padding=\u00bb||||false|false\u00bb global_colors_info=\u00bb{}\u00bb][et_pb_column type=\u00bb1_2&#8243; _builder_version=\u00bb4.24.0&#8243; _module_preset=\u00bbdefault\u00bb global_colors_info=\u00bb{}\u00bb][et_pb_text _builder_version=\u00bb4.27.4&#8243; _module_preset=\u00bbdefault\u00bb background_color=\u00bb#F6FAFD\u00bb custom_padding=\u00bb30px|30px|30px|30px|true|true\u00bb hover_enabled=\u00bb0&#8243; border_radii=\u00bbon|3px|3px|3px|3px\u00bb box_shadow_style=\u00bbpreset4&#8243; box_shadow_horizontal=\u00bb7px\u00bb box_shadow_vertical=\u00bb7px\u00bb box_shadow_color=\u00bb#BADFF7&#8243; global_colors_info=\u00bb{}\u00bb sticky_enabled=\u00bb0&#8243;]<\/p>\n<blockquote>\n<h2 data-start=\"400\" data-end=\"458\">\u00bfQu\u00e9 es la respuesta y recuperaci\u00f3n ante incidentes?<\/h2>\n<p class=\"\" data-start=\"459\" data-end=\"740\">La respuesta y recuperaci\u00f3n ante incidentes es un proceso integral que siguen las organizaciones cuando ocurre una brecha de seguridad. Incluye la <strong>detecci\u00f3n del incidente, la contenci\u00f3n del impacto, el an\u00e1lisis de la causa y la recuperaci\u00f3n de los sistemas y datos afectados<\/strong>. Este servicio no solo se enfoca en la contenci\u00f3n y recuperaci\u00f3n inmediata, sino tambi\u00e9n en implementar mejoras que fortalezcan la resiliencia de la seguridad y reduzcan la probabilidad de que vuelva a ocurrir un incidente. Un plan bien ejecutado de respuesta y recuperaci\u00f3n permite a una organizaci\u00f3n recuperarse r\u00e1pidamente y continuar con sus operaciones incluso despu\u00e9s de un ciberataque.<\/p>\n<\/blockquote>\n<p>[\/et_pb_text][\/et_pb_column][et_pb_column type=\u00bb1_2&#8243; _builder_version=\u00bb4.24.0&#8243; _module_preset=\u00bbdefault\u00bb global_colors_info=\u00bb{}\u00bb][et_pb_image src=\u00bbhttps:\/\/ack3.eu\/wp-content\/uploads\/2024\/02\/Pentesting-2.webp\u00bb alt=\u00bbConoce a tu cliente\u00bb title_text=\u00bbPentesting-2&#8243; _builder_version=\u00bb4.27.4&#8243; _module_preset=\u00bbdefault\u00bb global_colors_info=\u00bb{}\u00bb][\/et_pb_image][\/et_pb_column][\/et_pb_row][et_pb_row _builder_version=\u00bb4.24.0&#8243; _module_preset=\u00bbdefault\u00bb global_colors_info=\u00bb{}\u00bb][et_pb_column type=\u00bb4_4&#8243; _builder_version=\u00bb4.24.0&#8243; _module_preset=\u00bbdefault\u00bb global_colors_info=\u00bb{}\u00bb][et_pb_text _builder_version=\u00bb4.27.4&#8243; _module_preset=\u00bbdefault\u00bb hover_enabled=\u00bb0&#8243; global_colors_info=\u00bb{}\u00bb sticky_enabled=\u00bb0&#8243;]<\/p>\n<h3 class=\"\" data-start=\"1140\" data-end=\"1205\">Enfoque integral para una respuesta y recuperaci\u00f3n efectiva<\/h3>\n<p class=\"\" data-start=\"1206\" data-end=\"1450\">Nuestros servicios de respuesta y recuperaci\u00f3n ante incidentes siguen una metodolog\u00eda estructurada y en varias fases, garantizando que las organizaciones puedan actuar de manera eficaz frente a incidentes cibern\u00e9ticos y recuperarse con rapidez:<\/p>\n<ul data-start=\"1452\" data-end=\"2453\">\n<li class=\"\" data-start=\"1452\" data-end=\"1644\">\n<p class=\"\" data-start=\"1454\" data-end=\"1644\"><strong data-start=\"1454\" data-end=\"1492\">Detecci\u00f3n y an\u00e1lisis de incidentes<\/strong>: Monitoreamos se\u00f1ales de posibles brechas de ciberseguridad, analizamos los eventos para comprender su alcance e impacto, y priorizamos la respuesta.<\/p>\n<\/li>\n<li class=\"\" data-start=\"1645\" data-end=\"1796\">\n<p class=\"\" data-start=\"1647\" data-end=\"1796\"><strong data-start=\"1647\" data-end=\"1674\">Contenci\u00f3n y mitigaci\u00f3n<\/strong>: Contenemos r\u00e1pidamente el incidente para evitar da\u00f1os mayores y reducimos los riesgos sobre sistemas y datos cr\u00edticos.<\/p>\n<\/li>\n<li class=\"\" data-start=\"1797\" data-end=\"2001\">\n<p class=\"\" data-start=\"1799\" data-end=\"2001\"><strong data-start=\"1799\" data-end=\"1849\">Investigaci\u00f3n forense y an\u00e1lisis de causa ra\u00edz<\/strong>: Realizamos un an\u00e1lisis forense para recopilar evidencias, identificar la causa del ataque y dise\u00f1ar estrategias de recuperaci\u00f3n y prevenci\u00f3n futura.<\/p>\n<\/li>\n<li class=\"\" data-start=\"2002\" data-end=\"2215\">\n<p class=\"\" data-start=\"2004\" data-end=\"2215\"><strong data-start=\"2004\" data-end=\"2035\">Recuperaci\u00f3n y restauraci\u00f3n<\/strong>: Restauramos los sistemas, datos y operaciones afectadas con el menor tiempo de inactividad posible, garantizando la continuidad del negocio y la protecci\u00f3n de activos cr\u00edticos.<\/p>\n<\/li>\n<li class=\"\" data-start=\"2216\" data-end=\"2453\">\n<p class=\"\" data-start=\"2218\" data-end=\"2453\"><strong data-start=\"2218\" data-end=\"2259\">Revisi\u00f3n post-incidente y remediaci\u00f3n<\/strong>: Llevamos a cabo una revisi\u00f3n detallada del incidente y de la respuesta, identificamos lecciones aprendidas y aplicamos recomendaciones para reforzar la seguridad y evitar incidentes similares.<\/p>\n<\/li>\n<\/ul>\n<p>&nbsp;<\/p>\n<h3 class=\"\" data-start=\"2460\" data-end=\"2529\">Conf\u00eda en ACK3 para tu respuesta y recuperaci\u00f3n ante incidentes<\/h3>\n<p class=\"\" data-start=\"2530\" data-end=\"2733\">Con los servicios de <strong data-start=\"2551\" data-end=\"2603\">respuesta y recuperaci\u00f3n ante incidentes de ACK3<\/strong>, las organizaciones obtienen la experiencia y los recursos necesarios para actuar eficazmente frente a incidentes cibern\u00e9ticos. Nuestros profesionales brindan apoyo r\u00e1pido y eficiente, ayud\u00e1ndote a reducir el tiempo de inactividad, restaurar operaciones normales y fortalecer tus defensas de ciberseguridad. Contar con un plan s\u00f3lido de respuesta y recuperaci\u00f3n mejora la capacidad de tu organizaci\u00f3n para enfrentar amenazas y garantiza la resiliencia operativa frente a riesgos cibern\u00e9ticos en constante evoluci\u00f3n.<\/p>\n<p>[\/et_pb_text][et_pb_divider _builder_version=\u00bb4.27.2&#8243; _module_preset=\u00bbdefault\u00bb global_colors_info=\u00bb{}\u00bb][\/et_pb_divider][\/et_pb_column][\/et_pb_row][et_pb_row _builder_version=\u00bb4.24.0&#8243; _module_preset=\u00bbdefault\u00bb global_module=\u00bb25840410&#8243; saved_tabs=\u00bball\u00bb locked=\u00bboff\u00bb global_colors_info=\u00bb{}\u00bb][et_pb_column type=\u00bb4_4&#8243; _builder_version=\u00bb4.24.0&#8243; _module_preset=\u00bbdefault\u00bb global_colors_info=\u00bb{}\u00bb][et_pb_text _builder_version=\u00bb4.24.0&#8243; _module_preset=\u00bbe9776427-b859-4288-b0a2-c7103567bb8c\u00bb global_colors_info=\u00bb{}\u00bb]<\/p>\n<p style=\"text-align: center;\">Cont\u00e1ctanos<\/p>\n<p>[\/et_pb_text][et_pb_text _builder_version=\u00bb4.24.0&#8243; _dynamic_attributes=\u00bbcontent\u00bb _module_preset=\u00bb13ddcc34-f131-47ca-8026-edc37a2f8af8&#8243; header_2_text_align=\u00bbcenter\u00bb custom_margin=\u00bb||5px||false|false\u00bb global_colors_info=\u00bb{}\u00bb]@ET-DC@eyJkeW5hbWljIjp0cnVlLCJjb250ZW50IjoicG9zdF90aXRsZSIsInNldHRpbmdzIjp7ImJlZm9yZSI6IjxoMj4gXHUwMGJmRXN0XHUwMGUxcyBpbnRlcmVzYWRvIGVuIGxvcyBzZXJ2aWNpb3MgZGUgIiwiYWZ0ZXIiOiIgZGUgQUNLMz88L2gyPiJ9fQ==@[\/et_pb_text][et_pb_text _builder_version=\u00bb4.24.0&#8243; _module_preset=\u00bb13ddcc34-f131-47ca-8026-edc37a2f8af8&#8243; global_colors_info=\u00bb{}\u00bb]<\/p>\n<p style=\"text-align: center;\">Ponte en contacto con nosotros completando el siguiente formulario:<\/p>\n<p>[\/et_pb_text][dipi_gravity_forms_styler gf_form_id=\u00bb1&#8243; form_title=\u00bbhide\u00bb _builder_version=\u00bb4.24.0&#8243; _module_preset=\u00bbdefault\u00bb form_title_font_size=\u00bb0px\u00bb field_label_font=\u00bbTrade Gothic LT Bold Extended||||||||\u00bb field_label_font_size=\u00bb15px\u00bb required_field_indicator_font_size=\u00bb15px\u00bb field_description_font_size=\u00bb16px\u00bb checkbox_radio_label_font_size=\u00bb17px\u00bb custom_all=\u00bbon\u00bb all_text_size=\u00bb17px\u00bb all_bg_color=\u00bb#000000&#8243; all_font=\u00bb|600|||||||\u00bb all_use_icon=\u00bboff\u00bb max_width=\u00bb78%\u00bb max_width_tablet=\u00bb100%\u00bb max_width_phone=\u00bb100%\u00bb max_width_last_edited=\u00bbon|desktop\u00bb module_alignment=\u00bbcenter\u00bb global_colors_info=\u00bb{}\u00bb all_bg_color__hover_enabled=\u00bbon|hover\u00bb all_bg_color__hover=\u00bb#535353&#8243; all_bg_enable_color__hover=\u00bbon\u00bb][\/dipi_gravity_forms_styler][\/et_pb_column][\/et_pb_row][\/et_pb_section]<\/p>\n","protected":false},"excerpt":{"rendered":"<p>ACK3 ofrece servicios de respuesta y recuperaci\u00f3n ante incidentes, restaurando operaciones y fortaleciendo la seguridad empresarial.<\/p>\n","protected":false},"author":2,"featured_media":25843024,"parent":25844469,"menu_order":0,"comment_status":"closed","ping_status":"closed","template":"","meta":{"_et_pb_use_builder":"on","_et_pb_old_content":"","_et_gb_content_width":"","footnotes":""},"dipi_cpt_category":[],"class_list":["post-25854048","page","type-page","status-publish","has-post-thumbnail","hentry"],"_links":{"self":[{"href":"https:\/\/ack3.eu\/es\/wp-json\/wp\/v2\/pages\/25854048","targetHints":{"allow":["GET"]}}],"collection":[{"href":"https:\/\/ack3.eu\/es\/wp-json\/wp\/v2\/pages"}],"about":[{"href":"https:\/\/ack3.eu\/es\/wp-json\/wp\/v2\/types\/page"}],"author":[{"embeddable":true,"href":"https:\/\/ack3.eu\/es\/wp-json\/wp\/v2\/users\/2"}],"replies":[{"embeddable":true,"href":"https:\/\/ack3.eu\/es\/wp-json\/wp\/v2\/comments?post=25854048"}],"version-history":[{"count":0,"href":"https:\/\/ack3.eu\/es\/wp-json\/wp\/v2\/pages\/25854048\/revisions"}],"up":[{"embeddable":true,"href":"https:\/\/ack3.eu\/es\/wp-json\/wp\/v2\/pages\/25844469"}],"wp:featuredmedia":[{"embeddable":true,"href":"https:\/\/ack3.eu\/es\/wp-json\/wp\/v2\/media\/25843024"}],"wp:attachment":[{"href":"https:\/\/ack3.eu\/es\/wp-json\/wp\/v2\/media?parent=25854048"}],"wp:term":[{"taxonomy":"dipi_cpt_category","embeddable":true,"href":"https:\/\/ack3.eu\/es\/wp-json\/wp\/v2\/dipi_cpt_category?post=25854048"}],"curies":[{"name":"wp","href":"https:\/\/api.w.org\/{rel}","templated":true}]}}