{"id":25854015,"date":"2025-02-12T10:47:44","date_gmt":"2025-02-12T09:47:44","guid":{"rendered":"https:\/\/ack3.eu\/servicios\/inteligencia-economica\/informacion-accionable-y-monitoreo\/"},"modified":"2025-04-15T14:07:31","modified_gmt":"2025-04-15T12:07:31","slug":"informacion-accionable-y-monitoreo","status":"publish","type":"page","link":"https:\/\/ack3.eu\/es\/servicios\/inteligencia-economica\/informacion-accionable-y-monitoreo\/","title":{"rendered":"Informaci\u00f3n accionable y monitoreo"},"content":{"rendered":"<p>[et_pb_section fb_built=\u00bb1&#8243; _builder_version=\u00bb4.24.0&#8243; _module_preset=\u00bbdefault\u00bb background_color=\u00bb#000000&#8243; background_pattern_repeat_origin=\u00bbcenter\u00bb custom_padding=\u00bb13px||13px||true|false\u00bb saved_tabs=\u00bball\u00bb locked=\u00bboff\u00bb global_colors_info=\u00bb{}\u00bb][et_pb_row _builder_version=\u00bb4.24.0&#8243; _module_preset=\u00bb32edda46-f9f8-4bcc-acb6-81abff8182ae\u00bb custom_margin=\u00bb||0px||false|false\u00bb custom_padding=\u00bb4px||4px||true|false\u00bb global_colors_info=\u00bb{}\u00bb][et_pb_column type=\u00bb4_4&#8243; _builder_version=\u00bb4.20.4&#8243; _module_preset=\u00bbdefault\u00bb global_colors_info=\u00bb{}\u00bb][dipi_breadcrumbs bc_home_text=\u00bbHome\u00bb bc_home_url=\u00bb\/\u00bb bc_items_alignment=\u00bbdipi-bc-left\u00bb bc_item_padding=\u00bb|10px||10px|false|true\u00bb bc_active_item_padding=\u00bb|20px||10px|true|false\u00bb _builder_version=\u00bb4.24.0&#8243; _module_preset=\u00bbdefault\u00bb active_text_color=\u00bb#BADFF7&#8243; global_colors_info=\u00bb{}\u00bb][\/dipi_breadcrumbs][\/et_pb_column][\/et_pb_row][\/et_pb_section][et_pb_section fb_built=\u00bb1&#8243; _builder_version=\u00bb4.24.0&#8243; _module_preset=\u00bbdefault\u00bb locked=\u00bboff\u00bb global_colors_info=\u00bb{}\u00bb][et_pb_row _builder_version=\u00bb4.24.0&#8243; _module_preset=\u00bbdefault\u00bb locked=\u00bboff\u00bb global_colors_info=\u00bb{}\u00bb][et_pb_column type=\u00bb4_4&#8243; _builder_version=\u00bb4.24.0&#8243; _module_preset=\u00bbdefault\u00bb global_colors_info=\u00bb{}\u00bb][et_pb_text _builder_version=\u00bb4.27.4&#8243; _module_preset=\u00bb13ddcc34-f131-47ca-8026-edc37a2f8af8&#8243; global_colors_info=\u00bb{}\u00bb]<\/p>\n<h1 style=\"text-align: center;\" data-pm-slice=\"1 1 []\">Informaci\u00f3n accionable y monitoreo<\/h1>\n<p class=\"\" style=\"text-align: center;\" data-start=\"0\" data-end=\"488\">El servicio de informaci\u00f3n accionable y monitoreo de ACK3 est\u00e1 dise\u00f1ado para proporcionar a las organizaciones inteligencia en tiempo real y an\u00e1lisis estrat\u00e9gico para navegar entornos econ\u00f3micos complejos. A trav\u00e9s de <strong>anal\u00edtica de datos avanzada, monitoreo de mercados y evaluaci\u00f3n experta<\/strong>, entregamos informaci\u00f3n procesable que permite a las empresas tomar decisiones informadas en escenarios econ\u00f3micos vol\u00e1tiles.<\/p>\n<p>[\/et_pb_text][\/et_pb_column][\/et_pb_row][et_pb_row column_structure=\u00bb1_2,1_2&#8243; module_class=\u00bbagf-vertical-align\u00bb _builder_version=\u00bb4.24.0&#8243; _module_preset=\u00bbdefault\u00bb custom_padding=\u00bb||||false|false\u00bb global_colors_info=\u00bb{}\u00bb][et_pb_column type=\u00bb1_2&#8243; _builder_version=\u00bb4.24.0&#8243; _module_preset=\u00bbdefault\u00bb global_colors_info=\u00bb{}\u00bb][et_pb_text _builder_version=\u00bb4.27.4&#8243; _module_preset=\u00bbdefault\u00bb background_color=\u00bb#F6FAFD\u00bb custom_padding=\u00bb30px|30px|30px|30px|true|true\u00bb border_radii=\u00bbon|3px|3px|3px|3px\u00bb box_shadow_style=\u00bbpreset4&#8243; box_shadow_horizontal=\u00bb7px\u00bb box_shadow_vertical=\u00bb7px\u00bb box_shadow_color=\u00bb#BADFF7&#8243; global_colors_info=\u00bb{}\u00bb]<\/p>\n<h2 data-start=\"495\" data-end=\"556\">\u00bfQu\u00e9 es informaci\u00f3n accionable y monitoreo?<\/h2>\n<p class=\"\" data-start=\"557\" data-end=\"965\"><b>E<\/b>s un servicio especializado enfocado en recopilar, analizar y entregar inteligencia econ\u00f3mica en tiempo real. Incluye el <strong>seguimiento de indicadores financieros y de mercado clave, la evaluaci\u00f3n de riesgos econ\u00f3micos potenciales y la entrega de recomendaciones personalizadas<\/strong> para fortalecer la resiliencia empresarial y apoyar el crecimiento estrat\u00e9gico. Este servicio garantiza que las organizaciones se mantengan \u00e1giles y bien preparadas ante cambios econ\u00f3micos, regulaciones emergentes y nuevas oportunidades de negocio.<\/p>\n<p>[\/et_pb_text][\/et_pb_column][et_pb_column type=\u00bb1_2&#8243; _builder_version=\u00bb4.24.0&#8243; _module_preset=\u00bbdefault\u00bb global_colors_info=\u00bb{}\u00bb][et_pb_image src=\u00bbhttps:\/\/ack3.eu\/wp-content\/uploads\/2024\/02\/Economic-Intelligence-2.webp\u00bb title_text=\u00bbInteligencia-de-Mercado\u00bb _builder_version=\u00bb4.27.4&#8243; _module_preset=\u00bbdefault\u00bb global_colors_info=\u00bb{}\u00bb][\/et_pb_image][\/et_pb_column][\/et_pb_row][et_pb_row _builder_version=\u00bb4.24.0&#8243; _module_preset=\u00bbdefault\u00bb global_colors_info=\u00bb{}\u00bb][et_pb_column type=\u00bb4_4&#8243; _builder_version=\u00bb4.24.0&#8243; _module_preset=\u00bbdefault\u00bb global_colors_info=\u00bb{}\u00bb][et_pb_text _builder_version=\u00bb4.27.4&#8243; _module_preset=\u00bbdefault\u00bb global_colors_info=\u00bb{}\u00bb]<\/p>\n<h3 class=\"\" data-start=\"1142\" data-end=\"1194\">Convertir los datos en una ventaja estrat\u00e9gica<\/h3>\n<p class=\"\" data-start=\"1195\" data-end=\"1379\">Nuestro servicio integra herramientas de monitoreo avanzadas, an\u00e1lisis experto e informes personalizados para ofrecer inteligencia clara y accionable. Operamos en las siguientes \u00e1reas:<\/p>\n<ul data-start=\"1381\" data-end=\"2189\">\n<li class=\"\" data-start=\"1381\" data-end=\"1528\">\n<p class=\"\" data-start=\"1383\" data-end=\"1528\"><strong data-start=\"1383\" data-end=\"1419\">Evaluaci\u00f3n de riesgos econ\u00f3micos<\/strong>: Realizamos an\u00e1lisis exhaustivos de riesgos econ\u00f3micos y su posible impacto en tu industria y operaciones.<\/p>\n<\/li>\n<li class=\"\" data-start=\"1529\" data-end=\"1715\">\n<p class=\"\" data-start=\"1531\" data-end=\"1715\"><strong data-start=\"1531\" data-end=\"1555\">Monitoreo de mercado<\/strong>: Seguimos de manera continua las fluctuaciones del mercado, las tendencias financieras y los desarrollos regulatorios para proporcionar informaci\u00f3n oportuna.<\/p>\n<\/li>\n<li class=\"\" data-start=\"1716\" data-end=\"1861\">\n<p class=\"\" data-start=\"1718\" data-end=\"1861\"><strong data-start=\"1718\" data-end=\"1746\">Pron\u00f3sticos estrat\u00e9gicos<\/strong>: Utilizamos modelos de predicci\u00f3n basados en datos para anticipar cambios econ\u00f3micos y oportunidades emergentes.<\/p>\n<\/li>\n<li class=\"\" data-start=\"1862\" data-end=\"2031\">\n<p class=\"\" data-start=\"1864\" data-end=\"2031\"><strong data-start=\"1864\" data-end=\"1888\">An\u00e1lisis competitivo<\/strong>: Estudiamos a los competidores del mercado y las tendencias sectoriales para identificar ventajas potenciales y posicionamiento estrat\u00e9gico.<\/p>\n<\/li>\n<li class=\"\" data-start=\"2032\" data-end=\"2189\">\n<p class=\"\" data-start=\"2034\" data-end=\"2189\"><strong data-start=\"2034\" data-end=\"2068\">Recomendaciones personalizadas<\/strong>: Ofrecemos estrategias adaptadas, pr\u00e1cticas y accionables para mitigar riesgos y maximizar oportunidades de crecimiento.<\/p>\n<\/li>\n<\/ul>\n<blockquote>\n<p class=\"\" data-start=\"2196\" data-end=\"2420\"><strong>Con ACK3 como tu socio en informaci\u00f3n accionable y monitoreo, obtienes una ventaja competitiva al anticiparte a las incertidumbres econ\u00f3micas y tomar decisiones estrat\u00e9gicas con base en informaci\u00f3n precisa. D\u00e9janos ayudarte a transformar los datos en una herramienta poderosa para el \u00e9xito en un entorno econ\u00f3mico en constante cambio.<\/strong><\/p>\n<\/blockquote>\n<p>[\/et_pb_text][et_pb_divider _builder_version=\u00bb4.27.2&#8243; _module_preset=\u00bbdefault\u00bb global_colors_info=\u00bb{}\u00bb][\/et_pb_divider][\/et_pb_column][\/et_pb_row][et_pb_row _builder_version=\u00bb4.24.0&#8243; _module_preset=\u00bbdefault\u00bb global_module=\u00bb25840410&#8243; saved_tabs=\u00bball\u00bb locked=\u00bboff\u00bb global_colors_info=\u00bb{}\u00bb][et_pb_column type=\u00bb4_4&#8243; _builder_version=\u00bb4.24.0&#8243; _module_preset=\u00bbdefault\u00bb global_colors_info=\u00bb{}\u00bb][et_pb_text _builder_version=\u00bb4.24.0&#8243; _module_preset=\u00bbe9776427-b859-4288-b0a2-c7103567bb8c\u00bb global_colors_info=\u00bb{}\u00bb]<\/p>\n<p style=\"text-align: center;\">Cont\u00e1ctanos<\/p>\n<p>[\/et_pb_text][et_pb_text _builder_version=\u00bb4.24.0&#8243; _dynamic_attributes=\u00bbcontent\u00bb _module_preset=\u00bb13ddcc34-f131-47ca-8026-edc37a2f8af8&#8243; header_2_text_align=\u00bbcenter\u00bb custom_margin=\u00bb||5px||false|false\u00bb global_colors_info=\u00bb{}\u00bb]@ET-DC@eyJkeW5hbWljIjp0cnVlLCJjb250ZW50IjoicG9zdF90aXRsZSIsInNldHRpbmdzIjp7ImJlZm9yZSI6IjxoMj4gXHUwMGJmRXN0XHUwMGUxcyBpbnRlcmVzYWRvIGVuIGxvcyBzZXJ2aWNpb3MgZGUgIiwiYWZ0ZXIiOiIgZGUgQUNLMz88L2gyPiJ9fQ==@[\/et_pb_text][et_pb_text _builder_version=\u00bb4.24.0&#8243; _module_preset=\u00bb13ddcc34-f131-47ca-8026-edc37a2f8af8&#8243; global_colors_info=\u00bb{}\u00bb]<\/p>\n<p style=\"text-align: center;\">Ponte en contacto con nosotros completando el siguiente formulario:<\/p>\n<p>[\/et_pb_text][dipi_gravity_forms_styler gf_form_id=\u00bb1&#8243; form_title=\u00bbhide\u00bb _builder_version=\u00bb4.24.0&#8243; _module_preset=\u00bbdefault\u00bb form_title_font_size=\u00bb0px\u00bb field_label_font=\u00bbTrade Gothic LT Bold Extended||||||||\u00bb field_label_font_size=\u00bb15px\u00bb required_field_indicator_font_size=\u00bb15px\u00bb field_description_font_size=\u00bb16px\u00bb checkbox_radio_label_font_size=\u00bb17px\u00bb custom_all=\u00bbon\u00bb all_text_size=\u00bb17px\u00bb all_bg_color=\u00bb#000000&#8243; all_font=\u00bb|600|||||||\u00bb all_use_icon=\u00bboff\u00bb max_width=\u00bb78%\u00bb max_width_tablet=\u00bb100%\u00bb max_width_phone=\u00bb100%\u00bb max_width_last_edited=\u00bbon|desktop\u00bb module_alignment=\u00bbcenter\u00bb global_colors_info=\u00bb{}\u00bb all_bg_color__hover_enabled=\u00bbon|hover\u00bb all_bg_color__hover=\u00bb#535353&#8243; all_bg_enable_color__hover=\u00bbon\u00bb][\/dipi_gravity_forms_styler][\/et_pb_column][\/et_pb_row][\/et_pb_section]<\/p>\n","protected":false},"excerpt":{"rendered":"<p>Obt\u00e9n una ventaja competitiva con el servicio de informaci\u00f3n accionable de ACK3: inteligencia para una toma de decisiones estrat\u00e9gica.<\/p>\n","protected":false},"author":2,"featured_media":25843018,"parent":25844460,"menu_order":0,"comment_status":"closed","ping_status":"closed","template":"","meta":{"_et_pb_use_builder":"on","_et_pb_old_content":"","_et_gb_content_width":"","footnotes":""},"dipi_cpt_category":[],"class_list":["post-25854015","page","type-page","status-publish","has-post-thumbnail","hentry"],"_links":{"self":[{"href":"https:\/\/ack3.eu\/es\/wp-json\/wp\/v2\/pages\/25854015","targetHints":{"allow":["GET"]}}],"collection":[{"href":"https:\/\/ack3.eu\/es\/wp-json\/wp\/v2\/pages"}],"about":[{"href":"https:\/\/ack3.eu\/es\/wp-json\/wp\/v2\/types\/page"}],"author":[{"embeddable":true,"href":"https:\/\/ack3.eu\/es\/wp-json\/wp\/v2\/users\/2"}],"replies":[{"embeddable":true,"href":"https:\/\/ack3.eu\/es\/wp-json\/wp\/v2\/comments?post=25854015"}],"version-history":[{"count":0,"href":"https:\/\/ack3.eu\/es\/wp-json\/wp\/v2\/pages\/25854015\/revisions"}],"up":[{"embeddable":true,"href":"https:\/\/ack3.eu\/es\/wp-json\/wp\/v2\/pages\/25844460"}],"wp:featuredmedia":[{"embeddable":true,"href":"https:\/\/ack3.eu\/es\/wp-json\/wp\/v2\/media\/25843018"}],"wp:attachment":[{"href":"https:\/\/ack3.eu\/es\/wp-json\/wp\/v2\/media?parent=25854015"}],"wp:term":[{"taxonomy":"dipi_cpt_category","embeddable":true,"href":"https:\/\/ack3.eu\/es\/wp-json\/wp\/v2\/dipi_cpt_category?post=25854015"}],"curies":[{"name":"wp","href":"https:\/\/api.w.org\/{rel}","templated":true}]}}