{"id":25854003,"date":"2024-11-08T08:23:33","date_gmt":"2024-11-08T07:23:33","guid":{"rendered":"https:\/\/ack3.eu\/servicios\/inteligencia-economica\/inteligencia-competitiva\/"},"modified":"2025-04-15T13:50:29","modified_gmt":"2025-04-15T11:50:29","slug":"inteligencia-competitiva","status":"publish","type":"page","link":"https:\/\/ack3.eu\/es\/servicios\/inteligencia-economica\/inteligencia-competitiva\/","title":{"rendered":"Inteligencia competitiva"},"content":{"rendered":"<p>[et_pb_section fb_built=\u00bb1&#8243; _builder_version=\u00bb4.24.0&#8243; _module_preset=\u00bbdefault\u00bb background_color=\u00bb#000000&#8243; background_pattern_repeat_origin=\u00bbcenter\u00bb custom_padding=\u00bb13px||13px||true|false\u00bb saved_tabs=\u00bball\u00bb locked=\u00bboff\u00bb global_colors_info=\u00bb{}\u00bb][et_pb_row _builder_version=\u00bb4.24.0&#8243; _module_preset=\u00bb32edda46-f9f8-4bcc-acb6-81abff8182ae\u00bb custom_margin=\u00bb||0px||false|false\u00bb custom_padding=\u00bb4px||4px||true|false\u00bb global_colors_info=\u00bb{}\u00bb][et_pb_column type=\u00bb4_4&#8243; _builder_version=\u00bb4.20.4&#8243; _module_preset=\u00bbdefault\u00bb global_colors_info=\u00bb{}\u00bb][dipi_breadcrumbs bc_home_text=\u00bbHome\u00bb bc_home_url=\u00bb\/\u00bb bc_items_alignment=\u00bbdipi-bc-left\u00bb bc_item_padding=\u00bb|10px||10px|false|true\u00bb bc_active_item_padding=\u00bb|20px||10px|true|false\u00bb _builder_version=\u00bb4.24.0&#8243; _module_preset=\u00bbdefault\u00bb active_text_color=\u00bb#BADFF7&#8243; global_colors_info=\u00bb{}\u00bb][\/dipi_breadcrumbs][\/et_pb_column][\/et_pb_row][\/et_pb_section][et_pb_section fb_built=\u00bb1&#8243; _builder_version=\u00bb4.24.0&#8243; _module_preset=\u00bbdefault\u00bb locked=\u00bboff\u00bb global_colors_info=\u00bb{}\u00bb][et_pb_row _builder_version=\u00bb4.24.0&#8243; _module_preset=\u00bbdefault\u00bb locked=\u00bboff\u00bb global_colors_info=\u00bb{}\u00bb][et_pb_column type=\u00bb4_4&#8243; _builder_version=\u00bb4.24.0&#8243; _module_preset=\u00bbdefault\u00bb global_colors_info=\u00bb{}\u00bb][et_pb_text _builder_version=\u00bb4.27.4&#8243; _module_preset=\u00bb13ddcc34-f131-47ca-8026-edc37a2f8af8&#8243; global_colors_info=\u00bb{}\u00bb]<\/p>\n<h1 style=\"text-align: center;\">Inteligencia competitiva<\/h1>\n<p class=\"\" style=\"text-align: center;\" data-start=\"83\" data-end=\"500\">El servicio de <strong data-start=\"129\" data-end=\"157\">inteligencia competitiva<\/strong> de <strong data-start=\"161\" data-end=\"169\">ACK3<\/strong> proporciona a las organizaciones los conocimientos necesarios para mantenerse por delante en entornos altamente competitivos. Nos especializamos en recopilar, analizar y entregar inteligencia estrat\u00e9gica sobre competidores, cambios en la industria y din\u00e1micas del mercado, para apoyar una toma de decisiones informada y proactiva.<\/p>\n<h3>\u00a0<\/h3>\n<p>[\/et_pb_text][\/et_pb_column][\/et_pb_row][et_pb_row column_structure=\u00bb1_2,1_2&#8243; module_class=\u00bbagf-vertical-align\u00bb _builder_version=\u00bb4.24.0&#8243; _module_preset=\u00bbdefault\u00bb custom_padding=\u00bb||||false|false\u00bb global_colors_info=\u00bb{}\u00bb][et_pb_column type=\u00bb1_2&#8243; _builder_version=\u00bb4.24.0&#8243; _module_preset=\u00bbdefault\u00bb global_colors_info=\u00bb{}\u00bb][et_pb_text _builder_version=\u00bb4.27.4&#8243; _module_preset=\u00bbdefault\u00bb background_color=\u00bb#F6FAFD\u00bb custom_padding=\u00bb30px|30px|30px|30px|true|true\u00bb border_radii=\u00bbon|3px|3px|3px|3px\u00bb box_shadow_style=\u00bbpreset4&#8243; box_shadow_horizontal=\u00bb7px\u00bb box_shadow_vertical=\u00bb7px\u00bb box_shadow_color=\u00bb#BADFF7&#8243; global_colors_info=\u00bb{}\u00bb]<\/p>\n<h2 data-start=\"507\" data-end=\"549\">\u00bfQu\u00e9 es la inteligencia competitiva?<\/h2>\n<p class=\"\" data-start=\"550\" data-end=\"949\">La <strong data-start=\"553\" data-end=\"586\">inteligencia competitiva (CI)<\/strong> es una funci\u00f3n empresarial clave que consiste en recopilar, analizar e interpretar de manera sistem\u00e1tica informaci\u00f3n sobre los competidores y el entorno competitivo. Su objetivo es proporcionar a las organizaciones informaci\u00f3n cr\u00edtica para identificar amenazas, detectar oportunidades y tomar decisiones estrat\u00e9gicas que mejoren su posicionamiento competitivo. Las actividades de inteligencia competitiva incluyen el seguimiento de estrategias de la competencia, el an\u00e1lisis de tendencias del sector y la evaluaci\u00f3n de m\u00e9tricas clave de desempe\u00f1o.<\/p>\n<p class=\"\" data-start=\"1141\" data-end=\"1552\">Gracias al uso de datos, herramientas anal\u00edticas avanzadas y un profundo conocimiento del sector, la inteligencia competitiva permite a las empresas mantenerse \u00e1giles, anticipar los cambios del mercado y tomar decisiones que impulsen el \u00e9xito a largo plazo. Proporciona la capacidad de responder con rapidez en un entorno en constante evoluci\u00f3n y actuar de forma proactiva con informaci\u00f3n concreta y procesable.<\/p>\n<p>[\/et_pb_text][\/et_pb_column][et_pb_column type=\u00bb1_2&#8243; _builder_version=\u00bb4.24.0&#8243; _module_preset=\u00bbdefault\u00bb global_colors_info=\u00bb{}\u00bb][et_pb_image src=\u00bbhttps:\/\/ack3.eu\/wp-content\/uploads\/2024\/01\/Market-Intelligence-2.webp\u00bb title_text=\u00bbInteligencia de Mercado\u00bb _builder_version=\u00bb4.24.0&#8243; _module_preset=\u00bbdefault\u00bb global_colors_info=\u00bb{}\u00bb][\/et_pb_image][\/et_pb_column][\/et_pb_row][et_pb_row _builder_version=\u00bb4.24.0&#8243; _module_preset=\u00bbdefault\u00bb global_colors_info=\u00bb{}\u00bb][et_pb_column type=\u00bb4_4&#8243; _builder_version=\u00bb4.24.0&#8243; _module_preset=\u00bbdefault\u00bb global_colors_info=\u00bb{}\u00bb][et_pb_text _builder_version=\u00bb4.27.4&#8243; _module_preset=\u00bbdefault\u00bb global_colors_info=\u00bb{}\u00bb]<\/p>\n<h3 class=\"\" data-start=\"1559\" data-end=\"1617\">Inteligencia estrat\u00e9gica para mantenerte competitivo<\/h3>\n<p class=\"\" data-start=\"1618\" data-end=\"1824\">Nuestro servicio de <strong data-start=\"1638\" data-end=\"1666\">inteligencia competitiva<\/strong> combina an\u00e1lisis de datos, tecnolog\u00eda y experiencia para ofrecerte una visi\u00f3n completa del panorama competitivo. Nos enfocamos en las siguientes \u00e1reas clave:<\/p>\n<ul data-start=\"1826\" data-end=\"3534\">\n<li class=\"\" data-start=\"1826\" data-end=\"2225\">\n<p class=\"\" data-start=\"1828\" data-end=\"2225\"><strong data-start=\"1828\" data-end=\"1856\">An\u00e1lisis de competidores<\/strong>: Realizamos evaluaciones en profundidad de tus competidores para entender sus fortalezas, debilidades, estrategias de crecimiento y posicionamiento en el mercado. Este an\u00e1lisis abarca la oferta de productos, estrategias de precios, compromiso con el cliente y tendencias en innovaci\u00f3n, identificando \u00e1reas donde tu organizaci\u00f3n puede obtener una ventaja competitiva.<\/p>\n<\/li>\n<li class=\"\" data-start=\"2226\" data-end=\"2538\">\n<p class=\"\" data-start=\"2228\" data-end=\"2538\"><strong data-start=\"2228\" data-end=\"2265\">An\u00e1lisis de tendencias del sector<\/strong>: Nuestro equipo identifica y monitoriza las tendencias dentro de tu industria para ayudarte a reconocer cambios, tecnolog\u00edas emergentes y nuevas conductas del consumidor. Estar al tanto de estas tendencias te permite actuar con rapidez y aprovechar nuevas oportunidades.<\/p>\n<\/li>\n<li class=\"\" data-start=\"2539\" data-end=\"2887\">\n<p class=\"\" data-start=\"2541\" data-end=\"2887\"><strong data-start=\"2541\" data-end=\"2589\">Posicionamiento en el mercado y benchmarking<\/strong>: Analizamos tu posicionamiento actual en relaci\u00f3n con tus competidores, proporcion\u00e1ndote una visi\u00f3n clara de tu situaci\u00f3n competitiva. El benchmarking frente a est\u00e1ndares del sector y al rendimiento de tus competidores te ayuda a establecer objetivos realistas y medir tu progreso con precisi\u00f3n.<\/p>\n<\/li>\n<li class=\"\" data-start=\"2888\" data-end=\"3192\">\n<p class=\"\" data-start=\"2890\" data-end=\"3192\"><strong data-start=\"2890\" data-end=\"2931\">Evaluaci\u00f3n de riesgos y oportunidades<\/strong>: Nuestro servicio de CI tambi\u00e9n incluye la identificaci\u00f3n de riesgos y oportunidades potenciales dentro del panorama competitivo. Esta evaluaci\u00f3n permite ajustar la estrategia, ya sea para mitigar riesgos emergentes o aprovechar oportunidades de crecimiento.<\/p>\n<\/li>\n<li class=\"\" data-start=\"3193\" data-end=\"3534\">\n<p class=\"\" data-start=\"3195\" data-end=\"3534\"><strong data-start=\"3195\" data-end=\"3227\">Recomendaciones estrat\u00e9gicas<\/strong>: A partir de nuestro an\u00e1lisis, proporcionamos recomendaciones concretas para afinar tu estrategia competitiva. Ya sea mediante la diferenciaci\u00f3n de productos, la expansi\u00f3n de mercados o la mejora en la relaci\u00f3n con el cliente, nuestras recomendaciones est\u00e1n dise\u00f1adas para maximizar tu ventaja competitiva.<\/p>\n<\/li>\n<\/ul>\n<blockquote>\n<p class=\"\" data-start=\"3541\" data-end=\"3890\"><strong>Con ACK3 como tu socio en inteligencia competitiva, obtienes un aliado confiable para navegar las complejidades de un mercado cada vez m\u00e1s exigente. Nuestras ideas y an\u00e1lisis te brindan las herramientas necesarias para anticiparte a los desaf\u00edos, tomar decisiones basadas en datos y captar oportunidades que impulsen un crecimiento sostenible. En un entorno empresarial en constante cambio, nuestro servicio de inteligencia competitiva garantiza que tu organizaci\u00f3n se mantenga \u00e1gil, informada y siempre un paso por delante de la competencia.<\/strong><\/p>\n<\/blockquote>\n<p>[\/et_pb_text][et_pb_divider _builder_version=\u00bb4.27.2&#8243; _module_preset=\u00bbdefault\u00bb global_colors_info=\u00bb{}\u00bb][\/et_pb_divider][\/et_pb_column][\/et_pb_row][et_pb_row _builder_version=\u00bb4.24.0&#8243; _module_preset=\u00bbdefault\u00bb saved_tabs=\u00bball\u00bb locked=\u00bboff\u00bb collapsed=\u00bbon\u00bb global_colors_info=\u00bb{}\u00bb][et_pb_column type=\u00bb4_4&#8243; _builder_version=\u00bb4.24.0&#8243; _module_preset=\u00bbdefault\u00bb global_colors_info=\u00bb{}\u00bb][et_pb_text _builder_version=\u00bb4.27.4&#8243; _module_preset=\u00bbe9776427-b859-4288-b0a2-c7103567bb8c\u00bb global_colors_info=\u00bb{}\u00bb]<\/p>\n<p style=\"text-align: center;\">Cont\u00e1ctanos<\/p>\n<p>[\/et_pb_text][et_pb_text _builder_version=\u00bb4.27.4&#8243; _dynamic_attributes=\u00bbcontent\u00bb _module_preset=\u00bb13ddcc34-f131-47ca-8026-edc37a2f8af8&#8243; header_2_text_align=\u00bbcenter\u00bb custom_margin=\u00bb||5px||false|false\u00bb global_colors_info=\u00bb{}\u00bb]@ET-DC@eyJkeW5hbWljIjp0cnVlLCJjb250ZW50IjoicG9zdF90aXRsZSIsInNldHRpbmdzIjp7ImJlZm9yZSI6IjxoMj4gQXJlIHlvdSBpbnRlcmVzdGVkIGluIHRoZSBBQ0szICIsImFmdGVyIjoiIGRlIEFDSzM\/PC9oMj4iLCJlbmFibGVfaHRtbCI6Im9mZiJ9fQ==@[\/et_pb_text][et_pb_text _builder_version=\u00bb4.27.4&#8243; _module_preset=\u00bb13ddcc34-f131-47ca-8026-edc37a2f8af8&#8243; global_colors_info=\u00bb{}\u00bb]<\/p>\n<p style=\"text-align: center;\">Ponte en contacto con nosotros completando el siguiente formulario:<\/p>\n<p>[\/et_pb_text][\/et_pb_column][\/et_pb_row][et_pb_row _builder_version=\u00bb4.24.0&#8243; _module_preset=\u00bbdefault\u00bb global_module=\u00bb25840410&#8243; saved_tabs=\u00bball\u00bb locked=\u00bboff\u00bb global_colors_info=\u00bb{}\u00bb][et_pb_column type=\u00bb4_4&#8243; _builder_version=\u00bb4.24.0&#8243; _module_preset=\u00bbdefault\u00bb global_colors_info=\u00bb{}\u00bb][dipi_gravity_forms_styler gf_form_id=\u00bb1&#8243; form_title=\u00bbhide\u00bb _builder_version=\u00bb4.24.0&#8243; _module_preset=\u00bbdefault\u00bb form_title_font_size=\u00bb0px\u00bb field_label_font=\u00bbTrade Gothic LT Bold Extended||||||||\u00bb field_label_font_size=\u00bb15px\u00bb required_field_indicator_font_size=\u00bb15px\u00bb field_description_font_size=\u00bb16px\u00bb checkbox_radio_label_font_size=\u00bb17px\u00bb custom_all=\u00bbon\u00bb all_text_size=\u00bb17px\u00bb all_bg_color=\u00bb#000000&#8243; all_font=\u00bb|600|||||||\u00bb all_use_icon=\u00bboff\u00bb max_width=\u00bb78%\u00bb max_width_tablet=\u00bb100%\u00bb max_width_phone=\u00bb100%\u00bb max_width_last_edited=\u00bbon|desktop\u00bb module_alignment=\u00bbcenter\u00bb global_colors_info=\u00bb{}\u00bb all_bg_color__hover_enabled=\u00bbon|hover\u00bb all_bg_color__hover=\u00bb#535353&#8243; all_bg_enable_color__hover=\u00bbon\u00bb][\/dipi_gravity_forms_styler][\/et_pb_column][\/et_pb_row][\/et_pb_section]<\/p>\n","protected":false},"excerpt":{"rendered":"<p>Mantente un paso adelante con la inteligencia competitiva de ACK3: informaci\u00f3n basada en datos para superar a la competencia.<\/p>\n","protected":false},"author":2,"featured_media":25848399,"parent":25844460,"menu_order":0,"comment_status":"closed","ping_status":"closed","template":"","meta":{"_et_pb_use_builder":"on","_et_pb_old_content":"","_et_gb_content_width":"","footnotes":""},"dipi_cpt_category":[],"class_list":["post-25854003","page","type-page","status-publish","has-post-thumbnail","hentry"],"_links":{"self":[{"href":"https:\/\/ack3.eu\/es\/wp-json\/wp\/v2\/pages\/25854003","targetHints":{"allow":["GET"]}}],"collection":[{"href":"https:\/\/ack3.eu\/es\/wp-json\/wp\/v2\/pages"}],"about":[{"href":"https:\/\/ack3.eu\/es\/wp-json\/wp\/v2\/types\/page"}],"author":[{"embeddable":true,"href":"https:\/\/ack3.eu\/es\/wp-json\/wp\/v2\/users\/2"}],"replies":[{"embeddable":true,"href":"https:\/\/ack3.eu\/es\/wp-json\/wp\/v2\/comments?post=25854003"}],"version-history":[{"count":0,"href":"https:\/\/ack3.eu\/es\/wp-json\/wp\/v2\/pages\/25854003\/revisions"}],"up":[{"embeddable":true,"href":"https:\/\/ack3.eu\/es\/wp-json\/wp\/v2\/pages\/25844460"}],"wp:featuredmedia":[{"embeddable":true,"href":"https:\/\/ack3.eu\/es\/wp-json\/wp\/v2\/media\/25848399"}],"wp:attachment":[{"href":"https:\/\/ack3.eu\/es\/wp-json\/wp\/v2\/media?parent=25854003"}],"wp:term":[{"taxonomy":"dipi_cpt_category","embeddable":true,"href":"https:\/\/ack3.eu\/es\/wp-json\/wp\/v2\/dipi_cpt_category?post=25854003"}],"curies":[{"name":"wp","href":"https:\/\/api.w.org\/{rel}","templated":true}]}}