{"id":25853810,"date":"2025-04-14T13:31:35","date_gmt":"2025-04-14T11:31:35","guid":{"rendered":"https:\/\/ack3.eu\/servicios\/gestion-de-crisis\/post-crisis-analysis\/"},"modified":"2025-04-15T10:53:52","modified_gmt":"2025-04-15T08:53:52","slug":"analisis-postcrisis","status":"publish","type":"page","link":"https:\/\/ack3.eu\/es\/servicios\/gestion-de-crisis\/analisis-postcrisis\/","title":{"rendered":"An\u00e1lisis postcrisis"},"content":{"rendered":"<p>[et_pb_section fb_built=\u00bb1&#8243; _builder_version=\u00bb4.24.0&#8243; _module_preset=\u00bbdefault\u00bb background_color=\u00bb#000000&#8243; background_pattern_repeat_origin=\u00bbcenter\u00bb custom_padding=\u00bb13px||13px||true|false\u00bb saved_tabs=\u00bball\u00bb locked=\u00bboff\u00bb global_colors_info=\u00bb{}\u00bb][et_pb_row _builder_version=\u00bb4.24.0&#8243; _module_preset=\u00bb32edda46-f9f8-4bcc-acb6-81abff8182ae\u00bb custom_margin=\u00bb||0px||false|false\u00bb custom_padding=\u00bb4px||4px||true|false\u00bb global_colors_info=\u00bb{}\u00bb][et_pb_column type=\u00bb4_4&#8243; _builder_version=\u00bb4.20.4&#8243; _module_preset=\u00bbdefault\u00bb global_colors_info=\u00bb{}\u00bb][dipi_breadcrumbs bc_home_text=\u00bbHome\u00bb bc_home_url=\u00bb\/\u00bb bc_items_alignment=\u00bbdipi-bc-left\u00bb bc_item_padding=\u00bb|10px||10px|false|true\u00bb bc_active_item_padding=\u00bb|20px||10px|true|false\u00bb _builder_version=\u00bb4.24.0&#8243; _module_preset=\u00bbdefault\u00bb active_text_color=\u00bb#BADFF7&#8243; global_colors_info=\u00bb{}\u00bb][\/dipi_breadcrumbs][\/et_pb_column][\/et_pb_row][\/et_pb_section][et_pb_section fb_built=\u00bb1&#8243; _builder_version=\u00bb4.24.0&#8243; _module_preset=\u00bbdefault\u00bb locked=\u00bboff\u00bb global_colors_info=\u00bb{}\u00bb][et_pb_row _builder_version=\u00bb4.24.0&#8243; _module_preset=\u00bbdefault\u00bb locked=\u00bboff\u00bb global_colors_info=\u00bb{}\u00bb][et_pb_column type=\u00bb4_4&#8243; _builder_version=\u00bb4.24.0&#8243; _module_preset=\u00bbdefault\u00bb global_colors_info=\u00bb{}\u00bb][et_pb_text _builder_version=\u00bb4.27.4&#8243; _module_preset=\u00bb13ddcc34-f131-47ca-8026-edc37a2f8af8&#8243; global_colors_info=\u00bb{}\u00bb]<\/p>\n<h1 style=\"text-align: center;\" data-start=\"129\" data-end=\"464\">An\u00e1lisis postcrisis<\/h1>\n<p style=\"text-align: center;\" data-start=\"129\" data-end=\"464\">El servicio de an\u00e1lisis postcrisis de <strong data-start=\"64\" data-end=\"72\">ACK3<\/strong> ofrece evaluaciones estructuradas y basadas en evidencia sobre la respuesta a situaciones cr\u00edticas, con el objetivo de identificar brechas, capturar lecciones aprendidas y fortalecer la resiliencia organizacional. Ayudamos a las organizaciones a<strong> transformar la disrupci\u00f3n en oportunidad<\/strong>, proporcionando diagn\u00f3sticos claros que impulsan la preparaci\u00f3n futura y la mejora continua.<\/p>\n<p>[\/et_pb_text][\/et_pb_column][\/et_pb_row][et_pb_row column_structure=\u00bb1_2,1_2&#8243; module_class=\u00bbagf-vertical-align\u00bb _builder_version=\u00bb4.24.0&#8243; _module_preset=\u00bbdefault\u00bb custom_padding=\u00bb||||false|false\u00bb global_colors_info=\u00bb{}\u00bb][et_pb_column type=\u00bb1_2&#8243; _builder_version=\u00bb4.24.0&#8243; _module_preset=\u00bbdefault\u00bb global_colors_info=\u00bb{}\u00bb][et_pb_text _builder_version=\u00bb4.27.4&#8243; _module_preset=\u00bbdefault\u00bb background_color=\u00bb#F6FAFD\u00bb custom_padding=\u00bb30px|30px|30px|30px|true|true\u00bb border_radii=\u00bbon|3px|3px|3px|3px\u00bb box_shadow_style=\u00bbpreset4&#8243; box_shadow_horizontal=\u00bb7px\u00bb box_shadow_vertical=\u00bb7px\u00bb box_shadow_color=\u00bb#BADFF7&#8243; global_colors_info=\u00bb{}\u00bb]<\/p>\n<h2 data-start=\"459\" data-end=\"496\"><strong>\u00bfQu\u00e9 es el an\u00e1lisis postcrisis?<\/strong><\/h2>\n<p class=\"\" data-start=\"497\" data-end=\"786\">El an\u00e1lisis postcrisis es un proceso de revisi\u00f3n sistem\u00e1tica que se realiza una vez estabilizada una crisis o incidente cr\u00edtico. Implica un desglose detallado, de estilo forense, de las acciones ejecutadas, decisiones tomadas, impactos sobre los grupos de inter\u00e9s y resultados obtenidos. Su objetivo es <strong>descubrir causas ra\u00edz, evaluar la efectividad de los protocolos de respuesta y documentar hallazgos que permitan mejorar la mitigaci\u00f3n de riesgos futuros, la planificaci\u00f3n de continuidad y la gobernanza operativa.<\/strong> Este proceso es esencial para organizaciones que buscan institucionalizar el aprendizaje, perfeccionar sus capacidades de respuesta ante incidentes y garantizar la rendici\u00f3n de cuentas.<\/p>\n<p>[\/et_pb_text][\/et_pb_column][et_pb_column type=\u00bb1_2&#8243; _builder_version=\u00bb4.24.0&#8243; _module_preset=\u00bbdefault\u00bb global_colors_info=\u00bb{}\u00bb][et_pb_image src=\u00bbhttps:\/\/ack3.eu\/wp-content\/uploads\/2024\/02\/Crisis-Management-2.webp\u00bb title_text=\u00bbGestion-de-Crisis\u00bb _builder_version=\u00bb4.27.4&#8243; _module_preset=\u00bbdefault\u00bb global_colors_info=\u00bb{}\u00bb][\/et_pb_image][\/et_pb_column][\/et_pb_row][et_pb_row _builder_version=\u00bb4.24.0&#8243; _module_preset=\u00bbdefault\u00bb global_colors_info=\u00bb{}\u00bb][et_pb_column type=\u00bb4_4&#8243; _builder_version=\u00bb4.24.0&#8243; _module_preset=\u00bbdefault\u00bb global_colors_info=\u00bb{}\u00bb][et_pb_text _builder_version=\u00bb4.27.4&#8243; _module_preset=\u00bbdefault\u00bb global_colors_info=\u00bb{}\u00bb]<\/p>\n<h3 data-start=\"3054\" data-end=\"3344\"><span style=\"color: #333333; font-size: 22px;\">Impulsando la resiliencia desde la experiencia<\/span><\/h3>\n<p class=\"\" data-start=\"1264\" data-end=\"1607\"><strong data-start=\"1264\" data-end=\"1272\">ACK3<\/strong> ofrece evaluaciones postcrisis personalizadas que combinan metodolog\u00edas cualitativas y cuantitativas para ayudarte a ir m\u00e1s all\u00e1 de la recuperaci\u00f3n y avanzar hacia la resiliencia. Integramos an\u00e1lisis de datos, entrevistas con partes interesadas y revisiones basadas en simulaci\u00f3n para generar recomendaciones accionables. Operamos en:<\/p>\n<ul data-start=\"1609\" data-end=\"3328\">\n<li class=\"\" data-start=\"1609\" data-end=\"1837\">\n<p class=\"\" data-start=\"1611\" data-end=\"1837\"><strong data-start=\"1611\" data-end=\"1656\">Revisiones posteriores a la acci\u00f3n (AARs)<\/strong>: Facilitamos sesiones estructuradas con equipos directivos y operativos para evaluar qu\u00e9 ocurri\u00f3, por qu\u00e9 sucedi\u00f3 y c\u00f3mo se desempe\u00f1aron los protocolos de respuesta bajo presi\u00f3n.<\/p>\n<\/li>\n<li class=\"\" data-start=\"1838\" data-end=\"2110\">\n<p class=\"\" data-start=\"1840\" data-end=\"2110\"><strong data-start=\"1840\" data-end=\"1883\">An\u00e1lisis de causa ra\u00edz y modos de fallo<\/strong>: Investigaciones en profundidad para identificar vulnerabilidades sist\u00e9micas, fallos procedimentales o cuellos de botella en la toma de decisiones que contribuyeron a la escalada de la crisis o al retraso en la recuperaci\u00f3n.<\/p>\n<\/li>\n<li class=\"\" data-start=\"2111\" data-end=\"2336\">\n<p class=\"\" data-start=\"2113\" data-end=\"2336\"><strong data-start=\"2113\" data-end=\"2172\">Reconstrucci\u00f3n de la l\u00ednea de tiempo y mapeo de eventos<\/strong>: Revisi\u00f3n detallada de la secuencia de hechos para detectar puntos de inflexi\u00f3n clave, demoras en la respuesta o oportunidades perdidas de intervenci\u00f3n temprana.<\/p>\n<\/li>\n<li class=\"\" data-start=\"2337\" data-end=\"2563\">\n<p class=\"\" data-start=\"2339\" data-end=\"2563\"><strong data-start=\"2339\" data-end=\"2367\">Evaluaci\u00f3n del desempe\u00f1o<\/strong>: Medici\u00f3n de la efectividad de la respuesta frente a indicadores internos (KPI), requisitos regulatorios y est\u00e1ndares internacionales como <strong data-start=\"2507\" data-end=\"2520\">ISO 22301<\/strong> (Gesti\u00f3n de la Continuidad del Negocio).<\/p>\n<\/li>\n<li class=\"\" data-start=\"2564\" data-end=\"2804\">\n<p class=\"\" data-start=\"2566\" data-end=\"2804\"><strong data-start=\"2566\" data-end=\"2605\">An\u00e1lisis de impacto en stakeholders<\/strong>: Evaluaci\u00f3n del efecto en empleados, clientes, reguladores, medios de comunicaci\u00f3n y otras partes interesadas, as\u00ed como del impacto de las estrategias de comunicaci\u00f3n en la percepci\u00f3n y confianza.<\/p>\n<\/li>\n<li class=\"\" data-start=\"2805\" data-end=\"3049\">\n<p class=\"\" data-start=\"2807\" data-end=\"3049\"><strong data-start=\"2807\" data-end=\"2848\">Integraci\u00f3n con marcos de resiliencia<\/strong>: Incorporaci\u00f3n de los hallazgos en estrategias actualizadas de respuesta ante emergencias, continuidad de negocio y gobernanza para asegurar el aprendizaje institucional y el cumplimiento normativo.<\/p>\n<\/li>\n<li class=\"\" data-start=\"3050\" data-end=\"3328\">\n<p class=\"\" data-start=\"3052\" data-end=\"3328\"><strong data-start=\"3052\" data-end=\"3108\">Aportes de inteligencia digital desde el SOC de ACK3<\/strong>: Uso de datos en tiempo real obtenidos por nuestro <a href=\"https:\/\/ack3.eu\/es\/servicios\/mission-critical-support\/centro-de-operaciones-de-seguridad-hibrida-global-soc\/\"><strong data-start=\"3160\" data-end=\"3204\">Centro de Operaciones de Seguridad (SOC)<\/strong><\/a>, que recopila alertas de sistemas y amenazas durante la crisis, mejorando la precisi\u00f3n forense y el an\u00e1lisis situacional.<\/p>\n<\/li>\n<\/ul>\n<article class=\"text-token-text-primary w-full\" dir=\"auto\" data-testid=\"conversation-turn-22\" data-scroll-anchor=\"false\">\n<div class=\"text-base my-auto mx-auto py-5 [--thread-content-margin:--spacing(4)] @[37rem]:[--thread-content-margin:--spacing(6)] @[70rem]:[--thread-content-margin:--spacing(12)] px-(--thread-content-margin)\">\n<div class=\"[--thread-content-max-width:32rem] @[34rem]:[--thread-content-max-width:40rem] @[64rem]:[--thread-content-max-width:48rem] mx-auto flex max-w-(--thread-content-max-width) flex-1 text-base gap-4 md:gap-5 lg:gap-6 group\/turn-messages focus-visible:outline-hidden\" tabindex=\"-1\">\n<div class=\"group\/conversation-turn relative flex w-full min-w-0 flex-col agent-turn\">\n<div class=\"relative flex-col gap-1 md:gap-3\">\n<div class=\"flex max-w-full flex-col grow\">\n<div class=\"min-h-8 text-message relative flex w-full flex-col items-end gap-2 text-start break-words whitespace-normal [.text-message+&amp;]:mt-5\" dir=\"auto\" data-message-author-role=\"assistant\" data-message-id=\"d2e32433-3915-4d22-8173-ab6d699799bf\" data-message-model-slug=\"gpt-4o\">\n<div class=\"flex w-full flex-col gap-1 empty:hidden first:pt-[3px]\">\n<div class=\"markdown prose dark:prose-invert w-full break-words light\">\n<blockquote>\n<p class=\"\" data-start=\"3335\" data-end=\"3657\"><strong>Con ACK3 como tu socio en el an\u00e1lisis postcrisis, obtienes m\u00e1s que una revisi\u00f3n retrospectiva: obtienes una hoja de ruta para la transformaci\u00f3n. Nuestra metodolog\u00eda permite que tu organizaci\u00f3n institucionalice el aprendizaje, refuerce su agilidad operativa y enfrente futuros desaf\u00edos con mayor claridad y competencia.<\/strong><\/p>\n<\/blockquote>\n<\/div>\n<\/div>\n<\/div>\n<\/div>\n<\/div>\n<\/div>\n<\/div>\n<\/div>\n<\/article>\n<p>[\/et_pb_text][et_pb_divider _builder_version=\u00bb4.27.2&#8243; _module_preset=\u00bbdefault\u00bb global_colors_info=\u00bb{}\u00bb][\/et_pb_divider][\/et_pb_column][\/et_pb_row][et_pb_row _builder_version=\u00bb4.24.0&#8243; _module_preset=\u00bbdefault\u00bb global_module=\u00bb25840410&#8243; saved_tabs=\u00bball\u00bb locked=\u00bboff\u00bb global_colors_info=\u00bb{}\u00bb][et_pb_column type=\u00bb4_4&#8243; _builder_version=\u00bb4.24.0&#8243; _module_preset=\u00bbdefault\u00bb global_colors_info=\u00bb{}\u00bb][et_pb_text _builder_version=\u00bb4.24.0&#8243; _module_preset=\u00bbe9776427-b859-4288-b0a2-c7103567bb8c\u00bb global_colors_info=\u00bb{}\u00bb]<\/p>\n<p style=\"text-align: center;\">Cont\u00e1ctanos<\/p>\n<p>[\/et_pb_text][et_pb_text _builder_version=\u00bb4.24.0&#8243; _dynamic_attributes=\u00bbcontent\u00bb _module_preset=\u00bb13ddcc34-f131-47ca-8026-edc37a2f8af8&#8243; header_2_text_align=\u00bbcenter\u00bb custom_margin=\u00bb||5px||false|false\u00bb global_colors_info=\u00bb{}\u00bb]@ET-DC@eyJkeW5hbWljIjp0cnVlLCJjb250ZW50IjoicG9zdF90aXRsZSIsInNldHRpbmdzIjp7ImJlZm9yZSI6IjxoMj4gXHUwMGJmRXN0XHUwMGUxcyBpbnRlcmVzYWRvIGVuIGxvcyBzZXJ2aWNpb3MgZGUgIiwiYWZ0ZXIiOiIgZGUgQUNLMz88L2gyPiJ9fQ==@[\/et_pb_text][et_pb_text _builder_version=\u00bb4.24.0&#8243; _module_preset=\u00bb13ddcc34-f131-47ca-8026-edc37a2f8af8&#8243; global_colors_info=\u00bb{}\u00bb]<\/p>\n<p style=\"text-align: center;\">Ponte en contacto con nosotros completando el siguiente formulario:<\/p>\n<p>[\/et_pb_text][dipi_gravity_forms_styler gf_form_id=\u00bb1&#8243; form_title=\u00bbhide\u00bb _builder_version=\u00bb4.24.0&#8243; _module_preset=\u00bbdefault\u00bb form_title_font_size=\u00bb0px\u00bb field_label_font=\u00bbTrade Gothic LT Bold Extended||||||||\u00bb field_label_font_size=\u00bb15px\u00bb required_field_indicator_font_size=\u00bb15px\u00bb field_description_font_size=\u00bb16px\u00bb checkbox_radio_label_font_size=\u00bb17px\u00bb custom_all=\u00bbon\u00bb all_text_size=\u00bb17px\u00bb all_bg_color=\u00bb#000000&#8243; all_font=\u00bb|600|||||||\u00bb all_use_icon=\u00bboff\u00bb max_width=\u00bb78%\u00bb max_width_tablet=\u00bb100%\u00bb max_width_phone=\u00bb100%\u00bb max_width_last_edited=\u00bbon|desktop\u00bb module_alignment=\u00bbcenter\u00bb global_colors_info=\u00bb{}\u00bb all_bg_color__hover_enabled=\u00bbon|hover\u00bb all_bg_color__hover=\u00bb#535353&#8243; all_bg_enable_color__hover=\u00bbon\u00bb][\/dipi_gravity_forms_styler][\/et_pb_column][\/et_pb_row][\/et_pb_section]<\/p>\n","protected":false},"excerpt":{"rendered":"<p>Construye resiliencia con el an\u00e1lisis postcrisis de ACK3: evaluaciones, identificaci\u00f3n de causas y lecciones para fortalecer las respuestas futuras.<\/p>\n","protected":false},"author":2,"featured_media":25843017,"parent":25844482,"menu_order":0,"comment_status":"closed","ping_status":"closed","template":"","meta":{"_et_pb_use_builder":"on","_et_pb_old_content":"","_et_gb_content_width":"","footnotes":""},"dipi_cpt_category":[],"class_list":["post-25853810","page","type-page","status-publish","has-post-thumbnail","hentry"],"_links":{"self":[{"href":"https:\/\/ack3.eu\/es\/wp-json\/wp\/v2\/pages\/25853810","targetHints":{"allow":["GET"]}}],"collection":[{"href":"https:\/\/ack3.eu\/es\/wp-json\/wp\/v2\/pages"}],"about":[{"href":"https:\/\/ack3.eu\/es\/wp-json\/wp\/v2\/types\/page"}],"author":[{"embeddable":true,"href":"https:\/\/ack3.eu\/es\/wp-json\/wp\/v2\/users\/2"}],"replies":[{"embeddable":true,"href":"https:\/\/ack3.eu\/es\/wp-json\/wp\/v2\/comments?post=25853810"}],"version-history":[{"count":0,"href":"https:\/\/ack3.eu\/es\/wp-json\/wp\/v2\/pages\/25853810\/revisions"}],"up":[{"embeddable":true,"href":"https:\/\/ack3.eu\/es\/wp-json\/wp\/v2\/pages\/25844482"}],"wp:featuredmedia":[{"embeddable":true,"href":"https:\/\/ack3.eu\/es\/wp-json\/wp\/v2\/media\/25843017"}],"wp:attachment":[{"href":"https:\/\/ack3.eu\/es\/wp-json\/wp\/v2\/media?parent=25853810"}],"wp:term":[{"taxonomy":"dipi_cpt_category","embeddable":true,"href":"https:\/\/ack3.eu\/es\/wp-json\/wp\/v2\/dipi_cpt_category?post=25853810"}],"curies":[{"name":"wp","href":"https:\/\/api.w.org\/{rel}","templated":true}]}}