{"id":25853801,"date":"2025-04-14T12:48:36","date_gmt":"2025-04-14T10:48:36","guid":{"rendered":"https:\/\/ack3.eu\/servicios\/gestion-de-crisis\/incident-management-and-response\/"},"modified":"2025-04-15T10:55:23","modified_gmt":"2025-04-15T08:55:23","slug":"gestion-respuesta-incidentes","status":"publish","type":"page","link":"https:\/\/ack3.eu\/es\/servicios\/gestion-de-crisis\/gestion-respuesta-incidentes\/","title":{"rendered":"Gesti\u00f3n y respuesta ante incidentes"},"content":{"rendered":"<p>[et_pb_section fb_built=\u00bb1&#8243; _builder_version=\u00bb4.24.0&#8243; _module_preset=\u00bbdefault\u00bb background_color=\u00bb#000000&#8243; background_pattern_repeat_origin=\u00bbcenter\u00bb custom_padding=\u00bb13px||13px||true|false\u00bb saved_tabs=\u00bball\u00bb locked=\u00bboff\u00bb global_colors_info=\u00bb{}\u00bb][et_pb_row _builder_version=\u00bb4.24.0&#8243; _module_preset=\u00bb32edda46-f9f8-4bcc-acb6-81abff8182ae\u00bb custom_margin=\u00bb||0px||false|false\u00bb custom_padding=\u00bb4px||4px||true|false\u00bb global_colors_info=\u00bb{}\u00bb][et_pb_column type=\u00bb4_4&#8243; _builder_version=\u00bb4.20.4&#8243; _module_preset=\u00bbdefault\u00bb global_colors_info=\u00bb{}\u00bb][dipi_breadcrumbs bc_home_text=\u00bbHome\u00bb bc_home_url=\u00bb\/\u00bb bc_items_alignment=\u00bbdipi-bc-left\u00bb bc_item_padding=\u00bb|10px||10px|false|true\u00bb bc_active_item_padding=\u00bb|20px||10px|true|false\u00bb _builder_version=\u00bb4.24.0&#8243; _module_preset=\u00bbdefault\u00bb active_text_color=\u00bb#BADFF7&#8243; global_colors_info=\u00bb{}\u00bb][\/dipi_breadcrumbs][\/et_pb_column][\/et_pb_row][\/et_pb_section][et_pb_section fb_built=\u00bb1&#8243; _builder_version=\u00bb4.24.0&#8243; _module_preset=\u00bbdefault\u00bb locked=\u00bboff\u00bb global_colors_info=\u00bb{}\u00bb][et_pb_row _builder_version=\u00bb4.24.0&#8243; _module_preset=\u00bbdefault\u00bb locked=\u00bboff\u00bb global_colors_info=\u00bb{}\u00bb][et_pb_column type=\u00bb4_4&#8243; _builder_version=\u00bb4.24.0&#8243; _module_preset=\u00bbdefault\u00bb global_colors_info=\u00bb{}\u00bb][et_pb_text _builder_version=\u00bb4.27.4&#8243; _module_preset=\u00bb13ddcc34-f131-47ca-8026-edc37a2f8af8&#8243; global_colors_info=\u00bb{}\u00bb]<\/p>\n<h1 style=\"text-align: center;\" data-start=\"129\" data-end=\"464\">Gesti\u00f3n y respuesta ante incidentes<\/h1>\n<p style=\"text-align: center;\" data-start=\"129\" data-end=\"464\">El servicio de gesti\u00f3n y respuesta ante incidentes de <strong data-start=\"96\" data-end=\"104\">ACK3<\/strong> proporciona a las organizaciones las herramientas, el conocimiento y la estructura necesarios para responder de forma r\u00e1pida y eficaz ante incidentes cr\u00edticos. <strong>Te ayudamos a minimizar las interrupciones, proteger activos y garantizar la seguridad<\/strong>, guiando a tu equipo en cada fase del proceso de resoluci\u00f3n del incidente.<\/p>\n<p class=\"\" data-start=\"515\" data-end=\"1129\">[\/et_pb_text][\/et_pb_column][\/et_pb_row][et_pb_row column_structure=\u00bb1_2,1_2&#8243; module_class=\u00bbagf-vertical-align\u00bb _builder_version=\u00bb4.24.0&#8243; _module_preset=\u00bbdefault\u00bb custom_padding=\u00bb||||false|false\u00bb global_colors_info=\u00bb{}\u00bb][et_pb_column type=\u00bb1_2&#8243; _builder_version=\u00bb4.24.0&#8243; _module_preset=\u00bbdefault\u00bb global_colors_info=\u00bb{}\u00bb][et_pb_text _builder_version=\u00bb4.27.4&#8243; _module_preset=\u00bbdefault\u00bb background_color=\u00bb#F6FAFD\u00bb custom_padding=\u00bb30px|30px|30px|30px|true|true\u00bb border_radii=\u00bbon|3px|3px|3px|3px\u00bb box_shadow_style=\u00bbpreset4&#8243; box_shadow_horizontal=\u00bb7px\u00bb box_shadow_vertical=\u00bb7px\u00bb box_shadow_color=\u00bb#BADFF7&#8243; global_colors_info=\u00bb{}\u00bb]<\/p>\n<h2 data-start=\"433\" data-end=\"486\">\u00bfQu\u00e9 es la gesti\u00f3n y respuesta ante incidentes?<\/h2>\n<p class=\"\" data-start=\"487\" data-end=\"824\">La gesti\u00f3n y respuesta ante incidentes es el proceso estructurado de identificar, evaluar, responder y resolver eventos no planificados que puedan amenazar a las personas, operaciones o reputaci\u00f3n de una organizaci\u00f3n. Estos incidentes <strong>pueden incluir brechas de seguridad, accidentes laborales, fallos de sistemas o desastres naturales<\/strong>. Una estrategia s\u00f3lida de respuesta ante incidentes garantiza que las acciones se tomen con rapidez, las decisiones se basen en informaci\u00f3n precisa y se mantenga el control sobre la escalada. Una gesti\u00f3n eficaz ayuda a limitar el impacto, mantener la continuidad del negocio y restaurar las operaciones normales lo antes posible.<\/p>\n<p>[\/et_pb_text][\/et_pb_column][et_pb_column type=\u00bb1_2&#8243; _builder_version=\u00bb4.24.0&#8243; _module_preset=\u00bbdefault\u00bb global_colors_info=\u00bb{}\u00bb][et_pb_image src=\u00bbhttps:\/\/ack3.eu\/wp-content\/uploads\/2024\/02\/Crisis-Management-2.webp\u00bb title_text=\u00bbGestion-de-Crisis\u00bb _builder_version=\u00bb4.27.4&#8243; _module_preset=\u00bbdefault\u00bb global_colors_info=\u00bb{}\u00bb][\/et_pb_image][\/et_pb_column][\/et_pb_row][et_pb_row _builder_version=\u00bb4.24.0&#8243; _module_preset=\u00bbdefault\u00bb global_colors_info=\u00bb{}\u00bb][et_pb_column type=\u00bb4_4&#8243; _builder_version=\u00bb4.24.0&#8243; _module_preset=\u00bbdefault\u00bb global_colors_info=\u00bb{}\u00bb][et_pb_text _builder_version=\u00bb4.27.4&#8243; _module_preset=\u00bbdefault\u00bb global_colors_info=\u00bb{}\u00bb]<\/p>\n<h3><span style=\"color: #333333; font-size: 22px;\">Control, coordinaci\u00f3n y continuidad bajo presi\u00f3n<\/span><\/h3>\n<p class=\"\" data-start=\"1216\" data-end=\"1616\">Nuestro servicio combina la preparaci\u00f3n proactiva con el soporte operativo en tiempo real para ayudar a tu organizaci\u00f3n a gestionar incidentes de manera decidida y eficiente. A trav\u00e9s de herramientas como nuestro <a href=\"https:\/\/ack3.eu\/es\/productos\/simulador-de-crisis-csp\/\"><strong data-start=\"1429\" data-end=\"1472\">Simulador de Crisis<\/strong><\/a>, evaluamos la capacidad de respuesta de tu equipo bajo presi\u00f3n y perfeccionamos los protocolos para lograr una preparaci\u00f3n \u00f3ptima. Operamos en:<\/p>\n<ul data-start=\"1618\" data-end=\"2825\">\n<li class=\"\" data-start=\"1618\" data-end=\"1796\">\n<p class=\"\" data-start=\"1620\" data-end=\"1796\"><strong data-start=\"1620\" data-end=\"1666\">Planificaci\u00f3n de respuesta ante incidentes<\/strong>: Desarrollo de planes estructurados y espec\u00edficos por escenario, que definan roles, responsabilidades y protocolos de escalado.<\/p>\n<\/li>\n<li class=\"\" data-start=\"1797\" data-end=\"2085\">\n<p class=\"\" data-start=\"1799\" data-end=\"2085\"><strong data-start=\"1799\" data-end=\"1825\">Soporte en tiempo real<\/strong>: Acceso al <a href=\"https:\/\/ack3.eu\/es\/servicios\/mission-critical-support\/centro-de-operaciones-de-seguridad-hibrida-global-soc\/\"><strong data-start=\"1837\" data-end=\"1889\">Centro de Operaciones de Seguridad (SOC) de ACK3<\/strong><\/a> para monitoreo 24\/7, coordinaci\u00f3n en incidentes en vivo, an\u00e1lisis de amenazas y orientaci\u00f3n inmediata, asegurando que las decisiones cr\u00edticas se respalden con inteligencia y claridad operativa.<\/p>\n<\/li>\n<li class=\"\" data-start=\"2086\" data-end=\"2277\">\n<p class=\"\" data-start=\"2088\" data-end=\"2277\"><strong data-start=\"2088\" data-end=\"2114\">Marcos de coordinaci\u00f3n<\/strong>: Establecimiento de estructuras de mando y control para gestionar la comunicaci\u00f3n, los recursos y la coordinaci\u00f3n con partes interesadas durante los incidentes.<\/p>\n<\/li>\n<li class=\"\" data-start=\"2278\" data-end=\"2456\">\n<p class=\"\" data-start=\"2280\" data-end=\"2456\"><strong data-start=\"2280\" data-end=\"2316\">Registro y reporte de incidentes<\/strong>: Implementaci\u00f3n de sistemas para la documentaci\u00f3n detallada de incidentes, facilitando el cumplimiento normativo y la revisi\u00f3n posterior.<\/p>\n<\/li>\n<li class=\"\" data-start=\"2457\" data-end=\"2625\">\n<p class=\"\" data-start=\"2459\" data-end=\"2625\"><strong data-start=\"2459\" data-end=\"2498\">Simulaci\u00f3n y pruebas de preparaci\u00f3n<\/strong>: Ejercicios en vivo y simulaciones de mesa para poner a prueba los planes de respuesta y mejorar la coordinaci\u00f3n del equipo.<\/p>\n<\/li>\n<li class=\"\" data-start=\"2626\" data-end=\"2825\">\n<p class=\"\" data-start=\"2628\" data-end=\"2825\"><strong data-start=\"2628\" data-end=\"2663\">An\u00e1lisis posterior al incidente<\/strong>: Realizaci\u00f3n de sesiones estructuradas de retroalimentaci\u00f3n y lecciones aprendidas para identificar \u00e1reas de mejora y fortalecer la resiliencia organizacional.<\/p>\n<\/li>\n<\/ul>\n<article class=\"text-token-text-primary w-full\" dir=\"auto\" data-testid=\"conversation-turn-18\" data-scroll-anchor=\"true\">\n<div class=\"text-base my-auto mx-auto py-5 [--thread-content-margin:--spacing(4)] @[37rem]:[--thread-content-margin:--spacing(6)] @[70rem]:[--thread-content-margin:--spacing(12)] px-(--thread-content-margin)\">\n<div class=\"[--thread-content-max-width:32rem] @[34rem]:[--thread-content-max-width:40rem] @[64rem]:[--thread-content-max-width:48rem] mx-auto flex max-w-(--thread-content-max-width) flex-1 text-base gap-4 md:gap-5 lg:gap-6 group\/turn-messages focus-visible:outline-hidden\" tabindex=\"-1\">\n<div class=\"group\/conversation-turn relative flex w-full min-w-0 flex-col agent-turn\">\n<div class=\"relative flex-col gap-1 md:gap-3\">\n<div class=\"flex max-w-full flex-col grow\">\n<div class=\"min-h-8 text-message relative flex w-full flex-col items-end gap-2 text-start break-words whitespace-normal [.text-message+&amp;]:mt-5\" dir=\"auto\" data-message-author-role=\"assistant\" data-message-id=\"92ff8147-eb21-4e31-8f59-7ad8647477f6\" data-message-model-slug=\"gpt-4o\">\n<div class=\"flex w-full flex-col gap-1 empty:hidden first:pt-[3px]\">\n<div class=\"markdown prose dark:prose-invert w-full break-words light\">\n<blockquote>\n<p class=\"\" data-start=\"2832\" data-end=\"3121\"><strong>Con ACK3 como tu socio en la gesti\u00f3n y respuesta ante incidentes, tu organizaci\u00f3n estar\u00e1 preparada para enfrentar las interrupciones con rapidez, claridad y control. Te ayudamos a pasar de la reacci\u00f3n a la resoluci\u00f3n, garantizando continuidad y confianza ante cualquier evento cr\u00edtico.<\/strong><\/p>\n<\/blockquote>\n<\/div>\n<\/div>\n<\/div>\n<\/div>\n<\/div>\n<\/div>\n<\/div>\n<\/div>\n<\/article>\n<p>[\/et_pb_text][et_pb_divider _builder_version=\u00bb4.27.2&#8243; _module_preset=\u00bbdefault\u00bb global_colors_info=\u00bb{}\u00bb][\/et_pb_divider][\/et_pb_column][\/et_pb_row][et_pb_row _builder_version=\u00bb4.24.0&#8243; _module_preset=\u00bbdefault\u00bb global_module=\u00bb25840410&#8243; saved_tabs=\u00bball\u00bb locked=\u00bboff\u00bb global_colors_info=\u00bb{}\u00bb][et_pb_column type=\u00bb4_4&#8243; _builder_version=\u00bb4.24.0&#8243; _module_preset=\u00bbdefault\u00bb global_colors_info=\u00bb{}\u00bb][et_pb_text _builder_version=\u00bb4.24.0&#8243; _module_preset=\u00bbe9776427-b859-4288-b0a2-c7103567bb8c\u00bb global_colors_info=\u00bb{}\u00bb]<\/p>\n<p style=\"text-align: center;\">Cont\u00e1ctanos<\/p>\n<p>[\/et_pb_text][et_pb_text _builder_version=\u00bb4.24.0&#8243; _dynamic_attributes=\u00bbcontent\u00bb _module_preset=\u00bb13ddcc34-f131-47ca-8026-edc37a2f8af8&#8243; header_2_text_align=\u00bbcenter\u00bb custom_margin=\u00bb||5px||false|false\u00bb global_colors_info=\u00bb{}\u00bb]@ET-DC@eyJkeW5hbWljIjp0cnVlLCJjb250ZW50IjoicG9zdF90aXRsZSIsInNldHRpbmdzIjp7ImJlZm9yZSI6IjxoMj4gXHUwMGJmRXN0XHUwMGUxcyBpbnRlcmVzYWRvIGVuIGxvcyBzZXJ2aWNpb3MgZGUgIiwiYWZ0ZXIiOiIgZGUgQUNLMz88L2gyPiJ9fQ==@[\/et_pb_text][et_pb_text _builder_version=\u00bb4.24.0&#8243; _module_preset=\u00bb13ddcc34-f131-47ca-8026-edc37a2f8af8&#8243; global_colors_info=\u00bb{}\u00bb]<\/p>\n<p style=\"text-align: center;\">Ponte en contacto con nosotros completando el siguiente formulario:<\/p>\n<p>[\/et_pb_text][dipi_gravity_forms_styler gf_form_id=\u00bb1&#8243; form_title=\u00bbhide\u00bb _builder_version=\u00bb4.24.0&#8243; _module_preset=\u00bbdefault\u00bb form_title_font_size=\u00bb0px\u00bb field_label_font=\u00bbTrade Gothic LT Bold Extended||||||||\u00bb field_label_font_size=\u00bb15px\u00bb required_field_indicator_font_size=\u00bb15px\u00bb field_description_font_size=\u00bb16px\u00bb checkbox_radio_label_font_size=\u00bb17px\u00bb custom_all=\u00bbon\u00bb all_text_size=\u00bb17px\u00bb all_bg_color=\u00bb#000000&#8243; all_font=\u00bb|600|||||||\u00bb all_use_icon=\u00bboff\u00bb max_width=\u00bb78%\u00bb max_width_tablet=\u00bb100%\u00bb max_width_phone=\u00bb100%\u00bb max_width_last_edited=\u00bbon|desktop\u00bb module_alignment=\u00bbcenter\u00bb global_colors_info=\u00bb{}\u00bb all_bg_color__hover_enabled=\u00bbon|hover\u00bb all_bg_color__hover=\u00bb#535353&#8243; all_bg_enable_color__hover=\u00bbon\u00bb][\/dipi_gravity_forms_styler][\/et_pb_column][\/et_pb_row][\/et_pb_section]<\/p>\n","protected":false},"excerpt":{"rendered":"<p>Responde de forma r\u00e1pida e inteligente con la gesti\u00f3n de incidentes de ACK3: soporte en tiempo real, planes estructurados y control.<\/p>\n","protected":false},"author":2,"featured_media":25843017,"parent":25844482,"menu_order":0,"comment_status":"closed","ping_status":"closed","template":"","meta":{"_et_pb_use_builder":"on","_et_pb_old_content":"","_et_gb_content_width":"","footnotes":""},"dipi_cpt_category":[],"class_list":["post-25853801","page","type-page","status-publish","has-post-thumbnail","hentry"],"_links":{"self":[{"href":"https:\/\/ack3.eu\/es\/wp-json\/wp\/v2\/pages\/25853801","targetHints":{"allow":["GET"]}}],"collection":[{"href":"https:\/\/ack3.eu\/es\/wp-json\/wp\/v2\/pages"}],"about":[{"href":"https:\/\/ack3.eu\/es\/wp-json\/wp\/v2\/types\/page"}],"author":[{"embeddable":true,"href":"https:\/\/ack3.eu\/es\/wp-json\/wp\/v2\/users\/2"}],"replies":[{"embeddable":true,"href":"https:\/\/ack3.eu\/es\/wp-json\/wp\/v2\/comments?post=25853801"}],"version-history":[{"count":0,"href":"https:\/\/ack3.eu\/es\/wp-json\/wp\/v2\/pages\/25853801\/revisions"}],"up":[{"embeddable":true,"href":"https:\/\/ack3.eu\/es\/wp-json\/wp\/v2\/pages\/25844482"}],"wp:featuredmedia":[{"embeddable":true,"href":"https:\/\/ack3.eu\/es\/wp-json\/wp\/v2\/media\/25843017"}],"wp:attachment":[{"href":"https:\/\/ack3.eu\/es\/wp-json\/wp\/v2\/media?parent=25853801"}],"wp:term":[{"taxonomy":"dipi_cpt_category","embeddable":true,"href":"https:\/\/ack3.eu\/es\/wp-json\/wp\/v2\/dipi_cpt_category?post=25853801"}],"curies":[{"name":"wp","href":"https:\/\/api.w.org\/{rel}","templated":true}]}}