{"id":25853751,"date":"2025-04-14T11:52:02","date_gmt":"2025-04-14T09:52:02","guid":{"rendered":"https:\/\/ack3.eu\/servicios\/gestion-de-crisis\/emergency-response-planning\/"},"modified":"2025-04-14T15:24:33","modified_gmt":"2025-04-14T13:24:33","slug":"planificacion-respuesta-emergencias","status":"publish","type":"page","link":"https:\/\/ack3.eu\/es\/servicios\/gestion-de-crisis\/planificacion-respuesta-emergencias\/","title":{"rendered":"Planificaci\u00f3n de respuesta ante emergencias"},"content":{"rendered":"<p>[et_pb_section fb_built=\u00bb1&#8243; _builder_version=\u00bb4.24.0&#8243; _module_preset=\u00bbdefault\u00bb background_color=\u00bb#000000&#8243; background_pattern_repeat_origin=\u00bbcenter\u00bb custom_padding=\u00bb13px||13px||true|false\u00bb saved_tabs=\u00bball\u00bb locked=\u00bboff\u00bb global_colors_info=\u00bb{}\u00bb][et_pb_row _builder_version=\u00bb4.24.0&#8243; _module_preset=\u00bb32edda46-f9f8-4bcc-acb6-81abff8182ae\u00bb custom_margin=\u00bb||0px||false|false\u00bb custom_padding=\u00bb4px||4px||true|false\u00bb global_colors_info=\u00bb{}\u00bb][et_pb_column type=\u00bb4_4&#8243; _builder_version=\u00bb4.20.4&#8243; _module_preset=\u00bbdefault\u00bb global_colors_info=\u00bb{}\u00bb][dipi_breadcrumbs bc_home_text=\u00bbHome\u00bb bc_home_url=\u00bb\/\u00bb bc_items_alignment=\u00bbdipi-bc-left\u00bb bc_item_padding=\u00bb|10px||10px|false|true\u00bb bc_active_item_padding=\u00bb|20px||10px|true|false\u00bb _builder_version=\u00bb4.24.0&#8243; _module_preset=\u00bbdefault\u00bb active_text_color=\u00bb#BADFF7&#8243; global_colors_info=\u00bb{}\u00bb][\/dipi_breadcrumbs][\/et_pb_column][\/et_pb_row][\/et_pb_section][et_pb_section fb_built=\u00bb1&#8243; _builder_version=\u00bb4.24.0&#8243; _module_preset=\u00bbdefault\u00bb locked=\u00bboff\u00bb global_colors_info=\u00bb{}\u00bb][et_pb_row _builder_version=\u00bb4.24.0&#8243; _module_preset=\u00bbdefault\u00bb locked=\u00bboff\u00bb global_colors_info=\u00bb{}\u00bb][et_pb_column type=\u00bb4_4&#8243; _builder_version=\u00bb4.24.0&#8243; _module_preset=\u00bbdefault\u00bb global_colors_info=\u00bb{}\u00bb][et_pb_text _builder_version=\u00bb4.27.4&#8243; _module_preset=\u00bb13ddcc34-f131-47ca-8026-edc37a2f8af8&#8243; hover_enabled=\u00bb0&#8243; global_colors_info=\u00bb{}\u00bb sticky_enabled=\u00bb0&#8243;]<\/p>\n<h1 style=\"text-align: center;\"><strong data-start=\"0\" data-end=\"47\">Planificaci\u00f3n de respuesta ante emergencias<\/strong><\/h1>\n<p style=\"text-align: center;\">El servicio de planificaci\u00f3n de respuesta ante emergencias de ACK3 es una soluci\u00f3n estrat\u00e9gica dise\u00f1ada para ayudar a las organizaciones a prepararse, responder y recuperarse ante crisis y situaciones de emergencia. Brindamos <strong>apoyo experto en planificaci\u00f3n para garantizar la continuidad operativa, proteger al personal y minimizar las interrupciones<\/strong> durante eventos inesperados.<\/p>\n<p>[\/et_pb_text][\/et_pb_column][\/et_pb_row][et_pb_row column_structure=\u00bb1_2,1_2&#8243; module_class=\u00bbagf-vertical-align\u00bb _builder_version=\u00bb4.24.0&#8243; _module_preset=\u00bbdefault\u00bb custom_padding=\u00bb||||false|false\u00bb global_colors_info=\u00bb{}\u00bb][et_pb_column type=\u00bb1_2&#8243; _builder_version=\u00bb4.24.0&#8243; _module_preset=\u00bbdefault\u00bb global_colors_info=\u00bb{}\u00bb][et_pb_text _builder_version=\u00bb4.27.4&#8243; _module_preset=\u00bbdefault\u00bb background_color=\u00bb#F6FAFD\u00bb custom_padding=\u00bb30px|30px|30px|30px|true|true\u00bb hover_enabled=\u00bb0&#8243; border_radii=\u00bbon|3px|3px|3px|3px\u00bb box_shadow_style=\u00bbpreset4&#8243; box_shadow_horizontal=\u00bb7px\u00bb box_shadow_vertical=\u00bb7px\u00bb box_shadow_color=\u00bb#BADFF7&#8243; global_colors_info=\u00bb{}\u00bb sticky_enabled=\u00bb0&#8243;]<\/p>\n<h2><strong data-start=\"431\" data-end=\"490\">\u00bfQu\u00e9 es la planificaci\u00f3n de respuesta ante emergencias?<\/strong><\/h2>\n<p>La planificaci\u00f3n de respuesta ante emergencias es el proceso de desarrollar procedimientos y protocolos estructurados para enfrentar diversos tipos de emergencias, <strong>desde desastres naturales y accidentes laborales hasta amenazas de seguridad e interrupciones operativas<\/strong>. Un plan de emergencia bien desarrollado permite a las organizaciones actuar de manera r\u00e1pida y efectiva, minimizando da\u00f1os y restaurando la estabilidad. Esta planificaci\u00f3n incluye canales de comunicaci\u00f3n claros, roles y responsabilidades definidos, coordinaci\u00f3n de recursos y formaci\u00f3n para asegurar la preparaci\u00f3n en todos los niveles de la organizaci\u00f3n. Una respuesta eficaz ante emergencias no solo salva vidas, sino que tambi\u00e9n protege la continuidad del negocio y la reputaci\u00f3n institucional.<\/p>\n<p>[\/et_pb_text][\/et_pb_column][et_pb_column type=\u00bb1_2&#8243; _builder_version=\u00bb4.24.0&#8243; _module_preset=\u00bbdefault\u00bb global_colors_info=\u00bb{}\u00bb][et_pb_image src=\u00bbhttps:\/\/ack3.eu\/wp-content\/uploads\/2024\/02\/Crisis-Management-2.webp\u00bb title_text=\u00bbGestion-de-Crisis\u00bb _builder_version=\u00bb4.27.4&#8243; _module_preset=\u00bbdefault\u00bb global_colors_info=\u00bb{}\u00bb][\/et_pb_image][\/et_pb_column][\/et_pb_row][et_pb_row _builder_version=\u00bb4.24.0&#8243; _module_preset=\u00bbdefault\u00bb global_colors_info=\u00bb{}\u00bb][et_pb_column type=\u00bb4_4&#8243; _builder_version=\u00bb4.24.0&#8243; _module_preset=\u00bbdefault\u00bb global_colors_info=\u00bb{}\u00bb][et_pb_text _builder_version=\u00bb4.27.4&#8243; _module_preset=\u00bbdefault\u00bb hover_enabled=\u00bb0&#8243; global_colors_info=\u00bb{}\u00bb sticky_enabled=\u00bb0&#8243;]<\/p>\n<h3 data-start=\"1187\" data-end=\"1432\">Preparedness that protects people and operations<\/h3>\n<p class=\"\" data-start=\"130\" data-end=\"642\">Our service includes risk evaluation, customized response strategies, and practical implementation tools to ensure your organization is ready to face emergencies with confidence. We also assess your team\u2019s crisis-handling capacity through our <a href=\"https:\/\/ack3.eu\/es\/productos\/simulador-de-crisis-csp\/\"><strong data-start=\"428\" data-end=\"457\">Crisis Simulator Training<\/strong><\/a>, allowing us to identify strengths and gaps under pressure. Based on this evaluation, we deliver a <strong data-start=\"557\" data-end=\"597\" data-is-only-node=\"\">personalized emergency response plan<\/strong> tailored to your specific needs. Operamos en:<\/p>\n<p class=\"\" data-start=\"644\" data-end=\"1579\">\u2981 <strong data-start=\"646\" data-end=\"675\">Emergency risk assessment<\/strong>: Analyze potential threats\u2014natural, technological, or human-made\u2014to identify vulnerabilities and prioritize response needs.<br data-start=\"799\" data-end=\"802\" \/>\u2981 <strong data-start=\"804\" data-end=\"831\">Tailored response plans<\/strong>: Develop custom emergency protocols based on the organization\u2019s operational structure, geography, and risk profile.<br data-start=\"947\" data-end=\"950\" data-is-only-node=\"\" \/>\u2981 <strong data-start=\"952\" data-end=\"987\">Command &amp; communication systems<\/strong>: Establish clear incident management structures and internal communication channels for coordinated emergency actions.<br data-start=\"1106\" data-end=\"1109\" \/>\u2981 <strong data-start=\"1111\" data-end=\"1139\">Staff roles and training<\/strong>: Define emergency roles and responsibilities, and conduct regular training and drills to ensure a capable and informed workforce.<br data-start=\"1269\" data-end=\"1272\" \/>\u2981 <strong data-start=\"1274\" data-end=\"1299\">Resource coordination<\/strong>: Identify and allocate the necessary tools, facilities, and personnel to support a rapid and organized response.<br data-start=\"1412\" data-end=\"1415\" \/>\u2981 <strong data-start=\"1417\" data-end=\"1454\">Recovery &amp; continuity integration<\/strong>: Align emergency response planning with broader business continuity strategies for seamless transition into recovery phases.<\/p>\n<blockquote>\n<p class=\"\" data-start=\"1581\" data-end=\"1831\"><strong>With ACK3 as your Emergency Response Planning partner, your organization will be equipped with a resilient, proactive system to handle crises effectively. We help you prepare not just to respond, but to lead with confidence in the face of disruption.<\/strong><\/p>\n<\/blockquote>\n<h3 data-start=\"1262\" data-end=\"1865\">Preparaci\u00f3n que protege a las personas y a las operaciones<\/h3>\n<p class=\"\" data-start=\"1262\" data-end=\"1865\">Nuestro servicio incluye evaluaci\u00f3n de riesgos, estrategias de respuesta personalizadas y herramientas pr\u00e1cticas de implementaci\u00f3n para que tu organizaci\u00f3n est\u00e9 preparada para enfrentar emergencias con confianza. Tambi\u00e9n evaluamos la capacidad de tu equipo para gestionar crisis mediante nuestro <a href=\"https:\/\/ack3.eu\/es\/productos\/simulador-de-crisis-csp\/\"><strong>Crisis Simulator Training<\/strong><\/a>, lo que nos permite identificar fortalezas y \u00e1reas de mejora bajo presi\u00f3n. Con base en esta evaluaci\u00f3n, entregamos un plan de respuesta ante emergencias personalizado seg\u00fan tus necesidades espec\u00edficas. Operamos en:<\/p>\n<p class=\"\" data-start=\"1867\" data-end=\"2984\">\u2981 <strong data-start=\"1869\" data-end=\"1908\">Evaluaci\u00f3n de riesgos de emergencia<\/strong>: Analizamos amenazas potenciales \u2014naturales, tecnol\u00f3gicas o humanas\u2014 para identificar vulnerabilidades y priorizar necesidades de respuesta.<br data-start=\"2049\" data-end=\"2052\" \/>\u2981 <strong data-start=\"2054\" data-end=\"2092\">Planes de respuesta personalizados<\/strong>: Desarrollamos protocolos de emergencia adaptados a la estructura operativa, ubicaci\u00f3n geogr\u00e1fica y perfil de riesgo de la organizaci\u00f3n.<br data-start=\"2229\" data-end=\"2232\" data-is-only-node=\"\" \/>\u2981 <strong data-start=\"2234\" data-end=\"2270\">Sistemas de mando y comunicaci\u00f3n<\/strong>: Establecemos estructuras claras de gesti\u00f3n de incidentes y canales de comunicaci\u00f3n interna para una acci\u00f3n coordinada ante emergencias.<br data-start=\"2407\" data-end=\"2410\" \/>\u2981 <strong data-start=\"2412\" data-end=\"2446\">Roles del personal y formaci\u00f3n<\/strong>: Definimos responsabilidades durante emergencias y llevamos a cabo entrenamientos y simulacros regulares para asegurar un equipo capacitado e informado.<br data-start=\"2599\" data-end=\"2602\" \/>\u2981 <strong data-start=\"2604\" data-end=\"2632\">Coordinaci\u00f3n de recursos<\/strong>: Identificamos y asignamos las herramientas, instalaciones y personal necesarios para respaldar una respuesta r\u00e1pida y organizada.<br data-start=\"2763\" data-end=\"2766\" \/>\u2981 <strong data-start=\"2768\" data-end=\"2817\">Integraci\u00f3n con la recuperaci\u00f3n y continuidad<\/strong>: Alineamos la planificaci\u00f3n de emergencias con estrategias m\u00e1s amplias de continuidad del negocio, garantizando una transici\u00f3n fluida hacia las fases de recuperaci\u00f3n.<\/p>\n<blockquote>\n<p class=\"\" data-start=\"2986\" data-end=\"3264\"><strong>Con ACK3 como tu socio en planificaci\u00f3n de respuesta ante emergencias, tu organizaci\u00f3n contar\u00e1 con un sistema resiliente y proactivo para enfrentar crisis de forma efectiva. Te ayudamos a prepararte no solo para responder, sino para liderar con confianza frente a la disrupci\u00f3n.<\/strong><\/p>\n<\/blockquote>\n<p>[\/et_pb_text][et_pb_divider _builder_version=\u00bb4.27.2&#8243; _module_preset=\u00bbdefault\u00bb global_colors_info=\u00bb{}\u00bb][\/et_pb_divider][\/et_pb_column][\/et_pb_row][et_pb_row _builder_version=\u00bb4.24.0&#8243; _module_preset=\u00bbdefault\u00bb global_module=\u00bb25840410&#8243; saved_tabs=\u00bball\u00bb locked=\u00bboff\u00bb global_colors_info=\u00bb{}\u00bb][et_pb_column type=\u00bb4_4&#8243; _builder_version=\u00bb4.24.0&#8243; _module_preset=\u00bbdefault\u00bb global_colors_info=\u00bb{}\u00bb][et_pb_text _builder_version=\u00bb4.24.0&#8243; _module_preset=\u00bbe9776427-b859-4288-b0a2-c7103567bb8c\u00bb global_colors_info=\u00bb{}\u00bb]<\/p>\n<p style=\"text-align: center;\">Cont\u00e1ctanos<\/p>\n<p>[\/et_pb_text][et_pb_text _builder_version=\u00bb4.24.0&#8243; _dynamic_attributes=\u00bbcontent\u00bb _module_preset=\u00bb13ddcc34-f131-47ca-8026-edc37a2f8af8&#8243; header_2_text_align=\u00bbcenter\u00bb custom_margin=\u00bb||5px||false|false\u00bb global_colors_info=\u00bb{}\u00bb]@ET-DC@eyJkeW5hbWljIjp0cnVlLCJjb250ZW50IjoicG9zdF90aXRsZSIsInNldHRpbmdzIjp7ImJlZm9yZSI6IjxoMj4gXHUwMGJmRXN0XHUwMGUxcyBpbnRlcmVzYWRvIGVuIGxvcyBzZXJ2aWNpb3MgZGUgIiwiYWZ0ZXIiOiIgZGUgQUNLMz88L2gyPiJ9fQ==@[\/et_pb_text][et_pb_text _builder_version=\u00bb4.24.0&#8243; _module_preset=\u00bb13ddcc34-f131-47ca-8026-edc37a2f8af8&#8243; global_colors_info=\u00bb{}\u00bb]<\/p>\n<p style=\"text-align: center;\">Ponte en contacto con nosotros completando el siguiente formulario:<\/p>\n<p>[\/et_pb_text][dipi_gravity_forms_styler gf_form_id=\u00bb1&#8243; form_title=\u00bbhide\u00bb _builder_version=\u00bb4.24.0&#8243; _module_preset=\u00bbdefault\u00bb form_title_font_size=\u00bb0px\u00bb field_label_font=\u00bbTrade Gothic LT Bold Extended||||||||\u00bb field_label_font_size=\u00bb15px\u00bb required_field_indicator_font_size=\u00bb15px\u00bb field_description_font_size=\u00bb16px\u00bb checkbox_radio_label_font_size=\u00bb17px\u00bb custom_all=\u00bbon\u00bb all_text_size=\u00bb17px\u00bb all_bg_color=\u00bb#000000&#8243; all_font=\u00bb|600|||||||\u00bb all_use_icon=\u00bboff\u00bb max_width=\u00bb78%\u00bb max_width_tablet=\u00bb100%\u00bb max_width_phone=\u00bb100%\u00bb max_width_last_edited=\u00bbon|desktop\u00bb module_alignment=\u00bbcenter\u00bb global_colors_info=\u00bb{}\u00bb all_bg_color__hover_enabled=\u00bbon|hover\u00bb all_bg_color__hover=\u00bb#535353&#8243; all_bg_enable_color__hover=\u00bbon\u00bb][\/dipi_gravity_forms_styler][\/et_pb_column][\/et_pb_row][\/et_pb_section]<\/p>\n","protected":false},"excerpt":{"rendered":"<p>Prep\u00e1rate con ACK3: planes de emergencia a medida para proteger a tu equipo, tus activos y la continuidad de tu negocio.<\/p>\n","protected":false},"author":2,"featured_media":25843017,"parent":25844482,"menu_order":0,"comment_status":"closed","ping_status":"closed","template":"","meta":{"_et_pb_use_builder":"on","_et_pb_old_content":"","_et_gb_content_width":"","footnotes":""},"dipi_cpt_category":[],"class_list":["post-25853751","page","type-page","status-publish","has-post-thumbnail","hentry"],"_links":{"self":[{"href":"https:\/\/ack3.eu\/es\/wp-json\/wp\/v2\/pages\/25853751","targetHints":{"allow":["GET"]}}],"collection":[{"href":"https:\/\/ack3.eu\/es\/wp-json\/wp\/v2\/pages"}],"about":[{"href":"https:\/\/ack3.eu\/es\/wp-json\/wp\/v2\/types\/page"}],"author":[{"embeddable":true,"href":"https:\/\/ack3.eu\/es\/wp-json\/wp\/v2\/users\/2"}],"replies":[{"embeddable":true,"href":"https:\/\/ack3.eu\/es\/wp-json\/wp\/v2\/comments?post=25853751"}],"version-history":[{"count":0,"href":"https:\/\/ack3.eu\/es\/wp-json\/wp\/v2\/pages\/25853751\/revisions"}],"up":[{"embeddable":true,"href":"https:\/\/ack3.eu\/es\/wp-json\/wp\/v2\/pages\/25844482"}],"wp:featuredmedia":[{"embeddable":true,"href":"https:\/\/ack3.eu\/es\/wp-json\/wp\/v2\/media\/25843017"}],"wp:attachment":[{"href":"https:\/\/ack3.eu\/es\/wp-json\/wp\/v2\/media?parent=25853751"}],"wp:term":[{"taxonomy":"dipi_cpt_category","embeddable":true,"href":"https:\/\/ack3.eu\/es\/wp-json\/wp\/v2\/dipi_cpt_category?post=25853751"}],"curies":[{"name":"wp","href":"https:\/\/api.w.org\/{rel}","templated":true}]}}