{"id":25853733,"date":"2025-04-14T13:11:49","date_gmt":"2025-04-14T11:11:49","guid":{"rendered":"https:\/\/ack3.eu\/servicios\/gestion-de-crisis\/business-recovery-strategies\/"},"modified":"2025-04-14T15:15:02","modified_gmt":"2025-04-14T13:15:02","slug":"estrategias-recuperacion-empresarial","status":"publish","type":"page","link":"https:\/\/ack3.eu\/es\/servicios\/gestion-de-crisis\/estrategias-recuperacion-empresarial\/","title":{"rendered":"Estrategias de recuperaci\u00f3n empresarial"},"content":{"rendered":"<p>[et_pb_section fb_built=\u00bb1&#8243; _builder_version=\u00bb4.24.0&#8243; _module_preset=\u00bbdefault\u00bb background_color=\u00bb#000000&#8243; background_pattern_repeat_origin=\u00bbcenter\u00bb custom_padding=\u00bb13px||13px||true|false\u00bb saved_tabs=\u00bball\u00bb locked=\u00bboff\u00bb global_colors_info=\u00bb{}\u00bb][et_pb_row _builder_version=\u00bb4.24.0&#8243; _module_preset=\u00bb32edda46-f9f8-4bcc-acb6-81abff8182ae\u00bb custom_margin=\u00bb||0px||false|false\u00bb custom_padding=\u00bb4px||4px||true|false\u00bb global_colors_info=\u00bb{}\u00bb][et_pb_column type=\u00bb4_4&#8243; _builder_version=\u00bb4.20.4&#8243; _module_preset=\u00bbdefault\u00bb global_colors_info=\u00bb{}\u00bb][dipi_breadcrumbs bc_home_text=\u00bbHome\u00bb bc_home_url=\u00bb\/\u00bb bc_items_alignment=\u00bbdipi-bc-left\u00bb bc_item_padding=\u00bb|10px||10px|false|true\u00bb bc_active_item_padding=\u00bb|20px||10px|true|false\u00bb _builder_version=\u00bb4.24.0&#8243; _module_preset=\u00bbdefault\u00bb active_text_color=\u00bb#BADFF7&#8243; global_colors_info=\u00bb{}\u00bb][\/dipi_breadcrumbs][\/et_pb_column][\/et_pb_row][\/et_pb_section][et_pb_section fb_built=\u00bb1&#8243; _builder_version=\u00bb4.24.0&#8243; _module_preset=\u00bbdefault\u00bb locked=\u00bboff\u00bb global_colors_info=\u00bb{}\u00bb][et_pb_row _builder_version=\u00bb4.24.0&#8243; _module_preset=\u00bbdefault\u00bb locked=\u00bboff\u00bb global_colors_info=\u00bb{}\u00bb][et_pb_column type=\u00bb4_4&#8243; _builder_version=\u00bb4.24.0&#8243; _module_preset=\u00bbdefault\u00bb global_colors_info=\u00bb{}\u00bb][et_pb_text _builder_version=\u00bb4.27.4&#8243; _module_preset=\u00bb13ddcc34-f131-47ca-8026-edc37a2f8af8&#8243; global_colors_info=\u00bb{}\u00bb]<\/p>\n<h1 style=\"text-align: center;\" data-start=\"0\" data-end=\"43\">Estrategias de recuperaci\u00f3n empresarial<\/h1>\n<p class=\"\" style=\"text-align: center;\" data-start=\"45\" data-end=\"441\">El servicio de estrategias de recuperaci\u00f3n empresarial de ACK3 est\u00e1 dise\u00f1ado para <strong>ayudar a las organizaciones a recuperarse de manera r\u00e1pida y efectiva despu\u00e9s de una crisis, interrupci\u00f3n o incidente importante<\/strong>. Proporcionamos planes de recuperaci\u00f3n personalizados que restauran las operaciones, apoyan la estabilidad de la fuerza laboral y garantizan la resiliencia organizacional a largo plazo.<\/p>\n<p>[\/et_pb_text][\/et_pb_column][\/et_pb_row][et_pb_row column_structure=\u00bb1_2,1_2&#8243; module_class=\u00bbagf-vertical-align\u00bb _builder_version=\u00bb4.24.0&#8243; _module_preset=\u00bbdefault\u00bb custom_padding=\u00bb||||false|false\u00bb global_colors_info=\u00bb{}\u00bb][et_pb_column type=\u00bb1_2&#8243; _builder_version=\u00bb4.24.0&#8243; _module_preset=\u00bbdefault\u00bb global_colors_info=\u00bb{}\u00bb][et_pb_text _builder_version=\u00bb4.27.4&#8243; _module_preset=\u00bbdefault\u00bb background_color=\u00bb#F6FAFD\u00bb custom_padding=\u00bb30px|30px|30px|30px|true|true\u00bb border_radii=\u00bbon|3px|3px|3px|3px\u00bb box_shadow_style=\u00bbpreset4&#8243; box_shadow_horizontal=\u00bb7px\u00bb box_shadow_vertical=\u00bb7px\u00bb box_shadow_color=\u00bb#BADFF7&#8243; global_colors_info=\u00bb{}\u00bb]<\/p>\n<h2 data-start=\"0\" data-end=\"57\">\u00bfQu\u00e9 son las estrategias de recuperaci\u00f3n empresarial?<\/h2>\n<p class=\"\" data-start=\"59\" data-end=\"639\">Las estrategias de recuperaci\u00f3n empresarial implican la planificaci\u00f3n y ejecuci\u00f3n de medidas que permiten a una organizaci\u00f3n reanudar operaciones cr\u00edticas y volver a la normalidad despu\u00e9s de una emergencia. Esto incluye <strong>evaluar los da\u00f1os, estabilizar las funciones del negocio, restaurar la infraestructura y apoyar a los empleados durante las fases de recuperaci\u00f3n<\/strong>. Una estrategia de recuperaci\u00f3n estructurada no solo reduce el tiempo de inactividad y el impacto financiero, sino que tambi\u00e9n fortalece la capacidad organizacional para adaptarse y prosperar ante futuros desaf\u00edos.<\/p>\n<p>[\/et_pb_text][\/et_pb_column][et_pb_column type=\u00bb1_2&#8243; _builder_version=\u00bb4.24.0&#8243; _module_preset=\u00bbdefault\u00bb global_colors_info=\u00bb{}\u00bb][et_pb_image src=\u00bbhttps:\/\/ack3.eu\/wp-content\/uploads\/2024\/02\/Crisis-Management-2.webp\u00bb title_text=\u00bbGestion-de-Crisis\u00bb _builder_version=\u00bb4.27.4&#8243; _module_preset=\u00bbdefault\u00bb global_colors_info=\u00bb{}\u00bb][\/et_pb_image][\/et_pb_column][\/et_pb_row][et_pb_row _builder_version=\u00bb4.24.0&#8243; _module_preset=\u00bbdefault\u00bb global_colors_info=\u00bb{}\u00bb][et_pb_column type=\u00bb4_4&#8243; _builder_version=\u00bb4.24.0&#8243; _module_preset=\u00bbdefault\u00bb global_colors_info=\u00bb{}\u00bb][et_pb_text _builder_version=\u00bb4.27.4&#8243; _module_preset=\u00bbdefault\u00bb global_colors_info=\u00bb{}\u00bb]<\/p>\n<h3 data-start=\"2383\" data-end=\"2640\"><span style=\"color: #333333; font-size: 22px;\">Donde termina la crisis, comienza la resiliencia<\/span><\/h3>\n<p class=\"\" data-start=\"59\" data-end=\"344\">ACK3 respalda tu recuperaci\u00f3n postcrisis con orientaci\u00f3n experta, planificaci\u00f3n estrat\u00e9gica y herramientas operativas que aceleran el retorno a las operaciones normales. Nuestro enfoque se centra tanto en la <strong>restauraci\u00f3n a corto plazo como en la resiliencia a largo plazo<\/strong>. Operamos en:<\/p>\n<p class=\"\" data-start=\"346\" data-end=\"1633\">\u2981 <strong data-start=\"348\" data-end=\"384\">Evaluaci\u00f3n de impacto y p\u00e9rdidas<\/strong>: Analizamos los da\u00f1os operativos, financieros y reputacionales para definir prioridades y guiar la hoja de ruta de recuperaci\u00f3n.<br data-start=\"513\" data-end=\"516\" \/>\u2981 <strong data-start=\"518\" data-end=\"566\" data-is-only-node=\"\">Planificaci\u00f3n y ejecuci\u00f3n de la recuperaci\u00f3n<\/strong>: Desarrollamos e implementamos estrategias de recuperaci\u00f3n estructuradas, adaptadas a tu industria, tama\u00f1o y contexto de crisis.<br data-start=\"695\" data-end=\"698\" \/>\u2981 <strong data-start=\"700\" data-end=\"741\">Apoyo a la reintegraci\u00f3n del personal<\/strong>: Facilitamos programas de reincorporaci\u00f3n laboral, servicios de apoyo psicol\u00f3gico y planificaci\u00f3n de continuidad en recursos humanos.<br data-start=\"875\" data-end=\"878\" \/>\u2981 <strong data-start=\"880\" data-end=\"924\">Soluciones para la resiliencia operativa<\/strong>: Identificamos dependencias cr\u00edticas e implementamos medidas para reducir riesgos de futuras interrupciones.<br data-start=\"1033\" data-end=\"1036\" \/>\u2981 <strong data-start=\"1038\" data-end=\"1088\">Comunicaci\u00f3n con partes interesadas y clientes<\/strong>: Gestionamos el mensaje postcrisis y las expectativas de clientes, socios, reguladores y equipos internos.<br data-start=\"1195\" data-end=\"1198\" \/>\u2981 <strong data-start=\"1200\" data-end=\"1246\">Integraci\u00f3n con la continuidad del negocio<\/strong>: Alineamos los esfuerzos de recuperaci\u00f3n con marcos de continuidad existentes para asegurar una transici\u00f3n fluida y estabilidad a largo plazo.<br data-start=\"1389\" data-end=\"1392\" \/>\u2981 <strong data-start=\"1394\" data-end=\"1419\">Apoyo del SOC de ACK3<\/strong>: Nuestro <a href=\"https:\/\/ack3.eu\/es\/servicios\/mission-critical-support\/centro-de-operaciones-de-seguridad-hibrida-global-soc\/\"><strong>Centro de Operaciones de Seguridad (SOC)<\/strong><\/a> permanece activo tras el incidente, ofreciendo actualizaciones de inteligencia, monitoreo de amenazas y alertas tempranas ante posibles interrupciones secundarias.<\/p>\n<blockquote>\n<p class=\"\" data-start=\"1635\" data-end=\"1915\"><strong>Con ACK3 como tu aliado en estrategias de recuperaci\u00f3n empresarial, tu organizaci\u00f3n obtendr\u00e1 la estructura, el liderazgo y el apoyo necesarios para recuperarse de manera m\u00e1s s\u00f3lida y r\u00e1pida. Te ayudamos no solo a retomar el rumbo, sino a avanzar con mayor confianza y resiliencia.<\/strong><\/p>\n<\/blockquote>\n<p>[\/et_pb_text][et_pb_divider _builder_version=\u00bb4.27.2&#8243; _module_preset=\u00bbdefault\u00bb global_colors_info=\u00bb{}\u00bb][\/et_pb_divider][\/et_pb_column][\/et_pb_row][et_pb_row _builder_version=\u00bb4.24.0&#8243; _module_preset=\u00bbdefault\u00bb global_module=\u00bb25840410&#8243; saved_tabs=\u00bball\u00bb locked=\u00bboff\u00bb global_colors_info=\u00bb{}\u00bb][et_pb_column type=\u00bb4_4&#8243; _builder_version=\u00bb4.24.0&#8243; _module_preset=\u00bbdefault\u00bb global_colors_info=\u00bb{}\u00bb][et_pb_text _builder_version=\u00bb4.24.0&#8243; _module_preset=\u00bbe9776427-b859-4288-b0a2-c7103567bb8c\u00bb global_colors_info=\u00bb{}\u00bb]<\/p>\n<p style=\"text-align: center;\">Cont\u00e1ctanos<\/p>\n<p>[\/et_pb_text][et_pb_text _builder_version=\u00bb4.24.0&#8243; _dynamic_attributes=\u00bbcontent\u00bb _module_preset=\u00bb13ddcc34-f131-47ca-8026-edc37a2f8af8&#8243; header_2_text_align=\u00bbcenter\u00bb custom_margin=\u00bb||5px||false|false\u00bb global_colors_info=\u00bb{}\u00bb]@ET-DC@eyJkeW5hbWljIjp0cnVlLCJjb250ZW50IjoicG9zdF90aXRsZSIsInNldHRpbmdzIjp7ImJlZm9yZSI6IjxoMj4gXHUwMGJmRXN0XHUwMGUxcyBpbnRlcmVzYWRvIGVuIGxvcyBzZXJ2aWNpb3MgZGUgIiwiYWZ0ZXIiOiIgZGUgQUNLMz88L2gyPiJ9fQ==@[\/et_pb_text][et_pb_text _builder_version=\u00bb4.24.0&#8243; _module_preset=\u00bb13ddcc34-f131-47ca-8026-edc37a2f8af8&#8243; global_colors_info=\u00bb{}\u00bb]<\/p>\n<p style=\"text-align: center;\">Ponte en contacto con nosotros completando el siguiente formulario:<\/p>\n<p>[\/et_pb_text][dipi_gravity_forms_styler gf_form_id=\u00bb1&#8243; form_title=\u00bbhide\u00bb _builder_version=\u00bb4.24.0&#8243; _module_preset=\u00bbdefault\u00bb form_title_font_size=\u00bb0px\u00bb field_label_font=\u00bbTrade Gothic LT Bold Extended||||||||\u00bb field_label_font_size=\u00bb15px\u00bb required_field_indicator_font_size=\u00bb15px\u00bb field_description_font_size=\u00bb16px\u00bb checkbox_radio_label_font_size=\u00bb17px\u00bb custom_all=\u00bbon\u00bb all_text_size=\u00bb17px\u00bb all_bg_color=\u00bb#000000&#8243; all_font=\u00bb|600|||||||\u00bb all_use_icon=\u00bboff\u00bb max_width=\u00bb78%\u00bb max_width_tablet=\u00bb100%\u00bb max_width_phone=\u00bb100%\u00bb max_width_last_edited=\u00bbon|desktop\u00bb module_alignment=\u00bbcenter\u00bb global_colors_info=\u00bb{}\u00bb all_bg_color__hover_enabled=\u00bbon|hover\u00bb all_bg_color__hover=\u00bb#535353&#8243; all_bg_enable_color__hover=\u00bbon\u00bb][\/dipi_gravity_forms_styler][\/et_pb_column][\/et_pb_row][\/et_pb_section]<\/p>\n","protected":false},"excerpt":{"rendered":"<p>Recup\u00e9rate con m\u00e1s fuerza junto a ACK3: planes de recuperaci\u00f3n empresarial, apoyo a equipos y resiliencia organizacional a largo plazo.<\/p>\n","protected":false},"author":2,"featured_media":25843017,"parent":25844482,"menu_order":0,"comment_status":"closed","ping_status":"closed","template":"","meta":{"_et_pb_use_builder":"on","_et_pb_old_content":"","_et_gb_content_width":"","footnotes":""},"dipi_cpt_category":[],"class_list":["post-25853733","page","type-page","status-publish","has-post-thumbnail","hentry"],"_links":{"self":[{"href":"https:\/\/ack3.eu\/es\/wp-json\/wp\/v2\/pages\/25853733","targetHints":{"allow":["GET"]}}],"collection":[{"href":"https:\/\/ack3.eu\/es\/wp-json\/wp\/v2\/pages"}],"about":[{"href":"https:\/\/ack3.eu\/es\/wp-json\/wp\/v2\/types\/page"}],"author":[{"embeddable":true,"href":"https:\/\/ack3.eu\/es\/wp-json\/wp\/v2\/users\/2"}],"replies":[{"embeddable":true,"href":"https:\/\/ack3.eu\/es\/wp-json\/wp\/v2\/comments?post=25853733"}],"version-history":[{"count":0,"href":"https:\/\/ack3.eu\/es\/wp-json\/wp\/v2\/pages\/25853733\/revisions"}],"up":[{"embeddable":true,"href":"https:\/\/ack3.eu\/es\/wp-json\/wp\/v2\/pages\/25844482"}],"wp:featuredmedia":[{"embeddable":true,"href":"https:\/\/ack3.eu\/es\/wp-json\/wp\/v2\/media\/25843017"}],"wp:attachment":[{"href":"https:\/\/ack3.eu\/es\/wp-json\/wp\/v2\/media?parent=25853733"}],"wp:term":[{"taxonomy":"dipi_cpt_category","embeddable":true,"href":"https:\/\/ack3.eu\/es\/wp-json\/wp\/v2\/dipi_cpt_category?post=25853733"}],"curies":[{"name":"wp","href":"https:\/\/api.w.org\/{rel}","templated":true}]}}