{"id":25853450,"date":"2025-04-04T10:55:37","date_gmt":"2025-04-04T08:55:37","guid":{"rendered":"https:\/\/ack3.eu\/productos\/trueinvestigation-with-layer-voice-analysis-lva\/"},"modified":"2025-11-24T11:14:44","modified_gmt":"2025-11-24T10:14:44","slug":"trueinvestigation-analisis-voz-capas-lva","status":"publish","type":"page","link":"https:\/\/ack3.eu\/es\/productos\/trueinvestigation-analisis-voz-capas-lva\/","title":{"rendered":"TrueInvestigation\u2122 con An\u00e1lisis de Voz por Capas (LVA)"},"content":{"rendered":"<p>[et_pb_section fb_built=\u00bb1&#8243; _builder_version=\u00bb4.24.0&#8243; _module_preset=\u00bbdefault\u00bb background_color=\u00bb#000000&#8243; background_pattern_repeat_origin=\u00bbcenter\u00bb custom_padding=\u00bb13px||13px||true|false\u00bb saved_tabs=\u00bball\u00bb locked=\u00bboff\u00bb global_colors_info=\u00bb{}\u00bb][et_pb_row _builder_version=\u00bb4.24.0&#8243; _module_preset=\u00bb32edda46-f9f8-4bcc-acb6-81abff8182ae\u00bb custom_margin=\u00bb||0px||false|false\u00bb custom_padding=\u00bb4px||4px||true|false\u00bb global_colors_info=\u00bb{}\u00bb][et_pb_column type=\u00bb4_4&#8243; _builder_version=\u00bb4.20.4&#8243; _module_preset=\u00bbdefault\u00bb global_colors_info=\u00bb{}\u00bb][dipi_breadcrumbs bc_home_text=\u00bbHome\u00bb bc_home_url=\u00bb\/\u00bb bc_items_alignment=\u00bbdipi-bc-left\u00bb bc_item_padding=\u00bb|10px||10px|false|true\u00bb bc_active_item_padding=\u00bb|20px||10px|true|false\u00bb _builder_version=\u00bb4.24.0&#8243; _module_preset=\u00bbdefault\u00bb active_text_color=\u00bb#BADFF7&#8243; global_colors_info=\u00bb{}\u00bb][\/dipi_breadcrumbs][\/et_pb_column][\/et_pb_row][\/et_pb_section][et_pb_section fb_built=\u00bb1&#8243; _builder_version=\u00bb4.24.0&#8243; _module_preset=\u00bbdefault\u00bb locked=\u00bboff\u00bb global_colors_info=\u00bb{}\u00bb][et_pb_row _builder_version=\u00bb4.24.0&#8243; _module_preset=\u00bbdefault\u00bb locked=\u00bboff\u00bb global_colors_info=\u00bb{}\u00bb][et_pb_column type=\u00bb4_4&#8243; _builder_version=\u00bb4.24.0&#8243; _module_preset=\u00bbdefault\u00bb global_colors_info=\u00bb{}\u00bb][et_pb_text _builder_version=\u00bb4.27.4&#8243; _module_preset=\u00bb13ddcc34-f131-47ca-8026-edc37a2f8af8&#8243; global_colors_info=\u00bb{}\u00bb]<\/p>\n<h1 style=\"text-align: center;\">TrueInvestigation\u2122 con An\u00e1lisis de Voz por Capas (LVA)<\/h1>\n<h4 style=\"text-align: center;\" data-start=\"0\" data-end=\"134\"><strong>An\u00e1lisis de riesgo y veracidad basado en la voz para escenarios sensibles<\/strong><\/h4>\n<article class=\"text-token-text-primary w-full\" dir=\"auto\" data-testid=\"conversation-turn-2\" data-scroll-anchor=\"true\">\n<div class=\"text-base my-auto mx-auto py-5 [--thread-content-margin:--spacing(4)] @[37rem]:[--thread-content-margin:--spacing(6)] @[70rem]:[--thread-content-margin:--spacing(12)] px-(--thread-content-margin)\">\n<div class=\"[--thread-content-max-width:32rem] @[34rem]:[--thread-content-max-width:40rem] @[64rem]:[--thread-content-max-width:48rem] mx-auto flex max-w-(--thread-content-max-width) flex-1 text-base gap-4 md:gap-5 lg:gap-6 group\/turn-messages focus-visible:outline-hidden\" tabindex=\"-1\">\n<div class=\"group\/conversation-turn relative flex w-full min-w-0 flex-col agent-turn\">\n<div class=\"relative flex-col gap-1 md:gap-3\">\n<div class=\"flex max-w-full flex-col grow\">\n<div class=\"min-h-8 text-message relative flex w-full flex-col items-end gap-2 text-start break-words whitespace-normal [.text-message+&amp;]:mt-5\" dir=\"auto\" data-message-author-role=\"assistant\" data-message-id=\"dd0a1310-a413-4aa9-99f7-6a55f0811d0d\" data-message-model-slug=\"gpt-4o\">\n<div class=\"flex w-full flex-col gap-1 empty:hidden first:pt-[3px]\">\n<div class=\"markdown prose dark:prose-invert w-full break-words light\">\n<p class=\"\" style=\"text-align: center;\" data-start=\"136\" data-end=\"744\">TrueInvestigation\u2122 es un <strong>servicio de investigaci\u00f3n avanzado desarrollado por ACK3<\/strong>, que ofrece un <strong>m\u00e9todo confiable y no invasivo para evaluar el riesgo, el enga\u00f1o y los indicadores emocionales mediante el an\u00e1lisis de la voz<\/strong>. Dise\u00f1ado para su uso en entornos reales, proporciona a las organizaciones inteligencia procesable que respalda la toma de decisiones en contextos delicados o de alto riesgo. Al combinar tecnolog\u00eda con una metodolog\u00eda estructurada, TrueInvestigation\u2122 reduce la incertidumbre y mejora la precisi\u00f3n investigativa donde los m\u00e9todos tradicionales pueden resultar insuficientes.<\/p>\n<\/div>\n<\/div>\n<\/div>\n<\/div>\n<\/div>\n<\/div>\n<\/div>\n<\/div>\n<\/article>\n<p>[\/et_pb_text][\/et_pb_column][\/et_pb_row][et_pb_row column_structure=\u00bb1_2,1_2&#8243; _builder_version=\u00bb4.24.0&#8243; _module_preset=\u00bbdefault\u00bb custom_padding=\u00bb3px||2px|||\u00bb global_colors_info=\u00bb{}\u00bb][et_pb_column type=\u00bb1_2&#8243; _builder_version=\u00bb4.24.0&#8243; _module_preset=\u00bbdefault\u00bb global_colors_info=\u00bb{}\u00bb][et_pb_text _builder_version=\u00bb4.27.4&#8243; _module_preset=\u00bbdefault\u00bb global_colors_info=\u00bb{}\u00bb]<\/p>\n<blockquote>\n<h2>\u00bfQu\u00e9 es TrueInvestigation\u2122?<\/h2>\n<p><strong>TrueInvestigation\u2122<\/strong> es un servicio exclusivo desarrollado por ACK3 que utiliza t\u00e9cnicas avanzadas de an\u00e1lisis de voz para detectar inconsistencias, patrones de estr\u00e9s y posibles se\u00f1ales de enga\u00f1o en el habla humana. El sistema est\u00e1 dise\u00f1ado para <strong>apoyar investigaciones cr\u00edticas, evaluaciones de antecedentes y procesos de toma de decisiones en contextos de alta relevancia<\/strong>, donde la verdad, la intenci\u00f3n y la claridad son fundamentales. Combina una metodolog\u00eda estructurada, mapeo emocional avanzado e interpretaci\u00f3n experta para reducir la incertidumbre en escenarios sensibles.<\/p>\n<\/blockquote>\n<p>[\/et_pb_text][\/et_pb_column][et_pb_column type=\u00bb1_2&#8243; _builder_version=\u00bb4.24.0&#8243; _module_preset=\u00bbdefault\u00bb global_colors_info=\u00bb{}\u00bb][et_pb_image src=\u00bbhttps:\/\/ack3.eu\/wp-content\/uploads\/2025\/04\/trueinvestigation-lva-layer-voice-analysis.jpg\u00bb title_text=\u00bbtrueinvestigation-lva-layer-voice-analysis\u00bb align=\u00bbcenter\u00bb _builder_version=\u00bb4.27.4&#8243; _module_preset=\u00bbdefault\u00bb global_colors_info=\u00bb{}\u00bb][\/et_pb_image][\/et_pb_column][\/et_pb_row][et_pb_row column_structure=\u00bb1_2,1_2&#8243; _builder_version=\u00bb4.24.0&#8243; _module_preset=\u00bbdefault\u00bb custom_padding=\u00bb3px||2px|||\u00bb global_colors_info=\u00bb{}\u00bb][et_pb_column type=\u00bb1_2&#8243; _builder_version=\u00bb4.24.0&#8243; _module_preset=\u00bbdefault\u00bb global_colors_info=\u00bb{}\u00bb][et_pb_image src=\u00bbhttps:\/\/ack3.eu\/wp-content\/uploads\/2025\/04\/trueinvestigation-lva-analisis-de-voz-por-capas.jpg\u00bb title_text=\u00bbtrueinvestigation-lva-analisis-de-voz-por-capas\u00bb _builder_version=\u00bb4.27.4&#8243; _module_preset=\u00bbdefault\u00bb custom_margin=\u00bb||1px|||\u00bb global_colors_info=\u00bb{}\u00bb][\/et_pb_image][\/et_pb_column][et_pb_column type=\u00bb1_2&#8243; _builder_version=\u00bb4.24.0&#8243; _module_preset=\u00bbdefault\u00bb global_colors_info=\u00bb{}\u00bb][et_pb_text _builder_version=\u00bb4.27.4&#8243; _module_preset=\u00bbdefault\u00bb custom_padding=\u00bb2px|||||\u00bb global_colors_info=\u00bb{}\u00bb]<\/p>\n<blockquote>\n<h2>\u00bfQu\u00e9 es la tecnolog\u00eda de an\u00e1lisis por capas de la voz?<\/h2>\n<p>La voz transmite mucho m\u00e1s que palabras: revela emociones, intenciones y disonancias cognitivas. TrueInvestigation\u2122 aprovecha la tecnolog\u00eda de an\u00e1lisis por capas de la voz para descifrar estas se\u00f1ales con alta precisi\u00f3n, <strong>identificando reacciones como el estr\u00e9s, la incertidumbre, la manipulaci\u00f3n de la voz o el ocultamiento<\/strong>. Nuestro an\u00e1lisis no se basa en el contenido de las palabras ni en preguntas de \u201cs\u00ed\/no\u201d, sino que eval\u00faa reacciones aut\u00e9nticas dentro del habla libre. La tecnolog\u00eda es <strong>no invasiva, funciona a trav\u00e9s de diferentes idiomas y culturas, y se adapta a entornos del mundo real<\/strong>. Se utiliza en sectores como la seguridad, las finanzas, el cumplimiento normativo, los recursos humanos y la inteligencia.<\/p>\n<\/blockquote>\n<p>[\/et_pb_text][\/et_pb_column][\/et_pb_row][et_pb_row _builder_version=\u00bb4.27.4&#8243; _module_preset=\u00bbdefault\u00bb custom_padding=\u00bb||7px|||\u00bb global_colors_info=\u00bb{}\u00bb][et_pb_column type=\u00bb4_4&#8243; _builder_version=\u00bb4.27.4&#8243; _module_preset=\u00bbdefault\u00bb global_colors_info=\u00bb{}\u00bb][et_pb_text _builder_version=\u00bb4.27.4&#8243; _module_preset=\u00bbdefault\u00bb global_colors_info=\u00bb{}\u00bb]<\/p>\n<h2 style=\"text-align: center;\">Modalidades actuales del servicio<\/h2>\n<p style=\"text-align: center;\">Actualmente, <strong>TrueInvestigation\u2122<\/strong> se ofrece en las siguientes dos modalidades:<\/p>\n<p>[\/et_pb_text][\/et_pb_column][\/et_pb_row][et_pb_row column_structure=\u00bb1_2,1_2&#8243; _builder_version=\u00bb4.27.4&#8243; _module_preset=\u00bbdefault\u00bb global_colors_info=\u00bb{}\u00bb][et_pb_column type=\u00bb1_2&#8243; _builder_version=\u00bb4.27.4&#8243; _module_preset=\u00bbdefault\u00bb global_colors_info=\u00bb{}\u00bb][et_pb_text _builder_version=\u00bb4.27.4&#8243; _module_preset=\u00bbdefault\u00bb global_colors_info=\u00bb{}\u00bb]<\/p>\n<h6 data-start=\"3\" data-end=\"52\"><strong data-start=\"3\" data-end=\"52\">1. Entrevista remota por tel\u00e9fono o videollamada<\/strong><\/h6>\n<p class=\"\" data-start=\"54\" data-end=\"161\">Entrevistas estructuradas y en tiempo real, realizadas de forma remota por nuestros operadores capacitados.<\/p>\n<ul data-start=\"163\" data-end=\"548\" data-is-last-node=\"\" data-is-only-node=\"\">\n<li class=\"\" data-start=\"163\" data-end=\"275\">\n<p class=\"\" data-start=\"165\" data-end=\"275\">Las entrevistas se gu\u00edan mediante una metodolog\u00eda interna enfocada en el \u201cqu\u00e9, c\u00f3mo, cu\u00e1ndo, d\u00f3nde y qui\u00e9n\u201d.<\/p>\n<\/li>\n<li class=\"\" data-start=\"276\" data-end=\"363\">\n<p class=\"\" data-start=\"278\" data-end=\"363\">El cliente debe proporcionar informaci\u00f3n b\u00e1sica de contexto para adaptar la sesi\u00f3n.<\/p>\n<\/li>\n<li class=\"\" data-start=\"364\" data-end=\"453\">\n<p class=\"\" data-start=\"366\" data-end=\"453\">Ofrecemos una gu\u00eda preparatoria para mejorar la calidad y la fiabilidad del an\u00e1lisis.<\/p>\n<\/li>\n<li class=\"\" data-start=\"454\" data-end=\"548\">\n<p class=\"\" data-start=\"456\" data-end=\"548\">Los resultados se entregan dentro de las <strong>2 horas<\/strong> posteriores a la finalizaci\u00f3n de la sesi\u00f3n.<\/p>\n<\/li>\n<\/ul>\n<p>[\/et_pb_text][\/et_pb_column][et_pb_column type=\u00bb1_2&#8243; _builder_version=\u00bb4.27.4&#8243; _module_preset=\u00bbdefault\u00bb global_colors_info=\u00bb{}\u00bb][et_pb_text _builder_version=\u00bb4.27.4&#8243; _module_preset=\u00bbdefault\u00bb global_colors_info=\u00bb{}\u00bb]<\/p>\n<h6 data-start=\"3\" data-end=\"35\"><strong data-start=\"3\" data-end=\"35\">2. An\u00e1lisis de audio pregrabado<\/strong><\/h6>\n<p class=\"\" data-start=\"37\" data-end=\"99\">Evaluaci\u00f3n de entrevistas previamente grabadas o notas de voz.<\/p>\n<ul data-start=\"101\" data-end=\"365\" data-is-last-node=\"\" data-is-only-node=\"\">\n<li class=\"\" data-start=\"101\" data-end=\"178\">\n<p class=\"\" data-start=\"103\" data-end=\"178\">Formatos aceptados: MP3, WAV o similares, siempre que el audio sea claro.<\/p>\n<\/li>\n<li class=\"\" data-start=\"179\" data-end=\"270\">\n<p class=\"\" data-start=\"181\" data-end=\"270\">Ideal para an\u00e1lisis retrospectivos en auditor\u00edas, reclamaciones o casos disciplinarios.<\/p>\n<\/li>\n<li class=\"\" data-start=\"271\" data-end=\"325\">\n<p class=\"\" data-start=\"273\" data-end=\"325\">Los resultados se entregan dentro de las 24 horas.<\/p>\n<\/li>\n<li class=\"\" data-start=\"326\" data-end=\"365\">\n<p class=\"\" data-start=\"328\" data-end=\"365\">Capacidad: hasta 30 an\u00e1lisis por d\u00eda.<\/p>\n<\/li>\n<\/ul>\n<p>[\/et_pb_text][\/et_pb_column][\/et_pb_row][et_pb_row column_structure=\u00bb1_3,1_3,1_3&#8243; _builder_version=\u00bb4.24.2&#8243; _module_preset=\u00bbdefault\u00bb custom_margin=\u00bb-13px|auto||auto||\u00bb custom_padding=\u00bb26px||6px|||\u00bb global_colors_info=\u00bb{}\u00bb][et_pb_column type=\u00bb1_3&#8243; _builder_version=\u00bb4.24.2&#8243; _module_preset=\u00bbdefault\u00bb global_colors_info=\u00bb{}\u00bb][et_pb_text _builder_version=\u00bb4.27.4&#8243; _module_preset=\u00bbdefault\u00bb custom_margin=\u00bb-8px|||||\u00bb custom_padding=\u00bb6px|||||\u00bb global_colors_info=\u00bb{}\u00bb]<\/p>\n<h4>Usos<\/h4>\n<ul>\n<li>Investigaciones internas e incidentes de seguridad<\/li>\n<li>Detecci\u00f3n de fraude y verificaci\u00f3n de antecedentes<\/li>\n<li>Evaluaciones de riesgo crediticio y financiero<\/li>\n<li>Evaluaci\u00f3n de personal en contextos sensibles (confidenciales o propensos a conflictos)<\/li>\n<li>Diligencia debida previa a procesos legales o apoyo en incidentes de RR. HH.<\/li>\n<li>Entrevistas de alto nivel en sectores de defensa, aeroespacial o gubernamental<\/li>\n<li>Verificaci\u00f3n de integridad en procesos de seguros, contrataci\u00f3n y adquisiciones<\/li>\n<\/ul>\n<p>[\/et_pb_text][\/et_pb_column][et_pb_column type=\u00bb1_3&#8243; _builder_version=\u00bb4.24.2&#8243; _module_preset=\u00bbdefault\u00bb global_colors_info=\u00bb{}\u00bb][et_pb_text _builder_version=\u00bb4.27.4&#8243; _module_preset=\u00bbdefault\u00bb global_colors_info=\u00bb{}\u00bb]<\/p>\n<h4>\u00bfPor qu\u00e9 es diferente?<\/h4>\n<p><strong>TrueInvestigation\u2122<\/strong> se distingue por ser:<\/p>\n<ul>\n<li>\n<p>No invasivo y sin necesidad de dispositivos.<\/p>\n<\/li>\n<li>\n<p>Capaz de analizar el habla libre y natural, sin limitarse a respuestas guionadas.<\/p>\n<\/li>\n<li>\n<p>Independiente del idioma y aplicable a nivel intercultural.<\/p>\n<\/li>\n<li>\n<p>R\u00e1pido: ofrece resultados en tiempo real o con tiempos de entrega muy cortos.<\/p>\n<\/li>\n<li>\n<p>Discreto: puede utilizarse sin que el sujeto lo sepa, cuando la ley lo permite.<\/p>\n<\/li>\n<li>\n<p>Pr\u00e1ctico: adaptado a condiciones reales, fuera de entornos de laboratorio.<\/p>\n<\/li>\n<\/ul>\n<p>[\/et_pb_text][\/et_pb_column][et_pb_column type=\u00bb1_3&#8243; _builder_version=\u00bb4.24.2&#8243; _module_preset=\u00bbdefault\u00bb global_colors_info=\u00bb{}\u00bb][et_pb_text _builder_version=\u00bb4.27.4&#8243; _module_preset=\u00bbdefault\u00bb global_colors_info=\u00bb{}\u00bb]<\/p>\n<h4>\u00bfQu\u00e9 recibe el cliente?<\/h4>\n<p>Los clientes reciben:<\/p>\n<ul>\n<li>\n<p>Un informe formal de evaluaci\u00f3n de riesgo y veracidad.<\/p>\n<\/li>\n<li>\n<p>Un an\u00e1lisis emocional segmentado, interpretado por profesionales.<\/p>\n<\/li>\n<li>\n<p>Indicadores claros de posible enga\u00f1o, estr\u00e9s o manipulaci\u00f3n.<\/p>\n<\/li>\n<li>\n<p>Recomendaciones estrat\u00e9gicas adaptadas al caso.<\/p>\n<\/li>\n<\/ul>\n<p>Todos los entregables son claros, estructurados y f\u00e1cilmente integrables en flujos de trabajo legales, de recursos humanos, cumplimiento normativo o investigaciones.<\/p>\n<p>[\/et_pb_text][\/et_pb_column][\/et_pb_row][et_pb_row column_structure=\u00bb1_2,1_2&#8243; use_custom_gutter=\u00bbon\u00bb gutter_width=\u00bb2&#8243; _builder_version=\u00bb4.24.2&#8243; _module_preset=\u00bbdefault\u00bb custom_margin=\u00bb50px|auto||auto||\u00bb custom_padding=\u00bb0px|||||\u00bb global_colors_info=\u00bb{}\u00bb][et_pb_column type=\u00bb1_2&#8243; _builder_version=\u00bb4.24.2&#8243; _module_preset=\u00bbdefault\u00bb global_colors_info=\u00bb{}\u00bb][et_pb_image src=\u00bbhttps:\/\/ack3.eu\/wp-content\/uploads\/2024\/03\/Layer-Voice-Analysis\u2122-LVA-Emotional-Profile.jpg\u00bb title_text=\u00bbLayered-Voice-Analysis\u2122-(LVA)-Perfil-Emocional\u00bb align=\u00bbcenter\u00bb _builder_version=\u00bb4.27.4&#8243; _module_preset=\u00bbdefault\u00bb custom_margin=\u00bb||2px|||\u00bb global_colors_info=\u00bb{}\u00bb][\/et_pb_image][et_pb_text _builder_version=\u00bb4.27.4&#8243; _module_preset=\u00bbdefault\u00bb global_colors_info=\u00bb{}\u00bb]<\/p>\n<pre>Ejemplos de resultados de TrueInvestigation.<\/pre>\n<p>[\/et_pb_text][\/et_pb_column][et_pb_column type=\u00bb1_2&#8243; _builder_version=\u00bb4.27.4&#8243; _module_preset=\u00bbdefault\u00bb global_colors_info=\u00bb{}\u00bb][et_pb_image src=\u00bbhttps:\/\/ack3.eu\/wp-content\/uploads\/2024\/03\/Layer-Voice-Analysis\u2122-LVA-technology.jpg\u00bb title_text=\u00bbLayered-Voice-Analysis\u2122-(LVA)-tecnolog\u00eda\u00bb align=\u00bbcenter\u00bb _builder_version=\u00bb4.27.4&#8243; _module_preset=\u00bbdefault\u00bb custom_margin=\u00bb||2px|||\u00bb global_colors_info=\u00bb{}\u00bb][\/et_pb_image][\/et_pb_column][\/et_pb_row][et_pb_row _builder_version=\u00bb4.24.2&#8243; _module_preset=\u00bbdefault\u00bb global_colors_info=\u00bb{}\u00bb][et_pb_column type=\u00bb4_4&#8243; _builder_version=\u00bb4.24.2&#8243; _module_preset=\u00bbdefault\u00bb global_colors_info=\u00bb{}\u00bb][et_pb_text _builder_version=\u00bb4.27.4&#8243; _module_preset=\u00bbdefault\u00bb custom_margin=\u00bb||18px|||\u00bb custom_padding=\u00bb||6px|||\u00bb global_colors_info=\u00bb{}\u00bb]<\/p>\n<h2>\u00bfPor qu\u00e9 deber\u00eda tu organizaci\u00f3n realizar una TrueInvestigation de ACK3?<\/h2>\n<p>[\/et_pb_text][et_pb_text _builder_version=\u00bb4.27.4&#8243; _module_preset=\u00bbdefault\u00bb custom_margin=\u00bb-8px|||||\u00bb global_colors_info=\u00bb{}\u00bb]<\/p>\n<blockquote>\n<p><strong>TrueInvestigation\u2122<\/strong> es una soluci\u00f3n vers\u00e1til para organizaciones que enfrentan escenarios sensibles o de alto impacto. Proporciona un apoyo confiable para procedimientos disciplinarios y de cumplimiento, permitiendo que las <strong>decisiones se basen en conocimientos objetivos y fundamentados en evidencia.<\/strong> Al identificar individuos o comportamientos de alto riesgo en las primeras etapas del proceso, ayuda a las organizaciones a actuar antes de que las situaciones escalen a consecuencias legales o reputacionales. El servicio tambi\u00e9n agrega valor en los procesos de contrataci\u00f3n, especialmente en roles confidenciales o de alto riesgo, al ofrecer un filtro \u00e9tico y eficaz. Donde las entrevistas tradicionales pueden fallar en descubrir estr\u00e9s o intenci\u00f3n de enga\u00f1ar, TrueInvestigation\u2122 puede revelar tensiones psicol\u00f3gicas que de otro modo pasar\u00edan desapercibidas. Su aplicaci\u00f3n es particularmente \u00fatil en \u00e1reas como evaluaciones para autorizaciones de seguridad, evaluaciones de adquisiciones, casos de conflicto de intereses y planificaci\u00f3n de respuesta ante crisis, donde una comprensi\u00f3n clara del comportamiento y la intenci\u00f3n es cr\u00edtica.<\/p>\n<\/blockquote>\n<p>[\/et_pb_text][et_pb_divider _builder_version=\u00bb4.27.2&#8243; _module_preset=\u00bbdefault\u00bb global_colors_info=\u00bb{}\u00bb][\/et_pb_divider][\/et_pb_column][\/et_pb_row][et_pb_row _builder_version=\u00bb4.24.0&#8243; _module_preset=\u00bbdefault\u00bb global_module=\u00bb25841311&#8243; saved_tabs=\u00bball\u00bb locked=\u00bboff\u00bb global_colors_info=\u00bb{}\u00bb][et_pb_column type=\u00bb4_4&#8243; _builder_version=\u00bb4.24.0&#8243; _module_preset=\u00bbdefault\u00bb global_colors_info=\u00bb{}\u00bb][et_pb_text _builder_version=\u00bb4.24.0&#8243; _module_preset=\u00bbe9776427-b859-4288-b0a2-c7103567bb8c\u00bb global_colors_info=\u00bb{}\u00bb]<\/p>\n<p style=\"text-align: center;\">Cont\u00e1ctanos<\/p>\n<p>[\/et_pb_text][et_pb_text _builder_version=\u00bb4.27.4&#8243; _dynamic_attributes=\u00bbcontent\u00bb _module_preset=\u00bb13ddcc34-f131-47ca-8026-edc37a2f8af8&#8243; header_2_text_align=\u00bbcenter\u00bb custom_margin=\u00bb||5px||false|false\u00bb hover_enabled=\u00bb0&#8243; global_colors_info=\u00bb{}\u00bb sticky_enabled=\u00bb0&#8243;]@ET-DC@eyJkeW5hbWljIjp0cnVlLCJjb250ZW50IjoicG9zdF90aXRsZSIsInNldHRpbmdzIjp7ImJlZm9yZSI6IjxoMj4gwr9Fc3TDoXMgaW50ZXJlc2FkbyBlbiBsb3Mgc2VydmljaW9zIGRlICIsImFmdGVyIjoiIGRlIEFDSzM\/PC9oMj4ifX0=@[\/et_pb_text][et_pb_text _builder_version=\u00bb4.24.0&#8243; _module_preset=\u00bb13ddcc34-f131-47ca-8026-edc37a2f8af8&#8243; global_colors_info=\u00bb{}\u00bb]<\/p>\n<p style=\"text-align: center;\">Ponte en contacto con nosotros completando el siguiente formulario:<\/p>\n<p>[\/et_pb_text][dipi_gravity_forms_styler gf_form_id=\u00bb1&#8243; form_title=\u00bbhide\u00bb _builder_version=\u00bb4.24.0&#8243; _module_preset=\u00bbdefault\u00bb form_title_font_size=\u00bb0px\u00bb field_label_font=\u00bbTrade Gothic LT Bold Extended||||||||\u00bb field_label_font_size=\u00bb15px\u00bb required_field_indicator_font_size=\u00bb15px\u00bb field_description_font_size=\u00bb16px\u00bb checkbox_radio_label_font_size=\u00bb17px\u00bb custom_all=\u00bbon\u00bb all_text_size=\u00bb17px\u00bb all_bg_color=\u00bb#000000&#8243; all_font=\u00bb|600|||||||\u00bb all_use_icon=\u00bboff\u00bb max_width=\u00bb78%\u00bb max_width_tablet=\u00bb100%\u00bb max_width_phone=\u00bb\u00bb max_width_last_edited=\u00bbon|desktop\u00bb module_alignment=\u00bbcenter\u00bb global_colors_info=\u00bb{}\u00bb all_bg_color__hover_enabled=\u00bbon|hover\u00bb all_bg_color__hover=\u00bb#535353&#8243; all_bg_enable_color__hover=\u00bbon\u00bb][\/dipi_gravity_forms_styler][\/et_pb_column][\/et_pb_row][\/et_pb_section]<\/p>\n","protected":false},"excerpt":{"rendered":"<p>Herramienta de investigaci\u00f3n basada en la voz para evaluar riesgo y enga\u00f1o. Para contextos de seguridad, rrhh y cumplimiento normativo.<\/p>\n","protected":false},"author":2,"featured_media":25853439,"parent":25843888,"menu_order":0,"comment_status":"closed","ping_status":"closed","template":"","meta":{"_et_pb_use_builder":"on","_et_pb_old_content":"","_et_gb_content_width":"","footnotes":""},"dipi_cpt_category":[],"class_list":["post-25853450","page","type-page","status-publish","has-post-thumbnail","hentry"],"_links":{"self":[{"href":"https:\/\/ack3.eu\/es\/wp-json\/wp\/v2\/pages\/25853450","targetHints":{"allow":["GET"]}}],"collection":[{"href":"https:\/\/ack3.eu\/es\/wp-json\/wp\/v2\/pages"}],"about":[{"href":"https:\/\/ack3.eu\/es\/wp-json\/wp\/v2\/types\/page"}],"author":[{"embeddable":true,"href":"https:\/\/ack3.eu\/es\/wp-json\/wp\/v2\/users\/2"}],"replies":[{"embeddable":true,"href":"https:\/\/ack3.eu\/es\/wp-json\/wp\/v2\/comments?post=25853450"}],"version-history":[{"count":0,"href":"https:\/\/ack3.eu\/es\/wp-json\/wp\/v2\/pages\/25853450\/revisions"}],"up":[{"embeddable":true,"href":"https:\/\/ack3.eu\/es\/wp-json\/wp\/v2\/pages\/25843888"}],"wp:featuredmedia":[{"embeddable":true,"href":"https:\/\/ack3.eu\/es\/wp-json\/wp\/v2\/media\/25853439"}],"wp:attachment":[{"href":"https:\/\/ack3.eu\/es\/wp-json\/wp\/v2\/media?parent=25853450"}],"wp:term":[{"taxonomy":"dipi_cpt_category","embeddable":true,"href":"https:\/\/ack3.eu\/es\/wp-json\/wp\/v2\/dipi_cpt_category?post=25853450"}],"curies":[{"name":"wp","href":"https:\/\/api.w.org\/{rel}","templated":true}]}}