{"id":25851276,"date":"2025-02-12T10:15:31","date_gmt":"2025-02-12T09:15:31","guid":{"rendered":"https:\/\/ack3.eu\/?page_id=25851276"},"modified":"2025-05-13T11:49:51","modified_gmt":"2025-05-13T09:49:51","slug":"gestion-cambio","status":"publish","type":"page","link":"https:\/\/ack3.eu\/es\/servicios\/consultoria-estrategica-de-riesgos\/gestion-cambio\/","title":{"rendered":"Gesti\u00f3n del cambio"},"content":{"rendered":"<p>[et_pb_section fb_built=\u00bb1&#8243; _builder_version=\u00bb4.24.0&#8243; _module_preset=\u00bbdefault\u00bb background_color=\u00bb#000000&#8243; background_pattern_repeat_origin=\u00bbcenter\u00bb custom_padding=\u00bb13px||13px||true|false\u00bb saved_tabs=\u00bball\u00bb locked=\u00bboff\u00bb global_colors_info=\u00bb{}\u00bb][et_pb_row _builder_version=\u00bb4.24.0&#8243; _module_preset=\u00bb32edda46-f9f8-4bcc-acb6-81abff8182ae\u00bb custom_margin=\u00bb||0px||false|false\u00bb custom_padding=\u00bb4px||4px||true|false\u00bb global_colors_info=\u00bb{}\u00bb][et_pb_column type=\u00bb4_4&#8243; _builder_version=\u00bb4.20.4&#8243; _module_preset=\u00bbdefault\u00bb global_colors_info=\u00bb{}\u00bb][dipi_breadcrumbs bc_home_text=\u00bbHome\u00bb bc_home_url=\u00bb\/\u00bb bc_items_alignment=\u00bbdipi-bc-left\u00bb bc_item_padding=\u00bb|10px||10px|false|true\u00bb bc_active_item_padding=\u00bb|20px||10px|true|false\u00bb _builder_version=\u00bb4.24.0&#8243; _module_preset=\u00bbdefault\u00bb active_text_color=\u00bb#BADFF7&#8243; global_colors_info=\u00bb{}\u00bb][\/dipi_breadcrumbs][\/et_pb_column][\/et_pb_row][\/et_pb_section][et_pb_section fb_built=\u00bb1&#8243; _builder_version=\u00bb4.24.0&#8243; _module_preset=\u00bbdefault\u00bb locked=\u00bboff\u00bb global_colors_info=\u00bb{}\u00bb][et_pb_row _builder_version=\u00bb4.24.0&#8243; _module_preset=\u00bbdefault\u00bb locked=\u00bboff\u00bb global_colors_info=\u00bb{}\u00bb][et_pb_column type=\u00bb4_4&#8243; _builder_version=\u00bb4.24.0&#8243; _module_preset=\u00bbdefault\u00bb global_colors_info=\u00bb{}\u00bb][et_pb_text _builder_version=\u00bb4.27.4&#8243; _module_preset=\u00bb13ddcc34-f131-47ca-8026-edc37a2f8af8&#8243; global_colors_info=\u00bb{}\u00bb]<\/p>\n<h1 style=\"text-align: center;\">Gesti\u00f3n del cambio<\/h1>\n<p style=\"text-align: center;\">Nuestro servicio de gesti\u00f3n del cambio est\u00e1 dise\u00f1ado para ayudar a las empresas a gestionar transiciones de manera eficaz, especialmente en entornos din\u00e1micos y de alto riesgo. A trav\u00e9s de enfoques estructurados, mitigaci\u00f3n de riesgos y alineaci\u00f3n organizacional, empoderamos a las compa\u00f1\u00edas para adaptarse y prosperar. En <strong data-start=\"352\" data-end=\"360\">ACK3<\/strong>, trabajamos de cerca contigo para<strong> evaluar el impacto del cambio, desarrollar estrategias personalizadas y ejecutar transiciones fluidas<\/strong> que refuercen la resiliencia y el \u00e9xito a largo plazo.<\/p>\n<h3>\u00a0<\/h3>\n<p>[\/et_pb_text][\/et_pb_column][\/et_pb_row][et_pb_row column_structure=\u00bb1_2,1_2&#8243; module_class=\u00bbagf-vertical-align\u00bb _builder_version=\u00bb4.24.0&#8243; _module_preset=\u00bbdefault\u00bb custom_padding=\u00bb||||false|false\u00bb global_colors_info=\u00bb{}\u00bb][et_pb_column type=\u00bb1_2&#8243; _builder_version=\u00bb4.24.0&#8243; _module_preset=\u00bbdefault\u00bb global_colors_info=\u00bb{}\u00bb][et_pb_text _builder_version=\u00bb4.27.4&#8243; _module_preset=\u00bbdefault\u00bb background_color=\u00bb#F6FAFD\u00bb custom_padding=\u00bb30px|30px|30px|30px|true|true\u00bb border_radii=\u00bbon|3px|3px|3px|3px\u00bb box_shadow_style=\u00bbpreset4&#8243; box_shadow_horizontal=\u00bb7px\u00bb box_shadow_vertical=\u00bb7px\u00bb box_shadow_color=\u00bb#BADFF7&#8243; global_colors_info=\u00bb{}\u00bb]<\/p>\n<h2 data-start=\"558\" data-end=\"594\">\u00bfQu\u00e9 es la gesti\u00f3n del cambio?<\/h2>\n<p class=\"\" data-start=\"595\" data-end=\"827\">La gesti\u00f3n del cambio es un proceso estructurado que gu\u00eda a las organizaciones a trav\u00e9s de transformaciones, ya sea impulsadas por cambios en el mercado, nuevas regulaciones, riesgos geopol\u00edticos o reestructuraciones internas. Este proceso incluye la <strong>evaluaci\u00f3n de impactos potenciales, la preparaci\u00f3n de los stakeholders y la implementaci\u00f3n de estrategias<\/strong> que minimicen interrupciones y maximicen resultados positivos. En <strong data-start=\"1025\" data-end=\"1033\">ACK3<\/strong>, vamos m\u00e1s all\u00e1 de la consultor\u00eda convencional al integrar la mitigaci\u00f3n de riesgos en cada fase del cambio, asegurando que tu organizaci\u00f3n est\u00e9 preparada para afrontar la incertidumbre con confianza.<\/p>\n<p>[\/et_pb_text][\/et_pb_column][et_pb_column type=\u00bb1_2&#8243; _builder_version=\u00bb4.24.0&#8243; _module_preset=\u00bbdefault\u00bb global_colors_info=\u00bb{}\u00bb][et_pb_image src=\u00bbhttps:\/\/ack3.eu\/wp-content\/uploads\/2024\/01\/Strategic-Risk-Consulting-image.webp\u00bb title_text=\u00bbStrategic-Risk-Consulting-image\u00bb _builder_version=\u00bb4.27.4&#8243; _module_preset=\u00bbdefault\u00bb global_colors_info=\u00bb{}\u00bb][\/et_pb_image][\/et_pb_column][\/et_pb_row][et_pb_row _builder_version=\u00bb4.24.0&#8243; _module_preset=\u00bbdefault\u00bb global_colors_info=\u00bb{}\u00bb][et_pb_column type=\u00bb4_4&#8243; _builder_version=\u00bb4.24.0&#8243; _module_preset=\u00bbdefault\u00bb global_colors_info=\u00bb{}\u00bb][et_pb_text _builder_version=\u00bb4.27.4&#8243; _module_preset=\u00bbdefault\u00bb hover_enabled=\u00bb0&#8243; global_colors_info=\u00bb{}\u00bb sticky_enabled=\u00bb0&#8243;]<\/p>\n<h3 class=\"\" data-start=\"1241\" data-end=\"1291\">Garantiza una transici\u00f3n fluida y resiliente<\/h3>\n<p class=\"\" data-start=\"1292\" data-end=\"1598\">Con <strong data-start=\"1296\" data-end=\"1304\">ACK3<\/strong> como socio estrat\u00e9gico, accedes a un equipo de expertos con amplia experiencia en la gesti\u00f3n del cambio en entornos complejos y de alto riesgo. Adoptamos un enfoque pr\u00e1ctico, entendiendo a fondo tu entorno empresarial, los desaf\u00edos normativos y los riesgos operativos. Nuestro enfoque incluye:<\/p>\n<ul data-start=\"1600\" data-end=\"3024\">\n<li class=\"\" data-start=\"1600\" data-end=\"1858\">\n<p class=\"\" data-start=\"1602\" data-end=\"1858\"><strong data-start=\"1602\" data-end=\"1642\">Planificaci\u00f3n estrat\u00e9gica del cambio<\/strong>: Te ayudamos a definir objetivos claros para las iniciativas de cambio, asegurando la alineaci\u00f3n con tu visi\u00f3n a largo plazo y abordando los riesgos asociados a la volatilidad del mercado y los cambios operativos.<\/p>\n<\/li>\n<li class=\"\" data-start=\"1859\" data-end=\"2056\">\n<p class=\"\" data-start=\"1861\" data-end=\"2056\"><strong data-start=\"1861\" data-end=\"1899\">Evaluaci\u00f3n y mitigaci\u00f3n de riesgos<\/strong>: Nuestro equipo realiza evaluaciones profundas para identificar posibles obst\u00e1culos y desarrollar estrategias proactivas que minimicen impactos negativos.<\/p>\n<\/li>\n<li class=\"\" data-start=\"2057\" data-end=\"2314\">\n<p class=\"\" data-start=\"2059\" data-end=\"2314\"><strong data-start=\"2059\" data-end=\"2093\">Compromiso de los stakeholders<\/strong>: Un cambio efectivo requiere compromiso a todos los niveles. Desarrollamos estrategias de comunicaci\u00f3n y formaci\u00f3n para asegurar que la direcci\u00f3n, los empleados y los stakeholders externos est\u00e9n alineados y preparados.<\/p>\n<\/li>\n<li class=\"\" data-start=\"2315\" data-end=\"2587\">\n<p class=\"\" data-start=\"2317\" data-end=\"2587\"><strong data-start=\"2317\" data-end=\"2374\">Planificaci\u00f3n de escenarios y preparaci\u00f3n ante crisis<\/strong>: Anticipamos distintos escenarios de cambio, desde alteraciones regulatorias hasta riesgos geopol\u00edticos, y creamos planes de contingencia para mantener la resiliencia de tu negocio bajo cualquier circunstancia.<\/p>\n<\/li>\n<li class=\"\" data-start=\"2588\" data-end=\"2789\">\n<p class=\"\" data-start=\"2590\" data-end=\"2789\"><strong data-start=\"2590\" data-end=\"2624\">Hoja de ruta de implementaci\u00f3n<\/strong>: Nuestras estrategias incluyen planes accionables con pasos claros, cronogramas y asignaci\u00f3n de recursos, garantizando una ejecuci\u00f3n fluida y resultados medibles.<\/p>\n<\/li>\n<li class=\"\" data-start=\"2790\" data-end=\"3024\">\n<p class=\"\" data-start=\"2792\" data-end=\"3024\"><strong data-start=\"2792\" data-end=\"2834\">Seguimiento del desempe\u00f1o y adaptaci\u00f3n<\/strong>: El cambio es un proceso continuo. Establecemos indicadores clave de rendimiento y mecanismos de retroalimentaci\u00f3n para refinar y optimizar constantemente tus estrategias de transformaci\u00f3n.<\/p>\n<\/li>\n<\/ul>\n<p data-start=\"3031\" data-end=\"3270\">\n<blockquote>\n<p class=\"\" data-start=\"3031\" data-end=\"3270\"><strong>Ya sea que tu organizaci\u00f3n est\u00e9 en proceso de reestructuraci\u00f3n, expansi\u00f3n, integraci\u00f3n de nuevas tecnolog\u00edas o adaptaci\u00f3n a riesgos externos, el servicio de gesti\u00f3n del cambio de ACK3 garantiza una transici\u00f3n fluida y sostenible. D\u00e9janos ayudarte a convertir los desaf\u00edos en oportunidades, alinear tus recursos con los objetivos estrat\u00e9gicos y construir una organizaci\u00f3n preparada para el futuro en un entorno empresarial en constante evoluci\u00f3n.<\/strong><\/p>\n<\/blockquote>\n<p>[\/et_pb_text][et_pb_divider _builder_version=\u00bb4.27.2&#8243; _module_preset=\u00bbdefault\u00bb global_colors_info=\u00bb{}\u00bb][\/et_pb_divider][\/et_pb_column][\/et_pb_row][et_pb_row _builder_version=\u00bb4.24.0&#8243; _module_preset=\u00bbdefault\u00bb global_module=\u00bb25840410&#8243; saved_tabs=\u00bball\u00bb locked=\u00bboff\u00bb global_colors_info=\u00bb{}\u00bb][et_pb_column type=\u00bb4_4&#8243; _builder_version=\u00bb4.24.0&#8243; _module_preset=\u00bbdefault\u00bb global_colors_info=\u00bb{}\u00bb][et_pb_text _builder_version=\u00bb4.24.0&#8243; _module_preset=\u00bbe9776427-b859-4288-b0a2-c7103567bb8c\u00bb global_colors_info=\u00bb{}\u00bb]<\/p>\n<p style=\"text-align: center;\">Cont\u00e1ctanos<\/p>\n<p>[\/et_pb_text][et_pb_text _builder_version=\u00bb4.24.0&#8243; _dynamic_attributes=\u00bbcontent\u00bb _module_preset=\u00bb13ddcc34-f131-47ca-8026-edc37a2f8af8&#8243; header_2_text_align=\u00bbcenter\u00bb custom_margin=\u00bb||5px||false|false\u00bb global_colors_info=\u00bb{}\u00bb]@ET-DC@eyJkeW5hbWljIjp0cnVlLCJjb250ZW50IjoicG9zdF90aXRsZSIsInNldHRpbmdzIjp7ImJlZm9yZSI6IjxoMj4gXHUwMGJmRXN0XHUwMGUxcyBpbnRlcmVzYWRvIGVuIGxvcyBzZXJ2aWNpb3MgZGUgIiwiYWZ0ZXIiOiIgZGUgQUNLMz88L2gyPiJ9fQ==@[\/et_pb_text][et_pb_text _builder_version=\u00bb4.24.0&#8243; _module_preset=\u00bb13ddcc34-f131-47ca-8026-edc37a2f8af8&#8243; global_colors_info=\u00bb{}\u00bb]<\/p>\n<p style=\"text-align: center;\">Ponte en contacto con nosotros completando el siguiente formulario:<\/p>\n<p>[\/et_pb_text][dipi_gravity_forms_styler gf_form_id=\u00bb1&#8243; form_title=\u00bbhide\u00bb _builder_version=\u00bb4.24.0&#8243; _module_preset=\u00bbdefault\u00bb form_title_font_size=\u00bb0px\u00bb field_label_font=\u00bbTrade Gothic LT Bold Extended||||||||\u00bb field_label_font_size=\u00bb15px\u00bb required_field_indicator_font_size=\u00bb15px\u00bb field_description_font_size=\u00bb16px\u00bb checkbox_radio_label_font_size=\u00bb17px\u00bb custom_all=\u00bbon\u00bb all_text_size=\u00bb17px\u00bb all_bg_color=\u00bb#000000&#8243; all_font=\u00bb|600|||||||\u00bb all_use_icon=\u00bboff\u00bb max_width=\u00bb78%\u00bb max_width_tablet=\u00bb100%\u00bb max_width_phone=\u00bb100%\u00bb max_width_last_edited=\u00bbon|desktop\u00bb module_alignment=\u00bbcenter\u00bb global_colors_info=\u00bb{}\u00bb all_bg_color__hover_enabled=\u00bbon|hover\u00bb all_bg_color__hover=\u00bb#535353&#8243; all_bg_enable_color__hover=\u00bbon\u00bb][\/dipi_gravity_forms_styler][\/et_pb_column][\/et_pb_row][\/et_pb_section]<\/p>\n","protected":false},"excerpt":{"rendered":"<p>Optimiza la gesti\u00f3n del cambio con ACK3: estrategias seguras, mitigaci\u00f3n de riesgos y transiciones exitosas en entornos din\u00e1micos.<\/p>\n","protected":false},"author":2,"featured_media":0,"parent":25844083,"menu_order":0,"comment_status":"closed","ping_status":"closed","template":"","meta":{"_et_pb_use_builder":"on","_et_pb_old_content":"","_et_gb_content_width":"","footnotes":""},"dipi_cpt_category":[],"class_list":["post-25851276","page","type-page","status-publish","hentry"],"_links":{"self":[{"href":"https:\/\/ack3.eu\/es\/wp-json\/wp\/v2\/pages\/25851276","targetHints":{"allow":["GET"]}}],"collection":[{"href":"https:\/\/ack3.eu\/es\/wp-json\/wp\/v2\/pages"}],"about":[{"href":"https:\/\/ack3.eu\/es\/wp-json\/wp\/v2\/types\/page"}],"author":[{"embeddable":true,"href":"https:\/\/ack3.eu\/es\/wp-json\/wp\/v2\/users\/2"}],"replies":[{"embeddable":true,"href":"https:\/\/ack3.eu\/es\/wp-json\/wp\/v2\/comments?post=25851276"}],"version-history":[{"count":0,"href":"https:\/\/ack3.eu\/es\/wp-json\/wp\/v2\/pages\/25851276\/revisions"}],"up":[{"embeddable":true,"href":"https:\/\/ack3.eu\/es\/wp-json\/wp\/v2\/pages\/25844083"}],"wp:attachment":[{"href":"https:\/\/ack3.eu\/es\/wp-json\/wp\/v2\/media?parent=25851276"}],"wp:term":[{"taxonomy":"dipi_cpt_category","embeddable":true,"href":"https:\/\/ack3.eu\/es\/wp-json\/wp\/v2\/dipi_cpt_category?post=25851276"}],"curies":[{"name":"wp","href":"https:\/\/api.w.org\/{rel}","templated":true}]}}